{"id":199275,"date":"2023-04-10T06:06:26","date_gmt":"2023-04-10T04:06:26","guid":{"rendered":"https:\/\/marktxxl.de\/markt\/produkt\/hanes-damen-socken-10er-pack\/"},"modified":"2023-04-11T05:36:59","modified_gmt":"2023-04-11T03:36:59","slug":"hanes-damen-socken-10er-pack","status":"publish","type":"product","link":"https:\/\/marktxxl.de\/markt\/produkt\/hanes-damen-socken-10er-pack\/","title":{"rendered":"Hanes Damen Socken (10er Pack)"},"content":{"rendered":"<p>Ausgezeichnete Passform \u2013 Hergestellt mit einem Hauch von weichem und dehnbarem Spandex, passt sich sanft der Form des Fu\u00dfes an.<br \/>\nHalten Sie Ihre K\u00fchl \u2013 Cool-Komfort-Material leitet Feuchtigkeit ab, damit Ihre F\u00fc\u00dfe den ganzen Tag k\u00fchl und trocken bleiben.<br \/>\nKomfort, den Sie verdienen \u2013 Die gepolsterte Unterseite macht diese gepolsterten Socken zu einer sicheren Wahl f\u00fcr den t\u00e4glichen Gebrauch, von der Arbeit, beim Spielen, im Fitnessstudio, beim Sport und dar\u00fcber hinaus.<br \/>\nLanglebig \u2013 Verst\u00e4rkte Ferse und Zehen f\u00fcr zus\u00e4tzliche Haltbarkeit und Langlebigkeit<br \/>\nGlatte N\u00e4hte \u2013 Komfort-Zehenn\u00e4hte sind unsere glattesten N\u00e4hte;Umweltfreundlich: Hergestellt aus EcoSmart-Stoff, das recycelte Fasern enth\u00e4lt;PFLEGELEICHT &#8211; Werfen Sie Ihre neuen Socken direkt in die Waschmaschine. Kalt waschen und sparen!<br \/>\n<div class=\"main-cross-sell\" data-asin=\"B0B6DR7DBJ\">\n\n\t<div class=\"WooZone-cross-sell-loader\">\n\t\t<div>\n\t\t\t<div id=\"floatingBarsG\">\n\t\t\t\t<div class=\"blockG\" id=\"rotateG_01\"><\/div>\n\t\t\t\t<div class=\"blockG\" id=\"rotateG_02\"><\/div>\n\t\t\t\t<div class=\"blockG\" id=\"rotateG_03\"><\/div>\n\t\t\t\t<div class=\"blockG\" id=\"rotateG_04\"><\/div>\n\t\t\t\t<div class=\"blockG\" id=\"rotateG_05\"><\/div>\n\t\t\t\t<div class=\"blockG\" id=\"rotateG_06\"><\/div>\n\t\t\t\t<div class=\"blockG\" id=\"rotateG_07\"><\/div>\n\t\t\t\t<div class=\"blockG\" id=\"rotateG_08\"><\/div>\n\t\t\t<\/div>\n\t\t\t<div class=\"WooZone-cross-sell-loader-text\"><\/div>\n\t\t<\/div>\n\t<\/div>\n\n\t\t\n<\/div>\n<div style=\"clear:both;\"><\/div><\/p>\n","protected":false},"excerpt":{"rendered":"<p>Ausgezeichnete Passform \u2013 Hergestellt mit einem Hauch von weichem und dehnbarem Spandex, passt sich sanft der Form des Fu\u00dfes an.<br \/>\nHalten Sie Ihre K\u00fchl \u2013 Cool-Komfort-Material leitet Feuchtigkeit ab, damit Ihre F\u00fc\u00dfe den ganzen Tag k\u00fchl und trocken bleiben.<br \/>\nKomfort, den Sie verdienen \u2013 Die gepolsterte Unterseite macht diese gepolsterten Socken zu einer sicheren Wahl f\u00fcr den t\u00e4glichen Gebrauch, von der Arbeit, beim Spielen, im Fitnessstudio, beim Sport und dar\u00fcber hinaus.<\/p>\n","protected":false},"featured_media":199276,"comment_status":"open","ping_status":"closed","template":"","meta":[],"product_brand":[],"product_cat":[1186,3920],"product_tag":[],"class_list":{"0":"post-199275","1":"product","2":"type-product","3":"status-publish","4":"has-post-thumbnail","6":"product_cat-bekleidung","7":"product_cat-damen","8":"pa_binding-textilien","9":"pa_brand-hanes","10":"pa_color-weiss","11":"pa_height-1-zoll","12":"pa_length-13-zoll","13":"pa_manufacturer-hanes-womens-socks","14":"pa_model-650-10","15":"pa_size-43-46","16":"pa_width-8-zoll","18":"first","19":"instock","20":"shipping-taxable","21":"purchasable","22":"product-type-simple","23":"customify-col","24":"product-has-gallery"},"yoast_head":"<!-- This site is optimized with the Yoast SEO plugin v27.3 - https:\/\/yoast.com\/product\/yoast-seo-wordpress\/ -->\n<title>Hanes Damen Socken (10er Pack) - Markt-XXL<\/title>\n<meta name=\"description\" content=\"Markt-XXL Hanes Damen Socken (10er Pack)\" \/>\n<meta name=\"robots\" content=\"index, follow, max-snippet:-1, max-image-preview:large, max-video-preview:-1\" \/>\n<link rel=\"canonical\" href=\"https:\/\/marktxxl.de\/markt\/produkt\/hanes-damen-socken-10er-pack\/\" \/>\n<meta property=\"og:locale\" content=\"de_DE\" \/>\n<meta property=\"og:type\" content=\"article\" \/>\n<meta property=\"og:title\" content=\"Hanes Damen Socken (10er Pack) - Markt-XXL\" \/>\n<meta property=\"og:description\" content=\"Markt-XXL Hanes Damen Socken (10er Pack)\" \/>\n<meta property=\"og:url\" content=\"https:\/\/marktxxl.de\/markt\/produkt\/hanes-damen-socken-10er-pack\/\" \/>\n<meta property=\"og:site_name\" content=\"Markt-XXL\" \/>\n<meta property=\"article:modified_time\" content=\"2023-04-11T03:36:59+00:00\" \/>\n<meta property=\"og:image\" content=\"https:\/\/m.media-amazon.com\/images\/I\/31gFir1sHuL._SL500_.jpg\" \/>\n\t<meta property=\"og:image:width\" content=\"500\" \/>\n\t<meta property=\"og:image:height\" content=\"500\" \/>\n\t<meta property=\"og:image:type\" content=\"image\/jpeg\" \/>\n<meta name=\"twitter:card\" content=\"summary_large_image\" \/>\n<meta name=\"twitter:label1\" content=\"Gesch\u00e4tzte Lesezeit\" \/>\n\t<meta name=\"twitter:data1\" content=\"1\u00a0Minute\" \/>\n<script type=\"application\/ld+json\" class=\"yoast-schema-graph\">{\"@context\":\"https:\\\/\\\/schema.org\",\"@graph\":[{\"@type\":\"WebPage\",\"@id\":\"https:\\\/\\\/marktxxl.de\\\/markt\\\/produkt\\\/hanes-damen-socken-10er-pack\\\/\",\"url\":\"https:\\\/\\\/marktxxl.de\\\/markt\\\/produkt\\\/hanes-damen-socken-10er-pack\\\/\",\"name\":\"Hanes Damen Socken (10er Pack) - Markt-XXL\",\"isPartOf\":{\"@id\":\"https:\\\/\\\/marktxxl.de\\\/markt\\\/#website\"},\"primaryImageOfPage\":{\"@id\":\"https:\\\/\\\/marktxxl.de\\\/markt\\\/produkt\\\/hanes-damen-socken-10er-pack\\\/#primaryimage\"},\"image\":{\"@id\":\"https:\\\/\\\/marktxxl.de\\\/markt\\\/produkt\\\/hanes-damen-socken-10er-pack\\\/#primaryimage\"},\"thumbnailUrl\":\"https:\\\/\\\/m.media-amazon.com\\\/images\\\/I\\\/31gFir1sHuL._SL500_.jpg\",\"datePublished\":\"2023-04-10T04:06:26+00:00\",\"dateModified\":\"2023-04-11T03:36:59+00:00\",\"description\":\"Markt-XXL Hanes Damen Socken (10er Pack)\",\"breadcrumb\":{\"@id\":\"https:\\\/\\\/marktxxl.de\\\/markt\\\/produkt\\\/hanes-damen-socken-10er-pack\\\/#breadcrumb\"},\"inLanguage\":\"de\",\"potentialAction\":[{\"@type\":\"ReadAction\",\"target\":[\"https:\\\/\\\/marktxxl.de\\\/markt\\\/produkt\\\/hanes-damen-socken-10er-pack\\\/\"]}]},{\"@type\":\"ImageObject\",\"inLanguage\":\"de\",\"@id\":\"https:\\\/\\\/marktxxl.de\\\/markt\\\/produkt\\\/hanes-damen-socken-10er-pack\\\/#primaryimage\",\"url\":\"https:\\\/\\\/m.media-amazon.com\\\/images\\\/I\\\/31gFir1sHuL._SL500_.jpg\",\"contentUrl\":\"https:\\\/\\\/m.media-amazon.com\\\/images\\\/I\\\/31gFir1sHuL._SL500_.jpg\",\"width\":500,\"height\":500},{\"@type\":\"BreadcrumbList\",\"@id\":\"https:\\\/\\\/marktxxl.de\\\/markt\\\/produkt\\\/hanes-damen-socken-10er-pack\\\/#breadcrumb\",\"itemListElement\":[{\"@type\":\"ListItem\",\"position\":1,\"name\":\"Startseite\",\"item\":\"https:\\\/\\\/marktxxl.de\\\/markt\\\/\"},{\"@type\":\"ListItem\",\"position\":2,\"name\":\"Markt\",\"item\":\"https:\\\/\\\/marktxxl.de\\\/markt\\\/\"},{\"@type\":\"ListItem\",\"position\":3,\"name\":\"Hanes Damen Socken (10er Pack)\"}]},{\"@type\":\"WebSite\",\"@id\":\"https:\\\/\\\/marktxxl.de\\\/markt\\\/#website\",\"url\":\"https:\\\/\\\/marktxxl.de\\\/markt\\\/\",\"name\":\"Markt-XXL\",\"description\":\"Ihr Markt Online\",\"publisher\":{\"@id\":\"https:\\\/\\\/marktxxl.de\\\/markt\\\/#organization\"},\"potentialAction\":[{\"@type\":\"SearchAction\",\"target\":{\"@type\":\"EntryPoint\",\"urlTemplate\":\"https:\\\/\\\/marktxxl.de\\\/markt\\\/?s={search_term_string}\"},\"query-input\":{\"@type\":\"PropertyValueSpecification\",\"valueRequired\":true,\"valueName\":\"search_term_string\"}}],\"inLanguage\":\"de\"},{\"@type\":\"Organization\",\"@id\":\"https:\\\/\\\/marktxxl.de\\\/markt\\\/#organization\",\"name\":\"Markt-XXL\",\"url\":\"https:\\\/\\\/marktxxl.de\\\/markt\\\/\",\"logo\":{\"@type\":\"ImageObject\",\"inLanguage\":\"de\",\"@id\":\"https:\\\/\\\/marktxxl.de\\\/markt\\\/#\\\/schema\\\/logo\\\/image\\\/\",\"url\":\"https:\\\/\\\/marktxxl.de\\\/markt\\\/wp-content\\\/uploads\\\/sites\\\/3\\\/2020\\\/12\\\/logo.png\",\"contentUrl\":\"https:\\\/\\\/marktxxl.de\\\/markt\\\/wp-content\\\/uploads\\\/sites\\\/3\\\/2020\\\/12\\\/logo.png\",\"width\":200,\"height\":70,\"caption\":\"Markt-XXL\"},\"image\":{\"@id\":\"https:\\\/\\\/marktxxl.de\\\/markt\\\/#\\\/schema\\\/logo\\\/image\\\/\"}}]}<\/script>\n<!-- \/ Yoast SEO plugin. -->","yoast_head_json":{"title":"Hanes Damen Socken (10er Pack) - Markt-XXL","description":"Markt-XXL Hanes Damen Socken (10er Pack)","robots":{"index":"index","follow":"follow","max-snippet":"max-snippet:-1","max-image-preview":"max-image-preview:large","max-video-preview":"max-video-preview:-1"},"canonical":"https:\/\/marktxxl.de\/markt\/produkt\/hanes-damen-socken-10er-pack\/","og_locale":"de_DE","og_type":"article","og_title":"Hanes Damen Socken (10er Pack) - Markt-XXL","og_description":"Markt-XXL Hanes Damen Socken (10er Pack)","og_url":"https:\/\/marktxxl.de\/markt\/produkt\/hanes-damen-socken-10er-pack\/","og_site_name":"Markt-XXL","article_modified_time":"2023-04-11T03:36:59+00:00","og_image":[{"width":500,"height":500,"url":"https:\/\/m.media-amazon.com\/images\/I\/31gFir1sHuL._SL500_.jpg","type":"image\/jpeg"}],"twitter_card":"summary_large_image","twitter_misc":{"Gesch\u00e4tzte Lesezeit":"1\u00a0Minute"},"schema":{"@context":"https:\/\/schema.org","@graph":[{"@type":"WebPage","@id":"https:\/\/marktxxl.de\/markt\/produkt\/hanes-damen-socken-10er-pack\/","url":"https:\/\/marktxxl.de\/markt\/produkt\/hanes-damen-socken-10er-pack\/","name":"Hanes Damen Socken (10er Pack) - Markt-XXL","isPartOf":{"@id":"https:\/\/marktxxl.de\/markt\/#website"},"primaryImageOfPage":{"@id":"https:\/\/marktxxl.de\/markt\/produkt\/hanes-damen-socken-10er-pack\/#primaryimage"},"image":{"@id":"https:\/\/marktxxl.de\/markt\/produkt\/hanes-damen-socken-10er-pack\/#primaryimage"},"thumbnailUrl":"https:\/\/m.media-amazon.com\/images\/I\/31gFir1sHuL._SL500_.jpg","datePublished":"2023-04-10T04:06:26+00:00","dateModified":"2023-04-11T03:36:59+00:00","description":"Markt-XXL Hanes Damen Socken (10er Pack)","breadcrumb":{"@id":"https:\/\/marktxxl.de\/markt\/produkt\/hanes-damen-socken-10er-pack\/#breadcrumb"},"inLanguage":"de","potentialAction":[{"@type":"ReadAction","target":["https:\/\/marktxxl.de\/markt\/produkt\/hanes-damen-socken-10er-pack\/"]}]},{"@type":"ImageObject","inLanguage":"de","@id":"https:\/\/marktxxl.de\/markt\/produkt\/hanes-damen-socken-10er-pack\/#primaryimage","url":"https:\/\/m.media-amazon.com\/images\/I\/31gFir1sHuL._SL500_.jpg","contentUrl":"https:\/\/m.media-amazon.com\/images\/I\/31gFir1sHuL._SL500_.jpg","width":500,"height":500},{"@type":"BreadcrumbList","@id":"https:\/\/marktxxl.de\/markt\/produkt\/hanes-damen-socken-10er-pack\/#breadcrumb","itemListElement":[{"@type":"ListItem","position":1,"name":"Startseite","item":"https:\/\/marktxxl.de\/markt\/"},{"@type":"ListItem","position":2,"name":"Markt","item":"https:\/\/marktxxl.de\/markt\/"},{"@type":"ListItem","position":3,"name":"Hanes Damen Socken (10er Pack)"}]},{"@type":"WebSite","@id":"https:\/\/marktxxl.de\/markt\/#website","url":"https:\/\/marktxxl.de\/markt\/","name":"Markt-XXL","description":"Ihr Markt Online","publisher":{"@id":"https:\/\/marktxxl.de\/markt\/#organization"},"potentialAction":[{"@type":"SearchAction","target":{"@type":"EntryPoint","urlTemplate":"https:\/\/marktxxl.de\/markt\/?s={search_term_string}"},"query-input":{"@type":"PropertyValueSpecification","valueRequired":true,"valueName":"search_term_string"}}],"inLanguage":"de"},{"@type":"Organization","@id":"https:\/\/marktxxl.de\/markt\/#organization","name":"Markt-XXL","url":"https:\/\/marktxxl.de\/markt\/","logo":{"@type":"ImageObject","inLanguage":"de","@id":"https:\/\/marktxxl.de\/markt\/#\/schema\/logo\/image\/","url":"https:\/\/marktxxl.de\/markt\/wp-content\/uploads\/sites\/3\/2020\/12\/logo.png","contentUrl":"https:\/\/marktxxl.de\/markt\/wp-content\/uploads\/sites\/3\/2020\/12\/logo.png","width":200,"height":70,"caption":"Markt-XXL"},"image":{"@id":"https:\/\/marktxxl.de\/markt\/#\/schema\/logo\/image\/"}}]}},"_links":{"self":[{"href":"https:\/\/marktxxl.de\/markt\/wp-json\/wp\/v2\/product\/199275","targetHints":{"allow":["GET"]}}],"collection":[{"href":"https:\/\/marktxxl.de\/markt\/wp-json\/wp\/v2\/product"}],"about":[{"href":"https:\/\/marktxxl.de\/markt\/wp-json\/wp\/v2\/types\/product"}],"replies":[{"embeddable":true,"href":"https:\/\/marktxxl.de\/markt\/wp-json\/wp\/v2\/comments?post=199275"}],"wp:featuredmedia":[{"embeddable":true,"href":"https:\/\/marktxxl.de\/markt\/wp-json\/wp\/v2\/media\/199276"}],"wp:attachment":[{"href":"https:\/\/marktxxl.de\/markt\/wp-json\/wp\/v2\/media?parent=199275"}],"wp:term":[{"taxonomy":"product_brand","embeddable":true,"href":"https:\/\/marktxxl.de\/markt\/wp-json\/wp\/v2\/product_brand?post=199275"},{"taxonomy":"product_cat","embeddable":true,"href":"https:\/\/marktxxl.de\/markt\/wp-json\/wp\/v2\/product_cat?post=199275"},{"taxonomy":"product_tag","embeddable":true,"href":"https:\/\/marktxxl.de\/markt\/wp-json\/wp\/v2\/product_tag?post=199275"}],"curies":[{"name":"wp","href":"https:\/\/api.w.org\/{rel}","templated":true}]}}