{"id":199263,"date":"2023-04-10T06:06:01","date_gmt":"2023-04-10T04:06:01","guid":{"rendered":"https:\/\/marktxxl.de\/markt\/produkt\/davlina-clint-eastwood-poncho-aus-alpakawolle-western-stil-einzigartig-und-handgefertigt-in-ecuador-dicke-warme-und-weiche-wollponcho\/"},"modified":"2023-04-11T05:36:59","modified_gmt":"2023-04-11T03:36:59","slug":"davlina-clint-eastwood-poncho-aus-alpakawolle-western-stil-einzigartig-und-handgefertigt-in-ecuador-dicke-warme-und-weiche-wollponcho","status":"publish","type":"product","link":"https:\/\/marktxxl.de\/markt\/produkt\/davlina-clint-eastwood-poncho-aus-alpakawolle-western-stil-einzigartig-und-handgefertigt-in-ecuador-dicke-warme-und-weiche-wollponcho\/","title":{"rendered":"DAVLINA, Clint Eastwood Poncho aus Alpakawolle, Western-Stil, einzigartig und handgefertigt in Ecuador. Dicke, warme und\u2026"},"content":{"rendered":"<p>CLINT Eastwood Poncho-Replika: Dieser weiche, bequeme und warme Poncho ist eine Nachbildung des ikonischen Ponchos, der von Clint Eastwood in &#8220;A fistful of Dollars&#8221;, &#8220;For a few Dollars more&#8221;, &#8220;The Good, The Bad and The Ugly&#8221; getragen wird. Dieser unglaublich weiche Poncho ist einzigartig entworfen und handgefertigt in Ecuador von erfahrenen lokalen Handwerkern.<br \/>\nHOCHWERTIGES ALPACA: Alpaka-Garn ist das feinste Garn der Welt. Es gilt aufgrund seiner einzigartigen Eigenschaften von Weichheit, Glanz, Leichtigkeit, Haltbarkeit und W\u00e4rme als eine der wenigen Luxus-Fasern.<br \/>\nLanglebig: Dieser bequeme Poncho besteht aus einer Mischung aus Alpakawolle (80 %) und Acryl (20 %). Das Acryl ist in die L\u00e4ngsgarne gemischt, so dass der Poncho seine Form beibehalten kann, w\u00e4hrend er leicht und sehr weich ist.<br \/>\nPerfektes Geschenk: Dieser unglaublich weiche und hochwertige Poncho ist das perfekte Geschenk f\u00fcr Sie oder Ihn. Ein wirklich einzigartiges Geschenk f\u00fcr Geburtstag, Vatertag oder jeden anderen besonderen Tag. Das perfekte Geschenk f\u00fcr einen Clint Eastwood-Fan<br \/>\nPflege: Handw\u00e4sche und Lufttrocknen. Feinwaschmittel verwenden. Nicht bleichen.<br \/>\n<div class=\"main-cross-sell\" data-asin=\"B09FLCJYWH\">\n\n\t<div class=\"WooZone-cross-sell-loader\">\n\t\t<div>\n\t\t\t<div id=\"floatingBarsG\">\n\t\t\t\t<div class=\"blockG\" id=\"rotateG_01\"><\/div>\n\t\t\t\t<div class=\"blockG\" id=\"rotateG_02\"><\/div>\n\t\t\t\t<div class=\"blockG\" id=\"rotateG_03\"><\/div>\n\t\t\t\t<div class=\"blockG\" id=\"rotateG_04\"><\/div>\n\t\t\t\t<div class=\"blockG\" id=\"rotateG_05\"><\/div>\n\t\t\t\t<div class=\"blockG\" id=\"rotateG_06\"><\/div>\n\t\t\t\t<div class=\"blockG\" id=\"rotateG_07\"><\/div>\n\t\t\t\t<div class=\"blockG\" id=\"rotateG_08\"><\/div>\n\t\t\t<\/div>\n\t\t\t<div class=\"WooZone-cross-sell-loader-text\"><\/div>\n\t\t<\/div>\n\t<\/div>\n\n\t\t\n<\/div>\n<div style=\"clear:both;\"><\/div><\/p>\n","protected":false},"excerpt":{"rendered":"<p>CLINT Eastwood Poncho-Replika: Dieser weiche, bequeme und warme Poncho ist eine Nachbildung des ikonischen Ponchos, der von Clint Eastwood in &#8220;A fistful of Dollars&#8221;, &#8220;For a few Dollars more&#8221;, &#8220;The Good, The Bad and The Ugly&#8221; getragen wird. Dieser unglaublich weiche Poncho ist einzigartig entworfen und handgefertigt in Ecuador von erfahrenen lokalen Handwerkern.<br \/>\nHOCHWERTIGES ALPACA: Alpaka-Garn ist das feinste Garn der Welt. Es gilt aufgrund seiner einzigartigen Eigenschaften von Weichheit, Glanz, Leichtigkeit, Haltbarkeit und W\u00e4rme als eine der wenigen Luxus-Fasern.<br \/>\nLanglebig: Dieser bequeme Poncho besteht aus einer Mischung aus Alpakawolle (80 %) und Acryl (20 %). Das Acryl ist in die L\u00e4ngsgarne gemischt, so dass der Poncho seine Form beibehalten kann, w\u00e4hrend er leicht und sehr weich ist.<\/p>\n","protected":false},"featured_media":199264,"comment_status":"open","ping_status":"closed","template":"","meta":[],"product_brand":[],"product_cat":[1186,3920],"product_tag":[],"class_list":{"0":"post-199263","1":"product","2":"type-product","3":"status-publish","4":"has-post-thumbnail","6":"product_cat-bekleidung","7":"product_cat-damen","8":"pa_brand-davlina","9":"pa_model-s","10":"pa_size-einheitsgroesse","12":"first","13":"instock","14":"shipping-taxable","15":"purchasable","16":"product-type-simple","17":"customify-col","18":"product-has-gallery"},"yoast_head":"<!-- This site is optimized with the Yoast SEO plugin v27.4 - https:\/\/yoast.com\/product\/yoast-seo-wordpress\/ -->\n<title>DAVLINA, Clint Eastwood Poncho aus Alpakawolle, Western-Stil, einzigartig und handgefertigt in Ecuador. Dicke, warme und\u2026 - Markt-XXL<\/title>\n<meta name=\"description\" content=\"Markt-XXL DAVLINA, Clint Eastwood Poncho aus Alpakawolle, Western-Stil, einzigartig und handgefertigt in Ecuador. Dicke, warme und\u2026\" \/>\n<meta name=\"robots\" content=\"index, follow, max-snippet:-1, max-image-preview:large, max-video-preview:-1\" \/>\n<link rel=\"canonical\" href=\"https:\/\/marktxxl.de\/markt\/produkt\/davlina-clint-eastwood-poncho-aus-alpakawolle-western-stil-einzigartig-und-handgefertigt-in-ecuador-dicke-warme-und-weiche-wollponcho\/\" \/>\n<meta property=\"og:locale\" content=\"de_DE\" \/>\n<meta property=\"og:type\" content=\"article\" \/>\n<meta property=\"og:title\" content=\"DAVLINA, Clint Eastwood Poncho aus Alpakawolle, Western-Stil, einzigartig und handgefertigt in Ecuador. Dicke, warme und\u2026 - Markt-XXL\" \/>\n<meta property=\"og:description\" content=\"Markt-XXL DAVLINA, Clint Eastwood Poncho aus Alpakawolle, Western-Stil, einzigartig und handgefertigt in Ecuador. Dicke, warme und\u2026\" \/>\n<meta property=\"og:url\" content=\"https:\/\/marktxxl.de\/markt\/produkt\/davlina-clint-eastwood-poncho-aus-alpakawolle-western-stil-einzigartig-und-handgefertigt-in-ecuador-dicke-warme-und-weiche-wollponcho\/\" \/>\n<meta property=\"og:site_name\" content=\"Markt-XXL\" \/>\n<meta property=\"article:modified_time\" content=\"2023-04-11T03:36:59+00:00\" \/>\n<meta property=\"og:image\" content=\"https:\/\/m.media-amazon.com\/images\/I\/41zIFzcg2UL._SL500_.jpg\" \/>\n\t<meta property=\"og:image:width\" content=\"375\" \/>\n\t<meta property=\"og:image:height\" content=\"500\" \/>\n\t<meta property=\"og:image:type\" content=\"image\/jpeg\" \/>\n<meta name=\"twitter:card\" content=\"summary_large_image\" \/>\n<meta name=\"twitter:label1\" content=\"Gesch\u00e4tzte Lesezeit\" \/>\n\t<meta name=\"twitter:data1\" content=\"1\u00a0Minute\" \/>\n<script type=\"application\/ld+json\" class=\"yoast-schema-graph\">{\"@context\":\"https:\\\/\\\/schema.org\",\"@graph\":[{\"@type\":\"WebPage\",\"@id\":\"https:\\\/\\\/marktxxl.de\\\/markt\\\/produkt\\\/davlina-clint-eastwood-poncho-aus-alpakawolle-western-stil-einzigartig-und-handgefertigt-in-ecuador-dicke-warme-und-weiche-wollponcho\\\/\",\"url\":\"https:\\\/\\\/marktxxl.de\\\/markt\\\/produkt\\\/davlina-clint-eastwood-poncho-aus-alpakawolle-western-stil-einzigartig-und-handgefertigt-in-ecuador-dicke-warme-und-weiche-wollponcho\\\/\",\"name\":\"DAVLINA, Clint Eastwood Poncho aus Alpakawolle, Western-Stil, einzigartig und handgefertigt in Ecuador. Dicke, warme und\u2026 - Markt-XXL\",\"isPartOf\":{\"@id\":\"https:\\\/\\\/marktxxl.de\\\/markt\\\/#website\"},\"primaryImageOfPage\":{\"@id\":\"https:\\\/\\\/marktxxl.de\\\/markt\\\/produkt\\\/davlina-clint-eastwood-poncho-aus-alpakawolle-western-stil-einzigartig-und-handgefertigt-in-ecuador-dicke-warme-und-weiche-wollponcho\\\/#primaryimage\"},\"image\":{\"@id\":\"https:\\\/\\\/marktxxl.de\\\/markt\\\/produkt\\\/davlina-clint-eastwood-poncho-aus-alpakawolle-western-stil-einzigartig-und-handgefertigt-in-ecuador-dicke-warme-und-weiche-wollponcho\\\/#primaryimage\"},\"thumbnailUrl\":\"https:\\\/\\\/m.media-amazon.com\\\/images\\\/I\\\/41zIFzcg2UL._SL500_.jpg\",\"datePublished\":\"2023-04-10T04:06:01+00:00\",\"dateModified\":\"2023-04-11T03:36:59+00:00\",\"description\":\"Markt-XXL DAVLINA, Clint Eastwood Poncho aus Alpakawolle, Western-Stil, einzigartig und handgefertigt in Ecuador. Dicke, warme und\u2026\",\"breadcrumb\":{\"@id\":\"https:\\\/\\\/marktxxl.de\\\/markt\\\/produkt\\\/davlina-clint-eastwood-poncho-aus-alpakawolle-western-stil-einzigartig-und-handgefertigt-in-ecuador-dicke-warme-und-weiche-wollponcho\\\/#breadcrumb\"},\"inLanguage\":\"de\",\"potentialAction\":[{\"@type\":\"ReadAction\",\"target\":[\"https:\\\/\\\/marktxxl.de\\\/markt\\\/produkt\\\/davlina-clint-eastwood-poncho-aus-alpakawolle-western-stil-einzigartig-und-handgefertigt-in-ecuador-dicke-warme-und-weiche-wollponcho\\\/\"]}]},{\"@type\":\"ImageObject\",\"inLanguage\":\"de\",\"@id\":\"https:\\\/\\\/marktxxl.de\\\/markt\\\/produkt\\\/davlina-clint-eastwood-poncho-aus-alpakawolle-western-stil-einzigartig-und-handgefertigt-in-ecuador-dicke-warme-und-weiche-wollponcho\\\/#primaryimage\",\"url\":\"https:\\\/\\\/m.media-amazon.com\\\/images\\\/I\\\/41zIFzcg2UL._SL500_.jpg\",\"contentUrl\":\"https:\\\/\\\/m.media-amazon.com\\\/images\\\/I\\\/41zIFzcg2UL._SL500_.jpg\",\"width\":375,\"height\":500},{\"@type\":\"BreadcrumbList\",\"@id\":\"https:\\\/\\\/marktxxl.de\\\/markt\\\/produkt\\\/davlina-clint-eastwood-poncho-aus-alpakawolle-western-stil-einzigartig-und-handgefertigt-in-ecuador-dicke-warme-und-weiche-wollponcho\\\/#breadcrumb\",\"itemListElement\":[{\"@type\":\"ListItem\",\"position\":1,\"name\":\"Startseite\",\"item\":\"https:\\\/\\\/marktxxl.de\\\/markt\\\/\"},{\"@type\":\"ListItem\",\"position\":2,\"name\":\"Markt\",\"item\":\"https:\\\/\\\/marktxxl.de\\\/markt\\\/\"},{\"@type\":\"ListItem\",\"position\":3,\"name\":\"DAVLINA, Clint Eastwood Poncho aus Alpakawolle, Western-Stil, einzigartig und handgefertigt in Ecuador. Dicke, warme und\u2026\"}]},{\"@type\":\"WebSite\",\"@id\":\"https:\\\/\\\/marktxxl.de\\\/markt\\\/#website\",\"url\":\"https:\\\/\\\/marktxxl.de\\\/markt\\\/\",\"name\":\"Markt-XXL\",\"description\":\"Ihr Markt Online\",\"publisher\":{\"@id\":\"https:\\\/\\\/marktxxl.de\\\/markt\\\/#organization\"},\"potentialAction\":[{\"@type\":\"SearchAction\",\"target\":{\"@type\":\"EntryPoint\",\"urlTemplate\":\"https:\\\/\\\/marktxxl.de\\\/markt\\\/?s={search_term_string}\"},\"query-input\":{\"@type\":\"PropertyValueSpecification\",\"valueRequired\":true,\"valueName\":\"search_term_string\"}}],\"inLanguage\":\"de\"},{\"@type\":\"Organization\",\"@id\":\"https:\\\/\\\/marktxxl.de\\\/markt\\\/#organization\",\"name\":\"Markt-XXL\",\"url\":\"https:\\\/\\\/marktxxl.de\\\/markt\\\/\",\"logo\":{\"@type\":\"ImageObject\",\"inLanguage\":\"de\",\"@id\":\"https:\\\/\\\/marktxxl.de\\\/markt\\\/#\\\/schema\\\/logo\\\/image\\\/\",\"url\":\"https:\\\/\\\/marktxxl.de\\\/markt\\\/wp-content\\\/uploads\\\/sites\\\/3\\\/2020\\\/12\\\/logo.png\",\"contentUrl\":\"https:\\\/\\\/marktxxl.de\\\/markt\\\/wp-content\\\/uploads\\\/sites\\\/3\\\/2020\\\/12\\\/logo.png\",\"width\":200,\"height\":70,\"caption\":\"Markt-XXL\"},\"image\":{\"@id\":\"https:\\\/\\\/marktxxl.de\\\/markt\\\/#\\\/schema\\\/logo\\\/image\\\/\"}}]}<\/script>\n<!-- \/ Yoast SEO plugin. -->","yoast_head_json":{"title":"DAVLINA, Clint Eastwood Poncho aus Alpakawolle, Western-Stil, einzigartig und handgefertigt in Ecuador. Dicke, warme und\u2026 - Markt-XXL","description":"Markt-XXL DAVLINA, Clint Eastwood Poncho aus Alpakawolle, Western-Stil, einzigartig und handgefertigt in Ecuador. Dicke, warme und\u2026","robots":{"index":"index","follow":"follow","max-snippet":"max-snippet:-1","max-image-preview":"max-image-preview:large","max-video-preview":"max-video-preview:-1"},"canonical":"https:\/\/marktxxl.de\/markt\/produkt\/davlina-clint-eastwood-poncho-aus-alpakawolle-western-stil-einzigartig-und-handgefertigt-in-ecuador-dicke-warme-und-weiche-wollponcho\/","og_locale":"de_DE","og_type":"article","og_title":"DAVLINA, Clint Eastwood Poncho aus Alpakawolle, Western-Stil, einzigartig und handgefertigt in Ecuador. Dicke, warme und\u2026 - Markt-XXL","og_description":"Markt-XXL DAVLINA, Clint Eastwood Poncho aus Alpakawolle, Western-Stil, einzigartig und handgefertigt in Ecuador. Dicke, warme und\u2026","og_url":"https:\/\/marktxxl.de\/markt\/produkt\/davlina-clint-eastwood-poncho-aus-alpakawolle-western-stil-einzigartig-und-handgefertigt-in-ecuador-dicke-warme-und-weiche-wollponcho\/","og_site_name":"Markt-XXL","article_modified_time":"2023-04-11T03:36:59+00:00","og_image":[{"width":375,"height":500,"url":"https:\/\/m.media-amazon.com\/images\/I\/41zIFzcg2UL._SL500_.jpg","type":"image\/jpeg"}],"twitter_card":"summary_large_image","twitter_misc":{"Gesch\u00e4tzte Lesezeit":"1\u00a0Minute"},"schema":{"@context":"https:\/\/schema.org","@graph":[{"@type":"WebPage","@id":"https:\/\/marktxxl.de\/markt\/produkt\/davlina-clint-eastwood-poncho-aus-alpakawolle-western-stil-einzigartig-und-handgefertigt-in-ecuador-dicke-warme-und-weiche-wollponcho\/","url":"https:\/\/marktxxl.de\/markt\/produkt\/davlina-clint-eastwood-poncho-aus-alpakawolle-western-stil-einzigartig-und-handgefertigt-in-ecuador-dicke-warme-und-weiche-wollponcho\/","name":"DAVLINA, Clint Eastwood Poncho aus Alpakawolle, Western-Stil, einzigartig und handgefertigt in Ecuador. Dicke, warme und\u2026 - Markt-XXL","isPartOf":{"@id":"https:\/\/marktxxl.de\/markt\/#website"},"primaryImageOfPage":{"@id":"https:\/\/marktxxl.de\/markt\/produkt\/davlina-clint-eastwood-poncho-aus-alpakawolle-western-stil-einzigartig-und-handgefertigt-in-ecuador-dicke-warme-und-weiche-wollponcho\/#primaryimage"},"image":{"@id":"https:\/\/marktxxl.de\/markt\/produkt\/davlina-clint-eastwood-poncho-aus-alpakawolle-western-stil-einzigartig-und-handgefertigt-in-ecuador-dicke-warme-und-weiche-wollponcho\/#primaryimage"},"thumbnailUrl":"https:\/\/m.media-amazon.com\/images\/I\/41zIFzcg2UL._SL500_.jpg","datePublished":"2023-04-10T04:06:01+00:00","dateModified":"2023-04-11T03:36:59+00:00","description":"Markt-XXL DAVLINA, Clint Eastwood Poncho aus Alpakawolle, Western-Stil, einzigartig und handgefertigt in Ecuador. Dicke, warme und\u2026","breadcrumb":{"@id":"https:\/\/marktxxl.de\/markt\/produkt\/davlina-clint-eastwood-poncho-aus-alpakawolle-western-stil-einzigartig-und-handgefertigt-in-ecuador-dicke-warme-und-weiche-wollponcho\/#breadcrumb"},"inLanguage":"de","potentialAction":[{"@type":"ReadAction","target":["https:\/\/marktxxl.de\/markt\/produkt\/davlina-clint-eastwood-poncho-aus-alpakawolle-western-stil-einzigartig-und-handgefertigt-in-ecuador-dicke-warme-und-weiche-wollponcho\/"]}]},{"@type":"ImageObject","inLanguage":"de","@id":"https:\/\/marktxxl.de\/markt\/produkt\/davlina-clint-eastwood-poncho-aus-alpakawolle-western-stil-einzigartig-und-handgefertigt-in-ecuador-dicke-warme-und-weiche-wollponcho\/#primaryimage","url":"https:\/\/m.media-amazon.com\/images\/I\/41zIFzcg2UL._SL500_.jpg","contentUrl":"https:\/\/m.media-amazon.com\/images\/I\/41zIFzcg2UL._SL500_.jpg","width":375,"height":500},{"@type":"BreadcrumbList","@id":"https:\/\/marktxxl.de\/markt\/produkt\/davlina-clint-eastwood-poncho-aus-alpakawolle-western-stil-einzigartig-und-handgefertigt-in-ecuador-dicke-warme-und-weiche-wollponcho\/#breadcrumb","itemListElement":[{"@type":"ListItem","position":1,"name":"Startseite","item":"https:\/\/marktxxl.de\/markt\/"},{"@type":"ListItem","position":2,"name":"Markt","item":"https:\/\/marktxxl.de\/markt\/"},{"@type":"ListItem","position":3,"name":"DAVLINA, Clint Eastwood Poncho aus Alpakawolle, Western-Stil, einzigartig und handgefertigt in Ecuador. Dicke, warme und\u2026"}]},{"@type":"WebSite","@id":"https:\/\/marktxxl.de\/markt\/#website","url":"https:\/\/marktxxl.de\/markt\/","name":"Markt-XXL","description":"Ihr Markt Online","publisher":{"@id":"https:\/\/marktxxl.de\/markt\/#organization"},"potentialAction":[{"@type":"SearchAction","target":{"@type":"EntryPoint","urlTemplate":"https:\/\/marktxxl.de\/markt\/?s={search_term_string}"},"query-input":{"@type":"PropertyValueSpecification","valueRequired":true,"valueName":"search_term_string"}}],"inLanguage":"de"},{"@type":"Organization","@id":"https:\/\/marktxxl.de\/markt\/#organization","name":"Markt-XXL","url":"https:\/\/marktxxl.de\/markt\/","logo":{"@type":"ImageObject","inLanguage":"de","@id":"https:\/\/marktxxl.de\/markt\/#\/schema\/logo\/image\/","url":"https:\/\/marktxxl.de\/markt\/wp-content\/uploads\/sites\/3\/2020\/12\/logo.png","contentUrl":"https:\/\/marktxxl.de\/markt\/wp-content\/uploads\/sites\/3\/2020\/12\/logo.png","width":200,"height":70,"caption":"Markt-XXL"},"image":{"@id":"https:\/\/marktxxl.de\/markt\/#\/schema\/logo\/image\/"}}]}},"_links":{"self":[{"href":"https:\/\/marktxxl.de\/markt\/wp-json\/wp\/v2\/product\/199263","targetHints":{"allow":["GET"]}}],"collection":[{"href":"https:\/\/marktxxl.de\/markt\/wp-json\/wp\/v2\/product"}],"about":[{"href":"https:\/\/marktxxl.de\/markt\/wp-json\/wp\/v2\/types\/product"}],"replies":[{"embeddable":true,"href":"https:\/\/marktxxl.de\/markt\/wp-json\/wp\/v2\/comments?post=199263"}],"wp:featuredmedia":[{"embeddable":true,"href":"https:\/\/marktxxl.de\/markt\/wp-json\/wp\/v2\/media\/199264"}],"wp:attachment":[{"href":"https:\/\/marktxxl.de\/markt\/wp-json\/wp\/v2\/media?parent=199263"}],"wp:term":[{"taxonomy":"product_brand","embeddable":true,"href":"https:\/\/marktxxl.de\/markt\/wp-json\/wp\/v2\/product_brand?post=199263"},{"taxonomy":"product_cat","embeddable":true,"href":"https:\/\/marktxxl.de\/markt\/wp-json\/wp\/v2\/product_cat?post=199263"},{"taxonomy":"product_tag","embeddable":true,"href":"https:\/\/marktxxl.de\/markt\/wp-json\/wp\/v2\/product_tag?post=199263"}],"curies":[{"name":"wp","href":"https:\/\/api.w.org\/{rel}","templated":true}]}}