{"id":199138,"date":"2023-04-10T05:59:34","date_gmt":"2023-04-10T03:59:34","guid":{"rendered":"https:\/\/marktxxl.de\/markt\/produkt\/decalmile-wandtattoo-kinderzimmer-baufahrzeug-baustelle-wandaufkleber-konstruktion-traktor-bagger-lastwagen-wandsticker-jungen-spielzimmer-wanddeko\/"},"modified":"2023-04-11T05:36:57","modified_gmt":"2023-04-11T03:36:57","slug":"decalmile-wandtattoo-kinderzimmer-baufahrzeug-baustelle-wandaufkleber-konstruktion-traktor-bagger-lastwagen-wandsticker-jungen-spielzimmer-wanddeko","status":"publish","type":"product","link":"https:\/\/marktxxl.de\/markt\/produkt\/decalmile-wandtattoo-kinderzimmer-baufahrzeug-baustelle-wandaufkleber-konstruktion-traktor-bagger-lastwagen-wandsticker-jungen-spielzimmer-wanddeko\/","title":{"rendered":"decalmile Wandtattoo Kinderzimmer Baufahrzeug Baustelle Wandaufkleber Konstruktion Traktor Bagger Lastwagen Wandsticker\u2026"},"content":{"rendered":"<p>Es kann auf jede saubere, trockene, nicht strukturierte glatte oberfl\u00e4che geklebt werden: w\u00e4nde, fenster, fliesen, m\u00f6bel, spiegel, sogar Ihre k\u00fchlschr\u00e4nke.<br \/>\ndecalmile wandaufkleber sind aus hochwertigem material gefertigt, leicht abziehbar und klebbar, entfernbar und wasserdicht.<br \/>\ndecalmile wandaufkleber konstruktion fahrzeuge sind ideal zum dekorieren von kinderzimmer jungen, babyzimmer, wohnzimmer, spielzimmer, klassenzimmer usw.<br \/>\nKommt in 8 Blatt, Blattgr\u00f6\u00dfe 21cm x 30cm(8,26&#8243; x 11,81&#8243;), es kann auch nach Ihrem Wunsch justiert werden.<br \/>\nWenn sie mit Ihrem kauf nicht zufrieden sind oder probleme bei der Installation haben, k\u00f6nnen sie sich gerne an uns wenden. Wir werden Ihnen innerhalb von 24 stunden antworten und Ihnen bei der l\u00f6sung von Problemen behilflich sein.<br \/>\n<div class=\"main-cross-sell\" data-asin=\"B09BBVCS46\">\n\n\t<div class=\"WooZone-cross-sell-loader\">\n\t\t<div>\n\t\t\t<div id=\"floatingBarsG\">\n\t\t\t\t<div class=\"blockG\" id=\"rotateG_01\"><\/div>\n\t\t\t\t<div class=\"blockG\" id=\"rotateG_02\"><\/div>\n\t\t\t\t<div class=\"blockG\" id=\"rotateG_03\"><\/div>\n\t\t\t\t<div class=\"blockG\" id=\"rotateG_04\"><\/div>\n\t\t\t\t<div class=\"blockG\" id=\"rotateG_05\"><\/div>\n\t\t\t\t<div class=\"blockG\" id=\"rotateG_06\"><\/div>\n\t\t\t\t<div class=\"blockG\" id=\"rotateG_07\"><\/div>\n\t\t\t\t<div class=\"blockG\" id=\"rotateG_08\"><\/div>\n\t\t\t<\/div>\n\t\t\t<div class=\"WooZone-cross-sell-loader-text\"><\/div>\n\t\t<\/div>\n\t<\/div>\n\n\t\t\n<\/div>\n<div style=\"clear:both;\"><\/div><\/p>\n","protected":false},"excerpt":{"rendered":"<p>Es kann auf jede saubere, trockene, nicht strukturierte glatte oberfl\u00e4che geklebt werden: w\u00e4nde, fenster, fliesen, m\u00f6bel, spiegel, sogar Ihre k\u00fchlschr\u00e4nke.<br \/>\ndecalmile wandaufkleber sind aus hochwertigem material gefertigt, leicht abziehbar und klebbar, entfernbar und wasserdicht.<br \/>\ndecalmile wandaufkleber konstruktion fahrzeuge sind ideal zum dekorieren von kinderzimmer jungen, babyzimmer, wohnzimmer, spielzimmer, klassenzimmer usw.<\/p>\n","protected":false},"featured_media":199139,"comment_status":"open","ping_status":"closed","template":"","meta":[],"product_brand":[],"product_cat":[1983,11212],"product_tag":[],"class_list":{"0":"post-199138","1":"product","2":"type-product","3":"status-publish","4":"has-post-thumbnail","6":"product_cat-baumarkt","7":"product_cat-malerbedarf-werkzeuge-tapeten","8":"pa_binding-haushaltswaren","9":"pa_brand-decalmile","10":"pa_color-multi","11":"pa_languages-unbekannt-latin-spanish","12":"pa_manufacturer-yanfeng","13":"pa_model-dm0826","15":"first","16":"instock","17":"shipping-taxable","18":"purchasable","19":"product-type-simple","20":"customify-col","21":"product-has-gallery"},"yoast_head":"<!-- This site is optimized with the Yoast SEO plugin v27.4 - https:\/\/yoast.com\/product\/yoast-seo-wordpress\/ -->\n<title>decalmile Wandtattoo Kinderzimmer Baufahrzeug Baustelle Wandaufkleber Konstruktion Traktor Bagger Lastwagen Wandsticker\u2026 - Markt-XXL<\/title>\n<meta name=\"description\" content=\"Markt-XXL decalmile Wandtattoo Kinderzimmer Baufahrzeug Baustelle Wandaufkleber Konstruktion Traktor Bagger Lastwagen Wandsticker\u2026\" \/>\n<meta name=\"robots\" content=\"index, follow, max-snippet:-1, max-image-preview:large, max-video-preview:-1\" \/>\n<link rel=\"canonical\" href=\"https:\/\/marktxxl.de\/markt\/produkt\/decalmile-wandtattoo-kinderzimmer-baufahrzeug-baustelle-wandaufkleber-konstruktion-traktor-bagger-lastwagen-wandsticker-jungen-spielzimmer-wanddeko\/\" \/>\n<meta property=\"og:locale\" content=\"de_DE\" \/>\n<meta property=\"og:type\" content=\"article\" \/>\n<meta property=\"og:title\" content=\"decalmile Wandtattoo Kinderzimmer Baufahrzeug Baustelle Wandaufkleber Konstruktion Traktor Bagger Lastwagen Wandsticker\u2026 - Markt-XXL\" \/>\n<meta property=\"og:description\" content=\"Markt-XXL decalmile Wandtattoo Kinderzimmer Baufahrzeug Baustelle Wandaufkleber Konstruktion Traktor Bagger Lastwagen Wandsticker\u2026\" \/>\n<meta property=\"og:url\" content=\"https:\/\/marktxxl.de\/markt\/produkt\/decalmile-wandtattoo-kinderzimmer-baufahrzeug-baustelle-wandaufkleber-konstruktion-traktor-bagger-lastwagen-wandsticker-jungen-spielzimmer-wanddeko\/\" \/>\n<meta property=\"og:site_name\" content=\"Markt-XXL\" \/>\n<meta property=\"article:modified_time\" content=\"2023-04-11T03:36:57+00:00\" \/>\n<meta property=\"og:image\" content=\"https:\/\/m.media-amazon.com\/images\/I\/51HoNwngCzL._SL500_.jpg\" \/>\n\t<meta property=\"og:image:width\" content=\"500\" \/>\n\t<meta property=\"og:image:height\" content=\"500\" \/>\n\t<meta property=\"og:image:type\" content=\"image\/jpeg\" \/>\n<meta name=\"twitter:card\" content=\"summary_large_image\" \/>\n<meta name=\"twitter:label1\" content=\"Gesch\u00e4tzte Lesezeit\" \/>\n\t<meta name=\"twitter:data1\" content=\"1\u00a0Minute\" \/>\n<script type=\"application\/ld+json\" class=\"yoast-schema-graph\">{\"@context\":\"https:\\\/\\\/schema.org\",\"@graph\":[{\"@type\":\"WebPage\",\"@id\":\"https:\\\/\\\/marktxxl.de\\\/markt\\\/produkt\\\/decalmile-wandtattoo-kinderzimmer-baufahrzeug-baustelle-wandaufkleber-konstruktion-traktor-bagger-lastwagen-wandsticker-jungen-spielzimmer-wanddeko\\\/\",\"url\":\"https:\\\/\\\/marktxxl.de\\\/markt\\\/produkt\\\/decalmile-wandtattoo-kinderzimmer-baufahrzeug-baustelle-wandaufkleber-konstruktion-traktor-bagger-lastwagen-wandsticker-jungen-spielzimmer-wanddeko\\\/\",\"name\":\"decalmile Wandtattoo Kinderzimmer Baufahrzeug Baustelle Wandaufkleber Konstruktion Traktor Bagger Lastwagen Wandsticker\u2026 - Markt-XXL\",\"isPartOf\":{\"@id\":\"https:\\\/\\\/marktxxl.de\\\/markt\\\/#website\"},\"primaryImageOfPage\":{\"@id\":\"https:\\\/\\\/marktxxl.de\\\/markt\\\/produkt\\\/decalmile-wandtattoo-kinderzimmer-baufahrzeug-baustelle-wandaufkleber-konstruktion-traktor-bagger-lastwagen-wandsticker-jungen-spielzimmer-wanddeko\\\/#primaryimage\"},\"image\":{\"@id\":\"https:\\\/\\\/marktxxl.de\\\/markt\\\/produkt\\\/decalmile-wandtattoo-kinderzimmer-baufahrzeug-baustelle-wandaufkleber-konstruktion-traktor-bagger-lastwagen-wandsticker-jungen-spielzimmer-wanddeko\\\/#primaryimage\"},\"thumbnailUrl\":\"https:\\\/\\\/m.media-amazon.com\\\/images\\\/I\\\/51HoNwngCzL._SL500_.jpg\",\"datePublished\":\"2023-04-10T03:59:34+00:00\",\"dateModified\":\"2023-04-11T03:36:57+00:00\",\"description\":\"Markt-XXL decalmile Wandtattoo Kinderzimmer Baufahrzeug Baustelle Wandaufkleber Konstruktion Traktor Bagger Lastwagen Wandsticker\u2026\",\"breadcrumb\":{\"@id\":\"https:\\\/\\\/marktxxl.de\\\/markt\\\/produkt\\\/decalmile-wandtattoo-kinderzimmer-baufahrzeug-baustelle-wandaufkleber-konstruktion-traktor-bagger-lastwagen-wandsticker-jungen-spielzimmer-wanddeko\\\/#breadcrumb\"},\"inLanguage\":\"de\",\"potentialAction\":[{\"@type\":\"ReadAction\",\"target\":[\"https:\\\/\\\/marktxxl.de\\\/markt\\\/produkt\\\/decalmile-wandtattoo-kinderzimmer-baufahrzeug-baustelle-wandaufkleber-konstruktion-traktor-bagger-lastwagen-wandsticker-jungen-spielzimmer-wanddeko\\\/\"]}]},{\"@type\":\"ImageObject\",\"inLanguage\":\"de\",\"@id\":\"https:\\\/\\\/marktxxl.de\\\/markt\\\/produkt\\\/decalmile-wandtattoo-kinderzimmer-baufahrzeug-baustelle-wandaufkleber-konstruktion-traktor-bagger-lastwagen-wandsticker-jungen-spielzimmer-wanddeko\\\/#primaryimage\",\"url\":\"https:\\\/\\\/m.media-amazon.com\\\/images\\\/I\\\/51HoNwngCzL._SL500_.jpg\",\"contentUrl\":\"https:\\\/\\\/m.media-amazon.com\\\/images\\\/I\\\/51HoNwngCzL._SL500_.jpg\",\"width\":500,\"height\":500},{\"@type\":\"BreadcrumbList\",\"@id\":\"https:\\\/\\\/marktxxl.de\\\/markt\\\/produkt\\\/decalmile-wandtattoo-kinderzimmer-baufahrzeug-baustelle-wandaufkleber-konstruktion-traktor-bagger-lastwagen-wandsticker-jungen-spielzimmer-wanddeko\\\/#breadcrumb\",\"itemListElement\":[{\"@type\":\"ListItem\",\"position\":1,\"name\":\"Startseite\",\"item\":\"https:\\\/\\\/marktxxl.de\\\/markt\\\/\"},{\"@type\":\"ListItem\",\"position\":2,\"name\":\"Markt\",\"item\":\"https:\\\/\\\/marktxxl.de\\\/markt\\\/\"},{\"@type\":\"ListItem\",\"position\":3,\"name\":\"decalmile Wandtattoo Kinderzimmer Baufahrzeug Baustelle Wandaufkleber Konstruktion Traktor Bagger Lastwagen Wandsticker\u2026\"}]},{\"@type\":\"WebSite\",\"@id\":\"https:\\\/\\\/marktxxl.de\\\/markt\\\/#website\",\"url\":\"https:\\\/\\\/marktxxl.de\\\/markt\\\/\",\"name\":\"Markt-XXL\",\"description\":\"Ihr Markt Online\",\"publisher\":{\"@id\":\"https:\\\/\\\/marktxxl.de\\\/markt\\\/#organization\"},\"potentialAction\":[{\"@type\":\"SearchAction\",\"target\":{\"@type\":\"EntryPoint\",\"urlTemplate\":\"https:\\\/\\\/marktxxl.de\\\/markt\\\/?s={search_term_string}\"},\"query-input\":{\"@type\":\"PropertyValueSpecification\",\"valueRequired\":true,\"valueName\":\"search_term_string\"}}],\"inLanguage\":\"de\"},{\"@type\":\"Organization\",\"@id\":\"https:\\\/\\\/marktxxl.de\\\/markt\\\/#organization\",\"name\":\"Markt-XXL\",\"url\":\"https:\\\/\\\/marktxxl.de\\\/markt\\\/\",\"logo\":{\"@type\":\"ImageObject\",\"inLanguage\":\"de\",\"@id\":\"https:\\\/\\\/marktxxl.de\\\/markt\\\/#\\\/schema\\\/logo\\\/image\\\/\",\"url\":\"https:\\\/\\\/marktxxl.de\\\/markt\\\/wp-content\\\/uploads\\\/sites\\\/3\\\/2020\\\/12\\\/logo.png\",\"contentUrl\":\"https:\\\/\\\/marktxxl.de\\\/markt\\\/wp-content\\\/uploads\\\/sites\\\/3\\\/2020\\\/12\\\/logo.png\",\"width\":200,\"height\":70,\"caption\":\"Markt-XXL\"},\"image\":{\"@id\":\"https:\\\/\\\/marktxxl.de\\\/markt\\\/#\\\/schema\\\/logo\\\/image\\\/\"}}]}<\/script>\n<!-- \/ Yoast SEO plugin. -->","yoast_head_json":{"title":"decalmile Wandtattoo Kinderzimmer Baufahrzeug Baustelle Wandaufkleber Konstruktion Traktor Bagger Lastwagen Wandsticker\u2026 - Markt-XXL","description":"Markt-XXL decalmile Wandtattoo Kinderzimmer Baufahrzeug Baustelle Wandaufkleber Konstruktion Traktor Bagger Lastwagen Wandsticker\u2026","robots":{"index":"index","follow":"follow","max-snippet":"max-snippet:-1","max-image-preview":"max-image-preview:large","max-video-preview":"max-video-preview:-1"},"canonical":"https:\/\/marktxxl.de\/markt\/produkt\/decalmile-wandtattoo-kinderzimmer-baufahrzeug-baustelle-wandaufkleber-konstruktion-traktor-bagger-lastwagen-wandsticker-jungen-spielzimmer-wanddeko\/","og_locale":"de_DE","og_type":"article","og_title":"decalmile Wandtattoo Kinderzimmer Baufahrzeug Baustelle Wandaufkleber Konstruktion Traktor Bagger Lastwagen Wandsticker\u2026 - Markt-XXL","og_description":"Markt-XXL decalmile Wandtattoo Kinderzimmer Baufahrzeug Baustelle Wandaufkleber Konstruktion Traktor Bagger Lastwagen Wandsticker\u2026","og_url":"https:\/\/marktxxl.de\/markt\/produkt\/decalmile-wandtattoo-kinderzimmer-baufahrzeug-baustelle-wandaufkleber-konstruktion-traktor-bagger-lastwagen-wandsticker-jungen-spielzimmer-wanddeko\/","og_site_name":"Markt-XXL","article_modified_time":"2023-04-11T03:36:57+00:00","og_image":[{"width":500,"height":500,"url":"https:\/\/m.media-amazon.com\/images\/I\/51HoNwngCzL._SL500_.jpg","type":"image\/jpeg"}],"twitter_card":"summary_large_image","twitter_misc":{"Gesch\u00e4tzte Lesezeit":"1\u00a0Minute"},"schema":{"@context":"https:\/\/schema.org","@graph":[{"@type":"WebPage","@id":"https:\/\/marktxxl.de\/markt\/produkt\/decalmile-wandtattoo-kinderzimmer-baufahrzeug-baustelle-wandaufkleber-konstruktion-traktor-bagger-lastwagen-wandsticker-jungen-spielzimmer-wanddeko\/","url":"https:\/\/marktxxl.de\/markt\/produkt\/decalmile-wandtattoo-kinderzimmer-baufahrzeug-baustelle-wandaufkleber-konstruktion-traktor-bagger-lastwagen-wandsticker-jungen-spielzimmer-wanddeko\/","name":"decalmile Wandtattoo Kinderzimmer Baufahrzeug Baustelle Wandaufkleber Konstruktion Traktor Bagger Lastwagen Wandsticker\u2026 - Markt-XXL","isPartOf":{"@id":"https:\/\/marktxxl.de\/markt\/#website"},"primaryImageOfPage":{"@id":"https:\/\/marktxxl.de\/markt\/produkt\/decalmile-wandtattoo-kinderzimmer-baufahrzeug-baustelle-wandaufkleber-konstruktion-traktor-bagger-lastwagen-wandsticker-jungen-spielzimmer-wanddeko\/#primaryimage"},"image":{"@id":"https:\/\/marktxxl.de\/markt\/produkt\/decalmile-wandtattoo-kinderzimmer-baufahrzeug-baustelle-wandaufkleber-konstruktion-traktor-bagger-lastwagen-wandsticker-jungen-spielzimmer-wanddeko\/#primaryimage"},"thumbnailUrl":"https:\/\/m.media-amazon.com\/images\/I\/51HoNwngCzL._SL500_.jpg","datePublished":"2023-04-10T03:59:34+00:00","dateModified":"2023-04-11T03:36:57+00:00","description":"Markt-XXL decalmile Wandtattoo Kinderzimmer Baufahrzeug Baustelle Wandaufkleber Konstruktion Traktor Bagger Lastwagen Wandsticker\u2026","breadcrumb":{"@id":"https:\/\/marktxxl.de\/markt\/produkt\/decalmile-wandtattoo-kinderzimmer-baufahrzeug-baustelle-wandaufkleber-konstruktion-traktor-bagger-lastwagen-wandsticker-jungen-spielzimmer-wanddeko\/#breadcrumb"},"inLanguage":"de","potentialAction":[{"@type":"ReadAction","target":["https:\/\/marktxxl.de\/markt\/produkt\/decalmile-wandtattoo-kinderzimmer-baufahrzeug-baustelle-wandaufkleber-konstruktion-traktor-bagger-lastwagen-wandsticker-jungen-spielzimmer-wanddeko\/"]}]},{"@type":"ImageObject","inLanguage":"de","@id":"https:\/\/marktxxl.de\/markt\/produkt\/decalmile-wandtattoo-kinderzimmer-baufahrzeug-baustelle-wandaufkleber-konstruktion-traktor-bagger-lastwagen-wandsticker-jungen-spielzimmer-wanddeko\/#primaryimage","url":"https:\/\/m.media-amazon.com\/images\/I\/51HoNwngCzL._SL500_.jpg","contentUrl":"https:\/\/m.media-amazon.com\/images\/I\/51HoNwngCzL._SL500_.jpg","width":500,"height":500},{"@type":"BreadcrumbList","@id":"https:\/\/marktxxl.de\/markt\/produkt\/decalmile-wandtattoo-kinderzimmer-baufahrzeug-baustelle-wandaufkleber-konstruktion-traktor-bagger-lastwagen-wandsticker-jungen-spielzimmer-wanddeko\/#breadcrumb","itemListElement":[{"@type":"ListItem","position":1,"name":"Startseite","item":"https:\/\/marktxxl.de\/markt\/"},{"@type":"ListItem","position":2,"name":"Markt","item":"https:\/\/marktxxl.de\/markt\/"},{"@type":"ListItem","position":3,"name":"decalmile Wandtattoo Kinderzimmer Baufahrzeug Baustelle Wandaufkleber Konstruktion Traktor Bagger Lastwagen Wandsticker\u2026"}]},{"@type":"WebSite","@id":"https:\/\/marktxxl.de\/markt\/#website","url":"https:\/\/marktxxl.de\/markt\/","name":"Markt-XXL","description":"Ihr Markt Online","publisher":{"@id":"https:\/\/marktxxl.de\/markt\/#organization"},"potentialAction":[{"@type":"SearchAction","target":{"@type":"EntryPoint","urlTemplate":"https:\/\/marktxxl.de\/markt\/?s={search_term_string}"},"query-input":{"@type":"PropertyValueSpecification","valueRequired":true,"valueName":"search_term_string"}}],"inLanguage":"de"},{"@type":"Organization","@id":"https:\/\/marktxxl.de\/markt\/#organization","name":"Markt-XXL","url":"https:\/\/marktxxl.de\/markt\/","logo":{"@type":"ImageObject","inLanguage":"de","@id":"https:\/\/marktxxl.de\/markt\/#\/schema\/logo\/image\/","url":"https:\/\/marktxxl.de\/markt\/wp-content\/uploads\/sites\/3\/2020\/12\/logo.png","contentUrl":"https:\/\/marktxxl.de\/markt\/wp-content\/uploads\/sites\/3\/2020\/12\/logo.png","width":200,"height":70,"caption":"Markt-XXL"},"image":{"@id":"https:\/\/marktxxl.de\/markt\/#\/schema\/logo\/image\/"}}]}},"_links":{"self":[{"href":"https:\/\/marktxxl.de\/markt\/wp-json\/wp\/v2\/product\/199138","targetHints":{"allow":["GET"]}}],"collection":[{"href":"https:\/\/marktxxl.de\/markt\/wp-json\/wp\/v2\/product"}],"about":[{"href":"https:\/\/marktxxl.de\/markt\/wp-json\/wp\/v2\/types\/product"}],"replies":[{"embeddable":true,"href":"https:\/\/marktxxl.de\/markt\/wp-json\/wp\/v2\/comments?post=199138"}],"wp:featuredmedia":[{"embeddable":true,"href":"https:\/\/marktxxl.de\/markt\/wp-json\/wp\/v2\/media\/199139"}],"wp:attachment":[{"href":"https:\/\/marktxxl.de\/markt\/wp-json\/wp\/v2\/media?parent=199138"}],"wp:term":[{"taxonomy":"product_brand","embeddable":true,"href":"https:\/\/marktxxl.de\/markt\/wp-json\/wp\/v2\/product_brand?post=199138"},{"taxonomy":"product_cat","embeddable":true,"href":"https:\/\/marktxxl.de\/markt\/wp-json\/wp\/v2\/product_cat?post=199138"},{"taxonomy":"product_tag","embeddable":true,"href":"https:\/\/marktxxl.de\/markt\/wp-json\/wp\/v2\/product_tag?post=199138"}],"curies":[{"name":"wp","href":"https:\/\/api.w.org\/{rel}","templated":true}]}}