{"id":198934,"date":"2023-04-10T05:25:43","date_gmt":"2023-04-10T03:25:43","guid":{"rendered":"https:\/\/marktxxl.de\/markt\/produkt\/poshdivah-damen-schwangerschaftsshorts-ueber-dem-bauch-biker-yoga-active-schwangerschaft-workout-kurze-hose-mit-taschen-203-cm\/"},"modified":"2023-04-11T05:36:54","modified_gmt":"2023-04-11T03:36:54","slug":"poshdivah-damen-schwangerschaftsshorts-ueber-dem-bauch-biker-yoga-active-schwangerschaft-workout-kurze-hose-mit-taschen-203-cm","status":"publish","type":"product","link":"https:\/\/marktxxl.de\/markt\/produkt\/poshdivah-damen-schwangerschaftsshorts-ueber-dem-bauch-biker-yoga-active-schwangerschaft-workout-kurze-hose-mit-taschen-203-cm\/","title":{"rendered":"POSHDIVAH Damen Schwangerschaftsshorts \u00fcber dem Bauch Biker Yoga Active Schwangerschaft Workout Kurze Hose mit Taschen\u2026"},"content":{"rendered":"<p>Premium-Material: Butterweicher, bequemer und leichter Stoff. Das Spandex- und Polyestermaterial aus der Schwangerschaftsshorts besteht aus so weich und bequem wie eine &#8220;zweite Haut&#8221;. Verabschieden Sie sich von Kamelzehen. Stretch-Stoff mit scheuerfesten N\u00e4hten erm\u00f6glicht Bewegungsfreiheit und feuchtigkeitsableitende Stoffe halten Sie k\u00fchl und bequem. Unsere Schwangerschafts-Yoga-Shorts haben einen speziellen Verriegelungskantenprozess auf der Oberseite, der effektiv verhindern kann, dass die Hose herunterrollt.<br \/>\nDesign f\u00fcr Ihren wachsenden Babybauch: Umstands-Fahrrad-Shorts mit speziellem Schlie\u00dfkanten-Verfahren. Umstands-Biker-Shorts aus 4-Wege-Stretch, das sich bei jedem Training mit Ihrem K\u00f6rper bewegt. Die Dicke unserer Damen-Shorts ist moderat, was nicht nur durchsichtig, sondern auch Luftdurchl\u00e4ssigkeit garantiert. Aktiv-Shorts f\u00fcr Schwangere, ideal f\u00fcr das Training im Fitnessstudio, Laufen oder als Schicht zum Verstecken unter Kleidungsst\u00fccken.<br \/>\nBegleitet Sie w\u00e4hrend der Schwangerschaft: Kurze Umstandsleggings bleiben f\u00fcr das t\u00e4gliche Training an Ort und Stelle, ohne zu ziehen, und bieten sanfte R\u00fcckenunterst\u00fctzung, um den Druck auf den R\u00fccken zu reduzieren. Das superbequeme, elastische Material folgt der Ver\u00e4nderung Ihres Bauches w\u00e4hrend der Schwangerschaft und bietet immer einen komfortablen St\u00fctzschutz f\u00fcr Ihren wachsenden Babybauch.<br \/>\n\u3010Fashion Outfit\u3011Diese Umstandsshorts sind einfach zu kombinieren und machen Ihr t\u00e4gliches Workout-Outfit attraktiver. Es hat zwei Seitentaschen gro\u00df genug, um Ihr Handy, Karten, M\u00fcnzen, Schl\u00fcssel zu halten. Unsere Mutterschafts-Yoga-Shorts sind feuchtigkeitsableitend, bequem, nicht pilling und schrumpffest. Schwangere Shorts zeigen perfekt die Sch\u00f6nheit der K\u00f6rperfigur Kontur jeder zuk\u00fcnftigen Mutter.<br \/>\n\u3010Anl\u00e4sse\u3011Unsere Vollpaneel Umstands-Workout-Shorts kombinieren Mode, Funktion und Leistung. Umstandsshorts \u00fcber dem Bauch sind geeignet f\u00fcr Yoga, Fitnessstudio, Laufen, Training, Einkaufen, Reisen, Zuhause und Outdoor. Kombinieren Sie es mit Ihrem Schwangerschaftst-Shirt zu Hause oder beim Sport BH mit Sneakers f\u00fcr ein Workout.<br \/>\n<div class=\"main-cross-sell\" data-asin=\"B09R4YW78F\">\n\n\t<div class=\"WooZone-cross-sell-loader\">\n\t\t<div>\n\t\t\t<div id=\"floatingBarsG\">\n\t\t\t\t<div class=\"blockG\" id=\"rotateG_01\"><\/div>\n\t\t\t\t<div class=\"blockG\" id=\"rotateG_02\"><\/div>\n\t\t\t\t<div class=\"blockG\" id=\"rotateG_03\"><\/div>\n\t\t\t\t<div class=\"blockG\" id=\"rotateG_04\"><\/div>\n\t\t\t\t<div class=\"blockG\" id=\"rotateG_05\"><\/div>\n\t\t\t\t<div class=\"blockG\" id=\"rotateG_06\"><\/div>\n\t\t\t\t<div class=\"blockG\" id=\"rotateG_07\"><\/div>\n\t\t\t\t<div class=\"blockG\" id=\"rotateG_08\"><\/div>\n\t\t\t<\/div>\n\t\t\t<div class=\"WooZone-cross-sell-loader-text\"><\/div>\n\t\t<\/div>\n\t<\/div>\n\n\t\t\n<\/div>\n<div style=\"clear:both;\"><\/div><\/p>\n","protected":false},"excerpt":{"rendered":"<p>Premium-Material: Butterweicher, bequemer und leichter Stoff. Das Spandex- und Polyestermaterial aus der Schwangerschaftsshorts besteht aus so weich und bequem wie eine &#8220;zweite Haut&#8221;. Verabschieden Sie sich von Kamelzehen. Stretch-Stoff mit scheuerfesten N\u00e4hten erm\u00f6glicht Bewegungsfreiheit und feuchtigkeitsableitende Stoffe halten Sie k\u00fchl und bequem. Unsere Schwangerschafts-Yoga-Shorts haben einen speziellen Verriegelungskantenprozess auf der Oberseite, der effektiv verhindern kann, dass die Hose herunterrollt.<br \/>\nDesign f\u00fcr Ihren wachsenden Babybauch: Umstands-Fahrrad-Shorts mit speziellem Schlie\u00dfkanten-Verfahren. Umstands-Biker-Shorts aus 4-Wege-Stretch, das sich bei jedem Training mit Ihrem K\u00f6rper bewegt. Die Dicke unserer Damen-Shorts ist moderat, was nicht nur durchsichtig, sondern auch Luftdurchl\u00e4ssigkeit garantiert. Aktiv-Shorts f\u00fcr Schwangere, ideal f\u00fcr das Training im Fitnessstudio, Laufen oder als Schicht zum Verstecken unter Kleidungsst\u00fccken.<br \/>\nBegleitet Sie w\u00e4hrend der Schwangerschaft: Kurze Umstandsleggings bleiben f\u00fcr das t\u00e4gliche Training an Ort und Stelle, ohne zu ziehen, und bieten sanfte R\u00fcckenunterst\u00fctzung, um den Druck auf den R\u00fccken zu reduzieren. Das superbequeme, elastische Material folgt der Ver\u00e4nderung Ihres Bauches w\u00e4hrend der Schwangerschaft und bietet immer einen komfortablen St\u00fctzschutz f\u00fcr Ihren wachsenden Babybauch.<\/p>\n","protected":false},"featured_media":198935,"comment_status":"open","ping_status":"closed","template":"","meta":[],"product_brand":[],"product_cat":[21,9478],"product_tag":[],"class_list":{"0":"post-198934","1":"product","2":"type-product","3":"status-publish","4":"has-post-thumbnail","6":"product_cat-baby","7":"product_cat-umstandskleidung-baby","8":"pa_binding-textilien","9":"pa_brand-poshdivah","11":"first","12":"instock","13":"shipping-taxable","14":"purchasable","15":"product-type-simple","16":"customify-col","17":"product-has-gallery"},"yoast_head":"<!-- This site is optimized with the Yoast SEO plugin v27.4 - https:\/\/yoast.com\/product\/yoast-seo-wordpress\/ -->\n<title>POSHDIVAH Damen Schwangerschaftsshorts \u00fcber dem Bauch Biker Yoga Active Schwangerschaft Workout Kurze Hose mit Taschen\u2026 - Markt-XXL<\/title>\n<meta name=\"description\" content=\"Markt-XXL POSHDIVAH Damen Schwangerschaftsshorts \u00fcber dem Bauch Biker Yoga Active Schwangerschaft Workout Kurze Hose mit Taschen\u2026\" \/>\n<meta name=\"robots\" content=\"index, follow, max-snippet:-1, max-image-preview:large, max-video-preview:-1\" \/>\n<link rel=\"canonical\" href=\"https:\/\/marktxxl.de\/markt\/produkt\/poshdivah-damen-schwangerschaftsshorts-ueber-dem-bauch-biker-yoga-active-schwangerschaft-workout-kurze-hose-mit-taschen-203-cm\/\" \/>\n<meta property=\"og:locale\" content=\"de_DE\" \/>\n<meta property=\"og:type\" content=\"article\" \/>\n<meta property=\"og:title\" content=\"POSHDIVAH Damen Schwangerschaftsshorts \u00fcber dem Bauch Biker Yoga Active Schwangerschaft Workout Kurze Hose mit Taschen\u2026 - Markt-XXL\" \/>\n<meta property=\"og:description\" content=\"Markt-XXL POSHDIVAH Damen Schwangerschaftsshorts \u00fcber dem Bauch Biker Yoga Active Schwangerschaft Workout Kurze Hose mit Taschen\u2026\" \/>\n<meta property=\"og:url\" content=\"https:\/\/marktxxl.de\/markt\/produkt\/poshdivah-damen-schwangerschaftsshorts-ueber-dem-bauch-biker-yoga-active-schwangerschaft-workout-kurze-hose-mit-taschen-203-cm\/\" \/>\n<meta property=\"og:site_name\" content=\"Markt-XXL\" \/>\n<meta property=\"article:modified_time\" content=\"2023-04-11T03:36:54+00:00\" \/>\n<meta property=\"og:image\" content=\"https:\/\/m.media-amazon.com\/images\/I\/3112SSu8lnL._SL500_.jpg\" \/>\n\t<meta property=\"og:image:width\" content=\"385\" \/>\n\t<meta property=\"og:image:height\" content=\"500\" \/>\n\t<meta property=\"og:image:type\" content=\"image\/jpeg\" \/>\n<meta name=\"twitter:card\" content=\"summary_large_image\" \/>\n<meta name=\"twitter:label1\" content=\"Gesch\u00e4tzte Lesezeit\" \/>\n\t<meta name=\"twitter:data1\" content=\"1\u00a0Minute\" \/>\n<script type=\"application\/ld+json\" class=\"yoast-schema-graph\">{\"@context\":\"https:\\\/\\\/schema.org\",\"@graph\":[{\"@type\":\"WebPage\",\"@id\":\"https:\\\/\\\/marktxxl.de\\\/markt\\\/produkt\\\/poshdivah-damen-schwangerschaftsshorts-ueber-dem-bauch-biker-yoga-active-schwangerschaft-workout-kurze-hose-mit-taschen-203-cm\\\/\",\"url\":\"https:\\\/\\\/marktxxl.de\\\/markt\\\/produkt\\\/poshdivah-damen-schwangerschaftsshorts-ueber-dem-bauch-biker-yoga-active-schwangerschaft-workout-kurze-hose-mit-taschen-203-cm\\\/\",\"name\":\"POSHDIVAH Damen Schwangerschaftsshorts \u00fcber dem Bauch Biker Yoga Active Schwangerschaft Workout Kurze Hose mit Taschen\u2026 - Markt-XXL\",\"isPartOf\":{\"@id\":\"https:\\\/\\\/marktxxl.de\\\/markt\\\/#website\"},\"primaryImageOfPage\":{\"@id\":\"https:\\\/\\\/marktxxl.de\\\/markt\\\/produkt\\\/poshdivah-damen-schwangerschaftsshorts-ueber-dem-bauch-biker-yoga-active-schwangerschaft-workout-kurze-hose-mit-taschen-203-cm\\\/#primaryimage\"},\"image\":{\"@id\":\"https:\\\/\\\/marktxxl.de\\\/markt\\\/produkt\\\/poshdivah-damen-schwangerschaftsshorts-ueber-dem-bauch-biker-yoga-active-schwangerschaft-workout-kurze-hose-mit-taschen-203-cm\\\/#primaryimage\"},\"thumbnailUrl\":\"https:\\\/\\\/m.media-amazon.com\\\/images\\\/I\\\/3112SSu8lnL._SL500_.jpg\",\"datePublished\":\"2023-04-10T03:25:43+00:00\",\"dateModified\":\"2023-04-11T03:36:54+00:00\",\"description\":\"Markt-XXL POSHDIVAH Damen Schwangerschaftsshorts \u00fcber dem Bauch Biker Yoga Active Schwangerschaft Workout Kurze Hose mit Taschen\u2026\",\"breadcrumb\":{\"@id\":\"https:\\\/\\\/marktxxl.de\\\/markt\\\/produkt\\\/poshdivah-damen-schwangerschaftsshorts-ueber-dem-bauch-biker-yoga-active-schwangerschaft-workout-kurze-hose-mit-taschen-203-cm\\\/#breadcrumb\"},\"inLanguage\":\"de\",\"potentialAction\":[{\"@type\":\"ReadAction\",\"target\":[\"https:\\\/\\\/marktxxl.de\\\/markt\\\/produkt\\\/poshdivah-damen-schwangerschaftsshorts-ueber-dem-bauch-biker-yoga-active-schwangerschaft-workout-kurze-hose-mit-taschen-203-cm\\\/\"]}]},{\"@type\":\"ImageObject\",\"inLanguage\":\"de\",\"@id\":\"https:\\\/\\\/marktxxl.de\\\/markt\\\/produkt\\\/poshdivah-damen-schwangerschaftsshorts-ueber-dem-bauch-biker-yoga-active-schwangerschaft-workout-kurze-hose-mit-taschen-203-cm\\\/#primaryimage\",\"url\":\"https:\\\/\\\/m.media-amazon.com\\\/images\\\/I\\\/3112SSu8lnL._SL500_.jpg\",\"contentUrl\":\"https:\\\/\\\/m.media-amazon.com\\\/images\\\/I\\\/3112SSu8lnL._SL500_.jpg\",\"width\":385,\"height\":500},{\"@type\":\"BreadcrumbList\",\"@id\":\"https:\\\/\\\/marktxxl.de\\\/markt\\\/produkt\\\/poshdivah-damen-schwangerschaftsshorts-ueber-dem-bauch-biker-yoga-active-schwangerschaft-workout-kurze-hose-mit-taschen-203-cm\\\/#breadcrumb\",\"itemListElement\":[{\"@type\":\"ListItem\",\"position\":1,\"name\":\"Startseite\",\"item\":\"https:\\\/\\\/marktxxl.de\\\/markt\\\/\"},{\"@type\":\"ListItem\",\"position\":2,\"name\":\"Markt\",\"item\":\"https:\\\/\\\/marktxxl.de\\\/markt\\\/\"},{\"@type\":\"ListItem\",\"position\":3,\"name\":\"POSHDIVAH Damen Schwangerschaftsshorts \u00fcber dem Bauch Biker Yoga Active Schwangerschaft Workout Kurze Hose mit Taschen\u2026\"}]},{\"@type\":\"WebSite\",\"@id\":\"https:\\\/\\\/marktxxl.de\\\/markt\\\/#website\",\"url\":\"https:\\\/\\\/marktxxl.de\\\/markt\\\/\",\"name\":\"Markt-XXL\",\"description\":\"Ihr Markt Online\",\"publisher\":{\"@id\":\"https:\\\/\\\/marktxxl.de\\\/markt\\\/#organization\"},\"potentialAction\":[{\"@type\":\"SearchAction\",\"target\":{\"@type\":\"EntryPoint\",\"urlTemplate\":\"https:\\\/\\\/marktxxl.de\\\/markt\\\/?s={search_term_string}\"},\"query-input\":{\"@type\":\"PropertyValueSpecification\",\"valueRequired\":true,\"valueName\":\"search_term_string\"}}],\"inLanguage\":\"de\"},{\"@type\":\"Organization\",\"@id\":\"https:\\\/\\\/marktxxl.de\\\/markt\\\/#organization\",\"name\":\"Markt-XXL\",\"url\":\"https:\\\/\\\/marktxxl.de\\\/markt\\\/\",\"logo\":{\"@type\":\"ImageObject\",\"inLanguage\":\"de\",\"@id\":\"https:\\\/\\\/marktxxl.de\\\/markt\\\/#\\\/schema\\\/logo\\\/image\\\/\",\"url\":\"https:\\\/\\\/marktxxl.de\\\/markt\\\/wp-content\\\/uploads\\\/sites\\\/3\\\/2020\\\/12\\\/logo.png\",\"contentUrl\":\"https:\\\/\\\/marktxxl.de\\\/markt\\\/wp-content\\\/uploads\\\/sites\\\/3\\\/2020\\\/12\\\/logo.png\",\"width\":200,\"height\":70,\"caption\":\"Markt-XXL\"},\"image\":{\"@id\":\"https:\\\/\\\/marktxxl.de\\\/markt\\\/#\\\/schema\\\/logo\\\/image\\\/\"}}]}<\/script>\n<!-- \/ Yoast SEO plugin. -->","yoast_head_json":{"title":"POSHDIVAH Damen Schwangerschaftsshorts \u00fcber dem Bauch Biker Yoga Active Schwangerschaft Workout Kurze Hose mit Taschen\u2026 - Markt-XXL","description":"Markt-XXL POSHDIVAH Damen Schwangerschaftsshorts \u00fcber dem Bauch Biker Yoga Active Schwangerschaft Workout Kurze Hose mit Taschen\u2026","robots":{"index":"index","follow":"follow","max-snippet":"max-snippet:-1","max-image-preview":"max-image-preview:large","max-video-preview":"max-video-preview:-1"},"canonical":"https:\/\/marktxxl.de\/markt\/produkt\/poshdivah-damen-schwangerschaftsshorts-ueber-dem-bauch-biker-yoga-active-schwangerschaft-workout-kurze-hose-mit-taschen-203-cm\/","og_locale":"de_DE","og_type":"article","og_title":"POSHDIVAH Damen Schwangerschaftsshorts \u00fcber dem Bauch Biker Yoga Active Schwangerschaft Workout Kurze Hose mit Taschen\u2026 - Markt-XXL","og_description":"Markt-XXL POSHDIVAH Damen Schwangerschaftsshorts \u00fcber dem Bauch Biker Yoga Active Schwangerschaft Workout Kurze Hose mit Taschen\u2026","og_url":"https:\/\/marktxxl.de\/markt\/produkt\/poshdivah-damen-schwangerschaftsshorts-ueber-dem-bauch-biker-yoga-active-schwangerschaft-workout-kurze-hose-mit-taschen-203-cm\/","og_site_name":"Markt-XXL","article_modified_time":"2023-04-11T03:36:54+00:00","og_image":[{"width":385,"height":500,"url":"https:\/\/m.media-amazon.com\/images\/I\/3112SSu8lnL._SL500_.jpg","type":"image\/jpeg"}],"twitter_card":"summary_large_image","twitter_misc":{"Gesch\u00e4tzte Lesezeit":"1\u00a0Minute"},"schema":{"@context":"https:\/\/schema.org","@graph":[{"@type":"WebPage","@id":"https:\/\/marktxxl.de\/markt\/produkt\/poshdivah-damen-schwangerschaftsshorts-ueber-dem-bauch-biker-yoga-active-schwangerschaft-workout-kurze-hose-mit-taschen-203-cm\/","url":"https:\/\/marktxxl.de\/markt\/produkt\/poshdivah-damen-schwangerschaftsshorts-ueber-dem-bauch-biker-yoga-active-schwangerschaft-workout-kurze-hose-mit-taschen-203-cm\/","name":"POSHDIVAH Damen Schwangerschaftsshorts \u00fcber dem Bauch Biker Yoga Active Schwangerschaft Workout Kurze Hose mit Taschen\u2026 - Markt-XXL","isPartOf":{"@id":"https:\/\/marktxxl.de\/markt\/#website"},"primaryImageOfPage":{"@id":"https:\/\/marktxxl.de\/markt\/produkt\/poshdivah-damen-schwangerschaftsshorts-ueber-dem-bauch-biker-yoga-active-schwangerschaft-workout-kurze-hose-mit-taschen-203-cm\/#primaryimage"},"image":{"@id":"https:\/\/marktxxl.de\/markt\/produkt\/poshdivah-damen-schwangerschaftsshorts-ueber-dem-bauch-biker-yoga-active-schwangerschaft-workout-kurze-hose-mit-taschen-203-cm\/#primaryimage"},"thumbnailUrl":"https:\/\/m.media-amazon.com\/images\/I\/3112SSu8lnL._SL500_.jpg","datePublished":"2023-04-10T03:25:43+00:00","dateModified":"2023-04-11T03:36:54+00:00","description":"Markt-XXL POSHDIVAH Damen Schwangerschaftsshorts \u00fcber dem Bauch Biker Yoga Active Schwangerschaft Workout Kurze Hose mit Taschen\u2026","breadcrumb":{"@id":"https:\/\/marktxxl.de\/markt\/produkt\/poshdivah-damen-schwangerschaftsshorts-ueber-dem-bauch-biker-yoga-active-schwangerschaft-workout-kurze-hose-mit-taschen-203-cm\/#breadcrumb"},"inLanguage":"de","potentialAction":[{"@type":"ReadAction","target":["https:\/\/marktxxl.de\/markt\/produkt\/poshdivah-damen-schwangerschaftsshorts-ueber-dem-bauch-biker-yoga-active-schwangerschaft-workout-kurze-hose-mit-taschen-203-cm\/"]}]},{"@type":"ImageObject","inLanguage":"de","@id":"https:\/\/marktxxl.de\/markt\/produkt\/poshdivah-damen-schwangerschaftsshorts-ueber-dem-bauch-biker-yoga-active-schwangerschaft-workout-kurze-hose-mit-taschen-203-cm\/#primaryimage","url":"https:\/\/m.media-amazon.com\/images\/I\/3112SSu8lnL._SL500_.jpg","contentUrl":"https:\/\/m.media-amazon.com\/images\/I\/3112SSu8lnL._SL500_.jpg","width":385,"height":500},{"@type":"BreadcrumbList","@id":"https:\/\/marktxxl.de\/markt\/produkt\/poshdivah-damen-schwangerschaftsshorts-ueber-dem-bauch-biker-yoga-active-schwangerschaft-workout-kurze-hose-mit-taschen-203-cm\/#breadcrumb","itemListElement":[{"@type":"ListItem","position":1,"name":"Startseite","item":"https:\/\/marktxxl.de\/markt\/"},{"@type":"ListItem","position":2,"name":"Markt","item":"https:\/\/marktxxl.de\/markt\/"},{"@type":"ListItem","position":3,"name":"POSHDIVAH Damen Schwangerschaftsshorts \u00fcber dem Bauch Biker Yoga Active Schwangerschaft Workout Kurze Hose mit Taschen\u2026"}]},{"@type":"WebSite","@id":"https:\/\/marktxxl.de\/markt\/#website","url":"https:\/\/marktxxl.de\/markt\/","name":"Markt-XXL","description":"Ihr Markt Online","publisher":{"@id":"https:\/\/marktxxl.de\/markt\/#organization"},"potentialAction":[{"@type":"SearchAction","target":{"@type":"EntryPoint","urlTemplate":"https:\/\/marktxxl.de\/markt\/?s={search_term_string}"},"query-input":{"@type":"PropertyValueSpecification","valueRequired":true,"valueName":"search_term_string"}}],"inLanguage":"de"},{"@type":"Organization","@id":"https:\/\/marktxxl.de\/markt\/#organization","name":"Markt-XXL","url":"https:\/\/marktxxl.de\/markt\/","logo":{"@type":"ImageObject","inLanguage":"de","@id":"https:\/\/marktxxl.de\/markt\/#\/schema\/logo\/image\/","url":"https:\/\/marktxxl.de\/markt\/wp-content\/uploads\/sites\/3\/2020\/12\/logo.png","contentUrl":"https:\/\/marktxxl.de\/markt\/wp-content\/uploads\/sites\/3\/2020\/12\/logo.png","width":200,"height":70,"caption":"Markt-XXL"},"image":{"@id":"https:\/\/marktxxl.de\/markt\/#\/schema\/logo\/image\/"}}]}},"_links":{"self":[{"href":"https:\/\/marktxxl.de\/markt\/wp-json\/wp\/v2\/product\/198934","targetHints":{"allow":["GET"]}}],"collection":[{"href":"https:\/\/marktxxl.de\/markt\/wp-json\/wp\/v2\/product"}],"about":[{"href":"https:\/\/marktxxl.de\/markt\/wp-json\/wp\/v2\/types\/product"}],"replies":[{"embeddable":true,"href":"https:\/\/marktxxl.de\/markt\/wp-json\/wp\/v2\/comments?post=198934"}],"wp:featuredmedia":[{"embeddable":true,"href":"https:\/\/marktxxl.de\/markt\/wp-json\/wp\/v2\/media\/198935"}],"wp:attachment":[{"href":"https:\/\/marktxxl.de\/markt\/wp-json\/wp\/v2\/media?parent=198934"}],"wp:term":[{"taxonomy":"product_brand","embeddable":true,"href":"https:\/\/marktxxl.de\/markt\/wp-json\/wp\/v2\/product_brand?post=198934"},{"taxonomy":"product_cat","embeddable":true,"href":"https:\/\/marktxxl.de\/markt\/wp-json\/wp\/v2\/product_cat?post=198934"},{"taxonomy":"product_tag","embeddable":true,"href":"https:\/\/marktxxl.de\/markt\/wp-json\/wp\/v2\/product_tag?post=198934"}],"curies":[{"name":"wp","href":"https:\/\/api.w.org\/{rel}","templated":true}]}}