{"id":198928,"date":"2023-04-10T05:25:30","date_gmt":"2023-04-10T03:25:30","guid":{"rendered":"https:\/\/marktxxl.de\/markt\/produkt\/underestimate-me-thatll-be-fun-shirt-frauen-kurzarm-brief-druck-t-shirt-lustig-sarkastisches-zitat-shirts-tops\/"},"modified":"2023-04-11T05:36:54","modified_gmt":"2023-04-11T03:36:54","slug":"underestimate-me-thatll-be-fun-shirt-frauen-kurzarm-brief-druck-t-shirt-lustig-sarkastisches-zitat-shirts-tops","status":"publish","type":"product","link":"https:\/\/marktxxl.de\/markt\/produkt\/underestimate-me-thatll-be-fun-shirt-frauen-kurzarm-brief-druck-t-shirt-lustig-sarkastisches-zitat-shirts-tops\/","title":{"rendered":"Underestimate Me That&#8217;ll Be Fun Shirt Frauen Kurzarm Brief Druck T Shirt Lustig sarkastisches Zitat Shirts Tops"},"content":{"rendered":"<p>\u3010Weiches Material\u3011: Niedliches Vintage-Shirt ist aus Baumwollmischung; Die Kombination aus Baumwolle und Polyester macht dieses Top sehr weich, dehnbar und bequem.<br \/>\n\u3010Hauptmerkmale\u3011: Untersch\u00e4tzen Sie mich, dass es lustig Buchstaben gedruckt wird, cooles Vertrauen und stolze Shirt f\u00fcr Frauen und M\u00e4dchen, inspirierende Shirts mit Kurzarm und O-Neck Design, Casual und Street Style.<br \/>\nMehrere Kombinationen: Dieses Sommerhemd passt perfekt zu fast allem, Sie k\u00f6nnen es einfach mit Ihren Skinny Jeans, Shorts oder Leggings kombinieren; ideal f\u00fcr den t\u00e4glichen Gebrauch, Workouts, gesellschaftliche Veranstaltungen, Strand, Schule usw.<br \/>\n\u3010Tolles Geschenk\u3011: Ein cooles Geschenk f\u00fcr Frauen, die immer in Ordnung sind. Ein cooles Vertrauen, stolz darauf zu sein, wer Sie sind und was Sie erreicht haben. Wenn Ihnen das Design dieses Shirts gef\u00e4llt, k\u00f6nnen Sie auf meinen Markennamen klicken, um mehr Shirts mit Zitaten und anderen Designs zu sehen, ich bin sicher, dass Sie es genie\u00dfen werden.<br \/>\n\u3010Zufriedenheitsdienst\u3011: Wir haben ein hochwertiges After-Sales-Service-Team. Wenn Sie irgendein Problem mit diesem Shirt haben (wie z.B.: falsche Gr\u00f6\u00dfe, nicht zufrieden mit dem Stil, etc. ), bitte senden Sie uns eine E-Mail und wir werden Ihnen innerhalb von 24 Stunden eine zufriedenstellende Antwort geben.<br \/>\n<div class=\"main-cross-sell\" data-asin=\"B08RXM8GKM\">\n\n\t<div class=\"WooZone-cross-sell-loader\">\n\t\t<div>\n\t\t\t<div id=\"floatingBarsG\">\n\t\t\t\t<div class=\"blockG\" id=\"rotateG_01\"><\/div>\n\t\t\t\t<div class=\"blockG\" id=\"rotateG_02\"><\/div>\n\t\t\t\t<div class=\"blockG\" id=\"rotateG_03\"><\/div>\n\t\t\t\t<div class=\"blockG\" id=\"rotateG_04\"><\/div>\n\t\t\t\t<div class=\"blockG\" id=\"rotateG_05\"><\/div>\n\t\t\t\t<div class=\"blockG\" id=\"rotateG_06\"><\/div>\n\t\t\t\t<div class=\"blockG\" id=\"rotateG_07\"><\/div>\n\t\t\t\t<div class=\"blockG\" id=\"rotateG_08\"><\/div>\n\t\t\t<\/div>\n\t\t\t<div class=\"WooZone-cross-sell-loader-text\"><\/div>\n\t\t<\/div>\n\t<\/div>\n\n\t\t\n<\/div>\n<div style=\"clear:both;\"><\/div><\/p>\n","protected":false},"excerpt":{"rendered":"<p>\u3010Weiches Material\u3011: Niedliches Vintage-Shirt ist aus Baumwollmischung; Die Kombination aus Baumwolle und Polyester macht dieses Top sehr weich, dehnbar und bequem.<br \/>\n\u3010Hauptmerkmale\u3011: Untersch\u00e4tzen Sie mich, dass es lustig Buchstaben gedruckt wird, cooles Vertrauen und stolze Shirt f\u00fcr Frauen und M\u00e4dchen, inspirierende Shirts mit Kurzarm und O-Neck Design, Casual und Street Style.<br \/>\nMehrere Kombinationen: Dieses Sommerhemd passt perfekt zu fast allem, Sie k\u00f6nnen es einfach mit Ihren Skinny Jeans, Shorts oder Leggings kombinieren; ideal f\u00fcr den t\u00e4glichen Gebrauch, Workouts, gesellschaftliche Veranstaltungen, Strand, Schule usw.<\/p>\n","protected":false},"featured_media":198929,"comment_status":"open","ping_status":"closed","template":"","meta":[],"product_brand":[],"product_cat":[21,9478],"product_tag":[],"class_list":{"0":"post-198928","1":"product","2":"type-product","3":"status-publish","4":"has-post-thumbnail","6":"product_cat-baby","7":"product_cat-umstandskleidung-baby","8":"pa_binding-textilien","9":"pa_brand-fchich","11":"first","12":"instock","13":"shipping-taxable","14":"purchasable","15":"product-type-simple","16":"customify-col","17":"product-has-gallery"},"yoast_head":"<!-- This site is optimized with the Yoast SEO plugin v27.4 - https:\/\/yoast.com\/product\/yoast-seo-wordpress\/ -->\n<title>Underestimate Me That&#039;ll Be Fun Shirt Frauen Kurzarm Brief Druck T Shirt Lustig sarkastisches Zitat Shirts Tops - Markt-XXL<\/title>\n<meta name=\"description\" content=\"Markt-XXL Underestimate Me That&#039;ll Be Fun Shirt Frauen Kurzarm Brief Druck T Shirt Lustig sarkastisches Zitat Shirts Tops\" \/>\n<meta name=\"robots\" content=\"index, follow, max-snippet:-1, max-image-preview:large, max-video-preview:-1\" \/>\n<link rel=\"canonical\" href=\"https:\/\/marktxxl.de\/markt\/produkt\/underestimate-me-thatll-be-fun-shirt-frauen-kurzarm-brief-druck-t-shirt-lustig-sarkastisches-zitat-shirts-tops\/\" \/>\n<meta property=\"og:locale\" content=\"de_DE\" \/>\n<meta property=\"og:type\" content=\"article\" \/>\n<meta property=\"og:title\" content=\"Underestimate Me That&#039;ll Be Fun Shirt Frauen Kurzarm Brief Druck T Shirt Lustig sarkastisches Zitat Shirts Tops - Markt-XXL\" \/>\n<meta property=\"og:description\" content=\"Markt-XXL Underestimate Me That&#039;ll Be Fun Shirt Frauen Kurzarm Brief Druck T Shirt Lustig sarkastisches Zitat Shirts Tops\" \/>\n<meta property=\"og:url\" content=\"https:\/\/marktxxl.de\/markt\/produkt\/underestimate-me-thatll-be-fun-shirt-frauen-kurzarm-brief-druck-t-shirt-lustig-sarkastisches-zitat-shirts-tops\/\" \/>\n<meta property=\"og:site_name\" content=\"Markt-XXL\" \/>\n<meta property=\"article:modified_time\" content=\"2023-04-11T03:36:54+00:00\" \/>\n<meta property=\"og:image\" content=\"https:\/\/m.media-amazon.com\/images\/I\/51pvb5tm+hL._SL500_.jpg\" \/>\n\t<meta property=\"og:image:width\" content=\"442\" \/>\n\t<meta property=\"og:image:height\" content=\"500\" \/>\n\t<meta property=\"og:image:type\" content=\"image\/jpeg\" \/>\n<meta name=\"twitter:card\" content=\"summary_large_image\" \/>\n<meta name=\"twitter:label1\" content=\"Gesch\u00e4tzte Lesezeit\" \/>\n\t<meta name=\"twitter:data1\" content=\"1\u00a0Minute\" \/>\n<script type=\"application\/ld+json\" class=\"yoast-schema-graph\">{\"@context\":\"https:\\\/\\\/schema.org\",\"@graph\":[{\"@type\":\"WebPage\",\"@id\":\"https:\\\/\\\/marktxxl.de\\\/markt\\\/produkt\\\/underestimate-me-thatll-be-fun-shirt-frauen-kurzarm-brief-druck-t-shirt-lustig-sarkastisches-zitat-shirts-tops\\\/\",\"url\":\"https:\\\/\\\/marktxxl.de\\\/markt\\\/produkt\\\/underestimate-me-thatll-be-fun-shirt-frauen-kurzarm-brief-druck-t-shirt-lustig-sarkastisches-zitat-shirts-tops\\\/\",\"name\":\"Underestimate Me That'll Be Fun Shirt Frauen Kurzarm Brief Druck T Shirt Lustig sarkastisches Zitat Shirts Tops - Markt-XXL\",\"isPartOf\":{\"@id\":\"https:\\\/\\\/marktxxl.de\\\/markt\\\/#website\"},\"primaryImageOfPage\":{\"@id\":\"https:\\\/\\\/marktxxl.de\\\/markt\\\/produkt\\\/underestimate-me-thatll-be-fun-shirt-frauen-kurzarm-brief-druck-t-shirt-lustig-sarkastisches-zitat-shirts-tops\\\/#primaryimage\"},\"image\":{\"@id\":\"https:\\\/\\\/marktxxl.de\\\/markt\\\/produkt\\\/underestimate-me-thatll-be-fun-shirt-frauen-kurzarm-brief-druck-t-shirt-lustig-sarkastisches-zitat-shirts-tops\\\/#primaryimage\"},\"thumbnailUrl\":\"https:\\\/\\\/m.media-amazon.com\\\/images\\\/I\\\/51pvb5tm+hL._SL500_.jpg\",\"datePublished\":\"2023-04-10T03:25:30+00:00\",\"dateModified\":\"2023-04-11T03:36:54+00:00\",\"description\":\"Markt-XXL Underestimate Me That'll Be Fun Shirt Frauen Kurzarm Brief Druck T Shirt Lustig sarkastisches Zitat Shirts Tops\",\"breadcrumb\":{\"@id\":\"https:\\\/\\\/marktxxl.de\\\/markt\\\/produkt\\\/underestimate-me-thatll-be-fun-shirt-frauen-kurzarm-brief-druck-t-shirt-lustig-sarkastisches-zitat-shirts-tops\\\/#breadcrumb\"},\"inLanguage\":\"de\",\"potentialAction\":[{\"@type\":\"ReadAction\",\"target\":[\"https:\\\/\\\/marktxxl.de\\\/markt\\\/produkt\\\/underestimate-me-thatll-be-fun-shirt-frauen-kurzarm-brief-druck-t-shirt-lustig-sarkastisches-zitat-shirts-tops\\\/\"]}]},{\"@type\":\"ImageObject\",\"inLanguage\":\"de\",\"@id\":\"https:\\\/\\\/marktxxl.de\\\/markt\\\/produkt\\\/underestimate-me-thatll-be-fun-shirt-frauen-kurzarm-brief-druck-t-shirt-lustig-sarkastisches-zitat-shirts-tops\\\/#primaryimage\",\"url\":\"https:\\\/\\\/m.media-amazon.com\\\/images\\\/I\\\/51pvb5tm+hL._SL500_.jpg\",\"contentUrl\":\"https:\\\/\\\/m.media-amazon.com\\\/images\\\/I\\\/51pvb5tm+hL._SL500_.jpg\",\"width\":442,\"height\":500},{\"@type\":\"BreadcrumbList\",\"@id\":\"https:\\\/\\\/marktxxl.de\\\/markt\\\/produkt\\\/underestimate-me-thatll-be-fun-shirt-frauen-kurzarm-brief-druck-t-shirt-lustig-sarkastisches-zitat-shirts-tops\\\/#breadcrumb\",\"itemListElement\":[{\"@type\":\"ListItem\",\"position\":1,\"name\":\"Startseite\",\"item\":\"https:\\\/\\\/marktxxl.de\\\/markt\\\/\"},{\"@type\":\"ListItem\",\"position\":2,\"name\":\"Markt\",\"item\":\"https:\\\/\\\/marktxxl.de\\\/markt\\\/\"},{\"@type\":\"ListItem\",\"position\":3,\"name\":\"Underestimate Me That&#8217;ll Be Fun Shirt Frauen Kurzarm Brief Druck T Shirt Lustig sarkastisches Zitat Shirts Tops\"}]},{\"@type\":\"WebSite\",\"@id\":\"https:\\\/\\\/marktxxl.de\\\/markt\\\/#website\",\"url\":\"https:\\\/\\\/marktxxl.de\\\/markt\\\/\",\"name\":\"Markt-XXL\",\"description\":\"Ihr Markt Online\",\"publisher\":{\"@id\":\"https:\\\/\\\/marktxxl.de\\\/markt\\\/#organization\"},\"potentialAction\":[{\"@type\":\"SearchAction\",\"target\":{\"@type\":\"EntryPoint\",\"urlTemplate\":\"https:\\\/\\\/marktxxl.de\\\/markt\\\/?s={search_term_string}\"},\"query-input\":{\"@type\":\"PropertyValueSpecification\",\"valueRequired\":true,\"valueName\":\"search_term_string\"}}],\"inLanguage\":\"de\"},{\"@type\":\"Organization\",\"@id\":\"https:\\\/\\\/marktxxl.de\\\/markt\\\/#organization\",\"name\":\"Markt-XXL\",\"url\":\"https:\\\/\\\/marktxxl.de\\\/markt\\\/\",\"logo\":{\"@type\":\"ImageObject\",\"inLanguage\":\"de\",\"@id\":\"https:\\\/\\\/marktxxl.de\\\/markt\\\/#\\\/schema\\\/logo\\\/image\\\/\",\"url\":\"https:\\\/\\\/marktxxl.de\\\/markt\\\/wp-content\\\/uploads\\\/sites\\\/3\\\/2020\\\/12\\\/logo.png\",\"contentUrl\":\"https:\\\/\\\/marktxxl.de\\\/markt\\\/wp-content\\\/uploads\\\/sites\\\/3\\\/2020\\\/12\\\/logo.png\",\"width\":200,\"height\":70,\"caption\":\"Markt-XXL\"},\"image\":{\"@id\":\"https:\\\/\\\/marktxxl.de\\\/markt\\\/#\\\/schema\\\/logo\\\/image\\\/\"}}]}<\/script>\n<!-- \/ Yoast SEO plugin. -->","yoast_head_json":{"title":"Underestimate Me That'll Be Fun Shirt Frauen Kurzarm Brief Druck T Shirt Lustig sarkastisches Zitat Shirts Tops - Markt-XXL","description":"Markt-XXL Underestimate Me That'll Be Fun Shirt Frauen Kurzarm Brief Druck T Shirt Lustig sarkastisches Zitat Shirts Tops","robots":{"index":"index","follow":"follow","max-snippet":"max-snippet:-1","max-image-preview":"max-image-preview:large","max-video-preview":"max-video-preview:-1"},"canonical":"https:\/\/marktxxl.de\/markt\/produkt\/underestimate-me-thatll-be-fun-shirt-frauen-kurzarm-brief-druck-t-shirt-lustig-sarkastisches-zitat-shirts-tops\/","og_locale":"de_DE","og_type":"article","og_title":"Underestimate Me That'll Be Fun Shirt Frauen Kurzarm Brief Druck T Shirt Lustig sarkastisches Zitat Shirts Tops - Markt-XXL","og_description":"Markt-XXL Underestimate Me That'll Be Fun Shirt Frauen Kurzarm Brief Druck T Shirt Lustig sarkastisches Zitat Shirts Tops","og_url":"https:\/\/marktxxl.de\/markt\/produkt\/underestimate-me-thatll-be-fun-shirt-frauen-kurzarm-brief-druck-t-shirt-lustig-sarkastisches-zitat-shirts-tops\/","og_site_name":"Markt-XXL","article_modified_time":"2023-04-11T03:36:54+00:00","og_image":[{"width":442,"height":500,"url":"https:\/\/m.media-amazon.com\/images\/I\/51pvb5tm+hL._SL500_.jpg","type":"image\/jpeg"}],"twitter_card":"summary_large_image","twitter_misc":{"Gesch\u00e4tzte Lesezeit":"1\u00a0Minute"},"schema":{"@context":"https:\/\/schema.org","@graph":[{"@type":"WebPage","@id":"https:\/\/marktxxl.de\/markt\/produkt\/underestimate-me-thatll-be-fun-shirt-frauen-kurzarm-brief-druck-t-shirt-lustig-sarkastisches-zitat-shirts-tops\/","url":"https:\/\/marktxxl.de\/markt\/produkt\/underestimate-me-thatll-be-fun-shirt-frauen-kurzarm-brief-druck-t-shirt-lustig-sarkastisches-zitat-shirts-tops\/","name":"Underestimate Me That'll Be Fun Shirt Frauen Kurzarm Brief Druck T Shirt Lustig sarkastisches Zitat Shirts Tops - Markt-XXL","isPartOf":{"@id":"https:\/\/marktxxl.de\/markt\/#website"},"primaryImageOfPage":{"@id":"https:\/\/marktxxl.de\/markt\/produkt\/underestimate-me-thatll-be-fun-shirt-frauen-kurzarm-brief-druck-t-shirt-lustig-sarkastisches-zitat-shirts-tops\/#primaryimage"},"image":{"@id":"https:\/\/marktxxl.de\/markt\/produkt\/underestimate-me-thatll-be-fun-shirt-frauen-kurzarm-brief-druck-t-shirt-lustig-sarkastisches-zitat-shirts-tops\/#primaryimage"},"thumbnailUrl":"https:\/\/m.media-amazon.com\/images\/I\/51pvb5tm+hL._SL500_.jpg","datePublished":"2023-04-10T03:25:30+00:00","dateModified":"2023-04-11T03:36:54+00:00","description":"Markt-XXL Underestimate Me That'll Be Fun Shirt Frauen Kurzarm Brief Druck T Shirt Lustig sarkastisches Zitat Shirts Tops","breadcrumb":{"@id":"https:\/\/marktxxl.de\/markt\/produkt\/underestimate-me-thatll-be-fun-shirt-frauen-kurzarm-brief-druck-t-shirt-lustig-sarkastisches-zitat-shirts-tops\/#breadcrumb"},"inLanguage":"de","potentialAction":[{"@type":"ReadAction","target":["https:\/\/marktxxl.de\/markt\/produkt\/underestimate-me-thatll-be-fun-shirt-frauen-kurzarm-brief-druck-t-shirt-lustig-sarkastisches-zitat-shirts-tops\/"]}]},{"@type":"ImageObject","inLanguage":"de","@id":"https:\/\/marktxxl.de\/markt\/produkt\/underestimate-me-thatll-be-fun-shirt-frauen-kurzarm-brief-druck-t-shirt-lustig-sarkastisches-zitat-shirts-tops\/#primaryimage","url":"https:\/\/m.media-amazon.com\/images\/I\/51pvb5tm+hL._SL500_.jpg","contentUrl":"https:\/\/m.media-amazon.com\/images\/I\/51pvb5tm+hL._SL500_.jpg","width":442,"height":500},{"@type":"BreadcrumbList","@id":"https:\/\/marktxxl.de\/markt\/produkt\/underestimate-me-thatll-be-fun-shirt-frauen-kurzarm-brief-druck-t-shirt-lustig-sarkastisches-zitat-shirts-tops\/#breadcrumb","itemListElement":[{"@type":"ListItem","position":1,"name":"Startseite","item":"https:\/\/marktxxl.de\/markt\/"},{"@type":"ListItem","position":2,"name":"Markt","item":"https:\/\/marktxxl.de\/markt\/"},{"@type":"ListItem","position":3,"name":"Underestimate Me That&#8217;ll Be Fun Shirt Frauen Kurzarm Brief Druck T Shirt Lustig sarkastisches Zitat Shirts Tops"}]},{"@type":"WebSite","@id":"https:\/\/marktxxl.de\/markt\/#website","url":"https:\/\/marktxxl.de\/markt\/","name":"Markt-XXL","description":"Ihr Markt Online","publisher":{"@id":"https:\/\/marktxxl.de\/markt\/#organization"},"potentialAction":[{"@type":"SearchAction","target":{"@type":"EntryPoint","urlTemplate":"https:\/\/marktxxl.de\/markt\/?s={search_term_string}"},"query-input":{"@type":"PropertyValueSpecification","valueRequired":true,"valueName":"search_term_string"}}],"inLanguage":"de"},{"@type":"Organization","@id":"https:\/\/marktxxl.de\/markt\/#organization","name":"Markt-XXL","url":"https:\/\/marktxxl.de\/markt\/","logo":{"@type":"ImageObject","inLanguage":"de","@id":"https:\/\/marktxxl.de\/markt\/#\/schema\/logo\/image\/","url":"https:\/\/marktxxl.de\/markt\/wp-content\/uploads\/sites\/3\/2020\/12\/logo.png","contentUrl":"https:\/\/marktxxl.de\/markt\/wp-content\/uploads\/sites\/3\/2020\/12\/logo.png","width":200,"height":70,"caption":"Markt-XXL"},"image":{"@id":"https:\/\/marktxxl.de\/markt\/#\/schema\/logo\/image\/"}}]}},"_links":{"self":[{"href":"https:\/\/marktxxl.de\/markt\/wp-json\/wp\/v2\/product\/198928","targetHints":{"allow":["GET"]}}],"collection":[{"href":"https:\/\/marktxxl.de\/markt\/wp-json\/wp\/v2\/product"}],"about":[{"href":"https:\/\/marktxxl.de\/markt\/wp-json\/wp\/v2\/types\/product"}],"replies":[{"embeddable":true,"href":"https:\/\/marktxxl.de\/markt\/wp-json\/wp\/v2\/comments?post=198928"}],"wp:featuredmedia":[{"embeddable":true,"href":"https:\/\/marktxxl.de\/markt\/wp-json\/wp\/v2\/media\/198929"}],"wp:attachment":[{"href":"https:\/\/marktxxl.de\/markt\/wp-json\/wp\/v2\/media?parent=198928"}],"wp:term":[{"taxonomy":"product_brand","embeddable":true,"href":"https:\/\/marktxxl.de\/markt\/wp-json\/wp\/v2\/product_brand?post=198928"},{"taxonomy":"product_cat","embeddable":true,"href":"https:\/\/marktxxl.de\/markt\/wp-json\/wp\/v2\/product_cat?post=198928"},{"taxonomy":"product_tag","embeddable":true,"href":"https:\/\/marktxxl.de\/markt\/wp-json\/wp\/v2\/product_tag?post=198928"}],"curies":[{"name":"wp","href":"https:\/\/api.w.org\/{rel}","templated":true}]}}