{"id":198920,"date":"2023-04-10T05:25:17","date_gmt":"2023-04-10T03:25:17","guid":{"rendered":"https:\/\/marktxxl.de\/markt\/produkt\/spotential-damen-schwangerschafts-yoga-shorts-mit-tasche-203-cm-schrittlaenge\/"},"modified":"2023-04-11T05:36:54","modified_gmt":"2023-04-11T03:36:54","slug":"spotential-damen-schwangerschafts-yoga-shorts-mit-tasche-203-cm-schrittlaenge","status":"publish","type":"product","link":"https:\/\/marktxxl.de\/markt\/produkt\/spotential-damen-schwangerschafts-yoga-shorts-mit-tasche-203-cm-schrittlaenge\/","title":{"rendered":"Spotential Damen Schwangerschafts-Yoga-Shorts mit Tasche, 20,3 cm Schrittl\u00e4nge"},"content":{"rendered":"<p>Komfort-Stoffpflege f\u00fcr werdende M\u00fctter: Aus 74 % Nylon + 26 % Spandex, hautfreundliche weiche Stoffe erm\u00f6glichen es Ihnen, maximalen Komfort bei Fitness\u00fcbungen zu bieten. Die kuschelige elastische Faser passt sich perfekt Ihrem wachsenden Bauch an, wodurch Sie w\u00e4hrend der Schwangerschaft frei trainieren und den ganzen Tag bequem tragen k\u00f6nnen.<br \/>\n\u30102 Schichten U-f\u00f6rmiges R\u00fcckendesign\u3011\ud83d\udc49 Verbessertes U-f\u00f6rmiges Design ist besser geeignet f\u00fcr werdende M\u00fctter. Der vordere Bauch und der R\u00fccken bestehen aus doppellagigen Stoffen, die die Atmungsaktivit\u00e4t und den Komfort von aktiven Shorts verbessern. Die l\u00e4ngere 20,3 cm lange Innennaht bietet ausreichende Abdeckung, wenn Sie die Bewegung \u00e4ndern, um die Oberschenkelreibung zu verhindern, was sie zu einer hervorragenden Sport-Shorts macht.<br \/>\n\u3010Vollst\u00e4ndige Bauchabdeckung und zwei Seitentaschen\u3011\ud83d\udc49 Hohe Taille bietet mehr Platz, um Babybauch f\u00fcr wachsende Mutter zu wachsen. Damen Sportshorts bleiben an Ort und Stelle f\u00fcr t\u00e4gliche Workouts ohne zu ziehen, und bieten sanfte R\u00fcckenunterst\u00fctzung, um den Druck auf den R\u00fccken zu reduzieren. Es hat zwei Seitentaschen gro\u00df genug, um Ihr Handy, Karten, M\u00fcnzen, Schl\u00fcssel oder andere Notwendigkeiten zu halten.<br \/>\n\u3010Begleiten Sie mit Ihnen w\u00e4hrend der Schwangerschaft\u3011\ud83d\udc49 Diese Mutterschaft aktive Shorts eignet sich f\u00fcr den t\u00e4glichen Gebrauch, Laufen, Radfahren, Yoga, Strandbekleidung, Pilates, Abh\u00e4ngen, Joggen, Sommer\u00fcbungen oder Outdoor-Sportarten. Es kann auch zum Einkaufen oder f\u00fcr den t\u00e4glichen Gebrauch zum Essen in Restaurants oder Caf\u00e9s verwendet werden. Dies ist das perfekte Geschenk f\u00fcr Sie oder Ihren Liebhaber an wichtigen Jubil\u00e4en und Feiertagen.<br \/>\n\u3010Bitte w\u00e4hlen Sie zuerst die richtige Gr\u00f6\u00dfe f\u00fcr Sie\u3011\ud83d\udc49 Die Shorts Gr\u00f6\u00dfe dehnt sich durch Elastizit\u00e4t, um sich dem wachsenden Bauch anzupassen. Bitte beachten Sie vor der Bestellung unsere Gr\u00f6\u00dfentabelle der linken Bilderspalte, um die Gr\u00f6\u00dfe wirklich f\u00fcr Sie zu finden, danke f\u00fcr Ihr Verst\u00e4ndnis.<br \/>\n<div class=\"main-cross-sell\" data-asin=\"B09CFXPMR2\">\n\n\t<div class=\"WooZone-cross-sell-loader\">\n\t\t<div>\n\t\t\t<div id=\"floatingBarsG\">\n\t\t\t\t<div class=\"blockG\" id=\"rotateG_01\"><\/div>\n\t\t\t\t<div class=\"blockG\" id=\"rotateG_02\"><\/div>\n\t\t\t\t<div class=\"blockG\" id=\"rotateG_03\"><\/div>\n\t\t\t\t<div class=\"blockG\" id=\"rotateG_04\"><\/div>\n\t\t\t\t<div class=\"blockG\" id=\"rotateG_05\"><\/div>\n\t\t\t\t<div class=\"blockG\" id=\"rotateG_06\"><\/div>\n\t\t\t\t<div class=\"blockG\" id=\"rotateG_07\"><\/div>\n\t\t\t\t<div class=\"blockG\" id=\"rotateG_08\"><\/div>\n\t\t\t<\/div>\n\t\t\t<div class=\"WooZone-cross-sell-loader-text\"><\/div>\n\t\t<\/div>\n\t<\/div>\n\n\t\t\n<\/div>\n<div style=\"clear:both;\"><\/div><\/p>\n","protected":false},"excerpt":{"rendered":"<p>Komfort-Stoffpflege f\u00fcr werdende M\u00fctter: Aus 74 % Nylon + 26 % Spandex, hautfreundliche weiche Stoffe erm\u00f6glichen es Ihnen, maximalen Komfort bei Fitness\u00fcbungen zu bieten. Die kuschelige elastische Faser passt sich perfekt Ihrem wachsenden Bauch an, wodurch Sie w\u00e4hrend der Schwangerschaft frei trainieren und den ganzen Tag bequem tragen k\u00f6nnen.<br \/>\n\u30102 Schichten U-f\u00f6rmiges R\u00fcckendesign\u3011\ud83d\udc49 Verbessertes U-f\u00f6rmiges Design ist besser geeignet f\u00fcr werdende M\u00fctter. Der vordere Bauch und der R\u00fccken bestehen aus doppellagigen Stoffen, die die Atmungsaktivit\u00e4t und den Komfort von aktiven Shorts verbessern. Die l\u00e4ngere 20,3 cm lange Innennaht bietet ausreichende Abdeckung, wenn Sie die Bewegung \u00e4ndern, um die Oberschenkelreibung zu verhindern, was sie zu einer hervorragenden Sport-Shorts macht.<br \/>\n\u3010Vollst\u00e4ndige Bauchabdeckung und zwei Seitentaschen\u3011\ud83d\udc49 Hohe Taille bietet mehr Platz, um Babybauch f\u00fcr wachsende Mutter zu wachsen. Damen Sportshorts bleiben an Ort und Stelle f\u00fcr t\u00e4gliche Workouts ohne zu ziehen, und bieten sanfte R\u00fcckenunterst\u00fctzung, um den Druck auf den R\u00fccken zu reduzieren. Es hat zwei Seitentaschen gro\u00df genug, um Ihr Handy, Karten, M\u00fcnzen, Schl\u00fcssel oder andere Notwendigkeiten zu halten.<\/p>\n","protected":false},"featured_media":198921,"comment_status":"open","ping_status":"closed","template":"","meta":[],"product_brand":[],"product_cat":[21,9478],"product_tag":[],"class_list":{"0":"post-198920","1":"product","2":"type-product","3":"status-publish","4":"has-post-thumbnail","6":"product_cat-baby","7":"product_cat-umstandskleidung-baby","8":"pa_binding-textilien","9":"pa_brand-spotential","10":"pa_manufacturer-spotential","12":"first","13":"instock","14":"shipping-taxable","15":"purchasable","16":"product-type-simple","17":"customify-col","18":"product-has-gallery"},"yoast_head":"<!-- This site is optimized with the Yoast SEO plugin v27.4 - https:\/\/yoast.com\/product\/yoast-seo-wordpress\/ -->\n<title>Spotential Damen Schwangerschafts-Yoga-Shorts mit Tasche, 20,3 cm Schrittl\u00e4nge - Markt-XXL<\/title>\n<meta name=\"description\" content=\"Markt-XXL Spotential Damen Schwangerschafts-Yoga-Shorts mit Tasche, 20,3 cm Schrittl\u00e4nge\" \/>\n<meta name=\"robots\" content=\"index, follow, max-snippet:-1, max-image-preview:large, max-video-preview:-1\" \/>\n<link rel=\"canonical\" href=\"https:\/\/marktxxl.de\/markt\/produkt\/spotential-damen-schwangerschafts-yoga-shorts-mit-tasche-203-cm-schrittlaenge\/\" \/>\n<meta property=\"og:locale\" content=\"de_DE\" \/>\n<meta property=\"og:type\" content=\"article\" \/>\n<meta property=\"og:title\" content=\"Spotential Damen Schwangerschafts-Yoga-Shorts mit Tasche, 20,3 cm Schrittl\u00e4nge - Markt-XXL\" \/>\n<meta property=\"og:description\" content=\"Markt-XXL Spotential Damen Schwangerschafts-Yoga-Shorts mit Tasche, 20,3 cm Schrittl\u00e4nge\" \/>\n<meta property=\"og:url\" content=\"https:\/\/marktxxl.de\/markt\/produkt\/spotential-damen-schwangerschafts-yoga-shorts-mit-tasche-203-cm-schrittlaenge\/\" \/>\n<meta property=\"og:site_name\" content=\"Markt-XXL\" \/>\n<meta property=\"article:modified_time\" content=\"2023-04-11T03:36:54+00:00\" \/>\n<meta property=\"og:image\" content=\"https:\/\/m.media-amazon.com\/images\/I\/31n6+1a5U7L._SL500_.jpg\" \/>\n\t<meta property=\"og:image:width\" content=\"500\" \/>\n\t<meta property=\"og:image:height\" content=\"500\" \/>\n\t<meta property=\"og:image:type\" content=\"image\/jpeg\" \/>\n<meta name=\"twitter:card\" content=\"summary_large_image\" \/>\n<meta name=\"twitter:label1\" content=\"Gesch\u00e4tzte Lesezeit\" \/>\n\t<meta name=\"twitter:data1\" content=\"2\u00a0Minuten\" \/>\n<script type=\"application\/ld+json\" class=\"yoast-schema-graph\">{\"@context\":\"https:\\\/\\\/schema.org\",\"@graph\":[{\"@type\":\"WebPage\",\"@id\":\"https:\\\/\\\/marktxxl.de\\\/markt\\\/produkt\\\/spotential-damen-schwangerschafts-yoga-shorts-mit-tasche-203-cm-schrittlaenge\\\/\",\"url\":\"https:\\\/\\\/marktxxl.de\\\/markt\\\/produkt\\\/spotential-damen-schwangerschafts-yoga-shorts-mit-tasche-203-cm-schrittlaenge\\\/\",\"name\":\"Spotential Damen Schwangerschafts-Yoga-Shorts mit Tasche, 20,3 cm Schrittl\u00e4nge - Markt-XXL\",\"isPartOf\":{\"@id\":\"https:\\\/\\\/marktxxl.de\\\/markt\\\/#website\"},\"primaryImageOfPage\":{\"@id\":\"https:\\\/\\\/marktxxl.de\\\/markt\\\/produkt\\\/spotential-damen-schwangerschafts-yoga-shorts-mit-tasche-203-cm-schrittlaenge\\\/#primaryimage\"},\"image\":{\"@id\":\"https:\\\/\\\/marktxxl.de\\\/markt\\\/produkt\\\/spotential-damen-schwangerschafts-yoga-shorts-mit-tasche-203-cm-schrittlaenge\\\/#primaryimage\"},\"thumbnailUrl\":\"https:\\\/\\\/m.media-amazon.com\\\/images\\\/I\\\/31n6+1a5U7L._SL500_.jpg\",\"datePublished\":\"2023-04-10T03:25:17+00:00\",\"dateModified\":\"2023-04-11T03:36:54+00:00\",\"description\":\"Markt-XXL Spotential Damen Schwangerschafts-Yoga-Shorts mit Tasche, 20,3 cm Schrittl\u00e4nge\",\"breadcrumb\":{\"@id\":\"https:\\\/\\\/marktxxl.de\\\/markt\\\/produkt\\\/spotential-damen-schwangerschafts-yoga-shorts-mit-tasche-203-cm-schrittlaenge\\\/#breadcrumb\"},\"inLanguage\":\"de\",\"potentialAction\":[{\"@type\":\"ReadAction\",\"target\":[\"https:\\\/\\\/marktxxl.de\\\/markt\\\/produkt\\\/spotential-damen-schwangerschafts-yoga-shorts-mit-tasche-203-cm-schrittlaenge\\\/\"]}]},{\"@type\":\"ImageObject\",\"inLanguage\":\"de\",\"@id\":\"https:\\\/\\\/marktxxl.de\\\/markt\\\/produkt\\\/spotential-damen-schwangerschafts-yoga-shorts-mit-tasche-203-cm-schrittlaenge\\\/#primaryimage\",\"url\":\"https:\\\/\\\/m.media-amazon.com\\\/images\\\/I\\\/31n6+1a5U7L._SL500_.jpg\",\"contentUrl\":\"https:\\\/\\\/m.media-amazon.com\\\/images\\\/I\\\/31n6+1a5U7L._SL500_.jpg\",\"width\":500,\"height\":500},{\"@type\":\"BreadcrumbList\",\"@id\":\"https:\\\/\\\/marktxxl.de\\\/markt\\\/produkt\\\/spotential-damen-schwangerschafts-yoga-shorts-mit-tasche-203-cm-schrittlaenge\\\/#breadcrumb\",\"itemListElement\":[{\"@type\":\"ListItem\",\"position\":1,\"name\":\"Startseite\",\"item\":\"https:\\\/\\\/marktxxl.de\\\/markt\\\/\"},{\"@type\":\"ListItem\",\"position\":2,\"name\":\"Markt\",\"item\":\"https:\\\/\\\/marktxxl.de\\\/markt\\\/\"},{\"@type\":\"ListItem\",\"position\":3,\"name\":\"Spotential Damen Schwangerschafts-Yoga-Shorts mit Tasche, 20,3 cm Schrittl\u00e4nge\"}]},{\"@type\":\"WebSite\",\"@id\":\"https:\\\/\\\/marktxxl.de\\\/markt\\\/#website\",\"url\":\"https:\\\/\\\/marktxxl.de\\\/markt\\\/\",\"name\":\"Markt-XXL\",\"description\":\"Ihr Markt Online\",\"publisher\":{\"@id\":\"https:\\\/\\\/marktxxl.de\\\/markt\\\/#organization\"},\"potentialAction\":[{\"@type\":\"SearchAction\",\"target\":{\"@type\":\"EntryPoint\",\"urlTemplate\":\"https:\\\/\\\/marktxxl.de\\\/markt\\\/?s={search_term_string}\"},\"query-input\":{\"@type\":\"PropertyValueSpecification\",\"valueRequired\":true,\"valueName\":\"search_term_string\"}}],\"inLanguage\":\"de\"},{\"@type\":\"Organization\",\"@id\":\"https:\\\/\\\/marktxxl.de\\\/markt\\\/#organization\",\"name\":\"Markt-XXL\",\"url\":\"https:\\\/\\\/marktxxl.de\\\/markt\\\/\",\"logo\":{\"@type\":\"ImageObject\",\"inLanguage\":\"de\",\"@id\":\"https:\\\/\\\/marktxxl.de\\\/markt\\\/#\\\/schema\\\/logo\\\/image\\\/\",\"url\":\"https:\\\/\\\/marktxxl.de\\\/markt\\\/wp-content\\\/uploads\\\/sites\\\/3\\\/2020\\\/12\\\/logo.png\",\"contentUrl\":\"https:\\\/\\\/marktxxl.de\\\/markt\\\/wp-content\\\/uploads\\\/sites\\\/3\\\/2020\\\/12\\\/logo.png\",\"width\":200,\"height\":70,\"caption\":\"Markt-XXL\"},\"image\":{\"@id\":\"https:\\\/\\\/marktxxl.de\\\/markt\\\/#\\\/schema\\\/logo\\\/image\\\/\"}}]}<\/script>\n<!-- \/ Yoast SEO plugin. -->","yoast_head_json":{"title":"Spotential Damen Schwangerschafts-Yoga-Shorts mit Tasche, 20,3 cm Schrittl\u00e4nge - Markt-XXL","description":"Markt-XXL Spotential Damen Schwangerschafts-Yoga-Shorts mit Tasche, 20,3 cm Schrittl\u00e4nge","robots":{"index":"index","follow":"follow","max-snippet":"max-snippet:-1","max-image-preview":"max-image-preview:large","max-video-preview":"max-video-preview:-1"},"canonical":"https:\/\/marktxxl.de\/markt\/produkt\/spotential-damen-schwangerschafts-yoga-shorts-mit-tasche-203-cm-schrittlaenge\/","og_locale":"de_DE","og_type":"article","og_title":"Spotential Damen Schwangerschafts-Yoga-Shorts mit Tasche, 20,3 cm Schrittl\u00e4nge - Markt-XXL","og_description":"Markt-XXL Spotential Damen Schwangerschafts-Yoga-Shorts mit Tasche, 20,3 cm Schrittl\u00e4nge","og_url":"https:\/\/marktxxl.de\/markt\/produkt\/spotential-damen-schwangerschafts-yoga-shorts-mit-tasche-203-cm-schrittlaenge\/","og_site_name":"Markt-XXL","article_modified_time":"2023-04-11T03:36:54+00:00","og_image":[{"width":500,"height":500,"url":"https:\/\/m.media-amazon.com\/images\/I\/31n6+1a5U7L._SL500_.jpg","type":"image\/jpeg"}],"twitter_card":"summary_large_image","twitter_misc":{"Gesch\u00e4tzte Lesezeit":"2\u00a0Minuten"},"schema":{"@context":"https:\/\/schema.org","@graph":[{"@type":"WebPage","@id":"https:\/\/marktxxl.de\/markt\/produkt\/spotential-damen-schwangerschafts-yoga-shorts-mit-tasche-203-cm-schrittlaenge\/","url":"https:\/\/marktxxl.de\/markt\/produkt\/spotential-damen-schwangerschafts-yoga-shorts-mit-tasche-203-cm-schrittlaenge\/","name":"Spotential Damen Schwangerschafts-Yoga-Shorts mit Tasche, 20,3 cm Schrittl\u00e4nge - Markt-XXL","isPartOf":{"@id":"https:\/\/marktxxl.de\/markt\/#website"},"primaryImageOfPage":{"@id":"https:\/\/marktxxl.de\/markt\/produkt\/spotential-damen-schwangerschafts-yoga-shorts-mit-tasche-203-cm-schrittlaenge\/#primaryimage"},"image":{"@id":"https:\/\/marktxxl.de\/markt\/produkt\/spotential-damen-schwangerschafts-yoga-shorts-mit-tasche-203-cm-schrittlaenge\/#primaryimage"},"thumbnailUrl":"https:\/\/m.media-amazon.com\/images\/I\/31n6+1a5U7L._SL500_.jpg","datePublished":"2023-04-10T03:25:17+00:00","dateModified":"2023-04-11T03:36:54+00:00","description":"Markt-XXL Spotential Damen Schwangerschafts-Yoga-Shorts mit Tasche, 20,3 cm Schrittl\u00e4nge","breadcrumb":{"@id":"https:\/\/marktxxl.de\/markt\/produkt\/spotential-damen-schwangerschafts-yoga-shorts-mit-tasche-203-cm-schrittlaenge\/#breadcrumb"},"inLanguage":"de","potentialAction":[{"@type":"ReadAction","target":["https:\/\/marktxxl.de\/markt\/produkt\/spotential-damen-schwangerschafts-yoga-shorts-mit-tasche-203-cm-schrittlaenge\/"]}]},{"@type":"ImageObject","inLanguage":"de","@id":"https:\/\/marktxxl.de\/markt\/produkt\/spotential-damen-schwangerschafts-yoga-shorts-mit-tasche-203-cm-schrittlaenge\/#primaryimage","url":"https:\/\/m.media-amazon.com\/images\/I\/31n6+1a5U7L._SL500_.jpg","contentUrl":"https:\/\/m.media-amazon.com\/images\/I\/31n6+1a5U7L._SL500_.jpg","width":500,"height":500},{"@type":"BreadcrumbList","@id":"https:\/\/marktxxl.de\/markt\/produkt\/spotential-damen-schwangerschafts-yoga-shorts-mit-tasche-203-cm-schrittlaenge\/#breadcrumb","itemListElement":[{"@type":"ListItem","position":1,"name":"Startseite","item":"https:\/\/marktxxl.de\/markt\/"},{"@type":"ListItem","position":2,"name":"Markt","item":"https:\/\/marktxxl.de\/markt\/"},{"@type":"ListItem","position":3,"name":"Spotential Damen Schwangerschafts-Yoga-Shorts mit Tasche, 20,3 cm Schrittl\u00e4nge"}]},{"@type":"WebSite","@id":"https:\/\/marktxxl.de\/markt\/#website","url":"https:\/\/marktxxl.de\/markt\/","name":"Markt-XXL","description":"Ihr Markt Online","publisher":{"@id":"https:\/\/marktxxl.de\/markt\/#organization"},"potentialAction":[{"@type":"SearchAction","target":{"@type":"EntryPoint","urlTemplate":"https:\/\/marktxxl.de\/markt\/?s={search_term_string}"},"query-input":{"@type":"PropertyValueSpecification","valueRequired":true,"valueName":"search_term_string"}}],"inLanguage":"de"},{"@type":"Organization","@id":"https:\/\/marktxxl.de\/markt\/#organization","name":"Markt-XXL","url":"https:\/\/marktxxl.de\/markt\/","logo":{"@type":"ImageObject","inLanguage":"de","@id":"https:\/\/marktxxl.de\/markt\/#\/schema\/logo\/image\/","url":"https:\/\/marktxxl.de\/markt\/wp-content\/uploads\/sites\/3\/2020\/12\/logo.png","contentUrl":"https:\/\/marktxxl.de\/markt\/wp-content\/uploads\/sites\/3\/2020\/12\/logo.png","width":200,"height":70,"caption":"Markt-XXL"},"image":{"@id":"https:\/\/marktxxl.de\/markt\/#\/schema\/logo\/image\/"}}]}},"_links":{"self":[{"href":"https:\/\/marktxxl.de\/markt\/wp-json\/wp\/v2\/product\/198920","targetHints":{"allow":["GET"]}}],"collection":[{"href":"https:\/\/marktxxl.de\/markt\/wp-json\/wp\/v2\/product"}],"about":[{"href":"https:\/\/marktxxl.de\/markt\/wp-json\/wp\/v2\/types\/product"}],"replies":[{"embeddable":true,"href":"https:\/\/marktxxl.de\/markt\/wp-json\/wp\/v2\/comments?post=198920"}],"wp:featuredmedia":[{"embeddable":true,"href":"https:\/\/marktxxl.de\/markt\/wp-json\/wp\/v2\/media\/198921"}],"wp:attachment":[{"href":"https:\/\/marktxxl.de\/markt\/wp-json\/wp\/v2\/media?parent=198920"}],"wp:term":[{"taxonomy":"product_brand","embeddable":true,"href":"https:\/\/marktxxl.de\/markt\/wp-json\/wp\/v2\/product_brand?post=198920"},{"taxonomy":"product_cat","embeddable":true,"href":"https:\/\/marktxxl.de\/markt\/wp-json\/wp\/v2\/product_cat?post=198920"},{"taxonomy":"product_tag","embeddable":true,"href":"https:\/\/marktxxl.de\/markt\/wp-json\/wp\/v2\/product_tag?post=198920"}],"curies":[{"name":"wp","href":"https:\/\/api.w.org\/{rel}","templated":true}]}}