{"id":198891,"date":"2023-04-10T05:05:30","date_gmt":"2023-04-10T03:05:30","guid":{"rendered":"https:\/\/marktxxl.de\/markt\/produkt\/sommer-kleider-frauen-kleid-chiffon-elegante-spitze-patchwork-kleid-ausschnitt-langes-kleid-brautjungfer-abendkleid-kleider-sommer-elegant\/"},"modified":"2023-04-11T05:35:59","modified_gmt":"2023-04-11T03:35:59","slug":"sommer-kleider-frauen-kleid-chiffon-elegante-spitze-patchwork-kleid-ausschnitt-langes-kleid-brautjungfer-abendkleid-kleider-sommer-elegant","status":"publish","type":"product","link":"https:\/\/marktxxl.de\/markt\/produkt\/sommer-kleider-frauen-kleid-chiffon-elegante-spitze-patchwork-kleid-ausschnitt-langes-kleid-brautjungfer-abendkleid-kleider-sommer-elegant\/","title":{"rendered":"Sommer Kleider Frauen, Kleid Chiffon Elegante Spitze Patchwork Kleid Ausschnitt Langes Kleid Brautjungfer Abendkleid\u2026"},"content":{"rendered":"<p>Es ist aus hochwertigen Materialien gefertigt, langlebig genug. Damen Kleid sind weich und bequem, atmungsaktiv, elastisch, undurchsichtig und lassen sich nicht leicht. Verformen.einfach und gro\u00dfz\u00fcgig, locker und bequem! Dieses spezielle Design wird Ihr Herz stehlen! Schick und bequem, mit diesem erstaunlich s\u00fc\u00dfen Modell k\u00f6nnen Sie nichts falsch machen!<br \/>\nBasic f\u00fcr verschinene Gelegenheiten, wenn Sie zu Hause chillen, Einkaufen gehen, abholen, Freunden treffen, oder im B\u00fcro arbeiten, ist dieses eine gute Wahl. Der Material l\u00e4sst sich gut dehnen und bietet Ihnen einen hohen Tragekomfort. Angepasstes und dehnbares Design erm\u00f6glicht es Ihnen, sich w\u00e4hrend des Trainings leichter zu bewegen.Kann bei kaltem Wetter auch als Unterhemd verwendet werden. ich bin sicher, es wird Ihnen gefallen!<br \/>\nElegante Kleider Vintage Kleider Damen Pareos Strandkleider Maxikleid Damen Strandkleid Lang R\u00fcckenfreie Kleider Maid Dress Italienische Kleider 70Er Jahre Bekleidung Damen Jersey Kleider Damen Jersey Kleider Damen Kost\u00fcm Damen Hippie Boho Kleid Dresses For Women Elegante Kleider Damen Ballkleider Lang 90Er Jahre Outfit Damen Abendkleid Abiballkleid Midi Kleider Damen Kleider Elegant Lang Abendkleid Grosse Gr\u00f6ssen G\u00fcnstige Kleider Damen Bleistift Kleider Dresses For Women Party Long<br \/>\nSexy Outfit F\u00fcr Damen Kleid Damen Sommer Maxikleid Damen Sommerkleider Damen Kurz Italienische Sommerkleider Dresses For Women Summer Hawaii Outfit Damen Maid Dress 20Er Jahre Kleid Elegante Kleider Sexy Kleider Kleider A Linie Damen Etuikleid Damen Damen Kleider Lang Sommer Kleider Tunika Kleid Damen Sommer Maxi Kleider F\u00fcr Damen Sommer Blumen Kleider Kleider F\u00fcr Schwangere Frauen Figurbetonte Abendkleider Petticoat Kleid 50Er Jahre Strickkleid Damen Sommer Lang Asymmetrische Kleider<br \/>\nAbendkleider Elegant Lang Strandkleider Damen Sommer Strickkleid Damen Leinenkleid Damen Sommer Kleid Elegant Musselin Tuch Damen Damen Sommerkleid Wadenlange Kleider Abendkleider Elegant F\u00fcr Hochzeit Gro\u00dfe Gr\u00f6\u00dfen Kleid Langarm Dresses For Women Party Kleider Damen Maxi Dress Umstandsmode Damen Kleider Kleid Damen Sommer Kleider Damen Sommer Lang Festliche Kleider F\u00fcr Damen Spitzenkleid Damen Abendkleider Dress Tanzkleid Damen Kleid Festlich Damen Kleid Mit Hose Bodycon Kleid Damen<br \/>\n<div class=\"main-cross-sell\" data-asin=\"B0BWCYJJX6\">\n\n\t<div class=\"WooZone-cross-sell-loader\">\n\t\t<div>\n\t\t\t<div id=\"floatingBarsG\">\n\t\t\t\t<div class=\"blockG\" id=\"rotateG_01\"><\/div>\n\t\t\t\t<div class=\"blockG\" id=\"rotateG_02\"><\/div>\n\t\t\t\t<div class=\"blockG\" id=\"rotateG_03\"><\/div>\n\t\t\t\t<div class=\"blockG\" id=\"rotateG_04\"><\/div>\n\t\t\t\t<div class=\"blockG\" id=\"rotateG_05\"><\/div>\n\t\t\t\t<div class=\"blockG\" id=\"rotateG_06\"><\/div>\n\t\t\t\t<div class=\"blockG\" id=\"rotateG_07\"><\/div>\n\t\t\t\t<div class=\"blockG\" id=\"rotateG_08\"><\/div>\n\t\t\t<\/div>\n\t\t\t<div class=\"WooZone-cross-sell-loader-text\"><\/div>\n\t\t<\/div>\n\t<\/div>\n\n\t\t\n<\/div>\n<div style=\"clear:both;\"><\/div><\/p>\n","protected":false},"excerpt":{"rendered":"<p>Es ist aus hochwertigen Materialien gefertigt, langlebig genug. Damen Kleid sind weich und bequem, atmungsaktiv, elastisch, undurchsichtig und lassen sich nicht leicht. Verformen.einfach und gro\u00dfz\u00fcgig, locker und bequem! Dieses spezielle Design wird Ihr Herz stehlen! Schick und bequem, mit diesem erstaunlich s\u00fc\u00dfen Modell k\u00f6nnen Sie nichts falsch machen!<br \/>\nBasic f\u00fcr verschinene Gelegenheiten, wenn Sie zu Hause chillen, Einkaufen gehen, abholen, Freunden treffen, oder im B\u00fcro arbeiten, ist dieses eine gute Wahl. Der Material l\u00e4sst sich gut dehnen und bietet Ihnen einen hohen Tragekomfort. Angepasstes und dehnbares Design erm\u00f6glicht es Ihnen, sich w\u00e4hrend des Trainings leichter zu bewegen.Kann bei kaltem Wetter auch als Unterhemd verwendet werden. ich bin sicher, es wird Ihnen gefallen!<br \/>\nElegante Kleider Vintage Kleider Damen Pareos Strandkleider Maxikleid Damen Strandkleid Lang R\u00fcckenfreie Kleider Maid Dress Italienische Kleider 70Er Jahre Bekleidung Damen Jersey Kleider Damen Jersey Kleider Damen Kost\u00fcm Damen Hippie Boho Kleid Dresses For Women Elegante Kleider Damen Ballkleider Lang 90Er Jahre Outfit Damen Abendkleid Abiballkleid Midi Kleider Damen Kleider Elegant Lang Abendkleid Grosse Gr\u00f6ssen G\u00fcnstige Kleider Damen Bleistift Kleider Dresses For Women Party Long<\/p>\n","protected":false},"featured_media":198892,"comment_status":"open","ping_status":"closed","template":"","meta":[],"product_brand":[],"product_cat":[21,9478],"product_tag":[],"class_list":{"0":"post-198891","1":"product","2":"type-product","3":"status-publish","4":"has-post-thumbnail","6":"product_cat-baby","7":"product_cat-umstandskleidung-baby","8":"pa_binding-textilien","9":"pa_brand-generic","10":"pa_height-27-55905509-zoll","11":"pa_length-27-55905509-zoll","12":"pa_manufacturer-lzjds","13":"pa_model-clothing-wardrobe-storage","14":"pa_weight-0-5070632026-pfund","15":"pa_width-23-62204722-zoll","17":"first","18":"instock","19":"shipping-taxable","20":"purchasable","21":"product-type-simple","22":"customify-col","23":"product-has-gallery"},"yoast_head":"<!-- This site is optimized with the Yoast SEO plugin v27.4 - https:\/\/yoast.com\/product\/yoast-seo-wordpress\/ -->\n<title>Sommer Kleider Frauen, Kleid Chiffon Elegante Spitze Patchwork Kleid Ausschnitt Langes Kleid Brautjungfer Abendkleid\u2026 - Markt-XXL<\/title>\n<meta name=\"description\" content=\"Markt-XXL Sommer Kleider Frauen, Kleid Chiffon Elegante Spitze Patchwork Kleid Ausschnitt Langes Kleid Brautjungfer Abendkleid\u2026\" \/>\n<meta name=\"robots\" content=\"index, follow, max-snippet:-1, max-image-preview:large, max-video-preview:-1\" \/>\n<link rel=\"canonical\" href=\"https:\/\/marktxxl.de\/markt\/produkt\/sommer-kleider-frauen-kleid-chiffon-elegante-spitze-patchwork-kleid-ausschnitt-langes-kleid-brautjungfer-abendkleid-kleider-sommer-elegant\/\" \/>\n<meta property=\"og:locale\" content=\"de_DE\" \/>\n<meta property=\"og:type\" content=\"article\" \/>\n<meta property=\"og:title\" content=\"Sommer Kleider Frauen, Kleid Chiffon Elegante Spitze Patchwork Kleid Ausschnitt Langes Kleid Brautjungfer Abendkleid\u2026 - Markt-XXL\" \/>\n<meta property=\"og:description\" content=\"Markt-XXL Sommer Kleider Frauen, Kleid Chiffon Elegante Spitze Patchwork Kleid Ausschnitt Langes Kleid Brautjungfer Abendkleid\u2026\" \/>\n<meta property=\"og:url\" content=\"https:\/\/marktxxl.de\/markt\/produkt\/sommer-kleider-frauen-kleid-chiffon-elegante-spitze-patchwork-kleid-ausschnitt-langes-kleid-brautjungfer-abendkleid-kleider-sommer-elegant\/\" \/>\n<meta property=\"og:site_name\" content=\"Markt-XXL\" \/>\n<meta property=\"article:modified_time\" content=\"2023-04-11T03:35:59+00:00\" \/>\n<meta property=\"og:image\" content=\"https:\/\/m.media-amazon.com\/images\/I\/41xyK9TffpL._SL500_.jpg\" \/>\n\t<meta property=\"og:image:width\" content=\"500\" \/>\n\t<meta property=\"og:image:height\" content=\"500\" \/>\n\t<meta property=\"og:image:type\" content=\"image\/jpeg\" \/>\n<meta name=\"twitter:card\" content=\"summary_large_image\" \/>\n<meta name=\"twitter:label1\" content=\"Gesch\u00e4tzte Lesezeit\" \/>\n\t<meta name=\"twitter:data1\" content=\"2\u00a0Minuten\" \/>\n<script type=\"application\/ld+json\" class=\"yoast-schema-graph\">{\"@context\":\"https:\\\/\\\/schema.org\",\"@graph\":[{\"@type\":\"WebPage\",\"@id\":\"https:\\\/\\\/marktxxl.de\\\/markt\\\/produkt\\\/sommer-kleider-frauen-kleid-chiffon-elegante-spitze-patchwork-kleid-ausschnitt-langes-kleid-brautjungfer-abendkleid-kleider-sommer-elegant\\\/\",\"url\":\"https:\\\/\\\/marktxxl.de\\\/markt\\\/produkt\\\/sommer-kleider-frauen-kleid-chiffon-elegante-spitze-patchwork-kleid-ausschnitt-langes-kleid-brautjungfer-abendkleid-kleider-sommer-elegant\\\/\",\"name\":\"Sommer Kleider Frauen, Kleid Chiffon Elegante Spitze Patchwork Kleid Ausschnitt Langes Kleid Brautjungfer Abendkleid\u2026 - Markt-XXL\",\"isPartOf\":{\"@id\":\"https:\\\/\\\/marktxxl.de\\\/markt\\\/#website\"},\"primaryImageOfPage\":{\"@id\":\"https:\\\/\\\/marktxxl.de\\\/markt\\\/produkt\\\/sommer-kleider-frauen-kleid-chiffon-elegante-spitze-patchwork-kleid-ausschnitt-langes-kleid-brautjungfer-abendkleid-kleider-sommer-elegant\\\/#primaryimage\"},\"image\":{\"@id\":\"https:\\\/\\\/marktxxl.de\\\/markt\\\/produkt\\\/sommer-kleider-frauen-kleid-chiffon-elegante-spitze-patchwork-kleid-ausschnitt-langes-kleid-brautjungfer-abendkleid-kleider-sommer-elegant\\\/#primaryimage\"},\"thumbnailUrl\":\"https:\\\/\\\/m.media-amazon.com\\\/images\\\/I\\\/41xyK9TffpL._SL500_.jpg\",\"datePublished\":\"2023-04-10T03:05:30+00:00\",\"dateModified\":\"2023-04-11T03:35:59+00:00\",\"description\":\"Markt-XXL Sommer Kleider Frauen, Kleid Chiffon Elegante Spitze Patchwork Kleid Ausschnitt Langes Kleid Brautjungfer Abendkleid\u2026\",\"breadcrumb\":{\"@id\":\"https:\\\/\\\/marktxxl.de\\\/markt\\\/produkt\\\/sommer-kleider-frauen-kleid-chiffon-elegante-spitze-patchwork-kleid-ausschnitt-langes-kleid-brautjungfer-abendkleid-kleider-sommer-elegant\\\/#breadcrumb\"},\"inLanguage\":\"de\",\"potentialAction\":[{\"@type\":\"ReadAction\",\"target\":[\"https:\\\/\\\/marktxxl.de\\\/markt\\\/produkt\\\/sommer-kleider-frauen-kleid-chiffon-elegante-spitze-patchwork-kleid-ausschnitt-langes-kleid-brautjungfer-abendkleid-kleider-sommer-elegant\\\/\"]}]},{\"@type\":\"ImageObject\",\"inLanguage\":\"de\",\"@id\":\"https:\\\/\\\/marktxxl.de\\\/markt\\\/produkt\\\/sommer-kleider-frauen-kleid-chiffon-elegante-spitze-patchwork-kleid-ausschnitt-langes-kleid-brautjungfer-abendkleid-kleider-sommer-elegant\\\/#primaryimage\",\"url\":\"https:\\\/\\\/m.media-amazon.com\\\/images\\\/I\\\/41xyK9TffpL._SL500_.jpg\",\"contentUrl\":\"https:\\\/\\\/m.media-amazon.com\\\/images\\\/I\\\/41xyK9TffpL._SL500_.jpg\",\"width\":500,\"height\":500},{\"@type\":\"BreadcrumbList\",\"@id\":\"https:\\\/\\\/marktxxl.de\\\/markt\\\/produkt\\\/sommer-kleider-frauen-kleid-chiffon-elegante-spitze-patchwork-kleid-ausschnitt-langes-kleid-brautjungfer-abendkleid-kleider-sommer-elegant\\\/#breadcrumb\",\"itemListElement\":[{\"@type\":\"ListItem\",\"position\":1,\"name\":\"Startseite\",\"item\":\"https:\\\/\\\/marktxxl.de\\\/markt\\\/\"},{\"@type\":\"ListItem\",\"position\":2,\"name\":\"Markt\",\"item\":\"https:\\\/\\\/marktxxl.de\\\/markt\\\/\"},{\"@type\":\"ListItem\",\"position\":3,\"name\":\"Sommer Kleider Frauen, Kleid Chiffon Elegante Spitze Patchwork Kleid Ausschnitt Langes Kleid Brautjungfer Abendkleid\u2026\"}]},{\"@type\":\"WebSite\",\"@id\":\"https:\\\/\\\/marktxxl.de\\\/markt\\\/#website\",\"url\":\"https:\\\/\\\/marktxxl.de\\\/markt\\\/\",\"name\":\"Markt-XXL\",\"description\":\"Ihr Markt Online\",\"publisher\":{\"@id\":\"https:\\\/\\\/marktxxl.de\\\/markt\\\/#organization\"},\"potentialAction\":[{\"@type\":\"SearchAction\",\"target\":{\"@type\":\"EntryPoint\",\"urlTemplate\":\"https:\\\/\\\/marktxxl.de\\\/markt\\\/?s={search_term_string}\"},\"query-input\":{\"@type\":\"PropertyValueSpecification\",\"valueRequired\":true,\"valueName\":\"search_term_string\"}}],\"inLanguage\":\"de\"},{\"@type\":\"Organization\",\"@id\":\"https:\\\/\\\/marktxxl.de\\\/markt\\\/#organization\",\"name\":\"Markt-XXL\",\"url\":\"https:\\\/\\\/marktxxl.de\\\/markt\\\/\",\"logo\":{\"@type\":\"ImageObject\",\"inLanguage\":\"de\",\"@id\":\"https:\\\/\\\/marktxxl.de\\\/markt\\\/#\\\/schema\\\/logo\\\/image\\\/\",\"url\":\"https:\\\/\\\/marktxxl.de\\\/markt\\\/wp-content\\\/uploads\\\/sites\\\/3\\\/2020\\\/12\\\/logo.png\",\"contentUrl\":\"https:\\\/\\\/marktxxl.de\\\/markt\\\/wp-content\\\/uploads\\\/sites\\\/3\\\/2020\\\/12\\\/logo.png\",\"width\":200,\"height\":70,\"caption\":\"Markt-XXL\"},\"image\":{\"@id\":\"https:\\\/\\\/marktxxl.de\\\/markt\\\/#\\\/schema\\\/logo\\\/image\\\/\"}}]}<\/script>\n<!-- \/ Yoast SEO plugin. -->","yoast_head_json":{"title":"Sommer Kleider Frauen, Kleid Chiffon Elegante Spitze Patchwork Kleid Ausschnitt Langes Kleid Brautjungfer Abendkleid\u2026 - Markt-XXL","description":"Markt-XXL Sommer Kleider Frauen, Kleid Chiffon Elegante Spitze Patchwork Kleid Ausschnitt Langes Kleid Brautjungfer Abendkleid\u2026","robots":{"index":"index","follow":"follow","max-snippet":"max-snippet:-1","max-image-preview":"max-image-preview:large","max-video-preview":"max-video-preview:-1"},"canonical":"https:\/\/marktxxl.de\/markt\/produkt\/sommer-kleider-frauen-kleid-chiffon-elegante-spitze-patchwork-kleid-ausschnitt-langes-kleid-brautjungfer-abendkleid-kleider-sommer-elegant\/","og_locale":"de_DE","og_type":"article","og_title":"Sommer Kleider Frauen, Kleid Chiffon Elegante Spitze Patchwork Kleid Ausschnitt Langes Kleid Brautjungfer Abendkleid\u2026 - Markt-XXL","og_description":"Markt-XXL Sommer Kleider Frauen, Kleid Chiffon Elegante Spitze Patchwork Kleid Ausschnitt Langes Kleid Brautjungfer Abendkleid\u2026","og_url":"https:\/\/marktxxl.de\/markt\/produkt\/sommer-kleider-frauen-kleid-chiffon-elegante-spitze-patchwork-kleid-ausschnitt-langes-kleid-brautjungfer-abendkleid-kleider-sommer-elegant\/","og_site_name":"Markt-XXL","article_modified_time":"2023-04-11T03:35:59+00:00","og_image":[{"width":500,"height":500,"url":"https:\/\/m.media-amazon.com\/images\/I\/41xyK9TffpL._SL500_.jpg","type":"image\/jpeg"}],"twitter_card":"summary_large_image","twitter_misc":{"Gesch\u00e4tzte Lesezeit":"2\u00a0Minuten"},"schema":{"@context":"https:\/\/schema.org","@graph":[{"@type":"WebPage","@id":"https:\/\/marktxxl.de\/markt\/produkt\/sommer-kleider-frauen-kleid-chiffon-elegante-spitze-patchwork-kleid-ausschnitt-langes-kleid-brautjungfer-abendkleid-kleider-sommer-elegant\/","url":"https:\/\/marktxxl.de\/markt\/produkt\/sommer-kleider-frauen-kleid-chiffon-elegante-spitze-patchwork-kleid-ausschnitt-langes-kleid-brautjungfer-abendkleid-kleider-sommer-elegant\/","name":"Sommer Kleider Frauen, Kleid Chiffon Elegante Spitze Patchwork Kleid Ausschnitt Langes Kleid Brautjungfer Abendkleid\u2026 - Markt-XXL","isPartOf":{"@id":"https:\/\/marktxxl.de\/markt\/#website"},"primaryImageOfPage":{"@id":"https:\/\/marktxxl.de\/markt\/produkt\/sommer-kleider-frauen-kleid-chiffon-elegante-spitze-patchwork-kleid-ausschnitt-langes-kleid-brautjungfer-abendkleid-kleider-sommer-elegant\/#primaryimage"},"image":{"@id":"https:\/\/marktxxl.de\/markt\/produkt\/sommer-kleider-frauen-kleid-chiffon-elegante-spitze-patchwork-kleid-ausschnitt-langes-kleid-brautjungfer-abendkleid-kleider-sommer-elegant\/#primaryimage"},"thumbnailUrl":"https:\/\/m.media-amazon.com\/images\/I\/41xyK9TffpL._SL500_.jpg","datePublished":"2023-04-10T03:05:30+00:00","dateModified":"2023-04-11T03:35:59+00:00","description":"Markt-XXL Sommer Kleider Frauen, Kleid Chiffon Elegante Spitze Patchwork Kleid Ausschnitt Langes Kleid Brautjungfer Abendkleid\u2026","breadcrumb":{"@id":"https:\/\/marktxxl.de\/markt\/produkt\/sommer-kleider-frauen-kleid-chiffon-elegante-spitze-patchwork-kleid-ausschnitt-langes-kleid-brautjungfer-abendkleid-kleider-sommer-elegant\/#breadcrumb"},"inLanguage":"de","potentialAction":[{"@type":"ReadAction","target":["https:\/\/marktxxl.de\/markt\/produkt\/sommer-kleider-frauen-kleid-chiffon-elegante-spitze-patchwork-kleid-ausschnitt-langes-kleid-brautjungfer-abendkleid-kleider-sommer-elegant\/"]}]},{"@type":"ImageObject","inLanguage":"de","@id":"https:\/\/marktxxl.de\/markt\/produkt\/sommer-kleider-frauen-kleid-chiffon-elegante-spitze-patchwork-kleid-ausschnitt-langes-kleid-brautjungfer-abendkleid-kleider-sommer-elegant\/#primaryimage","url":"https:\/\/m.media-amazon.com\/images\/I\/41xyK9TffpL._SL500_.jpg","contentUrl":"https:\/\/m.media-amazon.com\/images\/I\/41xyK9TffpL._SL500_.jpg","width":500,"height":500},{"@type":"BreadcrumbList","@id":"https:\/\/marktxxl.de\/markt\/produkt\/sommer-kleider-frauen-kleid-chiffon-elegante-spitze-patchwork-kleid-ausschnitt-langes-kleid-brautjungfer-abendkleid-kleider-sommer-elegant\/#breadcrumb","itemListElement":[{"@type":"ListItem","position":1,"name":"Startseite","item":"https:\/\/marktxxl.de\/markt\/"},{"@type":"ListItem","position":2,"name":"Markt","item":"https:\/\/marktxxl.de\/markt\/"},{"@type":"ListItem","position":3,"name":"Sommer Kleider Frauen, Kleid Chiffon Elegante Spitze Patchwork Kleid Ausschnitt Langes Kleid Brautjungfer Abendkleid\u2026"}]},{"@type":"WebSite","@id":"https:\/\/marktxxl.de\/markt\/#website","url":"https:\/\/marktxxl.de\/markt\/","name":"Markt-XXL","description":"Ihr Markt Online","publisher":{"@id":"https:\/\/marktxxl.de\/markt\/#organization"},"potentialAction":[{"@type":"SearchAction","target":{"@type":"EntryPoint","urlTemplate":"https:\/\/marktxxl.de\/markt\/?s={search_term_string}"},"query-input":{"@type":"PropertyValueSpecification","valueRequired":true,"valueName":"search_term_string"}}],"inLanguage":"de"},{"@type":"Organization","@id":"https:\/\/marktxxl.de\/markt\/#organization","name":"Markt-XXL","url":"https:\/\/marktxxl.de\/markt\/","logo":{"@type":"ImageObject","inLanguage":"de","@id":"https:\/\/marktxxl.de\/markt\/#\/schema\/logo\/image\/","url":"https:\/\/marktxxl.de\/markt\/wp-content\/uploads\/sites\/3\/2020\/12\/logo.png","contentUrl":"https:\/\/marktxxl.de\/markt\/wp-content\/uploads\/sites\/3\/2020\/12\/logo.png","width":200,"height":70,"caption":"Markt-XXL"},"image":{"@id":"https:\/\/marktxxl.de\/markt\/#\/schema\/logo\/image\/"}}]}},"_links":{"self":[{"href":"https:\/\/marktxxl.de\/markt\/wp-json\/wp\/v2\/product\/198891","targetHints":{"allow":["GET"]}}],"collection":[{"href":"https:\/\/marktxxl.de\/markt\/wp-json\/wp\/v2\/product"}],"about":[{"href":"https:\/\/marktxxl.de\/markt\/wp-json\/wp\/v2\/types\/product"}],"replies":[{"embeddable":true,"href":"https:\/\/marktxxl.de\/markt\/wp-json\/wp\/v2\/comments?post=198891"}],"wp:featuredmedia":[{"embeddable":true,"href":"https:\/\/marktxxl.de\/markt\/wp-json\/wp\/v2\/media\/198892"}],"wp:attachment":[{"href":"https:\/\/marktxxl.de\/markt\/wp-json\/wp\/v2\/media?parent=198891"}],"wp:term":[{"taxonomy":"product_brand","embeddable":true,"href":"https:\/\/marktxxl.de\/markt\/wp-json\/wp\/v2\/product_brand?post=198891"},{"taxonomy":"product_cat","embeddable":true,"href":"https:\/\/marktxxl.de\/markt\/wp-json\/wp\/v2\/product_cat?post=198891"},{"taxonomy":"product_tag","embeddable":true,"href":"https:\/\/marktxxl.de\/markt\/wp-json\/wp\/v2\/product_tag?post=198891"}],"curies":[{"name":"wp","href":"https:\/\/api.w.org\/{rel}","templated":true}]}}