{"id":198820,"date":"2023-04-10T04:47:03","date_gmt":"2023-04-10T02:47:03","guid":{"rendered":"https:\/\/marktxxl.de\/markt\/produkt\/persit-sport-leggings-damen-po-push-up-sportleggins-blickdicht-high-waist-scrunch-butt-sporthose-gym-laufhose-yoga-tights\/"},"modified":"2023-04-11T05:35:57","modified_gmt":"2023-04-11T03:35:57","slug":"persit-sport-leggings-damen-po-push-up-sportleggins-blickdicht-high-waist-scrunch-butt-sporthose-gym-laufhose-yoga-tights","status":"publish","type":"product","link":"https:\/\/marktxxl.de\/markt\/produkt\/persit-sport-leggings-damen-po-push-up-sportleggins-blickdicht-high-waist-scrunch-butt-sporthose-gym-laufhose-yoga-tights\/","title":{"rendered":"Persit Sport Leggings Damen, Po Push Up Sportleggins Blickdicht High Waist Scrunch Butt Sporthose Gym Laufhose Yoga\u2026"},"content":{"rendered":"<p>Betonung der Kurven: Diese Leggings sind speziell entworfen, um die Kurven der Tr\u00e4gerin zu betonen und ihre nat\u00fcrliche Sch\u00f6nheit hervorzuheben. Die raffinierte Raffung am Ges\u00e4\u00df sorgt f\u00fcr eine optische Vergr\u00f6\u00dferung und Hebung des Pos<br \/>\nKomfortabel und atmungsaktiv: Hergestellt aus hochwertigen Materialien, sind diese Leggings sowohl bequem als auch atmungsaktiv. Die weiche, dehnbare Stoffmischung erm\u00f6glicht uneingeschr\u00e4nkte Bewegungsfreiheit und bietet gleichzeitig ausreichend Unterst\u00fctzung<br \/>\nPraktisch: Seitentaschen bieten genug Platz f\u00fcr Ihr Smartphone, Schl\u00fcssel oder andere wichtige Gegenst\u00e4nde, so dass Sie Ihre H\u00e4nde frei haben<br \/>\nVielseitig: Die Scrunch Booty Leggings sind vielseitig einsetzbar und eignen sich f\u00fcr eine Vielzahl von Aktivit\u00e4ten, einschlie\u00dflich Yoga, Pilates, Laufen, Training im Fitnessstudio oder einfach als Freizeitkleidung<br \/>\nModisch und Langlebig: Das stilvolle und trendige Design dieser Leggings l\u00e4sst sich leicht mit anderen Kleidungsst\u00fccken kombinieren und verleiht jedem Outfit eine zus\u00e4tzliche Note. Dank des hochwertigen Materials und der sorgf\u00e4ltigen Verarbeitung sind diese Leggings langlebig und halten auch bei regelm\u00e4\u00dfiger Nutzung und Waschen lange.<br \/>\n<div class=\"main-cross-sell\" data-asin=\"B0BS13FSNY\">\n\n\t<div class=\"WooZone-cross-sell-loader\">\n\t\t<div>\n\t\t\t<div id=\"floatingBarsG\">\n\t\t\t\t<div class=\"blockG\" id=\"rotateG_01\"><\/div>\n\t\t\t\t<div class=\"blockG\" id=\"rotateG_02\"><\/div>\n\t\t\t\t<div class=\"blockG\" id=\"rotateG_03\"><\/div>\n\t\t\t\t<div class=\"blockG\" id=\"rotateG_04\"><\/div>\n\t\t\t\t<div class=\"blockG\" id=\"rotateG_05\"><\/div>\n\t\t\t\t<div class=\"blockG\" id=\"rotateG_06\"><\/div>\n\t\t\t\t<div class=\"blockG\" id=\"rotateG_07\"><\/div>\n\t\t\t\t<div class=\"blockG\" id=\"rotateG_08\"><\/div>\n\t\t\t<\/div>\n\t\t\t<div class=\"WooZone-cross-sell-loader-text\"><\/div>\n\t\t<\/div>\n\t<\/div>\n\n\t\t\n<\/div>\n<div style=\"clear:both;\"><\/div><\/p>\n","protected":false},"excerpt":{"rendered":"<p>Betonung der Kurven: Diese Leggings sind speziell entworfen, um die Kurven der Tr\u00e4gerin zu betonen und ihre nat\u00fcrliche Sch\u00f6nheit hervorzuheben. Die raffinierte Raffung am Ges\u00e4\u00df sorgt f\u00fcr eine optische Vergr\u00f6\u00dferung und Hebung des Pos<br \/>\nKomfortabel und atmungsaktiv: Hergestellt aus hochwertigen Materialien, sind diese Leggings sowohl bequem als auch atmungsaktiv. Die weiche, dehnbare Stoffmischung erm\u00f6glicht uneingeschr\u00e4nkte Bewegungsfreiheit und bietet gleichzeitig ausreichend Unterst\u00fctzung<br \/>\nPraktisch: Seitentaschen bieten genug Platz f\u00fcr Ihr Smartphone, Schl\u00fcssel oder andere wichtige Gegenst\u00e4nde, so dass Sie Ihre H\u00e4nde frei haben<\/p>\n","protected":false},"featured_media":198821,"comment_status":"open","ping_status":"closed","template":"","meta":[],"product_brand":[],"product_cat":[1186],"product_tag":[],"class_list":{"0":"post-198820","1":"product","2":"type-product","3":"status-publish","4":"has-post-thumbnail","6":"product_cat-bekleidung","7":"pa_binding-textilien","8":"pa_brand-persit","10":"first","11":"instock","12":"shipping-taxable","13":"purchasable","14":"product-type-simple","15":"customify-col","16":"product-has-gallery"},"yoast_head":"<!-- This site is optimized with the Yoast SEO plugin v27.4 - https:\/\/yoast.com\/product\/yoast-seo-wordpress\/ -->\n<title>Persit Sport Leggings Damen, Po Push Up Sportleggins Blickdicht High Waist Scrunch Butt Sporthose Gym Laufhose Yoga\u2026 - Markt-XXL<\/title>\n<meta name=\"description\" content=\"Markt-XXL Persit Sport Leggings Damen, Po Push Up Sportleggins Blickdicht High Waist Scrunch Butt Sporthose Gym Laufhose Yoga\u2026\" \/>\n<meta name=\"robots\" content=\"index, follow, max-snippet:-1, max-image-preview:large, max-video-preview:-1\" \/>\n<link rel=\"canonical\" href=\"https:\/\/marktxxl.de\/markt\/produkt\/persit-sport-leggings-damen-po-push-up-sportleggins-blickdicht-high-waist-scrunch-butt-sporthose-gym-laufhose-yoga-tights\/\" \/>\n<meta property=\"og:locale\" content=\"de_DE\" \/>\n<meta property=\"og:type\" content=\"article\" \/>\n<meta property=\"og:title\" content=\"Persit Sport Leggings Damen, Po Push Up Sportleggins Blickdicht High Waist Scrunch Butt Sporthose Gym Laufhose Yoga\u2026 - Markt-XXL\" \/>\n<meta property=\"og:description\" content=\"Markt-XXL Persit Sport Leggings Damen, Po Push Up Sportleggins Blickdicht High Waist Scrunch Butt Sporthose Gym Laufhose Yoga\u2026\" \/>\n<meta property=\"og:url\" content=\"https:\/\/marktxxl.de\/markt\/produkt\/persit-sport-leggings-damen-po-push-up-sportleggins-blickdicht-high-waist-scrunch-butt-sporthose-gym-laufhose-yoga-tights\/\" \/>\n<meta property=\"og:site_name\" content=\"Markt-XXL\" \/>\n<meta property=\"article:modified_time\" content=\"2023-04-11T03:35:57+00:00\" \/>\n<meta property=\"og:image\" content=\"https:\/\/m.media-amazon.com\/images\/I\/31JxpAFbS+L._SL500_.jpg\" \/>\n\t<meta property=\"og:image:width\" content=\"318\" \/>\n\t<meta property=\"og:image:height\" content=\"500\" \/>\n\t<meta property=\"og:image:type\" content=\"image\/jpeg\" \/>\n<meta name=\"twitter:card\" content=\"summary_large_image\" \/>\n<meta name=\"twitter:label1\" content=\"Gesch\u00e4tzte Lesezeit\" \/>\n\t<meta name=\"twitter:data1\" content=\"1\u00a0Minute\" \/>\n<script type=\"application\/ld+json\" class=\"yoast-schema-graph\">{\"@context\":\"https:\\\/\\\/schema.org\",\"@graph\":[{\"@type\":\"WebPage\",\"@id\":\"https:\\\/\\\/marktxxl.de\\\/markt\\\/produkt\\\/persit-sport-leggings-damen-po-push-up-sportleggins-blickdicht-high-waist-scrunch-butt-sporthose-gym-laufhose-yoga-tights\\\/\",\"url\":\"https:\\\/\\\/marktxxl.de\\\/markt\\\/produkt\\\/persit-sport-leggings-damen-po-push-up-sportleggins-blickdicht-high-waist-scrunch-butt-sporthose-gym-laufhose-yoga-tights\\\/\",\"name\":\"Persit Sport Leggings Damen, Po Push Up Sportleggins Blickdicht High Waist Scrunch Butt Sporthose Gym Laufhose Yoga\u2026 - Markt-XXL\",\"isPartOf\":{\"@id\":\"https:\\\/\\\/marktxxl.de\\\/markt\\\/#website\"},\"primaryImageOfPage\":{\"@id\":\"https:\\\/\\\/marktxxl.de\\\/markt\\\/produkt\\\/persit-sport-leggings-damen-po-push-up-sportleggins-blickdicht-high-waist-scrunch-butt-sporthose-gym-laufhose-yoga-tights\\\/#primaryimage\"},\"image\":{\"@id\":\"https:\\\/\\\/marktxxl.de\\\/markt\\\/produkt\\\/persit-sport-leggings-damen-po-push-up-sportleggins-blickdicht-high-waist-scrunch-butt-sporthose-gym-laufhose-yoga-tights\\\/#primaryimage\"},\"thumbnailUrl\":\"https:\\\/\\\/m.media-amazon.com\\\/images\\\/I\\\/31JxpAFbS+L._SL500_.jpg\",\"datePublished\":\"2023-04-10T02:47:03+00:00\",\"dateModified\":\"2023-04-11T03:35:57+00:00\",\"description\":\"Markt-XXL Persit Sport Leggings Damen, Po Push Up Sportleggins Blickdicht High Waist Scrunch Butt Sporthose Gym Laufhose Yoga\u2026\",\"breadcrumb\":{\"@id\":\"https:\\\/\\\/marktxxl.de\\\/markt\\\/produkt\\\/persit-sport-leggings-damen-po-push-up-sportleggins-blickdicht-high-waist-scrunch-butt-sporthose-gym-laufhose-yoga-tights\\\/#breadcrumb\"},\"inLanguage\":\"de\",\"potentialAction\":[{\"@type\":\"ReadAction\",\"target\":[\"https:\\\/\\\/marktxxl.de\\\/markt\\\/produkt\\\/persit-sport-leggings-damen-po-push-up-sportleggins-blickdicht-high-waist-scrunch-butt-sporthose-gym-laufhose-yoga-tights\\\/\"]}]},{\"@type\":\"ImageObject\",\"inLanguage\":\"de\",\"@id\":\"https:\\\/\\\/marktxxl.de\\\/markt\\\/produkt\\\/persit-sport-leggings-damen-po-push-up-sportleggins-blickdicht-high-waist-scrunch-butt-sporthose-gym-laufhose-yoga-tights\\\/#primaryimage\",\"url\":\"https:\\\/\\\/m.media-amazon.com\\\/images\\\/I\\\/31JxpAFbS+L._SL500_.jpg\",\"contentUrl\":\"https:\\\/\\\/m.media-amazon.com\\\/images\\\/I\\\/31JxpAFbS+L._SL500_.jpg\",\"width\":318,\"height\":500},{\"@type\":\"BreadcrumbList\",\"@id\":\"https:\\\/\\\/marktxxl.de\\\/markt\\\/produkt\\\/persit-sport-leggings-damen-po-push-up-sportleggins-blickdicht-high-waist-scrunch-butt-sporthose-gym-laufhose-yoga-tights\\\/#breadcrumb\",\"itemListElement\":[{\"@type\":\"ListItem\",\"position\":1,\"name\":\"Startseite\",\"item\":\"https:\\\/\\\/marktxxl.de\\\/markt\\\/\"},{\"@type\":\"ListItem\",\"position\":2,\"name\":\"Markt\",\"item\":\"https:\\\/\\\/marktxxl.de\\\/markt\\\/\"},{\"@type\":\"ListItem\",\"position\":3,\"name\":\"Persit Sport Leggings Damen, Po Push Up Sportleggins Blickdicht High Waist Scrunch Butt Sporthose Gym Laufhose Yoga\u2026\"}]},{\"@type\":\"WebSite\",\"@id\":\"https:\\\/\\\/marktxxl.de\\\/markt\\\/#website\",\"url\":\"https:\\\/\\\/marktxxl.de\\\/markt\\\/\",\"name\":\"Markt-XXL\",\"description\":\"Ihr Markt Online\",\"publisher\":{\"@id\":\"https:\\\/\\\/marktxxl.de\\\/markt\\\/#organization\"},\"potentialAction\":[{\"@type\":\"SearchAction\",\"target\":{\"@type\":\"EntryPoint\",\"urlTemplate\":\"https:\\\/\\\/marktxxl.de\\\/markt\\\/?s={search_term_string}\"},\"query-input\":{\"@type\":\"PropertyValueSpecification\",\"valueRequired\":true,\"valueName\":\"search_term_string\"}}],\"inLanguage\":\"de\"},{\"@type\":\"Organization\",\"@id\":\"https:\\\/\\\/marktxxl.de\\\/markt\\\/#organization\",\"name\":\"Markt-XXL\",\"url\":\"https:\\\/\\\/marktxxl.de\\\/markt\\\/\",\"logo\":{\"@type\":\"ImageObject\",\"inLanguage\":\"de\",\"@id\":\"https:\\\/\\\/marktxxl.de\\\/markt\\\/#\\\/schema\\\/logo\\\/image\\\/\",\"url\":\"https:\\\/\\\/marktxxl.de\\\/markt\\\/wp-content\\\/uploads\\\/sites\\\/3\\\/2020\\\/12\\\/logo.png\",\"contentUrl\":\"https:\\\/\\\/marktxxl.de\\\/markt\\\/wp-content\\\/uploads\\\/sites\\\/3\\\/2020\\\/12\\\/logo.png\",\"width\":200,\"height\":70,\"caption\":\"Markt-XXL\"},\"image\":{\"@id\":\"https:\\\/\\\/marktxxl.de\\\/markt\\\/#\\\/schema\\\/logo\\\/image\\\/\"}}]}<\/script>\n<!-- \/ Yoast SEO plugin. -->","yoast_head_json":{"title":"Persit Sport Leggings Damen, Po Push Up Sportleggins Blickdicht High Waist Scrunch Butt Sporthose Gym Laufhose Yoga\u2026 - Markt-XXL","description":"Markt-XXL Persit Sport Leggings Damen, Po Push Up Sportleggins Blickdicht High Waist Scrunch Butt Sporthose Gym Laufhose Yoga\u2026","robots":{"index":"index","follow":"follow","max-snippet":"max-snippet:-1","max-image-preview":"max-image-preview:large","max-video-preview":"max-video-preview:-1"},"canonical":"https:\/\/marktxxl.de\/markt\/produkt\/persit-sport-leggings-damen-po-push-up-sportleggins-blickdicht-high-waist-scrunch-butt-sporthose-gym-laufhose-yoga-tights\/","og_locale":"de_DE","og_type":"article","og_title":"Persit Sport Leggings Damen, Po Push Up Sportleggins Blickdicht High Waist Scrunch Butt Sporthose Gym Laufhose Yoga\u2026 - Markt-XXL","og_description":"Markt-XXL Persit Sport Leggings Damen, Po Push Up Sportleggins Blickdicht High Waist Scrunch Butt Sporthose Gym Laufhose Yoga\u2026","og_url":"https:\/\/marktxxl.de\/markt\/produkt\/persit-sport-leggings-damen-po-push-up-sportleggins-blickdicht-high-waist-scrunch-butt-sporthose-gym-laufhose-yoga-tights\/","og_site_name":"Markt-XXL","article_modified_time":"2023-04-11T03:35:57+00:00","og_image":[{"width":318,"height":500,"url":"https:\/\/m.media-amazon.com\/images\/I\/31JxpAFbS+L._SL500_.jpg","type":"image\/jpeg"}],"twitter_card":"summary_large_image","twitter_misc":{"Gesch\u00e4tzte Lesezeit":"1\u00a0Minute"},"schema":{"@context":"https:\/\/schema.org","@graph":[{"@type":"WebPage","@id":"https:\/\/marktxxl.de\/markt\/produkt\/persit-sport-leggings-damen-po-push-up-sportleggins-blickdicht-high-waist-scrunch-butt-sporthose-gym-laufhose-yoga-tights\/","url":"https:\/\/marktxxl.de\/markt\/produkt\/persit-sport-leggings-damen-po-push-up-sportleggins-blickdicht-high-waist-scrunch-butt-sporthose-gym-laufhose-yoga-tights\/","name":"Persit Sport Leggings Damen, Po Push Up Sportleggins Blickdicht High Waist Scrunch Butt Sporthose Gym Laufhose Yoga\u2026 - Markt-XXL","isPartOf":{"@id":"https:\/\/marktxxl.de\/markt\/#website"},"primaryImageOfPage":{"@id":"https:\/\/marktxxl.de\/markt\/produkt\/persit-sport-leggings-damen-po-push-up-sportleggins-blickdicht-high-waist-scrunch-butt-sporthose-gym-laufhose-yoga-tights\/#primaryimage"},"image":{"@id":"https:\/\/marktxxl.de\/markt\/produkt\/persit-sport-leggings-damen-po-push-up-sportleggins-blickdicht-high-waist-scrunch-butt-sporthose-gym-laufhose-yoga-tights\/#primaryimage"},"thumbnailUrl":"https:\/\/m.media-amazon.com\/images\/I\/31JxpAFbS+L._SL500_.jpg","datePublished":"2023-04-10T02:47:03+00:00","dateModified":"2023-04-11T03:35:57+00:00","description":"Markt-XXL Persit Sport Leggings Damen, Po Push Up Sportleggins Blickdicht High Waist Scrunch Butt Sporthose Gym Laufhose Yoga\u2026","breadcrumb":{"@id":"https:\/\/marktxxl.de\/markt\/produkt\/persit-sport-leggings-damen-po-push-up-sportleggins-blickdicht-high-waist-scrunch-butt-sporthose-gym-laufhose-yoga-tights\/#breadcrumb"},"inLanguage":"de","potentialAction":[{"@type":"ReadAction","target":["https:\/\/marktxxl.de\/markt\/produkt\/persit-sport-leggings-damen-po-push-up-sportleggins-blickdicht-high-waist-scrunch-butt-sporthose-gym-laufhose-yoga-tights\/"]}]},{"@type":"ImageObject","inLanguage":"de","@id":"https:\/\/marktxxl.de\/markt\/produkt\/persit-sport-leggings-damen-po-push-up-sportleggins-blickdicht-high-waist-scrunch-butt-sporthose-gym-laufhose-yoga-tights\/#primaryimage","url":"https:\/\/m.media-amazon.com\/images\/I\/31JxpAFbS+L._SL500_.jpg","contentUrl":"https:\/\/m.media-amazon.com\/images\/I\/31JxpAFbS+L._SL500_.jpg","width":318,"height":500},{"@type":"BreadcrumbList","@id":"https:\/\/marktxxl.de\/markt\/produkt\/persit-sport-leggings-damen-po-push-up-sportleggins-blickdicht-high-waist-scrunch-butt-sporthose-gym-laufhose-yoga-tights\/#breadcrumb","itemListElement":[{"@type":"ListItem","position":1,"name":"Startseite","item":"https:\/\/marktxxl.de\/markt\/"},{"@type":"ListItem","position":2,"name":"Markt","item":"https:\/\/marktxxl.de\/markt\/"},{"@type":"ListItem","position":3,"name":"Persit Sport Leggings Damen, Po Push Up Sportleggins Blickdicht High Waist Scrunch Butt Sporthose Gym Laufhose Yoga\u2026"}]},{"@type":"WebSite","@id":"https:\/\/marktxxl.de\/markt\/#website","url":"https:\/\/marktxxl.de\/markt\/","name":"Markt-XXL","description":"Ihr Markt Online","publisher":{"@id":"https:\/\/marktxxl.de\/markt\/#organization"},"potentialAction":[{"@type":"SearchAction","target":{"@type":"EntryPoint","urlTemplate":"https:\/\/marktxxl.de\/markt\/?s={search_term_string}"},"query-input":{"@type":"PropertyValueSpecification","valueRequired":true,"valueName":"search_term_string"}}],"inLanguage":"de"},{"@type":"Organization","@id":"https:\/\/marktxxl.de\/markt\/#organization","name":"Markt-XXL","url":"https:\/\/marktxxl.de\/markt\/","logo":{"@type":"ImageObject","inLanguage":"de","@id":"https:\/\/marktxxl.de\/markt\/#\/schema\/logo\/image\/","url":"https:\/\/marktxxl.de\/markt\/wp-content\/uploads\/sites\/3\/2020\/12\/logo.png","contentUrl":"https:\/\/marktxxl.de\/markt\/wp-content\/uploads\/sites\/3\/2020\/12\/logo.png","width":200,"height":70,"caption":"Markt-XXL"},"image":{"@id":"https:\/\/marktxxl.de\/markt\/#\/schema\/logo\/image\/"}}]}},"_links":{"self":[{"href":"https:\/\/marktxxl.de\/markt\/wp-json\/wp\/v2\/product\/198820","targetHints":{"allow":["GET"]}}],"collection":[{"href":"https:\/\/marktxxl.de\/markt\/wp-json\/wp\/v2\/product"}],"about":[{"href":"https:\/\/marktxxl.de\/markt\/wp-json\/wp\/v2\/types\/product"}],"replies":[{"embeddable":true,"href":"https:\/\/marktxxl.de\/markt\/wp-json\/wp\/v2\/comments?post=198820"}],"wp:featuredmedia":[{"embeddable":true,"href":"https:\/\/marktxxl.de\/markt\/wp-json\/wp\/v2\/media\/198821"}],"wp:attachment":[{"href":"https:\/\/marktxxl.de\/markt\/wp-json\/wp\/v2\/media?parent=198820"}],"wp:term":[{"taxonomy":"product_brand","embeddable":true,"href":"https:\/\/marktxxl.de\/markt\/wp-json\/wp\/v2\/product_brand?post=198820"},{"taxonomy":"product_cat","embeddable":true,"href":"https:\/\/marktxxl.de\/markt\/wp-json\/wp\/v2\/product_cat?post=198820"},{"taxonomy":"product_tag","embeddable":true,"href":"https:\/\/marktxxl.de\/markt\/wp-json\/wp\/v2\/product_tag?post=198820"}],"curies":[{"name":"wp","href":"https:\/\/api.w.org\/{rel}","templated":true}]}}