{"id":198706,"date":"2023-04-10T04:05:13","date_gmt":"2023-04-10T02:05:13","guid":{"rendered":"https:\/\/marktxxl.de\/markt\/produkt\/hulkman-alpha-bagx-eva-tasche-schutzhuelle-fuer-alpha-65-tragbare-starthilfe-powebank-autobatterie-booster\/"},"modified":"2023-04-11T05:35:55","modified_gmt":"2023-04-11T03:35:55","slug":"hulkman-alpha-bagx-eva-tasche-schutzhuelle-fuer-alpha-65-tragbare-starthilfe-powebank-autobatterie-booster","status":"publish","type":"product","link":"https:\/\/marktxxl.de\/markt\/produkt\/hulkman-alpha-bagx-eva-tasche-schutzhuelle-fuer-alpha-65-tragbare-starthilfe-powebank-autobatterie-booster\/","title":{"rendered":"HULKMAN Alpha Bagx Eva Tasche Schutzh\u00fclle f\u00fcr Alpha 65 Tragbare Starthilfe Powebank Autobatterie Booster"},"content":{"rendered":"<p>Allseitiger und dauerhafter Schutz: Hergestellt aus hochwertigem EVA-Material. Dieses Premium-Leder ist f\u00fcr Qualit\u00e4t, St\u00e4rke, effektiven Schutz bei unerwarteten St\u00f6\u00dfen, Dellen und Kratzern ausgew\u00e4hlt.<br \/>\nPerfektes Tragegef\u00fchl: Durch den rutschfesten Griff ist es einfach, Ihre Starthilfe mitsamt Zubeh\u00f6r zusammen zu halten und \u00fcberall hin mitzunehmen.<br \/>\nFunktionelle 3 F\u00e4cher: Der obere Raum ist speziell f\u00fcr das Starthilfeger\u00e4t, und Sie k\u00f6nnen Ihr Zubeh\u00f6r im dritten Fach sauber und ordentlich aufbewahren. Eine weitere Innentasche in der Mitte bietet Platz f\u00fcr kleine Gegenst\u00e4nde.<br \/>\nPassgenauigkeit: Spezielles Design f\u00fcr Alpha 85\/Alpha 85S. Jedes Zubeh\u00f6rteil hat einen eigenen Steckplatz in der Alpha Bag und ist gut gesch\u00fctzt.<br \/>\nNur die Tasche: NUR DIE TASCHE. Starthilfe ist NICHT enthalten.ERHALTE 24 MONATE VERL\u00c4NGERTE GARANTIE UND WERDE 100% ZUFRIEDEN. Sollten Sie Fragen haben, kontaktieren Sie uns bitte.<br \/>\n<div class=\"main-cross-sell\" data-asin=\"B09WHLNRX8\">\n\n\t<div class=\"WooZone-cross-sell-loader\">\n\t\t<div>\n\t\t\t<div id=\"floatingBarsG\">\n\t\t\t\t<div class=\"blockG\" id=\"rotateG_01\"><\/div>\n\t\t\t\t<div class=\"blockG\" id=\"rotateG_02\"><\/div>\n\t\t\t\t<div class=\"blockG\" id=\"rotateG_03\"><\/div>\n\t\t\t\t<div class=\"blockG\" id=\"rotateG_04\"><\/div>\n\t\t\t\t<div class=\"blockG\" id=\"rotateG_05\"><\/div>\n\t\t\t\t<div class=\"blockG\" id=\"rotateG_06\"><\/div>\n\t\t\t\t<div class=\"blockG\" id=\"rotateG_07\"><\/div>\n\t\t\t\t<div class=\"blockG\" id=\"rotateG_08\"><\/div>\n\t\t\t<\/div>\n\t\t\t<div class=\"WooZone-cross-sell-loader-text\"><\/div>\n\t\t<\/div>\n\t<\/div>\n\n\t\t\n<\/div>\n<div style=\"clear:both;\"><\/div><\/p>\n","protected":false},"excerpt":{"rendered":"<p>Allseitiger und dauerhafter Schutz: Hergestellt aus hochwertigem EVA-Material. Dieses Premium-Leder ist f\u00fcr Qualit\u00e4t, St\u00e4rke, effektiven Schutz bei unerwarteten St\u00f6\u00dfen, Dellen und Kratzern ausgew\u00e4hlt.<br \/>\nPerfektes Tragegef\u00fchl: Durch den rutschfesten Griff ist es einfach, Ihre Starthilfe mitsamt Zubeh\u00f6r zusammen zu halten und \u00fcberall hin mitzunehmen.<br \/>\nFunktionelle 3 F\u00e4cher: Der obere Raum ist speziell f\u00fcr das Starthilfeger\u00e4t, und Sie k\u00f6nnen Ihr Zubeh\u00f6r im dritten Fach sauber und ordentlich aufbewahren. Eine weitere Innentasche in der Mitte bietet Platz f\u00fcr kleine Gegenst\u00e4nde.<\/p>\n","protected":false},"featured_media":198707,"comment_status":"open","ping_status":"closed","template":"","meta":[],"product_brand":[],"product_cat":[2858,6914],"product_tag":[],"class_list":{"0":"post-198706","1":"product","2":"type-product","3":"status-publish","4":"has-post-thumbnail","6":"product_cat-beauty","7":"product_cat-duefte","8":"pa_binding-unbekannter-einband","9":"pa_brand-hulkman","10":"pa_color-schwarz","11":"pa_height-4-724409444-zoll","12":"pa_length-10-629921249-zoll","13":"pa_manufacturer-hulkman","14":"pa_model-alpha-bagx","15":"pa_weight-1-0361726314-pfund","16":"pa_width-5-7086614115-zoll","18":"first","19":"instock","20":"shipping-taxable","21":"purchasable","22":"product-type-simple","23":"customify-col","24":"product-has-gallery"},"yoast_head":"<!-- This site is optimized with the Yoast SEO plugin v27.3 - https:\/\/yoast.com\/product\/yoast-seo-wordpress\/ -->\n<title>HULKMAN Alpha Bagx Eva Tasche Schutzh\u00fclle f\u00fcr Alpha 65 Tragbare Starthilfe Powebank Autobatterie Booster - Markt-XXL<\/title>\n<meta name=\"description\" content=\"Markt-XXL HULKMAN Alpha Bagx Eva Tasche Schutzh\u00fclle f\u00fcr Alpha 65 Tragbare Starthilfe Powebank Autobatterie Booster\" \/>\n<meta name=\"robots\" content=\"index, follow, max-snippet:-1, max-image-preview:large, max-video-preview:-1\" \/>\n<link rel=\"canonical\" href=\"https:\/\/marktxxl.de\/markt\/produkt\/hulkman-alpha-bagx-eva-tasche-schutzhuelle-fuer-alpha-65-tragbare-starthilfe-powebank-autobatterie-booster\/\" \/>\n<meta property=\"og:locale\" content=\"de_DE\" \/>\n<meta property=\"og:type\" content=\"article\" \/>\n<meta property=\"og:title\" content=\"HULKMAN Alpha Bagx Eva Tasche Schutzh\u00fclle f\u00fcr Alpha 65 Tragbare Starthilfe Powebank Autobatterie Booster - Markt-XXL\" \/>\n<meta property=\"og:description\" content=\"Markt-XXL HULKMAN Alpha Bagx Eva Tasche Schutzh\u00fclle f\u00fcr Alpha 65 Tragbare Starthilfe Powebank Autobatterie Booster\" \/>\n<meta property=\"og:url\" content=\"https:\/\/marktxxl.de\/markt\/produkt\/hulkman-alpha-bagx-eva-tasche-schutzhuelle-fuer-alpha-65-tragbare-starthilfe-powebank-autobatterie-booster\/\" \/>\n<meta property=\"og:site_name\" content=\"Markt-XXL\" \/>\n<meta property=\"article:modified_time\" content=\"2023-04-11T03:35:55+00:00\" \/>\n<meta property=\"og:image\" content=\"https:\/\/m.media-amazon.com\/images\/I\/31nVxFAei1L._SL500_.jpg\" \/>\n\t<meta property=\"og:image:width\" content=\"500\" \/>\n\t<meta property=\"og:image:height\" content=\"500\" \/>\n\t<meta property=\"og:image:type\" content=\"image\/jpeg\" \/>\n<meta name=\"twitter:card\" content=\"summary_large_image\" \/>\n<meta name=\"twitter:label1\" content=\"Gesch\u00e4tzte Lesezeit\" \/>\n\t<meta name=\"twitter:data1\" content=\"1\u00a0Minute\" \/>\n<script type=\"application\/ld+json\" class=\"yoast-schema-graph\">{\"@context\":\"https:\\\/\\\/schema.org\",\"@graph\":[{\"@type\":\"WebPage\",\"@id\":\"https:\\\/\\\/marktxxl.de\\\/markt\\\/produkt\\\/hulkman-alpha-bagx-eva-tasche-schutzhuelle-fuer-alpha-65-tragbare-starthilfe-powebank-autobatterie-booster\\\/\",\"url\":\"https:\\\/\\\/marktxxl.de\\\/markt\\\/produkt\\\/hulkman-alpha-bagx-eva-tasche-schutzhuelle-fuer-alpha-65-tragbare-starthilfe-powebank-autobatterie-booster\\\/\",\"name\":\"HULKMAN Alpha Bagx Eva Tasche Schutzh\u00fclle f\u00fcr Alpha 65 Tragbare Starthilfe Powebank Autobatterie Booster - Markt-XXL\",\"isPartOf\":{\"@id\":\"https:\\\/\\\/marktxxl.de\\\/markt\\\/#website\"},\"primaryImageOfPage\":{\"@id\":\"https:\\\/\\\/marktxxl.de\\\/markt\\\/produkt\\\/hulkman-alpha-bagx-eva-tasche-schutzhuelle-fuer-alpha-65-tragbare-starthilfe-powebank-autobatterie-booster\\\/#primaryimage\"},\"image\":{\"@id\":\"https:\\\/\\\/marktxxl.de\\\/markt\\\/produkt\\\/hulkman-alpha-bagx-eva-tasche-schutzhuelle-fuer-alpha-65-tragbare-starthilfe-powebank-autobatterie-booster\\\/#primaryimage\"},\"thumbnailUrl\":\"https:\\\/\\\/m.media-amazon.com\\\/images\\\/I\\\/31nVxFAei1L._SL500_.jpg\",\"datePublished\":\"2023-04-10T02:05:13+00:00\",\"dateModified\":\"2023-04-11T03:35:55+00:00\",\"description\":\"Markt-XXL HULKMAN Alpha Bagx Eva Tasche Schutzh\u00fclle f\u00fcr Alpha 65 Tragbare Starthilfe Powebank Autobatterie Booster\",\"breadcrumb\":{\"@id\":\"https:\\\/\\\/marktxxl.de\\\/markt\\\/produkt\\\/hulkman-alpha-bagx-eva-tasche-schutzhuelle-fuer-alpha-65-tragbare-starthilfe-powebank-autobatterie-booster\\\/#breadcrumb\"},\"inLanguage\":\"de\",\"potentialAction\":[{\"@type\":\"ReadAction\",\"target\":[\"https:\\\/\\\/marktxxl.de\\\/markt\\\/produkt\\\/hulkman-alpha-bagx-eva-tasche-schutzhuelle-fuer-alpha-65-tragbare-starthilfe-powebank-autobatterie-booster\\\/\"]}]},{\"@type\":\"ImageObject\",\"inLanguage\":\"de\",\"@id\":\"https:\\\/\\\/marktxxl.de\\\/markt\\\/produkt\\\/hulkman-alpha-bagx-eva-tasche-schutzhuelle-fuer-alpha-65-tragbare-starthilfe-powebank-autobatterie-booster\\\/#primaryimage\",\"url\":\"https:\\\/\\\/m.media-amazon.com\\\/images\\\/I\\\/31nVxFAei1L._SL500_.jpg\",\"contentUrl\":\"https:\\\/\\\/m.media-amazon.com\\\/images\\\/I\\\/31nVxFAei1L._SL500_.jpg\",\"width\":500,\"height\":500},{\"@type\":\"BreadcrumbList\",\"@id\":\"https:\\\/\\\/marktxxl.de\\\/markt\\\/produkt\\\/hulkman-alpha-bagx-eva-tasche-schutzhuelle-fuer-alpha-65-tragbare-starthilfe-powebank-autobatterie-booster\\\/#breadcrumb\",\"itemListElement\":[{\"@type\":\"ListItem\",\"position\":1,\"name\":\"Startseite\",\"item\":\"https:\\\/\\\/marktxxl.de\\\/markt\\\/\"},{\"@type\":\"ListItem\",\"position\":2,\"name\":\"Markt\",\"item\":\"https:\\\/\\\/marktxxl.de\\\/markt\\\/\"},{\"@type\":\"ListItem\",\"position\":3,\"name\":\"HULKMAN Alpha Bagx Eva Tasche Schutzh\u00fclle f\u00fcr Alpha 65 Tragbare Starthilfe Powebank Autobatterie Booster\"}]},{\"@type\":\"WebSite\",\"@id\":\"https:\\\/\\\/marktxxl.de\\\/markt\\\/#website\",\"url\":\"https:\\\/\\\/marktxxl.de\\\/markt\\\/\",\"name\":\"Markt-XXL\",\"description\":\"Ihr Markt Online\",\"publisher\":{\"@id\":\"https:\\\/\\\/marktxxl.de\\\/markt\\\/#organization\"},\"potentialAction\":[{\"@type\":\"SearchAction\",\"target\":{\"@type\":\"EntryPoint\",\"urlTemplate\":\"https:\\\/\\\/marktxxl.de\\\/markt\\\/?s={search_term_string}\"},\"query-input\":{\"@type\":\"PropertyValueSpecification\",\"valueRequired\":true,\"valueName\":\"search_term_string\"}}],\"inLanguage\":\"de\"},{\"@type\":\"Organization\",\"@id\":\"https:\\\/\\\/marktxxl.de\\\/markt\\\/#organization\",\"name\":\"Markt-XXL\",\"url\":\"https:\\\/\\\/marktxxl.de\\\/markt\\\/\",\"logo\":{\"@type\":\"ImageObject\",\"inLanguage\":\"de\",\"@id\":\"https:\\\/\\\/marktxxl.de\\\/markt\\\/#\\\/schema\\\/logo\\\/image\\\/\",\"url\":\"https:\\\/\\\/marktxxl.de\\\/markt\\\/wp-content\\\/uploads\\\/sites\\\/3\\\/2020\\\/12\\\/logo.png\",\"contentUrl\":\"https:\\\/\\\/marktxxl.de\\\/markt\\\/wp-content\\\/uploads\\\/sites\\\/3\\\/2020\\\/12\\\/logo.png\",\"width\":200,\"height\":70,\"caption\":\"Markt-XXL\"},\"image\":{\"@id\":\"https:\\\/\\\/marktxxl.de\\\/markt\\\/#\\\/schema\\\/logo\\\/image\\\/\"}}]}<\/script>\n<!-- \/ Yoast SEO plugin. -->","yoast_head_json":{"title":"HULKMAN Alpha Bagx Eva Tasche Schutzh\u00fclle f\u00fcr Alpha 65 Tragbare Starthilfe Powebank Autobatterie Booster - Markt-XXL","description":"Markt-XXL HULKMAN Alpha Bagx Eva Tasche Schutzh\u00fclle f\u00fcr Alpha 65 Tragbare Starthilfe Powebank Autobatterie Booster","robots":{"index":"index","follow":"follow","max-snippet":"max-snippet:-1","max-image-preview":"max-image-preview:large","max-video-preview":"max-video-preview:-1"},"canonical":"https:\/\/marktxxl.de\/markt\/produkt\/hulkman-alpha-bagx-eva-tasche-schutzhuelle-fuer-alpha-65-tragbare-starthilfe-powebank-autobatterie-booster\/","og_locale":"de_DE","og_type":"article","og_title":"HULKMAN Alpha Bagx Eva Tasche Schutzh\u00fclle f\u00fcr Alpha 65 Tragbare Starthilfe Powebank Autobatterie Booster - Markt-XXL","og_description":"Markt-XXL HULKMAN Alpha Bagx Eva Tasche Schutzh\u00fclle f\u00fcr Alpha 65 Tragbare Starthilfe Powebank Autobatterie Booster","og_url":"https:\/\/marktxxl.de\/markt\/produkt\/hulkman-alpha-bagx-eva-tasche-schutzhuelle-fuer-alpha-65-tragbare-starthilfe-powebank-autobatterie-booster\/","og_site_name":"Markt-XXL","article_modified_time":"2023-04-11T03:35:55+00:00","og_image":[{"width":500,"height":500,"url":"https:\/\/m.media-amazon.com\/images\/I\/31nVxFAei1L._SL500_.jpg","type":"image\/jpeg"}],"twitter_card":"summary_large_image","twitter_misc":{"Gesch\u00e4tzte Lesezeit":"1\u00a0Minute"},"schema":{"@context":"https:\/\/schema.org","@graph":[{"@type":"WebPage","@id":"https:\/\/marktxxl.de\/markt\/produkt\/hulkman-alpha-bagx-eva-tasche-schutzhuelle-fuer-alpha-65-tragbare-starthilfe-powebank-autobatterie-booster\/","url":"https:\/\/marktxxl.de\/markt\/produkt\/hulkman-alpha-bagx-eva-tasche-schutzhuelle-fuer-alpha-65-tragbare-starthilfe-powebank-autobatterie-booster\/","name":"HULKMAN Alpha Bagx Eva Tasche Schutzh\u00fclle f\u00fcr Alpha 65 Tragbare Starthilfe Powebank Autobatterie Booster - Markt-XXL","isPartOf":{"@id":"https:\/\/marktxxl.de\/markt\/#website"},"primaryImageOfPage":{"@id":"https:\/\/marktxxl.de\/markt\/produkt\/hulkman-alpha-bagx-eva-tasche-schutzhuelle-fuer-alpha-65-tragbare-starthilfe-powebank-autobatterie-booster\/#primaryimage"},"image":{"@id":"https:\/\/marktxxl.de\/markt\/produkt\/hulkman-alpha-bagx-eva-tasche-schutzhuelle-fuer-alpha-65-tragbare-starthilfe-powebank-autobatterie-booster\/#primaryimage"},"thumbnailUrl":"https:\/\/m.media-amazon.com\/images\/I\/31nVxFAei1L._SL500_.jpg","datePublished":"2023-04-10T02:05:13+00:00","dateModified":"2023-04-11T03:35:55+00:00","description":"Markt-XXL HULKMAN Alpha Bagx Eva Tasche Schutzh\u00fclle f\u00fcr Alpha 65 Tragbare Starthilfe Powebank Autobatterie Booster","breadcrumb":{"@id":"https:\/\/marktxxl.de\/markt\/produkt\/hulkman-alpha-bagx-eva-tasche-schutzhuelle-fuer-alpha-65-tragbare-starthilfe-powebank-autobatterie-booster\/#breadcrumb"},"inLanguage":"de","potentialAction":[{"@type":"ReadAction","target":["https:\/\/marktxxl.de\/markt\/produkt\/hulkman-alpha-bagx-eva-tasche-schutzhuelle-fuer-alpha-65-tragbare-starthilfe-powebank-autobatterie-booster\/"]}]},{"@type":"ImageObject","inLanguage":"de","@id":"https:\/\/marktxxl.de\/markt\/produkt\/hulkman-alpha-bagx-eva-tasche-schutzhuelle-fuer-alpha-65-tragbare-starthilfe-powebank-autobatterie-booster\/#primaryimage","url":"https:\/\/m.media-amazon.com\/images\/I\/31nVxFAei1L._SL500_.jpg","contentUrl":"https:\/\/m.media-amazon.com\/images\/I\/31nVxFAei1L._SL500_.jpg","width":500,"height":500},{"@type":"BreadcrumbList","@id":"https:\/\/marktxxl.de\/markt\/produkt\/hulkman-alpha-bagx-eva-tasche-schutzhuelle-fuer-alpha-65-tragbare-starthilfe-powebank-autobatterie-booster\/#breadcrumb","itemListElement":[{"@type":"ListItem","position":1,"name":"Startseite","item":"https:\/\/marktxxl.de\/markt\/"},{"@type":"ListItem","position":2,"name":"Markt","item":"https:\/\/marktxxl.de\/markt\/"},{"@type":"ListItem","position":3,"name":"HULKMAN Alpha Bagx Eva Tasche Schutzh\u00fclle f\u00fcr Alpha 65 Tragbare Starthilfe Powebank Autobatterie Booster"}]},{"@type":"WebSite","@id":"https:\/\/marktxxl.de\/markt\/#website","url":"https:\/\/marktxxl.de\/markt\/","name":"Markt-XXL","description":"Ihr Markt Online","publisher":{"@id":"https:\/\/marktxxl.de\/markt\/#organization"},"potentialAction":[{"@type":"SearchAction","target":{"@type":"EntryPoint","urlTemplate":"https:\/\/marktxxl.de\/markt\/?s={search_term_string}"},"query-input":{"@type":"PropertyValueSpecification","valueRequired":true,"valueName":"search_term_string"}}],"inLanguage":"de"},{"@type":"Organization","@id":"https:\/\/marktxxl.de\/markt\/#organization","name":"Markt-XXL","url":"https:\/\/marktxxl.de\/markt\/","logo":{"@type":"ImageObject","inLanguage":"de","@id":"https:\/\/marktxxl.de\/markt\/#\/schema\/logo\/image\/","url":"https:\/\/marktxxl.de\/markt\/wp-content\/uploads\/sites\/3\/2020\/12\/logo.png","contentUrl":"https:\/\/marktxxl.de\/markt\/wp-content\/uploads\/sites\/3\/2020\/12\/logo.png","width":200,"height":70,"caption":"Markt-XXL"},"image":{"@id":"https:\/\/marktxxl.de\/markt\/#\/schema\/logo\/image\/"}}]}},"_links":{"self":[{"href":"https:\/\/marktxxl.de\/markt\/wp-json\/wp\/v2\/product\/198706","targetHints":{"allow":["GET"]}}],"collection":[{"href":"https:\/\/marktxxl.de\/markt\/wp-json\/wp\/v2\/product"}],"about":[{"href":"https:\/\/marktxxl.de\/markt\/wp-json\/wp\/v2\/types\/product"}],"replies":[{"embeddable":true,"href":"https:\/\/marktxxl.de\/markt\/wp-json\/wp\/v2\/comments?post=198706"}],"wp:featuredmedia":[{"embeddable":true,"href":"https:\/\/marktxxl.de\/markt\/wp-json\/wp\/v2\/media\/198707"}],"wp:attachment":[{"href":"https:\/\/marktxxl.de\/markt\/wp-json\/wp\/v2\/media?parent=198706"}],"wp:term":[{"taxonomy":"product_brand","embeddable":true,"href":"https:\/\/marktxxl.de\/markt\/wp-json\/wp\/v2\/product_brand?post=198706"},{"taxonomy":"product_cat","embeddable":true,"href":"https:\/\/marktxxl.de\/markt\/wp-json\/wp\/v2\/product_cat?post=198706"},{"taxonomy":"product_tag","embeddable":true,"href":"https:\/\/marktxxl.de\/markt\/wp-json\/wp\/v2\/product_tag?post=198706"}],"curies":[{"name":"wp","href":"https:\/\/api.w.org\/{rel}","templated":true}]}}