{"id":198676,"date":"2023-04-10T04:04:24","date_gmt":"2023-04-10T02:04:24","guid":{"rendered":"https:\/\/marktxxl.de\/markt\/produkt\/einfuehrungsangebot-100-bio-hagebuttenoel-kaltgepresst-rein-natuerliches-rosenoel-rosehip-oil-fuer-gesicht-haare-haut-wildrosenoel-zur-gesichtspflege-vegan-made-in-germany\/"},"modified":"2023-04-11T05:35:54","modified_gmt":"2023-04-11T03:35:54","slug":"einfuehrungsangebot-100-bio-hagebuttenoel-kaltgepresst-rein-natuerliches-rosenoel-rosehip-oil-fuer-gesicht-haare-haut-wildrosenoel-zur-gesichtspflege-vegan-made-in-germany","status":"publish","type":"product","link":"https:\/\/marktxxl.de\/markt\/produkt\/einfuehrungsangebot-100-bio-hagebuttenoel-kaltgepresst-rein-natuerliches-rosenoel-rosehip-oil-fuer-gesicht-haare-haut-wildrosenoel-zur-gesichtspflege-vegan-made-in-germany\/","title":{"rendered":"EINF\u00dcHRUNGSANGEBOT &#8211; 100% BIO HAGEBUTTEN\u00d6L | Kaltgepresst &amp; Rein | Nat\u00fcrliches Rosen\u00f6l &#8211; Rosehip Oil |F\u00fcr Gesicht Haare\u2026"},"content":{"rendered":"<p>100% zertifiziertes BIO HAGEBUTTEN\u00d6L \u2013 Unser Bio Hagebutten\u00f6l beh\u00e4lt aufgrund der schonenden Kaltpressung den Gro\u00dfteil seiner wichtigen Inhaltsstoffe. Es ist reich an Vitaminen C, Mineralstoffen, Antioxidantien und 76% mehrfach unges\u00e4ttigte Fetts\u00e4uren. Dank dieser Kombination und seinem talgregulierenden Effekt, ist das \u00d6l auch besonders gut f\u00fcr unreine, \u00f6lige, &amp; trockene Haut geeignet.<br \/>\nFREI VON UNN\u00d6TIGEN INHALTSSTOFFEN &#8211; Wir von Soena Naturals verzichten bewusst auf unn\u00f6tige und bedenkliche Inhaltsstoffe. Deshalb aus \u00dcberzeugung: OHNE KONSERVIERUNGSSTOFFE, OHNE ALKOHOL, OHNE SILIKONE, OHNE PAREBENE und NICHT DESODORIERT<br \/>\nBIO &#8211; VEGAN &#8211; OHNE TIERVERSUCHE -Wir haben es uns zur Herzensangelegenheit gemacht, 100% transparente, nachhaltige und tierversuchsfreie Naturprodukte zu kreieren. Das Bio Hagebuttenkern\u00f6l ist zudem aufgrund seiner Nat\u00fcrlichkeit mit Ihren Kosmetikprodukten kombinierbar. So k\u00f6nnen Sie beispielsweise Ihre Tages- oder Nachtcreme mit einer Pipettenspitze Hagebuttenkern\u00f6l reichhaltiger gestalten.<br \/>\nNACHHALTIGKEIT &#8211; Wir verwenden weitestgehend RECYCELBARE BRAUNGLASFLASCHEN &#8211; NACHHALTIGE VERPACKUNGSMATERIALIEN (FSC Zertifiziert) &#8211; VERMEIDEN BEIPACKZETTEL<br \/>\n100% SOENA NATURALS ZUFRIEDENHEITSVERSPRECHEN \u2013 Da wir von unseren Produkten so \u00fcberzeugt sind, f\u00e4llt es uns nicht schwer Ihnen zu garantieren den vollen Kaufpreis zur\u00fcck zu erstatten, falls Sie unerwartet nicht zufrieden sein sollten.<br \/>\n<div class=\"main-cross-sell\" data-asin=\"B0BQWY69QP\">\n\n\t<div class=\"WooZone-cross-sell-loader\">\n\t\t<div>\n\t\t\t<div id=\"floatingBarsG\">\n\t\t\t\t<div class=\"blockG\" id=\"rotateG_01\"><\/div>\n\t\t\t\t<div class=\"blockG\" id=\"rotateG_02\"><\/div>\n\t\t\t\t<div class=\"blockG\" id=\"rotateG_03\"><\/div>\n\t\t\t\t<div class=\"blockG\" id=\"rotateG_04\"><\/div>\n\t\t\t\t<div class=\"blockG\" id=\"rotateG_05\"><\/div>\n\t\t\t\t<div class=\"blockG\" id=\"rotateG_06\"><\/div>\n\t\t\t\t<div class=\"blockG\" id=\"rotateG_07\"><\/div>\n\t\t\t\t<div class=\"blockG\" id=\"rotateG_08\"><\/div>\n\t\t\t<\/div>\n\t\t\t<div class=\"WooZone-cross-sell-loader-text\"><\/div>\n\t\t<\/div>\n\t<\/div>\n\n\t\t\n<\/div>\n<div style=\"clear:both;\"><\/div><\/p>\n","protected":false},"excerpt":{"rendered":"<p>100% zertifiziertes BIO HAGEBUTTEN\u00d6L \u2013 Unser Bio Hagebutten\u00f6l beh\u00e4lt aufgrund der schonenden Kaltpressung den Gro\u00dfteil seiner wichtigen Inhaltsstoffe. Es ist reich an Vitaminen C, Mineralstoffen, Antioxidantien und 76% mehrfach unges\u00e4ttigte Fetts\u00e4uren. Dank dieser Kombination und seinem talgregulierenden Effekt, ist das \u00d6l auch besonders gut f\u00fcr unreine, \u00f6lige, &amp; trockene Haut geeignet.<br \/>\nFREI VON UNN\u00d6TIGEN INHALTSSTOFFEN &#8211; Wir von Soena Naturals verzichten bewusst auf unn\u00f6tige und bedenkliche Inhaltsstoffe. Deshalb aus \u00dcberzeugung: OHNE KONSERVIERUNGSSTOFFE, OHNE ALKOHOL, OHNE SILIKONE, OHNE PAREBENE und NICHT DESODORIERT<br \/>\nBIO &#8211; VEGAN &#8211; OHNE TIERVERSUCHE -Wir haben es uns zur Herzensangelegenheit gemacht, 100% transparente, nachhaltige und tierversuchsfreie Naturprodukte zu kreieren. Das Bio Hagebuttenkern\u00f6l ist zudem aufgrund seiner Nat\u00fcrlichkeit mit Ihren Kosmetikprodukten kombinierbar. So k\u00f6nnen Sie beispielsweise Ihre Tages- oder Nachtcreme mit einer Pipettenspitze Hagebuttenkern\u00f6l reichhaltiger gestalten.<\/p>\n","protected":false},"featured_media":198677,"comment_status":"open","ping_status":"closed","template":"","meta":[],"product_brand":[],"product_cat":[2858,6994],"product_tag":[],"class_list":{"0":"post-198676","1":"product","2":"type-product","3":"status-publish","4":"has-post-thumbnail","6":"product_cat-beauty","7":"product_cat-haarpflege-styling","8":"pa_brand-soena","9":"pa_color-orange-rot","10":"pa_height-4-7244-zoll","11":"pa_languages-unbekannt-deutsch-unbekannt-spanisch-unbekannt-englisch-unbekannt-franzoesisch-unbekannt-italienisch","12":"pa_length-1-53543-zoll","13":"pa_manufacturer-soena","14":"pa_size-50-ml-1er-pack","15":"pa_width-1-53543-zoll","17":"first","18":"instock","19":"shipping-taxable","20":"purchasable","21":"product-type-simple","22":"customify-col","23":"product-has-gallery"},"yoast_head":"<!-- This site is optimized with the Yoast SEO plugin v27.4 - https:\/\/yoast.com\/product\/yoast-seo-wordpress\/ -->\n<title>EINF\u00dcHRUNGSANGEBOT - 100% BIO HAGEBUTTEN\u00d6L | Kaltgepresst &amp; Rein | Nat\u00fcrliches Rosen\u00f6l - Rosehip Oil |F\u00fcr Gesicht Haare\u2026 - Markt-XXL<\/title>\n<meta name=\"description\" content=\"Markt-XXL EINF\u00dcHRUNGSANGEBOT - 100% BIO HAGEBUTTEN\u00d6L | Kaltgepresst &amp; Rein | Nat\u00fcrliches Rosen\u00f6l - Rosehip Oil |F\u00fcr Gesicht Haare\u2026\" \/>\n<meta name=\"robots\" content=\"index, follow, max-snippet:-1, max-image-preview:large, max-video-preview:-1\" \/>\n<link rel=\"canonical\" href=\"https:\/\/marktxxl.de\/markt\/produkt\/einfuehrungsangebot-100-bio-hagebuttenoel-kaltgepresst-rein-natuerliches-rosenoel-rosehip-oil-fuer-gesicht-haare-haut-wildrosenoel-zur-gesichtspflege-vegan-made-in-germany\/\" \/>\n<meta property=\"og:locale\" content=\"de_DE\" \/>\n<meta property=\"og:type\" content=\"article\" \/>\n<meta property=\"og:title\" content=\"EINF\u00dcHRUNGSANGEBOT - 100% BIO HAGEBUTTEN\u00d6L | Kaltgepresst &amp; Rein | Nat\u00fcrliches Rosen\u00f6l - Rosehip Oil |F\u00fcr Gesicht Haare\u2026 - Markt-XXL\" \/>\n<meta property=\"og:description\" content=\"Markt-XXL EINF\u00dcHRUNGSANGEBOT - 100% BIO HAGEBUTTEN\u00d6L | Kaltgepresst &amp; Rein | Nat\u00fcrliches Rosen\u00f6l - Rosehip Oil |F\u00fcr Gesicht Haare\u2026\" \/>\n<meta property=\"og:url\" content=\"https:\/\/marktxxl.de\/markt\/produkt\/einfuehrungsangebot-100-bio-hagebuttenoel-kaltgepresst-rein-natuerliches-rosenoel-rosehip-oil-fuer-gesicht-haare-haut-wildrosenoel-zur-gesichtspflege-vegan-made-in-germany\/\" \/>\n<meta property=\"og:site_name\" content=\"Markt-XXL\" \/>\n<meta property=\"article:modified_time\" content=\"2023-04-11T03:35:54+00:00\" \/>\n<meta property=\"og:image\" content=\"https:\/\/m.media-amazon.com\/images\/I\/51joC3Xp-5L._SL500_.jpg\" \/>\n\t<meta property=\"og:image:width\" content=\"336\" \/>\n\t<meta property=\"og:image:height\" content=\"500\" \/>\n\t<meta property=\"og:image:type\" content=\"image\/jpeg\" \/>\n<meta name=\"twitter:card\" content=\"summary_large_image\" \/>\n<meta name=\"twitter:label1\" content=\"Gesch\u00e4tzte Lesezeit\" \/>\n\t<meta name=\"twitter:data1\" content=\"1\u00a0Minute\" \/>\n<script type=\"application\/ld+json\" class=\"yoast-schema-graph\">{\"@context\":\"https:\\\/\\\/schema.org\",\"@graph\":[{\"@type\":\"WebPage\",\"@id\":\"https:\\\/\\\/marktxxl.de\\\/markt\\\/produkt\\\/einfuehrungsangebot-100-bio-hagebuttenoel-kaltgepresst-rein-natuerliches-rosenoel-rosehip-oil-fuer-gesicht-haare-haut-wildrosenoel-zur-gesichtspflege-vegan-made-in-germany\\\/\",\"url\":\"https:\\\/\\\/marktxxl.de\\\/markt\\\/produkt\\\/einfuehrungsangebot-100-bio-hagebuttenoel-kaltgepresst-rein-natuerliches-rosenoel-rosehip-oil-fuer-gesicht-haare-haut-wildrosenoel-zur-gesichtspflege-vegan-made-in-germany\\\/\",\"name\":\"EINF\u00dcHRUNGSANGEBOT - 100% BIO HAGEBUTTEN\u00d6L | Kaltgepresst &amp; Rein | Nat\u00fcrliches Rosen\u00f6l - Rosehip Oil |F\u00fcr Gesicht Haare\u2026 - Markt-XXL\",\"isPartOf\":{\"@id\":\"https:\\\/\\\/marktxxl.de\\\/markt\\\/#website\"},\"primaryImageOfPage\":{\"@id\":\"https:\\\/\\\/marktxxl.de\\\/markt\\\/produkt\\\/einfuehrungsangebot-100-bio-hagebuttenoel-kaltgepresst-rein-natuerliches-rosenoel-rosehip-oil-fuer-gesicht-haare-haut-wildrosenoel-zur-gesichtspflege-vegan-made-in-germany\\\/#primaryimage\"},\"image\":{\"@id\":\"https:\\\/\\\/marktxxl.de\\\/markt\\\/produkt\\\/einfuehrungsangebot-100-bio-hagebuttenoel-kaltgepresst-rein-natuerliches-rosenoel-rosehip-oil-fuer-gesicht-haare-haut-wildrosenoel-zur-gesichtspflege-vegan-made-in-germany\\\/#primaryimage\"},\"thumbnailUrl\":\"https:\\\/\\\/m.media-amazon.com\\\/images\\\/I\\\/51joC3Xp-5L._SL500_.jpg\",\"datePublished\":\"2023-04-10T02:04:24+00:00\",\"dateModified\":\"2023-04-11T03:35:54+00:00\",\"description\":\"Markt-XXL EINF\u00dcHRUNGSANGEBOT - 100% BIO HAGEBUTTEN\u00d6L | Kaltgepresst &amp; Rein | Nat\u00fcrliches Rosen\u00f6l - Rosehip Oil |F\u00fcr Gesicht Haare\u2026\",\"breadcrumb\":{\"@id\":\"https:\\\/\\\/marktxxl.de\\\/markt\\\/produkt\\\/einfuehrungsangebot-100-bio-hagebuttenoel-kaltgepresst-rein-natuerliches-rosenoel-rosehip-oil-fuer-gesicht-haare-haut-wildrosenoel-zur-gesichtspflege-vegan-made-in-germany\\\/#breadcrumb\"},\"inLanguage\":\"de\",\"potentialAction\":[{\"@type\":\"ReadAction\",\"target\":[\"https:\\\/\\\/marktxxl.de\\\/markt\\\/produkt\\\/einfuehrungsangebot-100-bio-hagebuttenoel-kaltgepresst-rein-natuerliches-rosenoel-rosehip-oil-fuer-gesicht-haare-haut-wildrosenoel-zur-gesichtspflege-vegan-made-in-germany\\\/\"]}]},{\"@type\":\"ImageObject\",\"inLanguage\":\"de\",\"@id\":\"https:\\\/\\\/marktxxl.de\\\/markt\\\/produkt\\\/einfuehrungsangebot-100-bio-hagebuttenoel-kaltgepresst-rein-natuerliches-rosenoel-rosehip-oil-fuer-gesicht-haare-haut-wildrosenoel-zur-gesichtspflege-vegan-made-in-germany\\\/#primaryimage\",\"url\":\"https:\\\/\\\/m.media-amazon.com\\\/images\\\/I\\\/51joC3Xp-5L._SL500_.jpg\",\"contentUrl\":\"https:\\\/\\\/m.media-amazon.com\\\/images\\\/I\\\/51joC3Xp-5L._SL500_.jpg\",\"width\":336,\"height\":500},{\"@type\":\"BreadcrumbList\",\"@id\":\"https:\\\/\\\/marktxxl.de\\\/markt\\\/produkt\\\/einfuehrungsangebot-100-bio-hagebuttenoel-kaltgepresst-rein-natuerliches-rosenoel-rosehip-oil-fuer-gesicht-haare-haut-wildrosenoel-zur-gesichtspflege-vegan-made-in-germany\\\/#breadcrumb\",\"itemListElement\":[{\"@type\":\"ListItem\",\"position\":1,\"name\":\"Startseite\",\"item\":\"https:\\\/\\\/marktxxl.de\\\/markt\\\/\"},{\"@type\":\"ListItem\",\"position\":2,\"name\":\"Markt\",\"item\":\"https:\\\/\\\/marktxxl.de\\\/markt\\\/\"},{\"@type\":\"ListItem\",\"position\":3,\"name\":\"EINF\u00dcHRUNGSANGEBOT &#8211; 100% BIO HAGEBUTTEN\u00d6L | Kaltgepresst &amp; Rein | Nat\u00fcrliches Rosen\u00f6l &#8211; Rosehip Oil |F\u00fcr Gesicht Haare\u2026\"}]},{\"@type\":\"WebSite\",\"@id\":\"https:\\\/\\\/marktxxl.de\\\/markt\\\/#website\",\"url\":\"https:\\\/\\\/marktxxl.de\\\/markt\\\/\",\"name\":\"Markt-XXL\",\"description\":\"Ihr Markt Online\",\"publisher\":{\"@id\":\"https:\\\/\\\/marktxxl.de\\\/markt\\\/#organization\"},\"potentialAction\":[{\"@type\":\"SearchAction\",\"target\":{\"@type\":\"EntryPoint\",\"urlTemplate\":\"https:\\\/\\\/marktxxl.de\\\/markt\\\/?s={search_term_string}\"},\"query-input\":{\"@type\":\"PropertyValueSpecification\",\"valueRequired\":true,\"valueName\":\"search_term_string\"}}],\"inLanguage\":\"de\"},{\"@type\":\"Organization\",\"@id\":\"https:\\\/\\\/marktxxl.de\\\/markt\\\/#organization\",\"name\":\"Markt-XXL\",\"url\":\"https:\\\/\\\/marktxxl.de\\\/markt\\\/\",\"logo\":{\"@type\":\"ImageObject\",\"inLanguage\":\"de\",\"@id\":\"https:\\\/\\\/marktxxl.de\\\/markt\\\/#\\\/schema\\\/logo\\\/image\\\/\",\"url\":\"https:\\\/\\\/marktxxl.de\\\/markt\\\/wp-content\\\/uploads\\\/sites\\\/3\\\/2020\\\/12\\\/logo.png\",\"contentUrl\":\"https:\\\/\\\/marktxxl.de\\\/markt\\\/wp-content\\\/uploads\\\/sites\\\/3\\\/2020\\\/12\\\/logo.png\",\"width\":200,\"height\":70,\"caption\":\"Markt-XXL\"},\"image\":{\"@id\":\"https:\\\/\\\/marktxxl.de\\\/markt\\\/#\\\/schema\\\/logo\\\/image\\\/\"}}]}<\/script>\n<!-- \/ Yoast SEO plugin. -->","yoast_head_json":{"title":"EINF\u00dcHRUNGSANGEBOT - 100% BIO HAGEBUTTEN\u00d6L | Kaltgepresst &amp; Rein | Nat\u00fcrliches Rosen\u00f6l - Rosehip Oil |F\u00fcr Gesicht Haare\u2026 - Markt-XXL","description":"Markt-XXL EINF\u00dcHRUNGSANGEBOT - 100% BIO HAGEBUTTEN\u00d6L | Kaltgepresst &amp; Rein | Nat\u00fcrliches Rosen\u00f6l - Rosehip Oil |F\u00fcr Gesicht Haare\u2026","robots":{"index":"index","follow":"follow","max-snippet":"max-snippet:-1","max-image-preview":"max-image-preview:large","max-video-preview":"max-video-preview:-1"},"canonical":"https:\/\/marktxxl.de\/markt\/produkt\/einfuehrungsangebot-100-bio-hagebuttenoel-kaltgepresst-rein-natuerliches-rosenoel-rosehip-oil-fuer-gesicht-haare-haut-wildrosenoel-zur-gesichtspflege-vegan-made-in-germany\/","og_locale":"de_DE","og_type":"article","og_title":"EINF\u00dcHRUNGSANGEBOT - 100% BIO HAGEBUTTEN\u00d6L | Kaltgepresst &amp; Rein | Nat\u00fcrliches Rosen\u00f6l - Rosehip Oil |F\u00fcr Gesicht Haare\u2026 - Markt-XXL","og_description":"Markt-XXL EINF\u00dcHRUNGSANGEBOT - 100% BIO HAGEBUTTEN\u00d6L | Kaltgepresst &amp; Rein | Nat\u00fcrliches Rosen\u00f6l - Rosehip Oil |F\u00fcr Gesicht Haare\u2026","og_url":"https:\/\/marktxxl.de\/markt\/produkt\/einfuehrungsangebot-100-bio-hagebuttenoel-kaltgepresst-rein-natuerliches-rosenoel-rosehip-oil-fuer-gesicht-haare-haut-wildrosenoel-zur-gesichtspflege-vegan-made-in-germany\/","og_site_name":"Markt-XXL","article_modified_time":"2023-04-11T03:35:54+00:00","og_image":[{"width":336,"height":500,"url":"https:\/\/m.media-amazon.com\/images\/I\/51joC3Xp-5L._SL500_.jpg","type":"image\/jpeg"}],"twitter_card":"summary_large_image","twitter_misc":{"Gesch\u00e4tzte Lesezeit":"1\u00a0Minute"},"schema":{"@context":"https:\/\/schema.org","@graph":[{"@type":"WebPage","@id":"https:\/\/marktxxl.de\/markt\/produkt\/einfuehrungsangebot-100-bio-hagebuttenoel-kaltgepresst-rein-natuerliches-rosenoel-rosehip-oil-fuer-gesicht-haare-haut-wildrosenoel-zur-gesichtspflege-vegan-made-in-germany\/","url":"https:\/\/marktxxl.de\/markt\/produkt\/einfuehrungsangebot-100-bio-hagebuttenoel-kaltgepresst-rein-natuerliches-rosenoel-rosehip-oil-fuer-gesicht-haare-haut-wildrosenoel-zur-gesichtspflege-vegan-made-in-germany\/","name":"EINF\u00dcHRUNGSANGEBOT - 100% BIO HAGEBUTTEN\u00d6L | Kaltgepresst &amp; Rein | Nat\u00fcrliches Rosen\u00f6l - Rosehip Oil |F\u00fcr Gesicht Haare\u2026 - Markt-XXL","isPartOf":{"@id":"https:\/\/marktxxl.de\/markt\/#website"},"primaryImageOfPage":{"@id":"https:\/\/marktxxl.de\/markt\/produkt\/einfuehrungsangebot-100-bio-hagebuttenoel-kaltgepresst-rein-natuerliches-rosenoel-rosehip-oil-fuer-gesicht-haare-haut-wildrosenoel-zur-gesichtspflege-vegan-made-in-germany\/#primaryimage"},"image":{"@id":"https:\/\/marktxxl.de\/markt\/produkt\/einfuehrungsangebot-100-bio-hagebuttenoel-kaltgepresst-rein-natuerliches-rosenoel-rosehip-oil-fuer-gesicht-haare-haut-wildrosenoel-zur-gesichtspflege-vegan-made-in-germany\/#primaryimage"},"thumbnailUrl":"https:\/\/m.media-amazon.com\/images\/I\/51joC3Xp-5L._SL500_.jpg","datePublished":"2023-04-10T02:04:24+00:00","dateModified":"2023-04-11T03:35:54+00:00","description":"Markt-XXL EINF\u00dcHRUNGSANGEBOT - 100% BIO HAGEBUTTEN\u00d6L | Kaltgepresst &amp; Rein | Nat\u00fcrliches Rosen\u00f6l - Rosehip Oil |F\u00fcr Gesicht Haare\u2026","breadcrumb":{"@id":"https:\/\/marktxxl.de\/markt\/produkt\/einfuehrungsangebot-100-bio-hagebuttenoel-kaltgepresst-rein-natuerliches-rosenoel-rosehip-oil-fuer-gesicht-haare-haut-wildrosenoel-zur-gesichtspflege-vegan-made-in-germany\/#breadcrumb"},"inLanguage":"de","potentialAction":[{"@type":"ReadAction","target":["https:\/\/marktxxl.de\/markt\/produkt\/einfuehrungsangebot-100-bio-hagebuttenoel-kaltgepresst-rein-natuerliches-rosenoel-rosehip-oil-fuer-gesicht-haare-haut-wildrosenoel-zur-gesichtspflege-vegan-made-in-germany\/"]}]},{"@type":"ImageObject","inLanguage":"de","@id":"https:\/\/marktxxl.de\/markt\/produkt\/einfuehrungsangebot-100-bio-hagebuttenoel-kaltgepresst-rein-natuerliches-rosenoel-rosehip-oil-fuer-gesicht-haare-haut-wildrosenoel-zur-gesichtspflege-vegan-made-in-germany\/#primaryimage","url":"https:\/\/m.media-amazon.com\/images\/I\/51joC3Xp-5L._SL500_.jpg","contentUrl":"https:\/\/m.media-amazon.com\/images\/I\/51joC3Xp-5L._SL500_.jpg","width":336,"height":500},{"@type":"BreadcrumbList","@id":"https:\/\/marktxxl.de\/markt\/produkt\/einfuehrungsangebot-100-bio-hagebuttenoel-kaltgepresst-rein-natuerliches-rosenoel-rosehip-oil-fuer-gesicht-haare-haut-wildrosenoel-zur-gesichtspflege-vegan-made-in-germany\/#breadcrumb","itemListElement":[{"@type":"ListItem","position":1,"name":"Startseite","item":"https:\/\/marktxxl.de\/markt\/"},{"@type":"ListItem","position":2,"name":"Markt","item":"https:\/\/marktxxl.de\/markt\/"},{"@type":"ListItem","position":3,"name":"EINF\u00dcHRUNGSANGEBOT &#8211; 100% BIO HAGEBUTTEN\u00d6L | Kaltgepresst &amp; Rein | Nat\u00fcrliches Rosen\u00f6l &#8211; Rosehip Oil |F\u00fcr Gesicht Haare\u2026"}]},{"@type":"WebSite","@id":"https:\/\/marktxxl.de\/markt\/#website","url":"https:\/\/marktxxl.de\/markt\/","name":"Markt-XXL","description":"Ihr Markt Online","publisher":{"@id":"https:\/\/marktxxl.de\/markt\/#organization"},"potentialAction":[{"@type":"SearchAction","target":{"@type":"EntryPoint","urlTemplate":"https:\/\/marktxxl.de\/markt\/?s={search_term_string}"},"query-input":{"@type":"PropertyValueSpecification","valueRequired":true,"valueName":"search_term_string"}}],"inLanguage":"de"},{"@type":"Organization","@id":"https:\/\/marktxxl.de\/markt\/#organization","name":"Markt-XXL","url":"https:\/\/marktxxl.de\/markt\/","logo":{"@type":"ImageObject","inLanguage":"de","@id":"https:\/\/marktxxl.de\/markt\/#\/schema\/logo\/image\/","url":"https:\/\/marktxxl.de\/markt\/wp-content\/uploads\/sites\/3\/2020\/12\/logo.png","contentUrl":"https:\/\/marktxxl.de\/markt\/wp-content\/uploads\/sites\/3\/2020\/12\/logo.png","width":200,"height":70,"caption":"Markt-XXL"},"image":{"@id":"https:\/\/marktxxl.de\/markt\/#\/schema\/logo\/image\/"}}]}},"_links":{"self":[{"href":"https:\/\/marktxxl.de\/markt\/wp-json\/wp\/v2\/product\/198676","targetHints":{"allow":["GET"]}}],"collection":[{"href":"https:\/\/marktxxl.de\/markt\/wp-json\/wp\/v2\/product"}],"about":[{"href":"https:\/\/marktxxl.de\/markt\/wp-json\/wp\/v2\/types\/product"}],"replies":[{"embeddable":true,"href":"https:\/\/marktxxl.de\/markt\/wp-json\/wp\/v2\/comments?post=198676"}],"wp:featuredmedia":[{"embeddable":true,"href":"https:\/\/marktxxl.de\/markt\/wp-json\/wp\/v2\/media\/198677"}],"wp:attachment":[{"href":"https:\/\/marktxxl.de\/markt\/wp-json\/wp\/v2\/media?parent=198676"}],"wp:term":[{"taxonomy":"product_brand","embeddable":true,"href":"https:\/\/marktxxl.de\/markt\/wp-json\/wp\/v2\/product_brand?post=198676"},{"taxonomy":"product_cat","embeddable":true,"href":"https:\/\/marktxxl.de\/markt\/wp-json\/wp\/v2\/product_cat?post=198676"},{"taxonomy":"product_tag","embeddable":true,"href":"https:\/\/marktxxl.de\/markt\/wp-json\/wp\/v2\/product_tag?post=198676"}],"curies":[{"name":"wp","href":"https:\/\/api.w.org\/{rel}","templated":true}]}}