{"id":198447,"date":"2023-04-10T03:05:39","date_gmt":"2023-04-10T01:05:39","guid":{"rendered":"https:\/\/marktxxl.de\/markt\/produkt\/pinksheep-haargummis-24pack-keine-falte-haargummis-elastisches-haarband-bunte-haargummis-haarspulen-elastische-spule-haargummis-fuer-frauen-maedchen-haar-zubehoer-nicht-einweichen\/"},"modified":"2023-04-11T05:35:51","modified_gmt":"2023-04-11T03:35:51","slug":"pinksheep-haargummis-24pack-keine-falte-haargummis-elastisches-haarband-bunte-haargummis-haarspulen-elastische-spule-haargummis-fuer-frauen-maedchen-haar-zubehoer-nicht-einweichen","status":"publish","type":"product","link":"https:\/\/marktxxl.de\/markt\/produkt\/pinksheep-haargummis-24pack-keine-falte-haargummis-elastisches-haarband-bunte-haargummis-haarspulen-elastische-spule-haargummis-fuer-frauen-maedchen-haar-zubehoer-nicht-einweichen\/","title":{"rendered":"PinkSheep Haargummis 24Pack keine Falte Haargummis elastisches Haarband bunte Haargummis Haarspulen elastische Spule\u2026"},"content":{"rendered":"<p>Bequem zu tragen&#8211; Haarb\u00e4nder sind eine t\u00e4gliche Notwendigkeit. Die Spirale Design halten sie Ihr Haar perfekt, ohne eng zu sein, PinkSheep Haarspulen sind sanft auf Ihr Haar. Die glatte, spiralf\u00f6rmige Kunststoffkonstruktion verhindert ein Verheddern.<br \/>\nModische Haar-Accessoires&#8211;Die Haargummis sind in 24 Farben erh\u00e4ltlich, perfekt f\u00fcr jede Haarfarbe, erf\u00fcllen alle Ihre Wahl der Haarfarbe und Ihr Outfit Stile. Einfach zu DIY Ihre eigene Frisur; machen Sie mehr charmant aussehen.<br \/>\nWasserdicht&#8211; Aus hochwertigem Material hergestellt, k\u00f6nnen sie beim Schwimmen oder Baden getragen werden und lassen sich viel leichter aus dem nassen Haar entfernen als ein herk\u00f6mmlicher Pferdeschwanzhalter.<br \/>\nEinfacher Gebrauch&#8211; Sie k\u00f6nnen sie bei Partys, Zeremonien und im Alltag tragen, perfekt f\u00fcr die Arbeit, zum Einkaufen, zum Ausgehen, zum Sport, zum Schwimmen, zum Trainieren und mehr.<br \/>\nKundenservice-Wenn Sie irgendwelche Fragen zum Produkt haben, kontaktieren Sie uns bitte, wir werden unser Bestes tun, um Ihnen zu helfen.<br \/>\n<div class=\"main-cross-sell\" data-asin=\"B08KFXZL63\">\n\n\t<div class=\"WooZone-cross-sell-loader\">\n\t\t<div>\n\t\t\t<div id=\"floatingBarsG\">\n\t\t\t\t<div class=\"blockG\" id=\"rotateG_01\"><\/div>\n\t\t\t\t<div class=\"blockG\" id=\"rotateG_02\"><\/div>\n\t\t\t\t<div class=\"blockG\" id=\"rotateG_03\"><\/div>\n\t\t\t\t<div class=\"blockG\" id=\"rotateG_04\"><\/div>\n\t\t\t\t<div class=\"blockG\" id=\"rotateG_05\"><\/div>\n\t\t\t\t<div class=\"blockG\" id=\"rotateG_06\"><\/div>\n\t\t\t\t<div class=\"blockG\" id=\"rotateG_07\"><\/div>\n\t\t\t\t<div class=\"blockG\" id=\"rotateG_08\"><\/div>\n\t\t\t<\/div>\n\t\t\t<div class=\"WooZone-cross-sell-loader-text\"><\/div>\n\t\t<\/div>\n\t<\/div>\n\n\t\t\n<\/div>\n<div style=\"clear:both;\"><\/div><\/p>\n","protected":false},"excerpt":{"rendered":"<p>Bequem zu tragen&#8211; Haarb\u00e4nder sind eine t\u00e4gliche Notwendigkeit. Die Spirale Design halten sie Ihr Haar perfekt, ohne eng zu sein, PinkSheep Haarspulen sind sanft auf Ihr Haar. Die glatte, spiralf\u00f6rmige Kunststoffkonstruktion verhindert ein Verheddern.<br \/>\nModische Haar-Accessoires&#8211;Die Haargummis sind in 24 Farben erh\u00e4ltlich, perfekt f\u00fcr jede Haarfarbe, erf\u00fcllen alle Ihre Wahl der Haarfarbe und Ihr Outfit Stile. Einfach zu DIY Ihre eigene Frisur; machen Sie mehr charmant aussehen.<br \/>\nWasserdicht&#8211; Aus hochwertigem Material hergestellt, k\u00f6nnen sie beim Schwimmen oder Baden getragen werden und lassen sich viel leichter aus dem nassen Haar entfernen als ein herk\u00f6mmlicher Pferdeschwanzhalter.<\/p>\n","protected":false},"featured_media":198448,"comment_status":"open","ping_status":"closed","template":"","meta":[],"product_brand":[],"product_cat":[2858,6994],"product_tag":[],"class_list":{"0":"post-198447","1":"product","2":"type-product","3":"status-publish","4":"has-post-thumbnail","6":"product_cat-beauty","7":"product_cat-haarpflege-styling","8":"pa_brand-pinksheep","9":"pa_brand-thames-hudson","10":"pa_size-s","12":"first","13":"instock","14":"shipping-taxable","15":"purchasable","16":"product-type-simple","17":"customify-col","18":"product-has-gallery"},"yoast_head":"<!-- This site is optimized with the Yoast SEO plugin v27.3 - https:\/\/yoast.com\/product\/yoast-seo-wordpress\/ -->\n<title>PinkSheep Haargummis 24Pack keine Falte Haargummis elastisches Haarband bunte Haargummis Haarspulen elastische Spule\u2026 - Markt-XXL<\/title>\n<meta name=\"description\" content=\"Markt-XXL PinkSheep Haargummis 24Pack keine Falte Haargummis elastisches Haarband bunte Haargummis Haarspulen elastische Spule\u2026\" \/>\n<meta name=\"robots\" content=\"index, follow, max-snippet:-1, max-image-preview:large, max-video-preview:-1\" \/>\n<link rel=\"canonical\" href=\"https:\/\/marktxxl.de\/markt\/produkt\/pinksheep-haargummis-24pack-keine-falte-haargummis-elastisches-haarband-bunte-haargummis-haarspulen-elastische-spule-haargummis-fuer-frauen-maedchen-haar-zubehoer-nicht-einweichen\/\" \/>\n<meta property=\"og:locale\" content=\"de_DE\" \/>\n<meta property=\"og:type\" content=\"article\" \/>\n<meta property=\"og:title\" content=\"PinkSheep Haargummis 24Pack keine Falte Haargummis elastisches Haarband bunte Haargummis Haarspulen elastische Spule\u2026 - Markt-XXL\" \/>\n<meta property=\"og:description\" content=\"Markt-XXL PinkSheep Haargummis 24Pack keine Falte Haargummis elastisches Haarband bunte Haargummis Haarspulen elastische Spule\u2026\" \/>\n<meta property=\"og:url\" content=\"https:\/\/marktxxl.de\/markt\/produkt\/pinksheep-haargummis-24pack-keine-falte-haargummis-elastisches-haarband-bunte-haargummis-haarspulen-elastische-spule-haargummis-fuer-frauen-maedchen-haar-zubehoer-nicht-einweichen\/\" \/>\n<meta property=\"og:site_name\" content=\"Markt-XXL\" \/>\n<meta property=\"article:modified_time\" content=\"2023-04-11T03:35:51+00:00\" \/>\n<meta property=\"og:image\" content=\"https:\/\/m.media-amazon.com\/images\/I\/51VdyYFNjBL._SL500_.jpg\" \/>\n\t<meta property=\"og:image:width\" content=\"500\" \/>\n\t<meta property=\"og:image:height\" content=\"500\" \/>\n\t<meta property=\"og:image:type\" content=\"image\/jpeg\" \/>\n<meta name=\"twitter:card\" content=\"summary_large_image\" \/>\n<meta name=\"twitter:label1\" content=\"Gesch\u00e4tzte Lesezeit\" \/>\n\t<meta name=\"twitter:data1\" content=\"1\u00a0Minute\" \/>\n<script type=\"application\/ld+json\" class=\"yoast-schema-graph\">{\"@context\":\"https:\\\/\\\/schema.org\",\"@graph\":[{\"@type\":\"WebPage\",\"@id\":\"https:\\\/\\\/marktxxl.de\\\/markt\\\/produkt\\\/pinksheep-haargummis-24pack-keine-falte-haargummis-elastisches-haarband-bunte-haargummis-haarspulen-elastische-spule-haargummis-fuer-frauen-maedchen-haar-zubehoer-nicht-einweichen\\\/\",\"url\":\"https:\\\/\\\/marktxxl.de\\\/markt\\\/produkt\\\/pinksheep-haargummis-24pack-keine-falte-haargummis-elastisches-haarband-bunte-haargummis-haarspulen-elastische-spule-haargummis-fuer-frauen-maedchen-haar-zubehoer-nicht-einweichen\\\/\",\"name\":\"PinkSheep Haargummis 24Pack keine Falte Haargummis elastisches Haarband bunte Haargummis Haarspulen elastische Spule\u2026 - Markt-XXL\",\"isPartOf\":{\"@id\":\"https:\\\/\\\/marktxxl.de\\\/markt\\\/#website\"},\"primaryImageOfPage\":{\"@id\":\"https:\\\/\\\/marktxxl.de\\\/markt\\\/produkt\\\/pinksheep-haargummis-24pack-keine-falte-haargummis-elastisches-haarband-bunte-haargummis-haarspulen-elastische-spule-haargummis-fuer-frauen-maedchen-haar-zubehoer-nicht-einweichen\\\/#primaryimage\"},\"image\":{\"@id\":\"https:\\\/\\\/marktxxl.de\\\/markt\\\/produkt\\\/pinksheep-haargummis-24pack-keine-falte-haargummis-elastisches-haarband-bunte-haargummis-haarspulen-elastische-spule-haargummis-fuer-frauen-maedchen-haar-zubehoer-nicht-einweichen\\\/#primaryimage\"},\"thumbnailUrl\":\"https:\\\/\\\/m.media-amazon.com\\\/images\\\/I\\\/51VdyYFNjBL._SL500_.jpg\",\"datePublished\":\"2023-04-10T01:05:39+00:00\",\"dateModified\":\"2023-04-11T03:35:51+00:00\",\"description\":\"Markt-XXL PinkSheep Haargummis 24Pack keine Falte Haargummis elastisches Haarband bunte Haargummis Haarspulen elastische Spule\u2026\",\"breadcrumb\":{\"@id\":\"https:\\\/\\\/marktxxl.de\\\/markt\\\/produkt\\\/pinksheep-haargummis-24pack-keine-falte-haargummis-elastisches-haarband-bunte-haargummis-haarspulen-elastische-spule-haargummis-fuer-frauen-maedchen-haar-zubehoer-nicht-einweichen\\\/#breadcrumb\"},\"inLanguage\":\"de\",\"potentialAction\":[{\"@type\":\"ReadAction\",\"target\":[\"https:\\\/\\\/marktxxl.de\\\/markt\\\/produkt\\\/pinksheep-haargummis-24pack-keine-falte-haargummis-elastisches-haarband-bunte-haargummis-haarspulen-elastische-spule-haargummis-fuer-frauen-maedchen-haar-zubehoer-nicht-einweichen\\\/\"]}]},{\"@type\":\"ImageObject\",\"inLanguage\":\"de\",\"@id\":\"https:\\\/\\\/marktxxl.de\\\/markt\\\/produkt\\\/pinksheep-haargummis-24pack-keine-falte-haargummis-elastisches-haarband-bunte-haargummis-haarspulen-elastische-spule-haargummis-fuer-frauen-maedchen-haar-zubehoer-nicht-einweichen\\\/#primaryimage\",\"url\":\"https:\\\/\\\/m.media-amazon.com\\\/images\\\/I\\\/51VdyYFNjBL._SL500_.jpg\",\"contentUrl\":\"https:\\\/\\\/m.media-amazon.com\\\/images\\\/I\\\/51VdyYFNjBL._SL500_.jpg\",\"width\":500,\"height\":500},{\"@type\":\"BreadcrumbList\",\"@id\":\"https:\\\/\\\/marktxxl.de\\\/markt\\\/produkt\\\/pinksheep-haargummis-24pack-keine-falte-haargummis-elastisches-haarband-bunte-haargummis-haarspulen-elastische-spule-haargummis-fuer-frauen-maedchen-haar-zubehoer-nicht-einweichen\\\/#breadcrumb\",\"itemListElement\":[{\"@type\":\"ListItem\",\"position\":1,\"name\":\"Startseite\",\"item\":\"https:\\\/\\\/marktxxl.de\\\/markt\\\/\"},{\"@type\":\"ListItem\",\"position\":2,\"name\":\"Markt\",\"item\":\"https:\\\/\\\/marktxxl.de\\\/markt\\\/\"},{\"@type\":\"ListItem\",\"position\":3,\"name\":\"PinkSheep Haargummis 24Pack keine Falte Haargummis elastisches Haarband bunte Haargummis Haarspulen elastische Spule\u2026\"}]},{\"@type\":\"WebSite\",\"@id\":\"https:\\\/\\\/marktxxl.de\\\/markt\\\/#website\",\"url\":\"https:\\\/\\\/marktxxl.de\\\/markt\\\/\",\"name\":\"Markt-XXL\",\"description\":\"Ihr Markt Online\",\"publisher\":{\"@id\":\"https:\\\/\\\/marktxxl.de\\\/markt\\\/#organization\"},\"potentialAction\":[{\"@type\":\"SearchAction\",\"target\":{\"@type\":\"EntryPoint\",\"urlTemplate\":\"https:\\\/\\\/marktxxl.de\\\/markt\\\/?s={search_term_string}\"},\"query-input\":{\"@type\":\"PropertyValueSpecification\",\"valueRequired\":true,\"valueName\":\"search_term_string\"}}],\"inLanguage\":\"de\"},{\"@type\":\"Organization\",\"@id\":\"https:\\\/\\\/marktxxl.de\\\/markt\\\/#organization\",\"name\":\"Markt-XXL\",\"url\":\"https:\\\/\\\/marktxxl.de\\\/markt\\\/\",\"logo\":{\"@type\":\"ImageObject\",\"inLanguage\":\"de\",\"@id\":\"https:\\\/\\\/marktxxl.de\\\/markt\\\/#\\\/schema\\\/logo\\\/image\\\/\",\"url\":\"https:\\\/\\\/marktxxl.de\\\/markt\\\/wp-content\\\/uploads\\\/sites\\\/3\\\/2020\\\/12\\\/logo.png\",\"contentUrl\":\"https:\\\/\\\/marktxxl.de\\\/markt\\\/wp-content\\\/uploads\\\/sites\\\/3\\\/2020\\\/12\\\/logo.png\",\"width\":200,\"height\":70,\"caption\":\"Markt-XXL\"},\"image\":{\"@id\":\"https:\\\/\\\/marktxxl.de\\\/markt\\\/#\\\/schema\\\/logo\\\/image\\\/\"}}]}<\/script>\n<!-- \/ Yoast SEO plugin. -->","yoast_head_json":{"title":"PinkSheep Haargummis 24Pack keine Falte Haargummis elastisches Haarband bunte Haargummis Haarspulen elastische Spule\u2026 - Markt-XXL","description":"Markt-XXL PinkSheep Haargummis 24Pack keine Falte Haargummis elastisches Haarband bunte Haargummis Haarspulen elastische Spule\u2026","robots":{"index":"index","follow":"follow","max-snippet":"max-snippet:-1","max-image-preview":"max-image-preview:large","max-video-preview":"max-video-preview:-1"},"canonical":"https:\/\/marktxxl.de\/markt\/produkt\/pinksheep-haargummis-24pack-keine-falte-haargummis-elastisches-haarband-bunte-haargummis-haarspulen-elastische-spule-haargummis-fuer-frauen-maedchen-haar-zubehoer-nicht-einweichen\/","og_locale":"de_DE","og_type":"article","og_title":"PinkSheep Haargummis 24Pack keine Falte Haargummis elastisches Haarband bunte Haargummis Haarspulen elastische Spule\u2026 - Markt-XXL","og_description":"Markt-XXL PinkSheep Haargummis 24Pack keine Falte Haargummis elastisches Haarband bunte Haargummis Haarspulen elastische Spule\u2026","og_url":"https:\/\/marktxxl.de\/markt\/produkt\/pinksheep-haargummis-24pack-keine-falte-haargummis-elastisches-haarband-bunte-haargummis-haarspulen-elastische-spule-haargummis-fuer-frauen-maedchen-haar-zubehoer-nicht-einweichen\/","og_site_name":"Markt-XXL","article_modified_time":"2023-04-11T03:35:51+00:00","og_image":[{"width":500,"height":500,"url":"https:\/\/m.media-amazon.com\/images\/I\/51VdyYFNjBL._SL500_.jpg","type":"image\/jpeg"}],"twitter_card":"summary_large_image","twitter_misc":{"Gesch\u00e4tzte Lesezeit":"1\u00a0Minute"},"schema":{"@context":"https:\/\/schema.org","@graph":[{"@type":"WebPage","@id":"https:\/\/marktxxl.de\/markt\/produkt\/pinksheep-haargummis-24pack-keine-falte-haargummis-elastisches-haarband-bunte-haargummis-haarspulen-elastische-spule-haargummis-fuer-frauen-maedchen-haar-zubehoer-nicht-einweichen\/","url":"https:\/\/marktxxl.de\/markt\/produkt\/pinksheep-haargummis-24pack-keine-falte-haargummis-elastisches-haarband-bunte-haargummis-haarspulen-elastische-spule-haargummis-fuer-frauen-maedchen-haar-zubehoer-nicht-einweichen\/","name":"PinkSheep Haargummis 24Pack keine Falte Haargummis elastisches Haarband bunte Haargummis Haarspulen elastische Spule\u2026 - Markt-XXL","isPartOf":{"@id":"https:\/\/marktxxl.de\/markt\/#website"},"primaryImageOfPage":{"@id":"https:\/\/marktxxl.de\/markt\/produkt\/pinksheep-haargummis-24pack-keine-falte-haargummis-elastisches-haarband-bunte-haargummis-haarspulen-elastische-spule-haargummis-fuer-frauen-maedchen-haar-zubehoer-nicht-einweichen\/#primaryimage"},"image":{"@id":"https:\/\/marktxxl.de\/markt\/produkt\/pinksheep-haargummis-24pack-keine-falte-haargummis-elastisches-haarband-bunte-haargummis-haarspulen-elastische-spule-haargummis-fuer-frauen-maedchen-haar-zubehoer-nicht-einweichen\/#primaryimage"},"thumbnailUrl":"https:\/\/m.media-amazon.com\/images\/I\/51VdyYFNjBL._SL500_.jpg","datePublished":"2023-04-10T01:05:39+00:00","dateModified":"2023-04-11T03:35:51+00:00","description":"Markt-XXL PinkSheep Haargummis 24Pack keine Falte Haargummis elastisches Haarband bunte Haargummis Haarspulen elastische Spule\u2026","breadcrumb":{"@id":"https:\/\/marktxxl.de\/markt\/produkt\/pinksheep-haargummis-24pack-keine-falte-haargummis-elastisches-haarband-bunte-haargummis-haarspulen-elastische-spule-haargummis-fuer-frauen-maedchen-haar-zubehoer-nicht-einweichen\/#breadcrumb"},"inLanguage":"de","potentialAction":[{"@type":"ReadAction","target":["https:\/\/marktxxl.de\/markt\/produkt\/pinksheep-haargummis-24pack-keine-falte-haargummis-elastisches-haarband-bunte-haargummis-haarspulen-elastische-spule-haargummis-fuer-frauen-maedchen-haar-zubehoer-nicht-einweichen\/"]}]},{"@type":"ImageObject","inLanguage":"de","@id":"https:\/\/marktxxl.de\/markt\/produkt\/pinksheep-haargummis-24pack-keine-falte-haargummis-elastisches-haarband-bunte-haargummis-haarspulen-elastische-spule-haargummis-fuer-frauen-maedchen-haar-zubehoer-nicht-einweichen\/#primaryimage","url":"https:\/\/m.media-amazon.com\/images\/I\/51VdyYFNjBL._SL500_.jpg","contentUrl":"https:\/\/m.media-amazon.com\/images\/I\/51VdyYFNjBL._SL500_.jpg","width":500,"height":500},{"@type":"BreadcrumbList","@id":"https:\/\/marktxxl.de\/markt\/produkt\/pinksheep-haargummis-24pack-keine-falte-haargummis-elastisches-haarband-bunte-haargummis-haarspulen-elastische-spule-haargummis-fuer-frauen-maedchen-haar-zubehoer-nicht-einweichen\/#breadcrumb","itemListElement":[{"@type":"ListItem","position":1,"name":"Startseite","item":"https:\/\/marktxxl.de\/markt\/"},{"@type":"ListItem","position":2,"name":"Markt","item":"https:\/\/marktxxl.de\/markt\/"},{"@type":"ListItem","position":3,"name":"PinkSheep Haargummis 24Pack keine Falte Haargummis elastisches Haarband bunte Haargummis Haarspulen elastische Spule\u2026"}]},{"@type":"WebSite","@id":"https:\/\/marktxxl.de\/markt\/#website","url":"https:\/\/marktxxl.de\/markt\/","name":"Markt-XXL","description":"Ihr Markt Online","publisher":{"@id":"https:\/\/marktxxl.de\/markt\/#organization"},"potentialAction":[{"@type":"SearchAction","target":{"@type":"EntryPoint","urlTemplate":"https:\/\/marktxxl.de\/markt\/?s={search_term_string}"},"query-input":{"@type":"PropertyValueSpecification","valueRequired":true,"valueName":"search_term_string"}}],"inLanguage":"de"},{"@type":"Organization","@id":"https:\/\/marktxxl.de\/markt\/#organization","name":"Markt-XXL","url":"https:\/\/marktxxl.de\/markt\/","logo":{"@type":"ImageObject","inLanguage":"de","@id":"https:\/\/marktxxl.de\/markt\/#\/schema\/logo\/image\/","url":"https:\/\/marktxxl.de\/markt\/wp-content\/uploads\/sites\/3\/2020\/12\/logo.png","contentUrl":"https:\/\/marktxxl.de\/markt\/wp-content\/uploads\/sites\/3\/2020\/12\/logo.png","width":200,"height":70,"caption":"Markt-XXL"},"image":{"@id":"https:\/\/marktxxl.de\/markt\/#\/schema\/logo\/image\/"}}]}},"_links":{"self":[{"href":"https:\/\/marktxxl.de\/markt\/wp-json\/wp\/v2\/product\/198447","targetHints":{"allow":["GET"]}}],"collection":[{"href":"https:\/\/marktxxl.de\/markt\/wp-json\/wp\/v2\/product"}],"about":[{"href":"https:\/\/marktxxl.de\/markt\/wp-json\/wp\/v2\/types\/product"}],"replies":[{"embeddable":true,"href":"https:\/\/marktxxl.de\/markt\/wp-json\/wp\/v2\/comments?post=198447"}],"wp:featuredmedia":[{"embeddable":true,"href":"https:\/\/marktxxl.de\/markt\/wp-json\/wp\/v2\/media\/198448"}],"wp:attachment":[{"href":"https:\/\/marktxxl.de\/markt\/wp-json\/wp\/v2\/media?parent=198447"}],"wp:term":[{"taxonomy":"product_brand","embeddable":true,"href":"https:\/\/marktxxl.de\/markt\/wp-json\/wp\/v2\/product_brand?post=198447"},{"taxonomy":"product_cat","embeddable":true,"href":"https:\/\/marktxxl.de\/markt\/wp-json\/wp\/v2\/product_cat?post=198447"},{"taxonomy":"product_tag","embeddable":true,"href":"https:\/\/marktxxl.de\/markt\/wp-json\/wp\/v2\/product_tag?post=198447"}],"curies":[{"name":"wp","href":"https:\/\/api.w.org\/{rel}","templated":true}]}}