{"id":198440,"date":"2023-04-10T03:05:23","date_gmt":"2023-04-10T01:05:23","guid":{"rendered":"https:\/\/marktxxl.de\/markt\/produkt\/wella-er-pack-koleston-perfect-me-kp-special-blonds-blonde\/"},"modified":"2023-04-11T05:35:50","modified_gmt":"2023-04-11T03:35:50","slug":"wella-er-pack-koleston-perfect-me-kp-special-blonds-blonde","status":"publish","type":"product","link":"https:\/\/marktxxl.de\/markt\/produkt\/wella-er-pack-koleston-perfect-me-kp-special-blonds-blonde\/","title":{"rendered":"6er Wella Koleston Perfect ME+ 12\/81 Special Blond Perl Asch 60 ml"},"content":{"rendered":"<p>Weniger Haarsch\u00e4digung bei jeder Anwendung* (*Gegen\u00fcber dem vorherigen Koleston Perfect. G\u00fcltig f\u00fcr Koleston Perfect mit Pure-Balance-Technologie.)<br \/>\nemitteln gezeigt haben, sollten Sie nicht Colorieren. ME+ ist in bestimmten Nuancen von Pure Naturals, Rich Naturals, Vibrant Reds, Special Blondes und Deep Browns der Marke Koleston Perfect enthalten)<br \/>\nMe+, reduziert das Risiko eine neue Allergie gegen Haarfarbe zu entwickeln** (**F\u00fcr Personen, die nicht allergisch gegen Haarf\u00e4rbemittel sind. Obwohl das Risiko verringert ist, neue Allergien zu entwickeln, bleibt ein Risiko f\u00fcr allergische Reaktione<br \/>\nn bestehen, die mitunter schwer ausfallen k\u00f6nnen. F\u00fchren Sie 48 Stunden vor jeder Coloration einen Allergietest durch. Befolgen Sie genau die Sicherheitsanweisungen. Wenn sich bei Ihnen bereits in der Vergangenheit allergische Reaktionen auf Haarf\u00e4rb<br \/>\nIst die Farbe mit der ME+ Technologie. Perfekte, gleichm\u00e4\u00dfige und moderne Farbergebnisse<br \/>\n<div class=\"main-cross-sell\" data-asin=\"B0B76DQMP4\">\n\n\t<div class=\"WooZone-cross-sell-loader\">\n\t\t<div>\n\t\t\t<div id=\"floatingBarsG\">\n\t\t\t\t<div class=\"blockG\" id=\"rotateG_01\"><\/div>\n\t\t\t\t<div class=\"blockG\" id=\"rotateG_02\"><\/div>\n\t\t\t\t<div class=\"blockG\" id=\"rotateG_03\"><\/div>\n\t\t\t\t<div class=\"blockG\" id=\"rotateG_04\"><\/div>\n\t\t\t\t<div class=\"blockG\" id=\"rotateG_05\"><\/div>\n\t\t\t\t<div class=\"blockG\" id=\"rotateG_06\"><\/div>\n\t\t\t\t<div class=\"blockG\" id=\"rotateG_07\"><\/div>\n\t\t\t\t<div class=\"blockG\" id=\"rotateG_08\"><\/div>\n\t\t\t<\/div>\n\t\t\t<div class=\"WooZone-cross-sell-loader-text\"><\/div>\n\t\t<\/div>\n\t<\/div>\n\n\t\t\n<\/div>\n<div style=\"clear:both;\"><\/div><\/p>\n","protected":false},"excerpt":{"rendered":"<p>Weniger Haarsch\u00e4digung bei jeder Anwendung* (*Gegen\u00fcber dem vorherigen Koleston Perfect. G\u00fcltig f\u00fcr Koleston Perfect mit Pure-Balance-Technologie.)<br \/>\nemitteln gezeigt haben, sollten Sie nicht Colorieren. ME+ ist in bestimmten Nuancen von Pure Naturals, Rich Naturals, Vibrant Reds, Special Blondes und Deep Browns der Marke Koleston Perfect enthalten)<br \/>\nMe+, reduziert das Risiko eine neue Allergie gegen Haarfarbe zu entwickeln** (**F\u00fcr Personen, die nicht allergisch gegen Haarf\u00e4rbemittel sind. Obwohl das Risiko verringert ist, neue Allergien zu entwickeln, bleibt ein Risiko f\u00fcr allergische Reaktione<\/p>\n","protected":false},"featured_media":198441,"comment_status":"open","ping_status":"closed","template":"","meta":[],"product_brand":[],"product_cat":[2858,6994],"product_tag":[],"class_list":{"0":"post-198440","1":"product","2":"type-product","3":"status-publish","4":"has-post-thumbnail","6":"product_cat-beauty","7":"product_cat-haarpflege-styling","8":"pa_brand-wella","10":"first","11":"instock","12":"shipping-taxable","13":"purchasable","14":"product-type-simple","15":"customify-col","16":"product-has-gallery"},"yoast_head":"<!-- This site is optimized with the Yoast SEO plugin v27.3 - https:\/\/yoast.com\/product\/yoast-seo-wordpress\/ -->\n<title>6er Wella Koleston Perfect ME+ 12\/81 Special Blond Perl Asch 60 ml - Markt-XXL<\/title>\n<meta name=\"description\" content=\"Markt-XXL 6er Wella Koleston Perfect ME+ 12\/81 Special Blond Perl Asch 60 ml\" \/>\n<meta name=\"robots\" content=\"index, follow, max-snippet:-1, max-image-preview:large, max-video-preview:-1\" \/>\n<link rel=\"canonical\" href=\"https:\/\/marktxxl.de\/markt\/produkt\/wella-er-pack-koleston-perfect-me-kp-special-blonds-blonde\/\" \/>\n<meta property=\"og:locale\" content=\"de_DE\" \/>\n<meta property=\"og:type\" content=\"article\" \/>\n<meta property=\"og:title\" content=\"6er Wella Koleston Perfect ME+ 12\/81 Special Blond Perl Asch 60 ml - Markt-XXL\" \/>\n<meta property=\"og:description\" content=\"Markt-XXL 6er Wella Koleston Perfect ME+ 12\/81 Special Blond Perl Asch 60 ml\" \/>\n<meta property=\"og:url\" content=\"https:\/\/marktxxl.de\/markt\/produkt\/wella-er-pack-koleston-perfect-me-kp-special-blonds-blonde\/\" \/>\n<meta property=\"og:site_name\" content=\"Markt-XXL\" \/>\n<meta property=\"article:modified_time\" content=\"2023-04-11T03:35:50+00:00\" \/>\n<meta property=\"og:image\" content=\"https:\/\/m.media-amazon.com\/images\/I\/41Nxb6C9hCL._SL500_.jpg\" \/>\n\t<meta property=\"og:image:width\" content=\"500\" \/>\n\t<meta property=\"og:image:height\" content=\"278\" \/>\n\t<meta property=\"og:image:type\" content=\"image\/jpeg\" \/>\n<meta name=\"twitter:card\" content=\"summary_large_image\" \/>\n<meta name=\"twitter:label1\" content=\"Gesch\u00e4tzte Lesezeit\" \/>\n\t<meta name=\"twitter:data1\" content=\"1\u00a0Minute\" \/>\n<script type=\"application\/ld+json\" class=\"yoast-schema-graph\">{\"@context\":\"https:\\\/\\\/schema.org\",\"@graph\":[{\"@type\":\"WebPage\",\"@id\":\"https:\\\/\\\/marktxxl.de\\\/markt\\\/produkt\\\/wella-er-pack-koleston-perfect-me-kp-special-blonds-blonde\\\/\",\"url\":\"https:\\\/\\\/marktxxl.de\\\/markt\\\/produkt\\\/wella-er-pack-koleston-perfect-me-kp-special-blonds-blonde\\\/\",\"name\":\"6er Wella Koleston Perfect ME+ 12\\\/81 Special Blond Perl Asch 60 ml - Markt-XXL\",\"isPartOf\":{\"@id\":\"https:\\\/\\\/marktxxl.de\\\/markt\\\/#website\"},\"primaryImageOfPage\":{\"@id\":\"https:\\\/\\\/marktxxl.de\\\/markt\\\/produkt\\\/wella-er-pack-koleston-perfect-me-kp-special-blonds-blonde\\\/#primaryimage\"},\"image\":{\"@id\":\"https:\\\/\\\/marktxxl.de\\\/markt\\\/produkt\\\/wella-er-pack-koleston-perfect-me-kp-special-blonds-blonde\\\/#primaryimage\"},\"thumbnailUrl\":\"https:\\\/\\\/m.media-amazon.com\\\/images\\\/I\\\/41Nxb6C9hCL._SL500_.jpg\",\"datePublished\":\"2023-04-10T01:05:23+00:00\",\"dateModified\":\"2023-04-11T03:35:50+00:00\",\"description\":\"Markt-XXL 6er Wella Koleston Perfect ME+ 12\\\/81 Special Blond Perl Asch 60 ml\",\"breadcrumb\":{\"@id\":\"https:\\\/\\\/marktxxl.de\\\/markt\\\/produkt\\\/wella-er-pack-koleston-perfect-me-kp-special-blonds-blonde\\\/#breadcrumb\"},\"inLanguage\":\"de\",\"potentialAction\":[{\"@type\":\"ReadAction\",\"target\":[\"https:\\\/\\\/marktxxl.de\\\/markt\\\/produkt\\\/wella-er-pack-koleston-perfect-me-kp-special-blonds-blonde\\\/\"]}]},{\"@type\":\"ImageObject\",\"inLanguage\":\"de\",\"@id\":\"https:\\\/\\\/marktxxl.de\\\/markt\\\/produkt\\\/wella-er-pack-koleston-perfect-me-kp-special-blonds-blonde\\\/#primaryimage\",\"url\":\"https:\\\/\\\/m.media-amazon.com\\\/images\\\/I\\\/41Nxb6C9hCL._SL500_.jpg\",\"contentUrl\":\"https:\\\/\\\/m.media-amazon.com\\\/images\\\/I\\\/41Nxb6C9hCL._SL500_.jpg\",\"width\":500,\"height\":278},{\"@type\":\"BreadcrumbList\",\"@id\":\"https:\\\/\\\/marktxxl.de\\\/markt\\\/produkt\\\/wella-er-pack-koleston-perfect-me-kp-special-blonds-blonde\\\/#breadcrumb\",\"itemListElement\":[{\"@type\":\"ListItem\",\"position\":1,\"name\":\"Startseite\",\"item\":\"https:\\\/\\\/marktxxl.de\\\/markt\\\/\"},{\"@type\":\"ListItem\",\"position\":2,\"name\":\"Markt\",\"item\":\"https:\\\/\\\/marktxxl.de\\\/markt\\\/\"},{\"@type\":\"ListItem\",\"position\":3,\"name\":\"6er Wella Koleston Perfect ME+ 12\\\/81 Special Blond Perl Asch 60 ml\"}]},{\"@type\":\"WebSite\",\"@id\":\"https:\\\/\\\/marktxxl.de\\\/markt\\\/#website\",\"url\":\"https:\\\/\\\/marktxxl.de\\\/markt\\\/\",\"name\":\"Markt-XXL\",\"description\":\"Ihr Markt Online\",\"publisher\":{\"@id\":\"https:\\\/\\\/marktxxl.de\\\/markt\\\/#organization\"},\"potentialAction\":[{\"@type\":\"SearchAction\",\"target\":{\"@type\":\"EntryPoint\",\"urlTemplate\":\"https:\\\/\\\/marktxxl.de\\\/markt\\\/?s={search_term_string}\"},\"query-input\":{\"@type\":\"PropertyValueSpecification\",\"valueRequired\":true,\"valueName\":\"search_term_string\"}}],\"inLanguage\":\"de\"},{\"@type\":\"Organization\",\"@id\":\"https:\\\/\\\/marktxxl.de\\\/markt\\\/#organization\",\"name\":\"Markt-XXL\",\"url\":\"https:\\\/\\\/marktxxl.de\\\/markt\\\/\",\"logo\":{\"@type\":\"ImageObject\",\"inLanguage\":\"de\",\"@id\":\"https:\\\/\\\/marktxxl.de\\\/markt\\\/#\\\/schema\\\/logo\\\/image\\\/\",\"url\":\"https:\\\/\\\/marktxxl.de\\\/markt\\\/wp-content\\\/uploads\\\/sites\\\/3\\\/2020\\\/12\\\/logo.png\",\"contentUrl\":\"https:\\\/\\\/marktxxl.de\\\/markt\\\/wp-content\\\/uploads\\\/sites\\\/3\\\/2020\\\/12\\\/logo.png\",\"width\":200,\"height\":70,\"caption\":\"Markt-XXL\"},\"image\":{\"@id\":\"https:\\\/\\\/marktxxl.de\\\/markt\\\/#\\\/schema\\\/logo\\\/image\\\/\"}}]}<\/script>\n<!-- \/ Yoast SEO plugin. -->","yoast_head_json":{"title":"6er Wella Koleston Perfect ME+ 12\/81 Special Blond Perl Asch 60 ml - Markt-XXL","description":"Markt-XXL 6er Wella Koleston Perfect ME+ 12\/81 Special Blond Perl Asch 60 ml","robots":{"index":"index","follow":"follow","max-snippet":"max-snippet:-1","max-image-preview":"max-image-preview:large","max-video-preview":"max-video-preview:-1"},"canonical":"https:\/\/marktxxl.de\/markt\/produkt\/wella-er-pack-koleston-perfect-me-kp-special-blonds-blonde\/","og_locale":"de_DE","og_type":"article","og_title":"6er Wella Koleston Perfect ME+ 12\/81 Special Blond Perl Asch 60 ml - Markt-XXL","og_description":"Markt-XXL 6er Wella Koleston Perfect ME+ 12\/81 Special Blond Perl Asch 60 ml","og_url":"https:\/\/marktxxl.de\/markt\/produkt\/wella-er-pack-koleston-perfect-me-kp-special-blonds-blonde\/","og_site_name":"Markt-XXL","article_modified_time":"2023-04-11T03:35:50+00:00","og_image":[{"width":500,"height":278,"url":"https:\/\/m.media-amazon.com\/images\/I\/41Nxb6C9hCL._SL500_.jpg","type":"image\/jpeg"}],"twitter_card":"summary_large_image","twitter_misc":{"Gesch\u00e4tzte Lesezeit":"1\u00a0Minute"},"schema":{"@context":"https:\/\/schema.org","@graph":[{"@type":"WebPage","@id":"https:\/\/marktxxl.de\/markt\/produkt\/wella-er-pack-koleston-perfect-me-kp-special-blonds-blonde\/","url":"https:\/\/marktxxl.de\/markt\/produkt\/wella-er-pack-koleston-perfect-me-kp-special-blonds-blonde\/","name":"6er Wella Koleston Perfect ME+ 12\/81 Special Blond Perl Asch 60 ml - Markt-XXL","isPartOf":{"@id":"https:\/\/marktxxl.de\/markt\/#website"},"primaryImageOfPage":{"@id":"https:\/\/marktxxl.de\/markt\/produkt\/wella-er-pack-koleston-perfect-me-kp-special-blonds-blonde\/#primaryimage"},"image":{"@id":"https:\/\/marktxxl.de\/markt\/produkt\/wella-er-pack-koleston-perfect-me-kp-special-blonds-blonde\/#primaryimage"},"thumbnailUrl":"https:\/\/m.media-amazon.com\/images\/I\/41Nxb6C9hCL._SL500_.jpg","datePublished":"2023-04-10T01:05:23+00:00","dateModified":"2023-04-11T03:35:50+00:00","description":"Markt-XXL 6er Wella Koleston Perfect ME+ 12\/81 Special Blond Perl Asch 60 ml","breadcrumb":{"@id":"https:\/\/marktxxl.de\/markt\/produkt\/wella-er-pack-koleston-perfect-me-kp-special-blonds-blonde\/#breadcrumb"},"inLanguage":"de","potentialAction":[{"@type":"ReadAction","target":["https:\/\/marktxxl.de\/markt\/produkt\/wella-er-pack-koleston-perfect-me-kp-special-blonds-blonde\/"]}]},{"@type":"ImageObject","inLanguage":"de","@id":"https:\/\/marktxxl.de\/markt\/produkt\/wella-er-pack-koleston-perfect-me-kp-special-blonds-blonde\/#primaryimage","url":"https:\/\/m.media-amazon.com\/images\/I\/41Nxb6C9hCL._SL500_.jpg","contentUrl":"https:\/\/m.media-amazon.com\/images\/I\/41Nxb6C9hCL._SL500_.jpg","width":500,"height":278},{"@type":"BreadcrumbList","@id":"https:\/\/marktxxl.de\/markt\/produkt\/wella-er-pack-koleston-perfect-me-kp-special-blonds-blonde\/#breadcrumb","itemListElement":[{"@type":"ListItem","position":1,"name":"Startseite","item":"https:\/\/marktxxl.de\/markt\/"},{"@type":"ListItem","position":2,"name":"Markt","item":"https:\/\/marktxxl.de\/markt\/"},{"@type":"ListItem","position":3,"name":"6er Wella Koleston Perfect ME+ 12\/81 Special Blond Perl Asch 60 ml"}]},{"@type":"WebSite","@id":"https:\/\/marktxxl.de\/markt\/#website","url":"https:\/\/marktxxl.de\/markt\/","name":"Markt-XXL","description":"Ihr Markt Online","publisher":{"@id":"https:\/\/marktxxl.de\/markt\/#organization"},"potentialAction":[{"@type":"SearchAction","target":{"@type":"EntryPoint","urlTemplate":"https:\/\/marktxxl.de\/markt\/?s={search_term_string}"},"query-input":{"@type":"PropertyValueSpecification","valueRequired":true,"valueName":"search_term_string"}}],"inLanguage":"de"},{"@type":"Organization","@id":"https:\/\/marktxxl.de\/markt\/#organization","name":"Markt-XXL","url":"https:\/\/marktxxl.de\/markt\/","logo":{"@type":"ImageObject","inLanguage":"de","@id":"https:\/\/marktxxl.de\/markt\/#\/schema\/logo\/image\/","url":"https:\/\/marktxxl.de\/markt\/wp-content\/uploads\/sites\/3\/2020\/12\/logo.png","contentUrl":"https:\/\/marktxxl.de\/markt\/wp-content\/uploads\/sites\/3\/2020\/12\/logo.png","width":200,"height":70,"caption":"Markt-XXL"},"image":{"@id":"https:\/\/marktxxl.de\/markt\/#\/schema\/logo\/image\/"}}]}},"_links":{"self":[{"href":"https:\/\/marktxxl.de\/markt\/wp-json\/wp\/v2\/product\/198440","targetHints":{"allow":["GET"]}}],"collection":[{"href":"https:\/\/marktxxl.de\/markt\/wp-json\/wp\/v2\/product"}],"about":[{"href":"https:\/\/marktxxl.de\/markt\/wp-json\/wp\/v2\/types\/product"}],"replies":[{"embeddable":true,"href":"https:\/\/marktxxl.de\/markt\/wp-json\/wp\/v2\/comments?post=198440"}],"wp:featuredmedia":[{"embeddable":true,"href":"https:\/\/marktxxl.de\/markt\/wp-json\/wp\/v2\/media\/198441"}],"wp:attachment":[{"href":"https:\/\/marktxxl.de\/markt\/wp-json\/wp\/v2\/media?parent=198440"}],"wp:term":[{"taxonomy":"product_brand","embeddable":true,"href":"https:\/\/marktxxl.de\/markt\/wp-json\/wp\/v2\/product_brand?post=198440"},{"taxonomy":"product_cat","embeddable":true,"href":"https:\/\/marktxxl.de\/markt\/wp-json\/wp\/v2\/product_cat?post=198440"},{"taxonomy":"product_tag","embeddable":true,"href":"https:\/\/marktxxl.de\/markt\/wp-json\/wp\/v2\/product_tag?post=198440"}],"curies":[{"name":"wp","href":"https:\/\/api.w.org\/{rel}","templated":true}]}}