{"id":198386,"date":"2023-04-10T02:24:00","date_gmt":"2023-04-10T00:24:00","guid":{"rendered":"https:\/\/marktxxl.de\/markt\/produkt\/liebesschloss-herzschloss-mit-persoenlicher-diamant-gravur-%e2%99%a5-1-schluessel-%e2%99%a5-romantisches-geschenk\/"},"modified":"2023-04-11T05:35:49","modified_gmt":"2023-04-11T03:35:49","slug":"liebesschloss-herzschloss-mit-persoenlicher-diamant-gravur-%e2%99%a5-1-schluessel-%e2%99%a5-romantisches-geschenk","status":"publish","type":"product","link":"https:\/\/marktxxl.de\/markt\/produkt\/liebesschloss-herzschloss-mit-persoenlicher-diamant-gravur-%e2%99%a5-1-schluessel-%e2%99%a5-romantisches-geschenk\/","title":{"rendered":"Liebesschloss24 Herzschloss Blau mit pers\u00f6nlicher Diamant-Gravur 1 Schl\u00fcssel Romantisches Geschenk, \u200e67 x 38 12 mm"},"content":{"rendered":"<p>\u2705 PERS\u00d6NLICHE GRATIS GRAVUR: Das Herzschloss kannst Du auf der Vorderseite mit einer individuellen, hochwertigen Diamant-Gravur versehen lassen. Einfach auf \u201eJetzt anpassen\u201c klicken, Schriftart und eines unserer Motive und Deine Wunschgravur eingeben. Dank der Vorschaufunktion kannst du sofort sehen, wie Dein Schloss aussehen wird. Bestelle jetzt Dein personalisiertes Liebesschloss mit Gravur!<br \/>\n\u2705 QUALIT\u00c4T: F\u00fcr eine lange Haltbarkeit gravieren wir nur hochwertige Schl\u00f6sser aus Zinklegierungen. Durch die qualitative Diamant-Gravur wird Dein pers\u00f6nlicher Wunschtext schonend und dauerhaft in die Oberfl\u00e4che des Schlosses eingraviert.<br \/>\n\u2705 PERFEKTES GESCHENK: Unsere Herzschl\u00f6sser mit Gravur sind das perfekte Geschenk zum Jahrestag, zur Hochzeit, zum Valentinstag, zum Geburtstag, zu Weihnachten oder einfach so als Liebesbeweis, um Danke zu sagen und um Deinen Schatz zu \u00fcberraschen. \u00dcbrigens eignen sich die Liebesschl\u00f6sser nicht nur f\u00fcr Paare, sondern auch super als Geschenk f\u00fcr (beste) Freunde und Familien!<br \/>\n\u2705 KUNDENZUFRIEDENHEIT: Deine Zufriedenheit ist unsere Herzensangelegenheit. Hierzu geh\u00f6rt auch ein ausgezeichneter, freundlicher Kundenservice sowie ein gutes Preis-Leistungsverh\u00e4ltnis. Wir von Liebesschloss24 haben bereits \u00fcber 200.000 Kunden gl\u00fccklich gemacht.<br \/>\n<div class=\"main-cross-sell\" data-asin=\"B09RG9BLQ8\">\n\n\t<div class=\"WooZone-cross-sell-loader\">\n\t\t<div>\n\t\t\t<div id=\"floatingBarsG\">\n\t\t\t\t<div class=\"blockG\" id=\"rotateG_01\"><\/div>\n\t\t\t\t<div class=\"blockG\" id=\"rotateG_02\"><\/div>\n\t\t\t\t<div class=\"blockG\" id=\"rotateG_03\"><\/div>\n\t\t\t\t<div class=\"blockG\" id=\"rotateG_04\"><\/div>\n\t\t\t\t<div class=\"blockG\" id=\"rotateG_05\"><\/div>\n\t\t\t\t<div class=\"blockG\" id=\"rotateG_06\"><\/div>\n\t\t\t\t<div class=\"blockG\" id=\"rotateG_07\"><\/div>\n\t\t\t\t<div class=\"blockG\" id=\"rotateG_08\"><\/div>\n\t\t\t<\/div>\n\t\t\t<div class=\"WooZone-cross-sell-loader-text\"><\/div>\n\t\t<\/div>\n\t<\/div>\n\n\t\t\n<\/div>\n<div style=\"clear:both;\"><\/div><\/p>\n","protected":false},"excerpt":{"rendered":"<p>\u2705 PERS\u00d6NLICHE GRATIS GRAVUR: Das Herzschloss kannst Du auf der Vorderseite mit einer individuellen, hochwertigen Diamant-Gravur versehen lassen. Einfach auf \u201eJetzt anpassen\u201c klicken, Schriftart und eines unserer Motive und Deine Wunschgravur eingeben. Dank der Vorschaufunktion kannst du sofort sehen, wie Dein Schloss aussehen wird. Bestelle jetzt Dein personalisiertes Liebesschloss mit Gravur!<br \/>\n\u2705 QUALIT\u00c4T: F\u00fcr eine lange Haltbarkeit gravieren wir nur hochwertige Schl\u00f6sser aus Zinklegierungen. Durch die qualitative Diamant-Gravur wird Dein pers\u00f6nlicher Wunschtext schonend und dauerhaft in die Oberfl\u00e4che des Schlosses eingraviert.<br \/>\n\u2705 PERFEKTES GESCHENK: Unsere Herzschl\u00f6sser mit Gravur sind das perfekte Geschenk zum Jahrestag, zur Hochzeit, zum Valentinstag, zum Geburtstag, zu Weihnachten oder einfach so als Liebesbeweis, um Danke zu sagen und um Deinen Schatz zu \u00fcberraschen. \u00dcbrigens eignen sich die Liebesschl\u00f6sser nicht nur f\u00fcr Paare, sondern auch super als Geschenk f\u00fcr (beste) Freunde und Familien!<\/p>\n","protected":false},"featured_media":198387,"comment_status":"open","ping_status":"closed","template":"","meta":[],"product_brand":[],"product_cat":[1983,11380],"product_tag":[],"class_list":{"0":"post-198386","1":"product","2":"type-product","3":"status-publish","4":"has-post-thumbnail","6":"product_cat-baumarkt","7":"product_cat-sicherheitstechnik","8":"pa_brand-liebesschloss24-de","9":"pa_height-0-31496-zoll","10":"pa_length-2-3622-zoll","11":"pa_manufacturer-liebesschloss24-de","12":"pa_width-1-77165-zoll","14":"first","15":"instock","16":"shipping-taxable","17":"purchasable","18":"product-type-simple","19":"customify-col","20":"product-has-gallery"},"yoast_head":"<!-- This site is optimized with the Yoast SEO plugin v27.4 - https:\/\/yoast.com\/product\/yoast-seo-wordpress\/ -->\n<title>Liebesschloss24 Herzschloss Blau mit pers\u00f6nlicher Diamant-Gravur 1 Schl\u00fcssel Romantisches Geschenk, \u200e67 x 38 12 mm - Markt-XXL<\/title>\n<meta name=\"description\" content=\"Markt-XXL Liebesschloss24 Herzschloss Blau mit pers\u00f6nlicher Diamant-Gravur 1 Schl\u00fcssel Romantisches Geschenk, \u200e67 x 38 12 mm\" \/>\n<meta name=\"robots\" content=\"index, follow, max-snippet:-1, max-image-preview:large, max-video-preview:-1\" \/>\n<link rel=\"canonical\" href=\"https:\/\/marktxxl.de\/markt\/produkt\/liebesschloss-herzschloss-mit-persoenlicher-diamant-gravur-\u2665-1-schluessel-\u2665-romantisches-geschenk\/\" \/>\n<meta property=\"og:locale\" content=\"de_DE\" \/>\n<meta property=\"og:type\" content=\"article\" \/>\n<meta property=\"og:title\" content=\"Liebesschloss24 Herzschloss Blau mit pers\u00f6nlicher Diamant-Gravur 1 Schl\u00fcssel Romantisches Geschenk, \u200e67 x 38 12 mm - Markt-XXL\" \/>\n<meta property=\"og:description\" content=\"Markt-XXL Liebesschloss24 Herzschloss Blau mit pers\u00f6nlicher Diamant-Gravur 1 Schl\u00fcssel Romantisches Geschenk, \u200e67 x 38 12 mm\" \/>\n<meta property=\"og:url\" content=\"https:\/\/marktxxl.de\/markt\/produkt\/liebesschloss-herzschloss-mit-persoenlicher-diamant-gravur-\u2665-1-schluessel-\u2665-romantisches-geschenk\/\" \/>\n<meta property=\"og:site_name\" content=\"Markt-XXL\" \/>\n<meta property=\"article:modified_time\" content=\"2023-04-11T03:35:49+00:00\" \/>\n<meta property=\"og:image\" content=\"https:\/\/m.media-amazon.com\/images\/I\/41g7-MRWl8L._SL500_.jpg\" \/>\n\t<meta property=\"og:image:width\" content=\"500\" \/>\n\t<meta property=\"og:image:height\" content=\"500\" \/>\n\t<meta property=\"og:image:type\" content=\"image\/jpeg\" \/>\n<meta name=\"twitter:card\" content=\"summary_large_image\" \/>\n<meta name=\"twitter:label1\" content=\"Gesch\u00e4tzte Lesezeit\" \/>\n\t<meta name=\"twitter:data1\" content=\"1\u00a0Minute\" \/>\n<script type=\"application\/ld+json\" class=\"yoast-schema-graph\">{\"@context\":\"https:\\\/\\\/schema.org\",\"@graph\":[{\"@type\":\"WebPage\",\"@id\":\"https:\\\/\\\/marktxxl.de\\\/markt\\\/produkt\\\/liebesschloss-herzschloss-mit-persoenlicher-diamant-gravur-%e2%99%a5-1-schluessel-%e2%99%a5-romantisches-geschenk\\\/\",\"url\":\"https:\\\/\\\/marktxxl.de\\\/markt\\\/produkt\\\/liebesschloss-herzschloss-mit-persoenlicher-diamant-gravur-%e2%99%a5-1-schluessel-%e2%99%a5-romantisches-geschenk\\\/\",\"name\":\"Liebesschloss24 Herzschloss Blau mit pers\u00f6nlicher Diamant-Gravur 1 Schl\u00fcssel Romantisches Geschenk, \u200e67 x 38 12 mm - Markt-XXL\",\"isPartOf\":{\"@id\":\"https:\\\/\\\/marktxxl.de\\\/markt\\\/#website\"},\"primaryImageOfPage\":{\"@id\":\"https:\\\/\\\/marktxxl.de\\\/markt\\\/produkt\\\/liebesschloss-herzschloss-mit-persoenlicher-diamant-gravur-%e2%99%a5-1-schluessel-%e2%99%a5-romantisches-geschenk\\\/#primaryimage\"},\"image\":{\"@id\":\"https:\\\/\\\/marktxxl.de\\\/markt\\\/produkt\\\/liebesschloss-herzschloss-mit-persoenlicher-diamant-gravur-%e2%99%a5-1-schluessel-%e2%99%a5-romantisches-geschenk\\\/#primaryimage\"},\"thumbnailUrl\":\"https:\\\/\\\/m.media-amazon.com\\\/images\\\/I\\\/41g7-MRWl8L._SL500_.jpg\",\"datePublished\":\"2023-04-10T00:24:00+00:00\",\"dateModified\":\"2023-04-11T03:35:49+00:00\",\"description\":\"Markt-XXL Liebesschloss24 Herzschloss Blau mit pers\u00f6nlicher Diamant-Gravur 1 Schl\u00fcssel Romantisches Geschenk, \u200e67 x 38 12 mm\",\"breadcrumb\":{\"@id\":\"https:\\\/\\\/marktxxl.de\\\/markt\\\/produkt\\\/liebesschloss-herzschloss-mit-persoenlicher-diamant-gravur-%e2%99%a5-1-schluessel-%e2%99%a5-romantisches-geschenk\\\/#breadcrumb\"},\"inLanguage\":\"de\",\"potentialAction\":[{\"@type\":\"ReadAction\",\"target\":[\"https:\\\/\\\/marktxxl.de\\\/markt\\\/produkt\\\/liebesschloss-herzschloss-mit-persoenlicher-diamant-gravur-%e2%99%a5-1-schluessel-%e2%99%a5-romantisches-geschenk\\\/\"]}]},{\"@type\":\"ImageObject\",\"inLanguage\":\"de\",\"@id\":\"https:\\\/\\\/marktxxl.de\\\/markt\\\/produkt\\\/liebesschloss-herzschloss-mit-persoenlicher-diamant-gravur-%e2%99%a5-1-schluessel-%e2%99%a5-romantisches-geschenk\\\/#primaryimage\",\"url\":\"https:\\\/\\\/m.media-amazon.com\\\/images\\\/I\\\/41g7-MRWl8L._SL500_.jpg\",\"contentUrl\":\"https:\\\/\\\/m.media-amazon.com\\\/images\\\/I\\\/41g7-MRWl8L._SL500_.jpg\",\"width\":500,\"height\":500},{\"@type\":\"BreadcrumbList\",\"@id\":\"https:\\\/\\\/marktxxl.de\\\/markt\\\/produkt\\\/liebesschloss-herzschloss-mit-persoenlicher-diamant-gravur-%e2%99%a5-1-schluessel-%e2%99%a5-romantisches-geschenk\\\/#breadcrumb\",\"itemListElement\":[{\"@type\":\"ListItem\",\"position\":1,\"name\":\"Startseite\",\"item\":\"https:\\\/\\\/marktxxl.de\\\/markt\\\/\"},{\"@type\":\"ListItem\",\"position\":2,\"name\":\"Markt\",\"item\":\"https:\\\/\\\/marktxxl.de\\\/markt\\\/\"},{\"@type\":\"ListItem\",\"position\":3,\"name\":\"Liebesschloss24 Herzschloss Blau mit pers\u00f6nlicher Diamant-Gravur 1 Schl\u00fcssel Romantisches Geschenk, \u200e67 x 38 12 mm\"}]},{\"@type\":\"WebSite\",\"@id\":\"https:\\\/\\\/marktxxl.de\\\/markt\\\/#website\",\"url\":\"https:\\\/\\\/marktxxl.de\\\/markt\\\/\",\"name\":\"Markt-XXL\",\"description\":\"Ihr Markt Online\",\"publisher\":{\"@id\":\"https:\\\/\\\/marktxxl.de\\\/markt\\\/#organization\"},\"potentialAction\":[{\"@type\":\"SearchAction\",\"target\":{\"@type\":\"EntryPoint\",\"urlTemplate\":\"https:\\\/\\\/marktxxl.de\\\/markt\\\/?s={search_term_string}\"},\"query-input\":{\"@type\":\"PropertyValueSpecification\",\"valueRequired\":true,\"valueName\":\"search_term_string\"}}],\"inLanguage\":\"de\"},{\"@type\":\"Organization\",\"@id\":\"https:\\\/\\\/marktxxl.de\\\/markt\\\/#organization\",\"name\":\"Markt-XXL\",\"url\":\"https:\\\/\\\/marktxxl.de\\\/markt\\\/\",\"logo\":{\"@type\":\"ImageObject\",\"inLanguage\":\"de\",\"@id\":\"https:\\\/\\\/marktxxl.de\\\/markt\\\/#\\\/schema\\\/logo\\\/image\\\/\",\"url\":\"https:\\\/\\\/marktxxl.de\\\/markt\\\/wp-content\\\/uploads\\\/sites\\\/3\\\/2020\\\/12\\\/logo.png\",\"contentUrl\":\"https:\\\/\\\/marktxxl.de\\\/markt\\\/wp-content\\\/uploads\\\/sites\\\/3\\\/2020\\\/12\\\/logo.png\",\"width\":200,\"height\":70,\"caption\":\"Markt-XXL\"},\"image\":{\"@id\":\"https:\\\/\\\/marktxxl.de\\\/markt\\\/#\\\/schema\\\/logo\\\/image\\\/\"}}]}<\/script>\n<!-- \/ Yoast SEO plugin. -->","yoast_head_json":{"title":"Liebesschloss24 Herzschloss Blau mit pers\u00f6nlicher Diamant-Gravur 1 Schl\u00fcssel Romantisches Geschenk, \u200e67 x 38 12 mm - Markt-XXL","description":"Markt-XXL Liebesschloss24 Herzschloss Blau mit pers\u00f6nlicher Diamant-Gravur 1 Schl\u00fcssel Romantisches Geschenk, \u200e67 x 38 12 mm","robots":{"index":"index","follow":"follow","max-snippet":"max-snippet:-1","max-image-preview":"max-image-preview:large","max-video-preview":"max-video-preview:-1"},"canonical":"https:\/\/marktxxl.de\/markt\/produkt\/liebesschloss-herzschloss-mit-persoenlicher-diamant-gravur-\u2665-1-schluessel-\u2665-romantisches-geschenk\/","og_locale":"de_DE","og_type":"article","og_title":"Liebesschloss24 Herzschloss Blau mit pers\u00f6nlicher Diamant-Gravur 1 Schl\u00fcssel Romantisches Geschenk, \u200e67 x 38 12 mm - Markt-XXL","og_description":"Markt-XXL Liebesschloss24 Herzschloss Blau mit pers\u00f6nlicher Diamant-Gravur 1 Schl\u00fcssel Romantisches Geschenk, \u200e67 x 38 12 mm","og_url":"https:\/\/marktxxl.de\/markt\/produkt\/liebesschloss-herzschloss-mit-persoenlicher-diamant-gravur-\u2665-1-schluessel-\u2665-romantisches-geschenk\/","og_site_name":"Markt-XXL","article_modified_time":"2023-04-11T03:35:49+00:00","og_image":[{"width":500,"height":500,"url":"https:\/\/m.media-amazon.com\/images\/I\/41g7-MRWl8L._SL500_.jpg","type":"image\/jpeg"}],"twitter_card":"summary_large_image","twitter_misc":{"Gesch\u00e4tzte Lesezeit":"1\u00a0Minute"},"schema":{"@context":"https:\/\/schema.org","@graph":[{"@type":"WebPage","@id":"https:\/\/marktxxl.de\/markt\/produkt\/liebesschloss-herzschloss-mit-persoenlicher-diamant-gravur-%e2%99%a5-1-schluessel-%e2%99%a5-romantisches-geschenk\/","url":"https:\/\/marktxxl.de\/markt\/produkt\/liebesschloss-herzschloss-mit-persoenlicher-diamant-gravur-%e2%99%a5-1-schluessel-%e2%99%a5-romantisches-geschenk\/","name":"Liebesschloss24 Herzschloss Blau mit pers\u00f6nlicher Diamant-Gravur 1 Schl\u00fcssel Romantisches Geschenk, \u200e67 x 38 12 mm - Markt-XXL","isPartOf":{"@id":"https:\/\/marktxxl.de\/markt\/#website"},"primaryImageOfPage":{"@id":"https:\/\/marktxxl.de\/markt\/produkt\/liebesschloss-herzschloss-mit-persoenlicher-diamant-gravur-%e2%99%a5-1-schluessel-%e2%99%a5-romantisches-geschenk\/#primaryimage"},"image":{"@id":"https:\/\/marktxxl.de\/markt\/produkt\/liebesschloss-herzschloss-mit-persoenlicher-diamant-gravur-%e2%99%a5-1-schluessel-%e2%99%a5-romantisches-geschenk\/#primaryimage"},"thumbnailUrl":"https:\/\/m.media-amazon.com\/images\/I\/41g7-MRWl8L._SL500_.jpg","datePublished":"2023-04-10T00:24:00+00:00","dateModified":"2023-04-11T03:35:49+00:00","description":"Markt-XXL Liebesschloss24 Herzschloss Blau mit pers\u00f6nlicher Diamant-Gravur 1 Schl\u00fcssel Romantisches Geschenk, \u200e67 x 38 12 mm","breadcrumb":{"@id":"https:\/\/marktxxl.de\/markt\/produkt\/liebesschloss-herzschloss-mit-persoenlicher-diamant-gravur-%e2%99%a5-1-schluessel-%e2%99%a5-romantisches-geschenk\/#breadcrumb"},"inLanguage":"de","potentialAction":[{"@type":"ReadAction","target":["https:\/\/marktxxl.de\/markt\/produkt\/liebesschloss-herzschloss-mit-persoenlicher-diamant-gravur-%e2%99%a5-1-schluessel-%e2%99%a5-romantisches-geschenk\/"]}]},{"@type":"ImageObject","inLanguage":"de","@id":"https:\/\/marktxxl.de\/markt\/produkt\/liebesschloss-herzschloss-mit-persoenlicher-diamant-gravur-%e2%99%a5-1-schluessel-%e2%99%a5-romantisches-geschenk\/#primaryimage","url":"https:\/\/m.media-amazon.com\/images\/I\/41g7-MRWl8L._SL500_.jpg","contentUrl":"https:\/\/m.media-amazon.com\/images\/I\/41g7-MRWl8L._SL500_.jpg","width":500,"height":500},{"@type":"BreadcrumbList","@id":"https:\/\/marktxxl.de\/markt\/produkt\/liebesschloss-herzschloss-mit-persoenlicher-diamant-gravur-%e2%99%a5-1-schluessel-%e2%99%a5-romantisches-geschenk\/#breadcrumb","itemListElement":[{"@type":"ListItem","position":1,"name":"Startseite","item":"https:\/\/marktxxl.de\/markt\/"},{"@type":"ListItem","position":2,"name":"Markt","item":"https:\/\/marktxxl.de\/markt\/"},{"@type":"ListItem","position":3,"name":"Liebesschloss24 Herzschloss Blau mit pers\u00f6nlicher Diamant-Gravur 1 Schl\u00fcssel Romantisches Geschenk, \u200e67 x 38 12 mm"}]},{"@type":"WebSite","@id":"https:\/\/marktxxl.de\/markt\/#website","url":"https:\/\/marktxxl.de\/markt\/","name":"Markt-XXL","description":"Ihr Markt Online","publisher":{"@id":"https:\/\/marktxxl.de\/markt\/#organization"},"potentialAction":[{"@type":"SearchAction","target":{"@type":"EntryPoint","urlTemplate":"https:\/\/marktxxl.de\/markt\/?s={search_term_string}"},"query-input":{"@type":"PropertyValueSpecification","valueRequired":true,"valueName":"search_term_string"}}],"inLanguage":"de"},{"@type":"Organization","@id":"https:\/\/marktxxl.de\/markt\/#organization","name":"Markt-XXL","url":"https:\/\/marktxxl.de\/markt\/","logo":{"@type":"ImageObject","inLanguage":"de","@id":"https:\/\/marktxxl.de\/markt\/#\/schema\/logo\/image\/","url":"https:\/\/marktxxl.de\/markt\/wp-content\/uploads\/sites\/3\/2020\/12\/logo.png","contentUrl":"https:\/\/marktxxl.de\/markt\/wp-content\/uploads\/sites\/3\/2020\/12\/logo.png","width":200,"height":70,"caption":"Markt-XXL"},"image":{"@id":"https:\/\/marktxxl.de\/markt\/#\/schema\/logo\/image\/"}}]}},"_links":{"self":[{"href":"https:\/\/marktxxl.de\/markt\/wp-json\/wp\/v2\/product\/198386","targetHints":{"allow":["GET"]}}],"collection":[{"href":"https:\/\/marktxxl.de\/markt\/wp-json\/wp\/v2\/product"}],"about":[{"href":"https:\/\/marktxxl.de\/markt\/wp-json\/wp\/v2\/types\/product"}],"replies":[{"embeddable":true,"href":"https:\/\/marktxxl.de\/markt\/wp-json\/wp\/v2\/comments?post=198386"}],"wp:featuredmedia":[{"embeddable":true,"href":"https:\/\/marktxxl.de\/markt\/wp-json\/wp\/v2\/media\/198387"}],"wp:attachment":[{"href":"https:\/\/marktxxl.de\/markt\/wp-json\/wp\/v2\/media?parent=198386"}],"wp:term":[{"taxonomy":"product_brand","embeddable":true,"href":"https:\/\/marktxxl.de\/markt\/wp-json\/wp\/v2\/product_brand?post=198386"},{"taxonomy":"product_cat","embeddable":true,"href":"https:\/\/marktxxl.de\/markt\/wp-json\/wp\/v2\/product_cat?post=198386"},{"taxonomy":"product_tag","embeddable":true,"href":"https:\/\/marktxxl.de\/markt\/wp-json\/wp\/v2\/product_tag?post=198386"}],"curies":[{"name":"wp","href":"https:\/\/api.w.org\/{rel}","templated":true}]}}