{"id":198367,"date":"2023-04-10T02:23:38","date_gmt":"2023-04-10T00:23:38","guid":{"rendered":"https:\/\/marktxxl.de\/markt\/produkt\/rente-deko-schild-als-ruhestand-geschenk-bester-kollege-oder-chef-geht-in-den-ruhestand-auch-als-witzige-abschiedskarte-zum-renteneintritt-30x20-cm-kunststoff\/"},"modified":"2023-04-11T05:35:49","modified_gmt":"2023-04-11T03:35:49","slug":"rente-deko-schild-als-ruhestand-geschenk-bester-kollege-oder-chef-geht-in-den-ruhestand-auch-als-witzige-abschiedskarte-zum-renteneintritt-30x20-cm-kunststoff","status":"publish","type":"product","link":"https:\/\/marktxxl.de\/markt\/produkt\/rente-deko-schild-als-ruhestand-geschenk-bester-kollege-oder-chef-geht-in-den-ruhestand-auch-als-witzige-abschiedskarte-zum-renteneintritt-30x20-cm-kunststoff\/","title":{"rendered":"Rente Deko Schild als Ruhestand Geschenk &#8211; Bester Kollege oder Chef geht in den Ruhestand &#8211; Auch als Witzige\u2026"},"content":{"rendered":"<p>\ud83c\udf81 100% LUSTIGE GESCHENKE &#8211; Unter allen Geschenkideen ist dieses Schild das perfekte Geschenk f\u00fcr frisch gebackene Rentner zum Rentenbeginn<br \/>\n\ud83c\udf81 100% RUHESTAND DEKO &#8211; Das Schild eignet sich hervorragend als Deko f\u00fcr die Party zum Renteneintritt oder als lustiges Abschiedsgeschenk f\u00fcr den Kollegen<br \/>\n\ud83c\udf81 100% BEST\u00c4NDIG &#8211; Dieses besondere Geschenk f\u00fcr Rentner wird auf hochmodernen Industriedruckmaschinen im UV Direktdruck gedruckt (keine Verwendung von Klebefolie, die sich abl\u00f6sen kann)<br \/>\n\ud83c\udf81 100% EINFACH ANZUBRINGEN &#8211; Das Schild kann durch das besonders flexible und feste Material geklebt, gebohrt, geschraubt und genagelt werden (wird ohne Bohrung geliefert)<br \/>\n\ud83c\udf81 100% DEUTSCHE PRODUKTION &#8211; Fertigung in einem deutschen Familienbetrieb mit h\u00f6chstem Wert auf Qualit\u00e4t und Kundenzufriedenheit, gerade f\u00fcr Geschenke zur Pension<br \/>\n<div class=\"main-cross-sell\" data-asin=\"B09YQLSQKM\">\n\n\t<div class=\"WooZone-cross-sell-loader\">\n\t\t<div>\n\t\t\t<div id=\"floatingBarsG\">\n\t\t\t\t<div class=\"blockG\" id=\"rotateG_01\"><\/div>\n\t\t\t\t<div class=\"blockG\" id=\"rotateG_02\"><\/div>\n\t\t\t\t<div class=\"blockG\" id=\"rotateG_03\"><\/div>\n\t\t\t\t<div class=\"blockG\" id=\"rotateG_04\"><\/div>\n\t\t\t\t<div class=\"blockG\" id=\"rotateG_05\"><\/div>\n\t\t\t\t<div class=\"blockG\" id=\"rotateG_06\"><\/div>\n\t\t\t\t<div class=\"blockG\" id=\"rotateG_07\"><\/div>\n\t\t\t\t<div class=\"blockG\" id=\"rotateG_08\"><\/div>\n\t\t\t<\/div>\n\t\t\t<div class=\"WooZone-cross-sell-loader-text\"><\/div>\n\t\t<\/div>\n\t<\/div>\n\n\t\t\n<\/div>\n<div style=\"clear:both;\"><\/div><\/p>\n","protected":false},"excerpt":{"rendered":"<p>\ud83c\udf81 100% LUSTIGE GESCHENKE &#8211; Unter allen Geschenkideen ist dieses Schild das perfekte Geschenk f\u00fcr frisch gebackene Rentner zum Rentenbeginn<br \/>\n\ud83c\udf81 100% RUHESTAND DEKO &#8211; Das Schild eignet sich hervorragend als Deko f\u00fcr die Party zum Renteneintritt oder als lustiges Abschiedsgeschenk f\u00fcr den Kollegen<br \/>\n\ud83c\udf81 100% BEST\u00c4NDIG &#8211; Dieses besondere Geschenk f\u00fcr Rentner wird auf hochmodernen Industriedruckmaschinen im UV Direktdruck gedruckt (keine Verwendung von Klebefolie, die sich abl\u00f6sen kann)<\/p>\n","protected":false},"featured_media":198368,"comment_status":"open","ping_status":"closed","template":"","meta":[],"product_brand":[],"product_cat":[1983,11380],"product_tag":[],"class_list":{"0":"post-198367","1":"product","2":"type-product","3":"status-publish","4":"has-post-thumbnail","6":"product_cat-baumarkt","7":"product_cat-sicherheitstechnik","8":"pa_brand-gentle-north","9":"pa_color-gelb","10":"pa_height-0-1181102361-zoll","11":"pa_length-11-81102361-zoll","12":"pa_manufacturer-gentle-north","13":"pa_size-30-x-20-cm","14":"pa_width-7-87401574-zoll","16":"first","17":"instock","18":"shipping-taxable","19":"purchasable","20":"product-type-simple","21":"customify-col","22":"product-has-gallery"},"yoast_head":"<!-- This site is optimized with the Yoast SEO plugin v27.3 - https:\/\/yoast.com\/product\/yoast-seo-wordpress\/ -->\n<title>Rente Deko Schild als Ruhestand Geschenk - Bester Kollege oder Chef geht in den Ruhestand - Auch als Witzige\u2026 - Markt-XXL<\/title>\n<meta name=\"description\" content=\"Markt-XXL Rente Deko Schild als Ruhestand Geschenk - Bester Kollege oder Chef geht in den Ruhestand - Auch als Witzige\u2026\" \/>\n<meta name=\"robots\" content=\"index, follow, max-snippet:-1, max-image-preview:large, max-video-preview:-1\" \/>\n<link rel=\"canonical\" href=\"https:\/\/marktxxl.de\/markt\/produkt\/rente-deko-schild-als-ruhestand-geschenk-bester-kollege-oder-chef-geht-in-den-ruhestand-auch-als-witzige-abschiedskarte-zum-renteneintritt-30x20-cm-kunststoff\/\" \/>\n<meta property=\"og:locale\" content=\"de_DE\" \/>\n<meta property=\"og:type\" content=\"article\" \/>\n<meta property=\"og:title\" content=\"Rente Deko Schild als Ruhestand Geschenk - Bester Kollege oder Chef geht in den Ruhestand - Auch als Witzige\u2026 - Markt-XXL\" \/>\n<meta property=\"og:description\" content=\"Markt-XXL Rente Deko Schild als Ruhestand Geschenk - Bester Kollege oder Chef geht in den Ruhestand - Auch als Witzige\u2026\" \/>\n<meta property=\"og:url\" content=\"https:\/\/marktxxl.de\/markt\/produkt\/rente-deko-schild-als-ruhestand-geschenk-bester-kollege-oder-chef-geht-in-den-ruhestand-auch-als-witzige-abschiedskarte-zum-renteneintritt-30x20-cm-kunststoff\/\" \/>\n<meta property=\"og:site_name\" content=\"Markt-XXL\" \/>\n<meta property=\"article:modified_time\" content=\"2023-04-11T03:35:49+00:00\" \/>\n<meta property=\"og:image\" content=\"https:\/\/m.media-amazon.com\/images\/I\/51CQvFhSxPL._SL500_.jpg\" \/>\n\t<meta property=\"og:image:width\" content=\"500\" \/>\n\t<meta property=\"og:image:height\" content=\"500\" \/>\n\t<meta property=\"og:image:type\" content=\"image\/jpeg\" \/>\n<meta name=\"twitter:card\" content=\"summary_large_image\" \/>\n<meta name=\"twitter:label1\" content=\"Gesch\u00e4tzte Lesezeit\" \/>\n\t<meta name=\"twitter:data1\" content=\"1\u00a0Minute\" \/>\n<script type=\"application\/ld+json\" class=\"yoast-schema-graph\">{\"@context\":\"https:\\\/\\\/schema.org\",\"@graph\":[{\"@type\":\"WebPage\",\"@id\":\"https:\\\/\\\/marktxxl.de\\\/markt\\\/produkt\\\/rente-deko-schild-als-ruhestand-geschenk-bester-kollege-oder-chef-geht-in-den-ruhestand-auch-als-witzige-abschiedskarte-zum-renteneintritt-30x20-cm-kunststoff\\\/\",\"url\":\"https:\\\/\\\/marktxxl.de\\\/markt\\\/produkt\\\/rente-deko-schild-als-ruhestand-geschenk-bester-kollege-oder-chef-geht-in-den-ruhestand-auch-als-witzige-abschiedskarte-zum-renteneintritt-30x20-cm-kunststoff\\\/\",\"name\":\"Rente Deko Schild als Ruhestand Geschenk - Bester Kollege oder Chef geht in den Ruhestand - Auch als Witzige\u2026 - Markt-XXL\",\"isPartOf\":{\"@id\":\"https:\\\/\\\/marktxxl.de\\\/markt\\\/#website\"},\"primaryImageOfPage\":{\"@id\":\"https:\\\/\\\/marktxxl.de\\\/markt\\\/produkt\\\/rente-deko-schild-als-ruhestand-geschenk-bester-kollege-oder-chef-geht-in-den-ruhestand-auch-als-witzige-abschiedskarte-zum-renteneintritt-30x20-cm-kunststoff\\\/#primaryimage\"},\"image\":{\"@id\":\"https:\\\/\\\/marktxxl.de\\\/markt\\\/produkt\\\/rente-deko-schild-als-ruhestand-geschenk-bester-kollege-oder-chef-geht-in-den-ruhestand-auch-als-witzige-abschiedskarte-zum-renteneintritt-30x20-cm-kunststoff\\\/#primaryimage\"},\"thumbnailUrl\":\"https:\\\/\\\/m.media-amazon.com\\\/images\\\/I\\\/51CQvFhSxPL._SL500_.jpg\",\"datePublished\":\"2023-04-10T00:23:38+00:00\",\"dateModified\":\"2023-04-11T03:35:49+00:00\",\"description\":\"Markt-XXL Rente Deko Schild als Ruhestand Geschenk - Bester Kollege oder Chef geht in den Ruhestand - Auch als Witzige\u2026\",\"breadcrumb\":{\"@id\":\"https:\\\/\\\/marktxxl.de\\\/markt\\\/produkt\\\/rente-deko-schild-als-ruhestand-geschenk-bester-kollege-oder-chef-geht-in-den-ruhestand-auch-als-witzige-abschiedskarte-zum-renteneintritt-30x20-cm-kunststoff\\\/#breadcrumb\"},\"inLanguage\":\"de\",\"potentialAction\":[{\"@type\":\"ReadAction\",\"target\":[\"https:\\\/\\\/marktxxl.de\\\/markt\\\/produkt\\\/rente-deko-schild-als-ruhestand-geschenk-bester-kollege-oder-chef-geht-in-den-ruhestand-auch-als-witzige-abschiedskarte-zum-renteneintritt-30x20-cm-kunststoff\\\/\"]}]},{\"@type\":\"ImageObject\",\"inLanguage\":\"de\",\"@id\":\"https:\\\/\\\/marktxxl.de\\\/markt\\\/produkt\\\/rente-deko-schild-als-ruhestand-geschenk-bester-kollege-oder-chef-geht-in-den-ruhestand-auch-als-witzige-abschiedskarte-zum-renteneintritt-30x20-cm-kunststoff\\\/#primaryimage\",\"url\":\"https:\\\/\\\/m.media-amazon.com\\\/images\\\/I\\\/51CQvFhSxPL._SL500_.jpg\",\"contentUrl\":\"https:\\\/\\\/m.media-amazon.com\\\/images\\\/I\\\/51CQvFhSxPL._SL500_.jpg\",\"width\":500,\"height\":500},{\"@type\":\"BreadcrumbList\",\"@id\":\"https:\\\/\\\/marktxxl.de\\\/markt\\\/produkt\\\/rente-deko-schild-als-ruhestand-geschenk-bester-kollege-oder-chef-geht-in-den-ruhestand-auch-als-witzige-abschiedskarte-zum-renteneintritt-30x20-cm-kunststoff\\\/#breadcrumb\",\"itemListElement\":[{\"@type\":\"ListItem\",\"position\":1,\"name\":\"Startseite\",\"item\":\"https:\\\/\\\/marktxxl.de\\\/markt\\\/\"},{\"@type\":\"ListItem\",\"position\":2,\"name\":\"Markt\",\"item\":\"https:\\\/\\\/marktxxl.de\\\/markt\\\/\"},{\"@type\":\"ListItem\",\"position\":3,\"name\":\"Rente Deko Schild als Ruhestand Geschenk &#8211; Bester Kollege oder Chef geht in den Ruhestand &#8211; Auch als Witzige\u2026\"}]},{\"@type\":\"WebSite\",\"@id\":\"https:\\\/\\\/marktxxl.de\\\/markt\\\/#website\",\"url\":\"https:\\\/\\\/marktxxl.de\\\/markt\\\/\",\"name\":\"Markt-XXL\",\"description\":\"Ihr Markt Online\",\"publisher\":{\"@id\":\"https:\\\/\\\/marktxxl.de\\\/markt\\\/#organization\"},\"potentialAction\":[{\"@type\":\"SearchAction\",\"target\":{\"@type\":\"EntryPoint\",\"urlTemplate\":\"https:\\\/\\\/marktxxl.de\\\/markt\\\/?s={search_term_string}\"},\"query-input\":{\"@type\":\"PropertyValueSpecification\",\"valueRequired\":true,\"valueName\":\"search_term_string\"}}],\"inLanguage\":\"de\"},{\"@type\":\"Organization\",\"@id\":\"https:\\\/\\\/marktxxl.de\\\/markt\\\/#organization\",\"name\":\"Markt-XXL\",\"url\":\"https:\\\/\\\/marktxxl.de\\\/markt\\\/\",\"logo\":{\"@type\":\"ImageObject\",\"inLanguage\":\"de\",\"@id\":\"https:\\\/\\\/marktxxl.de\\\/markt\\\/#\\\/schema\\\/logo\\\/image\\\/\",\"url\":\"https:\\\/\\\/marktxxl.de\\\/markt\\\/wp-content\\\/uploads\\\/sites\\\/3\\\/2020\\\/12\\\/logo.png\",\"contentUrl\":\"https:\\\/\\\/marktxxl.de\\\/markt\\\/wp-content\\\/uploads\\\/sites\\\/3\\\/2020\\\/12\\\/logo.png\",\"width\":200,\"height\":70,\"caption\":\"Markt-XXL\"},\"image\":{\"@id\":\"https:\\\/\\\/marktxxl.de\\\/markt\\\/#\\\/schema\\\/logo\\\/image\\\/\"}}]}<\/script>\n<!-- \/ Yoast SEO plugin. -->","yoast_head_json":{"title":"Rente Deko Schild als Ruhestand Geschenk - Bester Kollege oder Chef geht in den Ruhestand - Auch als Witzige\u2026 - Markt-XXL","description":"Markt-XXL Rente Deko Schild als Ruhestand Geschenk - Bester Kollege oder Chef geht in den Ruhestand - Auch als Witzige\u2026","robots":{"index":"index","follow":"follow","max-snippet":"max-snippet:-1","max-image-preview":"max-image-preview:large","max-video-preview":"max-video-preview:-1"},"canonical":"https:\/\/marktxxl.de\/markt\/produkt\/rente-deko-schild-als-ruhestand-geschenk-bester-kollege-oder-chef-geht-in-den-ruhestand-auch-als-witzige-abschiedskarte-zum-renteneintritt-30x20-cm-kunststoff\/","og_locale":"de_DE","og_type":"article","og_title":"Rente Deko Schild als Ruhestand Geschenk - Bester Kollege oder Chef geht in den Ruhestand - Auch als Witzige\u2026 - Markt-XXL","og_description":"Markt-XXL Rente Deko Schild als Ruhestand Geschenk - Bester Kollege oder Chef geht in den Ruhestand - Auch als Witzige\u2026","og_url":"https:\/\/marktxxl.de\/markt\/produkt\/rente-deko-schild-als-ruhestand-geschenk-bester-kollege-oder-chef-geht-in-den-ruhestand-auch-als-witzige-abschiedskarte-zum-renteneintritt-30x20-cm-kunststoff\/","og_site_name":"Markt-XXL","article_modified_time":"2023-04-11T03:35:49+00:00","og_image":[{"width":500,"height":500,"url":"https:\/\/m.media-amazon.com\/images\/I\/51CQvFhSxPL._SL500_.jpg","type":"image\/jpeg"}],"twitter_card":"summary_large_image","twitter_misc":{"Gesch\u00e4tzte Lesezeit":"1\u00a0Minute"},"schema":{"@context":"https:\/\/schema.org","@graph":[{"@type":"WebPage","@id":"https:\/\/marktxxl.de\/markt\/produkt\/rente-deko-schild-als-ruhestand-geschenk-bester-kollege-oder-chef-geht-in-den-ruhestand-auch-als-witzige-abschiedskarte-zum-renteneintritt-30x20-cm-kunststoff\/","url":"https:\/\/marktxxl.de\/markt\/produkt\/rente-deko-schild-als-ruhestand-geschenk-bester-kollege-oder-chef-geht-in-den-ruhestand-auch-als-witzige-abschiedskarte-zum-renteneintritt-30x20-cm-kunststoff\/","name":"Rente Deko Schild als Ruhestand Geschenk - Bester Kollege oder Chef geht in den Ruhestand - Auch als Witzige\u2026 - Markt-XXL","isPartOf":{"@id":"https:\/\/marktxxl.de\/markt\/#website"},"primaryImageOfPage":{"@id":"https:\/\/marktxxl.de\/markt\/produkt\/rente-deko-schild-als-ruhestand-geschenk-bester-kollege-oder-chef-geht-in-den-ruhestand-auch-als-witzige-abschiedskarte-zum-renteneintritt-30x20-cm-kunststoff\/#primaryimage"},"image":{"@id":"https:\/\/marktxxl.de\/markt\/produkt\/rente-deko-schild-als-ruhestand-geschenk-bester-kollege-oder-chef-geht-in-den-ruhestand-auch-als-witzige-abschiedskarte-zum-renteneintritt-30x20-cm-kunststoff\/#primaryimage"},"thumbnailUrl":"https:\/\/m.media-amazon.com\/images\/I\/51CQvFhSxPL._SL500_.jpg","datePublished":"2023-04-10T00:23:38+00:00","dateModified":"2023-04-11T03:35:49+00:00","description":"Markt-XXL Rente Deko Schild als Ruhestand Geschenk - Bester Kollege oder Chef geht in den Ruhestand - Auch als Witzige\u2026","breadcrumb":{"@id":"https:\/\/marktxxl.de\/markt\/produkt\/rente-deko-schild-als-ruhestand-geschenk-bester-kollege-oder-chef-geht-in-den-ruhestand-auch-als-witzige-abschiedskarte-zum-renteneintritt-30x20-cm-kunststoff\/#breadcrumb"},"inLanguage":"de","potentialAction":[{"@type":"ReadAction","target":["https:\/\/marktxxl.de\/markt\/produkt\/rente-deko-schild-als-ruhestand-geschenk-bester-kollege-oder-chef-geht-in-den-ruhestand-auch-als-witzige-abschiedskarte-zum-renteneintritt-30x20-cm-kunststoff\/"]}]},{"@type":"ImageObject","inLanguage":"de","@id":"https:\/\/marktxxl.de\/markt\/produkt\/rente-deko-schild-als-ruhestand-geschenk-bester-kollege-oder-chef-geht-in-den-ruhestand-auch-als-witzige-abschiedskarte-zum-renteneintritt-30x20-cm-kunststoff\/#primaryimage","url":"https:\/\/m.media-amazon.com\/images\/I\/51CQvFhSxPL._SL500_.jpg","contentUrl":"https:\/\/m.media-amazon.com\/images\/I\/51CQvFhSxPL._SL500_.jpg","width":500,"height":500},{"@type":"BreadcrumbList","@id":"https:\/\/marktxxl.de\/markt\/produkt\/rente-deko-schild-als-ruhestand-geschenk-bester-kollege-oder-chef-geht-in-den-ruhestand-auch-als-witzige-abschiedskarte-zum-renteneintritt-30x20-cm-kunststoff\/#breadcrumb","itemListElement":[{"@type":"ListItem","position":1,"name":"Startseite","item":"https:\/\/marktxxl.de\/markt\/"},{"@type":"ListItem","position":2,"name":"Markt","item":"https:\/\/marktxxl.de\/markt\/"},{"@type":"ListItem","position":3,"name":"Rente Deko Schild als Ruhestand Geschenk &#8211; Bester Kollege oder Chef geht in den Ruhestand &#8211; Auch als Witzige\u2026"}]},{"@type":"WebSite","@id":"https:\/\/marktxxl.de\/markt\/#website","url":"https:\/\/marktxxl.de\/markt\/","name":"Markt-XXL","description":"Ihr Markt Online","publisher":{"@id":"https:\/\/marktxxl.de\/markt\/#organization"},"potentialAction":[{"@type":"SearchAction","target":{"@type":"EntryPoint","urlTemplate":"https:\/\/marktxxl.de\/markt\/?s={search_term_string}"},"query-input":{"@type":"PropertyValueSpecification","valueRequired":true,"valueName":"search_term_string"}}],"inLanguage":"de"},{"@type":"Organization","@id":"https:\/\/marktxxl.de\/markt\/#organization","name":"Markt-XXL","url":"https:\/\/marktxxl.de\/markt\/","logo":{"@type":"ImageObject","inLanguage":"de","@id":"https:\/\/marktxxl.de\/markt\/#\/schema\/logo\/image\/","url":"https:\/\/marktxxl.de\/markt\/wp-content\/uploads\/sites\/3\/2020\/12\/logo.png","contentUrl":"https:\/\/marktxxl.de\/markt\/wp-content\/uploads\/sites\/3\/2020\/12\/logo.png","width":200,"height":70,"caption":"Markt-XXL"},"image":{"@id":"https:\/\/marktxxl.de\/markt\/#\/schema\/logo\/image\/"}}]}},"_links":{"self":[{"href":"https:\/\/marktxxl.de\/markt\/wp-json\/wp\/v2\/product\/198367","targetHints":{"allow":["GET"]}}],"collection":[{"href":"https:\/\/marktxxl.de\/markt\/wp-json\/wp\/v2\/product"}],"about":[{"href":"https:\/\/marktxxl.de\/markt\/wp-json\/wp\/v2\/types\/product"}],"replies":[{"embeddable":true,"href":"https:\/\/marktxxl.de\/markt\/wp-json\/wp\/v2\/comments?post=198367"}],"wp:featuredmedia":[{"embeddable":true,"href":"https:\/\/marktxxl.de\/markt\/wp-json\/wp\/v2\/media\/198368"}],"wp:attachment":[{"href":"https:\/\/marktxxl.de\/markt\/wp-json\/wp\/v2\/media?parent=198367"}],"wp:term":[{"taxonomy":"product_brand","embeddable":true,"href":"https:\/\/marktxxl.de\/markt\/wp-json\/wp\/v2\/product_brand?post=198367"},{"taxonomy":"product_cat","embeddable":true,"href":"https:\/\/marktxxl.de\/markt\/wp-json\/wp\/v2\/product_cat?post=198367"},{"taxonomy":"product_tag","embeddable":true,"href":"https:\/\/marktxxl.de\/markt\/wp-json\/wp\/v2\/product_tag?post=198367"}],"curies":[{"name":"wp","href":"https:\/\/api.w.org\/{rel}","templated":true}]}}