{"id":198357,"date":"2023-04-10T02:23:22","date_gmt":"2023-04-10T00:23:22","guid":{"rendered":"https:\/\/marktxxl.de\/markt\/produkt\/adrileo-schild-vorsicht-malinois-willkommen-lieber-einbrecher-achtung-hund-wachhund\/"},"modified":"2023-04-11T05:35:49","modified_gmt":"2023-04-11T03:35:49","slug":"adrileo-schild-vorsicht-malinois-willkommen-lieber-einbrecher-achtung-hund-wachhund","status":"publish","type":"product","link":"https:\/\/marktxxl.de\/markt\/produkt\/adrileo-schild-vorsicht-malinois-willkommen-lieber-einbrecher-achtung-hund-wachhund\/","title":{"rendered":"AdriLeo Schild &#8211; Vorsicht Malinois &#8211; Willkommen Lieber Einbrecher &#8211; (15x20cm) \/ Achtung Hund Wachhund"},"content":{"rendered":"<p>Verarbeitung: Bei dem Schild handelt es sich um eine stabile 3mm Aluverbundplatten. Diese besteht aus zwei Aussenschichten Aluminium mit einem Kunststoffkern. Die Ecken sind nicht abgerundet.<br \/>\nHaltbarkeit: Durch ein Schutzlaminat ist das Schild wetterfest und UV-best\u00e4ndig und somit sowohl f\u00fcr den Innen- als auch f\u00fcr den Ausseneinsatz geeignet.<br \/>\nMontage: Die Anbringung ist einfach beispielsweise mit Klebepads auf glatten Fl\u00e4chen oder mit Baukleber\/ Acryl m\u00f6glich. Ausserdem ist das Schild leicht zu durchbohren und kann daher auch mit Schrauben und D\u00fcbeln an der Wand oder mit Kabelbindern am Zaun befestigt werden. Das Schild wird ohne vorgebohrte L\u00f6cher geliefert, so k\u00f6nnen Sie selbst entscheiden wie Sie das Schild anbringen m\u00f6chten. Montagematerial ist nicht in der Lieferung enthalten.<br \/>\nHohe Qualit\u00e4t: Alle Artikel unserer Marke AdriLeo werden in Deutschland produziert.<br \/>\n<div class=\"main-cross-sell\" data-asin=\"B085GFQBKD\">\n\n\t<div class=\"WooZone-cross-sell-loader\">\n\t\t<div>\n\t\t\t<div id=\"floatingBarsG\">\n\t\t\t\t<div class=\"blockG\" id=\"rotateG_01\"><\/div>\n\t\t\t\t<div class=\"blockG\" id=\"rotateG_02\"><\/div>\n\t\t\t\t<div class=\"blockG\" id=\"rotateG_03\"><\/div>\n\t\t\t\t<div class=\"blockG\" id=\"rotateG_04\"><\/div>\n\t\t\t\t<div class=\"blockG\" id=\"rotateG_05\"><\/div>\n\t\t\t\t<div class=\"blockG\" id=\"rotateG_06\"><\/div>\n\t\t\t\t<div class=\"blockG\" id=\"rotateG_07\"><\/div>\n\t\t\t\t<div class=\"blockG\" id=\"rotateG_08\"><\/div>\n\t\t\t<\/div>\n\t\t\t<div class=\"WooZone-cross-sell-loader-text\"><\/div>\n\t\t<\/div>\n\t<\/div>\n\n\t\t\n<\/div>\n<div style=\"clear:both;\"><\/div><\/p>\n","protected":false},"excerpt":{"rendered":"<p>Verarbeitung: Bei dem Schild handelt es sich um eine stabile 3mm Aluverbundplatten. Diese besteht aus zwei Aussenschichten Aluminium mit einem Kunststoffkern. Die Ecken sind nicht abgerundet.<br \/>\nHaltbarkeit: Durch ein Schutzlaminat ist das Schild wetterfest und UV-best\u00e4ndig und somit sowohl f\u00fcr den Innen- als auch f\u00fcr den Ausseneinsatz geeignet.<br \/>\nMontage: Die Anbringung ist einfach beispielsweise mit Klebepads auf glatten Fl\u00e4chen oder mit Baukleber\/ Acryl m\u00f6glich. Ausserdem ist das Schild leicht zu durchbohren und kann daher auch mit Schrauben und D\u00fcbeln an der Wand oder mit Kabelbindern am Zaun befestigt werden. Das Schild wird ohne vorgebohrte L\u00f6cher geliefert, so k\u00f6nnen Sie selbst entscheiden wie Sie das Schild anbringen m\u00f6chten. Montagematerial ist nicht in der Lieferung enthalten.<\/p>\n","protected":false},"featured_media":198358,"comment_status":"open","ping_status":"closed","template":"","meta":[],"product_brand":[],"product_cat":[1983,11380],"product_tag":[],"class_list":{"0":"post-198357","1":"product","2":"type-product","3":"status-publish","4":"has-post-thumbnail","6":"product_cat-baumarkt","7":"product_cat-sicherheitstechnik","8":"pa_brand-adrileo","9":"pa_manufacturer-adrileo","11":"first","12":"instock","13":"shipping-taxable","14":"purchasable","15":"product-type-simple","16":"customify-col","17":"product-has-gallery"},"yoast_head":"<!-- This site is optimized with the Yoast SEO plugin v27.3 - https:\/\/yoast.com\/product\/yoast-seo-wordpress\/ -->\n<title>AdriLeo Schild - Vorsicht Malinois - Willkommen Lieber Einbrecher - (15x20cm) \/ Achtung Hund Wachhund - Markt-XXL<\/title>\n<meta name=\"description\" content=\"Markt-XXL AdriLeo Schild - Vorsicht Malinois - Willkommen Lieber Einbrecher - (15x20cm) \/ Achtung Hund Wachhund\" \/>\n<meta name=\"robots\" content=\"index, follow, max-snippet:-1, max-image-preview:large, max-video-preview:-1\" \/>\n<link rel=\"canonical\" href=\"https:\/\/marktxxl.de\/markt\/produkt\/adrileo-schild-vorsicht-malinois-willkommen-lieber-einbrecher-achtung-hund-wachhund\/\" \/>\n<meta property=\"og:locale\" content=\"de_DE\" \/>\n<meta property=\"og:type\" content=\"article\" \/>\n<meta property=\"og:title\" content=\"AdriLeo Schild - Vorsicht Malinois - Willkommen Lieber Einbrecher - (15x20cm) \/ Achtung Hund Wachhund - Markt-XXL\" \/>\n<meta property=\"og:description\" content=\"Markt-XXL AdriLeo Schild - Vorsicht Malinois - Willkommen Lieber Einbrecher - (15x20cm) \/ Achtung Hund Wachhund\" \/>\n<meta property=\"og:url\" content=\"https:\/\/marktxxl.de\/markt\/produkt\/adrileo-schild-vorsicht-malinois-willkommen-lieber-einbrecher-achtung-hund-wachhund\/\" \/>\n<meta property=\"og:site_name\" content=\"Markt-XXL\" \/>\n<meta property=\"article:modified_time\" content=\"2023-04-11T03:35:49+00:00\" \/>\n<meta property=\"og:image\" content=\"https:\/\/m.media-amazon.com\/images\/I\/51kMEF2wvuL._SL500_.jpg\" \/>\n\t<meta property=\"og:image:width\" content=\"500\" \/>\n\t<meta property=\"og:image:height\" content=\"338\" \/>\n\t<meta property=\"og:image:type\" content=\"image\/jpeg\" \/>\n<meta name=\"twitter:card\" content=\"summary_large_image\" \/>\n<meta name=\"twitter:label1\" content=\"Gesch\u00e4tzte Lesezeit\" \/>\n\t<meta name=\"twitter:data1\" content=\"1\u00a0Minute\" \/>\n<script type=\"application\/ld+json\" class=\"yoast-schema-graph\">{\"@context\":\"https:\\\/\\\/schema.org\",\"@graph\":[{\"@type\":\"WebPage\",\"@id\":\"https:\\\/\\\/marktxxl.de\\\/markt\\\/produkt\\\/adrileo-schild-vorsicht-malinois-willkommen-lieber-einbrecher-achtung-hund-wachhund\\\/\",\"url\":\"https:\\\/\\\/marktxxl.de\\\/markt\\\/produkt\\\/adrileo-schild-vorsicht-malinois-willkommen-lieber-einbrecher-achtung-hund-wachhund\\\/\",\"name\":\"AdriLeo Schild - Vorsicht Malinois - Willkommen Lieber Einbrecher - (15x20cm) \\\/ Achtung Hund Wachhund - Markt-XXL\",\"isPartOf\":{\"@id\":\"https:\\\/\\\/marktxxl.de\\\/markt\\\/#website\"},\"primaryImageOfPage\":{\"@id\":\"https:\\\/\\\/marktxxl.de\\\/markt\\\/produkt\\\/adrileo-schild-vorsicht-malinois-willkommen-lieber-einbrecher-achtung-hund-wachhund\\\/#primaryimage\"},\"image\":{\"@id\":\"https:\\\/\\\/marktxxl.de\\\/markt\\\/produkt\\\/adrileo-schild-vorsicht-malinois-willkommen-lieber-einbrecher-achtung-hund-wachhund\\\/#primaryimage\"},\"thumbnailUrl\":\"https:\\\/\\\/m.media-amazon.com\\\/images\\\/I\\\/51kMEF2wvuL._SL500_.jpg\",\"datePublished\":\"2023-04-10T00:23:22+00:00\",\"dateModified\":\"2023-04-11T03:35:49+00:00\",\"description\":\"Markt-XXL AdriLeo Schild - Vorsicht Malinois - Willkommen Lieber Einbrecher - (15x20cm) \\\/ Achtung Hund Wachhund\",\"breadcrumb\":{\"@id\":\"https:\\\/\\\/marktxxl.de\\\/markt\\\/produkt\\\/adrileo-schild-vorsicht-malinois-willkommen-lieber-einbrecher-achtung-hund-wachhund\\\/#breadcrumb\"},\"inLanguage\":\"de\",\"potentialAction\":[{\"@type\":\"ReadAction\",\"target\":[\"https:\\\/\\\/marktxxl.de\\\/markt\\\/produkt\\\/adrileo-schild-vorsicht-malinois-willkommen-lieber-einbrecher-achtung-hund-wachhund\\\/\"]}]},{\"@type\":\"ImageObject\",\"inLanguage\":\"de\",\"@id\":\"https:\\\/\\\/marktxxl.de\\\/markt\\\/produkt\\\/adrileo-schild-vorsicht-malinois-willkommen-lieber-einbrecher-achtung-hund-wachhund\\\/#primaryimage\",\"url\":\"https:\\\/\\\/m.media-amazon.com\\\/images\\\/I\\\/51kMEF2wvuL._SL500_.jpg\",\"contentUrl\":\"https:\\\/\\\/m.media-amazon.com\\\/images\\\/I\\\/51kMEF2wvuL._SL500_.jpg\",\"width\":500,\"height\":338},{\"@type\":\"BreadcrumbList\",\"@id\":\"https:\\\/\\\/marktxxl.de\\\/markt\\\/produkt\\\/adrileo-schild-vorsicht-malinois-willkommen-lieber-einbrecher-achtung-hund-wachhund\\\/#breadcrumb\",\"itemListElement\":[{\"@type\":\"ListItem\",\"position\":1,\"name\":\"Startseite\",\"item\":\"https:\\\/\\\/marktxxl.de\\\/markt\\\/\"},{\"@type\":\"ListItem\",\"position\":2,\"name\":\"Markt\",\"item\":\"https:\\\/\\\/marktxxl.de\\\/markt\\\/\"},{\"@type\":\"ListItem\",\"position\":3,\"name\":\"AdriLeo Schild &#8211; Vorsicht Malinois &#8211; Willkommen Lieber Einbrecher &#8211; (15x20cm) \\\/ Achtung Hund Wachhund\"}]},{\"@type\":\"WebSite\",\"@id\":\"https:\\\/\\\/marktxxl.de\\\/markt\\\/#website\",\"url\":\"https:\\\/\\\/marktxxl.de\\\/markt\\\/\",\"name\":\"Markt-XXL\",\"description\":\"Ihr Markt Online\",\"publisher\":{\"@id\":\"https:\\\/\\\/marktxxl.de\\\/markt\\\/#organization\"},\"potentialAction\":[{\"@type\":\"SearchAction\",\"target\":{\"@type\":\"EntryPoint\",\"urlTemplate\":\"https:\\\/\\\/marktxxl.de\\\/markt\\\/?s={search_term_string}\"},\"query-input\":{\"@type\":\"PropertyValueSpecification\",\"valueRequired\":true,\"valueName\":\"search_term_string\"}}],\"inLanguage\":\"de\"},{\"@type\":\"Organization\",\"@id\":\"https:\\\/\\\/marktxxl.de\\\/markt\\\/#organization\",\"name\":\"Markt-XXL\",\"url\":\"https:\\\/\\\/marktxxl.de\\\/markt\\\/\",\"logo\":{\"@type\":\"ImageObject\",\"inLanguage\":\"de\",\"@id\":\"https:\\\/\\\/marktxxl.de\\\/markt\\\/#\\\/schema\\\/logo\\\/image\\\/\",\"url\":\"https:\\\/\\\/marktxxl.de\\\/markt\\\/wp-content\\\/uploads\\\/sites\\\/3\\\/2020\\\/12\\\/logo.png\",\"contentUrl\":\"https:\\\/\\\/marktxxl.de\\\/markt\\\/wp-content\\\/uploads\\\/sites\\\/3\\\/2020\\\/12\\\/logo.png\",\"width\":200,\"height\":70,\"caption\":\"Markt-XXL\"},\"image\":{\"@id\":\"https:\\\/\\\/marktxxl.de\\\/markt\\\/#\\\/schema\\\/logo\\\/image\\\/\"}}]}<\/script>\n<!-- \/ Yoast SEO plugin. -->","yoast_head_json":{"title":"AdriLeo Schild - Vorsicht Malinois - Willkommen Lieber Einbrecher - (15x20cm) \/ Achtung Hund Wachhund - Markt-XXL","description":"Markt-XXL AdriLeo Schild - Vorsicht Malinois - Willkommen Lieber Einbrecher - (15x20cm) \/ Achtung Hund Wachhund","robots":{"index":"index","follow":"follow","max-snippet":"max-snippet:-1","max-image-preview":"max-image-preview:large","max-video-preview":"max-video-preview:-1"},"canonical":"https:\/\/marktxxl.de\/markt\/produkt\/adrileo-schild-vorsicht-malinois-willkommen-lieber-einbrecher-achtung-hund-wachhund\/","og_locale":"de_DE","og_type":"article","og_title":"AdriLeo Schild - Vorsicht Malinois - Willkommen Lieber Einbrecher - (15x20cm) \/ Achtung Hund Wachhund - Markt-XXL","og_description":"Markt-XXL AdriLeo Schild - Vorsicht Malinois - Willkommen Lieber Einbrecher - (15x20cm) \/ Achtung Hund Wachhund","og_url":"https:\/\/marktxxl.de\/markt\/produkt\/adrileo-schild-vorsicht-malinois-willkommen-lieber-einbrecher-achtung-hund-wachhund\/","og_site_name":"Markt-XXL","article_modified_time":"2023-04-11T03:35:49+00:00","og_image":[{"width":500,"height":338,"url":"https:\/\/m.media-amazon.com\/images\/I\/51kMEF2wvuL._SL500_.jpg","type":"image\/jpeg"}],"twitter_card":"summary_large_image","twitter_misc":{"Gesch\u00e4tzte Lesezeit":"1\u00a0Minute"},"schema":{"@context":"https:\/\/schema.org","@graph":[{"@type":"WebPage","@id":"https:\/\/marktxxl.de\/markt\/produkt\/adrileo-schild-vorsicht-malinois-willkommen-lieber-einbrecher-achtung-hund-wachhund\/","url":"https:\/\/marktxxl.de\/markt\/produkt\/adrileo-schild-vorsicht-malinois-willkommen-lieber-einbrecher-achtung-hund-wachhund\/","name":"AdriLeo Schild - Vorsicht Malinois - Willkommen Lieber Einbrecher - (15x20cm) \/ Achtung Hund Wachhund - Markt-XXL","isPartOf":{"@id":"https:\/\/marktxxl.de\/markt\/#website"},"primaryImageOfPage":{"@id":"https:\/\/marktxxl.de\/markt\/produkt\/adrileo-schild-vorsicht-malinois-willkommen-lieber-einbrecher-achtung-hund-wachhund\/#primaryimage"},"image":{"@id":"https:\/\/marktxxl.de\/markt\/produkt\/adrileo-schild-vorsicht-malinois-willkommen-lieber-einbrecher-achtung-hund-wachhund\/#primaryimage"},"thumbnailUrl":"https:\/\/m.media-amazon.com\/images\/I\/51kMEF2wvuL._SL500_.jpg","datePublished":"2023-04-10T00:23:22+00:00","dateModified":"2023-04-11T03:35:49+00:00","description":"Markt-XXL AdriLeo Schild - Vorsicht Malinois - Willkommen Lieber Einbrecher - (15x20cm) \/ Achtung Hund Wachhund","breadcrumb":{"@id":"https:\/\/marktxxl.de\/markt\/produkt\/adrileo-schild-vorsicht-malinois-willkommen-lieber-einbrecher-achtung-hund-wachhund\/#breadcrumb"},"inLanguage":"de","potentialAction":[{"@type":"ReadAction","target":["https:\/\/marktxxl.de\/markt\/produkt\/adrileo-schild-vorsicht-malinois-willkommen-lieber-einbrecher-achtung-hund-wachhund\/"]}]},{"@type":"ImageObject","inLanguage":"de","@id":"https:\/\/marktxxl.de\/markt\/produkt\/adrileo-schild-vorsicht-malinois-willkommen-lieber-einbrecher-achtung-hund-wachhund\/#primaryimage","url":"https:\/\/m.media-amazon.com\/images\/I\/51kMEF2wvuL._SL500_.jpg","contentUrl":"https:\/\/m.media-amazon.com\/images\/I\/51kMEF2wvuL._SL500_.jpg","width":500,"height":338},{"@type":"BreadcrumbList","@id":"https:\/\/marktxxl.de\/markt\/produkt\/adrileo-schild-vorsicht-malinois-willkommen-lieber-einbrecher-achtung-hund-wachhund\/#breadcrumb","itemListElement":[{"@type":"ListItem","position":1,"name":"Startseite","item":"https:\/\/marktxxl.de\/markt\/"},{"@type":"ListItem","position":2,"name":"Markt","item":"https:\/\/marktxxl.de\/markt\/"},{"@type":"ListItem","position":3,"name":"AdriLeo Schild &#8211; Vorsicht Malinois &#8211; Willkommen Lieber Einbrecher &#8211; (15x20cm) \/ Achtung Hund Wachhund"}]},{"@type":"WebSite","@id":"https:\/\/marktxxl.de\/markt\/#website","url":"https:\/\/marktxxl.de\/markt\/","name":"Markt-XXL","description":"Ihr Markt Online","publisher":{"@id":"https:\/\/marktxxl.de\/markt\/#organization"},"potentialAction":[{"@type":"SearchAction","target":{"@type":"EntryPoint","urlTemplate":"https:\/\/marktxxl.de\/markt\/?s={search_term_string}"},"query-input":{"@type":"PropertyValueSpecification","valueRequired":true,"valueName":"search_term_string"}}],"inLanguage":"de"},{"@type":"Organization","@id":"https:\/\/marktxxl.de\/markt\/#organization","name":"Markt-XXL","url":"https:\/\/marktxxl.de\/markt\/","logo":{"@type":"ImageObject","inLanguage":"de","@id":"https:\/\/marktxxl.de\/markt\/#\/schema\/logo\/image\/","url":"https:\/\/marktxxl.de\/markt\/wp-content\/uploads\/sites\/3\/2020\/12\/logo.png","contentUrl":"https:\/\/marktxxl.de\/markt\/wp-content\/uploads\/sites\/3\/2020\/12\/logo.png","width":200,"height":70,"caption":"Markt-XXL"},"image":{"@id":"https:\/\/marktxxl.de\/markt\/#\/schema\/logo\/image\/"}}]}},"_links":{"self":[{"href":"https:\/\/marktxxl.de\/markt\/wp-json\/wp\/v2\/product\/198357","targetHints":{"allow":["GET"]}}],"collection":[{"href":"https:\/\/marktxxl.de\/markt\/wp-json\/wp\/v2\/product"}],"about":[{"href":"https:\/\/marktxxl.de\/markt\/wp-json\/wp\/v2\/types\/product"}],"replies":[{"embeddable":true,"href":"https:\/\/marktxxl.de\/markt\/wp-json\/wp\/v2\/comments?post=198357"}],"wp:featuredmedia":[{"embeddable":true,"href":"https:\/\/marktxxl.de\/markt\/wp-json\/wp\/v2\/media\/198358"}],"wp:attachment":[{"href":"https:\/\/marktxxl.de\/markt\/wp-json\/wp\/v2\/media?parent=198357"}],"wp:term":[{"taxonomy":"product_brand","embeddable":true,"href":"https:\/\/marktxxl.de\/markt\/wp-json\/wp\/v2\/product_brand?post=198357"},{"taxonomy":"product_cat","embeddable":true,"href":"https:\/\/marktxxl.de\/markt\/wp-json\/wp\/v2\/product_cat?post=198357"},{"taxonomy":"product_tag","embeddable":true,"href":"https:\/\/marktxxl.de\/markt\/wp-json\/wp\/v2\/product_tag?post=198357"}],"curies":[{"name":"wp","href":"https:\/\/api.w.org\/{rel}","templated":true}]}}