{"id":198346,"date":"2023-04-10T02:23:07","date_gmt":"2023-04-10T00:23:07","guid":{"rendered":"https:\/\/marktxxl.de\/markt\/produkt\/auffangbeutel-plus-mit-mundstueck-25-stueck-reissfester-sicherer-kotzbeutel-auslaufsicherer-verbesserter-verschluss-ring-2000-ml-spucktueten-brechbeutel-fuer-erwachsene-und-kinder\/"},"modified":"2023-04-11T05:35:48","modified_gmt":"2023-04-11T03:35:48","slug":"auffangbeutel-plus-mit-mundstueck-25-stueck-reissfester-sicherer-kotzbeutel-auslaufsicherer-verbesserter-verschluss-ring-2000-ml-spucktueten-brechbeutel-fuer-erwachsene-und-kinder","status":"publish","type":"product","link":"https:\/\/marktxxl.de\/markt\/produkt\/auffangbeutel-plus-mit-mundstueck-25-stueck-reissfester-sicherer-kotzbeutel-auslaufsicherer-verbesserter-verschluss-ring-2000-ml-spucktueten-brechbeutel-fuer-erwachsene-und-kinder\/","title":{"rendered":"Auffangbeutel Plus mit Mundst\u00fcck 50 St\u00fcck | rei\u00dffester &amp; sicherer Kotzbeutel | Auslaufsicherer Verbesserter Verschluss\u2026"},"content":{"rendered":"<p>\u2714\ufe0f UNIVERSELL EINSETZBAR &#8211; Verwenden Sie unsere Spuckt\u00fcten in jeder Lebenslage. Ob bei Autofahrten, Flug- &amp; Seereisen, in der Schwangerschaft oder jederzeit bei Bedarf.<br \/>\n\u2714\ufe0f BLICKDICHT &#8211; Entgegen vergleichbarer Produkte, wurde das Material so gew\u00e4hlt, dass der Inhalt von au\u00dfen nicht erkennbar ist.<br \/>\n\u2714\ufe0f FASSUNGSVERM\u00d6GEN &#8211; Jede T\u00fcte ist bietet genug Fassungsverm\u00f6gen, um f\u00fcr den Notfall ausreichend vorbereitet zu sein.<br \/>\n\u2714\ufe0f PLATZBEDARF &#8211; Selbst mehrere aufeinander gestapelte T\u00fcten k\u00f6nnen problemlos in Taschen, Ablagef\u00e4chern o.\u00e4. aufbewahrt werden. Jedes Set wird in einer wiederverschlie\u00dfbaren Plastikt\u00fcte geliefert, um die Spuckbeutel optimal zwischenzulagern zu k\u00f6nnen.<br \/>\n\u2714\ufe0f QUALITATIV &#8211; Wir haben h\u00f6chste Anspr\u00fcche an die Qualit\u00e4t unserer Produkte und legen Wert auf die Zufriedenheit unserer Kunden. Sollten Sie mit eines unserer Produkte mal nicht zufrieden sein, erhalten Sie Ihr Geld zur\u00fcck.<br \/>\n<div class=\"main-cross-sell\" data-asin=\"B07TLNPK14\">\n\n\t<div class=\"WooZone-cross-sell-loader\">\n\t\t<div>\n\t\t\t<div id=\"floatingBarsG\">\n\t\t\t\t<div class=\"blockG\" id=\"rotateG_01\"><\/div>\n\t\t\t\t<div class=\"blockG\" id=\"rotateG_02\"><\/div>\n\t\t\t\t<div class=\"blockG\" id=\"rotateG_03\"><\/div>\n\t\t\t\t<div class=\"blockG\" id=\"rotateG_04\"><\/div>\n\t\t\t\t<div class=\"blockG\" id=\"rotateG_05\"><\/div>\n\t\t\t\t<div class=\"blockG\" id=\"rotateG_06\"><\/div>\n\t\t\t\t<div class=\"blockG\" id=\"rotateG_07\"><\/div>\n\t\t\t\t<div class=\"blockG\" id=\"rotateG_08\"><\/div>\n\t\t\t<\/div>\n\t\t\t<div class=\"WooZone-cross-sell-loader-text\"><\/div>\n\t\t<\/div>\n\t<\/div>\n\n\t\t\n<\/div>\n<div style=\"clear:both;\"><\/div><\/p>\n","protected":false},"excerpt":{"rendered":"<p>\u2714\ufe0f UNIVERSELL EINSETZBAR &#8211; Verwenden Sie unsere Spuckt\u00fcten in jeder Lebenslage. Ob bei Autofahrten, Flug- &amp; Seereisen, in der Schwangerschaft oder jederzeit bei Bedarf.<br \/>\n\u2714\ufe0f BLICKDICHT &#8211; Entgegen vergleichbarer Produkte, wurde das Material so gew\u00e4hlt, dass der Inhalt von au\u00dfen nicht erkennbar ist.<br \/>\n\u2714\ufe0f FASSUNGSVERM\u00d6GEN &#8211; Jede T\u00fcte ist bietet genug Fassungsverm\u00f6gen, um f\u00fcr den Notfall ausreichend vorbereitet zu sein.<\/p>\n","protected":false},"featured_media":198347,"comment_status":"open","ping_status":"closed","template":"","meta":[],"product_brand":[],"product_cat":[1983,11380],"product_tag":[],"class_list":{"0":"post-198346","1":"product","2":"type-product","3":"status-publish","4":"has-post-thumbnail","6":"product_cat-baumarkt","7":"product_cat-sicherheitstechnik","8":"pa_binding-badartikel","9":"pa_brand-herrmann","10":"pa_manufacturer-herrmann-betriebyhygiene","12":"first","13":"instock","14":"shipping-taxable","15":"purchasable","16":"product-type-simple","17":"customify-col","18":"product-has-gallery"},"yoast_head":"<!-- This site is optimized with the Yoast SEO plugin v27.3 - https:\/\/yoast.com\/product\/yoast-seo-wordpress\/ -->\n<title>Auffangbeutel Plus mit Mundst\u00fcck 50 St\u00fcck | rei\u00dffester &amp; sicherer Kotzbeutel | Auslaufsicherer Verbesserter Verschluss\u2026 - Markt-XXL<\/title>\n<meta name=\"description\" content=\"Markt-XXL Auffangbeutel Plus mit Mundst\u00fcck 50 St\u00fcck | rei\u00dffester &amp; sicherer Kotzbeutel | Auslaufsicherer Verbesserter Verschluss\u2026\" \/>\n<meta name=\"robots\" content=\"index, follow, max-snippet:-1, max-image-preview:large, max-video-preview:-1\" \/>\n<link rel=\"canonical\" href=\"https:\/\/marktxxl.de\/markt\/produkt\/auffangbeutel-plus-mit-mundstueck-25-stueck-reissfester-sicherer-kotzbeutel-auslaufsicherer-verbesserter-verschluss-ring-2000-ml-spucktueten-brechbeutel-fuer-erwachsene-und-kinder\/\" \/>\n<meta property=\"og:locale\" content=\"de_DE\" \/>\n<meta property=\"og:type\" content=\"article\" \/>\n<meta property=\"og:title\" content=\"Auffangbeutel Plus mit Mundst\u00fcck 50 St\u00fcck | rei\u00dffester &amp; sicherer Kotzbeutel | Auslaufsicherer Verbesserter Verschluss\u2026 - Markt-XXL\" \/>\n<meta property=\"og:description\" content=\"Markt-XXL Auffangbeutel Plus mit Mundst\u00fcck 50 St\u00fcck | rei\u00dffester &amp; sicherer Kotzbeutel | Auslaufsicherer Verbesserter Verschluss\u2026\" \/>\n<meta property=\"og:url\" content=\"https:\/\/marktxxl.de\/markt\/produkt\/auffangbeutel-plus-mit-mundstueck-25-stueck-reissfester-sicherer-kotzbeutel-auslaufsicherer-verbesserter-verschluss-ring-2000-ml-spucktueten-brechbeutel-fuer-erwachsene-und-kinder\/\" \/>\n<meta property=\"og:site_name\" content=\"Markt-XXL\" \/>\n<meta property=\"article:modified_time\" content=\"2023-04-11T03:35:48+00:00\" \/>\n<meta property=\"og:image\" content=\"https:\/\/m.media-amazon.com\/images\/I\/411GigvAg3L._SL500_.jpg\" \/>\n\t<meta property=\"og:image:width\" content=\"500\" \/>\n\t<meta property=\"og:image:height\" content=\"500\" \/>\n\t<meta property=\"og:image:type\" content=\"image\/jpeg\" \/>\n<meta name=\"twitter:card\" content=\"summary_large_image\" \/>\n<meta name=\"twitter:label1\" content=\"Gesch\u00e4tzte Lesezeit\" \/>\n\t<meta name=\"twitter:data1\" content=\"1\u00a0Minute\" \/>\n<script type=\"application\/ld+json\" class=\"yoast-schema-graph\">{\"@context\":\"https:\\\/\\\/schema.org\",\"@graph\":[{\"@type\":\"WebPage\",\"@id\":\"https:\\\/\\\/marktxxl.de\\\/markt\\\/produkt\\\/auffangbeutel-plus-mit-mundstueck-25-stueck-reissfester-sicherer-kotzbeutel-auslaufsicherer-verbesserter-verschluss-ring-2000-ml-spucktueten-brechbeutel-fuer-erwachsene-und-kinder\\\/\",\"url\":\"https:\\\/\\\/marktxxl.de\\\/markt\\\/produkt\\\/auffangbeutel-plus-mit-mundstueck-25-stueck-reissfester-sicherer-kotzbeutel-auslaufsicherer-verbesserter-verschluss-ring-2000-ml-spucktueten-brechbeutel-fuer-erwachsene-und-kinder\\\/\",\"name\":\"Auffangbeutel Plus mit Mundst\u00fcck 50 St\u00fcck | rei\u00dffester &amp; sicherer Kotzbeutel | Auslaufsicherer Verbesserter Verschluss\u2026 - Markt-XXL\",\"isPartOf\":{\"@id\":\"https:\\\/\\\/marktxxl.de\\\/markt\\\/#website\"},\"primaryImageOfPage\":{\"@id\":\"https:\\\/\\\/marktxxl.de\\\/markt\\\/produkt\\\/auffangbeutel-plus-mit-mundstueck-25-stueck-reissfester-sicherer-kotzbeutel-auslaufsicherer-verbesserter-verschluss-ring-2000-ml-spucktueten-brechbeutel-fuer-erwachsene-und-kinder\\\/#primaryimage\"},\"image\":{\"@id\":\"https:\\\/\\\/marktxxl.de\\\/markt\\\/produkt\\\/auffangbeutel-plus-mit-mundstueck-25-stueck-reissfester-sicherer-kotzbeutel-auslaufsicherer-verbesserter-verschluss-ring-2000-ml-spucktueten-brechbeutel-fuer-erwachsene-und-kinder\\\/#primaryimage\"},\"thumbnailUrl\":\"https:\\\/\\\/m.media-amazon.com\\\/images\\\/I\\\/411GigvAg3L._SL500_.jpg\",\"datePublished\":\"2023-04-10T00:23:07+00:00\",\"dateModified\":\"2023-04-11T03:35:48+00:00\",\"description\":\"Markt-XXL Auffangbeutel Plus mit Mundst\u00fcck 50 St\u00fcck | rei\u00dffester &amp; sicherer Kotzbeutel | Auslaufsicherer Verbesserter Verschluss\u2026\",\"breadcrumb\":{\"@id\":\"https:\\\/\\\/marktxxl.de\\\/markt\\\/produkt\\\/auffangbeutel-plus-mit-mundstueck-25-stueck-reissfester-sicherer-kotzbeutel-auslaufsicherer-verbesserter-verschluss-ring-2000-ml-spucktueten-brechbeutel-fuer-erwachsene-und-kinder\\\/#breadcrumb\"},\"inLanguage\":\"de\",\"potentialAction\":[{\"@type\":\"ReadAction\",\"target\":[\"https:\\\/\\\/marktxxl.de\\\/markt\\\/produkt\\\/auffangbeutel-plus-mit-mundstueck-25-stueck-reissfester-sicherer-kotzbeutel-auslaufsicherer-verbesserter-verschluss-ring-2000-ml-spucktueten-brechbeutel-fuer-erwachsene-und-kinder\\\/\"]}]},{\"@type\":\"ImageObject\",\"inLanguage\":\"de\",\"@id\":\"https:\\\/\\\/marktxxl.de\\\/markt\\\/produkt\\\/auffangbeutel-plus-mit-mundstueck-25-stueck-reissfester-sicherer-kotzbeutel-auslaufsicherer-verbesserter-verschluss-ring-2000-ml-spucktueten-brechbeutel-fuer-erwachsene-und-kinder\\\/#primaryimage\",\"url\":\"https:\\\/\\\/m.media-amazon.com\\\/images\\\/I\\\/411GigvAg3L._SL500_.jpg\",\"contentUrl\":\"https:\\\/\\\/m.media-amazon.com\\\/images\\\/I\\\/411GigvAg3L._SL500_.jpg\",\"width\":500,\"height\":500},{\"@type\":\"BreadcrumbList\",\"@id\":\"https:\\\/\\\/marktxxl.de\\\/markt\\\/produkt\\\/auffangbeutel-plus-mit-mundstueck-25-stueck-reissfester-sicherer-kotzbeutel-auslaufsicherer-verbesserter-verschluss-ring-2000-ml-spucktueten-brechbeutel-fuer-erwachsene-und-kinder\\\/#breadcrumb\",\"itemListElement\":[{\"@type\":\"ListItem\",\"position\":1,\"name\":\"Startseite\",\"item\":\"https:\\\/\\\/marktxxl.de\\\/markt\\\/\"},{\"@type\":\"ListItem\",\"position\":2,\"name\":\"Markt\",\"item\":\"https:\\\/\\\/marktxxl.de\\\/markt\\\/\"},{\"@type\":\"ListItem\",\"position\":3,\"name\":\"Auffangbeutel Plus mit Mundst\u00fcck 50 St\u00fcck | rei\u00dffester &amp; sicherer Kotzbeutel | Auslaufsicherer Verbesserter Verschluss\u2026\"}]},{\"@type\":\"WebSite\",\"@id\":\"https:\\\/\\\/marktxxl.de\\\/markt\\\/#website\",\"url\":\"https:\\\/\\\/marktxxl.de\\\/markt\\\/\",\"name\":\"Markt-XXL\",\"description\":\"Ihr Markt Online\",\"publisher\":{\"@id\":\"https:\\\/\\\/marktxxl.de\\\/markt\\\/#organization\"},\"potentialAction\":[{\"@type\":\"SearchAction\",\"target\":{\"@type\":\"EntryPoint\",\"urlTemplate\":\"https:\\\/\\\/marktxxl.de\\\/markt\\\/?s={search_term_string}\"},\"query-input\":{\"@type\":\"PropertyValueSpecification\",\"valueRequired\":true,\"valueName\":\"search_term_string\"}}],\"inLanguage\":\"de\"},{\"@type\":\"Organization\",\"@id\":\"https:\\\/\\\/marktxxl.de\\\/markt\\\/#organization\",\"name\":\"Markt-XXL\",\"url\":\"https:\\\/\\\/marktxxl.de\\\/markt\\\/\",\"logo\":{\"@type\":\"ImageObject\",\"inLanguage\":\"de\",\"@id\":\"https:\\\/\\\/marktxxl.de\\\/markt\\\/#\\\/schema\\\/logo\\\/image\\\/\",\"url\":\"https:\\\/\\\/marktxxl.de\\\/markt\\\/wp-content\\\/uploads\\\/sites\\\/3\\\/2020\\\/12\\\/logo.png\",\"contentUrl\":\"https:\\\/\\\/marktxxl.de\\\/markt\\\/wp-content\\\/uploads\\\/sites\\\/3\\\/2020\\\/12\\\/logo.png\",\"width\":200,\"height\":70,\"caption\":\"Markt-XXL\"},\"image\":{\"@id\":\"https:\\\/\\\/marktxxl.de\\\/markt\\\/#\\\/schema\\\/logo\\\/image\\\/\"}}]}<\/script>\n<!-- \/ Yoast SEO plugin. -->","yoast_head_json":{"title":"Auffangbeutel Plus mit Mundst\u00fcck 50 St\u00fcck | rei\u00dffester &amp; sicherer Kotzbeutel | Auslaufsicherer Verbesserter Verschluss\u2026 - Markt-XXL","description":"Markt-XXL Auffangbeutel Plus mit Mundst\u00fcck 50 St\u00fcck | rei\u00dffester &amp; sicherer Kotzbeutel | Auslaufsicherer Verbesserter Verschluss\u2026","robots":{"index":"index","follow":"follow","max-snippet":"max-snippet:-1","max-image-preview":"max-image-preview:large","max-video-preview":"max-video-preview:-1"},"canonical":"https:\/\/marktxxl.de\/markt\/produkt\/auffangbeutel-plus-mit-mundstueck-25-stueck-reissfester-sicherer-kotzbeutel-auslaufsicherer-verbesserter-verschluss-ring-2000-ml-spucktueten-brechbeutel-fuer-erwachsene-und-kinder\/","og_locale":"de_DE","og_type":"article","og_title":"Auffangbeutel Plus mit Mundst\u00fcck 50 St\u00fcck | rei\u00dffester &amp; sicherer Kotzbeutel | Auslaufsicherer Verbesserter Verschluss\u2026 - Markt-XXL","og_description":"Markt-XXL Auffangbeutel Plus mit Mundst\u00fcck 50 St\u00fcck | rei\u00dffester &amp; sicherer Kotzbeutel | Auslaufsicherer Verbesserter Verschluss\u2026","og_url":"https:\/\/marktxxl.de\/markt\/produkt\/auffangbeutel-plus-mit-mundstueck-25-stueck-reissfester-sicherer-kotzbeutel-auslaufsicherer-verbesserter-verschluss-ring-2000-ml-spucktueten-brechbeutel-fuer-erwachsene-und-kinder\/","og_site_name":"Markt-XXL","article_modified_time":"2023-04-11T03:35:48+00:00","og_image":[{"width":500,"height":500,"url":"https:\/\/m.media-amazon.com\/images\/I\/411GigvAg3L._SL500_.jpg","type":"image\/jpeg"}],"twitter_card":"summary_large_image","twitter_misc":{"Gesch\u00e4tzte Lesezeit":"1\u00a0Minute"},"schema":{"@context":"https:\/\/schema.org","@graph":[{"@type":"WebPage","@id":"https:\/\/marktxxl.de\/markt\/produkt\/auffangbeutel-plus-mit-mundstueck-25-stueck-reissfester-sicherer-kotzbeutel-auslaufsicherer-verbesserter-verschluss-ring-2000-ml-spucktueten-brechbeutel-fuer-erwachsene-und-kinder\/","url":"https:\/\/marktxxl.de\/markt\/produkt\/auffangbeutel-plus-mit-mundstueck-25-stueck-reissfester-sicherer-kotzbeutel-auslaufsicherer-verbesserter-verschluss-ring-2000-ml-spucktueten-brechbeutel-fuer-erwachsene-und-kinder\/","name":"Auffangbeutel Plus mit Mundst\u00fcck 50 St\u00fcck | rei\u00dffester &amp; sicherer Kotzbeutel | Auslaufsicherer Verbesserter Verschluss\u2026 - Markt-XXL","isPartOf":{"@id":"https:\/\/marktxxl.de\/markt\/#website"},"primaryImageOfPage":{"@id":"https:\/\/marktxxl.de\/markt\/produkt\/auffangbeutel-plus-mit-mundstueck-25-stueck-reissfester-sicherer-kotzbeutel-auslaufsicherer-verbesserter-verschluss-ring-2000-ml-spucktueten-brechbeutel-fuer-erwachsene-und-kinder\/#primaryimage"},"image":{"@id":"https:\/\/marktxxl.de\/markt\/produkt\/auffangbeutel-plus-mit-mundstueck-25-stueck-reissfester-sicherer-kotzbeutel-auslaufsicherer-verbesserter-verschluss-ring-2000-ml-spucktueten-brechbeutel-fuer-erwachsene-und-kinder\/#primaryimage"},"thumbnailUrl":"https:\/\/m.media-amazon.com\/images\/I\/411GigvAg3L._SL500_.jpg","datePublished":"2023-04-10T00:23:07+00:00","dateModified":"2023-04-11T03:35:48+00:00","description":"Markt-XXL Auffangbeutel Plus mit Mundst\u00fcck 50 St\u00fcck | rei\u00dffester &amp; sicherer Kotzbeutel | Auslaufsicherer Verbesserter Verschluss\u2026","breadcrumb":{"@id":"https:\/\/marktxxl.de\/markt\/produkt\/auffangbeutel-plus-mit-mundstueck-25-stueck-reissfester-sicherer-kotzbeutel-auslaufsicherer-verbesserter-verschluss-ring-2000-ml-spucktueten-brechbeutel-fuer-erwachsene-und-kinder\/#breadcrumb"},"inLanguage":"de","potentialAction":[{"@type":"ReadAction","target":["https:\/\/marktxxl.de\/markt\/produkt\/auffangbeutel-plus-mit-mundstueck-25-stueck-reissfester-sicherer-kotzbeutel-auslaufsicherer-verbesserter-verschluss-ring-2000-ml-spucktueten-brechbeutel-fuer-erwachsene-und-kinder\/"]}]},{"@type":"ImageObject","inLanguage":"de","@id":"https:\/\/marktxxl.de\/markt\/produkt\/auffangbeutel-plus-mit-mundstueck-25-stueck-reissfester-sicherer-kotzbeutel-auslaufsicherer-verbesserter-verschluss-ring-2000-ml-spucktueten-brechbeutel-fuer-erwachsene-und-kinder\/#primaryimage","url":"https:\/\/m.media-amazon.com\/images\/I\/411GigvAg3L._SL500_.jpg","contentUrl":"https:\/\/m.media-amazon.com\/images\/I\/411GigvAg3L._SL500_.jpg","width":500,"height":500},{"@type":"BreadcrumbList","@id":"https:\/\/marktxxl.de\/markt\/produkt\/auffangbeutel-plus-mit-mundstueck-25-stueck-reissfester-sicherer-kotzbeutel-auslaufsicherer-verbesserter-verschluss-ring-2000-ml-spucktueten-brechbeutel-fuer-erwachsene-und-kinder\/#breadcrumb","itemListElement":[{"@type":"ListItem","position":1,"name":"Startseite","item":"https:\/\/marktxxl.de\/markt\/"},{"@type":"ListItem","position":2,"name":"Markt","item":"https:\/\/marktxxl.de\/markt\/"},{"@type":"ListItem","position":3,"name":"Auffangbeutel Plus mit Mundst\u00fcck 50 St\u00fcck | rei\u00dffester &amp; sicherer Kotzbeutel | Auslaufsicherer Verbesserter Verschluss\u2026"}]},{"@type":"WebSite","@id":"https:\/\/marktxxl.de\/markt\/#website","url":"https:\/\/marktxxl.de\/markt\/","name":"Markt-XXL","description":"Ihr Markt Online","publisher":{"@id":"https:\/\/marktxxl.de\/markt\/#organization"},"potentialAction":[{"@type":"SearchAction","target":{"@type":"EntryPoint","urlTemplate":"https:\/\/marktxxl.de\/markt\/?s={search_term_string}"},"query-input":{"@type":"PropertyValueSpecification","valueRequired":true,"valueName":"search_term_string"}}],"inLanguage":"de"},{"@type":"Organization","@id":"https:\/\/marktxxl.de\/markt\/#organization","name":"Markt-XXL","url":"https:\/\/marktxxl.de\/markt\/","logo":{"@type":"ImageObject","inLanguage":"de","@id":"https:\/\/marktxxl.de\/markt\/#\/schema\/logo\/image\/","url":"https:\/\/marktxxl.de\/markt\/wp-content\/uploads\/sites\/3\/2020\/12\/logo.png","contentUrl":"https:\/\/marktxxl.de\/markt\/wp-content\/uploads\/sites\/3\/2020\/12\/logo.png","width":200,"height":70,"caption":"Markt-XXL"},"image":{"@id":"https:\/\/marktxxl.de\/markt\/#\/schema\/logo\/image\/"}}]}},"_links":{"self":[{"href":"https:\/\/marktxxl.de\/markt\/wp-json\/wp\/v2\/product\/198346","targetHints":{"allow":["GET"]}}],"collection":[{"href":"https:\/\/marktxxl.de\/markt\/wp-json\/wp\/v2\/product"}],"about":[{"href":"https:\/\/marktxxl.de\/markt\/wp-json\/wp\/v2\/types\/product"}],"replies":[{"embeddable":true,"href":"https:\/\/marktxxl.de\/markt\/wp-json\/wp\/v2\/comments?post=198346"}],"wp:featuredmedia":[{"embeddable":true,"href":"https:\/\/marktxxl.de\/markt\/wp-json\/wp\/v2\/media\/198347"}],"wp:attachment":[{"href":"https:\/\/marktxxl.de\/markt\/wp-json\/wp\/v2\/media?parent=198346"}],"wp:term":[{"taxonomy":"product_brand","embeddable":true,"href":"https:\/\/marktxxl.de\/markt\/wp-json\/wp\/v2\/product_brand?post=198346"},{"taxonomy":"product_cat","embeddable":true,"href":"https:\/\/marktxxl.de\/markt\/wp-json\/wp\/v2\/product_cat?post=198346"},{"taxonomy":"product_tag","embeddable":true,"href":"https:\/\/marktxxl.de\/markt\/wp-json\/wp\/v2\/product_tag?post=198346"}],"curies":[{"name":"wp","href":"https:\/\/api.w.org\/{rel}","templated":true}]}}