{"id":198338,"date":"2023-04-10T02:22:59","date_gmt":"2023-04-10T00:22:59","guid":{"rendered":"https:\/\/marktxxl.de\/markt\/produkt\/mini-kamera-4k-hd-wlan-mini-ueberwachungskamera-innen-mini-kamera-live-uebertragung-handy-app-fuer-micro-camera-indoor-mit-akku-kompakte-kleine-sicherheitskamera-mit-bewegungsmelder-nachtsicht\/"},"modified":"2023-04-11T05:35:48","modified_gmt":"2023-04-11T03:35:48","slug":"mini-kamera-4k-hd-wlan-mini-ueberwachungskamera-innen-mini-kamera-live-uebertragung-handy-app-fuer-micro-camera-indoor-mit-akku-kompakte-kleine-sicherheitskamera-mit-bewegungsmelder-nachtsicht","status":"publish","type":"product","link":"https:\/\/marktxxl.de\/markt\/produkt\/mini-kamera-4k-hd-wlan-mini-ueberwachungskamera-innen-mini-kamera-live-uebertragung-handy-app-fuer-micro-camera-indoor-mit-akku-kompakte-kleine-sicherheitskamera-mit-bewegungsmelder-nachtsicht\/","title":{"rendered":"Mini Kamera, 4K HD WLAN Mini \u00dcberwachungskamera Innen Mini Kamera Live \u00dcbertragung Handy APP F\u00fcr Micro Camera Indoor Mit\u2026"},"content":{"rendered":"<p>[Kleinste Gr\u00f6\u00dfe, um eine fantastische mini kamera zu sein] Dies ist die mini kamera der Welt f\u00fcr die Sicherheit zu Hause. Die K\u00f6rpergr\u00f6\u00dfe von nur 1,5 &#8220;und magnetisch, kann sie an allen m\u00f6glichen Orten anbringen. Wie Babyzimmer, Wohnzimmer, Haust\u00fcr , Auto usw. Nicht leicht zu erkennen und zu zerst\u00f6ren.Die mini kamera ist sehr praktisch und sorgt f\u00fcr Sicherheit.Sie ist mit einer Halterung ausgestattet, die den Aufnahmewinkel drehen und einstellen kann.<br \/>\n[Smarte Detektion mit Detektionszonen] Kamera verf\u00fcgt \u00fcber neuesten Bewegungsdetektionsalgorithmus und einen Chip der j\u00fcngsten Generation, kann intelligenter als \u00e4ltere Modelle Fehlalarme herausfiltern. Empfindlichkeit anpassbar. Dank Detektionszonen nur wichtige Bereiche \u00fcberwachen, Zonen herausnehmen, die keine relevanten Bewegungen enthalten und Fehlalarme effizient vermeiden. Nach Alarmausl\u00f6sung sendet die Mini Kamera Wlan in Echtzeit eine Benachrichtigung ans Handy.<br \/>\n[ 4K HD-Bildqualit\u00e4t bei Tag und Nacht] Im Vergleich zu anderen Kameras, die rote oder violette Bilder anzeigen, wird Sie die Klarbildfunktion unserer Mini-\u00dcberwachungskamera mit Sicherheit beeindrucken, sodass Sie sich keine Sorgen machen m\u00fcssen Videofarbe mehr!Die Mini-\u00dcberwachungskamera in 4K-Qualit\u00e4t zum Spionieren ist perfekt f\u00fcr Ihr Zuhause oder B\u00fcro, Sie k\u00f6nnen im Dunkeln alles klar sehen.<br \/>\n[Einfach zu bedienen und zu platzieren] Kameraeinrichtung in 1 Minute, nur QR-Code auf dem Handy scannen lassen. Keine technischen Vorkenntnisse erforderlich. Nach der Einrichtung Live-Video und Aufnahmen von zuhause oder unterwegs \u00fcber WLAN\/3G\/4G ansehen, einfach und intuitiv. Dank kleiner Ma\u00dfe und magnetischer R\u00fcckseite \u00fcberall anbringbar auf metallenen M\u00f6belteilen, K\u00fchlschrankt\u00fcr, in Pflanzen oder an der Wand. Eine magnetische Halterung ist enthalten f\u00fcr Decken- und Wandinstallation.<br \/>\n[Eingebauter Hohe Kapazit\u00e4t 800mAh-Akku ] F\u00fcr Dauerbetrieb verbinden Sie die Kamera \u00fcber ein USB-Netzteil. Dank eingebautem 800mAh-Akku kann die mini \u00fcberwachungskamera ohne externe Stromversorgung bis zu 120 Minuten aufnehmen. Betrieb \u00fcber Powerbank m\u00f6glich (10.000mAh ausreichend f\u00fcr ca. 24, 20.000mAh f\u00fcr ca. 48 Stunden). Aufnahmen w\u00e4hrend Ladevorgangs m\u00f6glich (USB-Kabel enthalten, USB-Netzteil nicht enthalten).<br \/>\n<div class=\"main-cross-sell\" data-asin=\"B0BVMBDB92\">\n\n\t<div class=\"WooZone-cross-sell-loader\">\n\t\t<div>\n\t\t\t<div id=\"floatingBarsG\">\n\t\t\t\t<div class=\"blockG\" id=\"rotateG_01\"><\/div>\n\t\t\t\t<div class=\"blockG\" id=\"rotateG_02\"><\/div>\n\t\t\t\t<div class=\"blockG\" id=\"rotateG_03\"><\/div>\n\t\t\t\t<div class=\"blockG\" id=\"rotateG_04\"><\/div>\n\t\t\t\t<div class=\"blockG\" id=\"rotateG_05\"><\/div>\n\t\t\t\t<div class=\"blockG\" id=\"rotateG_06\"><\/div>\n\t\t\t\t<div class=\"blockG\" id=\"rotateG_07\"><\/div>\n\t\t\t\t<div class=\"blockG\" id=\"rotateG_08\"><\/div>\n\t\t\t<\/div>\n\t\t\t<div class=\"WooZone-cross-sell-loader-text\"><\/div>\n\t\t<\/div>\n\t<\/div>\n\n\t\t\n<\/div>\n<div style=\"clear:both;\"><\/div><\/p>\n","protected":false},"excerpt":{"rendered":"<p>[Kleinste Gr\u00f6\u00dfe, um eine fantastische mini kamera zu sein] Dies ist die mini kamera der Welt f\u00fcr die Sicherheit zu Hause. Die K\u00f6rpergr\u00f6\u00dfe von nur 1,5 &#8220;und magnetisch, kann sie an allen m\u00f6glichen Orten anbringen. Wie Babyzimmer, Wohnzimmer, Haust\u00fcr , Auto usw. Nicht leicht zu erkennen und zu zerst\u00f6ren.Die mini kamera ist sehr praktisch und sorgt f\u00fcr Sicherheit.Sie ist mit einer Halterung ausgestattet, die den Aufnahmewinkel drehen und einstellen kann.<br \/>\n[Smarte Detektion mit Detektionszonen] Kamera verf\u00fcgt \u00fcber neuesten Bewegungsdetektionsalgorithmus und einen Chip der j\u00fcngsten Generation, kann intelligenter als \u00e4ltere Modelle Fehlalarme herausfiltern. Empfindlichkeit anpassbar. Dank Detektionszonen nur wichtige Bereiche \u00fcberwachen, Zonen herausnehmen, die keine relevanten Bewegungen enthalten und Fehlalarme effizient vermeiden. Nach Alarmausl\u00f6sung sendet die Mini Kamera Wlan in Echtzeit eine Benachrichtigung ans Handy.<br \/>\n[ 4K HD-Bildqualit\u00e4t bei Tag und Nacht] Im Vergleich zu anderen Kameras, die rote oder violette Bilder anzeigen, wird Sie die Klarbildfunktion unserer Mini-\u00dcberwachungskamera mit Sicherheit beeindrucken, sodass Sie sich keine Sorgen machen m\u00fcssen Videofarbe mehr!Die Mini-\u00dcberwachungskamera in 4K-Qualit\u00e4t zum Spionieren ist perfekt f\u00fcr Ihr Zuhause oder B\u00fcro, Sie k\u00f6nnen im Dunkeln alles klar sehen.<\/p>\n","protected":false},"featured_media":198339,"comment_status":"open","ping_status":"closed","template":"","meta":[],"product_brand":[],"product_cat":[1983,11380],"product_tag":[],"class_list":{"0":"post-198338","1":"product","2":"type-product","3":"status-publish","4":"has-post-thumbnail","6":"product_cat-baumarkt","7":"product_cat-sicherheitstechnik","8":"pa_brand-glxertvz","9":"pa_color-schwarz","10":"pa_manufacturer-glxertvz","12":"first","13":"instock","14":"shipping-taxable","15":"purchasable","16":"product-type-simple","17":"customify-col","18":"product-has-gallery"},"yoast_head":"<!-- This site is optimized with the Yoast SEO plugin v27.4 - https:\/\/yoast.com\/product\/yoast-seo-wordpress\/ -->\n<title>Mini Kamera, 4K HD WLAN Mini \u00dcberwachungskamera Innen Mini Kamera Live \u00dcbertragung Handy APP F\u00fcr Micro Camera Indoor Mit\u2026 - Markt-XXL<\/title>\n<meta name=\"description\" content=\"Markt-XXL Mini Kamera, 4K HD WLAN Mini \u00dcberwachungskamera Innen Mini Kamera Live \u00dcbertragung Handy APP F\u00fcr Micro Camera Indoor Mit\u2026\" \/>\n<meta name=\"robots\" content=\"index, follow, max-snippet:-1, max-image-preview:large, max-video-preview:-1\" \/>\n<link rel=\"canonical\" href=\"https:\/\/marktxxl.de\/markt\/produkt\/mini-kamera-4k-hd-wlan-mini-ueberwachungskamera-innen-mini-kamera-live-uebertragung-handy-app-fuer-micro-camera-indoor-mit-akku-kompakte-kleine-sicherheitskamera-mit-bewegungsmelder-nachtsicht\/\" \/>\n<meta property=\"og:locale\" content=\"de_DE\" \/>\n<meta property=\"og:type\" content=\"article\" \/>\n<meta property=\"og:title\" content=\"Mini Kamera, 4K HD WLAN Mini \u00dcberwachungskamera Innen Mini Kamera Live \u00dcbertragung Handy APP F\u00fcr Micro Camera Indoor Mit\u2026 - Markt-XXL\" \/>\n<meta property=\"og:description\" content=\"Markt-XXL Mini Kamera, 4K HD WLAN Mini \u00dcberwachungskamera Innen Mini Kamera Live \u00dcbertragung Handy APP F\u00fcr Micro Camera Indoor Mit\u2026\" \/>\n<meta property=\"og:url\" content=\"https:\/\/marktxxl.de\/markt\/produkt\/mini-kamera-4k-hd-wlan-mini-ueberwachungskamera-innen-mini-kamera-live-uebertragung-handy-app-fuer-micro-camera-indoor-mit-akku-kompakte-kleine-sicherheitskamera-mit-bewegungsmelder-nachtsicht\/\" \/>\n<meta property=\"og:site_name\" content=\"Markt-XXL\" \/>\n<meta property=\"article:modified_time\" content=\"2023-04-11T03:35:48+00:00\" \/>\n<meta property=\"og:image\" content=\"https:\/\/m.media-amazon.com\/images\/I\/41LANUDpa8L._SL500_.jpg\" \/>\n\t<meta property=\"og:image:width\" content=\"500\" \/>\n\t<meta property=\"og:image:height\" content=\"500\" \/>\n\t<meta property=\"og:image:type\" content=\"image\/jpeg\" \/>\n<meta name=\"twitter:card\" content=\"summary_large_image\" \/>\n<meta name=\"twitter:label1\" content=\"Gesch\u00e4tzte Lesezeit\" \/>\n\t<meta name=\"twitter:data1\" content=\"2\u00a0Minuten\" \/>\n<script type=\"application\/ld+json\" class=\"yoast-schema-graph\">{\"@context\":\"https:\\\/\\\/schema.org\",\"@graph\":[{\"@type\":\"WebPage\",\"@id\":\"https:\\\/\\\/marktxxl.de\\\/markt\\\/produkt\\\/mini-kamera-4k-hd-wlan-mini-ueberwachungskamera-innen-mini-kamera-live-uebertragung-handy-app-fuer-micro-camera-indoor-mit-akku-kompakte-kleine-sicherheitskamera-mit-bewegungsmelder-nachtsicht\\\/\",\"url\":\"https:\\\/\\\/marktxxl.de\\\/markt\\\/produkt\\\/mini-kamera-4k-hd-wlan-mini-ueberwachungskamera-innen-mini-kamera-live-uebertragung-handy-app-fuer-micro-camera-indoor-mit-akku-kompakte-kleine-sicherheitskamera-mit-bewegungsmelder-nachtsicht\\\/\",\"name\":\"Mini Kamera, 4K HD WLAN Mini \u00dcberwachungskamera Innen Mini Kamera Live \u00dcbertragung Handy APP F\u00fcr Micro Camera Indoor Mit\u2026 - Markt-XXL\",\"isPartOf\":{\"@id\":\"https:\\\/\\\/marktxxl.de\\\/markt\\\/#website\"},\"primaryImageOfPage\":{\"@id\":\"https:\\\/\\\/marktxxl.de\\\/markt\\\/produkt\\\/mini-kamera-4k-hd-wlan-mini-ueberwachungskamera-innen-mini-kamera-live-uebertragung-handy-app-fuer-micro-camera-indoor-mit-akku-kompakte-kleine-sicherheitskamera-mit-bewegungsmelder-nachtsicht\\\/#primaryimage\"},\"image\":{\"@id\":\"https:\\\/\\\/marktxxl.de\\\/markt\\\/produkt\\\/mini-kamera-4k-hd-wlan-mini-ueberwachungskamera-innen-mini-kamera-live-uebertragung-handy-app-fuer-micro-camera-indoor-mit-akku-kompakte-kleine-sicherheitskamera-mit-bewegungsmelder-nachtsicht\\\/#primaryimage\"},\"thumbnailUrl\":\"https:\\\/\\\/m.media-amazon.com\\\/images\\\/I\\\/41LANUDpa8L._SL500_.jpg\",\"datePublished\":\"2023-04-10T00:22:59+00:00\",\"dateModified\":\"2023-04-11T03:35:48+00:00\",\"description\":\"Markt-XXL Mini Kamera, 4K HD WLAN Mini \u00dcberwachungskamera Innen Mini Kamera Live \u00dcbertragung Handy APP F\u00fcr Micro Camera Indoor Mit\u2026\",\"breadcrumb\":{\"@id\":\"https:\\\/\\\/marktxxl.de\\\/markt\\\/produkt\\\/mini-kamera-4k-hd-wlan-mini-ueberwachungskamera-innen-mini-kamera-live-uebertragung-handy-app-fuer-micro-camera-indoor-mit-akku-kompakte-kleine-sicherheitskamera-mit-bewegungsmelder-nachtsicht\\\/#breadcrumb\"},\"inLanguage\":\"de\",\"potentialAction\":[{\"@type\":\"ReadAction\",\"target\":[\"https:\\\/\\\/marktxxl.de\\\/markt\\\/produkt\\\/mini-kamera-4k-hd-wlan-mini-ueberwachungskamera-innen-mini-kamera-live-uebertragung-handy-app-fuer-micro-camera-indoor-mit-akku-kompakte-kleine-sicherheitskamera-mit-bewegungsmelder-nachtsicht\\\/\"]}]},{\"@type\":\"ImageObject\",\"inLanguage\":\"de\",\"@id\":\"https:\\\/\\\/marktxxl.de\\\/markt\\\/produkt\\\/mini-kamera-4k-hd-wlan-mini-ueberwachungskamera-innen-mini-kamera-live-uebertragung-handy-app-fuer-micro-camera-indoor-mit-akku-kompakte-kleine-sicherheitskamera-mit-bewegungsmelder-nachtsicht\\\/#primaryimage\",\"url\":\"https:\\\/\\\/m.media-amazon.com\\\/images\\\/I\\\/41LANUDpa8L._SL500_.jpg\",\"contentUrl\":\"https:\\\/\\\/m.media-amazon.com\\\/images\\\/I\\\/41LANUDpa8L._SL500_.jpg\",\"width\":500,\"height\":500},{\"@type\":\"BreadcrumbList\",\"@id\":\"https:\\\/\\\/marktxxl.de\\\/markt\\\/produkt\\\/mini-kamera-4k-hd-wlan-mini-ueberwachungskamera-innen-mini-kamera-live-uebertragung-handy-app-fuer-micro-camera-indoor-mit-akku-kompakte-kleine-sicherheitskamera-mit-bewegungsmelder-nachtsicht\\\/#breadcrumb\",\"itemListElement\":[{\"@type\":\"ListItem\",\"position\":1,\"name\":\"Startseite\",\"item\":\"https:\\\/\\\/marktxxl.de\\\/markt\\\/\"},{\"@type\":\"ListItem\",\"position\":2,\"name\":\"Markt\",\"item\":\"https:\\\/\\\/marktxxl.de\\\/markt\\\/\"},{\"@type\":\"ListItem\",\"position\":3,\"name\":\"Mini Kamera, 4K HD WLAN Mini \u00dcberwachungskamera Innen Mini Kamera Live \u00dcbertragung Handy APP F\u00fcr Micro Camera Indoor Mit\u2026\"}]},{\"@type\":\"WebSite\",\"@id\":\"https:\\\/\\\/marktxxl.de\\\/markt\\\/#website\",\"url\":\"https:\\\/\\\/marktxxl.de\\\/markt\\\/\",\"name\":\"Markt-XXL\",\"description\":\"Ihr Markt Online\",\"publisher\":{\"@id\":\"https:\\\/\\\/marktxxl.de\\\/markt\\\/#organization\"},\"potentialAction\":[{\"@type\":\"SearchAction\",\"target\":{\"@type\":\"EntryPoint\",\"urlTemplate\":\"https:\\\/\\\/marktxxl.de\\\/markt\\\/?s={search_term_string}\"},\"query-input\":{\"@type\":\"PropertyValueSpecification\",\"valueRequired\":true,\"valueName\":\"search_term_string\"}}],\"inLanguage\":\"de\"},{\"@type\":\"Organization\",\"@id\":\"https:\\\/\\\/marktxxl.de\\\/markt\\\/#organization\",\"name\":\"Markt-XXL\",\"url\":\"https:\\\/\\\/marktxxl.de\\\/markt\\\/\",\"logo\":{\"@type\":\"ImageObject\",\"inLanguage\":\"de\",\"@id\":\"https:\\\/\\\/marktxxl.de\\\/markt\\\/#\\\/schema\\\/logo\\\/image\\\/\",\"url\":\"https:\\\/\\\/marktxxl.de\\\/markt\\\/wp-content\\\/uploads\\\/sites\\\/3\\\/2020\\\/12\\\/logo.png\",\"contentUrl\":\"https:\\\/\\\/marktxxl.de\\\/markt\\\/wp-content\\\/uploads\\\/sites\\\/3\\\/2020\\\/12\\\/logo.png\",\"width\":200,\"height\":70,\"caption\":\"Markt-XXL\"},\"image\":{\"@id\":\"https:\\\/\\\/marktxxl.de\\\/markt\\\/#\\\/schema\\\/logo\\\/image\\\/\"}}]}<\/script>\n<!-- \/ Yoast SEO plugin. -->","yoast_head_json":{"title":"Mini Kamera, 4K HD WLAN Mini \u00dcberwachungskamera Innen Mini Kamera Live \u00dcbertragung Handy APP F\u00fcr Micro Camera Indoor Mit\u2026 - Markt-XXL","description":"Markt-XXL Mini Kamera, 4K HD WLAN Mini \u00dcberwachungskamera Innen Mini Kamera Live \u00dcbertragung Handy APP F\u00fcr Micro Camera Indoor Mit\u2026","robots":{"index":"index","follow":"follow","max-snippet":"max-snippet:-1","max-image-preview":"max-image-preview:large","max-video-preview":"max-video-preview:-1"},"canonical":"https:\/\/marktxxl.de\/markt\/produkt\/mini-kamera-4k-hd-wlan-mini-ueberwachungskamera-innen-mini-kamera-live-uebertragung-handy-app-fuer-micro-camera-indoor-mit-akku-kompakte-kleine-sicherheitskamera-mit-bewegungsmelder-nachtsicht\/","og_locale":"de_DE","og_type":"article","og_title":"Mini Kamera, 4K HD WLAN Mini \u00dcberwachungskamera Innen Mini Kamera Live \u00dcbertragung Handy APP F\u00fcr Micro Camera Indoor Mit\u2026 - Markt-XXL","og_description":"Markt-XXL Mini Kamera, 4K HD WLAN Mini \u00dcberwachungskamera Innen Mini Kamera Live \u00dcbertragung Handy APP F\u00fcr Micro Camera Indoor Mit\u2026","og_url":"https:\/\/marktxxl.de\/markt\/produkt\/mini-kamera-4k-hd-wlan-mini-ueberwachungskamera-innen-mini-kamera-live-uebertragung-handy-app-fuer-micro-camera-indoor-mit-akku-kompakte-kleine-sicherheitskamera-mit-bewegungsmelder-nachtsicht\/","og_site_name":"Markt-XXL","article_modified_time":"2023-04-11T03:35:48+00:00","og_image":[{"width":500,"height":500,"url":"https:\/\/m.media-amazon.com\/images\/I\/41LANUDpa8L._SL500_.jpg","type":"image\/jpeg"}],"twitter_card":"summary_large_image","twitter_misc":{"Gesch\u00e4tzte Lesezeit":"2\u00a0Minuten"},"schema":{"@context":"https:\/\/schema.org","@graph":[{"@type":"WebPage","@id":"https:\/\/marktxxl.de\/markt\/produkt\/mini-kamera-4k-hd-wlan-mini-ueberwachungskamera-innen-mini-kamera-live-uebertragung-handy-app-fuer-micro-camera-indoor-mit-akku-kompakte-kleine-sicherheitskamera-mit-bewegungsmelder-nachtsicht\/","url":"https:\/\/marktxxl.de\/markt\/produkt\/mini-kamera-4k-hd-wlan-mini-ueberwachungskamera-innen-mini-kamera-live-uebertragung-handy-app-fuer-micro-camera-indoor-mit-akku-kompakte-kleine-sicherheitskamera-mit-bewegungsmelder-nachtsicht\/","name":"Mini Kamera, 4K HD WLAN Mini \u00dcberwachungskamera Innen Mini Kamera Live \u00dcbertragung Handy APP F\u00fcr Micro Camera Indoor Mit\u2026 - Markt-XXL","isPartOf":{"@id":"https:\/\/marktxxl.de\/markt\/#website"},"primaryImageOfPage":{"@id":"https:\/\/marktxxl.de\/markt\/produkt\/mini-kamera-4k-hd-wlan-mini-ueberwachungskamera-innen-mini-kamera-live-uebertragung-handy-app-fuer-micro-camera-indoor-mit-akku-kompakte-kleine-sicherheitskamera-mit-bewegungsmelder-nachtsicht\/#primaryimage"},"image":{"@id":"https:\/\/marktxxl.de\/markt\/produkt\/mini-kamera-4k-hd-wlan-mini-ueberwachungskamera-innen-mini-kamera-live-uebertragung-handy-app-fuer-micro-camera-indoor-mit-akku-kompakte-kleine-sicherheitskamera-mit-bewegungsmelder-nachtsicht\/#primaryimage"},"thumbnailUrl":"https:\/\/m.media-amazon.com\/images\/I\/41LANUDpa8L._SL500_.jpg","datePublished":"2023-04-10T00:22:59+00:00","dateModified":"2023-04-11T03:35:48+00:00","description":"Markt-XXL Mini Kamera, 4K HD WLAN Mini \u00dcberwachungskamera Innen Mini Kamera Live \u00dcbertragung Handy APP F\u00fcr Micro Camera Indoor Mit\u2026","breadcrumb":{"@id":"https:\/\/marktxxl.de\/markt\/produkt\/mini-kamera-4k-hd-wlan-mini-ueberwachungskamera-innen-mini-kamera-live-uebertragung-handy-app-fuer-micro-camera-indoor-mit-akku-kompakte-kleine-sicherheitskamera-mit-bewegungsmelder-nachtsicht\/#breadcrumb"},"inLanguage":"de","potentialAction":[{"@type":"ReadAction","target":["https:\/\/marktxxl.de\/markt\/produkt\/mini-kamera-4k-hd-wlan-mini-ueberwachungskamera-innen-mini-kamera-live-uebertragung-handy-app-fuer-micro-camera-indoor-mit-akku-kompakte-kleine-sicherheitskamera-mit-bewegungsmelder-nachtsicht\/"]}]},{"@type":"ImageObject","inLanguage":"de","@id":"https:\/\/marktxxl.de\/markt\/produkt\/mini-kamera-4k-hd-wlan-mini-ueberwachungskamera-innen-mini-kamera-live-uebertragung-handy-app-fuer-micro-camera-indoor-mit-akku-kompakte-kleine-sicherheitskamera-mit-bewegungsmelder-nachtsicht\/#primaryimage","url":"https:\/\/m.media-amazon.com\/images\/I\/41LANUDpa8L._SL500_.jpg","contentUrl":"https:\/\/m.media-amazon.com\/images\/I\/41LANUDpa8L._SL500_.jpg","width":500,"height":500},{"@type":"BreadcrumbList","@id":"https:\/\/marktxxl.de\/markt\/produkt\/mini-kamera-4k-hd-wlan-mini-ueberwachungskamera-innen-mini-kamera-live-uebertragung-handy-app-fuer-micro-camera-indoor-mit-akku-kompakte-kleine-sicherheitskamera-mit-bewegungsmelder-nachtsicht\/#breadcrumb","itemListElement":[{"@type":"ListItem","position":1,"name":"Startseite","item":"https:\/\/marktxxl.de\/markt\/"},{"@type":"ListItem","position":2,"name":"Markt","item":"https:\/\/marktxxl.de\/markt\/"},{"@type":"ListItem","position":3,"name":"Mini Kamera, 4K HD WLAN Mini \u00dcberwachungskamera Innen Mini Kamera Live \u00dcbertragung Handy APP F\u00fcr Micro Camera Indoor Mit\u2026"}]},{"@type":"WebSite","@id":"https:\/\/marktxxl.de\/markt\/#website","url":"https:\/\/marktxxl.de\/markt\/","name":"Markt-XXL","description":"Ihr Markt Online","publisher":{"@id":"https:\/\/marktxxl.de\/markt\/#organization"},"potentialAction":[{"@type":"SearchAction","target":{"@type":"EntryPoint","urlTemplate":"https:\/\/marktxxl.de\/markt\/?s={search_term_string}"},"query-input":{"@type":"PropertyValueSpecification","valueRequired":true,"valueName":"search_term_string"}}],"inLanguage":"de"},{"@type":"Organization","@id":"https:\/\/marktxxl.de\/markt\/#organization","name":"Markt-XXL","url":"https:\/\/marktxxl.de\/markt\/","logo":{"@type":"ImageObject","inLanguage":"de","@id":"https:\/\/marktxxl.de\/markt\/#\/schema\/logo\/image\/","url":"https:\/\/marktxxl.de\/markt\/wp-content\/uploads\/sites\/3\/2020\/12\/logo.png","contentUrl":"https:\/\/marktxxl.de\/markt\/wp-content\/uploads\/sites\/3\/2020\/12\/logo.png","width":200,"height":70,"caption":"Markt-XXL"},"image":{"@id":"https:\/\/marktxxl.de\/markt\/#\/schema\/logo\/image\/"}}]}},"_links":{"self":[{"href":"https:\/\/marktxxl.de\/markt\/wp-json\/wp\/v2\/product\/198338","targetHints":{"allow":["GET"]}}],"collection":[{"href":"https:\/\/marktxxl.de\/markt\/wp-json\/wp\/v2\/product"}],"about":[{"href":"https:\/\/marktxxl.de\/markt\/wp-json\/wp\/v2\/types\/product"}],"replies":[{"embeddable":true,"href":"https:\/\/marktxxl.de\/markt\/wp-json\/wp\/v2\/comments?post=198338"}],"wp:featuredmedia":[{"embeddable":true,"href":"https:\/\/marktxxl.de\/markt\/wp-json\/wp\/v2\/media\/198339"}],"wp:attachment":[{"href":"https:\/\/marktxxl.de\/markt\/wp-json\/wp\/v2\/media?parent=198338"}],"wp:term":[{"taxonomy":"product_brand","embeddable":true,"href":"https:\/\/marktxxl.de\/markt\/wp-json\/wp\/v2\/product_brand?post=198338"},{"taxonomy":"product_cat","embeddable":true,"href":"https:\/\/marktxxl.de\/markt\/wp-json\/wp\/v2\/product_cat?post=198338"},{"taxonomy":"product_tag","embeddable":true,"href":"https:\/\/marktxxl.de\/markt\/wp-json\/wp\/v2\/product_tag?post=198338"}],"curies":[{"name":"wp","href":"https:\/\/api.w.org\/{rel}","templated":true}]}}