{"id":198228,"date":"2023-04-10T01:55:49","date_gmt":"2023-04-09T23:55:49","guid":{"rendered":"https:\/\/marktxxl.de\/markt\/produkt\/brennenstuhl-premium-alu-line-steckdosenleiste-16-fach-mehrfachsteckdose-aus-hochwertigem-aluminium-mit-2-schaltern-fuer-je-8-steckdosen-und-3m-kabel-made-in-germany\/"},"modified":"2023-04-10T01:55:49","modified_gmt":"2023-04-09T23:55:49","slug":"brennenstuhl-premium-alu-line-steckdosenleiste-16-fach-mehrfachsteckdose-aus-hochwertigem-aluminium-mit-2-schaltern-fuer-je-8-steckdosen-und-3m-kabel-made-in-germany","status":"publish","type":"product","link":"https:\/\/marktxxl.de\/markt\/produkt\/brennenstuhl-premium-alu-line-steckdosenleiste-16-fach-mehrfachsteckdose-aus-hochwertigem-aluminium-mit-2-schaltern-fuer-je-8-steckdosen-und-3m-kabel-made-in-germany\/","title":{"rendered":"Brennenstuhl Premium-Alu-Line, Steckdosenleiste 16-Fach &#8211; Mehrfachsteckdose aus hochwertigem Aluminium (mit 2 Schaltern f\u00fcr je 8 Steckdosen und 3m Kabel, Made in Germany)"},"content":{"rendered":"<p>16-voudig Schutzkontakt-Steckdosenleiste mit 3m Kabell\u00e4nge H05VV-F 3G1,5<br \/>\nSteckerleiste eignet sich ideal f\u00fcr B\u00fcro, Industrie, Handwerk, Privat um PC, Drucker, Modem, usw. anzuschlie\u00dfen<br \/>\nSteckdosenleiste in formsch\u00f6nem, zeitlosem, stabilem Geh\u00e4use aus Aluminium mit unempfindlicher, matt eloxierter Oberfl\u00e4che &#8211; extra robust<br \/>\nMit zwei beleuchteten Sicherheitsschaltern zum Ein- und Ausschalten (zweipolig)<br \/>\nLieferumfang: 1 x Premium-Alu-Line Steckdosenleiste in der Farbe silber\/schwarz &#8211; in bester Qualit\u00e4t von brennenstuhl<br \/>\nDie Steckdosenleiste mit zweipoligem Schalter bietet den Vorteil, dass der Stromkreislauf vollst\u00e4ndig unterbrochen und auf den Standby-Modus verzichtet wird \u2013 reduzieren Sie Ihren Energieverbrauch sp\u00fcrbar<br \/>\n<div class=\"main-cross-sell\" data-asin=\"B0757MTQNL\">\n\n\t<div class=\"WooZone-cross-sell-loader\">\n\t\t<div>\n\t\t\t<div id=\"floatingBarsG\">\n\t\t\t\t<div class=\"blockG\" id=\"rotateG_01\"><\/div>\n\t\t\t\t<div class=\"blockG\" id=\"rotateG_02\"><\/div>\n\t\t\t\t<div class=\"blockG\" id=\"rotateG_03\"><\/div>\n\t\t\t\t<div class=\"blockG\" id=\"rotateG_04\"><\/div>\n\t\t\t\t<div class=\"blockG\" id=\"rotateG_05\"><\/div>\n\t\t\t\t<div class=\"blockG\" id=\"rotateG_06\"><\/div>\n\t\t\t\t<div class=\"blockG\" id=\"rotateG_07\"><\/div>\n\t\t\t\t<div class=\"blockG\" id=\"rotateG_08\"><\/div>\n\t\t\t<\/div>\n\t\t\t<div class=\"WooZone-cross-sell-loader-text\"><\/div>\n\t\t<\/div>\n\t<\/div>\n\n\t\t\n<\/div>\n<div style=\"clear:both;\"><\/div><\/p>\n","protected":false},"excerpt":{"rendered":"<p>16-voudig Schutzkontakt-Steckdosenleiste mit 3m Kabell\u00e4nge H05VV-F 3G1,5<br \/>\nSteckerleiste eignet sich ideal f\u00fcr B\u00fcro, Industrie, Handwerk, Privat um PC, Drucker, Modem, usw. anzuschlie\u00dfen<br \/>\nSteckdosenleiste in formsch\u00f6nem, zeitlosem, stabilem Geh\u00e4use aus Aluminium mit unempfindlicher, matt eloxierter Oberfl\u00e4che &#8211; extra robust<\/p>\n","protected":false},"featured_media":198229,"comment_status":"open","ping_status":"closed","template":"","meta":[],"product_brand":[],"product_cat":[1983,11009],"product_tag":[],"class_list":{"0":"post-198228","1":"product","2":"type-product","3":"status-publish","4":"has-post-thumbnail","6":"product_cat-baumarkt","7":"product_cat-elektroinstallation","8":"pa_binding-elektronik","9":"pa_brand-brennenstuhl","10":"pa_color-schwarz-silber","11":"pa_height-1-7716535415-zoll","12":"pa_length-20-2755905305-zoll","13":"pa_manufacturer-brennenstuhl","14":"pa_model-50667","15":"pa_size-2x-8-fach","16":"pa_warranty-10-jahres-garantie","17":"pa_weight-3-72140298256-pfund","18":"pa_width-5-905511805-zoll","20":"first","21":"instock","22":"shipping-taxable","23":"purchasable","24":"product-type-simple","25":"customify-col","26":"product-has-gallery"},"yoast_head":"<!-- This site is optimized with the Yoast SEO plugin v27.3 - https:\/\/yoast.com\/product\/yoast-seo-wordpress\/ -->\n<title>Brennenstuhl Premium-Alu-Line, Steckdosenleiste 16-Fach - Mehrfachsteckdose aus hochwertigem Aluminium (mit 2 Schaltern f\u00fcr je 8 Steckdosen und 3m Kabel, Made in Germany) - Markt-XXL<\/title>\n<meta name=\"description\" content=\"Markt-XXL Brennenstuhl Premium-Alu-Line, Steckdosenleiste 16-Fach - Mehrfachsteckdose aus hochwertigem Aluminium (mit 2 Schaltern f\u00fcr je 8 Steckdosen und 3m Kabel, Made in Germany)\" \/>\n<meta name=\"robots\" content=\"index, follow, max-snippet:-1, max-image-preview:large, max-video-preview:-1\" \/>\n<link rel=\"canonical\" href=\"https:\/\/marktxxl.de\/markt\/produkt\/brennenstuhl-premium-alu-line-steckdosenleiste-16-fach-mehrfachsteckdose-aus-hochwertigem-aluminium-mit-2-schaltern-fuer-je-8-steckdosen-und-3m-kabel-made-in-germany\/\" \/>\n<meta property=\"og:locale\" content=\"de_DE\" \/>\n<meta property=\"og:type\" content=\"article\" \/>\n<meta property=\"og:title\" content=\"Brennenstuhl Premium-Alu-Line, Steckdosenleiste 16-Fach - Mehrfachsteckdose aus hochwertigem Aluminium (mit 2 Schaltern f\u00fcr je 8 Steckdosen und 3m Kabel, Made in Germany) - Markt-XXL\" \/>\n<meta property=\"og:description\" content=\"Markt-XXL Brennenstuhl Premium-Alu-Line, Steckdosenleiste 16-Fach - Mehrfachsteckdose aus hochwertigem Aluminium (mit 2 Schaltern f\u00fcr je 8 Steckdosen und 3m Kabel, Made in Germany)\" \/>\n<meta property=\"og:url\" content=\"https:\/\/marktxxl.de\/markt\/produkt\/brennenstuhl-premium-alu-line-steckdosenleiste-16-fach-mehrfachsteckdose-aus-hochwertigem-aluminium-mit-2-schaltern-fuer-je-8-steckdosen-und-3m-kabel-made-in-germany\/\" \/>\n<meta property=\"og:site_name\" content=\"Markt-XXL\" \/>\n<meta name=\"twitter:card\" content=\"summary_large_image\" \/>\n<meta name=\"twitter:label1\" content=\"Gesch\u00e4tzte Lesezeit\" \/>\n\t<meta name=\"twitter:data1\" content=\"1\u00a0Minute\" \/>\n<script type=\"application\/ld+json\" class=\"yoast-schema-graph\">{\"@context\":\"https:\\\/\\\/schema.org\",\"@graph\":[{\"@type\":\"WebPage\",\"@id\":\"https:\\\/\\\/marktxxl.de\\\/markt\\\/produkt\\\/brennenstuhl-premium-alu-line-steckdosenleiste-16-fach-mehrfachsteckdose-aus-hochwertigem-aluminium-mit-2-schaltern-fuer-je-8-steckdosen-und-3m-kabel-made-in-germany\\\/\",\"url\":\"https:\\\/\\\/marktxxl.de\\\/markt\\\/produkt\\\/brennenstuhl-premium-alu-line-steckdosenleiste-16-fach-mehrfachsteckdose-aus-hochwertigem-aluminium-mit-2-schaltern-fuer-je-8-steckdosen-und-3m-kabel-made-in-germany\\\/\",\"name\":\"Brennenstuhl Premium-Alu-Line, Steckdosenleiste 16-Fach - Mehrfachsteckdose aus hochwertigem Aluminium (mit 2 Schaltern f\u00fcr je 8 Steckdosen und 3m Kabel, Made in Germany) - Markt-XXL\",\"isPartOf\":{\"@id\":\"https:\\\/\\\/marktxxl.de\\\/markt\\\/#website\"},\"primaryImageOfPage\":{\"@id\":\"https:\\\/\\\/marktxxl.de\\\/markt\\\/produkt\\\/brennenstuhl-premium-alu-line-steckdosenleiste-16-fach-mehrfachsteckdose-aus-hochwertigem-aluminium-mit-2-schaltern-fuer-je-8-steckdosen-und-3m-kabel-made-in-germany\\\/#primaryimage\"},\"image\":{\"@id\":\"https:\\\/\\\/marktxxl.de\\\/markt\\\/produkt\\\/brennenstuhl-premium-alu-line-steckdosenleiste-16-fach-mehrfachsteckdose-aus-hochwertigem-aluminium-mit-2-schaltern-fuer-je-8-steckdosen-und-3m-kabel-made-in-germany\\\/#primaryimage\"},\"thumbnailUrl\":\"https:\\\/\\\/m.media-amazon.com\\\/images\\\/I\\\/41jHTVT4wiL._SL500_.jpg\",\"datePublished\":\"2023-04-09T23:55:49+00:00\",\"description\":\"Markt-XXL Brennenstuhl Premium-Alu-Line, Steckdosenleiste 16-Fach - Mehrfachsteckdose aus hochwertigem Aluminium (mit 2 Schaltern f\u00fcr je 8 Steckdosen und 3m Kabel, Made in Germany)\",\"breadcrumb\":{\"@id\":\"https:\\\/\\\/marktxxl.de\\\/markt\\\/produkt\\\/brennenstuhl-premium-alu-line-steckdosenleiste-16-fach-mehrfachsteckdose-aus-hochwertigem-aluminium-mit-2-schaltern-fuer-je-8-steckdosen-und-3m-kabel-made-in-germany\\\/#breadcrumb\"},\"inLanguage\":\"de\",\"potentialAction\":[{\"@type\":\"ReadAction\",\"target\":[\"https:\\\/\\\/marktxxl.de\\\/markt\\\/produkt\\\/brennenstuhl-premium-alu-line-steckdosenleiste-16-fach-mehrfachsteckdose-aus-hochwertigem-aluminium-mit-2-schaltern-fuer-je-8-steckdosen-und-3m-kabel-made-in-germany\\\/\"]}]},{\"@type\":\"ImageObject\",\"inLanguage\":\"de\",\"@id\":\"https:\\\/\\\/marktxxl.de\\\/markt\\\/produkt\\\/brennenstuhl-premium-alu-line-steckdosenleiste-16-fach-mehrfachsteckdose-aus-hochwertigem-aluminium-mit-2-schaltern-fuer-je-8-steckdosen-und-3m-kabel-made-in-germany\\\/#primaryimage\",\"url\":\"https:\\\/\\\/m.media-amazon.com\\\/images\\\/I\\\/41jHTVT4wiL._SL500_.jpg\",\"contentUrl\":\"https:\\\/\\\/m.media-amazon.com\\\/images\\\/I\\\/41jHTVT4wiL._SL500_.jpg\",\"width\":458,\"height\":500},{\"@type\":\"BreadcrumbList\",\"@id\":\"https:\\\/\\\/marktxxl.de\\\/markt\\\/produkt\\\/brennenstuhl-premium-alu-line-steckdosenleiste-16-fach-mehrfachsteckdose-aus-hochwertigem-aluminium-mit-2-schaltern-fuer-je-8-steckdosen-und-3m-kabel-made-in-germany\\\/#breadcrumb\",\"itemListElement\":[{\"@type\":\"ListItem\",\"position\":1,\"name\":\"Startseite\",\"item\":\"https:\\\/\\\/marktxxl.de\\\/markt\\\/\"},{\"@type\":\"ListItem\",\"position\":2,\"name\":\"Markt\",\"item\":\"https:\\\/\\\/marktxxl.de\\\/markt\\\/\"},{\"@type\":\"ListItem\",\"position\":3,\"name\":\"Brennenstuhl Premium-Alu-Line, Steckdosenleiste 16-Fach &#8211; Mehrfachsteckdose aus hochwertigem Aluminium (mit 2 Schaltern f\u00fcr je 8 Steckdosen und 3m Kabel, Made in Germany)\"}]},{\"@type\":\"WebSite\",\"@id\":\"https:\\\/\\\/marktxxl.de\\\/markt\\\/#website\",\"url\":\"https:\\\/\\\/marktxxl.de\\\/markt\\\/\",\"name\":\"Markt-XXL\",\"description\":\"Ihr Markt Online\",\"publisher\":{\"@id\":\"https:\\\/\\\/marktxxl.de\\\/markt\\\/#organization\"},\"potentialAction\":[{\"@type\":\"SearchAction\",\"target\":{\"@type\":\"EntryPoint\",\"urlTemplate\":\"https:\\\/\\\/marktxxl.de\\\/markt\\\/?s={search_term_string}\"},\"query-input\":{\"@type\":\"PropertyValueSpecification\",\"valueRequired\":true,\"valueName\":\"search_term_string\"}}],\"inLanguage\":\"de\"},{\"@type\":\"Organization\",\"@id\":\"https:\\\/\\\/marktxxl.de\\\/markt\\\/#organization\",\"name\":\"Markt-XXL\",\"url\":\"https:\\\/\\\/marktxxl.de\\\/markt\\\/\",\"logo\":{\"@type\":\"ImageObject\",\"inLanguage\":\"de\",\"@id\":\"https:\\\/\\\/marktxxl.de\\\/markt\\\/#\\\/schema\\\/logo\\\/image\\\/\",\"url\":\"https:\\\/\\\/marktxxl.de\\\/markt\\\/wp-content\\\/uploads\\\/sites\\\/3\\\/2020\\\/12\\\/logo.png\",\"contentUrl\":\"https:\\\/\\\/marktxxl.de\\\/markt\\\/wp-content\\\/uploads\\\/sites\\\/3\\\/2020\\\/12\\\/logo.png\",\"width\":200,\"height\":70,\"caption\":\"Markt-XXL\"},\"image\":{\"@id\":\"https:\\\/\\\/marktxxl.de\\\/markt\\\/#\\\/schema\\\/logo\\\/image\\\/\"}}]}<\/script>\n<!-- \/ Yoast SEO plugin. -->","yoast_head_json":{"title":"Brennenstuhl Premium-Alu-Line, Steckdosenleiste 16-Fach - Mehrfachsteckdose aus hochwertigem Aluminium (mit 2 Schaltern f\u00fcr je 8 Steckdosen und 3m Kabel, Made in Germany) - Markt-XXL","description":"Markt-XXL Brennenstuhl Premium-Alu-Line, Steckdosenleiste 16-Fach - Mehrfachsteckdose aus hochwertigem Aluminium (mit 2 Schaltern f\u00fcr je 8 Steckdosen und 3m Kabel, Made in Germany)","robots":{"index":"index","follow":"follow","max-snippet":"max-snippet:-1","max-image-preview":"max-image-preview:large","max-video-preview":"max-video-preview:-1"},"canonical":"https:\/\/marktxxl.de\/markt\/produkt\/brennenstuhl-premium-alu-line-steckdosenleiste-16-fach-mehrfachsteckdose-aus-hochwertigem-aluminium-mit-2-schaltern-fuer-je-8-steckdosen-und-3m-kabel-made-in-germany\/","og_locale":"de_DE","og_type":"article","og_title":"Brennenstuhl Premium-Alu-Line, Steckdosenleiste 16-Fach - Mehrfachsteckdose aus hochwertigem Aluminium (mit 2 Schaltern f\u00fcr je 8 Steckdosen und 3m Kabel, Made in Germany) - Markt-XXL","og_description":"Markt-XXL Brennenstuhl Premium-Alu-Line, Steckdosenleiste 16-Fach - Mehrfachsteckdose aus hochwertigem Aluminium (mit 2 Schaltern f\u00fcr je 8 Steckdosen und 3m Kabel, Made in Germany)","og_url":"https:\/\/marktxxl.de\/markt\/produkt\/brennenstuhl-premium-alu-line-steckdosenleiste-16-fach-mehrfachsteckdose-aus-hochwertigem-aluminium-mit-2-schaltern-fuer-je-8-steckdosen-und-3m-kabel-made-in-germany\/","og_site_name":"Markt-XXL","twitter_card":"summary_large_image","twitter_misc":{"Gesch\u00e4tzte Lesezeit":"1\u00a0Minute"},"schema":{"@context":"https:\/\/schema.org","@graph":[{"@type":"WebPage","@id":"https:\/\/marktxxl.de\/markt\/produkt\/brennenstuhl-premium-alu-line-steckdosenleiste-16-fach-mehrfachsteckdose-aus-hochwertigem-aluminium-mit-2-schaltern-fuer-je-8-steckdosen-und-3m-kabel-made-in-germany\/","url":"https:\/\/marktxxl.de\/markt\/produkt\/brennenstuhl-premium-alu-line-steckdosenleiste-16-fach-mehrfachsteckdose-aus-hochwertigem-aluminium-mit-2-schaltern-fuer-je-8-steckdosen-und-3m-kabel-made-in-germany\/","name":"Brennenstuhl Premium-Alu-Line, Steckdosenleiste 16-Fach - Mehrfachsteckdose aus hochwertigem Aluminium (mit 2 Schaltern f\u00fcr je 8 Steckdosen und 3m Kabel, Made in Germany) - Markt-XXL","isPartOf":{"@id":"https:\/\/marktxxl.de\/markt\/#website"},"primaryImageOfPage":{"@id":"https:\/\/marktxxl.de\/markt\/produkt\/brennenstuhl-premium-alu-line-steckdosenleiste-16-fach-mehrfachsteckdose-aus-hochwertigem-aluminium-mit-2-schaltern-fuer-je-8-steckdosen-und-3m-kabel-made-in-germany\/#primaryimage"},"image":{"@id":"https:\/\/marktxxl.de\/markt\/produkt\/brennenstuhl-premium-alu-line-steckdosenleiste-16-fach-mehrfachsteckdose-aus-hochwertigem-aluminium-mit-2-schaltern-fuer-je-8-steckdosen-und-3m-kabel-made-in-germany\/#primaryimage"},"thumbnailUrl":"https:\/\/m.media-amazon.com\/images\/I\/41jHTVT4wiL._SL500_.jpg","datePublished":"2023-04-09T23:55:49+00:00","description":"Markt-XXL Brennenstuhl Premium-Alu-Line, Steckdosenleiste 16-Fach - Mehrfachsteckdose aus hochwertigem Aluminium (mit 2 Schaltern f\u00fcr je 8 Steckdosen und 3m Kabel, Made in Germany)","breadcrumb":{"@id":"https:\/\/marktxxl.de\/markt\/produkt\/brennenstuhl-premium-alu-line-steckdosenleiste-16-fach-mehrfachsteckdose-aus-hochwertigem-aluminium-mit-2-schaltern-fuer-je-8-steckdosen-und-3m-kabel-made-in-germany\/#breadcrumb"},"inLanguage":"de","potentialAction":[{"@type":"ReadAction","target":["https:\/\/marktxxl.de\/markt\/produkt\/brennenstuhl-premium-alu-line-steckdosenleiste-16-fach-mehrfachsteckdose-aus-hochwertigem-aluminium-mit-2-schaltern-fuer-je-8-steckdosen-und-3m-kabel-made-in-germany\/"]}]},{"@type":"ImageObject","inLanguage":"de","@id":"https:\/\/marktxxl.de\/markt\/produkt\/brennenstuhl-premium-alu-line-steckdosenleiste-16-fach-mehrfachsteckdose-aus-hochwertigem-aluminium-mit-2-schaltern-fuer-je-8-steckdosen-und-3m-kabel-made-in-germany\/#primaryimage","url":"https:\/\/m.media-amazon.com\/images\/I\/41jHTVT4wiL._SL500_.jpg","contentUrl":"https:\/\/m.media-amazon.com\/images\/I\/41jHTVT4wiL._SL500_.jpg","width":458,"height":500},{"@type":"BreadcrumbList","@id":"https:\/\/marktxxl.de\/markt\/produkt\/brennenstuhl-premium-alu-line-steckdosenleiste-16-fach-mehrfachsteckdose-aus-hochwertigem-aluminium-mit-2-schaltern-fuer-je-8-steckdosen-und-3m-kabel-made-in-germany\/#breadcrumb","itemListElement":[{"@type":"ListItem","position":1,"name":"Startseite","item":"https:\/\/marktxxl.de\/markt\/"},{"@type":"ListItem","position":2,"name":"Markt","item":"https:\/\/marktxxl.de\/markt\/"},{"@type":"ListItem","position":3,"name":"Brennenstuhl Premium-Alu-Line, Steckdosenleiste 16-Fach &#8211; Mehrfachsteckdose aus hochwertigem Aluminium (mit 2 Schaltern f\u00fcr je 8 Steckdosen und 3m Kabel, Made in Germany)"}]},{"@type":"WebSite","@id":"https:\/\/marktxxl.de\/markt\/#website","url":"https:\/\/marktxxl.de\/markt\/","name":"Markt-XXL","description":"Ihr Markt Online","publisher":{"@id":"https:\/\/marktxxl.de\/markt\/#organization"},"potentialAction":[{"@type":"SearchAction","target":{"@type":"EntryPoint","urlTemplate":"https:\/\/marktxxl.de\/markt\/?s={search_term_string}"},"query-input":{"@type":"PropertyValueSpecification","valueRequired":true,"valueName":"search_term_string"}}],"inLanguage":"de"},{"@type":"Organization","@id":"https:\/\/marktxxl.de\/markt\/#organization","name":"Markt-XXL","url":"https:\/\/marktxxl.de\/markt\/","logo":{"@type":"ImageObject","inLanguage":"de","@id":"https:\/\/marktxxl.de\/markt\/#\/schema\/logo\/image\/","url":"https:\/\/marktxxl.de\/markt\/wp-content\/uploads\/sites\/3\/2020\/12\/logo.png","contentUrl":"https:\/\/marktxxl.de\/markt\/wp-content\/uploads\/sites\/3\/2020\/12\/logo.png","width":200,"height":70,"caption":"Markt-XXL"},"image":{"@id":"https:\/\/marktxxl.de\/markt\/#\/schema\/logo\/image\/"}}]}},"_links":{"self":[{"href":"https:\/\/marktxxl.de\/markt\/wp-json\/wp\/v2\/product\/198228","targetHints":{"allow":["GET"]}}],"collection":[{"href":"https:\/\/marktxxl.de\/markt\/wp-json\/wp\/v2\/product"}],"about":[{"href":"https:\/\/marktxxl.de\/markt\/wp-json\/wp\/v2\/types\/product"}],"replies":[{"embeddable":true,"href":"https:\/\/marktxxl.de\/markt\/wp-json\/wp\/v2\/comments?post=198228"}],"wp:featuredmedia":[{"embeddable":true,"href":"https:\/\/marktxxl.de\/markt\/wp-json\/wp\/v2\/media\/198229"}],"wp:attachment":[{"href":"https:\/\/marktxxl.de\/markt\/wp-json\/wp\/v2\/media?parent=198228"}],"wp:term":[{"taxonomy":"product_brand","embeddable":true,"href":"https:\/\/marktxxl.de\/markt\/wp-json\/wp\/v2\/product_brand?post=198228"},{"taxonomy":"product_cat","embeddable":true,"href":"https:\/\/marktxxl.de\/markt\/wp-json\/wp\/v2\/product_cat?post=198228"},{"taxonomy":"product_tag","embeddable":true,"href":"https:\/\/marktxxl.de\/markt\/wp-json\/wp\/v2\/product_tag?post=198228"}],"curies":[{"name":"wp","href":"https:\/\/api.w.org\/{rel}","templated":true}]}}