{"id":198070,"date":"2023-04-10T01:20:00","date_gmt":"2023-04-09T23:20:00","guid":{"rendered":"https:\/\/marktxxl.de\/markt\/produkt\/toughbuilt-klappbarer-saegebock-robust-langlebig-strapazierfaehig-100-edelstahl-verstellbare-tragarme-bis-hin-zu-4x4-hoelzern-tragfaehigkeit-590\/"},"modified":"2023-04-10T01:20:00","modified_gmt":"2023-04-09T23:20:00","slug":"toughbuilt-klappbarer-saegebock-robust-langlebig-strapazierfaehig-100-edelstahl-verstellbare-tragarme-bis-hin-zu-4x4-hoelzern-tragfaehigkeit-590","status":"publish","type":"product","link":"https:\/\/marktxxl.de\/markt\/produkt\/toughbuilt-klappbarer-saegebock-robust-langlebig-strapazierfaehig-100-edelstahl-verstellbare-tragarme-bis-hin-zu-4x4-hoelzern-tragfaehigkeit-590\/","title":{"rendered":"ToughBuilt \u2013 klappbarer S\u00e4gebock \u2013 robust, langlebig, strapazierf\u00e4hig, 100\u00a0% Edelstahl \u2013 verstellbare Tragarme (bis hin zu 4&#215;4-H\u00f6lzern) \u2013 Tragf\u00e4higkeit 590\u00a0kg Kapazit\u00e4t \u2013 (TB-C700-2-DE) 2\u00a0St\u00fcck"},"content":{"rendered":"<p>STRAPAZIERF\u00c4HIGER KLAPPBARER S\u00c4GEBOCK \u2013 Der zu 100\u00a0Prozent aus Edelstahl gefertigte S\u00e4gebock ist robust und h\u00e4lt den anspruchsvollsten Aufgaben stand. Als Einzelbock bietet er eine erstaunliche Tragf\u00e4higkeit von 599\u00a0lb. Wird er mit einem zweiten Tisch kombiniert, wird eine Tragf\u00e4higkeit von 1180\u00a0kg pro Paar erreicht.<br \/>\nAUS S\u00c4GEBOCK WIRD BAUSTELLENTISCH \u2013 Tragarme f\u00fcr 2&#215;4- und 4&#215;4-H\u00f6lzer. Aus zwei S\u00e4geb\u00f6cken wird ein solider und strapazierf\u00e4higer Baustellentisch. L\u00e4sst sich mit den h\u00f6henverstellbaren Beinen schnell an verschiedene Arbeiten anpassen. Mit hochwertigen Materialtragzapfen und verschwenkbaren F\u00fc\u00dfen, die Sie je nach Bedarf einstellen k\u00f6nnen. Au\u00dferdem enthalten: innovative Schneidhalterungen f\u00fcr sicheres und einfaches Schneiden verschiedenster Materialien.<br \/>\nZU LEICHT TRANSPORTIERBARER GR\u00d6SSE ZUSAMMENKLAPPBAR \u2013 Die stabilen Stahlbeine lassen sich zu einer gut transportierbaren Gr\u00f6\u00dfe zusammenklappen. F\u00fcr mehr Sicherheit sind die Kanten abgerundet. Mit dem praktischen Griff l\u00e4sst er sich m\u00fchelos zur Baustelle transportieren. Erstklassige Werkbank f\u00fcr den Bau, zum Brennholz schneiden, im Trockenbau und f\u00fcr andere Arbeiten.<br \/>\nLANGLEBIGKEIT \u2013 Um Korrosionsgefahr brauchen Sie sich nicht zu sorgen: Der S\u00e4gebock ist aus pulverbeschichtetem und verzinktem Stahl gefertigt. H\u00e4lt den h\u00e4rtesten Bedingungen stand und f\u00e4llt unter die eingeschr\u00e4nkte Erstk\u00e4ufergarantie auf Lebenszeit bei Material- oder Verarbeitungsfehlern.<br \/>\nUS-QUALIT\u00c4TSKONTROLLE \u2013 Zur Gew\u00e4hrleistung einer hohen Qualit\u00e4t in den USA entworfen, konzipiert, gepr\u00fcft und kontrolliert. Sie k\u00f6nnen sich darauf verlassen, dass Sie den marktweit robustesten, strapazierf\u00e4higsten S\u00e4gebock erhalten.<br \/>\n<div class=\"main-cross-sell\" data-asin=\"B09S5QHZ14\">\n\n\t<div class=\"WooZone-cross-sell-loader\">\n\t\t<div>\n\t\t\t<div id=\"floatingBarsG\">\n\t\t\t\t<div class=\"blockG\" id=\"rotateG_01\"><\/div>\n\t\t\t\t<div class=\"blockG\" id=\"rotateG_02\"><\/div>\n\t\t\t\t<div class=\"blockG\" id=\"rotateG_03\"><\/div>\n\t\t\t\t<div class=\"blockG\" id=\"rotateG_04\"><\/div>\n\t\t\t\t<div class=\"blockG\" id=\"rotateG_05\"><\/div>\n\t\t\t\t<div class=\"blockG\" id=\"rotateG_06\"><\/div>\n\t\t\t\t<div class=\"blockG\" id=\"rotateG_07\"><\/div>\n\t\t\t\t<div class=\"blockG\" id=\"rotateG_08\"><\/div>\n\t\t\t<\/div>\n\t\t\t<div class=\"WooZone-cross-sell-loader-text\"><\/div>\n\t\t<\/div>\n\t<\/div>\n\n\t\t\n<\/div>\n<div style=\"clear:both;\"><\/div><\/p>\n","protected":false},"excerpt":{"rendered":"<p>STRAPAZIERF\u00c4HIGER KLAPPBARER S\u00c4GEBOCK \u2013 Der zu 100\u00a0Prozent aus Edelstahl gefertigte S\u00e4gebock ist robust und h\u00e4lt den anspruchsvollsten Aufgaben stand. Als Einzelbock bietet er eine erstaunliche Tragf\u00e4higkeit von 599\u00a0lb. Wird er mit einem zweiten Tisch kombiniert, wird eine Tragf\u00e4higkeit von 1180\u00a0kg pro Paar erreicht.<br \/>\nAUS S\u00c4GEBOCK WIRD BAUSTELLENTISCH \u2013 Tragarme f\u00fcr 2&#215;4- und 4&#215;4-H\u00f6lzer. Aus zwei S\u00e4geb\u00f6cken wird ein solider und strapazierf\u00e4higer Baustellentisch. L\u00e4sst sich mit den h\u00f6henverstellbaren Beinen schnell an verschiedene Arbeiten anpassen. Mit hochwertigen Materialtragzapfen und verschwenkbaren F\u00fc\u00dfen, die Sie je nach Bedarf einstellen k\u00f6nnen. Au\u00dferdem enthalten: innovative Schneidhalterungen f\u00fcr sicheres und einfaches Schneiden verschiedenster Materialien.<br \/>\nZU LEICHT TRANSPORTIERBARER GR\u00d6SSE ZUSAMMENKLAPPBAR \u2013 Die stabilen Stahlbeine lassen sich zu einer gut transportierbaren Gr\u00f6\u00dfe zusammenklappen. F\u00fcr mehr Sicherheit sind die Kanten abgerundet. Mit dem praktischen Griff l\u00e4sst er sich m\u00fchelos zur Baustelle transportieren. Erstklassige Werkbank f\u00fcr den Bau, zum Brennholz schneiden, im Trockenbau und f\u00fcr andere Arbeiten.<\/p>\n","protected":false},"featured_media":198071,"comment_status":"open","ping_status":"closed","template":"","meta":[],"product_brand":[],"product_cat":[1983],"product_tag":[],"class_list":{"0":"post-198070","1":"product","2":"type-product","3":"status-publish","4":"has-post-thumbnail","6":"product_cat-baumarkt","7":"pa_binding-werkzeug","8":"pa_brand-toughbuilt","9":"pa_color-schwarz","10":"pa_height-5-511811018-zoll","11":"pa_length-10-236220462-zoll","12":"pa_manufacturer-toughbuilt","13":"pa_model-tb-c700-2","14":"pa_weight-22-928075248-pfund","15":"pa_width-39-8425196444-zoll","17":"first","18":"instock","19":"shipping-taxable","20":"purchasable","21":"product-type-simple","22":"customify-col","23":"product-has-gallery"},"yoast_head":"<!-- This site is optimized with the Yoast SEO plugin v27.4 - https:\/\/yoast.com\/product\/yoast-seo-wordpress\/ -->\n<title>ToughBuilt \u2013 klappbarer S\u00e4gebock \u2013 robust, langlebig, strapazierf\u00e4hig, 100\u00a0% Edelstahl \u2013 verstellbare Tragarme (bis hin zu 4x4-H\u00f6lzern) \u2013 Tragf\u00e4higkeit 590\u00a0kg Kapazit\u00e4t \u2013 (TB-C700-2-DE) 2\u00a0St\u00fcck - Markt-XXL<\/title>\n<meta name=\"description\" content=\"Markt-XXL ToughBuilt \u2013 klappbarer S\u00e4gebock \u2013 robust, langlebig, strapazierf\u00e4hig, 100\u00a0% Edelstahl \u2013 verstellbare Tragarme (bis hin zu 4x4-H\u00f6lzern) \u2013 Tragf\u00e4higkeit 590\u00a0kg Kapazit\u00e4t \u2013 (TB-C700-2-DE) 2\u00a0St\u00fcck\" \/>\n<meta name=\"robots\" content=\"index, follow, max-snippet:-1, max-image-preview:large, max-video-preview:-1\" \/>\n<link rel=\"canonical\" href=\"https:\/\/marktxxl.de\/markt\/produkt\/toughbuilt-klappbarer-saegebock-robust-langlebig-strapazierfaehig-100-edelstahl-verstellbare-tragarme-bis-hin-zu-4x4-hoelzern-tragfaehigkeit-590\/\" \/>\n<meta property=\"og:locale\" content=\"de_DE\" \/>\n<meta property=\"og:type\" content=\"article\" \/>\n<meta property=\"og:title\" content=\"ToughBuilt \u2013 klappbarer S\u00e4gebock \u2013 robust, langlebig, strapazierf\u00e4hig, 100\u00a0% Edelstahl \u2013 verstellbare Tragarme (bis hin zu 4x4-H\u00f6lzern) \u2013 Tragf\u00e4higkeit 590\u00a0kg Kapazit\u00e4t \u2013 (TB-C700-2-DE) 2\u00a0St\u00fcck - Markt-XXL\" \/>\n<meta property=\"og:description\" content=\"Markt-XXL ToughBuilt \u2013 klappbarer S\u00e4gebock \u2013 robust, langlebig, strapazierf\u00e4hig, 100\u00a0% Edelstahl \u2013 verstellbare Tragarme (bis hin zu 4x4-H\u00f6lzern) \u2013 Tragf\u00e4higkeit 590\u00a0kg Kapazit\u00e4t \u2013 (TB-C700-2-DE) 2\u00a0St\u00fcck\" \/>\n<meta property=\"og:url\" content=\"https:\/\/marktxxl.de\/markt\/produkt\/toughbuilt-klappbarer-saegebock-robust-langlebig-strapazierfaehig-100-edelstahl-verstellbare-tragarme-bis-hin-zu-4x4-hoelzern-tragfaehigkeit-590\/\" \/>\n<meta property=\"og:site_name\" content=\"Markt-XXL\" \/>\n<meta name=\"twitter:card\" content=\"summary_large_image\" \/>\n<meta name=\"twitter:label1\" content=\"Gesch\u00e4tzte Lesezeit\" \/>\n\t<meta name=\"twitter:data1\" content=\"1\u00a0Minute\" \/>\n<script type=\"application\/ld+json\" class=\"yoast-schema-graph\">{\"@context\":\"https:\\\/\\\/schema.org\",\"@graph\":[{\"@type\":\"WebPage\",\"@id\":\"https:\\\/\\\/marktxxl.de\\\/markt\\\/produkt\\\/toughbuilt-klappbarer-saegebock-robust-langlebig-strapazierfaehig-100-edelstahl-verstellbare-tragarme-bis-hin-zu-4x4-hoelzern-tragfaehigkeit-590\\\/\",\"url\":\"https:\\\/\\\/marktxxl.de\\\/markt\\\/produkt\\\/toughbuilt-klappbarer-saegebock-robust-langlebig-strapazierfaehig-100-edelstahl-verstellbare-tragarme-bis-hin-zu-4x4-hoelzern-tragfaehigkeit-590\\\/\",\"name\":\"ToughBuilt \u2013 klappbarer S\u00e4gebock \u2013 robust, langlebig, strapazierf\u00e4hig, 100\u00a0% Edelstahl \u2013 verstellbare Tragarme (bis hin zu 4x4-H\u00f6lzern) \u2013 Tragf\u00e4higkeit 590\u00a0kg Kapazit\u00e4t \u2013 (TB-C700-2-DE) 2\u00a0St\u00fcck - Markt-XXL\",\"isPartOf\":{\"@id\":\"https:\\\/\\\/marktxxl.de\\\/markt\\\/#website\"},\"primaryImageOfPage\":{\"@id\":\"https:\\\/\\\/marktxxl.de\\\/markt\\\/produkt\\\/toughbuilt-klappbarer-saegebock-robust-langlebig-strapazierfaehig-100-edelstahl-verstellbare-tragarme-bis-hin-zu-4x4-hoelzern-tragfaehigkeit-590\\\/#primaryimage\"},\"image\":{\"@id\":\"https:\\\/\\\/marktxxl.de\\\/markt\\\/produkt\\\/toughbuilt-klappbarer-saegebock-robust-langlebig-strapazierfaehig-100-edelstahl-verstellbare-tragarme-bis-hin-zu-4x4-hoelzern-tragfaehigkeit-590\\\/#primaryimage\"},\"thumbnailUrl\":\"https:\\\/\\\/m.media-amazon.com\\\/images\\\/I\\\/41vMk0VHMXL._SL500_.jpg\",\"datePublished\":\"2023-04-09T23:20:00+00:00\",\"description\":\"Markt-XXL ToughBuilt \u2013 klappbarer S\u00e4gebock \u2013 robust, langlebig, strapazierf\u00e4hig, 100\u00a0% Edelstahl \u2013 verstellbare Tragarme (bis hin zu 4x4-H\u00f6lzern) \u2013 Tragf\u00e4higkeit 590\u00a0kg Kapazit\u00e4t \u2013 (TB-C700-2-DE) 2\u00a0St\u00fcck\",\"breadcrumb\":{\"@id\":\"https:\\\/\\\/marktxxl.de\\\/markt\\\/produkt\\\/toughbuilt-klappbarer-saegebock-robust-langlebig-strapazierfaehig-100-edelstahl-verstellbare-tragarme-bis-hin-zu-4x4-hoelzern-tragfaehigkeit-590\\\/#breadcrumb\"},\"inLanguage\":\"de\",\"potentialAction\":[{\"@type\":\"ReadAction\",\"target\":[\"https:\\\/\\\/marktxxl.de\\\/markt\\\/produkt\\\/toughbuilt-klappbarer-saegebock-robust-langlebig-strapazierfaehig-100-edelstahl-verstellbare-tragarme-bis-hin-zu-4x4-hoelzern-tragfaehigkeit-590\\\/\"]}]},{\"@type\":\"ImageObject\",\"inLanguage\":\"de\",\"@id\":\"https:\\\/\\\/marktxxl.de\\\/markt\\\/produkt\\\/toughbuilt-klappbarer-saegebock-robust-langlebig-strapazierfaehig-100-edelstahl-verstellbare-tragarme-bis-hin-zu-4x4-hoelzern-tragfaehigkeit-590\\\/#primaryimage\",\"url\":\"https:\\\/\\\/m.media-amazon.com\\\/images\\\/I\\\/41vMk0VHMXL._SL500_.jpg\",\"contentUrl\":\"https:\\\/\\\/m.media-amazon.com\\\/images\\\/I\\\/41vMk0VHMXL._SL500_.jpg\",\"width\":500,\"height\":500},{\"@type\":\"BreadcrumbList\",\"@id\":\"https:\\\/\\\/marktxxl.de\\\/markt\\\/produkt\\\/toughbuilt-klappbarer-saegebock-robust-langlebig-strapazierfaehig-100-edelstahl-verstellbare-tragarme-bis-hin-zu-4x4-hoelzern-tragfaehigkeit-590\\\/#breadcrumb\",\"itemListElement\":[{\"@type\":\"ListItem\",\"position\":1,\"name\":\"Startseite\",\"item\":\"https:\\\/\\\/marktxxl.de\\\/markt\\\/\"},{\"@type\":\"ListItem\",\"position\":2,\"name\":\"Markt\",\"item\":\"https:\\\/\\\/marktxxl.de\\\/markt\\\/\"},{\"@type\":\"ListItem\",\"position\":3,\"name\":\"ToughBuilt \u2013 klappbarer S\u00e4gebock \u2013 robust, langlebig, strapazierf\u00e4hig, 100\u00a0% Edelstahl \u2013 verstellbare Tragarme (bis hin zu 4&#215;4-H\u00f6lzern) \u2013 Tragf\u00e4higkeit 590\u00a0kg Kapazit\u00e4t \u2013 (TB-C700-2-DE) 2\u00a0St\u00fcck\"}]},{\"@type\":\"WebSite\",\"@id\":\"https:\\\/\\\/marktxxl.de\\\/markt\\\/#website\",\"url\":\"https:\\\/\\\/marktxxl.de\\\/markt\\\/\",\"name\":\"Markt-XXL\",\"description\":\"Ihr Markt Online\",\"publisher\":{\"@id\":\"https:\\\/\\\/marktxxl.de\\\/markt\\\/#organization\"},\"potentialAction\":[{\"@type\":\"SearchAction\",\"target\":{\"@type\":\"EntryPoint\",\"urlTemplate\":\"https:\\\/\\\/marktxxl.de\\\/markt\\\/?s={search_term_string}\"},\"query-input\":{\"@type\":\"PropertyValueSpecification\",\"valueRequired\":true,\"valueName\":\"search_term_string\"}}],\"inLanguage\":\"de\"},{\"@type\":\"Organization\",\"@id\":\"https:\\\/\\\/marktxxl.de\\\/markt\\\/#organization\",\"name\":\"Markt-XXL\",\"url\":\"https:\\\/\\\/marktxxl.de\\\/markt\\\/\",\"logo\":{\"@type\":\"ImageObject\",\"inLanguage\":\"de\",\"@id\":\"https:\\\/\\\/marktxxl.de\\\/markt\\\/#\\\/schema\\\/logo\\\/image\\\/\",\"url\":\"https:\\\/\\\/marktxxl.de\\\/markt\\\/wp-content\\\/uploads\\\/sites\\\/3\\\/2020\\\/12\\\/logo.png\",\"contentUrl\":\"https:\\\/\\\/marktxxl.de\\\/markt\\\/wp-content\\\/uploads\\\/sites\\\/3\\\/2020\\\/12\\\/logo.png\",\"width\":200,\"height\":70,\"caption\":\"Markt-XXL\"},\"image\":{\"@id\":\"https:\\\/\\\/marktxxl.de\\\/markt\\\/#\\\/schema\\\/logo\\\/image\\\/\"}}]}<\/script>\n<!-- \/ Yoast SEO plugin. -->","yoast_head_json":{"title":"ToughBuilt \u2013 klappbarer S\u00e4gebock \u2013 robust, langlebig, strapazierf\u00e4hig, 100\u00a0% Edelstahl \u2013 verstellbare Tragarme (bis hin zu 4x4-H\u00f6lzern) \u2013 Tragf\u00e4higkeit 590\u00a0kg Kapazit\u00e4t \u2013 (TB-C700-2-DE) 2\u00a0St\u00fcck - Markt-XXL","description":"Markt-XXL ToughBuilt \u2013 klappbarer S\u00e4gebock \u2013 robust, langlebig, strapazierf\u00e4hig, 100\u00a0% Edelstahl \u2013 verstellbare Tragarme (bis hin zu 4x4-H\u00f6lzern) \u2013 Tragf\u00e4higkeit 590\u00a0kg Kapazit\u00e4t \u2013 (TB-C700-2-DE) 2\u00a0St\u00fcck","robots":{"index":"index","follow":"follow","max-snippet":"max-snippet:-1","max-image-preview":"max-image-preview:large","max-video-preview":"max-video-preview:-1"},"canonical":"https:\/\/marktxxl.de\/markt\/produkt\/toughbuilt-klappbarer-saegebock-robust-langlebig-strapazierfaehig-100-edelstahl-verstellbare-tragarme-bis-hin-zu-4x4-hoelzern-tragfaehigkeit-590\/","og_locale":"de_DE","og_type":"article","og_title":"ToughBuilt \u2013 klappbarer S\u00e4gebock \u2013 robust, langlebig, strapazierf\u00e4hig, 100\u00a0% Edelstahl \u2013 verstellbare Tragarme (bis hin zu 4x4-H\u00f6lzern) \u2013 Tragf\u00e4higkeit 590\u00a0kg Kapazit\u00e4t \u2013 (TB-C700-2-DE) 2\u00a0St\u00fcck - Markt-XXL","og_description":"Markt-XXL ToughBuilt \u2013 klappbarer S\u00e4gebock \u2013 robust, langlebig, strapazierf\u00e4hig, 100\u00a0% Edelstahl \u2013 verstellbare Tragarme (bis hin zu 4x4-H\u00f6lzern) \u2013 Tragf\u00e4higkeit 590\u00a0kg Kapazit\u00e4t \u2013 (TB-C700-2-DE) 2\u00a0St\u00fcck","og_url":"https:\/\/marktxxl.de\/markt\/produkt\/toughbuilt-klappbarer-saegebock-robust-langlebig-strapazierfaehig-100-edelstahl-verstellbare-tragarme-bis-hin-zu-4x4-hoelzern-tragfaehigkeit-590\/","og_site_name":"Markt-XXL","twitter_card":"summary_large_image","twitter_misc":{"Gesch\u00e4tzte Lesezeit":"1\u00a0Minute"},"schema":{"@context":"https:\/\/schema.org","@graph":[{"@type":"WebPage","@id":"https:\/\/marktxxl.de\/markt\/produkt\/toughbuilt-klappbarer-saegebock-robust-langlebig-strapazierfaehig-100-edelstahl-verstellbare-tragarme-bis-hin-zu-4x4-hoelzern-tragfaehigkeit-590\/","url":"https:\/\/marktxxl.de\/markt\/produkt\/toughbuilt-klappbarer-saegebock-robust-langlebig-strapazierfaehig-100-edelstahl-verstellbare-tragarme-bis-hin-zu-4x4-hoelzern-tragfaehigkeit-590\/","name":"ToughBuilt \u2013 klappbarer S\u00e4gebock \u2013 robust, langlebig, strapazierf\u00e4hig, 100\u00a0% Edelstahl \u2013 verstellbare Tragarme (bis hin zu 4x4-H\u00f6lzern) \u2013 Tragf\u00e4higkeit 590\u00a0kg Kapazit\u00e4t \u2013 (TB-C700-2-DE) 2\u00a0St\u00fcck - Markt-XXL","isPartOf":{"@id":"https:\/\/marktxxl.de\/markt\/#website"},"primaryImageOfPage":{"@id":"https:\/\/marktxxl.de\/markt\/produkt\/toughbuilt-klappbarer-saegebock-robust-langlebig-strapazierfaehig-100-edelstahl-verstellbare-tragarme-bis-hin-zu-4x4-hoelzern-tragfaehigkeit-590\/#primaryimage"},"image":{"@id":"https:\/\/marktxxl.de\/markt\/produkt\/toughbuilt-klappbarer-saegebock-robust-langlebig-strapazierfaehig-100-edelstahl-verstellbare-tragarme-bis-hin-zu-4x4-hoelzern-tragfaehigkeit-590\/#primaryimage"},"thumbnailUrl":"https:\/\/m.media-amazon.com\/images\/I\/41vMk0VHMXL._SL500_.jpg","datePublished":"2023-04-09T23:20:00+00:00","description":"Markt-XXL ToughBuilt \u2013 klappbarer S\u00e4gebock \u2013 robust, langlebig, strapazierf\u00e4hig, 100\u00a0% Edelstahl \u2013 verstellbare Tragarme (bis hin zu 4x4-H\u00f6lzern) \u2013 Tragf\u00e4higkeit 590\u00a0kg Kapazit\u00e4t \u2013 (TB-C700-2-DE) 2\u00a0St\u00fcck","breadcrumb":{"@id":"https:\/\/marktxxl.de\/markt\/produkt\/toughbuilt-klappbarer-saegebock-robust-langlebig-strapazierfaehig-100-edelstahl-verstellbare-tragarme-bis-hin-zu-4x4-hoelzern-tragfaehigkeit-590\/#breadcrumb"},"inLanguage":"de","potentialAction":[{"@type":"ReadAction","target":["https:\/\/marktxxl.de\/markt\/produkt\/toughbuilt-klappbarer-saegebock-robust-langlebig-strapazierfaehig-100-edelstahl-verstellbare-tragarme-bis-hin-zu-4x4-hoelzern-tragfaehigkeit-590\/"]}]},{"@type":"ImageObject","inLanguage":"de","@id":"https:\/\/marktxxl.de\/markt\/produkt\/toughbuilt-klappbarer-saegebock-robust-langlebig-strapazierfaehig-100-edelstahl-verstellbare-tragarme-bis-hin-zu-4x4-hoelzern-tragfaehigkeit-590\/#primaryimage","url":"https:\/\/m.media-amazon.com\/images\/I\/41vMk0VHMXL._SL500_.jpg","contentUrl":"https:\/\/m.media-amazon.com\/images\/I\/41vMk0VHMXL._SL500_.jpg","width":500,"height":500},{"@type":"BreadcrumbList","@id":"https:\/\/marktxxl.de\/markt\/produkt\/toughbuilt-klappbarer-saegebock-robust-langlebig-strapazierfaehig-100-edelstahl-verstellbare-tragarme-bis-hin-zu-4x4-hoelzern-tragfaehigkeit-590\/#breadcrumb","itemListElement":[{"@type":"ListItem","position":1,"name":"Startseite","item":"https:\/\/marktxxl.de\/markt\/"},{"@type":"ListItem","position":2,"name":"Markt","item":"https:\/\/marktxxl.de\/markt\/"},{"@type":"ListItem","position":3,"name":"ToughBuilt \u2013 klappbarer S\u00e4gebock \u2013 robust, langlebig, strapazierf\u00e4hig, 100\u00a0% Edelstahl \u2013 verstellbare Tragarme (bis hin zu 4&#215;4-H\u00f6lzern) \u2013 Tragf\u00e4higkeit 590\u00a0kg Kapazit\u00e4t \u2013 (TB-C700-2-DE) 2\u00a0St\u00fcck"}]},{"@type":"WebSite","@id":"https:\/\/marktxxl.de\/markt\/#website","url":"https:\/\/marktxxl.de\/markt\/","name":"Markt-XXL","description":"Ihr Markt Online","publisher":{"@id":"https:\/\/marktxxl.de\/markt\/#organization"},"potentialAction":[{"@type":"SearchAction","target":{"@type":"EntryPoint","urlTemplate":"https:\/\/marktxxl.de\/markt\/?s={search_term_string}"},"query-input":{"@type":"PropertyValueSpecification","valueRequired":true,"valueName":"search_term_string"}}],"inLanguage":"de"},{"@type":"Organization","@id":"https:\/\/marktxxl.de\/markt\/#organization","name":"Markt-XXL","url":"https:\/\/marktxxl.de\/markt\/","logo":{"@type":"ImageObject","inLanguage":"de","@id":"https:\/\/marktxxl.de\/markt\/#\/schema\/logo\/image\/","url":"https:\/\/marktxxl.de\/markt\/wp-content\/uploads\/sites\/3\/2020\/12\/logo.png","contentUrl":"https:\/\/marktxxl.de\/markt\/wp-content\/uploads\/sites\/3\/2020\/12\/logo.png","width":200,"height":70,"caption":"Markt-XXL"},"image":{"@id":"https:\/\/marktxxl.de\/markt\/#\/schema\/logo\/image\/"}}]}},"_links":{"self":[{"href":"https:\/\/marktxxl.de\/markt\/wp-json\/wp\/v2\/product\/198070","targetHints":{"allow":["GET"]}}],"collection":[{"href":"https:\/\/marktxxl.de\/markt\/wp-json\/wp\/v2\/product"}],"about":[{"href":"https:\/\/marktxxl.de\/markt\/wp-json\/wp\/v2\/types\/product"}],"replies":[{"embeddable":true,"href":"https:\/\/marktxxl.de\/markt\/wp-json\/wp\/v2\/comments?post=198070"}],"wp:featuredmedia":[{"embeddable":true,"href":"https:\/\/marktxxl.de\/markt\/wp-json\/wp\/v2\/media\/198071"}],"wp:attachment":[{"href":"https:\/\/marktxxl.de\/markt\/wp-json\/wp\/v2\/media?parent=198070"}],"wp:term":[{"taxonomy":"product_brand","embeddable":true,"href":"https:\/\/marktxxl.de\/markt\/wp-json\/wp\/v2\/product_brand?post=198070"},{"taxonomy":"product_cat","embeddable":true,"href":"https:\/\/marktxxl.de\/markt\/wp-json\/wp\/v2\/product_cat?post=198070"},{"taxonomy":"product_tag","embeddable":true,"href":"https:\/\/marktxxl.de\/markt\/wp-json\/wp\/v2\/product_tag?post=198070"}],"curies":[{"name":"wp","href":"https:\/\/api.w.org\/{rel}","templated":true}]}}