{"id":198063,"date":"2023-04-10T01:19:52","date_gmt":"2023-04-09T23:19:52","guid":{"rendered":"https:\/\/marktxxl.de\/markt\/produkt\/12-fach-steckdosenleiste-mit-usb-4000w-16a-4-usb-ports-17w-3-4a-ueberspanungsschutz-mehrfachsteckdose-mit-usb-fuer-handy-lampe-pc-steckdosenturm-mit-schalter-2m-kabel\/"},"modified":"2023-04-10T01:19:52","modified_gmt":"2023-04-09T23:19:52","slug":"12-fach-steckdosenleiste-mit-usb-4000w-16a-4-usb-ports-17w-3-4a-ueberspanungsschutz-mehrfachsteckdose-mit-usb-fuer-handy-lampe-pc-steckdosenturm-mit-schalter-2m-kabel","status":"publish","type":"product","link":"https:\/\/marktxxl.de\/markt\/produkt\/12-fach-steckdosenleiste-mit-usb-4000w-16a-4-usb-ports-17w-3-4a-ueberspanungsschutz-mehrfachsteckdose-mit-usb-fuer-handy-lampe-pc-steckdosenturm-mit-schalter-2m-kabel\/","title":{"rendered":"12 Fach Steckdosenleiste mit USB (4000W\/16A) + 4 USB Ports (17W\/3.4A) \u00dcberspanungsschutz Mehrfachsteckdose mit USB f\u00fcr Handy, Lampe, PC, Steckdosenturm mit Schalter, 2M Kabel"},"content":{"rendered":"<p>\u301016 in 1 Steckdosenleiste mit usb\u3011AUOPRO Mehrfachsteckdose kann bis zu 16 elektronische Ger\u00e4te mit 12 AC Steckdosen und 4 USB-Ladeanschl\u00fcssen gleichzeitig aufladen. Mit Leistung von 40000W\/16A ist der Steckdosenturm eine ideale Ausstattung f\u00fcr K\u00fcche, B\u00fcro, Wohnzimmer, Schlafzimmer und Werkstatte<br \/>\n\u3010Smart USB-A Ports\u30114 USB Anschl\u00fcsse mit eingebauten intelligenten ICs unterst\u00fctzt gesamten Strom von 3,4A. Es kann Ihre Ger\u00e4te automatisch erkennen und den schnellsten Strom von bis zu 2,4A pro Port liefern. Mit dieser USB Mehrfachstecker k\u00f6nnen Sie Ihre Ger\u00e4te z.B Computer, Tablets, Phone, Pad und Arpods direkt mit dem USB Kabel aufladen<br \/>\n\u3010Sicher &amp; Zuverl\u00e4ssig\u3011 CE&amp;RoHS zertifiziert, Mehrschutz gegen \u00dcberstrom, \u00dcberlast und Kurzschluss. Alle Steckdosen und USB-Ladeports des Stromverteilers kann mit dem Schalter ein- und ausgeschaltet werden. Der \u00dcberlastschutzschalter (RESET-Schalter) wird im Falle von \u00dcberlastung automatisch zum &#8220;OFF&#8221; springen, damit kann die 12fach Tischesteckdose Ihre Ger\u00e4te gut sch\u00fctzen<br \/>\n\u3010Hochwertige Materialle\u3011 100% Kupferdraht senkt Stromverlust und spart mehr Energie, festrost und langlebig. ABS Brandschutzmaterial und PC Geh\u00e4use macht diese Mehrfachsteckdose feuerfest und flammhemmend. Zuleitung mit Leitungsquerschnitt 1.5mm\u00b2, geeignet f\u00fcr PC, Drucker, Fernseher und Reiskocher usw.<br \/>\n\u3010Turm-Design und Platzsparend\u3011Im Gegensatz zur herk\u00f6mmlichen flachen Steckdosenleisten, ist diese vertikale Steckdosenleiste platzsparend. Die Buchsen sind auch vertikal auf 4 Seiten des Steckdosenturms verteilt, und es gibt genung Platz zwischen den nebenen Anschl\u00fcssen, sodass kann kein gro\u00dfer Netzteil den nebenen Anschluss blockiert. Wir bieten Ihnen digitale Rechnung, eine 45-t\u00e4gige R\u00fcckerstattung und einen Kundenservice auf Deutsch 7\/24<br \/>\n<div class=\"main-cross-sell\" data-asin=\"B09M87KLQL\">\n\n\t<div class=\"WooZone-cross-sell-loader\">\n\t\t<div>\n\t\t\t<div id=\"floatingBarsG\">\n\t\t\t\t<div class=\"blockG\" id=\"rotateG_01\"><\/div>\n\t\t\t\t<div class=\"blockG\" id=\"rotateG_02\"><\/div>\n\t\t\t\t<div class=\"blockG\" id=\"rotateG_03\"><\/div>\n\t\t\t\t<div class=\"blockG\" id=\"rotateG_04\"><\/div>\n\t\t\t\t<div class=\"blockG\" id=\"rotateG_05\"><\/div>\n\t\t\t\t<div class=\"blockG\" id=\"rotateG_06\"><\/div>\n\t\t\t\t<div class=\"blockG\" id=\"rotateG_07\"><\/div>\n\t\t\t\t<div class=\"blockG\" id=\"rotateG_08\"><\/div>\n\t\t\t<\/div>\n\t\t\t<div class=\"WooZone-cross-sell-loader-text\"><\/div>\n\t\t<\/div>\n\t<\/div>\n\n\t\t\n<\/div>\n<div style=\"clear:both;\"><\/div><\/p>\n","protected":false},"excerpt":{"rendered":"<p>\u301016 in 1 Steckdosenleiste mit usb\u3011AUOPRO Mehrfachsteckdose kann bis zu 16 elektronische Ger\u00e4te mit 12 AC Steckdosen und 4 USB-Ladeanschl\u00fcssen gleichzeitig aufladen. Mit Leistung von 40000W\/16A ist der Steckdosenturm eine ideale Ausstattung f\u00fcr K\u00fcche, B\u00fcro, Wohnzimmer, Schlafzimmer und Werkstatte<br \/>\n\u3010Smart USB-A Ports\u30114 USB Anschl\u00fcsse mit eingebauten intelligenten ICs unterst\u00fctzt gesamten Strom von 3,4A. Es kann Ihre Ger\u00e4te automatisch erkennen und den schnellsten Strom von bis zu 2,4A pro Port liefern. Mit dieser USB Mehrfachstecker k\u00f6nnen Sie Ihre Ger\u00e4te z.B Computer, Tablets, Phone, Pad und Arpods direkt mit dem USB Kabel aufladen<br \/>\n\u3010Sicher &amp; Zuverl\u00e4ssig\u3011 CE&amp;RoHS zertifiziert, Mehrschutz gegen \u00dcberstrom, \u00dcberlast und Kurzschluss. Alle Steckdosen und USB-Ladeports des Stromverteilers kann mit dem Schalter ein- und ausgeschaltet werden. Der \u00dcberlastschutzschalter (RESET-Schalter) wird im Falle von \u00dcberlastung automatisch zum &#8220;OFF&#8221; springen, damit kann die 12fach Tischesteckdose Ihre Ger\u00e4te gut sch\u00fctzen<\/p>\n","protected":false},"featured_media":198064,"comment_status":"open","ping_status":"closed","template":"","meta":[],"product_brand":[],"product_cat":[1983],"product_tag":[],"class_list":{"0":"post-198063","1":"product","2":"type-product","3":"status-publish","4":"has-post-thumbnail","6":"product_cat-baumarkt","7":"pa_binding-elektronik","8":"pa_brand-auopro","9":"pa_color-weiss","10":"pa_manufacturer-auopro","11":"pa_model-wp09-f12c-4u","13":"first","14":"instock","15":"shipping-taxable","16":"purchasable","17":"product-type-simple","18":"customify-col","19":"product-has-gallery"},"yoast_head":"<!-- This site is optimized with the Yoast SEO plugin v27.4 - https:\/\/yoast.com\/product\/yoast-seo-wordpress\/ -->\n<title>12 Fach Steckdosenleiste mit USB (4000W\/16A) + 4 USB Ports (17W\/3.4A) \u00dcberspanungsschutz Mehrfachsteckdose mit USB f\u00fcr Handy, Lampe, PC, Steckdosenturm mit Schalter, 2M Kabel - Markt-XXL<\/title>\n<meta name=\"description\" content=\"Markt-XXL 12 Fach Steckdosenleiste mit USB (4000W\/16A) + 4 USB Ports (17W\/3.4A) \u00dcberspanungsschutz Mehrfachsteckdose mit USB f\u00fcr Handy, Lampe, PC, Steckdosenturm mit Schalter, 2M Kabel\" \/>\n<meta name=\"robots\" content=\"index, follow, max-snippet:-1, max-image-preview:large, max-video-preview:-1\" \/>\n<link rel=\"canonical\" href=\"https:\/\/marktxxl.de\/markt\/produkt\/12-fach-steckdosenleiste-mit-usb-4000w-16a-4-usb-ports-17w-3-4a-ueberspanungsschutz-mehrfachsteckdose-mit-usb-fuer-handy-lampe-pc-steckdosenturm-mit-schalter-2m-kabel\/\" \/>\n<meta property=\"og:locale\" content=\"de_DE\" \/>\n<meta property=\"og:type\" content=\"article\" \/>\n<meta property=\"og:title\" content=\"12 Fach Steckdosenleiste mit USB (4000W\/16A) + 4 USB Ports (17W\/3.4A) \u00dcberspanungsschutz Mehrfachsteckdose mit USB f\u00fcr Handy, Lampe, PC, Steckdosenturm mit Schalter, 2M Kabel - Markt-XXL\" \/>\n<meta property=\"og:description\" content=\"Markt-XXL 12 Fach Steckdosenleiste mit USB (4000W\/16A) + 4 USB Ports (17W\/3.4A) \u00dcberspanungsschutz Mehrfachsteckdose mit USB f\u00fcr Handy, Lampe, PC, Steckdosenturm mit Schalter, 2M Kabel\" \/>\n<meta property=\"og:url\" content=\"https:\/\/marktxxl.de\/markt\/produkt\/12-fach-steckdosenleiste-mit-usb-4000w-16a-4-usb-ports-17w-3-4a-ueberspanungsschutz-mehrfachsteckdose-mit-usb-fuer-handy-lampe-pc-steckdosenturm-mit-schalter-2m-kabel\/\" \/>\n<meta property=\"og:site_name\" content=\"Markt-XXL\" \/>\n<meta name=\"twitter:card\" content=\"summary_large_image\" \/>\n<meta name=\"twitter:label1\" content=\"Gesch\u00e4tzte Lesezeit\" \/>\n\t<meta name=\"twitter:data1\" content=\"1\u00a0Minute\" \/>\n<script type=\"application\/ld+json\" class=\"yoast-schema-graph\">{\"@context\":\"https:\\\/\\\/schema.org\",\"@graph\":[{\"@type\":\"WebPage\",\"@id\":\"https:\\\/\\\/marktxxl.de\\\/markt\\\/produkt\\\/12-fach-steckdosenleiste-mit-usb-4000w-16a-4-usb-ports-17w-3-4a-ueberspanungsschutz-mehrfachsteckdose-mit-usb-fuer-handy-lampe-pc-steckdosenturm-mit-schalter-2m-kabel\\\/\",\"url\":\"https:\\\/\\\/marktxxl.de\\\/markt\\\/produkt\\\/12-fach-steckdosenleiste-mit-usb-4000w-16a-4-usb-ports-17w-3-4a-ueberspanungsschutz-mehrfachsteckdose-mit-usb-fuer-handy-lampe-pc-steckdosenturm-mit-schalter-2m-kabel\\\/\",\"name\":\"12 Fach Steckdosenleiste mit USB (4000W\\\/16A) + 4 USB Ports (17W\\\/3.4A) \u00dcberspanungsschutz Mehrfachsteckdose mit USB f\u00fcr Handy, Lampe, PC, Steckdosenturm mit Schalter, 2M Kabel - Markt-XXL\",\"isPartOf\":{\"@id\":\"https:\\\/\\\/marktxxl.de\\\/markt\\\/#website\"},\"primaryImageOfPage\":{\"@id\":\"https:\\\/\\\/marktxxl.de\\\/markt\\\/produkt\\\/12-fach-steckdosenleiste-mit-usb-4000w-16a-4-usb-ports-17w-3-4a-ueberspanungsschutz-mehrfachsteckdose-mit-usb-fuer-handy-lampe-pc-steckdosenturm-mit-schalter-2m-kabel\\\/#primaryimage\"},\"image\":{\"@id\":\"https:\\\/\\\/marktxxl.de\\\/markt\\\/produkt\\\/12-fach-steckdosenleiste-mit-usb-4000w-16a-4-usb-ports-17w-3-4a-ueberspanungsschutz-mehrfachsteckdose-mit-usb-fuer-handy-lampe-pc-steckdosenturm-mit-schalter-2m-kabel\\\/#primaryimage\"},\"thumbnailUrl\":\"https:\\\/\\\/m.media-amazon.com\\\/images\\\/I\\\/31Z0d3CLIWL._SL500_.jpg\",\"datePublished\":\"2023-04-09T23:19:52+00:00\",\"description\":\"Markt-XXL 12 Fach Steckdosenleiste mit USB (4000W\\\/16A) + 4 USB Ports (17W\\\/3.4A) \u00dcberspanungsschutz Mehrfachsteckdose mit USB f\u00fcr Handy, Lampe, PC, Steckdosenturm mit Schalter, 2M Kabel\",\"breadcrumb\":{\"@id\":\"https:\\\/\\\/marktxxl.de\\\/markt\\\/produkt\\\/12-fach-steckdosenleiste-mit-usb-4000w-16a-4-usb-ports-17w-3-4a-ueberspanungsschutz-mehrfachsteckdose-mit-usb-fuer-handy-lampe-pc-steckdosenturm-mit-schalter-2m-kabel\\\/#breadcrumb\"},\"inLanguage\":\"de\",\"potentialAction\":[{\"@type\":\"ReadAction\",\"target\":[\"https:\\\/\\\/marktxxl.de\\\/markt\\\/produkt\\\/12-fach-steckdosenleiste-mit-usb-4000w-16a-4-usb-ports-17w-3-4a-ueberspanungsschutz-mehrfachsteckdose-mit-usb-fuer-handy-lampe-pc-steckdosenturm-mit-schalter-2m-kabel\\\/\"]}]},{\"@type\":\"ImageObject\",\"inLanguage\":\"de\",\"@id\":\"https:\\\/\\\/marktxxl.de\\\/markt\\\/produkt\\\/12-fach-steckdosenleiste-mit-usb-4000w-16a-4-usb-ports-17w-3-4a-ueberspanungsschutz-mehrfachsteckdose-mit-usb-fuer-handy-lampe-pc-steckdosenturm-mit-schalter-2m-kabel\\\/#primaryimage\",\"url\":\"https:\\\/\\\/m.media-amazon.com\\\/images\\\/I\\\/31Z0d3CLIWL._SL500_.jpg\",\"contentUrl\":\"https:\\\/\\\/m.media-amazon.com\\\/images\\\/I\\\/31Z0d3CLIWL._SL500_.jpg\",\"width\":375,\"height\":500},{\"@type\":\"BreadcrumbList\",\"@id\":\"https:\\\/\\\/marktxxl.de\\\/markt\\\/produkt\\\/12-fach-steckdosenleiste-mit-usb-4000w-16a-4-usb-ports-17w-3-4a-ueberspanungsschutz-mehrfachsteckdose-mit-usb-fuer-handy-lampe-pc-steckdosenturm-mit-schalter-2m-kabel\\\/#breadcrumb\",\"itemListElement\":[{\"@type\":\"ListItem\",\"position\":1,\"name\":\"Startseite\",\"item\":\"https:\\\/\\\/marktxxl.de\\\/markt\\\/\"},{\"@type\":\"ListItem\",\"position\":2,\"name\":\"Markt\",\"item\":\"https:\\\/\\\/marktxxl.de\\\/markt\\\/\"},{\"@type\":\"ListItem\",\"position\":3,\"name\":\"12 Fach Steckdosenleiste mit USB (4000W\\\/16A) + 4 USB Ports (17W\\\/3.4A) \u00dcberspanungsschutz Mehrfachsteckdose mit USB f\u00fcr Handy, Lampe, PC, Steckdosenturm mit Schalter, 2M Kabel\"}]},{\"@type\":\"WebSite\",\"@id\":\"https:\\\/\\\/marktxxl.de\\\/markt\\\/#website\",\"url\":\"https:\\\/\\\/marktxxl.de\\\/markt\\\/\",\"name\":\"Markt-XXL\",\"description\":\"Ihr Markt Online\",\"publisher\":{\"@id\":\"https:\\\/\\\/marktxxl.de\\\/markt\\\/#organization\"},\"potentialAction\":[{\"@type\":\"SearchAction\",\"target\":{\"@type\":\"EntryPoint\",\"urlTemplate\":\"https:\\\/\\\/marktxxl.de\\\/markt\\\/?s={search_term_string}\"},\"query-input\":{\"@type\":\"PropertyValueSpecification\",\"valueRequired\":true,\"valueName\":\"search_term_string\"}}],\"inLanguage\":\"de\"},{\"@type\":\"Organization\",\"@id\":\"https:\\\/\\\/marktxxl.de\\\/markt\\\/#organization\",\"name\":\"Markt-XXL\",\"url\":\"https:\\\/\\\/marktxxl.de\\\/markt\\\/\",\"logo\":{\"@type\":\"ImageObject\",\"inLanguage\":\"de\",\"@id\":\"https:\\\/\\\/marktxxl.de\\\/markt\\\/#\\\/schema\\\/logo\\\/image\\\/\",\"url\":\"https:\\\/\\\/marktxxl.de\\\/markt\\\/wp-content\\\/uploads\\\/sites\\\/3\\\/2020\\\/12\\\/logo.png\",\"contentUrl\":\"https:\\\/\\\/marktxxl.de\\\/markt\\\/wp-content\\\/uploads\\\/sites\\\/3\\\/2020\\\/12\\\/logo.png\",\"width\":200,\"height\":70,\"caption\":\"Markt-XXL\"},\"image\":{\"@id\":\"https:\\\/\\\/marktxxl.de\\\/markt\\\/#\\\/schema\\\/logo\\\/image\\\/\"}}]}<\/script>\n<!-- \/ Yoast SEO plugin. -->","yoast_head_json":{"title":"12 Fach Steckdosenleiste mit USB (4000W\/16A) + 4 USB Ports (17W\/3.4A) \u00dcberspanungsschutz Mehrfachsteckdose mit USB f\u00fcr Handy, Lampe, PC, Steckdosenturm mit Schalter, 2M Kabel - Markt-XXL","description":"Markt-XXL 12 Fach Steckdosenleiste mit USB (4000W\/16A) + 4 USB Ports (17W\/3.4A) \u00dcberspanungsschutz Mehrfachsteckdose mit USB f\u00fcr Handy, Lampe, PC, Steckdosenturm mit Schalter, 2M Kabel","robots":{"index":"index","follow":"follow","max-snippet":"max-snippet:-1","max-image-preview":"max-image-preview:large","max-video-preview":"max-video-preview:-1"},"canonical":"https:\/\/marktxxl.de\/markt\/produkt\/12-fach-steckdosenleiste-mit-usb-4000w-16a-4-usb-ports-17w-3-4a-ueberspanungsschutz-mehrfachsteckdose-mit-usb-fuer-handy-lampe-pc-steckdosenturm-mit-schalter-2m-kabel\/","og_locale":"de_DE","og_type":"article","og_title":"12 Fach Steckdosenleiste mit USB (4000W\/16A) + 4 USB Ports (17W\/3.4A) \u00dcberspanungsschutz Mehrfachsteckdose mit USB f\u00fcr Handy, Lampe, PC, Steckdosenturm mit Schalter, 2M Kabel - Markt-XXL","og_description":"Markt-XXL 12 Fach Steckdosenleiste mit USB (4000W\/16A) + 4 USB Ports (17W\/3.4A) \u00dcberspanungsschutz Mehrfachsteckdose mit USB f\u00fcr Handy, Lampe, PC, Steckdosenturm mit Schalter, 2M Kabel","og_url":"https:\/\/marktxxl.de\/markt\/produkt\/12-fach-steckdosenleiste-mit-usb-4000w-16a-4-usb-ports-17w-3-4a-ueberspanungsschutz-mehrfachsteckdose-mit-usb-fuer-handy-lampe-pc-steckdosenturm-mit-schalter-2m-kabel\/","og_site_name":"Markt-XXL","twitter_card":"summary_large_image","twitter_misc":{"Gesch\u00e4tzte Lesezeit":"1\u00a0Minute"},"schema":{"@context":"https:\/\/schema.org","@graph":[{"@type":"WebPage","@id":"https:\/\/marktxxl.de\/markt\/produkt\/12-fach-steckdosenleiste-mit-usb-4000w-16a-4-usb-ports-17w-3-4a-ueberspanungsschutz-mehrfachsteckdose-mit-usb-fuer-handy-lampe-pc-steckdosenturm-mit-schalter-2m-kabel\/","url":"https:\/\/marktxxl.de\/markt\/produkt\/12-fach-steckdosenleiste-mit-usb-4000w-16a-4-usb-ports-17w-3-4a-ueberspanungsschutz-mehrfachsteckdose-mit-usb-fuer-handy-lampe-pc-steckdosenturm-mit-schalter-2m-kabel\/","name":"12 Fach Steckdosenleiste mit USB (4000W\/16A) + 4 USB Ports (17W\/3.4A) \u00dcberspanungsschutz Mehrfachsteckdose mit USB f\u00fcr Handy, Lampe, PC, Steckdosenturm mit Schalter, 2M Kabel - Markt-XXL","isPartOf":{"@id":"https:\/\/marktxxl.de\/markt\/#website"},"primaryImageOfPage":{"@id":"https:\/\/marktxxl.de\/markt\/produkt\/12-fach-steckdosenleiste-mit-usb-4000w-16a-4-usb-ports-17w-3-4a-ueberspanungsschutz-mehrfachsteckdose-mit-usb-fuer-handy-lampe-pc-steckdosenturm-mit-schalter-2m-kabel\/#primaryimage"},"image":{"@id":"https:\/\/marktxxl.de\/markt\/produkt\/12-fach-steckdosenleiste-mit-usb-4000w-16a-4-usb-ports-17w-3-4a-ueberspanungsschutz-mehrfachsteckdose-mit-usb-fuer-handy-lampe-pc-steckdosenturm-mit-schalter-2m-kabel\/#primaryimage"},"thumbnailUrl":"https:\/\/m.media-amazon.com\/images\/I\/31Z0d3CLIWL._SL500_.jpg","datePublished":"2023-04-09T23:19:52+00:00","description":"Markt-XXL 12 Fach Steckdosenleiste mit USB (4000W\/16A) + 4 USB Ports (17W\/3.4A) \u00dcberspanungsschutz Mehrfachsteckdose mit USB f\u00fcr Handy, Lampe, PC, Steckdosenturm mit Schalter, 2M Kabel","breadcrumb":{"@id":"https:\/\/marktxxl.de\/markt\/produkt\/12-fach-steckdosenleiste-mit-usb-4000w-16a-4-usb-ports-17w-3-4a-ueberspanungsschutz-mehrfachsteckdose-mit-usb-fuer-handy-lampe-pc-steckdosenturm-mit-schalter-2m-kabel\/#breadcrumb"},"inLanguage":"de","potentialAction":[{"@type":"ReadAction","target":["https:\/\/marktxxl.de\/markt\/produkt\/12-fach-steckdosenleiste-mit-usb-4000w-16a-4-usb-ports-17w-3-4a-ueberspanungsschutz-mehrfachsteckdose-mit-usb-fuer-handy-lampe-pc-steckdosenturm-mit-schalter-2m-kabel\/"]}]},{"@type":"ImageObject","inLanguage":"de","@id":"https:\/\/marktxxl.de\/markt\/produkt\/12-fach-steckdosenleiste-mit-usb-4000w-16a-4-usb-ports-17w-3-4a-ueberspanungsschutz-mehrfachsteckdose-mit-usb-fuer-handy-lampe-pc-steckdosenturm-mit-schalter-2m-kabel\/#primaryimage","url":"https:\/\/m.media-amazon.com\/images\/I\/31Z0d3CLIWL._SL500_.jpg","contentUrl":"https:\/\/m.media-amazon.com\/images\/I\/31Z0d3CLIWL._SL500_.jpg","width":375,"height":500},{"@type":"BreadcrumbList","@id":"https:\/\/marktxxl.de\/markt\/produkt\/12-fach-steckdosenleiste-mit-usb-4000w-16a-4-usb-ports-17w-3-4a-ueberspanungsschutz-mehrfachsteckdose-mit-usb-fuer-handy-lampe-pc-steckdosenturm-mit-schalter-2m-kabel\/#breadcrumb","itemListElement":[{"@type":"ListItem","position":1,"name":"Startseite","item":"https:\/\/marktxxl.de\/markt\/"},{"@type":"ListItem","position":2,"name":"Markt","item":"https:\/\/marktxxl.de\/markt\/"},{"@type":"ListItem","position":3,"name":"12 Fach Steckdosenleiste mit USB (4000W\/16A) + 4 USB Ports (17W\/3.4A) \u00dcberspanungsschutz Mehrfachsteckdose mit USB f\u00fcr Handy, Lampe, PC, Steckdosenturm mit Schalter, 2M Kabel"}]},{"@type":"WebSite","@id":"https:\/\/marktxxl.de\/markt\/#website","url":"https:\/\/marktxxl.de\/markt\/","name":"Markt-XXL","description":"Ihr Markt Online","publisher":{"@id":"https:\/\/marktxxl.de\/markt\/#organization"},"potentialAction":[{"@type":"SearchAction","target":{"@type":"EntryPoint","urlTemplate":"https:\/\/marktxxl.de\/markt\/?s={search_term_string}"},"query-input":{"@type":"PropertyValueSpecification","valueRequired":true,"valueName":"search_term_string"}}],"inLanguage":"de"},{"@type":"Organization","@id":"https:\/\/marktxxl.de\/markt\/#organization","name":"Markt-XXL","url":"https:\/\/marktxxl.de\/markt\/","logo":{"@type":"ImageObject","inLanguage":"de","@id":"https:\/\/marktxxl.de\/markt\/#\/schema\/logo\/image\/","url":"https:\/\/marktxxl.de\/markt\/wp-content\/uploads\/sites\/3\/2020\/12\/logo.png","contentUrl":"https:\/\/marktxxl.de\/markt\/wp-content\/uploads\/sites\/3\/2020\/12\/logo.png","width":200,"height":70,"caption":"Markt-XXL"},"image":{"@id":"https:\/\/marktxxl.de\/markt\/#\/schema\/logo\/image\/"}}]}},"_links":{"self":[{"href":"https:\/\/marktxxl.de\/markt\/wp-json\/wp\/v2\/product\/198063","targetHints":{"allow":["GET"]}}],"collection":[{"href":"https:\/\/marktxxl.de\/markt\/wp-json\/wp\/v2\/product"}],"about":[{"href":"https:\/\/marktxxl.de\/markt\/wp-json\/wp\/v2\/types\/product"}],"replies":[{"embeddable":true,"href":"https:\/\/marktxxl.de\/markt\/wp-json\/wp\/v2\/comments?post=198063"}],"wp:featuredmedia":[{"embeddable":true,"href":"https:\/\/marktxxl.de\/markt\/wp-json\/wp\/v2\/media\/198064"}],"wp:attachment":[{"href":"https:\/\/marktxxl.de\/markt\/wp-json\/wp\/v2\/media?parent=198063"}],"wp:term":[{"taxonomy":"product_brand","embeddable":true,"href":"https:\/\/marktxxl.de\/markt\/wp-json\/wp\/v2\/product_brand?post=198063"},{"taxonomy":"product_cat","embeddable":true,"href":"https:\/\/marktxxl.de\/markt\/wp-json\/wp\/v2\/product_cat?post=198063"},{"taxonomy":"product_tag","embeddable":true,"href":"https:\/\/marktxxl.de\/markt\/wp-json\/wp\/v2\/product_tag?post=198063"}],"curies":[{"name":"wp","href":"https:\/\/api.w.org\/{rel}","templated":true}]}}