{"id":198055,"date":"2023-04-10T01:19:43","date_gmt":"2023-04-09T23:19:43","guid":{"rendered":"https:\/\/marktxxl.de\/markt\/produkt\/bosch-professional-hammerbohrer-sds-plus-7x-fuer-beton-und-mauerwerk-10-x-200-x-265-mm-zubehoer-bohrhammer\/"},"modified":"2023-04-10T01:19:43","modified_gmt":"2023-04-09T23:19:43","slug":"bosch-professional-hammerbohrer-sds-plus-7x-fuer-beton-und-mauerwerk-10-x-200-x-265-mm-zubehoer-bohrhammer","status":"publish","type":"product","link":"https:\/\/marktxxl.de\/markt\/produkt\/bosch-professional-hammerbohrer-sds-plus-7x-fuer-beton-und-mauerwerk-10-x-200-x-265-mm-zubehoer-bohrhammer\/","title":{"rendered":"Bosch Professional Hammerbohrer SDS Plus-7X (f\u00fcr Beton und Mauerwerk, 10 x 200 x 265 mm, Zubeh\u00f6r Bohrhammer)"},"content":{"rendered":"<p>L\u00e4ngste Lebensdauer: Gleichm\u00e4\u00dfige Verteilung der Bohrkraft garantiert keinen Leistungsverlust<br \/>\nRobust und Zuverl\u00e4ssig: Der Bohrkopf aus Carbide sorgt f\u00fcr eine au\u00dferordentliche Schlagfestigkeit<br \/>\nReibungslose Arbeit: Effektiver Bohrmehlabtransport dank der breiten Kan\u00e4le<br \/>\nEinsatzgebiete: F\u00fcr den Einsatz in Mauerwerk, Beton und armiertem Beton bestens geeignet<br \/>\nKompatibilit\u00e4t: Passend f\u00fcr alle Bohrh\u00e4mmer mit SDS plus Aufnahme<br \/>\n<div class=\"main-cross-sell\" data-asin=\"B01AU5ZJQ4\">\n\n\t<div class=\"WooZone-cross-sell-loader\">\n\t\t<div>\n\t\t\t<div id=\"floatingBarsG\">\n\t\t\t\t<div class=\"blockG\" id=\"rotateG_01\"><\/div>\n\t\t\t\t<div class=\"blockG\" id=\"rotateG_02\"><\/div>\n\t\t\t\t<div class=\"blockG\" id=\"rotateG_03\"><\/div>\n\t\t\t\t<div class=\"blockG\" id=\"rotateG_04\"><\/div>\n\t\t\t\t<div class=\"blockG\" id=\"rotateG_05\"><\/div>\n\t\t\t\t<div class=\"blockG\" id=\"rotateG_06\"><\/div>\n\t\t\t\t<div class=\"blockG\" id=\"rotateG_07\"><\/div>\n\t\t\t\t<div class=\"blockG\" id=\"rotateG_08\"><\/div>\n\t\t\t<\/div>\n\t\t\t<div class=\"WooZone-cross-sell-loader-text\"><\/div>\n\t\t<\/div>\n\t<\/div>\n\n\t\t\n<\/div>\n<div style=\"clear:both;\"><\/div><\/p>\n","protected":false},"excerpt":{"rendered":"<p>L\u00e4ngste Lebensdauer: Gleichm\u00e4\u00dfige Verteilung der Bohrkraft garantiert keinen Leistungsverlust<br \/>\nRobust und Zuverl\u00e4ssig: Der Bohrkopf aus Carbide sorgt f\u00fcr eine au\u00dferordentliche Schlagfestigkeit<br \/>\nReibungslose Arbeit: Effektiver Bohrmehlabtransport dank der breiten Kan\u00e4le<\/p>\n","protected":false},"featured_media":198056,"comment_status":"open","ping_status":"closed","template":"","meta":[],"product_brand":[],"product_cat":[1983],"product_tag":[],"class_list":{"0":"post-198055","1":"product","2":"type-product","3":"status-publish","4":"has-post-thumbnail","6":"product_cat-baumarkt","7":"pa_binding-werkzeug","8":"pa_brand-bosch-accessories","9":"pa_height-0-67-zoll","10":"pa_length-14-13-zoll","11":"pa_manufacturer-bosch","12":"pa_model-50639","13":"pa_size-265-mm","14":"pa_weight-0-02425084882-pfund","15":"pa_width-1-69-zoll","17":"first","18":"instock","19":"shipping-taxable","20":"purchasable","21":"product-type-simple","22":"customify-col","23":"product-has-gallery"},"yoast_head":"<!-- This site is optimized with the Yoast SEO plugin v27.3 - https:\/\/yoast.com\/product\/yoast-seo-wordpress\/ -->\n<title>Bosch Professional Hammerbohrer SDS Plus-7X (f\u00fcr Beton und Mauerwerk, 10 x 200 x 265 mm, Zubeh\u00f6r Bohrhammer) - Markt-XXL<\/title>\n<meta name=\"description\" content=\"Markt-XXL Bosch Professional Hammerbohrer SDS Plus-7X (f\u00fcr Beton und Mauerwerk, 10 x 200 x 265 mm, Zubeh\u00f6r Bohrhammer)\" \/>\n<meta name=\"robots\" content=\"index, follow, max-snippet:-1, max-image-preview:large, max-video-preview:-1\" \/>\n<link rel=\"canonical\" href=\"https:\/\/marktxxl.de\/markt\/produkt\/bosch-professional-hammerbohrer-sds-plus-7x-fuer-beton-und-mauerwerk-10-x-200-x-265-mm-zubehoer-bohrhammer\/\" \/>\n<meta property=\"og:locale\" content=\"de_DE\" \/>\n<meta property=\"og:type\" content=\"article\" \/>\n<meta property=\"og:title\" content=\"Bosch Professional Hammerbohrer SDS Plus-7X (f\u00fcr Beton und Mauerwerk, 10 x 200 x 265 mm, Zubeh\u00f6r Bohrhammer) - Markt-XXL\" \/>\n<meta property=\"og:description\" content=\"Markt-XXL Bosch Professional Hammerbohrer SDS Plus-7X (f\u00fcr Beton und Mauerwerk, 10 x 200 x 265 mm, Zubeh\u00f6r Bohrhammer)\" \/>\n<meta property=\"og:url\" content=\"https:\/\/marktxxl.de\/markt\/produkt\/bosch-professional-hammerbohrer-sds-plus-7x-fuer-beton-und-mauerwerk-10-x-200-x-265-mm-zubehoer-bohrhammer\/\" \/>\n<meta property=\"og:site_name\" content=\"Markt-XXL\" \/>\n<meta name=\"twitter:card\" content=\"summary_large_image\" \/>\n<script type=\"application\/ld+json\" class=\"yoast-schema-graph\">{\"@context\":\"https:\\\/\\\/schema.org\",\"@graph\":[{\"@type\":\"WebPage\",\"@id\":\"https:\\\/\\\/marktxxl.de\\\/markt\\\/produkt\\\/bosch-professional-hammerbohrer-sds-plus-7x-fuer-beton-und-mauerwerk-10-x-200-x-265-mm-zubehoer-bohrhammer\\\/\",\"url\":\"https:\\\/\\\/marktxxl.de\\\/markt\\\/produkt\\\/bosch-professional-hammerbohrer-sds-plus-7x-fuer-beton-und-mauerwerk-10-x-200-x-265-mm-zubehoer-bohrhammer\\\/\",\"name\":\"Bosch Professional Hammerbohrer SDS Plus-7X (f\u00fcr Beton und Mauerwerk, 10 x 200 x 265 mm, Zubeh\u00f6r Bohrhammer) - Markt-XXL\",\"isPartOf\":{\"@id\":\"https:\\\/\\\/marktxxl.de\\\/markt\\\/#website\"},\"primaryImageOfPage\":{\"@id\":\"https:\\\/\\\/marktxxl.de\\\/markt\\\/produkt\\\/bosch-professional-hammerbohrer-sds-plus-7x-fuer-beton-und-mauerwerk-10-x-200-x-265-mm-zubehoer-bohrhammer\\\/#primaryimage\"},\"image\":{\"@id\":\"https:\\\/\\\/marktxxl.de\\\/markt\\\/produkt\\\/bosch-professional-hammerbohrer-sds-plus-7x-fuer-beton-und-mauerwerk-10-x-200-x-265-mm-zubehoer-bohrhammer\\\/#primaryimage\"},\"thumbnailUrl\":\"https:\\\/\\\/m.media-amazon.com\\\/images\\\/I\\\/214hzl0-0cL._SL500_.jpg\",\"datePublished\":\"2023-04-09T23:19:43+00:00\",\"description\":\"Markt-XXL Bosch Professional Hammerbohrer SDS Plus-7X (f\u00fcr Beton und Mauerwerk, 10 x 200 x 265 mm, Zubeh\u00f6r Bohrhammer)\",\"breadcrumb\":{\"@id\":\"https:\\\/\\\/marktxxl.de\\\/markt\\\/produkt\\\/bosch-professional-hammerbohrer-sds-plus-7x-fuer-beton-und-mauerwerk-10-x-200-x-265-mm-zubehoer-bohrhammer\\\/#breadcrumb\"},\"inLanguage\":\"de\",\"potentialAction\":[{\"@type\":\"ReadAction\",\"target\":[\"https:\\\/\\\/marktxxl.de\\\/markt\\\/produkt\\\/bosch-professional-hammerbohrer-sds-plus-7x-fuer-beton-und-mauerwerk-10-x-200-x-265-mm-zubehoer-bohrhammer\\\/\"]}]},{\"@type\":\"ImageObject\",\"inLanguage\":\"de\",\"@id\":\"https:\\\/\\\/marktxxl.de\\\/markt\\\/produkt\\\/bosch-professional-hammerbohrer-sds-plus-7x-fuer-beton-und-mauerwerk-10-x-200-x-265-mm-zubehoer-bohrhammer\\\/#primaryimage\",\"url\":\"https:\\\/\\\/m.media-amazon.com\\\/images\\\/I\\\/214hzl0-0cL._SL500_.jpg\",\"contentUrl\":\"https:\\\/\\\/m.media-amazon.com\\\/images\\\/I\\\/214hzl0-0cL._SL500_.jpg\",\"width\":500,\"height\":500},{\"@type\":\"BreadcrumbList\",\"@id\":\"https:\\\/\\\/marktxxl.de\\\/markt\\\/produkt\\\/bosch-professional-hammerbohrer-sds-plus-7x-fuer-beton-und-mauerwerk-10-x-200-x-265-mm-zubehoer-bohrhammer\\\/#breadcrumb\",\"itemListElement\":[{\"@type\":\"ListItem\",\"position\":1,\"name\":\"Startseite\",\"item\":\"https:\\\/\\\/marktxxl.de\\\/markt\\\/\"},{\"@type\":\"ListItem\",\"position\":2,\"name\":\"Markt\",\"item\":\"https:\\\/\\\/marktxxl.de\\\/markt\\\/\"},{\"@type\":\"ListItem\",\"position\":3,\"name\":\"Bosch Professional Hammerbohrer SDS Plus-7X (f\u00fcr Beton und Mauerwerk, 10 x 200 x 265 mm, Zubeh\u00f6r Bohrhammer)\"}]},{\"@type\":\"WebSite\",\"@id\":\"https:\\\/\\\/marktxxl.de\\\/markt\\\/#website\",\"url\":\"https:\\\/\\\/marktxxl.de\\\/markt\\\/\",\"name\":\"Markt-XXL\",\"description\":\"Ihr Markt Online\",\"publisher\":{\"@id\":\"https:\\\/\\\/marktxxl.de\\\/markt\\\/#organization\"},\"potentialAction\":[{\"@type\":\"SearchAction\",\"target\":{\"@type\":\"EntryPoint\",\"urlTemplate\":\"https:\\\/\\\/marktxxl.de\\\/markt\\\/?s={search_term_string}\"},\"query-input\":{\"@type\":\"PropertyValueSpecification\",\"valueRequired\":true,\"valueName\":\"search_term_string\"}}],\"inLanguage\":\"de\"},{\"@type\":\"Organization\",\"@id\":\"https:\\\/\\\/marktxxl.de\\\/markt\\\/#organization\",\"name\":\"Markt-XXL\",\"url\":\"https:\\\/\\\/marktxxl.de\\\/markt\\\/\",\"logo\":{\"@type\":\"ImageObject\",\"inLanguage\":\"de\",\"@id\":\"https:\\\/\\\/marktxxl.de\\\/markt\\\/#\\\/schema\\\/logo\\\/image\\\/\",\"url\":\"https:\\\/\\\/marktxxl.de\\\/markt\\\/wp-content\\\/uploads\\\/sites\\\/3\\\/2020\\\/12\\\/logo.png\",\"contentUrl\":\"https:\\\/\\\/marktxxl.de\\\/markt\\\/wp-content\\\/uploads\\\/sites\\\/3\\\/2020\\\/12\\\/logo.png\",\"width\":200,\"height\":70,\"caption\":\"Markt-XXL\"},\"image\":{\"@id\":\"https:\\\/\\\/marktxxl.de\\\/markt\\\/#\\\/schema\\\/logo\\\/image\\\/\"}}]}<\/script>\n<!-- \/ Yoast SEO plugin. -->","yoast_head_json":{"title":"Bosch Professional Hammerbohrer SDS Plus-7X (f\u00fcr Beton und Mauerwerk, 10 x 200 x 265 mm, Zubeh\u00f6r Bohrhammer) - Markt-XXL","description":"Markt-XXL Bosch Professional Hammerbohrer SDS Plus-7X (f\u00fcr Beton und Mauerwerk, 10 x 200 x 265 mm, Zubeh\u00f6r Bohrhammer)","robots":{"index":"index","follow":"follow","max-snippet":"max-snippet:-1","max-image-preview":"max-image-preview:large","max-video-preview":"max-video-preview:-1"},"canonical":"https:\/\/marktxxl.de\/markt\/produkt\/bosch-professional-hammerbohrer-sds-plus-7x-fuer-beton-und-mauerwerk-10-x-200-x-265-mm-zubehoer-bohrhammer\/","og_locale":"de_DE","og_type":"article","og_title":"Bosch Professional Hammerbohrer SDS Plus-7X (f\u00fcr Beton und Mauerwerk, 10 x 200 x 265 mm, Zubeh\u00f6r Bohrhammer) - Markt-XXL","og_description":"Markt-XXL Bosch Professional Hammerbohrer SDS Plus-7X (f\u00fcr Beton und Mauerwerk, 10 x 200 x 265 mm, Zubeh\u00f6r Bohrhammer)","og_url":"https:\/\/marktxxl.de\/markt\/produkt\/bosch-professional-hammerbohrer-sds-plus-7x-fuer-beton-und-mauerwerk-10-x-200-x-265-mm-zubehoer-bohrhammer\/","og_site_name":"Markt-XXL","twitter_card":"summary_large_image","schema":{"@context":"https:\/\/schema.org","@graph":[{"@type":"WebPage","@id":"https:\/\/marktxxl.de\/markt\/produkt\/bosch-professional-hammerbohrer-sds-plus-7x-fuer-beton-und-mauerwerk-10-x-200-x-265-mm-zubehoer-bohrhammer\/","url":"https:\/\/marktxxl.de\/markt\/produkt\/bosch-professional-hammerbohrer-sds-plus-7x-fuer-beton-und-mauerwerk-10-x-200-x-265-mm-zubehoer-bohrhammer\/","name":"Bosch Professional Hammerbohrer SDS Plus-7X (f\u00fcr Beton und Mauerwerk, 10 x 200 x 265 mm, Zubeh\u00f6r Bohrhammer) - Markt-XXL","isPartOf":{"@id":"https:\/\/marktxxl.de\/markt\/#website"},"primaryImageOfPage":{"@id":"https:\/\/marktxxl.de\/markt\/produkt\/bosch-professional-hammerbohrer-sds-plus-7x-fuer-beton-und-mauerwerk-10-x-200-x-265-mm-zubehoer-bohrhammer\/#primaryimage"},"image":{"@id":"https:\/\/marktxxl.de\/markt\/produkt\/bosch-professional-hammerbohrer-sds-plus-7x-fuer-beton-und-mauerwerk-10-x-200-x-265-mm-zubehoer-bohrhammer\/#primaryimage"},"thumbnailUrl":"https:\/\/m.media-amazon.com\/images\/I\/214hzl0-0cL._SL500_.jpg","datePublished":"2023-04-09T23:19:43+00:00","description":"Markt-XXL Bosch Professional Hammerbohrer SDS Plus-7X (f\u00fcr Beton und Mauerwerk, 10 x 200 x 265 mm, Zubeh\u00f6r Bohrhammer)","breadcrumb":{"@id":"https:\/\/marktxxl.de\/markt\/produkt\/bosch-professional-hammerbohrer-sds-plus-7x-fuer-beton-und-mauerwerk-10-x-200-x-265-mm-zubehoer-bohrhammer\/#breadcrumb"},"inLanguage":"de","potentialAction":[{"@type":"ReadAction","target":["https:\/\/marktxxl.de\/markt\/produkt\/bosch-professional-hammerbohrer-sds-plus-7x-fuer-beton-und-mauerwerk-10-x-200-x-265-mm-zubehoer-bohrhammer\/"]}]},{"@type":"ImageObject","inLanguage":"de","@id":"https:\/\/marktxxl.de\/markt\/produkt\/bosch-professional-hammerbohrer-sds-plus-7x-fuer-beton-und-mauerwerk-10-x-200-x-265-mm-zubehoer-bohrhammer\/#primaryimage","url":"https:\/\/m.media-amazon.com\/images\/I\/214hzl0-0cL._SL500_.jpg","contentUrl":"https:\/\/m.media-amazon.com\/images\/I\/214hzl0-0cL._SL500_.jpg","width":500,"height":500},{"@type":"BreadcrumbList","@id":"https:\/\/marktxxl.de\/markt\/produkt\/bosch-professional-hammerbohrer-sds-plus-7x-fuer-beton-und-mauerwerk-10-x-200-x-265-mm-zubehoer-bohrhammer\/#breadcrumb","itemListElement":[{"@type":"ListItem","position":1,"name":"Startseite","item":"https:\/\/marktxxl.de\/markt\/"},{"@type":"ListItem","position":2,"name":"Markt","item":"https:\/\/marktxxl.de\/markt\/"},{"@type":"ListItem","position":3,"name":"Bosch Professional Hammerbohrer SDS Plus-7X (f\u00fcr Beton und Mauerwerk, 10 x 200 x 265 mm, Zubeh\u00f6r Bohrhammer)"}]},{"@type":"WebSite","@id":"https:\/\/marktxxl.de\/markt\/#website","url":"https:\/\/marktxxl.de\/markt\/","name":"Markt-XXL","description":"Ihr Markt Online","publisher":{"@id":"https:\/\/marktxxl.de\/markt\/#organization"},"potentialAction":[{"@type":"SearchAction","target":{"@type":"EntryPoint","urlTemplate":"https:\/\/marktxxl.de\/markt\/?s={search_term_string}"},"query-input":{"@type":"PropertyValueSpecification","valueRequired":true,"valueName":"search_term_string"}}],"inLanguage":"de"},{"@type":"Organization","@id":"https:\/\/marktxxl.de\/markt\/#organization","name":"Markt-XXL","url":"https:\/\/marktxxl.de\/markt\/","logo":{"@type":"ImageObject","inLanguage":"de","@id":"https:\/\/marktxxl.de\/markt\/#\/schema\/logo\/image\/","url":"https:\/\/marktxxl.de\/markt\/wp-content\/uploads\/sites\/3\/2020\/12\/logo.png","contentUrl":"https:\/\/marktxxl.de\/markt\/wp-content\/uploads\/sites\/3\/2020\/12\/logo.png","width":200,"height":70,"caption":"Markt-XXL"},"image":{"@id":"https:\/\/marktxxl.de\/markt\/#\/schema\/logo\/image\/"}}]}},"_links":{"self":[{"href":"https:\/\/marktxxl.de\/markt\/wp-json\/wp\/v2\/product\/198055","targetHints":{"allow":["GET"]}}],"collection":[{"href":"https:\/\/marktxxl.de\/markt\/wp-json\/wp\/v2\/product"}],"about":[{"href":"https:\/\/marktxxl.de\/markt\/wp-json\/wp\/v2\/types\/product"}],"replies":[{"embeddable":true,"href":"https:\/\/marktxxl.de\/markt\/wp-json\/wp\/v2\/comments?post=198055"}],"wp:featuredmedia":[{"embeddable":true,"href":"https:\/\/marktxxl.de\/markt\/wp-json\/wp\/v2\/media\/198056"}],"wp:attachment":[{"href":"https:\/\/marktxxl.de\/markt\/wp-json\/wp\/v2\/media?parent=198055"}],"wp:term":[{"taxonomy":"product_brand","embeddable":true,"href":"https:\/\/marktxxl.de\/markt\/wp-json\/wp\/v2\/product_brand?post=198055"},{"taxonomy":"product_cat","embeddable":true,"href":"https:\/\/marktxxl.de\/markt\/wp-json\/wp\/v2\/product_cat?post=198055"},{"taxonomy":"product_tag","embeddable":true,"href":"https:\/\/marktxxl.de\/markt\/wp-json\/wp\/v2\/product_tag?post=198055"}],"curies":[{"name":"wp","href":"https:\/\/api.w.org\/{rel}","templated":true}]}}