{"id":197815,"date":"2023-04-10T00:37:54","date_gmt":"2023-04-09T22:37:54","guid":{"rendered":"https:\/\/marktxxl.de\/markt\/produkt\/fahrradanhaenger-kinderanhaenger-kinderfahrradanhaenger-3in1-14746\/"},"modified":"2023-04-10T05:48:11","modified_gmt":"2023-04-10T03:48:11","slug":"fahrradanhaenger-kinderanhaenger-kinderfahrradanhaenger-3in1-14746","status":"publish","type":"product","link":"https:\/\/marktxxl.de\/markt\/produkt\/fahrradanhaenger-kinderanhaenger-kinderfahrradanhaenger-3in1-14746\/","title":{"rendered":"Fahrradanh\u00e4nger Kinderanh\u00e4nger Kinderfahrradanh\u00e4nger 3IN1 14746"},"content":{"rendered":"<p>AMORTISIERT &#8211; das ist ein fertiger Fahrradanh\u00e4nger, den Sie einfach anh\u00e4ngen k\u00f6nnen und die Reise mit Ihrem Kind genie\u00dfen k\u00f6nnen. Der Anh\u00e4nger hat Sto\u00dfd\u00e4mpfer an den Hinterr\u00e4dern. Dank ihnen wird dem kleinen noch mehr Komfort beim Fahren des Anh\u00e4ngers geboten.<br \/>\nSICHERHEITSSYSTEM &#8211; wir erf\u00fcllen auch die h\u00f6chsten Erwartungen, um alle Normen zu erf\u00fcllen, die hohe Qualit\u00e4t, Sicherheit und Komfort garantieren. Der Anh\u00e4nger ist mit jedem Fahrradmodell kompatibel und das Anbringen und Entfernen ist intuitiv und sehr einfach. Der stabile und robuste Stahlrahmen mit Stange sorgt f\u00fcr Kippsicherheit.<br \/>\nSPEZIFIKATION &#8211; Material: Metall + Kunststoff + Polyester; Farbe: grau \/ schwarz; Abmessungen des Sitzes (Breite\/L\u00e4nge\/H\u00f6he): 60 x 60 x 54cm; Abmessungen des Kofferraums (Breite\/L\u00e4nge\/H\u00f6he): 60 x 15 x 54cm; Gesamtabmessungen (L\u00e4nge\/H\u00f6he\/Breite): 150 x 108 x 90cm; maximale Nutzlast: f\u00fcr ein Kind 20 kg, f\u00fcr zwei 35 kg; Gewicht: 16 kg; Gewicht pro Packung 16,750 kg.<br \/>\nF\u00dcR 2 KINDER &#8211; ist eine ausgezeichnete L\u00f6sung f\u00fcr diejenigen, die nach unkonventionellen L\u00f6sungen suchen, um Zeit mit ihren Kindern aktiv zu verbringen. Der Anh\u00e4nger bietet ausreichend Platz f\u00fcr zwei Kinder. Die maximale Tragf\u00e4higkeit betr\u00e4gt 35 kg.<br \/>\n3IN1 &#8211; Neben dem Anh\u00e4nger f\u00fcr das Fahrrad, dank der speziellen Halterung f\u00fcr die F\u00fchrung kann es auch als Jogger oder normaler Kinderwagen verwendet werden, so dass dieses Modell des ger\u00e4umigen Anh\u00e4ngers zusammen mit zwei Kindern nicht nur auf Fahrradtouren, sondern auch zum Spazierengehen oder Joggen mitgenommen werden kann. Zus\u00e4tzlich k\u00f6nnen Sie den Anh\u00e4nger wie einen Transportwagen f\u00fcr Eink\u00e4ufe verwenden.<br \/>\n<div class=\"main-cross-sell\" data-asin=\"B09XMJPG2T\">\n\n\t<div class=\"WooZone-cross-sell-loader\">\n\t\t<div>\n\t\t\t<div id=\"floatingBarsG\">\n\t\t\t\t<div class=\"blockG\" id=\"rotateG_01\"><\/div>\n\t\t\t\t<div class=\"blockG\" id=\"rotateG_02\"><\/div>\n\t\t\t\t<div class=\"blockG\" id=\"rotateG_03\"><\/div>\n\t\t\t\t<div class=\"blockG\" id=\"rotateG_04\"><\/div>\n\t\t\t\t<div class=\"blockG\" id=\"rotateG_05\"><\/div>\n\t\t\t\t<div class=\"blockG\" id=\"rotateG_06\"><\/div>\n\t\t\t\t<div class=\"blockG\" id=\"rotateG_07\"><\/div>\n\t\t\t\t<div class=\"blockG\" id=\"rotateG_08\"><\/div>\n\t\t\t<\/div>\n\t\t\t<div class=\"WooZone-cross-sell-loader-text\"><\/div>\n\t\t<\/div>\n\t<\/div>\n\n\t\t\n<\/div>\n<div style=\"clear:both;\"><\/div><\/p>\n","protected":false},"excerpt":{"rendered":"<p>AMORTISIERT &#8211; das ist ein fertiger Fahrradanh\u00e4nger, den Sie einfach anh\u00e4ngen k\u00f6nnen und die Reise mit Ihrem Kind genie\u00dfen k\u00f6nnen. Der Anh\u00e4nger hat Sto\u00dfd\u00e4mpfer an den Hinterr\u00e4dern. Dank ihnen wird dem kleinen noch mehr Komfort beim Fahren des Anh\u00e4ngers geboten.<br \/>\nSICHERHEITSSYSTEM &#8211; wir erf\u00fcllen auch die h\u00f6chsten Erwartungen, um alle Normen zu erf\u00fcllen, die hohe Qualit\u00e4t, Sicherheit und Komfort garantieren. Der Anh\u00e4nger ist mit jedem Fahrradmodell kompatibel und das Anbringen und Entfernen ist intuitiv und sehr einfach. Der stabile und robuste Stahlrahmen mit Stange sorgt f\u00fcr Kippsicherheit.<br \/>\nSPEZIFIKATION &#8211; Material: Metall + Kunststoff + Polyester; Farbe: grau \/ schwarz; Abmessungen des Sitzes (Breite\/L\u00e4nge\/H\u00f6he): 60 x 60 x 54cm; Abmessungen des Kofferraums (Breite\/L\u00e4nge\/H\u00f6he): 60 x 15 x 54cm; Gesamtabmessungen (L\u00e4nge\/H\u00f6he\/Breite): 150 x 108 x 90cm; maximale Nutzlast: f\u00fcr ein Kind 20 kg, f\u00fcr zwei 35 kg; Gewicht: 16 kg; Gewicht pro Packung 16,750 kg.<\/p>\n","protected":false},"featured_media":197816,"comment_status":"open","ping_status":"closed","template":"","meta":[],"product_brand":[],"product_cat":[21,9245],"product_tag":[],"class_list":{"0":"post-197815","1":"product","2":"type-product","3":"status-publish","4":"has-post-thumbnail","6":"product_cat-baby","7":"product_cat-fahrradanhaenger-zubehoer-baby","8":"pa_brand-mt-malatec","9":"pa_manufacturer-mt-malatec","10":"pa_weight-44-0924524-pfund","12":"first","13":"instock","14":"shipping-taxable","15":"purchasable","16":"product-type-simple","17":"customify-col","18":"product-has-gallery"},"yoast_head":"<!-- This site is optimized with the Yoast SEO plugin v27.4 - https:\/\/yoast.com\/product\/yoast-seo-wordpress\/ -->\n<title>Fahrradanh\u00e4nger Kinderanh\u00e4nger Kinderfahrradanh\u00e4nger 3IN1 14746 - Markt-XXL<\/title>\n<meta name=\"description\" content=\"Markt-XXL Fahrradanh\u00e4nger Kinderanh\u00e4nger Kinderfahrradanh\u00e4nger 3IN1 14746\" \/>\n<meta name=\"robots\" content=\"index, follow, max-snippet:-1, max-image-preview:large, max-video-preview:-1\" \/>\n<link rel=\"canonical\" href=\"https:\/\/marktxxl.de\/markt\/produkt\/fahrradanhaenger-kinderanhaenger-kinderfahrradanhaenger-3in1-14746\/\" \/>\n<meta property=\"og:locale\" content=\"de_DE\" \/>\n<meta property=\"og:type\" content=\"article\" \/>\n<meta property=\"og:title\" content=\"Fahrradanh\u00e4nger Kinderanh\u00e4nger Kinderfahrradanh\u00e4nger 3IN1 14746 - Markt-XXL\" \/>\n<meta property=\"og:description\" content=\"Markt-XXL Fahrradanh\u00e4nger Kinderanh\u00e4nger Kinderfahrradanh\u00e4nger 3IN1 14746\" \/>\n<meta property=\"og:url\" content=\"https:\/\/marktxxl.de\/markt\/produkt\/fahrradanhaenger-kinderanhaenger-kinderfahrradanhaenger-3in1-14746\/\" \/>\n<meta property=\"og:site_name\" content=\"Markt-XXL\" \/>\n<meta property=\"article:modified_time\" content=\"2023-04-10T03:48:11+00:00\" \/>\n<meta property=\"og:image\" content=\"https:\/\/m.media-amazon.com\/images\/I\/41ghHeYGXLL._SL500_.jpg\" \/>\n\t<meta property=\"og:image:width\" content=\"500\" \/>\n\t<meta property=\"og:image:height\" content=\"417\" \/>\n\t<meta property=\"og:image:type\" content=\"image\/jpeg\" \/>\n<meta name=\"twitter:card\" content=\"summary_large_image\" \/>\n<meta name=\"twitter:label1\" content=\"Gesch\u00e4tzte Lesezeit\" \/>\n\t<meta name=\"twitter:data1\" content=\"1\u00a0Minute\" \/>\n<script type=\"application\/ld+json\" class=\"yoast-schema-graph\">{\"@context\":\"https:\\\/\\\/schema.org\",\"@graph\":[{\"@type\":\"WebPage\",\"@id\":\"https:\\\/\\\/marktxxl.de\\\/markt\\\/produkt\\\/fahrradanhaenger-kinderanhaenger-kinderfahrradanhaenger-3in1-14746\\\/\",\"url\":\"https:\\\/\\\/marktxxl.de\\\/markt\\\/produkt\\\/fahrradanhaenger-kinderanhaenger-kinderfahrradanhaenger-3in1-14746\\\/\",\"name\":\"Fahrradanh\u00e4nger Kinderanh\u00e4nger Kinderfahrradanh\u00e4nger 3IN1 14746 - Markt-XXL\",\"isPartOf\":{\"@id\":\"https:\\\/\\\/marktxxl.de\\\/markt\\\/#website\"},\"primaryImageOfPage\":{\"@id\":\"https:\\\/\\\/marktxxl.de\\\/markt\\\/produkt\\\/fahrradanhaenger-kinderanhaenger-kinderfahrradanhaenger-3in1-14746\\\/#primaryimage\"},\"image\":{\"@id\":\"https:\\\/\\\/marktxxl.de\\\/markt\\\/produkt\\\/fahrradanhaenger-kinderanhaenger-kinderfahrradanhaenger-3in1-14746\\\/#primaryimage\"},\"thumbnailUrl\":\"https:\\\/\\\/m.media-amazon.com\\\/images\\\/I\\\/41ghHeYGXLL._SL500_.jpg\",\"datePublished\":\"2023-04-09T22:37:54+00:00\",\"dateModified\":\"2023-04-10T03:48:11+00:00\",\"description\":\"Markt-XXL Fahrradanh\u00e4nger Kinderanh\u00e4nger Kinderfahrradanh\u00e4nger 3IN1 14746\",\"breadcrumb\":{\"@id\":\"https:\\\/\\\/marktxxl.de\\\/markt\\\/produkt\\\/fahrradanhaenger-kinderanhaenger-kinderfahrradanhaenger-3in1-14746\\\/#breadcrumb\"},\"inLanguage\":\"de\",\"potentialAction\":[{\"@type\":\"ReadAction\",\"target\":[\"https:\\\/\\\/marktxxl.de\\\/markt\\\/produkt\\\/fahrradanhaenger-kinderanhaenger-kinderfahrradanhaenger-3in1-14746\\\/\"]}]},{\"@type\":\"ImageObject\",\"inLanguage\":\"de\",\"@id\":\"https:\\\/\\\/marktxxl.de\\\/markt\\\/produkt\\\/fahrradanhaenger-kinderanhaenger-kinderfahrradanhaenger-3in1-14746\\\/#primaryimage\",\"url\":\"https:\\\/\\\/m.media-amazon.com\\\/images\\\/I\\\/41ghHeYGXLL._SL500_.jpg\",\"contentUrl\":\"https:\\\/\\\/m.media-amazon.com\\\/images\\\/I\\\/41ghHeYGXLL._SL500_.jpg\",\"width\":500,\"height\":417},{\"@type\":\"BreadcrumbList\",\"@id\":\"https:\\\/\\\/marktxxl.de\\\/markt\\\/produkt\\\/fahrradanhaenger-kinderanhaenger-kinderfahrradanhaenger-3in1-14746\\\/#breadcrumb\",\"itemListElement\":[{\"@type\":\"ListItem\",\"position\":1,\"name\":\"Startseite\",\"item\":\"https:\\\/\\\/marktxxl.de\\\/markt\\\/\"},{\"@type\":\"ListItem\",\"position\":2,\"name\":\"Markt\",\"item\":\"https:\\\/\\\/marktxxl.de\\\/markt\\\/\"},{\"@type\":\"ListItem\",\"position\":3,\"name\":\"Fahrradanh\u00e4nger Kinderanh\u00e4nger Kinderfahrradanh\u00e4nger 3IN1 14746\"}]},{\"@type\":\"WebSite\",\"@id\":\"https:\\\/\\\/marktxxl.de\\\/markt\\\/#website\",\"url\":\"https:\\\/\\\/marktxxl.de\\\/markt\\\/\",\"name\":\"Markt-XXL\",\"description\":\"Ihr Markt Online\",\"publisher\":{\"@id\":\"https:\\\/\\\/marktxxl.de\\\/markt\\\/#organization\"},\"potentialAction\":[{\"@type\":\"SearchAction\",\"target\":{\"@type\":\"EntryPoint\",\"urlTemplate\":\"https:\\\/\\\/marktxxl.de\\\/markt\\\/?s={search_term_string}\"},\"query-input\":{\"@type\":\"PropertyValueSpecification\",\"valueRequired\":true,\"valueName\":\"search_term_string\"}}],\"inLanguage\":\"de\"},{\"@type\":\"Organization\",\"@id\":\"https:\\\/\\\/marktxxl.de\\\/markt\\\/#organization\",\"name\":\"Markt-XXL\",\"url\":\"https:\\\/\\\/marktxxl.de\\\/markt\\\/\",\"logo\":{\"@type\":\"ImageObject\",\"inLanguage\":\"de\",\"@id\":\"https:\\\/\\\/marktxxl.de\\\/markt\\\/#\\\/schema\\\/logo\\\/image\\\/\",\"url\":\"https:\\\/\\\/marktxxl.de\\\/markt\\\/wp-content\\\/uploads\\\/sites\\\/3\\\/2020\\\/12\\\/logo.png\",\"contentUrl\":\"https:\\\/\\\/marktxxl.de\\\/markt\\\/wp-content\\\/uploads\\\/sites\\\/3\\\/2020\\\/12\\\/logo.png\",\"width\":200,\"height\":70,\"caption\":\"Markt-XXL\"},\"image\":{\"@id\":\"https:\\\/\\\/marktxxl.de\\\/markt\\\/#\\\/schema\\\/logo\\\/image\\\/\"}}]}<\/script>\n<!-- \/ Yoast SEO plugin. -->","yoast_head_json":{"title":"Fahrradanh\u00e4nger Kinderanh\u00e4nger Kinderfahrradanh\u00e4nger 3IN1 14746 - Markt-XXL","description":"Markt-XXL Fahrradanh\u00e4nger Kinderanh\u00e4nger Kinderfahrradanh\u00e4nger 3IN1 14746","robots":{"index":"index","follow":"follow","max-snippet":"max-snippet:-1","max-image-preview":"max-image-preview:large","max-video-preview":"max-video-preview:-1"},"canonical":"https:\/\/marktxxl.de\/markt\/produkt\/fahrradanhaenger-kinderanhaenger-kinderfahrradanhaenger-3in1-14746\/","og_locale":"de_DE","og_type":"article","og_title":"Fahrradanh\u00e4nger Kinderanh\u00e4nger Kinderfahrradanh\u00e4nger 3IN1 14746 - Markt-XXL","og_description":"Markt-XXL Fahrradanh\u00e4nger Kinderanh\u00e4nger Kinderfahrradanh\u00e4nger 3IN1 14746","og_url":"https:\/\/marktxxl.de\/markt\/produkt\/fahrradanhaenger-kinderanhaenger-kinderfahrradanhaenger-3in1-14746\/","og_site_name":"Markt-XXL","article_modified_time":"2023-04-10T03:48:11+00:00","og_image":[{"width":500,"height":417,"url":"https:\/\/m.media-amazon.com\/images\/I\/41ghHeYGXLL._SL500_.jpg","type":"image\/jpeg"}],"twitter_card":"summary_large_image","twitter_misc":{"Gesch\u00e4tzte Lesezeit":"1\u00a0Minute"},"schema":{"@context":"https:\/\/schema.org","@graph":[{"@type":"WebPage","@id":"https:\/\/marktxxl.de\/markt\/produkt\/fahrradanhaenger-kinderanhaenger-kinderfahrradanhaenger-3in1-14746\/","url":"https:\/\/marktxxl.de\/markt\/produkt\/fahrradanhaenger-kinderanhaenger-kinderfahrradanhaenger-3in1-14746\/","name":"Fahrradanh\u00e4nger Kinderanh\u00e4nger Kinderfahrradanh\u00e4nger 3IN1 14746 - Markt-XXL","isPartOf":{"@id":"https:\/\/marktxxl.de\/markt\/#website"},"primaryImageOfPage":{"@id":"https:\/\/marktxxl.de\/markt\/produkt\/fahrradanhaenger-kinderanhaenger-kinderfahrradanhaenger-3in1-14746\/#primaryimage"},"image":{"@id":"https:\/\/marktxxl.de\/markt\/produkt\/fahrradanhaenger-kinderanhaenger-kinderfahrradanhaenger-3in1-14746\/#primaryimage"},"thumbnailUrl":"https:\/\/m.media-amazon.com\/images\/I\/41ghHeYGXLL._SL500_.jpg","datePublished":"2023-04-09T22:37:54+00:00","dateModified":"2023-04-10T03:48:11+00:00","description":"Markt-XXL Fahrradanh\u00e4nger Kinderanh\u00e4nger Kinderfahrradanh\u00e4nger 3IN1 14746","breadcrumb":{"@id":"https:\/\/marktxxl.de\/markt\/produkt\/fahrradanhaenger-kinderanhaenger-kinderfahrradanhaenger-3in1-14746\/#breadcrumb"},"inLanguage":"de","potentialAction":[{"@type":"ReadAction","target":["https:\/\/marktxxl.de\/markt\/produkt\/fahrradanhaenger-kinderanhaenger-kinderfahrradanhaenger-3in1-14746\/"]}]},{"@type":"ImageObject","inLanguage":"de","@id":"https:\/\/marktxxl.de\/markt\/produkt\/fahrradanhaenger-kinderanhaenger-kinderfahrradanhaenger-3in1-14746\/#primaryimage","url":"https:\/\/m.media-amazon.com\/images\/I\/41ghHeYGXLL._SL500_.jpg","contentUrl":"https:\/\/m.media-amazon.com\/images\/I\/41ghHeYGXLL._SL500_.jpg","width":500,"height":417},{"@type":"BreadcrumbList","@id":"https:\/\/marktxxl.de\/markt\/produkt\/fahrradanhaenger-kinderanhaenger-kinderfahrradanhaenger-3in1-14746\/#breadcrumb","itemListElement":[{"@type":"ListItem","position":1,"name":"Startseite","item":"https:\/\/marktxxl.de\/markt\/"},{"@type":"ListItem","position":2,"name":"Markt","item":"https:\/\/marktxxl.de\/markt\/"},{"@type":"ListItem","position":3,"name":"Fahrradanh\u00e4nger Kinderanh\u00e4nger Kinderfahrradanh\u00e4nger 3IN1 14746"}]},{"@type":"WebSite","@id":"https:\/\/marktxxl.de\/markt\/#website","url":"https:\/\/marktxxl.de\/markt\/","name":"Markt-XXL","description":"Ihr Markt Online","publisher":{"@id":"https:\/\/marktxxl.de\/markt\/#organization"},"potentialAction":[{"@type":"SearchAction","target":{"@type":"EntryPoint","urlTemplate":"https:\/\/marktxxl.de\/markt\/?s={search_term_string}"},"query-input":{"@type":"PropertyValueSpecification","valueRequired":true,"valueName":"search_term_string"}}],"inLanguage":"de"},{"@type":"Organization","@id":"https:\/\/marktxxl.de\/markt\/#organization","name":"Markt-XXL","url":"https:\/\/marktxxl.de\/markt\/","logo":{"@type":"ImageObject","inLanguage":"de","@id":"https:\/\/marktxxl.de\/markt\/#\/schema\/logo\/image\/","url":"https:\/\/marktxxl.de\/markt\/wp-content\/uploads\/sites\/3\/2020\/12\/logo.png","contentUrl":"https:\/\/marktxxl.de\/markt\/wp-content\/uploads\/sites\/3\/2020\/12\/logo.png","width":200,"height":70,"caption":"Markt-XXL"},"image":{"@id":"https:\/\/marktxxl.de\/markt\/#\/schema\/logo\/image\/"}}]}},"_links":{"self":[{"href":"https:\/\/marktxxl.de\/markt\/wp-json\/wp\/v2\/product\/197815","targetHints":{"allow":["GET"]}}],"collection":[{"href":"https:\/\/marktxxl.de\/markt\/wp-json\/wp\/v2\/product"}],"about":[{"href":"https:\/\/marktxxl.de\/markt\/wp-json\/wp\/v2\/types\/product"}],"replies":[{"embeddable":true,"href":"https:\/\/marktxxl.de\/markt\/wp-json\/wp\/v2\/comments?post=197815"}],"wp:featuredmedia":[{"embeddable":true,"href":"https:\/\/marktxxl.de\/markt\/wp-json\/wp\/v2\/media\/197816"}],"wp:attachment":[{"href":"https:\/\/marktxxl.de\/markt\/wp-json\/wp\/v2\/media?parent=197815"}],"wp:term":[{"taxonomy":"product_brand","embeddable":true,"href":"https:\/\/marktxxl.de\/markt\/wp-json\/wp\/v2\/product_brand?post=197815"},{"taxonomy":"product_cat","embeddable":true,"href":"https:\/\/marktxxl.de\/markt\/wp-json\/wp\/v2\/product_cat?post=197815"},{"taxonomy":"product_tag","embeddable":true,"href":"https:\/\/marktxxl.de\/markt\/wp-json\/wp\/v2\/product_tag?post=197815"}],"curies":[{"name":"wp","href":"https:\/\/api.w.org\/{rel}","templated":true}]}}