{"id":197668,"date":"2023-04-10T00:16:54","date_gmt":"2023-04-09T22:16:54","guid":{"rendered":"https:\/\/marktxxl.de\/markt\/produkt\/mobile-baby-windspiele-wolke-puppe-windspiel-mobile-baby-holz-mit-filzbaellen-3d-wolken-mobile-baby-maedchen-bettglocke-anhaenger-fuer-babybett-jungen-und-maedchen\/"},"modified":"2023-04-10T05:48:08","modified_gmt":"2023-04-10T03:48:08","slug":"mobile-baby-windspiele-wolke-puppe-windspiel-mobile-baby-holz-mit-filzbaellen-3d-wolken-mobile-baby-maedchen-bettglocke-anhaenger-fuer-babybett-jungen-und-maedchen","status":"publish","type":"product","link":"https:\/\/marktxxl.de\/markt\/produkt\/mobile-baby-windspiele-wolke-puppe-windspiel-mobile-baby-holz-mit-filzbaellen-3d-wolken-mobile-baby-maedchen-bettglocke-anhaenger-fuer-babybett-jungen-und-maedchen\/","title":{"rendered":"Mobile Baby Windspiel Krippe mit Filzb\u00e4llen 3D Wolken Mobile Bettglocke Babybett H\u00e4ngende Spiel Mobile Baby Jungen\u2026"},"content":{"rendered":"<p>\ud83c\udf25\ufe0f Weit Verbreitet: Baby windspiele Kleine und exquisite bettglocke baby kann verwendet werden, um das Wohnzimmer, das Schlafzimmer, das Babyzimmer und andere Innenr\u00e4ume zu dekorieren, sodass es warm und gro\u00dfz\u00fcgig wirkt. H\u00e4ngen Sie das Windspiel am Fenster oder am Kopfende des Bettes auf, um die Spuren der Brise einzufangen und dem Leben etwas Spa\u00df zu machen.<br \/>\n\ud83c\udf25\ufe0f Einzigartiges und Minimalistisches Design: Bettglocke Baby mit Filzb\u00e4llen 3D Wolken. Filzkugeln sind von hoher Qualit\u00e4t und knoten nicht zwischen den Kugeln. Gleichzeitig k\u00f6nnen die leuchtenden Farben das Baby visuell stimulieren und die Neugier Ihres Babys zu wecken, die visuelle F\u00e4higkeit Ihres Babys zur Beurteilung der Farbe zu entwickeln.<br \/>\n\ud83c\udf25\ufe0f Nat\u00fcrliche Materialien: Babybett Mobile Windspiel besteht aus 100% umweltfreundlichen Filz- und H\u00e4kelperlen, hochwertige Holzperlen, Holzanh\u00e4nger, ungiftig, umweltvertr\u00e4glich, sicher, kann mit Vertrauen verwendet werden, unbehandeltem Naturbambus, ist sehr leicht und kann in einem Kinderbett oder an anderen Orten aufgeh\u00e4ngt werden.<br \/>\n\ud83c\udf25\ufe0f Handgemachte Windspiele: Dieses Baby Windspiele ist handgefertigt, enth\u00e4lt den Segen des Produzenten und kann ein warmes Gef\u00fchl in Ihr Zimmer bringen. Dieses Mobile eine kindliche, farbenfrohe Atmosph\u00e4re und wirkt sich positiv auf Ihr Baby aus, und Griffigkeit des Babys beim Spielen mit den mobilen Filzb\u00e4llen zu trainieren und die Wahrnehmung der Au\u00dfenwelt durch das Baby zu f\u00f6rdern.<br \/>\n\ud83c\udf25\ufe0f Bestes Babygeschenk: Leichte Babybett Mobile Dekor kann Ihr Baby ruhig halten und Ihrem Baby helfen, leicht einzuschlafen. TVAIVTN Baby-Windspiele werden mit einer exquisiten Verpackung geliefert und sind ideale Geschenke f\u00fcr Neugeborene.<br \/>\nBaby mobile &#8211; Bettglocken aus Filzkugeln sind f\u00fcr Babys im ersten Lebensjahr sehr attraktiv, da die nat\u00fcrlichen Ger\u00e4usche der Bettglocken wie Babyspieluhren dem Baby Freude bereiten. Es ist auch eine gute Wahl als Geschenk f\u00fcr Liebhaber, Kinder und Freunde.<br \/>\n<div class=\"main-cross-sell\" data-asin=\"B0BG8VHMPS\">\n\n\t<div class=\"WooZone-cross-sell-loader\">\n\t\t<div>\n\t\t\t<div id=\"floatingBarsG\">\n\t\t\t\t<div class=\"blockG\" id=\"rotateG_01\"><\/div>\n\t\t\t\t<div class=\"blockG\" id=\"rotateG_02\"><\/div>\n\t\t\t\t<div class=\"blockG\" id=\"rotateG_03\"><\/div>\n\t\t\t\t<div class=\"blockG\" id=\"rotateG_04\"><\/div>\n\t\t\t\t<div class=\"blockG\" id=\"rotateG_05\"><\/div>\n\t\t\t\t<div class=\"blockG\" id=\"rotateG_06\"><\/div>\n\t\t\t\t<div class=\"blockG\" id=\"rotateG_07\"><\/div>\n\t\t\t\t<div class=\"blockG\" id=\"rotateG_08\"><\/div>\n\t\t\t<\/div>\n\t\t\t<div class=\"WooZone-cross-sell-loader-text\"><\/div>\n\t\t<\/div>\n\t<\/div>\n\n\t\t\n<\/div>\n<div style=\"clear:both;\"><\/div><\/p>\n","protected":false},"excerpt":{"rendered":"<p>\ud83c\udf25\ufe0f Weit Verbreitet: Baby windspiele Kleine und exquisite bettglocke baby kann verwendet werden, um das Wohnzimmer, das Schlafzimmer, das Babyzimmer und andere Innenr\u00e4ume zu dekorieren, sodass es warm und gro\u00dfz\u00fcgig wirkt. H\u00e4ngen Sie das Windspiel am Fenster oder am Kopfende des Bettes auf, um die Spuren der Brise einzufangen und dem Leben etwas Spa\u00df zu machen.<br \/>\n\ud83c\udf25\ufe0f Einzigartiges und Minimalistisches Design: Bettglocke Baby mit Filzb\u00e4llen 3D Wolken. Filzkugeln sind von hoher Qualit\u00e4t und knoten nicht zwischen den Kugeln. Gleichzeitig k\u00f6nnen die leuchtenden Farben das Baby visuell stimulieren und die Neugier Ihres Babys zu wecken, die visuelle F\u00e4higkeit Ihres Babys zur Beurteilung der Farbe zu entwickeln.<br \/>\n\ud83c\udf25\ufe0f Nat\u00fcrliche Materialien: Babybett Mobile Windspiel besteht aus 100% umweltfreundlichen Filz- und H\u00e4kelperlen, hochwertige Holzperlen, Holzanh\u00e4nger, ungiftig, umweltvertr\u00e4glich, sicher, kann mit Vertrauen verwendet werden, unbehandeltem Naturbambus, ist sehr leicht und kann in einem Kinderbett oder an anderen Orten aufgeh\u00e4ngt werden.<\/p>\n","protected":false},"featured_media":197669,"comment_status":"open","ping_status":"closed","template":"","meta":[],"product_brand":[],"product_cat":[21,9143],"product_tag":[],"class_list":{"0":"post-197668","1":"product","2":"type-product","3":"status-publish","4":"has-post-thumbnail","6":"product_cat-baby","7":"product_cat-entdecken-bewegen-baby","8":"pa_brand-tvaivtn","9":"pa_manufacturer-tvaivtn","11":"first","12":"instock","13":"shipping-taxable","14":"purchasable","15":"product-type-simple","16":"customify-col","17":"product-has-gallery"},"yoast_head":"<!-- This site is optimized with the Yoast SEO plugin v27.4 - https:\/\/yoast.com\/product\/yoast-seo-wordpress\/ -->\n<title>Mobile Baby Windspiel Krippe mit Filzb\u00e4llen 3D Wolken Mobile Bettglocke Babybett H\u00e4ngende Spiel Mobile Baby Jungen\u2026 - Markt-XXL<\/title>\n<meta name=\"description\" content=\"Markt-XXL Mobile Baby Windspiel Krippe mit Filzb\u00e4llen 3D Wolken Mobile Bettglocke Babybett H\u00e4ngende Spiel Mobile Baby Jungen\u2026\" \/>\n<meta name=\"robots\" content=\"index, follow, max-snippet:-1, max-image-preview:large, max-video-preview:-1\" \/>\n<link rel=\"canonical\" href=\"https:\/\/marktxxl.de\/markt\/produkt\/mobile-baby-windspiele-wolke-puppe-windspiel-mobile-baby-holz-mit-filzbaellen-3d-wolken-mobile-baby-maedchen-bettglocke-anhaenger-fuer-babybett-jungen-und-maedchen\/\" \/>\n<meta property=\"og:locale\" content=\"de_DE\" \/>\n<meta property=\"og:type\" content=\"article\" \/>\n<meta property=\"og:title\" content=\"Mobile Baby Windspiel Krippe mit Filzb\u00e4llen 3D Wolken Mobile Bettglocke Babybett H\u00e4ngende Spiel Mobile Baby Jungen\u2026 - Markt-XXL\" \/>\n<meta property=\"og:description\" content=\"Markt-XXL Mobile Baby Windspiel Krippe mit Filzb\u00e4llen 3D Wolken Mobile Bettglocke Babybett H\u00e4ngende Spiel Mobile Baby Jungen\u2026\" \/>\n<meta property=\"og:url\" content=\"https:\/\/marktxxl.de\/markt\/produkt\/mobile-baby-windspiele-wolke-puppe-windspiel-mobile-baby-holz-mit-filzbaellen-3d-wolken-mobile-baby-maedchen-bettglocke-anhaenger-fuer-babybett-jungen-und-maedchen\/\" \/>\n<meta property=\"og:site_name\" content=\"Markt-XXL\" \/>\n<meta property=\"article:modified_time\" content=\"2023-04-10T03:48:08+00:00\" \/>\n<meta property=\"og:image\" content=\"https:\/\/m.media-amazon.com\/images\/I\/31cq71qAK-L._SL500_.jpg\" \/>\n\t<meta property=\"og:image:width\" content=\"500\" \/>\n\t<meta property=\"og:image:height\" content=\"500\" \/>\n\t<meta property=\"og:image:type\" content=\"image\/jpeg\" \/>\n<meta name=\"twitter:card\" content=\"summary_large_image\" \/>\n<meta name=\"twitter:label1\" content=\"Gesch\u00e4tzte Lesezeit\" \/>\n\t<meta name=\"twitter:data1\" content=\"2\u00a0Minuten\" \/>\n<script type=\"application\/ld+json\" class=\"yoast-schema-graph\">{\"@context\":\"https:\\\/\\\/schema.org\",\"@graph\":[{\"@type\":\"WebPage\",\"@id\":\"https:\\\/\\\/marktxxl.de\\\/markt\\\/produkt\\\/mobile-baby-windspiele-wolke-puppe-windspiel-mobile-baby-holz-mit-filzbaellen-3d-wolken-mobile-baby-maedchen-bettglocke-anhaenger-fuer-babybett-jungen-und-maedchen\\\/\",\"url\":\"https:\\\/\\\/marktxxl.de\\\/markt\\\/produkt\\\/mobile-baby-windspiele-wolke-puppe-windspiel-mobile-baby-holz-mit-filzbaellen-3d-wolken-mobile-baby-maedchen-bettglocke-anhaenger-fuer-babybett-jungen-und-maedchen\\\/\",\"name\":\"Mobile Baby Windspiel Krippe mit Filzb\u00e4llen 3D Wolken Mobile Bettglocke Babybett H\u00e4ngende Spiel Mobile Baby Jungen\u2026 - Markt-XXL\",\"isPartOf\":{\"@id\":\"https:\\\/\\\/marktxxl.de\\\/markt\\\/#website\"},\"primaryImageOfPage\":{\"@id\":\"https:\\\/\\\/marktxxl.de\\\/markt\\\/produkt\\\/mobile-baby-windspiele-wolke-puppe-windspiel-mobile-baby-holz-mit-filzbaellen-3d-wolken-mobile-baby-maedchen-bettglocke-anhaenger-fuer-babybett-jungen-und-maedchen\\\/#primaryimage\"},\"image\":{\"@id\":\"https:\\\/\\\/marktxxl.de\\\/markt\\\/produkt\\\/mobile-baby-windspiele-wolke-puppe-windspiel-mobile-baby-holz-mit-filzbaellen-3d-wolken-mobile-baby-maedchen-bettglocke-anhaenger-fuer-babybett-jungen-und-maedchen\\\/#primaryimage\"},\"thumbnailUrl\":\"https:\\\/\\\/m.media-amazon.com\\\/images\\\/I\\\/31cq71qAK-L._SL500_.jpg\",\"datePublished\":\"2023-04-09T22:16:54+00:00\",\"dateModified\":\"2023-04-10T03:48:08+00:00\",\"description\":\"Markt-XXL Mobile Baby Windspiel Krippe mit Filzb\u00e4llen 3D Wolken Mobile Bettglocke Babybett H\u00e4ngende Spiel Mobile Baby Jungen\u2026\",\"breadcrumb\":{\"@id\":\"https:\\\/\\\/marktxxl.de\\\/markt\\\/produkt\\\/mobile-baby-windspiele-wolke-puppe-windspiel-mobile-baby-holz-mit-filzbaellen-3d-wolken-mobile-baby-maedchen-bettglocke-anhaenger-fuer-babybett-jungen-und-maedchen\\\/#breadcrumb\"},\"inLanguage\":\"de\",\"potentialAction\":[{\"@type\":\"ReadAction\",\"target\":[\"https:\\\/\\\/marktxxl.de\\\/markt\\\/produkt\\\/mobile-baby-windspiele-wolke-puppe-windspiel-mobile-baby-holz-mit-filzbaellen-3d-wolken-mobile-baby-maedchen-bettglocke-anhaenger-fuer-babybett-jungen-und-maedchen\\\/\"]}]},{\"@type\":\"ImageObject\",\"inLanguage\":\"de\",\"@id\":\"https:\\\/\\\/marktxxl.de\\\/markt\\\/produkt\\\/mobile-baby-windspiele-wolke-puppe-windspiel-mobile-baby-holz-mit-filzbaellen-3d-wolken-mobile-baby-maedchen-bettglocke-anhaenger-fuer-babybett-jungen-und-maedchen\\\/#primaryimage\",\"url\":\"https:\\\/\\\/m.media-amazon.com\\\/images\\\/I\\\/31cq71qAK-L._SL500_.jpg\",\"contentUrl\":\"https:\\\/\\\/m.media-amazon.com\\\/images\\\/I\\\/31cq71qAK-L._SL500_.jpg\",\"width\":500,\"height\":500},{\"@type\":\"BreadcrumbList\",\"@id\":\"https:\\\/\\\/marktxxl.de\\\/markt\\\/produkt\\\/mobile-baby-windspiele-wolke-puppe-windspiel-mobile-baby-holz-mit-filzbaellen-3d-wolken-mobile-baby-maedchen-bettglocke-anhaenger-fuer-babybett-jungen-und-maedchen\\\/#breadcrumb\",\"itemListElement\":[{\"@type\":\"ListItem\",\"position\":1,\"name\":\"Startseite\",\"item\":\"https:\\\/\\\/marktxxl.de\\\/markt\\\/\"},{\"@type\":\"ListItem\",\"position\":2,\"name\":\"Markt\",\"item\":\"https:\\\/\\\/marktxxl.de\\\/markt\\\/\"},{\"@type\":\"ListItem\",\"position\":3,\"name\":\"Mobile Baby Windspiel Krippe mit Filzb\u00e4llen 3D Wolken Mobile Bettglocke Babybett H\u00e4ngende Spiel Mobile Baby Jungen\u2026\"}]},{\"@type\":\"WebSite\",\"@id\":\"https:\\\/\\\/marktxxl.de\\\/markt\\\/#website\",\"url\":\"https:\\\/\\\/marktxxl.de\\\/markt\\\/\",\"name\":\"Markt-XXL\",\"description\":\"Ihr Markt Online\",\"publisher\":{\"@id\":\"https:\\\/\\\/marktxxl.de\\\/markt\\\/#organization\"},\"potentialAction\":[{\"@type\":\"SearchAction\",\"target\":{\"@type\":\"EntryPoint\",\"urlTemplate\":\"https:\\\/\\\/marktxxl.de\\\/markt\\\/?s={search_term_string}\"},\"query-input\":{\"@type\":\"PropertyValueSpecification\",\"valueRequired\":true,\"valueName\":\"search_term_string\"}}],\"inLanguage\":\"de\"},{\"@type\":\"Organization\",\"@id\":\"https:\\\/\\\/marktxxl.de\\\/markt\\\/#organization\",\"name\":\"Markt-XXL\",\"url\":\"https:\\\/\\\/marktxxl.de\\\/markt\\\/\",\"logo\":{\"@type\":\"ImageObject\",\"inLanguage\":\"de\",\"@id\":\"https:\\\/\\\/marktxxl.de\\\/markt\\\/#\\\/schema\\\/logo\\\/image\\\/\",\"url\":\"https:\\\/\\\/marktxxl.de\\\/markt\\\/wp-content\\\/uploads\\\/sites\\\/3\\\/2020\\\/12\\\/logo.png\",\"contentUrl\":\"https:\\\/\\\/marktxxl.de\\\/markt\\\/wp-content\\\/uploads\\\/sites\\\/3\\\/2020\\\/12\\\/logo.png\",\"width\":200,\"height\":70,\"caption\":\"Markt-XXL\"},\"image\":{\"@id\":\"https:\\\/\\\/marktxxl.de\\\/markt\\\/#\\\/schema\\\/logo\\\/image\\\/\"}}]}<\/script>\n<!-- \/ Yoast SEO plugin. -->","yoast_head_json":{"title":"Mobile Baby Windspiel Krippe mit Filzb\u00e4llen 3D Wolken Mobile Bettglocke Babybett H\u00e4ngende Spiel Mobile Baby Jungen\u2026 - Markt-XXL","description":"Markt-XXL Mobile Baby Windspiel Krippe mit Filzb\u00e4llen 3D Wolken Mobile Bettglocke Babybett H\u00e4ngende Spiel Mobile Baby Jungen\u2026","robots":{"index":"index","follow":"follow","max-snippet":"max-snippet:-1","max-image-preview":"max-image-preview:large","max-video-preview":"max-video-preview:-1"},"canonical":"https:\/\/marktxxl.de\/markt\/produkt\/mobile-baby-windspiele-wolke-puppe-windspiel-mobile-baby-holz-mit-filzbaellen-3d-wolken-mobile-baby-maedchen-bettglocke-anhaenger-fuer-babybett-jungen-und-maedchen\/","og_locale":"de_DE","og_type":"article","og_title":"Mobile Baby Windspiel Krippe mit Filzb\u00e4llen 3D Wolken Mobile Bettglocke Babybett H\u00e4ngende Spiel Mobile Baby Jungen\u2026 - Markt-XXL","og_description":"Markt-XXL Mobile Baby Windspiel Krippe mit Filzb\u00e4llen 3D Wolken Mobile Bettglocke Babybett H\u00e4ngende Spiel Mobile Baby Jungen\u2026","og_url":"https:\/\/marktxxl.de\/markt\/produkt\/mobile-baby-windspiele-wolke-puppe-windspiel-mobile-baby-holz-mit-filzbaellen-3d-wolken-mobile-baby-maedchen-bettglocke-anhaenger-fuer-babybett-jungen-und-maedchen\/","og_site_name":"Markt-XXL","article_modified_time":"2023-04-10T03:48:08+00:00","og_image":[{"width":500,"height":500,"url":"https:\/\/m.media-amazon.com\/images\/I\/31cq71qAK-L._SL500_.jpg","type":"image\/jpeg"}],"twitter_card":"summary_large_image","twitter_misc":{"Gesch\u00e4tzte Lesezeit":"2\u00a0Minuten"},"schema":{"@context":"https:\/\/schema.org","@graph":[{"@type":"WebPage","@id":"https:\/\/marktxxl.de\/markt\/produkt\/mobile-baby-windspiele-wolke-puppe-windspiel-mobile-baby-holz-mit-filzbaellen-3d-wolken-mobile-baby-maedchen-bettglocke-anhaenger-fuer-babybett-jungen-und-maedchen\/","url":"https:\/\/marktxxl.de\/markt\/produkt\/mobile-baby-windspiele-wolke-puppe-windspiel-mobile-baby-holz-mit-filzbaellen-3d-wolken-mobile-baby-maedchen-bettglocke-anhaenger-fuer-babybett-jungen-und-maedchen\/","name":"Mobile Baby Windspiel Krippe mit Filzb\u00e4llen 3D Wolken Mobile Bettglocke Babybett H\u00e4ngende Spiel Mobile Baby Jungen\u2026 - Markt-XXL","isPartOf":{"@id":"https:\/\/marktxxl.de\/markt\/#website"},"primaryImageOfPage":{"@id":"https:\/\/marktxxl.de\/markt\/produkt\/mobile-baby-windspiele-wolke-puppe-windspiel-mobile-baby-holz-mit-filzbaellen-3d-wolken-mobile-baby-maedchen-bettglocke-anhaenger-fuer-babybett-jungen-und-maedchen\/#primaryimage"},"image":{"@id":"https:\/\/marktxxl.de\/markt\/produkt\/mobile-baby-windspiele-wolke-puppe-windspiel-mobile-baby-holz-mit-filzbaellen-3d-wolken-mobile-baby-maedchen-bettglocke-anhaenger-fuer-babybett-jungen-und-maedchen\/#primaryimage"},"thumbnailUrl":"https:\/\/m.media-amazon.com\/images\/I\/31cq71qAK-L._SL500_.jpg","datePublished":"2023-04-09T22:16:54+00:00","dateModified":"2023-04-10T03:48:08+00:00","description":"Markt-XXL Mobile Baby Windspiel Krippe mit Filzb\u00e4llen 3D Wolken Mobile Bettglocke Babybett H\u00e4ngende Spiel Mobile Baby Jungen\u2026","breadcrumb":{"@id":"https:\/\/marktxxl.de\/markt\/produkt\/mobile-baby-windspiele-wolke-puppe-windspiel-mobile-baby-holz-mit-filzbaellen-3d-wolken-mobile-baby-maedchen-bettglocke-anhaenger-fuer-babybett-jungen-und-maedchen\/#breadcrumb"},"inLanguage":"de","potentialAction":[{"@type":"ReadAction","target":["https:\/\/marktxxl.de\/markt\/produkt\/mobile-baby-windspiele-wolke-puppe-windspiel-mobile-baby-holz-mit-filzbaellen-3d-wolken-mobile-baby-maedchen-bettglocke-anhaenger-fuer-babybett-jungen-und-maedchen\/"]}]},{"@type":"ImageObject","inLanguage":"de","@id":"https:\/\/marktxxl.de\/markt\/produkt\/mobile-baby-windspiele-wolke-puppe-windspiel-mobile-baby-holz-mit-filzbaellen-3d-wolken-mobile-baby-maedchen-bettglocke-anhaenger-fuer-babybett-jungen-und-maedchen\/#primaryimage","url":"https:\/\/m.media-amazon.com\/images\/I\/31cq71qAK-L._SL500_.jpg","contentUrl":"https:\/\/m.media-amazon.com\/images\/I\/31cq71qAK-L._SL500_.jpg","width":500,"height":500},{"@type":"BreadcrumbList","@id":"https:\/\/marktxxl.de\/markt\/produkt\/mobile-baby-windspiele-wolke-puppe-windspiel-mobile-baby-holz-mit-filzbaellen-3d-wolken-mobile-baby-maedchen-bettglocke-anhaenger-fuer-babybett-jungen-und-maedchen\/#breadcrumb","itemListElement":[{"@type":"ListItem","position":1,"name":"Startseite","item":"https:\/\/marktxxl.de\/markt\/"},{"@type":"ListItem","position":2,"name":"Markt","item":"https:\/\/marktxxl.de\/markt\/"},{"@type":"ListItem","position":3,"name":"Mobile Baby Windspiel Krippe mit Filzb\u00e4llen 3D Wolken Mobile Bettglocke Babybett H\u00e4ngende Spiel Mobile Baby Jungen\u2026"}]},{"@type":"WebSite","@id":"https:\/\/marktxxl.de\/markt\/#website","url":"https:\/\/marktxxl.de\/markt\/","name":"Markt-XXL","description":"Ihr Markt Online","publisher":{"@id":"https:\/\/marktxxl.de\/markt\/#organization"},"potentialAction":[{"@type":"SearchAction","target":{"@type":"EntryPoint","urlTemplate":"https:\/\/marktxxl.de\/markt\/?s={search_term_string}"},"query-input":{"@type":"PropertyValueSpecification","valueRequired":true,"valueName":"search_term_string"}}],"inLanguage":"de"},{"@type":"Organization","@id":"https:\/\/marktxxl.de\/markt\/#organization","name":"Markt-XXL","url":"https:\/\/marktxxl.de\/markt\/","logo":{"@type":"ImageObject","inLanguage":"de","@id":"https:\/\/marktxxl.de\/markt\/#\/schema\/logo\/image\/","url":"https:\/\/marktxxl.de\/markt\/wp-content\/uploads\/sites\/3\/2020\/12\/logo.png","contentUrl":"https:\/\/marktxxl.de\/markt\/wp-content\/uploads\/sites\/3\/2020\/12\/logo.png","width":200,"height":70,"caption":"Markt-XXL"},"image":{"@id":"https:\/\/marktxxl.de\/markt\/#\/schema\/logo\/image\/"}}]}},"_links":{"self":[{"href":"https:\/\/marktxxl.de\/markt\/wp-json\/wp\/v2\/product\/197668","targetHints":{"allow":["GET"]}}],"collection":[{"href":"https:\/\/marktxxl.de\/markt\/wp-json\/wp\/v2\/product"}],"about":[{"href":"https:\/\/marktxxl.de\/markt\/wp-json\/wp\/v2\/types\/product"}],"replies":[{"embeddable":true,"href":"https:\/\/marktxxl.de\/markt\/wp-json\/wp\/v2\/comments?post=197668"}],"wp:featuredmedia":[{"embeddable":true,"href":"https:\/\/marktxxl.de\/markt\/wp-json\/wp\/v2\/media\/197669"}],"wp:attachment":[{"href":"https:\/\/marktxxl.de\/markt\/wp-json\/wp\/v2\/media?parent=197668"}],"wp:term":[{"taxonomy":"product_brand","embeddable":true,"href":"https:\/\/marktxxl.de\/markt\/wp-json\/wp\/v2\/product_brand?post=197668"},{"taxonomy":"product_cat","embeddable":true,"href":"https:\/\/marktxxl.de\/markt\/wp-json\/wp\/v2\/product_cat?post=197668"},{"taxonomy":"product_tag","embeddable":true,"href":"https:\/\/marktxxl.de\/markt\/wp-json\/wp\/v2\/product_tag?post=197668"}],"curies":[{"name":"wp","href":"https:\/\/api.w.org\/{rel}","templated":true}]}}