{"id":197600,"date":"2023-04-09T23:56:19","date_gmt":"2023-04-09T21:56:19","guid":{"rendered":"https:\/\/marktxxl.de\/markt\/produkt\/infantino-4-in-1-deluxe-twist-fold-activity-gym-krabbeldecke-mit-spielbogen-tropisch-inklusive-abnehmbarer-spielzeuge-musical-aeffchen-spiegel-und-nackenkissen\/"},"modified":"2023-04-10T05:48:07","modified_gmt":"2023-04-10T03:48:07","slug":"infantino-4-in-1-deluxe-twist-fold-activity-gym-krabbeldecke-mit-spielbogen-tropisch-inklusive-abnehmbarer-spielzeuge-musical-aeffchen-spiegel-und-nackenkissen","status":"publish","type":"product","link":"https:\/\/marktxxl.de\/markt\/produkt\/infantino-4-in-1-deluxe-twist-fold-activity-gym-krabbeldecke-mit-spielbogen-tropisch-inklusive-abnehmbarer-spielzeuge-musical-aeffchen-spiegel-und-nackenkissen\/","title":{"rendered":"Infantino 4-in-1 Deluxe Twist &amp; Fold Activity Gym &amp; Krabbeldecke mit Spielbogen, Tropisch \u2013 inklusive abnehmbarer\u2026"},"content":{"rendered":"<p>4 M\u00f6glichkeiten zum Spielen: Das tropische 4-in-1 Activity Gym hilft dem Baby, vom Neugeborenen zum aktiven Kleinkind heranzuwachsen, mit Tummy Time-Matte, Nackenkissen, Spiegel, abnehmbaren Spielzeugen und Musical-\u00c4ffchen f\u00fcr endlosen Spa\u00df<br \/>\nZum Erforschen anregen: Die Spielmatte ist faltbar und hilft dem Baby, die Kopf- und Nackenmuskulatur beim Spielen auf dem Bauch zu trainieren, sensorisches Spielzeug mit vielen abnehmbaren Spielzeugen, verfeinert die motorischen F\u00e4higkeiten<br \/>\nEinfach einzustellen: Die Krabbeldecke mit Spielbogen verf\u00fcgt \u00fcber ein einfaches Schnallensystem an der Vorderseite und einen verstellbaren R\u00fcckengurt, die sich mit einem Handgriff \u00f6ffnen und schlie\u00dfen lassen, das Setzen und Hochnehmen des Babys von der Sensormatte ist dadurch ganz einfach<br \/>\nAlter: Ab 0 Monaten. Reinigung und Pflege: Spielteppich ist einfach abzuwischen<br \/>\nMit Liebe entworfen. Wir von Infantino lieben Kinder und m\u00f6chten M\u00fctter und V\u00e4ter unterst\u00fctzen. Wir entwerfen sensorische Spielzeuge, die die kindliche Entwicklung begleiten und Freude bereiten. Gl\u00fcckliche Eltern und Babys liegen uns am Herzen<br \/>\n<div class=\"main-cross-sell\" data-asin=\"B07QDPBLDV\">\n\n\t<div class=\"WooZone-cross-sell-loader\">\n\t\t<div>\n\t\t\t<div id=\"floatingBarsG\">\n\t\t\t\t<div class=\"blockG\" id=\"rotateG_01\"><\/div>\n\t\t\t\t<div class=\"blockG\" id=\"rotateG_02\"><\/div>\n\t\t\t\t<div class=\"blockG\" id=\"rotateG_03\"><\/div>\n\t\t\t\t<div class=\"blockG\" id=\"rotateG_04\"><\/div>\n\t\t\t\t<div class=\"blockG\" id=\"rotateG_05\"><\/div>\n\t\t\t\t<div class=\"blockG\" id=\"rotateG_06\"><\/div>\n\t\t\t\t<div class=\"blockG\" id=\"rotateG_07\"><\/div>\n\t\t\t\t<div class=\"blockG\" id=\"rotateG_08\"><\/div>\n\t\t\t<\/div>\n\t\t\t<div class=\"WooZone-cross-sell-loader-text\"><\/div>\n\t\t<\/div>\n\t<\/div>\n\n\t\t\n<\/div>\n<div style=\"clear:both;\"><\/div><\/p>\n","protected":false},"excerpt":{"rendered":"<p>4 M\u00f6glichkeiten zum Spielen: Das tropische 4-in-1 Activity Gym hilft dem Baby, vom Neugeborenen zum aktiven Kleinkind heranzuwachsen, mit Tummy Time-Matte, Nackenkissen, Spiegel, abnehmbaren Spielzeugen und Musical-\u00c4ffchen f\u00fcr endlosen Spa\u00df<br \/>\nZum Erforschen anregen: Die Spielmatte ist faltbar und hilft dem Baby, die Kopf- und Nackenmuskulatur beim Spielen auf dem Bauch zu trainieren, sensorisches Spielzeug mit vielen abnehmbaren Spielzeugen, verfeinert die motorischen F\u00e4higkeiten<br \/>\nEinfach einzustellen: Die Krabbeldecke mit Spielbogen verf\u00fcgt \u00fcber ein einfaches Schnallensystem an der Vorderseite und einen verstellbaren R\u00fcckengurt, die sich mit einem Handgriff \u00f6ffnen und schlie\u00dfen lassen, das Setzen und Hochnehmen des Babys von der Sensormatte ist dadurch ganz einfach<\/p>\n","protected":false},"featured_media":197601,"comment_status":"open","ping_status":"closed","template":"","meta":[],"product_brand":[],"product_cat":[21,9143],"product_tag":[],"class_list":{"0":"post-197600","1":"product","2":"type-product","3":"status-publish","4":"has-post-thumbnail","6":"product_cat-baby","7":"product_cat-entdecken-bewegen-baby","8":"pa_binding-babyartikel","9":"pa_brand-infantino","10":"pa_color-multicolored","11":"pa_height-18-5-zoll","12":"pa_languages-handbuch-englisch-handbuch-franzoesisch-handbuch-deutsch-handbuch-spanisch-handbuch-italienisch","13":"pa_length-24-zoll","14":"pa_manufacturer-infantino","15":"pa_model-216340-01","16":"pa_weight-0-440924524-pfund","17":"pa_width-3-5-zoll","19":"first","20":"instock","21":"shipping-taxable","22":"purchasable","23":"product-type-simple","24":"customify-col","25":"product-has-gallery"},"yoast_head":"<!-- This site is optimized with the Yoast SEO plugin v27.4 - https:\/\/yoast.com\/product\/yoast-seo-wordpress\/ -->\n<title>Infantino 4-in-1 Deluxe Twist &amp; Fold Activity Gym &amp; Krabbeldecke mit Spielbogen, Tropisch \u2013 inklusive abnehmbarer\u2026 - Markt-XXL<\/title>\n<meta name=\"description\" content=\"Markt-XXL Infantino 4-in-1 Deluxe Twist &amp; Fold Activity Gym &amp; Krabbeldecke mit Spielbogen, Tropisch \u2013 inklusive abnehmbarer\u2026\" \/>\n<meta name=\"robots\" content=\"index, follow, max-snippet:-1, max-image-preview:large, max-video-preview:-1\" \/>\n<link rel=\"canonical\" href=\"https:\/\/marktxxl.de\/markt\/produkt\/infantino-4-in-1-deluxe-twist-fold-activity-gym-krabbeldecke-mit-spielbogen-tropisch-inklusive-abnehmbarer-spielzeuge-musical-aeffchen-spiegel-und-nackenkissen\/\" \/>\n<meta property=\"og:locale\" content=\"de_DE\" \/>\n<meta property=\"og:type\" content=\"article\" \/>\n<meta property=\"og:title\" content=\"Infantino 4-in-1 Deluxe Twist &amp; Fold Activity Gym &amp; Krabbeldecke mit Spielbogen, Tropisch \u2013 inklusive abnehmbarer\u2026 - Markt-XXL\" \/>\n<meta property=\"og:description\" content=\"Markt-XXL Infantino 4-in-1 Deluxe Twist &amp; Fold Activity Gym &amp; Krabbeldecke mit Spielbogen, Tropisch \u2013 inklusive abnehmbarer\u2026\" \/>\n<meta property=\"og:url\" content=\"https:\/\/marktxxl.de\/markt\/produkt\/infantino-4-in-1-deluxe-twist-fold-activity-gym-krabbeldecke-mit-spielbogen-tropisch-inklusive-abnehmbarer-spielzeuge-musical-aeffchen-spiegel-und-nackenkissen\/\" \/>\n<meta property=\"og:site_name\" content=\"Markt-XXL\" \/>\n<meta property=\"article:modified_time\" content=\"2023-04-10T03:48:07+00:00\" \/>\n<meta property=\"og:image\" content=\"https:\/\/m.media-amazon.com\/images\/I\/51NtpPCBf7L._SL500_.jpg\" \/>\n\t<meta property=\"og:image:width\" content=\"500\" \/>\n\t<meta property=\"og:image:height\" content=\"500\" \/>\n\t<meta property=\"og:image:type\" content=\"image\/jpeg\" \/>\n<meta name=\"twitter:card\" content=\"summary_large_image\" \/>\n<meta name=\"twitter:label1\" content=\"Gesch\u00e4tzte Lesezeit\" \/>\n\t<meta name=\"twitter:data1\" content=\"1\u00a0Minute\" \/>\n<script type=\"application\/ld+json\" class=\"yoast-schema-graph\">{\"@context\":\"https:\\\/\\\/schema.org\",\"@graph\":[{\"@type\":\"WebPage\",\"@id\":\"https:\\\/\\\/marktxxl.de\\\/markt\\\/produkt\\\/infantino-4-in-1-deluxe-twist-fold-activity-gym-krabbeldecke-mit-spielbogen-tropisch-inklusive-abnehmbarer-spielzeuge-musical-aeffchen-spiegel-und-nackenkissen\\\/\",\"url\":\"https:\\\/\\\/marktxxl.de\\\/markt\\\/produkt\\\/infantino-4-in-1-deluxe-twist-fold-activity-gym-krabbeldecke-mit-spielbogen-tropisch-inklusive-abnehmbarer-spielzeuge-musical-aeffchen-spiegel-und-nackenkissen\\\/\",\"name\":\"Infantino 4-in-1 Deluxe Twist &amp; Fold Activity Gym &amp; Krabbeldecke mit Spielbogen, Tropisch \u2013 inklusive abnehmbarer\u2026 - Markt-XXL\",\"isPartOf\":{\"@id\":\"https:\\\/\\\/marktxxl.de\\\/markt\\\/#website\"},\"primaryImageOfPage\":{\"@id\":\"https:\\\/\\\/marktxxl.de\\\/markt\\\/produkt\\\/infantino-4-in-1-deluxe-twist-fold-activity-gym-krabbeldecke-mit-spielbogen-tropisch-inklusive-abnehmbarer-spielzeuge-musical-aeffchen-spiegel-und-nackenkissen\\\/#primaryimage\"},\"image\":{\"@id\":\"https:\\\/\\\/marktxxl.de\\\/markt\\\/produkt\\\/infantino-4-in-1-deluxe-twist-fold-activity-gym-krabbeldecke-mit-spielbogen-tropisch-inklusive-abnehmbarer-spielzeuge-musical-aeffchen-spiegel-und-nackenkissen\\\/#primaryimage\"},\"thumbnailUrl\":\"https:\\\/\\\/m.media-amazon.com\\\/images\\\/I\\\/51NtpPCBf7L._SL500_.jpg\",\"datePublished\":\"2023-04-09T21:56:19+00:00\",\"dateModified\":\"2023-04-10T03:48:07+00:00\",\"description\":\"Markt-XXL Infantino 4-in-1 Deluxe Twist &amp; Fold Activity Gym &amp; Krabbeldecke mit Spielbogen, Tropisch \u2013 inklusive abnehmbarer\u2026\",\"breadcrumb\":{\"@id\":\"https:\\\/\\\/marktxxl.de\\\/markt\\\/produkt\\\/infantino-4-in-1-deluxe-twist-fold-activity-gym-krabbeldecke-mit-spielbogen-tropisch-inklusive-abnehmbarer-spielzeuge-musical-aeffchen-spiegel-und-nackenkissen\\\/#breadcrumb\"},\"inLanguage\":\"de\",\"potentialAction\":[{\"@type\":\"ReadAction\",\"target\":[\"https:\\\/\\\/marktxxl.de\\\/markt\\\/produkt\\\/infantino-4-in-1-deluxe-twist-fold-activity-gym-krabbeldecke-mit-spielbogen-tropisch-inklusive-abnehmbarer-spielzeuge-musical-aeffchen-spiegel-und-nackenkissen\\\/\"]}]},{\"@type\":\"ImageObject\",\"inLanguage\":\"de\",\"@id\":\"https:\\\/\\\/marktxxl.de\\\/markt\\\/produkt\\\/infantino-4-in-1-deluxe-twist-fold-activity-gym-krabbeldecke-mit-spielbogen-tropisch-inklusive-abnehmbarer-spielzeuge-musical-aeffchen-spiegel-und-nackenkissen\\\/#primaryimage\",\"url\":\"https:\\\/\\\/m.media-amazon.com\\\/images\\\/I\\\/51NtpPCBf7L._SL500_.jpg\",\"contentUrl\":\"https:\\\/\\\/m.media-amazon.com\\\/images\\\/I\\\/51NtpPCBf7L._SL500_.jpg\",\"width\":500,\"height\":500},{\"@type\":\"BreadcrumbList\",\"@id\":\"https:\\\/\\\/marktxxl.de\\\/markt\\\/produkt\\\/infantino-4-in-1-deluxe-twist-fold-activity-gym-krabbeldecke-mit-spielbogen-tropisch-inklusive-abnehmbarer-spielzeuge-musical-aeffchen-spiegel-und-nackenkissen\\\/#breadcrumb\",\"itemListElement\":[{\"@type\":\"ListItem\",\"position\":1,\"name\":\"Startseite\",\"item\":\"https:\\\/\\\/marktxxl.de\\\/markt\\\/\"},{\"@type\":\"ListItem\",\"position\":2,\"name\":\"Markt\",\"item\":\"https:\\\/\\\/marktxxl.de\\\/markt\\\/\"},{\"@type\":\"ListItem\",\"position\":3,\"name\":\"Infantino 4-in-1 Deluxe Twist &amp; Fold Activity Gym &amp; Krabbeldecke mit Spielbogen, Tropisch \u2013 inklusive abnehmbarer\u2026\"}]},{\"@type\":\"WebSite\",\"@id\":\"https:\\\/\\\/marktxxl.de\\\/markt\\\/#website\",\"url\":\"https:\\\/\\\/marktxxl.de\\\/markt\\\/\",\"name\":\"Markt-XXL\",\"description\":\"Ihr Markt Online\",\"publisher\":{\"@id\":\"https:\\\/\\\/marktxxl.de\\\/markt\\\/#organization\"},\"potentialAction\":[{\"@type\":\"SearchAction\",\"target\":{\"@type\":\"EntryPoint\",\"urlTemplate\":\"https:\\\/\\\/marktxxl.de\\\/markt\\\/?s={search_term_string}\"},\"query-input\":{\"@type\":\"PropertyValueSpecification\",\"valueRequired\":true,\"valueName\":\"search_term_string\"}}],\"inLanguage\":\"de\"},{\"@type\":\"Organization\",\"@id\":\"https:\\\/\\\/marktxxl.de\\\/markt\\\/#organization\",\"name\":\"Markt-XXL\",\"url\":\"https:\\\/\\\/marktxxl.de\\\/markt\\\/\",\"logo\":{\"@type\":\"ImageObject\",\"inLanguage\":\"de\",\"@id\":\"https:\\\/\\\/marktxxl.de\\\/markt\\\/#\\\/schema\\\/logo\\\/image\\\/\",\"url\":\"https:\\\/\\\/marktxxl.de\\\/markt\\\/wp-content\\\/uploads\\\/sites\\\/3\\\/2020\\\/12\\\/logo.png\",\"contentUrl\":\"https:\\\/\\\/marktxxl.de\\\/markt\\\/wp-content\\\/uploads\\\/sites\\\/3\\\/2020\\\/12\\\/logo.png\",\"width\":200,\"height\":70,\"caption\":\"Markt-XXL\"},\"image\":{\"@id\":\"https:\\\/\\\/marktxxl.de\\\/markt\\\/#\\\/schema\\\/logo\\\/image\\\/\"}}]}<\/script>\n<!-- \/ Yoast SEO plugin. -->","yoast_head_json":{"title":"Infantino 4-in-1 Deluxe Twist &amp; Fold Activity Gym &amp; Krabbeldecke mit Spielbogen, Tropisch \u2013 inklusive abnehmbarer\u2026 - Markt-XXL","description":"Markt-XXL Infantino 4-in-1 Deluxe Twist &amp; Fold Activity Gym &amp; Krabbeldecke mit Spielbogen, Tropisch \u2013 inklusive abnehmbarer\u2026","robots":{"index":"index","follow":"follow","max-snippet":"max-snippet:-1","max-image-preview":"max-image-preview:large","max-video-preview":"max-video-preview:-1"},"canonical":"https:\/\/marktxxl.de\/markt\/produkt\/infantino-4-in-1-deluxe-twist-fold-activity-gym-krabbeldecke-mit-spielbogen-tropisch-inklusive-abnehmbarer-spielzeuge-musical-aeffchen-spiegel-und-nackenkissen\/","og_locale":"de_DE","og_type":"article","og_title":"Infantino 4-in-1 Deluxe Twist &amp; Fold Activity Gym &amp; Krabbeldecke mit Spielbogen, Tropisch \u2013 inklusive abnehmbarer\u2026 - Markt-XXL","og_description":"Markt-XXL Infantino 4-in-1 Deluxe Twist &amp; Fold Activity Gym &amp; Krabbeldecke mit Spielbogen, Tropisch \u2013 inklusive abnehmbarer\u2026","og_url":"https:\/\/marktxxl.de\/markt\/produkt\/infantino-4-in-1-deluxe-twist-fold-activity-gym-krabbeldecke-mit-spielbogen-tropisch-inklusive-abnehmbarer-spielzeuge-musical-aeffchen-spiegel-und-nackenkissen\/","og_site_name":"Markt-XXL","article_modified_time":"2023-04-10T03:48:07+00:00","og_image":[{"width":500,"height":500,"url":"https:\/\/m.media-amazon.com\/images\/I\/51NtpPCBf7L._SL500_.jpg","type":"image\/jpeg"}],"twitter_card":"summary_large_image","twitter_misc":{"Gesch\u00e4tzte Lesezeit":"1\u00a0Minute"},"schema":{"@context":"https:\/\/schema.org","@graph":[{"@type":"WebPage","@id":"https:\/\/marktxxl.de\/markt\/produkt\/infantino-4-in-1-deluxe-twist-fold-activity-gym-krabbeldecke-mit-spielbogen-tropisch-inklusive-abnehmbarer-spielzeuge-musical-aeffchen-spiegel-und-nackenkissen\/","url":"https:\/\/marktxxl.de\/markt\/produkt\/infantino-4-in-1-deluxe-twist-fold-activity-gym-krabbeldecke-mit-spielbogen-tropisch-inklusive-abnehmbarer-spielzeuge-musical-aeffchen-spiegel-und-nackenkissen\/","name":"Infantino 4-in-1 Deluxe Twist &amp; Fold Activity Gym &amp; Krabbeldecke mit Spielbogen, Tropisch \u2013 inklusive abnehmbarer\u2026 - Markt-XXL","isPartOf":{"@id":"https:\/\/marktxxl.de\/markt\/#website"},"primaryImageOfPage":{"@id":"https:\/\/marktxxl.de\/markt\/produkt\/infantino-4-in-1-deluxe-twist-fold-activity-gym-krabbeldecke-mit-spielbogen-tropisch-inklusive-abnehmbarer-spielzeuge-musical-aeffchen-spiegel-und-nackenkissen\/#primaryimage"},"image":{"@id":"https:\/\/marktxxl.de\/markt\/produkt\/infantino-4-in-1-deluxe-twist-fold-activity-gym-krabbeldecke-mit-spielbogen-tropisch-inklusive-abnehmbarer-spielzeuge-musical-aeffchen-spiegel-und-nackenkissen\/#primaryimage"},"thumbnailUrl":"https:\/\/m.media-amazon.com\/images\/I\/51NtpPCBf7L._SL500_.jpg","datePublished":"2023-04-09T21:56:19+00:00","dateModified":"2023-04-10T03:48:07+00:00","description":"Markt-XXL Infantino 4-in-1 Deluxe Twist &amp; Fold Activity Gym &amp; Krabbeldecke mit Spielbogen, Tropisch \u2013 inklusive abnehmbarer\u2026","breadcrumb":{"@id":"https:\/\/marktxxl.de\/markt\/produkt\/infantino-4-in-1-deluxe-twist-fold-activity-gym-krabbeldecke-mit-spielbogen-tropisch-inklusive-abnehmbarer-spielzeuge-musical-aeffchen-spiegel-und-nackenkissen\/#breadcrumb"},"inLanguage":"de","potentialAction":[{"@type":"ReadAction","target":["https:\/\/marktxxl.de\/markt\/produkt\/infantino-4-in-1-deluxe-twist-fold-activity-gym-krabbeldecke-mit-spielbogen-tropisch-inklusive-abnehmbarer-spielzeuge-musical-aeffchen-spiegel-und-nackenkissen\/"]}]},{"@type":"ImageObject","inLanguage":"de","@id":"https:\/\/marktxxl.de\/markt\/produkt\/infantino-4-in-1-deluxe-twist-fold-activity-gym-krabbeldecke-mit-spielbogen-tropisch-inklusive-abnehmbarer-spielzeuge-musical-aeffchen-spiegel-und-nackenkissen\/#primaryimage","url":"https:\/\/m.media-amazon.com\/images\/I\/51NtpPCBf7L._SL500_.jpg","contentUrl":"https:\/\/m.media-amazon.com\/images\/I\/51NtpPCBf7L._SL500_.jpg","width":500,"height":500},{"@type":"BreadcrumbList","@id":"https:\/\/marktxxl.de\/markt\/produkt\/infantino-4-in-1-deluxe-twist-fold-activity-gym-krabbeldecke-mit-spielbogen-tropisch-inklusive-abnehmbarer-spielzeuge-musical-aeffchen-spiegel-und-nackenkissen\/#breadcrumb","itemListElement":[{"@type":"ListItem","position":1,"name":"Startseite","item":"https:\/\/marktxxl.de\/markt\/"},{"@type":"ListItem","position":2,"name":"Markt","item":"https:\/\/marktxxl.de\/markt\/"},{"@type":"ListItem","position":3,"name":"Infantino 4-in-1 Deluxe Twist &amp; Fold Activity Gym &amp; Krabbeldecke mit Spielbogen, Tropisch \u2013 inklusive abnehmbarer\u2026"}]},{"@type":"WebSite","@id":"https:\/\/marktxxl.de\/markt\/#website","url":"https:\/\/marktxxl.de\/markt\/","name":"Markt-XXL","description":"Ihr Markt Online","publisher":{"@id":"https:\/\/marktxxl.de\/markt\/#organization"},"potentialAction":[{"@type":"SearchAction","target":{"@type":"EntryPoint","urlTemplate":"https:\/\/marktxxl.de\/markt\/?s={search_term_string}"},"query-input":{"@type":"PropertyValueSpecification","valueRequired":true,"valueName":"search_term_string"}}],"inLanguage":"de"},{"@type":"Organization","@id":"https:\/\/marktxxl.de\/markt\/#organization","name":"Markt-XXL","url":"https:\/\/marktxxl.de\/markt\/","logo":{"@type":"ImageObject","inLanguage":"de","@id":"https:\/\/marktxxl.de\/markt\/#\/schema\/logo\/image\/","url":"https:\/\/marktxxl.de\/markt\/wp-content\/uploads\/sites\/3\/2020\/12\/logo.png","contentUrl":"https:\/\/marktxxl.de\/markt\/wp-content\/uploads\/sites\/3\/2020\/12\/logo.png","width":200,"height":70,"caption":"Markt-XXL"},"image":{"@id":"https:\/\/marktxxl.de\/markt\/#\/schema\/logo\/image\/"}}]}},"_links":{"self":[{"href":"https:\/\/marktxxl.de\/markt\/wp-json\/wp\/v2\/product\/197600","targetHints":{"allow":["GET"]}}],"collection":[{"href":"https:\/\/marktxxl.de\/markt\/wp-json\/wp\/v2\/product"}],"about":[{"href":"https:\/\/marktxxl.de\/markt\/wp-json\/wp\/v2\/types\/product"}],"replies":[{"embeddable":true,"href":"https:\/\/marktxxl.de\/markt\/wp-json\/wp\/v2\/comments?post=197600"}],"wp:featuredmedia":[{"embeddable":true,"href":"https:\/\/marktxxl.de\/markt\/wp-json\/wp\/v2\/media\/197601"}],"wp:attachment":[{"href":"https:\/\/marktxxl.de\/markt\/wp-json\/wp\/v2\/media?parent=197600"}],"wp:term":[{"taxonomy":"product_brand","embeddable":true,"href":"https:\/\/marktxxl.de\/markt\/wp-json\/wp\/v2\/product_brand?post=197600"},{"taxonomy":"product_cat","embeddable":true,"href":"https:\/\/marktxxl.de\/markt\/wp-json\/wp\/v2\/product_cat?post=197600"},{"taxonomy":"product_tag","embeddable":true,"href":"https:\/\/marktxxl.de\/markt\/wp-json\/wp\/v2\/product_tag?post=197600"}],"curies":[{"name":"wp","href":"https:\/\/api.w.org\/{rel}","templated":true}]}}