{"id":197571,"date":"2023-04-09T23:55:23","date_gmt":"2023-04-09T21:55:23","guid":{"rendered":"https:\/\/marktxxl.de\/markt\/produkt\/babydecke-100-bio-baumwolle-ajour-pointelle-strick-natur-creme-rosa-braun-neugeborenen-baby-decke-maedchen-junge-strickdecke-taufdecke-baumwolldecke-sommerdecke-erstausstattung-geschenk-geburt-taufe\/"},"modified":"2023-04-10T05:48:06","modified_gmt":"2023-04-10T03:48:06","slug":"babydecke-100-bio-baumwolle-ajour-pointelle-strick-natur-creme-rosa-braun-neugeborenen-baby-decke-maedchen-junge-strickdecke-taufdecke-baumwolldecke-sommerdecke-erstausstattung-geschenk-geburt-taufe","status":"publish","type":"product","link":"https:\/\/marktxxl.de\/markt\/produkt\/babydecke-100-bio-baumwolle-ajour-pointelle-strick-natur-creme-rosa-braun-neugeborenen-baby-decke-maedchen-junge-strickdecke-taufdecke-baumwolldecke-sommerdecke-erstausstattung-geschenk-geburt-taufe\/","title":{"rendered":"DIKOS\u00ae Babydecke Ajour Sommer Strick Cappuccino | 100% Bio-Baumwolle Neugeborenen Decke | Kuscheldecke Strick M\u00e4dchen\u2026"},"content":{"rendered":"<p>\u2600\ufe0fHOCHWERTIGE BIO QUALIT\u00c4T &amp; OPTIMALE GR\u00d6\u00dfE: Die BIO-Baumwoll-Babydecke ist 75&#215;100 cm gro\u00df. Sie ist in einem dezenten Ajour-Strickmuster gehalten und ist durch das nat\u00fcrliche Material sehr atmungsaktiv. Das edle und schlichte Design l\u00e4sst die Decke stylisch aussehen. Die Decke ist bei 30 Grad leicht waschbar. Die Babydecke ist in einer nachhaltigen Box mit einer Baumwollschleife verpackt und l\u00e4sst sich damit auch bestens verschenken.<br \/>\n\u2600\ufe0fTRENDIGES und ZEITLOSES DESIGN: Die Baby Strickdecke besteht aus einem schlichten Ajour-Strickmuster. Die Mischung aus dem edlen Strick und der feinen BIO-Baumwolle l\u00e4sst sofort erkennen, dass sie hochwertig ist. Diese kuschlige Neugeborenendecke ist ein wahrer Design Hingucker f\u00fcr eine hochwertige Babyausstattung.<br \/>\n\u2600\ufe0fVIELE EINSATZM\u00d6GLICHKEITEN: Eine gute Baby-Decke wird im Laufe des Baby- und Kleinkindalters sehr h\u00e4ufig gebraucht. Die Babydecke kommt sehr h\u00e4ufig zu Hause zum Einsatz. Ob zum Spielen, Zudecken beim Schlafen, Krabbeln oder im Laufstall, sie wird h\u00e4ufig im Alltag verwendet. Aber auch im Outdoor Bereich zum Mitnehmen f\u00fcr Drau\u00dfen darf sie nie fehlen. Hier wird sie h\u00e4ufig f\u00fcr den Kindersitz, Kinderwagen oder Buggy, Autoschale oder als Wickel-Unterlage f\u00fcr unterwegs verwendet.<br \/>\n\u2600\ufe0fPERFEKTES GESCHENK in EDLER VERPACKUNG: Sie m\u00f6chten etwas f\u00fcr die Erstlingsausstattung eines Neugeborenen schenken, das unabh\u00e4ngig von seiner Gr\u00f6\u00dfe ist und sehr h\u00e4ufig genutzt wird. Dann haben Sie Ihr perfektes Geschenk zur Geburt gefunden \u2013 das nachhaltige Babydecke-Set! Ob Sie als Tante, Patentante oder Gro\u00dfeltern ein Baby-Starterset suchen, diese Geschenk-Idee wird Mama und Papa lange in Erinnerung bleiben. Die hochwertige Box mit Schleife macht das Geschenk zu einem echten Hingucker.<br \/>\n\u2600\ufe0fNAT\u00dcRLICHE FARBEN: Aufgrund ihres zarten Designs l\u00e4sst sich diese Decke zur feierlichen Taufe als Taufgeschenk oder einem Baby-Fotoshooting als eins der Requisiten einsetzten. Die Babybaumwolldecke l\u00e4sst sich sowohl f\u00fcr Jungen als auch f\u00fcr M\u00e4dchen nutzen. Sie ist in den dezenten unisex Farben creme-wei\u00df, altrosa und braun verf\u00fcgbar. Ihr stylisches Design schm\u00fcckt jedes Baby-Zimmer und darf bei keiner Baby Erstausstattung fehlen.<br \/>\n<div class=\"main-cross-sell\" data-asin=\"B08XMH22HC\">\n\n\t<div class=\"WooZone-cross-sell-loader\">\n\t\t<div>\n\t\t\t<div id=\"floatingBarsG\">\n\t\t\t\t<div class=\"blockG\" id=\"rotateG_01\"><\/div>\n\t\t\t\t<div class=\"blockG\" id=\"rotateG_02\"><\/div>\n\t\t\t\t<div class=\"blockG\" id=\"rotateG_03\"><\/div>\n\t\t\t\t<div class=\"blockG\" id=\"rotateG_04\"><\/div>\n\t\t\t\t<div class=\"blockG\" id=\"rotateG_05\"><\/div>\n\t\t\t\t<div class=\"blockG\" id=\"rotateG_06\"><\/div>\n\t\t\t\t<div class=\"blockG\" id=\"rotateG_07\"><\/div>\n\t\t\t\t<div class=\"blockG\" id=\"rotateG_08\"><\/div>\n\t\t\t<\/div>\n\t\t\t<div class=\"WooZone-cross-sell-loader-text\"><\/div>\n\t\t<\/div>\n\t<\/div>\n\n\t\t\n<\/div>\n<div style=\"clear:both;\"><\/div><\/p>\n","protected":false},"excerpt":{"rendered":"<p>\u2600\ufe0fHOCHWERTIGE BIO QUALIT\u00c4T &amp; OPTIMALE GR\u00d6\u00dfE: Die BIO-Baumwoll-Babydecke ist 75&#215;100 cm gro\u00df. Sie ist in einem dezenten Ajour-Strickmuster gehalten und ist durch das nat\u00fcrliche Material sehr atmungsaktiv. Das edle und schlichte Design l\u00e4sst die Decke stylisch aussehen. Die Decke ist bei 30 Grad leicht waschbar. Die Babydecke ist in einer nachhaltigen Box mit einer Baumwollschleife verpackt und l\u00e4sst sich damit auch bestens verschenken.<br \/>\n\u2600\ufe0fTRENDIGES und ZEITLOSES DESIGN: Die Baby Strickdecke besteht aus einem schlichten Ajour-Strickmuster. Die Mischung aus dem edlen Strick und der feinen BIO-Baumwolle l\u00e4sst sofort erkennen, dass sie hochwertig ist. Diese kuschlige Neugeborenendecke ist ein wahrer Design Hingucker f\u00fcr eine hochwertige Babyausstattung.<br \/>\n\u2600\ufe0fVIELE EINSATZM\u00d6GLICHKEITEN: Eine gute Baby-Decke wird im Laufe des Baby- und Kleinkindalters sehr h\u00e4ufig gebraucht. Die Babydecke kommt sehr h\u00e4ufig zu Hause zum Einsatz. Ob zum Spielen, Zudecken beim Schlafen, Krabbeln oder im Laufstall, sie wird h\u00e4ufig im Alltag verwendet. Aber auch im Outdoor Bereich zum Mitnehmen f\u00fcr Drau\u00dfen darf sie nie fehlen. Hier wird sie h\u00e4ufig f\u00fcr den Kindersitz, Kinderwagen oder Buggy, Autoschale oder als Wickel-Unterlage f\u00fcr unterwegs verwendet.<\/p>\n","protected":false},"featured_media":197572,"comment_status":"open","ping_status":"closed","template":"","meta":[],"product_brand":[],"product_cat":[21,8825],"product_tag":[],"class_list":{"0":"post-197571","1":"product","2":"type-product","3":"status-publish","4":"has-post-thumbnail","6":"product_cat-baby","7":"product_cat-baby-kleinkinderzimmer-baby","8":"pa_brand-dikos","9":"pa_manufacturer-dikos","10":"pa_size-70-x-100-cm","12":"first","13":"instock","14":"shipping-taxable","15":"purchasable","16":"product-type-simple","17":"customify-col","18":"product-has-gallery"},"yoast_head":"<!-- This site is optimized with the Yoast SEO plugin v27.4 - https:\/\/yoast.com\/product\/yoast-seo-wordpress\/ -->\n<title>DIKOS\u00ae Babydecke Ajour Sommer Strick Cappuccino | 100% Bio-Baumwolle Neugeborenen Decke | Kuscheldecke Strick M\u00e4dchen\u2026 - Markt-XXL<\/title>\n<meta name=\"description\" content=\"Markt-XXL DIKOS\u00ae Babydecke Ajour Sommer Strick Cappuccino | 100% Bio-Baumwolle Neugeborenen Decke | Kuscheldecke Strick M\u00e4dchen\u2026\" \/>\n<meta name=\"robots\" content=\"index, follow, max-snippet:-1, max-image-preview:large, max-video-preview:-1\" \/>\n<link rel=\"canonical\" href=\"https:\/\/marktxxl.de\/markt\/produkt\/babydecke-100-bio-baumwolle-ajour-pointelle-strick-natur-creme-rosa-braun-neugeborenen-baby-decke-maedchen-junge-strickdecke-taufdecke-baumwolldecke-sommerdecke-erstausstattung-geschenk-geburt-taufe\/\" \/>\n<meta property=\"og:locale\" content=\"de_DE\" \/>\n<meta property=\"og:type\" content=\"article\" \/>\n<meta property=\"og:title\" content=\"DIKOS\u00ae Babydecke Ajour Sommer Strick Cappuccino | 100% Bio-Baumwolle Neugeborenen Decke | Kuscheldecke Strick M\u00e4dchen\u2026 - Markt-XXL\" \/>\n<meta property=\"og:description\" content=\"Markt-XXL DIKOS\u00ae Babydecke Ajour Sommer Strick Cappuccino | 100% Bio-Baumwolle Neugeborenen Decke | Kuscheldecke Strick M\u00e4dchen\u2026\" \/>\n<meta property=\"og:url\" content=\"https:\/\/marktxxl.de\/markt\/produkt\/babydecke-100-bio-baumwolle-ajour-pointelle-strick-natur-creme-rosa-braun-neugeborenen-baby-decke-maedchen-junge-strickdecke-taufdecke-baumwolldecke-sommerdecke-erstausstattung-geschenk-geburt-taufe\/\" \/>\n<meta property=\"og:site_name\" content=\"Markt-XXL\" \/>\n<meta property=\"article:modified_time\" content=\"2023-04-10T03:48:06+00:00\" \/>\n<meta property=\"og:image\" content=\"https:\/\/m.media-amazon.com\/images\/I\/61cSk+K65bL._SL500_.jpg\" \/>\n\t<meta property=\"og:image:width\" content=\"500\" \/>\n\t<meta property=\"og:image:height\" content=\"500\" \/>\n\t<meta property=\"og:image:type\" content=\"image\/jpeg\" \/>\n<meta name=\"twitter:card\" content=\"summary_large_image\" \/>\n<meta name=\"twitter:label1\" content=\"Gesch\u00e4tzte Lesezeit\" \/>\n\t<meta name=\"twitter:data1\" content=\"2\u00a0Minuten\" \/>\n<script type=\"application\/ld+json\" class=\"yoast-schema-graph\">{\"@context\":\"https:\\\/\\\/schema.org\",\"@graph\":[{\"@type\":\"WebPage\",\"@id\":\"https:\\\/\\\/marktxxl.de\\\/markt\\\/produkt\\\/babydecke-100-bio-baumwolle-ajour-pointelle-strick-natur-creme-rosa-braun-neugeborenen-baby-decke-maedchen-junge-strickdecke-taufdecke-baumwolldecke-sommerdecke-erstausstattung-geschenk-geburt-taufe\\\/\",\"url\":\"https:\\\/\\\/marktxxl.de\\\/markt\\\/produkt\\\/babydecke-100-bio-baumwolle-ajour-pointelle-strick-natur-creme-rosa-braun-neugeborenen-baby-decke-maedchen-junge-strickdecke-taufdecke-baumwolldecke-sommerdecke-erstausstattung-geschenk-geburt-taufe\\\/\",\"name\":\"DIKOS\u00ae Babydecke Ajour Sommer Strick Cappuccino | 100% Bio-Baumwolle Neugeborenen Decke | Kuscheldecke Strick M\u00e4dchen\u2026 - Markt-XXL\",\"isPartOf\":{\"@id\":\"https:\\\/\\\/marktxxl.de\\\/markt\\\/#website\"},\"primaryImageOfPage\":{\"@id\":\"https:\\\/\\\/marktxxl.de\\\/markt\\\/produkt\\\/babydecke-100-bio-baumwolle-ajour-pointelle-strick-natur-creme-rosa-braun-neugeborenen-baby-decke-maedchen-junge-strickdecke-taufdecke-baumwolldecke-sommerdecke-erstausstattung-geschenk-geburt-taufe\\\/#primaryimage\"},\"image\":{\"@id\":\"https:\\\/\\\/marktxxl.de\\\/markt\\\/produkt\\\/babydecke-100-bio-baumwolle-ajour-pointelle-strick-natur-creme-rosa-braun-neugeborenen-baby-decke-maedchen-junge-strickdecke-taufdecke-baumwolldecke-sommerdecke-erstausstattung-geschenk-geburt-taufe\\\/#primaryimage\"},\"thumbnailUrl\":\"https:\\\/\\\/m.media-amazon.com\\\/images\\\/I\\\/61cSk+K65bL._SL500_.jpg\",\"datePublished\":\"2023-04-09T21:55:23+00:00\",\"dateModified\":\"2023-04-10T03:48:06+00:00\",\"description\":\"Markt-XXL DIKOS\u00ae Babydecke Ajour Sommer Strick Cappuccino | 100% Bio-Baumwolle Neugeborenen Decke | Kuscheldecke Strick M\u00e4dchen\u2026\",\"breadcrumb\":{\"@id\":\"https:\\\/\\\/marktxxl.de\\\/markt\\\/produkt\\\/babydecke-100-bio-baumwolle-ajour-pointelle-strick-natur-creme-rosa-braun-neugeborenen-baby-decke-maedchen-junge-strickdecke-taufdecke-baumwolldecke-sommerdecke-erstausstattung-geschenk-geburt-taufe\\\/#breadcrumb\"},\"inLanguage\":\"de\",\"potentialAction\":[{\"@type\":\"ReadAction\",\"target\":[\"https:\\\/\\\/marktxxl.de\\\/markt\\\/produkt\\\/babydecke-100-bio-baumwolle-ajour-pointelle-strick-natur-creme-rosa-braun-neugeborenen-baby-decke-maedchen-junge-strickdecke-taufdecke-baumwolldecke-sommerdecke-erstausstattung-geschenk-geburt-taufe\\\/\"]}]},{\"@type\":\"ImageObject\",\"inLanguage\":\"de\",\"@id\":\"https:\\\/\\\/marktxxl.de\\\/markt\\\/produkt\\\/babydecke-100-bio-baumwolle-ajour-pointelle-strick-natur-creme-rosa-braun-neugeborenen-baby-decke-maedchen-junge-strickdecke-taufdecke-baumwolldecke-sommerdecke-erstausstattung-geschenk-geburt-taufe\\\/#primaryimage\",\"url\":\"https:\\\/\\\/m.media-amazon.com\\\/images\\\/I\\\/61cSk+K65bL._SL500_.jpg\",\"contentUrl\":\"https:\\\/\\\/m.media-amazon.com\\\/images\\\/I\\\/61cSk+K65bL._SL500_.jpg\",\"width\":500,\"height\":500},{\"@type\":\"BreadcrumbList\",\"@id\":\"https:\\\/\\\/marktxxl.de\\\/markt\\\/produkt\\\/babydecke-100-bio-baumwolle-ajour-pointelle-strick-natur-creme-rosa-braun-neugeborenen-baby-decke-maedchen-junge-strickdecke-taufdecke-baumwolldecke-sommerdecke-erstausstattung-geschenk-geburt-taufe\\\/#breadcrumb\",\"itemListElement\":[{\"@type\":\"ListItem\",\"position\":1,\"name\":\"Startseite\",\"item\":\"https:\\\/\\\/marktxxl.de\\\/markt\\\/\"},{\"@type\":\"ListItem\",\"position\":2,\"name\":\"Markt\",\"item\":\"https:\\\/\\\/marktxxl.de\\\/markt\\\/\"},{\"@type\":\"ListItem\",\"position\":3,\"name\":\"DIKOS\u00ae Babydecke Ajour Sommer Strick Cappuccino | 100% Bio-Baumwolle Neugeborenen Decke | Kuscheldecke Strick M\u00e4dchen\u2026\"}]},{\"@type\":\"WebSite\",\"@id\":\"https:\\\/\\\/marktxxl.de\\\/markt\\\/#website\",\"url\":\"https:\\\/\\\/marktxxl.de\\\/markt\\\/\",\"name\":\"Markt-XXL\",\"description\":\"Ihr Markt Online\",\"publisher\":{\"@id\":\"https:\\\/\\\/marktxxl.de\\\/markt\\\/#organization\"},\"potentialAction\":[{\"@type\":\"SearchAction\",\"target\":{\"@type\":\"EntryPoint\",\"urlTemplate\":\"https:\\\/\\\/marktxxl.de\\\/markt\\\/?s={search_term_string}\"},\"query-input\":{\"@type\":\"PropertyValueSpecification\",\"valueRequired\":true,\"valueName\":\"search_term_string\"}}],\"inLanguage\":\"de\"},{\"@type\":\"Organization\",\"@id\":\"https:\\\/\\\/marktxxl.de\\\/markt\\\/#organization\",\"name\":\"Markt-XXL\",\"url\":\"https:\\\/\\\/marktxxl.de\\\/markt\\\/\",\"logo\":{\"@type\":\"ImageObject\",\"inLanguage\":\"de\",\"@id\":\"https:\\\/\\\/marktxxl.de\\\/markt\\\/#\\\/schema\\\/logo\\\/image\\\/\",\"url\":\"https:\\\/\\\/marktxxl.de\\\/markt\\\/wp-content\\\/uploads\\\/sites\\\/3\\\/2020\\\/12\\\/logo.png\",\"contentUrl\":\"https:\\\/\\\/marktxxl.de\\\/markt\\\/wp-content\\\/uploads\\\/sites\\\/3\\\/2020\\\/12\\\/logo.png\",\"width\":200,\"height\":70,\"caption\":\"Markt-XXL\"},\"image\":{\"@id\":\"https:\\\/\\\/marktxxl.de\\\/markt\\\/#\\\/schema\\\/logo\\\/image\\\/\"}}]}<\/script>\n<!-- \/ Yoast SEO plugin. -->","yoast_head_json":{"title":"DIKOS\u00ae Babydecke Ajour Sommer Strick Cappuccino | 100% Bio-Baumwolle Neugeborenen Decke | Kuscheldecke Strick M\u00e4dchen\u2026 - Markt-XXL","description":"Markt-XXL DIKOS\u00ae Babydecke Ajour Sommer Strick Cappuccino | 100% Bio-Baumwolle Neugeborenen Decke | Kuscheldecke Strick M\u00e4dchen\u2026","robots":{"index":"index","follow":"follow","max-snippet":"max-snippet:-1","max-image-preview":"max-image-preview:large","max-video-preview":"max-video-preview:-1"},"canonical":"https:\/\/marktxxl.de\/markt\/produkt\/babydecke-100-bio-baumwolle-ajour-pointelle-strick-natur-creme-rosa-braun-neugeborenen-baby-decke-maedchen-junge-strickdecke-taufdecke-baumwolldecke-sommerdecke-erstausstattung-geschenk-geburt-taufe\/","og_locale":"de_DE","og_type":"article","og_title":"DIKOS\u00ae Babydecke Ajour Sommer Strick Cappuccino | 100% Bio-Baumwolle Neugeborenen Decke | Kuscheldecke Strick M\u00e4dchen\u2026 - Markt-XXL","og_description":"Markt-XXL DIKOS\u00ae Babydecke Ajour Sommer Strick Cappuccino | 100% Bio-Baumwolle Neugeborenen Decke | Kuscheldecke Strick M\u00e4dchen\u2026","og_url":"https:\/\/marktxxl.de\/markt\/produkt\/babydecke-100-bio-baumwolle-ajour-pointelle-strick-natur-creme-rosa-braun-neugeborenen-baby-decke-maedchen-junge-strickdecke-taufdecke-baumwolldecke-sommerdecke-erstausstattung-geschenk-geburt-taufe\/","og_site_name":"Markt-XXL","article_modified_time":"2023-04-10T03:48:06+00:00","og_image":[{"width":500,"height":500,"url":"https:\/\/m.media-amazon.com\/images\/I\/61cSk+K65bL._SL500_.jpg","type":"image\/jpeg"}],"twitter_card":"summary_large_image","twitter_misc":{"Gesch\u00e4tzte Lesezeit":"2\u00a0Minuten"},"schema":{"@context":"https:\/\/schema.org","@graph":[{"@type":"WebPage","@id":"https:\/\/marktxxl.de\/markt\/produkt\/babydecke-100-bio-baumwolle-ajour-pointelle-strick-natur-creme-rosa-braun-neugeborenen-baby-decke-maedchen-junge-strickdecke-taufdecke-baumwolldecke-sommerdecke-erstausstattung-geschenk-geburt-taufe\/","url":"https:\/\/marktxxl.de\/markt\/produkt\/babydecke-100-bio-baumwolle-ajour-pointelle-strick-natur-creme-rosa-braun-neugeborenen-baby-decke-maedchen-junge-strickdecke-taufdecke-baumwolldecke-sommerdecke-erstausstattung-geschenk-geburt-taufe\/","name":"DIKOS\u00ae Babydecke Ajour Sommer Strick Cappuccino | 100% Bio-Baumwolle Neugeborenen Decke | Kuscheldecke Strick M\u00e4dchen\u2026 - Markt-XXL","isPartOf":{"@id":"https:\/\/marktxxl.de\/markt\/#website"},"primaryImageOfPage":{"@id":"https:\/\/marktxxl.de\/markt\/produkt\/babydecke-100-bio-baumwolle-ajour-pointelle-strick-natur-creme-rosa-braun-neugeborenen-baby-decke-maedchen-junge-strickdecke-taufdecke-baumwolldecke-sommerdecke-erstausstattung-geschenk-geburt-taufe\/#primaryimage"},"image":{"@id":"https:\/\/marktxxl.de\/markt\/produkt\/babydecke-100-bio-baumwolle-ajour-pointelle-strick-natur-creme-rosa-braun-neugeborenen-baby-decke-maedchen-junge-strickdecke-taufdecke-baumwolldecke-sommerdecke-erstausstattung-geschenk-geburt-taufe\/#primaryimage"},"thumbnailUrl":"https:\/\/m.media-amazon.com\/images\/I\/61cSk+K65bL._SL500_.jpg","datePublished":"2023-04-09T21:55:23+00:00","dateModified":"2023-04-10T03:48:06+00:00","description":"Markt-XXL DIKOS\u00ae Babydecke Ajour Sommer Strick Cappuccino | 100% Bio-Baumwolle Neugeborenen Decke | Kuscheldecke Strick M\u00e4dchen\u2026","breadcrumb":{"@id":"https:\/\/marktxxl.de\/markt\/produkt\/babydecke-100-bio-baumwolle-ajour-pointelle-strick-natur-creme-rosa-braun-neugeborenen-baby-decke-maedchen-junge-strickdecke-taufdecke-baumwolldecke-sommerdecke-erstausstattung-geschenk-geburt-taufe\/#breadcrumb"},"inLanguage":"de","potentialAction":[{"@type":"ReadAction","target":["https:\/\/marktxxl.de\/markt\/produkt\/babydecke-100-bio-baumwolle-ajour-pointelle-strick-natur-creme-rosa-braun-neugeborenen-baby-decke-maedchen-junge-strickdecke-taufdecke-baumwolldecke-sommerdecke-erstausstattung-geschenk-geburt-taufe\/"]}]},{"@type":"ImageObject","inLanguage":"de","@id":"https:\/\/marktxxl.de\/markt\/produkt\/babydecke-100-bio-baumwolle-ajour-pointelle-strick-natur-creme-rosa-braun-neugeborenen-baby-decke-maedchen-junge-strickdecke-taufdecke-baumwolldecke-sommerdecke-erstausstattung-geschenk-geburt-taufe\/#primaryimage","url":"https:\/\/m.media-amazon.com\/images\/I\/61cSk+K65bL._SL500_.jpg","contentUrl":"https:\/\/m.media-amazon.com\/images\/I\/61cSk+K65bL._SL500_.jpg","width":500,"height":500},{"@type":"BreadcrumbList","@id":"https:\/\/marktxxl.de\/markt\/produkt\/babydecke-100-bio-baumwolle-ajour-pointelle-strick-natur-creme-rosa-braun-neugeborenen-baby-decke-maedchen-junge-strickdecke-taufdecke-baumwolldecke-sommerdecke-erstausstattung-geschenk-geburt-taufe\/#breadcrumb","itemListElement":[{"@type":"ListItem","position":1,"name":"Startseite","item":"https:\/\/marktxxl.de\/markt\/"},{"@type":"ListItem","position":2,"name":"Markt","item":"https:\/\/marktxxl.de\/markt\/"},{"@type":"ListItem","position":3,"name":"DIKOS\u00ae Babydecke Ajour Sommer Strick Cappuccino | 100% Bio-Baumwolle Neugeborenen Decke | Kuscheldecke Strick M\u00e4dchen\u2026"}]},{"@type":"WebSite","@id":"https:\/\/marktxxl.de\/markt\/#website","url":"https:\/\/marktxxl.de\/markt\/","name":"Markt-XXL","description":"Ihr Markt Online","publisher":{"@id":"https:\/\/marktxxl.de\/markt\/#organization"},"potentialAction":[{"@type":"SearchAction","target":{"@type":"EntryPoint","urlTemplate":"https:\/\/marktxxl.de\/markt\/?s={search_term_string}"},"query-input":{"@type":"PropertyValueSpecification","valueRequired":true,"valueName":"search_term_string"}}],"inLanguage":"de"},{"@type":"Organization","@id":"https:\/\/marktxxl.de\/markt\/#organization","name":"Markt-XXL","url":"https:\/\/marktxxl.de\/markt\/","logo":{"@type":"ImageObject","inLanguage":"de","@id":"https:\/\/marktxxl.de\/markt\/#\/schema\/logo\/image\/","url":"https:\/\/marktxxl.de\/markt\/wp-content\/uploads\/sites\/3\/2020\/12\/logo.png","contentUrl":"https:\/\/marktxxl.de\/markt\/wp-content\/uploads\/sites\/3\/2020\/12\/logo.png","width":200,"height":70,"caption":"Markt-XXL"},"image":{"@id":"https:\/\/marktxxl.de\/markt\/#\/schema\/logo\/image\/"}}]}},"_links":{"self":[{"href":"https:\/\/marktxxl.de\/markt\/wp-json\/wp\/v2\/product\/197571","targetHints":{"allow":["GET"]}}],"collection":[{"href":"https:\/\/marktxxl.de\/markt\/wp-json\/wp\/v2\/product"}],"about":[{"href":"https:\/\/marktxxl.de\/markt\/wp-json\/wp\/v2\/types\/product"}],"replies":[{"embeddable":true,"href":"https:\/\/marktxxl.de\/markt\/wp-json\/wp\/v2\/comments?post=197571"}],"wp:featuredmedia":[{"embeddable":true,"href":"https:\/\/marktxxl.de\/markt\/wp-json\/wp\/v2\/media\/197572"}],"wp:attachment":[{"href":"https:\/\/marktxxl.de\/markt\/wp-json\/wp\/v2\/media?parent=197571"}],"wp:term":[{"taxonomy":"product_brand","embeddable":true,"href":"https:\/\/marktxxl.de\/markt\/wp-json\/wp\/v2\/product_brand?post=197571"},{"taxonomy":"product_cat","embeddable":true,"href":"https:\/\/marktxxl.de\/markt\/wp-json\/wp\/v2\/product_cat?post=197571"},{"taxonomy":"product_tag","embeddable":true,"href":"https:\/\/marktxxl.de\/markt\/wp-json\/wp\/v2\/product_tag?post=197571"}],"curies":[{"name":"wp","href":"https:\/\/api.w.org\/{rel}","templated":true}]}}