{"id":197562,"date":"2023-04-09T23:55:09","date_gmt":"2023-04-09T21:55:09","guid":{"rendered":"https:\/\/marktxxl.de\/markt\/produkt\/mama-poppins-babydecke-kuscheldecke-mit-suessem-schriftzug-glueckskind-aus-100-musselin-bio-baumwolle-4-lagig-extra-weich-120x120-cm-pucktuch-stilltuch-krabbeldecke-und-kinderwagendecke\/"},"modified":"2023-04-10T05:48:06","modified_gmt":"2023-04-10T03:48:06","slug":"mama-poppins-babydecke-kuscheldecke-mit-suessem-schriftzug-glueckskind-aus-100-musselin-bio-baumwolle-4-lagig-extra-weich-120x120-cm-pucktuch-stilltuch-krabbeldecke-und-kinderwagendecke","status":"publish","type":"product","link":"https:\/\/marktxxl.de\/markt\/produkt\/mama-poppins-babydecke-kuscheldecke-mit-suessem-schriftzug-glueckskind-aus-100-musselin-bio-baumwolle-4-lagig-extra-weich-120x120-cm-pucktuch-stilltuch-krabbeldecke-und-kinderwagendecke\/","title":{"rendered":"Mama Poppins | Babydecke Kuscheldecke mit s\u00fc\u00dfem Schriftzug Gl\u00fcckskind aus 100% Musselin Bio-Baumwolle. 4-lagig, extra\u2026"},"content":{"rendered":"<p>\ud83c\udf81 DAS PERFEKTE GESCHENK f\u00fcr Eltern mit Kind. Neben einem einzigartigen Design ist unser Produkt qualitativ hochwertig und mit viel Liebe entworfen. Zus\u00e4tzlich erhalten Sie das Produkt in einer sch\u00f6nen selbstentworfenen Verpackung.<br \/>\n\ud83e\udd31 PRAKTISCH UND VIELSEITIG | Mama Poppins 120cm x 120cm 4-lagige Mulldecke macht das Elternsein einfacher. Die Decke ist vielseitig und dient als Kinderwagen-, Krabbel-, Bett-, Still- und Puckdecke. Die Decke wird Ihnen und Ihren Liebsten hoffentlich viel Freude bereiten.<br \/>\n\u2705 EINFACH ZU WASCHEN | Pflegeanleitung: Maschinenwaschbar in warmen Wasser, im Trockner trocknen, nicht bleichen.<br \/>\n\u267b\ufe0f NACHHALTIG | Unsere Decken werden aus 100% Bio-Baumwolle hergestellt. Wir arbeiten nur mit Herstellern, die auf gute Anbaubedingungen achten und nach strengen Sozialstandards fertigen. Auch das Umweltbewusstsein steht bei uns im Vordergrund denn wir wollen f\u00fcr unsere Kinder und ihrer Zukunft nur das Beste.<br \/>\n<div class=\"main-cross-sell\" data-asin=\"B07XTHRT7R\">\n\n\t<div class=\"WooZone-cross-sell-loader\">\n\t\t<div>\n\t\t\t<div id=\"floatingBarsG\">\n\t\t\t\t<div class=\"blockG\" id=\"rotateG_01\"><\/div>\n\t\t\t\t<div class=\"blockG\" id=\"rotateG_02\"><\/div>\n\t\t\t\t<div class=\"blockG\" id=\"rotateG_03\"><\/div>\n\t\t\t\t<div class=\"blockG\" id=\"rotateG_04\"><\/div>\n\t\t\t\t<div class=\"blockG\" id=\"rotateG_05\"><\/div>\n\t\t\t\t<div class=\"blockG\" id=\"rotateG_06\"><\/div>\n\t\t\t\t<div class=\"blockG\" id=\"rotateG_07\"><\/div>\n\t\t\t\t<div class=\"blockG\" id=\"rotateG_08\"><\/div>\n\t\t\t<\/div>\n\t\t\t<div class=\"WooZone-cross-sell-loader-text\"><\/div>\n\t\t<\/div>\n\t<\/div>\n\n\t\t\n<\/div>\n<div style=\"clear:both;\"><\/div><\/p>\n","protected":false},"excerpt":{"rendered":"<p>\ud83c\udf81 DAS PERFEKTE GESCHENK f\u00fcr Eltern mit Kind. Neben einem einzigartigen Design ist unser Produkt qualitativ hochwertig und mit viel Liebe entworfen. Zus\u00e4tzlich erhalten Sie das Produkt in einer sch\u00f6nen selbstentworfenen Verpackung.<br \/>\n\ud83e\udd31 PRAKTISCH UND VIELSEITIG | Mama Poppins 120cm x 120cm 4-lagige Mulldecke macht das Elternsein einfacher. Die Decke ist vielseitig und dient als Kinderwagen-, Krabbel-, Bett-, Still- und Puckdecke. Die Decke wird Ihnen und Ihren Liebsten hoffentlich viel Freude bereiten.<br \/>\n\u2705 EINFACH ZU WASCHEN | Pflegeanleitung: Maschinenwaschbar in warmen Wasser, im Trockner trocknen, nicht bleichen.<\/p>\n","protected":false},"featured_media":197563,"comment_status":"open","ping_status":"closed","template":"","meta":[],"product_brand":[],"product_cat":[21,8825],"product_tag":[],"class_list":{"0":"post-197562","1":"product","2":"type-product","3":"status-publish","4":"has-post-thumbnail","6":"product_cat-baby","7":"product_cat-baby-kleinkinderzimmer-baby","8":"pa_binding-haushaltswaren","9":"pa_brand-mama-poppins-germany","10":"pa_color-glueckskind","11":"pa_height-0-00393700787-zoll","12":"pa_length-47-24409444-zoll","13":"pa_manufacturer-mama-poppins-germany","14":"pa_size-120x120-cm-1er-pack","15":"pa_weight-0-0551155655-pfund","16":"pa_width-47-24409444-zoll","18":"first","19":"instock","20":"shipping-taxable","21":"purchasable","22":"product-type-simple","23":"customify-col","24":"product-has-gallery"},"yoast_head":"<!-- This site is optimized with the Yoast SEO plugin v27.4 - https:\/\/yoast.com\/product\/yoast-seo-wordpress\/ -->\n<title>Mama Poppins | Babydecke Kuscheldecke mit s\u00fc\u00dfem Schriftzug Gl\u00fcckskind aus 100% Musselin Bio-Baumwolle. 4-lagig, extra\u2026 - Markt-XXL<\/title>\n<meta name=\"description\" content=\"Markt-XXL Mama Poppins | Babydecke Kuscheldecke mit s\u00fc\u00dfem Schriftzug Gl\u00fcckskind aus 100% Musselin Bio-Baumwolle. 4-lagig, extra\u2026\" \/>\n<meta name=\"robots\" content=\"index, follow, max-snippet:-1, max-image-preview:large, max-video-preview:-1\" \/>\n<link rel=\"canonical\" href=\"https:\/\/marktxxl.de\/markt\/produkt\/mama-poppins-babydecke-kuscheldecke-mit-suessem-schriftzug-glueckskind-aus-100-musselin-bio-baumwolle-4-lagig-extra-weich-120x120-cm-pucktuch-stilltuch-krabbeldecke-und-kinderwagendecke\/\" \/>\n<meta property=\"og:locale\" content=\"de_DE\" \/>\n<meta property=\"og:type\" content=\"article\" \/>\n<meta property=\"og:title\" content=\"Mama Poppins | Babydecke Kuscheldecke mit s\u00fc\u00dfem Schriftzug Gl\u00fcckskind aus 100% Musselin Bio-Baumwolle. 4-lagig, extra\u2026 - Markt-XXL\" \/>\n<meta property=\"og:description\" content=\"Markt-XXL Mama Poppins | Babydecke Kuscheldecke mit s\u00fc\u00dfem Schriftzug Gl\u00fcckskind aus 100% Musselin Bio-Baumwolle. 4-lagig, extra\u2026\" \/>\n<meta property=\"og:url\" content=\"https:\/\/marktxxl.de\/markt\/produkt\/mama-poppins-babydecke-kuscheldecke-mit-suessem-schriftzug-glueckskind-aus-100-musselin-bio-baumwolle-4-lagig-extra-weich-120x120-cm-pucktuch-stilltuch-krabbeldecke-und-kinderwagendecke\/\" \/>\n<meta property=\"og:site_name\" content=\"Markt-XXL\" \/>\n<meta property=\"article:modified_time\" content=\"2023-04-10T03:48:06+00:00\" \/>\n<meta property=\"og:image\" content=\"https:\/\/m.media-amazon.com\/images\/I\/416TbjhxXVL._SL500_.jpg\" \/>\n\t<meta property=\"og:image:width\" content=\"500\" \/>\n\t<meta property=\"og:image:height\" content=\"500\" \/>\n\t<meta property=\"og:image:type\" content=\"image\/jpeg\" \/>\n<meta name=\"twitter:card\" content=\"summary_large_image\" \/>\n<meta name=\"twitter:label1\" content=\"Gesch\u00e4tzte Lesezeit\" \/>\n\t<meta name=\"twitter:data1\" content=\"1\u00a0Minute\" \/>\n<script type=\"application\/ld+json\" class=\"yoast-schema-graph\">{\"@context\":\"https:\\\/\\\/schema.org\",\"@graph\":[{\"@type\":\"WebPage\",\"@id\":\"https:\\\/\\\/marktxxl.de\\\/markt\\\/produkt\\\/mama-poppins-babydecke-kuscheldecke-mit-suessem-schriftzug-glueckskind-aus-100-musselin-bio-baumwolle-4-lagig-extra-weich-120x120-cm-pucktuch-stilltuch-krabbeldecke-und-kinderwagendecke\\\/\",\"url\":\"https:\\\/\\\/marktxxl.de\\\/markt\\\/produkt\\\/mama-poppins-babydecke-kuscheldecke-mit-suessem-schriftzug-glueckskind-aus-100-musselin-bio-baumwolle-4-lagig-extra-weich-120x120-cm-pucktuch-stilltuch-krabbeldecke-und-kinderwagendecke\\\/\",\"name\":\"Mama Poppins | Babydecke Kuscheldecke mit s\u00fc\u00dfem Schriftzug Gl\u00fcckskind aus 100% Musselin Bio-Baumwolle. 4-lagig, extra\u2026 - Markt-XXL\",\"isPartOf\":{\"@id\":\"https:\\\/\\\/marktxxl.de\\\/markt\\\/#website\"},\"primaryImageOfPage\":{\"@id\":\"https:\\\/\\\/marktxxl.de\\\/markt\\\/produkt\\\/mama-poppins-babydecke-kuscheldecke-mit-suessem-schriftzug-glueckskind-aus-100-musselin-bio-baumwolle-4-lagig-extra-weich-120x120-cm-pucktuch-stilltuch-krabbeldecke-und-kinderwagendecke\\\/#primaryimage\"},\"image\":{\"@id\":\"https:\\\/\\\/marktxxl.de\\\/markt\\\/produkt\\\/mama-poppins-babydecke-kuscheldecke-mit-suessem-schriftzug-glueckskind-aus-100-musselin-bio-baumwolle-4-lagig-extra-weich-120x120-cm-pucktuch-stilltuch-krabbeldecke-und-kinderwagendecke\\\/#primaryimage\"},\"thumbnailUrl\":\"https:\\\/\\\/m.media-amazon.com\\\/images\\\/I\\\/416TbjhxXVL._SL500_.jpg\",\"datePublished\":\"2023-04-09T21:55:09+00:00\",\"dateModified\":\"2023-04-10T03:48:06+00:00\",\"description\":\"Markt-XXL Mama Poppins | Babydecke Kuscheldecke mit s\u00fc\u00dfem Schriftzug Gl\u00fcckskind aus 100% Musselin Bio-Baumwolle. 4-lagig, extra\u2026\",\"breadcrumb\":{\"@id\":\"https:\\\/\\\/marktxxl.de\\\/markt\\\/produkt\\\/mama-poppins-babydecke-kuscheldecke-mit-suessem-schriftzug-glueckskind-aus-100-musselin-bio-baumwolle-4-lagig-extra-weich-120x120-cm-pucktuch-stilltuch-krabbeldecke-und-kinderwagendecke\\\/#breadcrumb\"},\"inLanguage\":\"de\",\"potentialAction\":[{\"@type\":\"ReadAction\",\"target\":[\"https:\\\/\\\/marktxxl.de\\\/markt\\\/produkt\\\/mama-poppins-babydecke-kuscheldecke-mit-suessem-schriftzug-glueckskind-aus-100-musselin-bio-baumwolle-4-lagig-extra-weich-120x120-cm-pucktuch-stilltuch-krabbeldecke-und-kinderwagendecke\\\/\"]}]},{\"@type\":\"ImageObject\",\"inLanguage\":\"de\",\"@id\":\"https:\\\/\\\/marktxxl.de\\\/markt\\\/produkt\\\/mama-poppins-babydecke-kuscheldecke-mit-suessem-schriftzug-glueckskind-aus-100-musselin-bio-baumwolle-4-lagig-extra-weich-120x120-cm-pucktuch-stilltuch-krabbeldecke-und-kinderwagendecke\\\/#primaryimage\",\"url\":\"https:\\\/\\\/m.media-amazon.com\\\/images\\\/I\\\/416TbjhxXVL._SL500_.jpg\",\"contentUrl\":\"https:\\\/\\\/m.media-amazon.com\\\/images\\\/I\\\/416TbjhxXVL._SL500_.jpg\",\"width\":500,\"height\":500},{\"@type\":\"BreadcrumbList\",\"@id\":\"https:\\\/\\\/marktxxl.de\\\/markt\\\/produkt\\\/mama-poppins-babydecke-kuscheldecke-mit-suessem-schriftzug-glueckskind-aus-100-musselin-bio-baumwolle-4-lagig-extra-weich-120x120-cm-pucktuch-stilltuch-krabbeldecke-und-kinderwagendecke\\\/#breadcrumb\",\"itemListElement\":[{\"@type\":\"ListItem\",\"position\":1,\"name\":\"Startseite\",\"item\":\"https:\\\/\\\/marktxxl.de\\\/markt\\\/\"},{\"@type\":\"ListItem\",\"position\":2,\"name\":\"Markt\",\"item\":\"https:\\\/\\\/marktxxl.de\\\/markt\\\/\"},{\"@type\":\"ListItem\",\"position\":3,\"name\":\"Mama Poppins | Babydecke Kuscheldecke mit s\u00fc\u00dfem Schriftzug Gl\u00fcckskind aus 100% Musselin Bio-Baumwolle. 4-lagig, extra\u2026\"}]},{\"@type\":\"WebSite\",\"@id\":\"https:\\\/\\\/marktxxl.de\\\/markt\\\/#website\",\"url\":\"https:\\\/\\\/marktxxl.de\\\/markt\\\/\",\"name\":\"Markt-XXL\",\"description\":\"Ihr Markt Online\",\"publisher\":{\"@id\":\"https:\\\/\\\/marktxxl.de\\\/markt\\\/#organization\"},\"potentialAction\":[{\"@type\":\"SearchAction\",\"target\":{\"@type\":\"EntryPoint\",\"urlTemplate\":\"https:\\\/\\\/marktxxl.de\\\/markt\\\/?s={search_term_string}\"},\"query-input\":{\"@type\":\"PropertyValueSpecification\",\"valueRequired\":true,\"valueName\":\"search_term_string\"}}],\"inLanguage\":\"de\"},{\"@type\":\"Organization\",\"@id\":\"https:\\\/\\\/marktxxl.de\\\/markt\\\/#organization\",\"name\":\"Markt-XXL\",\"url\":\"https:\\\/\\\/marktxxl.de\\\/markt\\\/\",\"logo\":{\"@type\":\"ImageObject\",\"inLanguage\":\"de\",\"@id\":\"https:\\\/\\\/marktxxl.de\\\/markt\\\/#\\\/schema\\\/logo\\\/image\\\/\",\"url\":\"https:\\\/\\\/marktxxl.de\\\/markt\\\/wp-content\\\/uploads\\\/sites\\\/3\\\/2020\\\/12\\\/logo.png\",\"contentUrl\":\"https:\\\/\\\/marktxxl.de\\\/markt\\\/wp-content\\\/uploads\\\/sites\\\/3\\\/2020\\\/12\\\/logo.png\",\"width\":200,\"height\":70,\"caption\":\"Markt-XXL\"},\"image\":{\"@id\":\"https:\\\/\\\/marktxxl.de\\\/markt\\\/#\\\/schema\\\/logo\\\/image\\\/\"}}]}<\/script>\n<!-- \/ Yoast SEO plugin. -->","yoast_head_json":{"title":"Mama Poppins | Babydecke Kuscheldecke mit s\u00fc\u00dfem Schriftzug Gl\u00fcckskind aus 100% Musselin Bio-Baumwolle. 4-lagig, extra\u2026 - Markt-XXL","description":"Markt-XXL Mama Poppins | Babydecke Kuscheldecke mit s\u00fc\u00dfem Schriftzug Gl\u00fcckskind aus 100% Musselin Bio-Baumwolle. 4-lagig, extra\u2026","robots":{"index":"index","follow":"follow","max-snippet":"max-snippet:-1","max-image-preview":"max-image-preview:large","max-video-preview":"max-video-preview:-1"},"canonical":"https:\/\/marktxxl.de\/markt\/produkt\/mama-poppins-babydecke-kuscheldecke-mit-suessem-schriftzug-glueckskind-aus-100-musselin-bio-baumwolle-4-lagig-extra-weich-120x120-cm-pucktuch-stilltuch-krabbeldecke-und-kinderwagendecke\/","og_locale":"de_DE","og_type":"article","og_title":"Mama Poppins | Babydecke Kuscheldecke mit s\u00fc\u00dfem Schriftzug Gl\u00fcckskind aus 100% Musselin Bio-Baumwolle. 4-lagig, extra\u2026 - Markt-XXL","og_description":"Markt-XXL Mama Poppins | Babydecke Kuscheldecke mit s\u00fc\u00dfem Schriftzug Gl\u00fcckskind aus 100% Musselin Bio-Baumwolle. 4-lagig, extra\u2026","og_url":"https:\/\/marktxxl.de\/markt\/produkt\/mama-poppins-babydecke-kuscheldecke-mit-suessem-schriftzug-glueckskind-aus-100-musselin-bio-baumwolle-4-lagig-extra-weich-120x120-cm-pucktuch-stilltuch-krabbeldecke-und-kinderwagendecke\/","og_site_name":"Markt-XXL","article_modified_time":"2023-04-10T03:48:06+00:00","og_image":[{"width":500,"height":500,"url":"https:\/\/m.media-amazon.com\/images\/I\/416TbjhxXVL._SL500_.jpg","type":"image\/jpeg"}],"twitter_card":"summary_large_image","twitter_misc":{"Gesch\u00e4tzte Lesezeit":"1\u00a0Minute"},"schema":{"@context":"https:\/\/schema.org","@graph":[{"@type":"WebPage","@id":"https:\/\/marktxxl.de\/markt\/produkt\/mama-poppins-babydecke-kuscheldecke-mit-suessem-schriftzug-glueckskind-aus-100-musselin-bio-baumwolle-4-lagig-extra-weich-120x120-cm-pucktuch-stilltuch-krabbeldecke-und-kinderwagendecke\/","url":"https:\/\/marktxxl.de\/markt\/produkt\/mama-poppins-babydecke-kuscheldecke-mit-suessem-schriftzug-glueckskind-aus-100-musselin-bio-baumwolle-4-lagig-extra-weich-120x120-cm-pucktuch-stilltuch-krabbeldecke-und-kinderwagendecke\/","name":"Mama Poppins | Babydecke Kuscheldecke mit s\u00fc\u00dfem Schriftzug Gl\u00fcckskind aus 100% Musselin Bio-Baumwolle. 4-lagig, extra\u2026 - Markt-XXL","isPartOf":{"@id":"https:\/\/marktxxl.de\/markt\/#website"},"primaryImageOfPage":{"@id":"https:\/\/marktxxl.de\/markt\/produkt\/mama-poppins-babydecke-kuscheldecke-mit-suessem-schriftzug-glueckskind-aus-100-musselin-bio-baumwolle-4-lagig-extra-weich-120x120-cm-pucktuch-stilltuch-krabbeldecke-und-kinderwagendecke\/#primaryimage"},"image":{"@id":"https:\/\/marktxxl.de\/markt\/produkt\/mama-poppins-babydecke-kuscheldecke-mit-suessem-schriftzug-glueckskind-aus-100-musselin-bio-baumwolle-4-lagig-extra-weich-120x120-cm-pucktuch-stilltuch-krabbeldecke-und-kinderwagendecke\/#primaryimage"},"thumbnailUrl":"https:\/\/m.media-amazon.com\/images\/I\/416TbjhxXVL._SL500_.jpg","datePublished":"2023-04-09T21:55:09+00:00","dateModified":"2023-04-10T03:48:06+00:00","description":"Markt-XXL Mama Poppins | Babydecke Kuscheldecke mit s\u00fc\u00dfem Schriftzug Gl\u00fcckskind aus 100% Musselin Bio-Baumwolle. 4-lagig, extra\u2026","breadcrumb":{"@id":"https:\/\/marktxxl.de\/markt\/produkt\/mama-poppins-babydecke-kuscheldecke-mit-suessem-schriftzug-glueckskind-aus-100-musselin-bio-baumwolle-4-lagig-extra-weich-120x120-cm-pucktuch-stilltuch-krabbeldecke-und-kinderwagendecke\/#breadcrumb"},"inLanguage":"de","potentialAction":[{"@type":"ReadAction","target":["https:\/\/marktxxl.de\/markt\/produkt\/mama-poppins-babydecke-kuscheldecke-mit-suessem-schriftzug-glueckskind-aus-100-musselin-bio-baumwolle-4-lagig-extra-weich-120x120-cm-pucktuch-stilltuch-krabbeldecke-und-kinderwagendecke\/"]}]},{"@type":"ImageObject","inLanguage":"de","@id":"https:\/\/marktxxl.de\/markt\/produkt\/mama-poppins-babydecke-kuscheldecke-mit-suessem-schriftzug-glueckskind-aus-100-musselin-bio-baumwolle-4-lagig-extra-weich-120x120-cm-pucktuch-stilltuch-krabbeldecke-und-kinderwagendecke\/#primaryimage","url":"https:\/\/m.media-amazon.com\/images\/I\/416TbjhxXVL._SL500_.jpg","contentUrl":"https:\/\/m.media-amazon.com\/images\/I\/416TbjhxXVL._SL500_.jpg","width":500,"height":500},{"@type":"BreadcrumbList","@id":"https:\/\/marktxxl.de\/markt\/produkt\/mama-poppins-babydecke-kuscheldecke-mit-suessem-schriftzug-glueckskind-aus-100-musselin-bio-baumwolle-4-lagig-extra-weich-120x120-cm-pucktuch-stilltuch-krabbeldecke-und-kinderwagendecke\/#breadcrumb","itemListElement":[{"@type":"ListItem","position":1,"name":"Startseite","item":"https:\/\/marktxxl.de\/markt\/"},{"@type":"ListItem","position":2,"name":"Markt","item":"https:\/\/marktxxl.de\/markt\/"},{"@type":"ListItem","position":3,"name":"Mama Poppins | Babydecke Kuscheldecke mit s\u00fc\u00dfem Schriftzug Gl\u00fcckskind aus 100% Musselin Bio-Baumwolle. 4-lagig, extra\u2026"}]},{"@type":"WebSite","@id":"https:\/\/marktxxl.de\/markt\/#website","url":"https:\/\/marktxxl.de\/markt\/","name":"Markt-XXL","description":"Ihr Markt Online","publisher":{"@id":"https:\/\/marktxxl.de\/markt\/#organization"},"potentialAction":[{"@type":"SearchAction","target":{"@type":"EntryPoint","urlTemplate":"https:\/\/marktxxl.de\/markt\/?s={search_term_string}"},"query-input":{"@type":"PropertyValueSpecification","valueRequired":true,"valueName":"search_term_string"}}],"inLanguage":"de"},{"@type":"Organization","@id":"https:\/\/marktxxl.de\/markt\/#organization","name":"Markt-XXL","url":"https:\/\/marktxxl.de\/markt\/","logo":{"@type":"ImageObject","inLanguage":"de","@id":"https:\/\/marktxxl.de\/markt\/#\/schema\/logo\/image\/","url":"https:\/\/marktxxl.de\/markt\/wp-content\/uploads\/sites\/3\/2020\/12\/logo.png","contentUrl":"https:\/\/marktxxl.de\/markt\/wp-content\/uploads\/sites\/3\/2020\/12\/logo.png","width":200,"height":70,"caption":"Markt-XXL"},"image":{"@id":"https:\/\/marktxxl.de\/markt\/#\/schema\/logo\/image\/"}}]}},"_links":{"self":[{"href":"https:\/\/marktxxl.de\/markt\/wp-json\/wp\/v2\/product\/197562","targetHints":{"allow":["GET"]}}],"collection":[{"href":"https:\/\/marktxxl.de\/markt\/wp-json\/wp\/v2\/product"}],"about":[{"href":"https:\/\/marktxxl.de\/markt\/wp-json\/wp\/v2\/types\/product"}],"replies":[{"embeddable":true,"href":"https:\/\/marktxxl.de\/markt\/wp-json\/wp\/v2\/comments?post=197562"}],"wp:featuredmedia":[{"embeddable":true,"href":"https:\/\/marktxxl.de\/markt\/wp-json\/wp\/v2\/media\/197563"}],"wp:attachment":[{"href":"https:\/\/marktxxl.de\/markt\/wp-json\/wp\/v2\/media?parent=197562"}],"wp:term":[{"taxonomy":"product_brand","embeddable":true,"href":"https:\/\/marktxxl.de\/markt\/wp-json\/wp\/v2\/product_brand?post=197562"},{"taxonomy":"product_cat","embeddable":true,"href":"https:\/\/marktxxl.de\/markt\/wp-json\/wp\/v2\/product_cat?post=197562"},{"taxonomy":"product_tag","embeddable":true,"href":"https:\/\/marktxxl.de\/markt\/wp-json\/wp\/v2\/product_tag?post=197562"}],"curies":[{"name":"wp","href":"https:\/\/api.w.org\/{rel}","templated":true}]}}