{"id":197537,"date":"2023-04-09T23:30:15","date_gmt":"2023-04-09T21:30:15","guid":{"rendered":"https:\/\/marktxxl.de\/markt\/produkt\/dreamegg-einschlafhilfe-babys-xt-6-tragbar-white-noise-machine-dimmbar-nachtlicht-mit-8-musik-weisses-rauschen-baby-einschlafhilfe-mit-stillicht-ladenbatterie-timerkindersicherung-fuer-baby\/"},"modified":"2023-04-10T05:48:06","modified_gmt":"2023-04-10T03:48:06","slug":"dreamegg-einschlafhilfe-babys-xt-6-tragbar-white-noise-machine-dimmbar-nachtlicht-mit-8-musik-weisses-rauschen-baby-einschlafhilfe-mit-stillicht-ladenbatterie-timerkindersicherung-fuer-baby","status":"publish","type":"product","link":"https:\/\/marktxxl.de\/markt\/produkt\/dreamegg-einschlafhilfe-babys-xt-6-tragbar-white-noise-machine-dimmbar-nachtlicht-mit-8-musik-weisses-rauschen-baby-einschlafhilfe-mit-stillicht-ladenbatterie-timerkindersicherung-fuer-baby\/","title":{"rendered":"Dreamegg Einschlafhilfe Babys &#8211; XT-6 Tragbar White Noise Machine Dimmbar Nachtlicht mit 8 Musik, Wei\u00dfes Rauschen Baby\u2026"},"content":{"rendered":"<p>\ud83d\udc76 Der einzige Einschlafhilfe Babys, den Sie brauchen &#8211; Dreamegg XT-6 White Noise Machine ist eine echte Magie Einschlafhilfe, kombiniert Baby Beruhiger, Nachtlicht und Soundmaschine. In Bezug auf Aussehen&amp;Funktion kann das Baby allm\u00e4hlich einschlafen, w\u00e4hrend es die Kl\u00e4nge und das Spiel genie\u00dft. Stellen Sie die Lautst\u00e4rke und 30-, 60-, 90M Timer ein und aktivieren Sie die Kindersicherung, um zu verhindern, dass Baby versehentlich die Einstellung \u00e4ndert. Wirklich klein, aber ein Haufen Power.<br \/>\n\ud83c\udfb6 Ausgew\u00e4hlte beruhigende Kl\u00e4nge &#8211; Das Dreamegg XT-6 White Noise Machine Baby verf\u00fcgt \u00fcber eine Auswahl von 8 Lieblingskl\u00e4ngen des Babys &#8211; F\u00f6tus-Ton, Shushing, Brahm&#8217;s Schlaflied, Baby Music Box, White Noise, F\u00f6hn, Meereswellen, Bach. Mit der neuesten Kl\u00e4nge-Maker und Lautsprechertechnologie garantiert das Ger\u00e4t eine h\u00f6here Klangqualit\u00e4t, sch\u00fctzt das Geh\u00f6r des Babys und hilft ihm, besser zu schlafen und ges\u00fcnder aufzuwachsen.<br \/>\n\ud83d\udd06 Baby Nachtlicht &#8211; XT-6 Einschlafhilfe Babys kombiniert auf Stilllciht und White Noise Machine, vergr\u00f6\u00dfert den Nachtlichtbereich und gew\u00e4hrleistet gleichzeitig die Klangqualit\u00e4t. Es verf\u00fcgt \u00fcber ein unabh\u00e4ngiges verbessertes Licht mit einstellbarer Helligkeit nach Belieben, das zum n\u00e4chtlichen F\u00fcttern und Windelwechseln geeignet ist. Das weiche, warme Nachtlicht sch\u00fctzt die Augen des Babys und macht die l\u00e4stige Auswahl eines speziellen Baby-Nachtlichts \u00fcberfl\u00fcssig.<br \/>\n\ud83d\udd0b Wiederaufladbar und tragbar &#8211; Dreamegg XT-6 Einschlafhilfe Babys verf\u00fcgt \u00fcber einen Akku und kann \u00fcberall und jederzeit drahtlos verwendet werden. Mit einem Gewicht von 204 g ist es kompakt und tragbar, um es herumzutragen. Es wird mit dem mitgelieferten USB-Ladekabel sowie einem Umh\u00e4ngeband geliefert, passt gut in die Windeltasche, den Rucksack und kann an einen Kinderwagen und ein Kinderbett geh\u00e4ngt werden. Sie k\u00f6nnen es f\u00fcr jeden Anlass verwenden, beim Spazierengehen, Reisen, zu Hause usw.<br \/>\n\ud83d\ude34 Problemloser Kauf &#8211; Entz\u00fcckendes Aussehen, schlichtes Design und leistungsstarke Funktionen machen die XT-6 Einschlafhilfe Babys zu einem neuen Favoriten bei Babys und M\u00fcttern gleicherma\u00dfen. Es wiegt Babys in ein gl\u00fcckseliges Traumland und befreit die H\u00e4nde der M\u00fctter.<br \/>\n<div class=\"main-cross-sell\" data-asin=\"B0BNX7CKJ5\">\n\n\t<div class=\"WooZone-cross-sell-loader\">\n\t\t<div>\n\t\t\t<div id=\"floatingBarsG\">\n\t\t\t\t<div class=\"blockG\" id=\"rotateG_01\"><\/div>\n\t\t\t\t<div class=\"blockG\" id=\"rotateG_02\"><\/div>\n\t\t\t\t<div class=\"blockG\" id=\"rotateG_03\"><\/div>\n\t\t\t\t<div class=\"blockG\" id=\"rotateG_04\"><\/div>\n\t\t\t\t<div class=\"blockG\" id=\"rotateG_05\"><\/div>\n\t\t\t\t<div class=\"blockG\" id=\"rotateG_06\"><\/div>\n\t\t\t\t<div class=\"blockG\" id=\"rotateG_07\"><\/div>\n\t\t\t\t<div class=\"blockG\" id=\"rotateG_08\"><\/div>\n\t\t\t<\/div>\n\t\t\t<div class=\"WooZone-cross-sell-loader-text\"><\/div>\n\t\t<\/div>\n\t<\/div>\n\n\t\t\n<\/div>\n<div style=\"clear:both;\"><\/div><\/p>\n","protected":false},"excerpt":{"rendered":"<p>\ud83d\udc76 Der einzige Einschlafhilfe Babys, den Sie brauchen &#8211; Dreamegg XT-6 White Noise Machine ist eine echte Magie Einschlafhilfe, kombiniert Baby Beruhiger, Nachtlicht und Soundmaschine. In Bezug auf Aussehen&amp;Funktion kann das Baby allm\u00e4hlich einschlafen, w\u00e4hrend es die Kl\u00e4nge und das Spiel genie\u00dft. Stellen Sie die Lautst\u00e4rke und 30-, 60-, 90M Timer ein und aktivieren Sie die Kindersicherung, um zu verhindern, dass Baby versehentlich die Einstellung \u00e4ndert. Wirklich klein, aber ein Haufen Power.<br \/>\n\ud83c\udfb6 Ausgew\u00e4hlte beruhigende Kl\u00e4nge &#8211; Das Dreamegg XT-6 White Noise Machine Baby verf\u00fcgt \u00fcber eine Auswahl von 8 Lieblingskl\u00e4ngen des Babys &#8211; F\u00f6tus-Ton, Shushing, Brahm&#8217;s Schlaflied, Baby Music Box, White Noise, F\u00f6hn, Meereswellen, Bach. Mit der neuesten Kl\u00e4nge-Maker und Lautsprechertechnologie garantiert das Ger\u00e4t eine h\u00f6here Klangqualit\u00e4t, sch\u00fctzt das Geh\u00f6r des Babys und hilft ihm, besser zu schlafen und ges\u00fcnder aufzuwachsen.<br \/>\n\ud83d\udd06 Baby Nachtlicht &#8211; XT-6 Einschlafhilfe Babys kombiniert auf Stilllciht und White Noise Machine, vergr\u00f6\u00dfert den Nachtlichtbereich und gew\u00e4hrleistet gleichzeitig die Klangqualit\u00e4t. Es verf\u00fcgt \u00fcber ein unabh\u00e4ngiges verbessertes Licht mit einstellbarer Helligkeit nach Belieben, das zum n\u00e4chtlichen F\u00fcttern und Windelwechseln geeignet ist. Das weiche, warme Nachtlicht sch\u00fctzt die Augen des Babys und macht die l\u00e4stige Auswahl eines speziellen Baby-Nachtlichts \u00fcberfl\u00fcssig.<\/p>\n","protected":false},"featured_media":197538,"comment_status":"open","ping_status":"closed","template":"","meta":[],"product_brand":[],"product_cat":[21,8825],"product_tag":[],"class_list":{"0":"post-197537","1":"product","2":"type-product","3":"status-publish","4":"has-post-thumbnail","6":"product_cat-baby","7":"product_cat-baby-kleinkinderzimmer-baby","8":"pa_binding-babyartikel","9":"pa_brand-dreamegg","10":"pa_color-baby-orange","11":"pa_height-3-0314960599-zoll","12":"pa_length-5-55905511244-zoll","13":"pa_manufacturer-dreamegg","14":"pa_model-xt-6","15":"pa_size-klein","16":"pa_warranty-dreamegg-offers-reliable-quality-and-365-days-warranty-saves-your-worry-in-purchase","17":"pa_weight-0-4500075691944-pfund","18":"pa_width-3-40944881542-zoll","20":"first","21":"instock","22":"shipping-taxable","23":"purchasable","24":"product-type-simple","25":"customify-col","26":"product-has-gallery"},"yoast_head":"<!-- This site is optimized with the Yoast SEO plugin v27.4 - https:\/\/yoast.com\/product\/yoast-seo-wordpress\/ -->\n<title>Dreamegg Einschlafhilfe Babys - XT-6 Tragbar White Noise Machine Dimmbar Nachtlicht mit 8 Musik, Wei\u00dfes Rauschen Baby\u2026 - Markt-XXL<\/title>\n<meta name=\"description\" content=\"Markt-XXL Dreamegg Einschlafhilfe Babys - XT-6 Tragbar White Noise Machine Dimmbar Nachtlicht mit 8 Musik, Wei\u00dfes Rauschen Baby\u2026\" \/>\n<meta name=\"robots\" content=\"index, follow, max-snippet:-1, max-image-preview:large, max-video-preview:-1\" \/>\n<link rel=\"canonical\" href=\"https:\/\/marktxxl.de\/markt\/produkt\/dreamegg-einschlafhilfe-babys-xt-6-tragbar-white-noise-machine-dimmbar-nachtlicht-mit-8-musik-weisses-rauschen-baby-einschlafhilfe-mit-stillicht-ladenbatterie-timerkindersicherung-fuer-baby\/\" \/>\n<meta property=\"og:locale\" content=\"de_DE\" \/>\n<meta property=\"og:type\" content=\"article\" \/>\n<meta property=\"og:title\" content=\"Dreamegg Einschlafhilfe Babys - XT-6 Tragbar White Noise Machine Dimmbar Nachtlicht mit 8 Musik, Wei\u00dfes Rauschen Baby\u2026 - Markt-XXL\" \/>\n<meta property=\"og:description\" content=\"Markt-XXL Dreamegg Einschlafhilfe Babys - XT-6 Tragbar White Noise Machine Dimmbar Nachtlicht mit 8 Musik, Wei\u00dfes Rauschen Baby\u2026\" \/>\n<meta property=\"og:url\" content=\"https:\/\/marktxxl.de\/markt\/produkt\/dreamegg-einschlafhilfe-babys-xt-6-tragbar-white-noise-machine-dimmbar-nachtlicht-mit-8-musik-weisses-rauschen-baby-einschlafhilfe-mit-stillicht-ladenbatterie-timerkindersicherung-fuer-baby\/\" \/>\n<meta property=\"og:site_name\" content=\"Markt-XXL\" \/>\n<meta property=\"article:modified_time\" content=\"2023-04-10T03:48:06+00:00\" \/>\n<meta property=\"og:image\" content=\"https:\/\/m.media-amazon.com\/images\/I\/31pyUdvUJNL._SL500_.jpg\" \/>\n\t<meta property=\"og:image:width\" content=\"500\" \/>\n\t<meta property=\"og:image:height\" content=\"500\" \/>\n\t<meta property=\"og:image:type\" content=\"image\/jpeg\" \/>\n<meta name=\"twitter:card\" content=\"summary_large_image\" \/>\n<meta name=\"twitter:label1\" content=\"Gesch\u00e4tzte Lesezeit\" \/>\n\t<meta name=\"twitter:data1\" content=\"2\u00a0Minuten\" \/>\n<script type=\"application\/ld+json\" class=\"yoast-schema-graph\">{\"@context\":\"https:\\\/\\\/schema.org\",\"@graph\":[{\"@type\":\"WebPage\",\"@id\":\"https:\\\/\\\/marktxxl.de\\\/markt\\\/produkt\\\/dreamegg-einschlafhilfe-babys-xt-6-tragbar-white-noise-machine-dimmbar-nachtlicht-mit-8-musik-weisses-rauschen-baby-einschlafhilfe-mit-stillicht-ladenbatterie-timerkindersicherung-fuer-baby\\\/\",\"url\":\"https:\\\/\\\/marktxxl.de\\\/markt\\\/produkt\\\/dreamegg-einschlafhilfe-babys-xt-6-tragbar-white-noise-machine-dimmbar-nachtlicht-mit-8-musik-weisses-rauschen-baby-einschlafhilfe-mit-stillicht-ladenbatterie-timerkindersicherung-fuer-baby\\\/\",\"name\":\"Dreamegg Einschlafhilfe Babys - XT-6 Tragbar White Noise Machine Dimmbar Nachtlicht mit 8 Musik, Wei\u00dfes Rauschen Baby\u2026 - Markt-XXL\",\"isPartOf\":{\"@id\":\"https:\\\/\\\/marktxxl.de\\\/markt\\\/#website\"},\"primaryImageOfPage\":{\"@id\":\"https:\\\/\\\/marktxxl.de\\\/markt\\\/produkt\\\/dreamegg-einschlafhilfe-babys-xt-6-tragbar-white-noise-machine-dimmbar-nachtlicht-mit-8-musik-weisses-rauschen-baby-einschlafhilfe-mit-stillicht-ladenbatterie-timerkindersicherung-fuer-baby\\\/#primaryimage\"},\"image\":{\"@id\":\"https:\\\/\\\/marktxxl.de\\\/markt\\\/produkt\\\/dreamegg-einschlafhilfe-babys-xt-6-tragbar-white-noise-machine-dimmbar-nachtlicht-mit-8-musik-weisses-rauschen-baby-einschlafhilfe-mit-stillicht-ladenbatterie-timerkindersicherung-fuer-baby\\\/#primaryimage\"},\"thumbnailUrl\":\"https:\\\/\\\/m.media-amazon.com\\\/images\\\/I\\\/31pyUdvUJNL._SL500_.jpg\",\"datePublished\":\"2023-04-09T21:30:15+00:00\",\"dateModified\":\"2023-04-10T03:48:06+00:00\",\"description\":\"Markt-XXL Dreamegg Einschlafhilfe Babys - XT-6 Tragbar White Noise Machine Dimmbar Nachtlicht mit 8 Musik, Wei\u00dfes Rauschen Baby\u2026\",\"breadcrumb\":{\"@id\":\"https:\\\/\\\/marktxxl.de\\\/markt\\\/produkt\\\/dreamegg-einschlafhilfe-babys-xt-6-tragbar-white-noise-machine-dimmbar-nachtlicht-mit-8-musik-weisses-rauschen-baby-einschlafhilfe-mit-stillicht-ladenbatterie-timerkindersicherung-fuer-baby\\\/#breadcrumb\"},\"inLanguage\":\"de\",\"potentialAction\":[{\"@type\":\"ReadAction\",\"target\":[\"https:\\\/\\\/marktxxl.de\\\/markt\\\/produkt\\\/dreamegg-einschlafhilfe-babys-xt-6-tragbar-white-noise-machine-dimmbar-nachtlicht-mit-8-musik-weisses-rauschen-baby-einschlafhilfe-mit-stillicht-ladenbatterie-timerkindersicherung-fuer-baby\\\/\"]}]},{\"@type\":\"ImageObject\",\"inLanguage\":\"de\",\"@id\":\"https:\\\/\\\/marktxxl.de\\\/markt\\\/produkt\\\/dreamegg-einschlafhilfe-babys-xt-6-tragbar-white-noise-machine-dimmbar-nachtlicht-mit-8-musik-weisses-rauschen-baby-einschlafhilfe-mit-stillicht-ladenbatterie-timerkindersicherung-fuer-baby\\\/#primaryimage\",\"url\":\"https:\\\/\\\/m.media-amazon.com\\\/images\\\/I\\\/31pyUdvUJNL._SL500_.jpg\",\"contentUrl\":\"https:\\\/\\\/m.media-amazon.com\\\/images\\\/I\\\/31pyUdvUJNL._SL500_.jpg\",\"width\":500,\"height\":500},{\"@type\":\"BreadcrumbList\",\"@id\":\"https:\\\/\\\/marktxxl.de\\\/markt\\\/produkt\\\/dreamegg-einschlafhilfe-babys-xt-6-tragbar-white-noise-machine-dimmbar-nachtlicht-mit-8-musik-weisses-rauschen-baby-einschlafhilfe-mit-stillicht-ladenbatterie-timerkindersicherung-fuer-baby\\\/#breadcrumb\",\"itemListElement\":[{\"@type\":\"ListItem\",\"position\":1,\"name\":\"Startseite\",\"item\":\"https:\\\/\\\/marktxxl.de\\\/markt\\\/\"},{\"@type\":\"ListItem\",\"position\":2,\"name\":\"Markt\",\"item\":\"https:\\\/\\\/marktxxl.de\\\/markt\\\/\"},{\"@type\":\"ListItem\",\"position\":3,\"name\":\"Dreamegg Einschlafhilfe Babys &#8211; XT-6 Tragbar White Noise Machine Dimmbar Nachtlicht mit 8 Musik, Wei\u00dfes Rauschen Baby\u2026\"}]},{\"@type\":\"WebSite\",\"@id\":\"https:\\\/\\\/marktxxl.de\\\/markt\\\/#website\",\"url\":\"https:\\\/\\\/marktxxl.de\\\/markt\\\/\",\"name\":\"Markt-XXL\",\"description\":\"Ihr Markt Online\",\"publisher\":{\"@id\":\"https:\\\/\\\/marktxxl.de\\\/markt\\\/#organization\"},\"potentialAction\":[{\"@type\":\"SearchAction\",\"target\":{\"@type\":\"EntryPoint\",\"urlTemplate\":\"https:\\\/\\\/marktxxl.de\\\/markt\\\/?s={search_term_string}\"},\"query-input\":{\"@type\":\"PropertyValueSpecification\",\"valueRequired\":true,\"valueName\":\"search_term_string\"}}],\"inLanguage\":\"de\"},{\"@type\":\"Organization\",\"@id\":\"https:\\\/\\\/marktxxl.de\\\/markt\\\/#organization\",\"name\":\"Markt-XXL\",\"url\":\"https:\\\/\\\/marktxxl.de\\\/markt\\\/\",\"logo\":{\"@type\":\"ImageObject\",\"inLanguage\":\"de\",\"@id\":\"https:\\\/\\\/marktxxl.de\\\/markt\\\/#\\\/schema\\\/logo\\\/image\\\/\",\"url\":\"https:\\\/\\\/marktxxl.de\\\/markt\\\/wp-content\\\/uploads\\\/sites\\\/3\\\/2020\\\/12\\\/logo.png\",\"contentUrl\":\"https:\\\/\\\/marktxxl.de\\\/markt\\\/wp-content\\\/uploads\\\/sites\\\/3\\\/2020\\\/12\\\/logo.png\",\"width\":200,\"height\":70,\"caption\":\"Markt-XXL\"},\"image\":{\"@id\":\"https:\\\/\\\/marktxxl.de\\\/markt\\\/#\\\/schema\\\/logo\\\/image\\\/\"}}]}<\/script>\n<!-- \/ Yoast SEO plugin. -->","yoast_head_json":{"title":"Dreamegg Einschlafhilfe Babys - XT-6 Tragbar White Noise Machine Dimmbar Nachtlicht mit 8 Musik, Wei\u00dfes Rauschen Baby\u2026 - Markt-XXL","description":"Markt-XXL Dreamegg Einschlafhilfe Babys - XT-6 Tragbar White Noise Machine Dimmbar Nachtlicht mit 8 Musik, Wei\u00dfes Rauschen Baby\u2026","robots":{"index":"index","follow":"follow","max-snippet":"max-snippet:-1","max-image-preview":"max-image-preview:large","max-video-preview":"max-video-preview:-1"},"canonical":"https:\/\/marktxxl.de\/markt\/produkt\/dreamegg-einschlafhilfe-babys-xt-6-tragbar-white-noise-machine-dimmbar-nachtlicht-mit-8-musik-weisses-rauschen-baby-einschlafhilfe-mit-stillicht-ladenbatterie-timerkindersicherung-fuer-baby\/","og_locale":"de_DE","og_type":"article","og_title":"Dreamegg Einschlafhilfe Babys - XT-6 Tragbar White Noise Machine Dimmbar Nachtlicht mit 8 Musik, Wei\u00dfes Rauschen Baby\u2026 - Markt-XXL","og_description":"Markt-XXL Dreamegg Einschlafhilfe Babys - XT-6 Tragbar White Noise Machine Dimmbar Nachtlicht mit 8 Musik, Wei\u00dfes Rauschen Baby\u2026","og_url":"https:\/\/marktxxl.de\/markt\/produkt\/dreamegg-einschlafhilfe-babys-xt-6-tragbar-white-noise-machine-dimmbar-nachtlicht-mit-8-musik-weisses-rauschen-baby-einschlafhilfe-mit-stillicht-ladenbatterie-timerkindersicherung-fuer-baby\/","og_site_name":"Markt-XXL","article_modified_time":"2023-04-10T03:48:06+00:00","og_image":[{"width":500,"height":500,"url":"https:\/\/m.media-amazon.com\/images\/I\/31pyUdvUJNL._SL500_.jpg","type":"image\/jpeg"}],"twitter_card":"summary_large_image","twitter_misc":{"Gesch\u00e4tzte Lesezeit":"2\u00a0Minuten"},"schema":{"@context":"https:\/\/schema.org","@graph":[{"@type":"WebPage","@id":"https:\/\/marktxxl.de\/markt\/produkt\/dreamegg-einschlafhilfe-babys-xt-6-tragbar-white-noise-machine-dimmbar-nachtlicht-mit-8-musik-weisses-rauschen-baby-einschlafhilfe-mit-stillicht-ladenbatterie-timerkindersicherung-fuer-baby\/","url":"https:\/\/marktxxl.de\/markt\/produkt\/dreamegg-einschlafhilfe-babys-xt-6-tragbar-white-noise-machine-dimmbar-nachtlicht-mit-8-musik-weisses-rauschen-baby-einschlafhilfe-mit-stillicht-ladenbatterie-timerkindersicherung-fuer-baby\/","name":"Dreamegg Einschlafhilfe Babys - XT-6 Tragbar White Noise Machine Dimmbar Nachtlicht mit 8 Musik, Wei\u00dfes Rauschen Baby\u2026 - Markt-XXL","isPartOf":{"@id":"https:\/\/marktxxl.de\/markt\/#website"},"primaryImageOfPage":{"@id":"https:\/\/marktxxl.de\/markt\/produkt\/dreamegg-einschlafhilfe-babys-xt-6-tragbar-white-noise-machine-dimmbar-nachtlicht-mit-8-musik-weisses-rauschen-baby-einschlafhilfe-mit-stillicht-ladenbatterie-timerkindersicherung-fuer-baby\/#primaryimage"},"image":{"@id":"https:\/\/marktxxl.de\/markt\/produkt\/dreamegg-einschlafhilfe-babys-xt-6-tragbar-white-noise-machine-dimmbar-nachtlicht-mit-8-musik-weisses-rauschen-baby-einschlafhilfe-mit-stillicht-ladenbatterie-timerkindersicherung-fuer-baby\/#primaryimage"},"thumbnailUrl":"https:\/\/m.media-amazon.com\/images\/I\/31pyUdvUJNL._SL500_.jpg","datePublished":"2023-04-09T21:30:15+00:00","dateModified":"2023-04-10T03:48:06+00:00","description":"Markt-XXL Dreamegg Einschlafhilfe Babys - XT-6 Tragbar White Noise Machine Dimmbar Nachtlicht mit 8 Musik, Wei\u00dfes Rauschen Baby\u2026","breadcrumb":{"@id":"https:\/\/marktxxl.de\/markt\/produkt\/dreamegg-einschlafhilfe-babys-xt-6-tragbar-white-noise-machine-dimmbar-nachtlicht-mit-8-musik-weisses-rauschen-baby-einschlafhilfe-mit-stillicht-ladenbatterie-timerkindersicherung-fuer-baby\/#breadcrumb"},"inLanguage":"de","potentialAction":[{"@type":"ReadAction","target":["https:\/\/marktxxl.de\/markt\/produkt\/dreamegg-einschlafhilfe-babys-xt-6-tragbar-white-noise-machine-dimmbar-nachtlicht-mit-8-musik-weisses-rauschen-baby-einschlafhilfe-mit-stillicht-ladenbatterie-timerkindersicherung-fuer-baby\/"]}]},{"@type":"ImageObject","inLanguage":"de","@id":"https:\/\/marktxxl.de\/markt\/produkt\/dreamegg-einschlafhilfe-babys-xt-6-tragbar-white-noise-machine-dimmbar-nachtlicht-mit-8-musik-weisses-rauschen-baby-einschlafhilfe-mit-stillicht-ladenbatterie-timerkindersicherung-fuer-baby\/#primaryimage","url":"https:\/\/m.media-amazon.com\/images\/I\/31pyUdvUJNL._SL500_.jpg","contentUrl":"https:\/\/m.media-amazon.com\/images\/I\/31pyUdvUJNL._SL500_.jpg","width":500,"height":500},{"@type":"BreadcrumbList","@id":"https:\/\/marktxxl.de\/markt\/produkt\/dreamegg-einschlafhilfe-babys-xt-6-tragbar-white-noise-machine-dimmbar-nachtlicht-mit-8-musik-weisses-rauschen-baby-einschlafhilfe-mit-stillicht-ladenbatterie-timerkindersicherung-fuer-baby\/#breadcrumb","itemListElement":[{"@type":"ListItem","position":1,"name":"Startseite","item":"https:\/\/marktxxl.de\/markt\/"},{"@type":"ListItem","position":2,"name":"Markt","item":"https:\/\/marktxxl.de\/markt\/"},{"@type":"ListItem","position":3,"name":"Dreamegg Einschlafhilfe Babys &#8211; XT-6 Tragbar White Noise Machine Dimmbar Nachtlicht mit 8 Musik, Wei\u00dfes Rauschen Baby\u2026"}]},{"@type":"WebSite","@id":"https:\/\/marktxxl.de\/markt\/#website","url":"https:\/\/marktxxl.de\/markt\/","name":"Markt-XXL","description":"Ihr Markt Online","publisher":{"@id":"https:\/\/marktxxl.de\/markt\/#organization"},"potentialAction":[{"@type":"SearchAction","target":{"@type":"EntryPoint","urlTemplate":"https:\/\/marktxxl.de\/markt\/?s={search_term_string}"},"query-input":{"@type":"PropertyValueSpecification","valueRequired":true,"valueName":"search_term_string"}}],"inLanguage":"de"},{"@type":"Organization","@id":"https:\/\/marktxxl.de\/markt\/#organization","name":"Markt-XXL","url":"https:\/\/marktxxl.de\/markt\/","logo":{"@type":"ImageObject","inLanguage":"de","@id":"https:\/\/marktxxl.de\/markt\/#\/schema\/logo\/image\/","url":"https:\/\/marktxxl.de\/markt\/wp-content\/uploads\/sites\/3\/2020\/12\/logo.png","contentUrl":"https:\/\/marktxxl.de\/markt\/wp-content\/uploads\/sites\/3\/2020\/12\/logo.png","width":200,"height":70,"caption":"Markt-XXL"},"image":{"@id":"https:\/\/marktxxl.de\/markt\/#\/schema\/logo\/image\/"}}]}},"_links":{"self":[{"href":"https:\/\/marktxxl.de\/markt\/wp-json\/wp\/v2\/product\/197537","targetHints":{"allow":["GET"]}}],"collection":[{"href":"https:\/\/marktxxl.de\/markt\/wp-json\/wp\/v2\/product"}],"about":[{"href":"https:\/\/marktxxl.de\/markt\/wp-json\/wp\/v2\/types\/product"}],"replies":[{"embeddable":true,"href":"https:\/\/marktxxl.de\/markt\/wp-json\/wp\/v2\/comments?post=197537"}],"wp:featuredmedia":[{"embeddable":true,"href":"https:\/\/marktxxl.de\/markt\/wp-json\/wp\/v2\/media\/197538"}],"wp:attachment":[{"href":"https:\/\/marktxxl.de\/markt\/wp-json\/wp\/v2\/media?parent=197537"}],"wp:term":[{"taxonomy":"product_brand","embeddable":true,"href":"https:\/\/marktxxl.de\/markt\/wp-json\/wp\/v2\/product_brand?post=197537"},{"taxonomy":"product_cat","embeddable":true,"href":"https:\/\/marktxxl.de\/markt\/wp-json\/wp\/v2\/product_cat?post=197537"},{"taxonomy":"product_tag","embeddable":true,"href":"https:\/\/marktxxl.de\/markt\/wp-json\/wp\/v2\/product_tag?post=197537"}],"curies":[{"name":"wp","href":"https:\/\/api.w.org\/{rel}","templated":true}]}}