{"id":197461,"date":"2023-04-09T23:26:16","date_gmt":"2023-04-09T21:26:16","guid":{"rendered":"https:\/\/marktxxl.de\/markt\/produkt\/crefort-kompatibel-mit-apple-watch-armbaendern-38-mm-40-mm-41-mm-42-mm-44-mm-45-mm-49-mm-weiches-silikon-sport-ersatzarmband-kompatibel-mit-iwatch-armbaendern-der-serie-se-8-7-6-5-4-3-2-1-s\/"},"modified":"2023-04-10T05:48:05","modified_gmt":"2023-04-10T03:48:05","slug":"crefort-kompatibel-mit-apple-watch-armbaendern-38-mm-40-mm-41-mm-42-mm-44-mm-45-mm-49-mm-weiches-silikon-sport-ersatzarmband-kompatibel-mit-iwatch-armbaendern-der-serie-se-8-7-6-5-4-3-2-1-s","status":"publish","type":"product","link":"https:\/\/marktxxl.de\/markt\/produkt\/crefort-kompatibel-mit-apple-watch-armbaendern-38-mm-40-mm-41-mm-42-mm-44-mm-45-mm-49-mm-weiches-silikon-sport-ersatzarmband-kompatibel-mit-iwatch-armbaendern-der-serie-se-8-7-6-5-4-3-2-1-s\/","title":{"rendered":"CREFORT Kompatibel mit Apple Watch-Armb\u00e4ndern, 38 mm, 40 mm, 41 mm, 42 mm, 44 mm, 45 mm, 49 mm, weiches Silikon-Sport\u2026"},"content":{"rendered":"<p>Mehrere Farben: Die Uhrenarmb\u00e4nder haben 18 beliebte Farben f\u00fcr Damen\/Herren, M\u00e4dchen\/Jungen zur Auswahl, einschlie\u00dflich: Schwarz, Dunkelblau, Weinrot, Lila, Hot Pink, Grau, Wei\u00df, Rosa Sand, Blaugr\u00fcn, Koralle, Ingwergelb, Kaktus, Hellblau, Pink Lila, Pistazie, Smaragdgr\u00fcn, Rot, Sternenlicht. Sie k\u00f6nnen nach Ihrer eigenen Stimmung w\u00e4hlen, verschiedene Farben verkleiden sich f\u00fcr Ihre eigene Stimmung. eigenen einzigartigen Stil.<br \/>\nKomfortables Material: Diese Sportb\u00e4nder sind aus weichem Hochleistungs-Silikon-Material, das langlebig, leicht und einfach zu reinigen ist. Es f\u00fchlt sich so glatt und bequem an. Und diese modischen B\u00e4nder sind wasserabweisend, schmutzabweisend und machen es einfach, Ihre Apple Watch von der Arbeit bis zum Training mitzunehmen. Der klassische Metallverschluss ist aus einer Legierung mit niedriger Empfindlichkeit, die die Haut nicht reizt und stabil ist.<br \/>\nEinfache Installation: Diese Sportb\u00e4nder sind stromlinienf\u00f6rmig mit einer einzigartigen Dual-Loch-Tragemethode, die das Band sicher und stabil h\u00e4lt, einfach an- und auszuziehen.<br \/>\nEinheitsgr\u00f6\u00dfe: kompatibel mit iWatch-Armb\u00e4ndern der Serie SE 8, 7, 6, 5, 4, 3, 2, 1, Sport, Edition, alle Versionen. 38\/40\/41 mm S\/M passt f\u00fcr 130 mm-180 mm Handgelenke. M\/L passt f\u00fcr 150 mm-200 mm Handgelenke. 42\/44\/45\/49 mm S\/M passt f\u00fcr 140 mm-190 mm Handgelenke. M\/L passt f\u00fcr Handgelenke mit einem Umfang von 160 mm bis 210 mm.<br \/>\nFreundlicher Kundenservice: Wir bieten 1 Jahr Garantie. Bitte kontaktieren Sie uns beim ersten Mal \u00fcber den Amazon-Verk\u00e4ufer-Messaging-Service f\u00fcr alle Probleme, wir werden f\u00fcr Sie innerhalb von 24 Stunden l\u00f6sen.<br \/>\n<div class=\"main-cross-sell\" data-asin=\"B092RGM6TN\">\n\n\t<div class=\"WooZone-cross-sell-loader\">\n\t\t<div>\n\t\t\t<div id=\"floatingBarsG\">\n\t\t\t\t<div class=\"blockG\" id=\"rotateG_01\"><\/div>\n\t\t\t\t<div class=\"blockG\" id=\"rotateG_02\"><\/div>\n\t\t\t\t<div class=\"blockG\" id=\"rotateG_03\"><\/div>\n\t\t\t\t<div class=\"blockG\" id=\"rotateG_04\"><\/div>\n\t\t\t\t<div class=\"blockG\" id=\"rotateG_05\"><\/div>\n\t\t\t\t<div class=\"blockG\" id=\"rotateG_06\"><\/div>\n\t\t\t\t<div class=\"blockG\" id=\"rotateG_07\"><\/div>\n\t\t\t\t<div class=\"blockG\" id=\"rotateG_08\"><\/div>\n\t\t\t<\/div>\n\t\t\t<div class=\"WooZone-cross-sell-loader-text\"><\/div>\n\t\t<\/div>\n\t<\/div>\n\n\t\t\n<\/div>\n<div style=\"clear:both;\"><\/div><\/p>\n","protected":false},"excerpt":{"rendered":"<p>Mehrere Farben: Die Uhrenarmb\u00e4nder haben 18 beliebte Farben f\u00fcr Damen\/Herren, M\u00e4dchen\/Jungen zur Auswahl, einschlie\u00dflich: Schwarz, Dunkelblau, Weinrot, Lila, Hot Pink, Grau, Wei\u00df, Rosa Sand, Blaugr\u00fcn, Koralle, Ingwergelb, Kaktus, Hellblau, Pink Lila, Pistazie, Smaragdgr\u00fcn, Rot, Sternenlicht. Sie k\u00f6nnen nach Ihrer eigenen Stimmung w\u00e4hlen, verschiedene Farben verkleiden sich f\u00fcr Ihre eigene Stimmung. eigenen einzigartigen Stil.<br \/>\nKomfortables Material: Diese Sportb\u00e4nder sind aus weichem Hochleistungs-Silikon-Material, das langlebig, leicht und einfach zu reinigen ist. Es f\u00fchlt sich so glatt und bequem an. Und diese modischen B\u00e4nder sind wasserabweisend, schmutzabweisend und machen es einfach, Ihre Apple Watch von der Arbeit bis zum Training mitzunehmen. Der klassische Metallverschluss ist aus einer Legierung mit niedriger Empfindlichkeit, die die Haut nicht reizt und stabil ist.<br \/>\nEinfache Installation: Diese Sportb\u00e4nder sind stromlinienf\u00f6rmig mit einer einzigartigen Dual-Loch-Tragemethode, die das Band sicher und stabil h\u00e4lt, einfach an- und auszuziehen.<\/p>\n","protected":false},"featured_media":197462,"comment_status":"open","ping_status":"closed","template":"","meta":[],"product_brand":[],"product_cat":[652,2977],"product_tag":[],"class_list":{"0":"post-197461","1":"product","2":"type-product","3":"status-publish","4":"has-post-thumbnail","6":"product_cat-erotik-markt-xxl","7":"product_cat-sexspielzeug","8":"pa_brand-crefort","9":"pa_manufacturer-crefort","11":"first","12":"instock","13":"shipping-taxable","14":"purchasable","15":"product-type-simple","16":"customify-col","17":"product-has-gallery"},"yoast_head":"<!-- This site is optimized with the Yoast SEO plugin v27.4 - https:\/\/yoast.com\/product\/yoast-seo-wordpress\/ -->\n<title>CREFORT Kompatibel mit Apple Watch-Armb\u00e4ndern, 38 mm, 40 mm, 41 mm, 42 mm, 44 mm, 45 mm, 49 mm, weiches Silikon-Sport\u2026 - Markt-XXL<\/title>\n<meta name=\"description\" content=\"Markt-XXL CREFORT Kompatibel mit Apple Watch-Armb\u00e4ndern, 38 mm, 40 mm, 41 mm, 42 mm, 44 mm, 45 mm, 49 mm, weiches Silikon-Sport\u2026\" \/>\n<meta name=\"robots\" content=\"index, follow, max-snippet:-1, max-image-preview:large, max-video-preview:-1\" \/>\n<link rel=\"canonical\" href=\"https:\/\/marktxxl.de\/markt\/produkt\/crefort-kompatibel-mit-apple-watch-armbaendern-38-mm-40-mm-41-mm-42-mm-44-mm-45-mm-49-mm-weiches-silikon-sport-ersatzarmband-kompatibel-mit-iwatch-armbaendern-der-serie-se-8-7-6-5-4-3-2-1-s\/\" \/>\n<meta property=\"og:locale\" content=\"de_DE\" \/>\n<meta property=\"og:type\" content=\"article\" \/>\n<meta property=\"og:title\" content=\"CREFORT Kompatibel mit Apple Watch-Armb\u00e4ndern, 38 mm, 40 mm, 41 mm, 42 mm, 44 mm, 45 mm, 49 mm, weiches Silikon-Sport\u2026 - Markt-XXL\" \/>\n<meta property=\"og:description\" content=\"Markt-XXL CREFORT Kompatibel mit Apple Watch-Armb\u00e4ndern, 38 mm, 40 mm, 41 mm, 42 mm, 44 mm, 45 mm, 49 mm, weiches Silikon-Sport\u2026\" \/>\n<meta property=\"og:url\" content=\"https:\/\/marktxxl.de\/markt\/produkt\/crefort-kompatibel-mit-apple-watch-armbaendern-38-mm-40-mm-41-mm-42-mm-44-mm-45-mm-49-mm-weiches-silikon-sport-ersatzarmband-kompatibel-mit-iwatch-armbaendern-der-serie-se-8-7-6-5-4-3-2-1-s\/\" \/>\n<meta property=\"og:site_name\" content=\"Markt-XXL\" \/>\n<meta property=\"article:modified_time\" content=\"2023-04-10T03:48:05+00:00\" \/>\n<meta property=\"og:image\" content=\"https:\/\/m.media-amazon.com\/images\/I\/41Y8h6fgLsL._SL500_.jpg\" \/>\n\t<meta property=\"og:image:width\" content=\"469\" \/>\n\t<meta property=\"og:image:height\" content=\"500\" \/>\n\t<meta property=\"og:image:type\" content=\"image\/jpeg\" \/>\n<meta name=\"twitter:card\" content=\"summary_large_image\" \/>\n<meta name=\"twitter:label1\" content=\"Gesch\u00e4tzte Lesezeit\" \/>\n\t<meta name=\"twitter:data1\" content=\"1\u00a0Minute\" \/>\n<script type=\"application\/ld+json\" class=\"yoast-schema-graph\">{\"@context\":\"https:\\\/\\\/schema.org\",\"@graph\":[{\"@type\":\"WebPage\",\"@id\":\"https:\\\/\\\/marktxxl.de\\\/markt\\\/produkt\\\/crefort-kompatibel-mit-apple-watch-armbaendern-38-mm-40-mm-41-mm-42-mm-44-mm-45-mm-49-mm-weiches-silikon-sport-ersatzarmband-kompatibel-mit-iwatch-armbaendern-der-serie-se-8-7-6-5-4-3-2-1-s\\\/\",\"url\":\"https:\\\/\\\/marktxxl.de\\\/markt\\\/produkt\\\/crefort-kompatibel-mit-apple-watch-armbaendern-38-mm-40-mm-41-mm-42-mm-44-mm-45-mm-49-mm-weiches-silikon-sport-ersatzarmband-kompatibel-mit-iwatch-armbaendern-der-serie-se-8-7-6-5-4-3-2-1-s\\\/\",\"name\":\"CREFORT Kompatibel mit Apple Watch-Armb\u00e4ndern, 38 mm, 40 mm, 41 mm, 42 mm, 44 mm, 45 mm, 49 mm, weiches Silikon-Sport\u2026 - Markt-XXL\",\"isPartOf\":{\"@id\":\"https:\\\/\\\/marktxxl.de\\\/markt\\\/#website\"},\"primaryImageOfPage\":{\"@id\":\"https:\\\/\\\/marktxxl.de\\\/markt\\\/produkt\\\/crefort-kompatibel-mit-apple-watch-armbaendern-38-mm-40-mm-41-mm-42-mm-44-mm-45-mm-49-mm-weiches-silikon-sport-ersatzarmband-kompatibel-mit-iwatch-armbaendern-der-serie-se-8-7-6-5-4-3-2-1-s\\\/#primaryimage\"},\"image\":{\"@id\":\"https:\\\/\\\/marktxxl.de\\\/markt\\\/produkt\\\/crefort-kompatibel-mit-apple-watch-armbaendern-38-mm-40-mm-41-mm-42-mm-44-mm-45-mm-49-mm-weiches-silikon-sport-ersatzarmband-kompatibel-mit-iwatch-armbaendern-der-serie-se-8-7-6-5-4-3-2-1-s\\\/#primaryimage\"},\"thumbnailUrl\":\"https:\\\/\\\/m.media-amazon.com\\\/images\\\/I\\\/41Y8h6fgLsL._SL500_.jpg\",\"datePublished\":\"2023-04-09T21:26:16+00:00\",\"dateModified\":\"2023-04-10T03:48:05+00:00\",\"description\":\"Markt-XXL CREFORT Kompatibel mit Apple Watch-Armb\u00e4ndern, 38 mm, 40 mm, 41 mm, 42 mm, 44 mm, 45 mm, 49 mm, weiches Silikon-Sport\u2026\",\"breadcrumb\":{\"@id\":\"https:\\\/\\\/marktxxl.de\\\/markt\\\/produkt\\\/crefort-kompatibel-mit-apple-watch-armbaendern-38-mm-40-mm-41-mm-42-mm-44-mm-45-mm-49-mm-weiches-silikon-sport-ersatzarmband-kompatibel-mit-iwatch-armbaendern-der-serie-se-8-7-6-5-4-3-2-1-s\\\/#breadcrumb\"},\"inLanguage\":\"de\",\"potentialAction\":[{\"@type\":\"ReadAction\",\"target\":[\"https:\\\/\\\/marktxxl.de\\\/markt\\\/produkt\\\/crefort-kompatibel-mit-apple-watch-armbaendern-38-mm-40-mm-41-mm-42-mm-44-mm-45-mm-49-mm-weiches-silikon-sport-ersatzarmband-kompatibel-mit-iwatch-armbaendern-der-serie-se-8-7-6-5-4-3-2-1-s\\\/\"]}]},{\"@type\":\"ImageObject\",\"inLanguage\":\"de\",\"@id\":\"https:\\\/\\\/marktxxl.de\\\/markt\\\/produkt\\\/crefort-kompatibel-mit-apple-watch-armbaendern-38-mm-40-mm-41-mm-42-mm-44-mm-45-mm-49-mm-weiches-silikon-sport-ersatzarmband-kompatibel-mit-iwatch-armbaendern-der-serie-se-8-7-6-5-4-3-2-1-s\\\/#primaryimage\",\"url\":\"https:\\\/\\\/m.media-amazon.com\\\/images\\\/I\\\/41Y8h6fgLsL._SL500_.jpg\",\"contentUrl\":\"https:\\\/\\\/m.media-amazon.com\\\/images\\\/I\\\/41Y8h6fgLsL._SL500_.jpg\",\"width\":469,\"height\":500},{\"@type\":\"BreadcrumbList\",\"@id\":\"https:\\\/\\\/marktxxl.de\\\/markt\\\/produkt\\\/crefort-kompatibel-mit-apple-watch-armbaendern-38-mm-40-mm-41-mm-42-mm-44-mm-45-mm-49-mm-weiches-silikon-sport-ersatzarmband-kompatibel-mit-iwatch-armbaendern-der-serie-se-8-7-6-5-4-3-2-1-s\\\/#breadcrumb\",\"itemListElement\":[{\"@type\":\"ListItem\",\"position\":1,\"name\":\"Startseite\",\"item\":\"https:\\\/\\\/marktxxl.de\\\/markt\\\/\"},{\"@type\":\"ListItem\",\"position\":2,\"name\":\"Markt\",\"item\":\"https:\\\/\\\/marktxxl.de\\\/markt\\\/\"},{\"@type\":\"ListItem\",\"position\":3,\"name\":\"CREFORT Kompatibel mit Apple Watch-Armb\u00e4ndern, 38 mm, 40 mm, 41 mm, 42 mm, 44 mm, 45 mm, 49 mm, weiches Silikon-Sport\u2026\"}]},{\"@type\":\"WebSite\",\"@id\":\"https:\\\/\\\/marktxxl.de\\\/markt\\\/#website\",\"url\":\"https:\\\/\\\/marktxxl.de\\\/markt\\\/\",\"name\":\"Markt-XXL\",\"description\":\"Ihr Markt Online\",\"publisher\":{\"@id\":\"https:\\\/\\\/marktxxl.de\\\/markt\\\/#organization\"},\"potentialAction\":[{\"@type\":\"SearchAction\",\"target\":{\"@type\":\"EntryPoint\",\"urlTemplate\":\"https:\\\/\\\/marktxxl.de\\\/markt\\\/?s={search_term_string}\"},\"query-input\":{\"@type\":\"PropertyValueSpecification\",\"valueRequired\":true,\"valueName\":\"search_term_string\"}}],\"inLanguage\":\"de\"},{\"@type\":\"Organization\",\"@id\":\"https:\\\/\\\/marktxxl.de\\\/markt\\\/#organization\",\"name\":\"Markt-XXL\",\"url\":\"https:\\\/\\\/marktxxl.de\\\/markt\\\/\",\"logo\":{\"@type\":\"ImageObject\",\"inLanguage\":\"de\",\"@id\":\"https:\\\/\\\/marktxxl.de\\\/markt\\\/#\\\/schema\\\/logo\\\/image\\\/\",\"url\":\"https:\\\/\\\/marktxxl.de\\\/markt\\\/wp-content\\\/uploads\\\/sites\\\/3\\\/2020\\\/12\\\/logo.png\",\"contentUrl\":\"https:\\\/\\\/marktxxl.de\\\/markt\\\/wp-content\\\/uploads\\\/sites\\\/3\\\/2020\\\/12\\\/logo.png\",\"width\":200,\"height\":70,\"caption\":\"Markt-XXL\"},\"image\":{\"@id\":\"https:\\\/\\\/marktxxl.de\\\/markt\\\/#\\\/schema\\\/logo\\\/image\\\/\"}}]}<\/script>\n<!-- \/ Yoast SEO plugin. -->","yoast_head_json":{"title":"CREFORT Kompatibel mit Apple Watch-Armb\u00e4ndern, 38 mm, 40 mm, 41 mm, 42 mm, 44 mm, 45 mm, 49 mm, weiches Silikon-Sport\u2026 - Markt-XXL","description":"Markt-XXL CREFORT Kompatibel mit Apple Watch-Armb\u00e4ndern, 38 mm, 40 mm, 41 mm, 42 mm, 44 mm, 45 mm, 49 mm, weiches Silikon-Sport\u2026","robots":{"index":"index","follow":"follow","max-snippet":"max-snippet:-1","max-image-preview":"max-image-preview:large","max-video-preview":"max-video-preview:-1"},"canonical":"https:\/\/marktxxl.de\/markt\/produkt\/crefort-kompatibel-mit-apple-watch-armbaendern-38-mm-40-mm-41-mm-42-mm-44-mm-45-mm-49-mm-weiches-silikon-sport-ersatzarmband-kompatibel-mit-iwatch-armbaendern-der-serie-se-8-7-6-5-4-3-2-1-s\/","og_locale":"de_DE","og_type":"article","og_title":"CREFORT Kompatibel mit Apple Watch-Armb\u00e4ndern, 38 mm, 40 mm, 41 mm, 42 mm, 44 mm, 45 mm, 49 mm, weiches Silikon-Sport\u2026 - Markt-XXL","og_description":"Markt-XXL CREFORT Kompatibel mit Apple Watch-Armb\u00e4ndern, 38 mm, 40 mm, 41 mm, 42 mm, 44 mm, 45 mm, 49 mm, weiches Silikon-Sport\u2026","og_url":"https:\/\/marktxxl.de\/markt\/produkt\/crefort-kompatibel-mit-apple-watch-armbaendern-38-mm-40-mm-41-mm-42-mm-44-mm-45-mm-49-mm-weiches-silikon-sport-ersatzarmband-kompatibel-mit-iwatch-armbaendern-der-serie-se-8-7-6-5-4-3-2-1-s\/","og_site_name":"Markt-XXL","article_modified_time":"2023-04-10T03:48:05+00:00","og_image":[{"width":469,"height":500,"url":"https:\/\/m.media-amazon.com\/images\/I\/41Y8h6fgLsL._SL500_.jpg","type":"image\/jpeg"}],"twitter_card":"summary_large_image","twitter_misc":{"Gesch\u00e4tzte Lesezeit":"1\u00a0Minute"},"schema":{"@context":"https:\/\/schema.org","@graph":[{"@type":"WebPage","@id":"https:\/\/marktxxl.de\/markt\/produkt\/crefort-kompatibel-mit-apple-watch-armbaendern-38-mm-40-mm-41-mm-42-mm-44-mm-45-mm-49-mm-weiches-silikon-sport-ersatzarmband-kompatibel-mit-iwatch-armbaendern-der-serie-se-8-7-6-5-4-3-2-1-s\/","url":"https:\/\/marktxxl.de\/markt\/produkt\/crefort-kompatibel-mit-apple-watch-armbaendern-38-mm-40-mm-41-mm-42-mm-44-mm-45-mm-49-mm-weiches-silikon-sport-ersatzarmband-kompatibel-mit-iwatch-armbaendern-der-serie-se-8-7-6-5-4-3-2-1-s\/","name":"CREFORT Kompatibel mit Apple Watch-Armb\u00e4ndern, 38 mm, 40 mm, 41 mm, 42 mm, 44 mm, 45 mm, 49 mm, weiches Silikon-Sport\u2026 - Markt-XXL","isPartOf":{"@id":"https:\/\/marktxxl.de\/markt\/#website"},"primaryImageOfPage":{"@id":"https:\/\/marktxxl.de\/markt\/produkt\/crefort-kompatibel-mit-apple-watch-armbaendern-38-mm-40-mm-41-mm-42-mm-44-mm-45-mm-49-mm-weiches-silikon-sport-ersatzarmband-kompatibel-mit-iwatch-armbaendern-der-serie-se-8-7-6-5-4-3-2-1-s\/#primaryimage"},"image":{"@id":"https:\/\/marktxxl.de\/markt\/produkt\/crefort-kompatibel-mit-apple-watch-armbaendern-38-mm-40-mm-41-mm-42-mm-44-mm-45-mm-49-mm-weiches-silikon-sport-ersatzarmband-kompatibel-mit-iwatch-armbaendern-der-serie-se-8-7-6-5-4-3-2-1-s\/#primaryimage"},"thumbnailUrl":"https:\/\/m.media-amazon.com\/images\/I\/41Y8h6fgLsL._SL500_.jpg","datePublished":"2023-04-09T21:26:16+00:00","dateModified":"2023-04-10T03:48:05+00:00","description":"Markt-XXL CREFORT Kompatibel mit Apple Watch-Armb\u00e4ndern, 38 mm, 40 mm, 41 mm, 42 mm, 44 mm, 45 mm, 49 mm, weiches Silikon-Sport\u2026","breadcrumb":{"@id":"https:\/\/marktxxl.de\/markt\/produkt\/crefort-kompatibel-mit-apple-watch-armbaendern-38-mm-40-mm-41-mm-42-mm-44-mm-45-mm-49-mm-weiches-silikon-sport-ersatzarmband-kompatibel-mit-iwatch-armbaendern-der-serie-se-8-7-6-5-4-3-2-1-s\/#breadcrumb"},"inLanguage":"de","potentialAction":[{"@type":"ReadAction","target":["https:\/\/marktxxl.de\/markt\/produkt\/crefort-kompatibel-mit-apple-watch-armbaendern-38-mm-40-mm-41-mm-42-mm-44-mm-45-mm-49-mm-weiches-silikon-sport-ersatzarmband-kompatibel-mit-iwatch-armbaendern-der-serie-se-8-7-6-5-4-3-2-1-s\/"]}]},{"@type":"ImageObject","inLanguage":"de","@id":"https:\/\/marktxxl.de\/markt\/produkt\/crefort-kompatibel-mit-apple-watch-armbaendern-38-mm-40-mm-41-mm-42-mm-44-mm-45-mm-49-mm-weiches-silikon-sport-ersatzarmband-kompatibel-mit-iwatch-armbaendern-der-serie-se-8-7-6-5-4-3-2-1-s\/#primaryimage","url":"https:\/\/m.media-amazon.com\/images\/I\/41Y8h6fgLsL._SL500_.jpg","contentUrl":"https:\/\/m.media-amazon.com\/images\/I\/41Y8h6fgLsL._SL500_.jpg","width":469,"height":500},{"@type":"BreadcrumbList","@id":"https:\/\/marktxxl.de\/markt\/produkt\/crefort-kompatibel-mit-apple-watch-armbaendern-38-mm-40-mm-41-mm-42-mm-44-mm-45-mm-49-mm-weiches-silikon-sport-ersatzarmband-kompatibel-mit-iwatch-armbaendern-der-serie-se-8-7-6-5-4-3-2-1-s\/#breadcrumb","itemListElement":[{"@type":"ListItem","position":1,"name":"Startseite","item":"https:\/\/marktxxl.de\/markt\/"},{"@type":"ListItem","position":2,"name":"Markt","item":"https:\/\/marktxxl.de\/markt\/"},{"@type":"ListItem","position":3,"name":"CREFORT Kompatibel mit Apple Watch-Armb\u00e4ndern, 38 mm, 40 mm, 41 mm, 42 mm, 44 mm, 45 mm, 49 mm, weiches Silikon-Sport\u2026"}]},{"@type":"WebSite","@id":"https:\/\/marktxxl.de\/markt\/#website","url":"https:\/\/marktxxl.de\/markt\/","name":"Markt-XXL","description":"Ihr Markt Online","publisher":{"@id":"https:\/\/marktxxl.de\/markt\/#organization"},"potentialAction":[{"@type":"SearchAction","target":{"@type":"EntryPoint","urlTemplate":"https:\/\/marktxxl.de\/markt\/?s={search_term_string}"},"query-input":{"@type":"PropertyValueSpecification","valueRequired":true,"valueName":"search_term_string"}}],"inLanguage":"de"},{"@type":"Organization","@id":"https:\/\/marktxxl.de\/markt\/#organization","name":"Markt-XXL","url":"https:\/\/marktxxl.de\/markt\/","logo":{"@type":"ImageObject","inLanguage":"de","@id":"https:\/\/marktxxl.de\/markt\/#\/schema\/logo\/image\/","url":"https:\/\/marktxxl.de\/markt\/wp-content\/uploads\/sites\/3\/2020\/12\/logo.png","contentUrl":"https:\/\/marktxxl.de\/markt\/wp-content\/uploads\/sites\/3\/2020\/12\/logo.png","width":200,"height":70,"caption":"Markt-XXL"},"image":{"@id":"https:\/\/marktxxl.de\/markt\/#\/schema\/logo\/image\/"}}]}},"_links":{"self":[{"href":"https:\/\/marktxxl.de\/markt\/wp-json\/wp\/v2\/product\/197461","targetHints":{"allow":["GET"]}}],"collection":[{"href":"https:\/\/marktxxl.de\/markt\/wp-json\/wp\/v2\/product"}],"about":[{"href":"https:\/\/marktxxl.de\/markt\/wp-json\/wp\/v2\/types\/product"}],"replies":[{"embeddable":true,"href":"https:\/\/marktxxl.de\/markt\/wp-json\/wp\/v2\/comments?post=197461"}],"wp:featuredmedia":[{"embeddable":true,"href":"https:\/\/marktxxl.de\/markt\/wp-json\/wp\/v2\/media\/197462"}],"wp:attachment":[{"href":"https:\/\/marktxxl.de\/markt\/wp-json\/wp\/v2\/media?parent=197461"}],"wp:term":[{"taxonomy":"product_brand","embeddable":true,"href":"https:\/\/marktxxl.de\/markt\/wp-json\/wp\/v2\/product_brand?post=197461"},{"taxonomy":"product_cat","embeddable":true,"href":"https:\/\/marktxxl.de\/markt\/wp-json\/wp\/v2\/product_cat?post=197461"},{"taxonomy":"product_tag","embeddable":true,"href":"https:\/\/marktxxl.de\/markt\/wp-json\/wp\/v2\/product_tag?post=197461"}],"curies":[{"name":"wp","href":"https:\/\/api.w.org\/{rel}","templated":true}]}}