{"id":197430,"date":"2023-04-09T23:25:10","date_gmt":"2023-04-09T21:25:10","guid":{"rendered":"https:\/\/marktxxl.de\/markt\/produkt\/bamboo-bamboo-bambus-babyteller-mit-saugnapf-saugnapf-teller-fuer-kinder-und-kleinkinder-ungiftiger-natuerlicher-bambus-teller-fuer-babynahrung-der-kuehl-bleibt-fuer-baby-gefuehrte-entwoehnung\/"},"modified":"2023-04-09T23:25:10","modified_gmt":"2023-04-09T21:25:10","slug":"bamboo-bamboo-bambus-babyteller-mit-saugnapf-saugnapf-teller-fuer-kinder-und-kleinkinder-ungiftiger-natuerlicher-bambus-teller-fuer-babynahrung-der-kuehl-bleibt-fuer-baby-gefuehrte-entwoehnung","status":"publish","type":"product","link":"https:\/\/marktxxl.de\/markt\/produkt\/bamboo-bamboo-bambus-babyteller-mit-saugnapf-saugnapf-teller-fuer-kinder-und-kleinkinder-ungiftiger-natuerlicher-bambus-teller-fuer-babynahrung-der-kuehl-bleibt-fuer-baby-gefuehrte-entwoehnung\/","title":{"rendered":"bamboo bamboo Bambus-Babyteller mit Saugnapf &#8211; Saugnapf-Teller f\u00fcr Kinder und Kleinkinder, ungiftiger, nat\u00fcrlicher Bambus-Teller f\u00fcr Babynahrung, der k\u00fchl bleibt, f\u00fcr Baby-gef\u00fchrte Entw\u00f6hnung (Fisch)"},"content":{"rendered":"<p><strong>\u2714\ufe0fWIE F\u00d6RDERN WIR DEN \u00dcBERGANG? Es beginnt mit dem Wiedererkennen. Unsere Teller f\u00fcr die babygef\u00fchrte Entw\u00f6hnung sind so konzipiert, dass sie Ihr Kind jedes Mal ansprechen und interessieren, wenn es sie sieht. Der Saugnapf sorgt daf\u00fcr, dass die Mahlzeiten nicht durch st\u00e4ndiges Versch\u00fctten oder Umkippen unterbrochen werden. So kann Ihr Kind seine feinmotorischen F\u00e4higkeiten und seine Selbstst\u00e4ndigkeit entwickeln und gleichzeitig eine leckere Mahlzeit genie\u00dfen!<\/p>\n<p><strong>\u2714\ufe0fWAS IST IN DER PACKUNG? Ein preisgekr\u00f6ntes Produkt, das mit Ihrem Kind im Sinn entwickelt wurde, verpackt in einer wundersch\u00f6n gestalteten Verpackung. Im Gegensatz zu anderen billigen Kopien unserer Produkte schicken wir unsere Produkte nicht einfach in einer billigen Plastikt\u00fcte. Wir haben uns der Nachhaltigkeit verschrieben und sch\u00fctzen die Zukunft Ihrer Kinder.<\/p>\n<p><strong>\u2714\ufe0fWARUM KEIN KOSTENLOSES L\u00c4TZCHEN? Wir wissen, dass Verk\u00e4ufer von Kopien unserer Produkte kostenlose L\u00e4tzchen und alles andere anbieten, was nicht niet und nagelfest ist. Wir raten Ihnen dringend, keine Kompromisse bei der Qualit\u00e4t einzugehen. Die billigen L\u00e4tzchen sollen \u00fcber andere Probleme hinwegt\u00e4uschen. Stattdessen sollten Sie auf unsere Qualit\u00e4tsprodukte setzen. Unser Bambus wurde strengen Sicherheitspr\u00fcfungen unterzogen und ist 2-3 Mal st\u00e4rker als herk\u00f6mmliche Harth\u00f6lzer<\/p>\n<p><strong>\u2714\ufe0fWIE SICHER? Unsere Sch\u00fcsseln bestehen aus nat\u00fcrlichem Bambus und lebensmittelechtem Silikon. Und das war&#8217;s dann auch schon. Aber im Ernst: Wir sind geradezu verr\u00fcckt danach, Ihnen hochwertige und sichere Produkte f\u00fcr Kinder anzubieten. Da wir, wie Sie auch, Eltern sind, haben wir uns entschieden, bei der Produktion keine Abstriche zu machen, und ehrlich gesagt, wollen wir auch keine Kunden ansprechen, die einfach nur das Billigste wollen.<\/p>\n<p><strong>\u2714\ufe0fWAS INTERESSIERT BABYS? Formen, Farben und alles, was niedlich ist. Unsere niedlichen Saugn\u00e4pfe sind in einer Reihe von Farben erh\u00e4ltlich, um den Farbvorlieben Ihres Kindes gerecht zu werden. Die Magie entsteht, wenn Sie sie mit unseren Baby- und Kleinkindtellern kombinieren.<br \/>\n<div class=\"main-cross-sell\" data-asin=\"B07ZPTWDK7\">\n\n\t<div class=\"WooZone-cross-sell-loader\">\n\t\t<div>\n\t\t\t<div id=\"floatingBarsG\">\n\t\t\t\t<div class=\"blockG\" id=\"rotateG_01\"><\/div>\n\t\t\t\t<div class=\"blockG\" id=\"rotateG_02\"><\/div>\n\t\t\t\t<div class=\"blockG\" id=\"rotateG_03\"><\/div>\n\t\t\t\t<div class=\"blockG\" id=\"rotateG_04\"><\/div>\n\t\t\t\t<div class=\"blockG\" id=\"rotateG_05\"><\/div>\n\t\t\t\t<div class=\"blockG\" id=\"rotateG_06\"><\/div>\n\t\t\t\t<div class=\"blockG\" id=\"rotateG_07\"><\/div>\n\t\t\t\t<div class=\"blockG\" id=\"rotateG_08\"><\/div>\n\t\t\t<\/div>\n\t\t\t<div class=\"WooZone-cross-sell-loader-text\"><\/div>\n\t\t<\/div>\n\t<\/div>\n\n\t\t\n<\/div>\n<div style=\"clear:both;\"><\/div><\/p>\n","protected":false},"excerpt":{"rendered":"<p>\u2714\ufe0fWIE F\u00d6RDERN WIR DEN \u00dcBERGANG? Es beginnt mit dem Wiedererkennen. Unsere Teller f\u00fcr die babygef\u00fchrte Entw\u00f6hnung sind so konzipiert, dass sie Ihr Kind jedes Mal ansprechen und interessieren, wenn es sie sieht. Der Saugnapf sorgt daf\u00fcr, dass die Mahlzeiten nicht durch st\u00e4ndiges Versch\u00fctten oder Umkippen unterbrochen werden. So kann Ihr Kind seine feinmotorischen F\u00e4higkeiten und seine Selbstst\u00e4ndigkeit entwickeln und gleichzeitig eine leckere Mahlzeit genie\u00dfen!<br \/>\n\u2714\ufe0fWAS IST IN DER PACKUNG? Ein preisgekr\u00f6ntes Produkt, das mit Ihrem Kind im Sinn entwickelt wurde, verpackt in einer wundersch\u00f6n gestalteten Verpackung. Im Gegensatz zu anderen billigen Kopien unserer Produkte schicken wir unsere Produkte nicht einfach in einer billigen Plastikt\u00fcte. Wir haben uns der Nachhaltigkeit verschrieben und sch\u00fctzen die Zukunft Ihrer Kinder.<br \/>\n\u2714\ufe0fWARUM KEIN KOSTENLOSES L\u00c4TZCHEN? Wir wissen, dass Verk\u00e4ufer von Kopien unserer Produkte kostenlose L\u00e4tzchen und alles andere anbieten, was nicht niet und nagelfest ist. Wir raten Ihnen dringend, keine Kompromisse bei der Qualit\u00e4t einzugehen. Die billigen L\u00e4tzchen sollen \u00fcber andere Probleme hinwegt\u00e4uschen. Stattdessen sollten Sie auf unsere Qualit\u00e4tsprodukte setzen. Unser Bambus wurde strengen Sicherheitspr\u00fcfungen unterzogen und ist 2-3 Mal st\u00e4rker als herk\u00f6mmliche Harth\u00f6lzer<\/p>\n","protected":false},"featured_media":197431,"comment_status":"open","ping_status":"closed","template":"","meta":[],"product_brand":[],"product_cat":[21,9216],"product_tag":[],"class_list":{"0":"post-197430","1":"product","2":"type-product","3":"status-publish","4":"has-post-thumbnail","6":"product_cat-baby","7":"product_cat-ernaehrung-stillen-baby","8":"pa_binding-babyartikel","9":"pa_brand-bamboo-bamboo","10":"pa_manufacturer-j-remoir-ltd","12":"first","13":"instock","14":"shipping-taxable","15":"product-type-simple","16":"customify-col","17":"product-has-gallery"},"yoast_head":"<!-- This site is optimized with the Yoast SEO plugin v27.3 - https:\/\/yoast.com\/product\/yoast-seo-wordpress\/ -->\n<title>bamboo bamboo Bambus-Babyteller mit Saugnapf - Saugnapf-Teller f\u00fcr Kinder und Kleinkinder, ungiftiger, nat\u00fcrlicher Bambus-Teller f\u00fcr Babynahrung, der k\u00fchl bleibt, f\u00fcr Baby-gef\u00fchrte Entw\u00f6hnung (Fisch) - Markt-XXL<\/title>\n<meta name=\"description\" content=\"Markt-XXL bamboo bamboo Bambus-Babyteller mit Saugnapf - Saugnapf-Teller f\u00fcr Kinder und Kleinkinder, ungiftiger, nat\u00fcrlicher Bambus-Teller f\u00fcr Babynahrung, der k\u00fchl bleibt, f\u00fcr Baby-gef\u00fchrte Entw\u00f6hnung (Fisch)\" \/>\n<meta name=\"robots\" content=\"index, follow, max-snippet:-1, max-image-preview:large, max-video-preview:-1\" \/>\n<link rel=\"canonical\" href=\"https:\/\/marktxxl.de\/markt\/produkt\/bamboo-bamboo-bambus-babyteller-mit-saugnapf-saugnapf-teller-fuer-kinder-und-kleinkinder-ungiftiger-natuerlicher-bambus-teller-fuer-babynahrung-der-kuehl-bleibt-fuer-baby-gefuehrte-entwoehnung\/\" \/>\n<meta property=\"og:locale\" content=\"de_DE\" \/>\n<meta property=\"og:type\" content=\"article\" \/>\n<meta property=\"og:title\" content=\"bamboo bamboo Bambus-Babyteller mit Saugnapf - Saugnapf-Teller f\u00fcr Kinder und Kleinkinder, ungiftiger, nat\u00fcrlicher Bambus-Teller f\u00fcr Babynahrung, der k\u00fchl bleibt, f\u00fcr Baby-gef\u00fchrte Entw\u00f6hnung (Fisch) - Markt-XXL\" \/>\n<meta property=\"og:description\" content=\"Markt-XXL bamboo bamboo Bambus-Babyteller mit Saugnapf - Saugnapf-Teller f\u00fcr Kinder und Kleinkinder, ungiftiger, nat\u00fcrlicher Bambus-Teller f\u00fcr Babynahrung, der k\u00fchl bleibt, f\u00fcr Baby-gef\u00fchrte Entw\u00f6hnung (Fisch)\" \/>\n<meta property=\"og:url\" content=\"https:\/\/marktxxl.de\/markt\/produkt\/bamboo-bamboo-bambus-babyteller-mit-saugnapf-saugnapf-teller-fuer-kinder-und-kleinkinder-ungiftiger-natuerlicher-bambus-teller-fuer-babynahrung-der-kuehl-bleibt-fuer-baby-gefuehrte-entwoehnung\/\" \/>\n<meta property=\"og:site_name\" content=\"Markt-XXL\" \/>\n<meta name=\"twitter:card\" content=\"summary_large_image\" \/>\n<meta name=\"twitter:label1\" content=\"Gesch\u00e4tzte Lesezeit\" \/>\n\t<meta name=\"twitter:data1\" content=\"2\u00a0Minuten\" \/>\n<script type=\"application\/ld+json\" class=\"yoast-schema-graph\">{\"@context\":\"https:\\\/\\\/schema.org\",\"@graph\":[{\"@type\":\"WebPage\",\"@id\":\"https:\\\/\\\/marktxxl.de\\\/markt\\\/produkt\\\/bamboo-bamboo-bambus-babyteller-mit-saugnapf-saugnapf-teller-fuer-kinder-und-kleinkinder-ungiftiger-natuerlicher-bambus-teller-fuer-babynahrung-der-kuehl-bleibt-fuer-baby-gefuehrte-entwoehnung\\\/\",\"url\":\"https:\\\/\\\/marktxxl.de\\\/markt\\\/produkt\\\/bamboo-bamboo-bambus-babyteller-mit-saugnapf-saugnapf-teller-fuer-kinder-und-kleinkinder-ungiftiger-natuerlicher-bambus-teller-fuer-babynahrung-der-kuehl-bleibt-fuer-baby-gefuehrte-entwoehnung\\\/\",\"name\":\"bamboo bamboo Bambus-Babyteller mit Saugnapf - Saugnapf-Teller f\u00fcr Kinder und Kleinkinder, ungiftiger, nat\u00fcrlicher Bambus-Teller f\u00fcr Babynahrung, der k\u00fchl bleibt, f\u00fcr Baby-gef\u00fchrte Entw\u00f6hnung (Fisch) - Markt-XXL\",\"isPartOf\":{\"@id\":\"https:\\\/\\\/marktxxl.de\\\/markt\\\/#website\"},\"primaryImageOfPage\":{\"@id\":\"https:\\\/\\\/marktxxl.de\\\/markt\\\/produkt\\\/bamboo-bamboo-bambus-babyteller-mit-saugnapf-saugnapf-teller-fuer-kinder-und-kleinkinder-ungiftiger-natuerlicher-bambus-teller-fuer-babynahrung-der-kuehl-bleibt-fuer-baby-gefuehrte-entwoehnung\\\/#primaryimage\"},\"image\":{\"@id\":\"https:\\\/\\\/marktxxl.de\\\/markt\\\/produkt\\\/bamboo-bamboo-bambus-babyteller-mit-saugnapf-saugnapf-teller-fuer-kinder-und-kleinkinder-ungiftiger-natuerlicher-bambus-teller-fuer-babynahrung-der-kuehl-bleibt-fuer-baby-gefuehrte-entwoehnung\\\/#primaryimage\"},\"thumbnailUrl\":\"https:\\\/\\\/m.media-amazon.com\\\/images\\\/I\\\/41oP+o-udLL._SL500_.jpg\",\"datePublished\":\"2023-04-09T21:25:10+00:00\",\"description\":\"Markt-XXL bamboo bamboo Bambus-Babyteller mit Saugnapf - Saugnapf-Teller f\u00fcr Kinder und Kleinkinder, ungiftiger, nat\u00fcrlicher Bambus-Teller f\u00fcr Babynahrung, der k\u00fchl bleibt, f\u00fcr Baby-gef\u00fchrte Entw\u00f6hnung (Fisch)\",\"breadcrumb\":{\"@id\":\"https:\\\/\\\/marktxxl.de\\\/markt\\\/produkt\\\/bamboo-bamboo-bambus-babyteller-mit-saugnapf-saugnapf-teller-fuer-kinder-und-kleinkinder-ungiftiger-natuerlicher-bambus-teller-fuer-babynahrung-der-kuehl-bleibt-fuer-baby-gefuehrte-entwoehnung\\\/#breadcrumb\"},\"inLanguage\":\"de\",\"potentialAction\":[{\"@type\":\"ReadAction\",\"target\":[\"https:\\\/\\\/marktxxl.de\\\/markt\\\/produkt\\\/bamboo-bamboo-bambus-babyteller-mit-saugnapf-saugnapf-teller-fuer-kinder-und-kleinkinder-ungiftiger-natuerlicher-bambus-teller-fuer-babynahrung-der-kuehl-bleibt-fuer-baby-gefuehrte-entwoehnung\\\/\"]}]},{\"@type\":\"ImageObject\",\"inLanguage\":\"de\",\"@id\":\"https:\\\/\\\/marktxxl.de\\\/markt\\\/produkt\\\/bamboo-bamboo-bambus-babyteller-mit-saugnapf-saugnapf-teller-fuer-kinder-und-kleinkinder-ungiftiger-natuerlicher-bambus-teller-fuer-babynahrung-der-kuehl-bleibt-fuer-baby-gefuehrte-entwoehnung\\\/#primaryimage\",\"url\":\"https:\\\/\\\/m.media-amazon.com\\\/images\\\/I\\\/41oP+o-udLL._SL500_.jpg\",\"contentUrl\":\"https:\\\/\\\/m.media-amazon.com\\\/images\\\/I\\\/41oP+o-udLL._SL500_.jpg\",\"width\":500,\"height\":500},{\"@type\":\"BreadcrumbList\",\"@id\":\"https:\\\/\\\/marktxxl.de\\\/markt\\\/produkt\\\/bamboo-bamboo-bambus-babyteller-mit-saugnapf-saugnapf-teller-fuer-kinder-und-kleinkinder-ungiftiger-natuerlicher-bambus-teller-fuer-babynahrung-der-kuehl-bleibt-fuer-baby-gefuehrte-entwoehnung\\\/#breadcrumb\",\"itemListElement\":[{\"@type\":\"ListItem\",\"position\":1,\"name\":\"Startseite\",\"item\":\"https:\\\/\\\/marktxxl.de\\\/markt\\\/\"},{\"@type\":\"ListItem\",\"position\":2,\"name\":\"Markt\",\"item\":\"https:\\\/\\\/marktxxl.de\\\/markt\\\/\"},{\"@type\":\"ListItem\",\"position\":3,\"name\":\"bamboo bamboo Bambus-Babyteller mit Saugnapf &#8211; Saugnapf-Teller f\u00fcr Kinder und Kleinkinder, ungiftiger, nat\u00fcrlicher Bambus-Teller f\u00fcr Babynahrung, der k\u00fchl bleibt, f\u00fcr Baby-gef\u00fchrte Entw\u00f6hnung (Fisch)\"}]},{\"@type\":\"WebSite\",\"@id\":\"https:\\\/\\\/marktxxl.de\\\/markt\\\/#website\",\"url\":\"https:\\\/\\\/marktxxl.de\\\/markt\\\/\",\"name\":\"Markt-XXL\",\"description\":\"Ihr Markt Online\",\"publisher\":{\"@id\":\"https:\\\/\\\/marktxxl.de\\\/markt\\\/#organization\"},\"potentialAction\":[{\"@type\":\"SearchAction\",\"target\":{\"@type\":\"EntryPoint\",\"urlTemplate\":\"https:\\\/\\\/marktxxl.de\\\/markt\\\/?s={search_term_string}\"},\"query-input\":{\"@type\":\"PropertyValueSpecification\",\"valueRequired\":true,\"valueName\":\"search_term_string\"}}],\"inLanguage\":\"de\"},{\"@type\":\"Organization\",\"@id\":\"https:\\\/\\\/marktxxl.de\\\/markt\\\/#organization\",\"name\":\"Markt-XXL\",\"url\":\"https:\\\/\\\/marktxxl.de\\\/markt\\\/\",\"logo\":{\"@type\":\"ImageObject\",\"inLanguage\":\"de\",\"@id\":\"https:\\\/\\\/marktxxl.de\\\/markt\\\/#\\\/schema\\\/logo\\\/image\\\/\",\"url\":\"https:\\\/\\\/marktxxl.de\\\/markt\\\/wp-content\\\/uploads\\\/sites\\\/3\\\/2020\\\/12\\\/logo.png\",\"contentUrl\":\"https:\\\/\\\/marktxxl.de\\\/markt\\\/wp-content\\\/uploads\\\/sites\\\/3\\\/2020\\\/12\\\/logo.png\",\"width\":200,\"height\":70,\"caption\":\"Markt-XXL\"},\"image\":{\"@id\":\"https:\\\/\\\/marktxxl.de\\\/markt\\\/#\\\/schema\\\/logo\\\/image\\\/\"}}]}<\/script>\n<!-- \/ Yoast SEO plugin. -->","yoast_head_json":{"title":"bamboo bamboo Bambus-Babyteller mit Saugnapf - Saugnapf-Teller f\u00fcr Kinder und Kleinkinder, ungiftiger, nat\u00fcrlicher Bambus-Teller f\u00fcr Babynahrung, der k\u00fchl bleibt, f\u00fcr Baby-gef\u00fchrte Entw\u00f6hnung (Fisch) - Markt-XXL","description":"Markt-XXL bamboo bamboo Bambus-Babyteller mit Saugnapf - Saugnapf-Teller f\u00fcr Kinder und Kleinkinder, ungiftiger, nat\u00fcrlicher Bambus-Teller f\u00fcr Babynahrung, der k\u00fchl bleibt, f\u00fcr Baby-gef\u00fchrte Entw\u00f6hnung (Fisch)","robots":{"index":"index","follow":"follow","max-snippet":"max-snippet:-1","max-image-preview":"max-image-preview:large","max-video-preview":"max-video-preview:-1"},"canonical":"https:\/\/marktxxl.de\/markt\/produkt\/bamboo-bamboo-bambus-babyteller-mit-saugnapf-saugnapf-teller-fuer-kinder-und-kleinkinder-ungiftiger-natuerlicher-bambus-teller-fuer-babynahrung-der-kuehl-bleibt-fuer-baby-gefuehrte-entwoehnung\/","og_locale":"de_DE","og_type":"article","og_title":"bamboo bamboo Bambus-Babyteller mit Saugnapf - Saugnapf-Teller f\u00fcr Kinder und Kleinkinder, ungiftiger, nat\u00fcrlicher Bambus-Teller f\u00fcr Babynahrung, der k\u00fchl bleibt, f\u00fcr Baby-gef\u00fchrte Entw\u00f6hnung (Fisch) - Markt-XXL","og_description":"Markt-XXL bamboo bamboo Bambus-Babyteller mit Saugnapf - Saugnapf-Teller f\u00fcr Kinder und Kleinkinder, ungiftiger, nat\u00fcrlicher Bambus-Teller f\u00fcr Babynahrung, der k\u00fchl bleibt, f\u00fcr Baby-gef\u00fchrte Entw\u00f6hnung (Fisch)","og_url":"https:\/\/marktxxl.de\/markt\/produkt\/bamboo-bamboo-bambus-babyteller-mit-saugnapf-saugnapf-teller-fuer-kinder-und-kleinkinder-ungiftiger-natuerlicher-bambus-teller-fuer-babynahrung-der-kuehl-bleibt-fuer-baby-gefuehrte-entwoehnung\/","og_site_name":"Markt-XXL","twitter_card":"summary_large_image","twitter_misc":{"Gesch\u00e4tzte Lesezeit":"2\u00a0Minuten"},"schema":{"@context":"https:\/\/schema.org","@graph":[{"@type":"WebPage","@id":"https:\/\/marktxxl.de\/markt\/produkt\/bamboo-bamboo-bambus-babyteller-mit-saugnapf-saugnapf-teller-fuer-kinder-und-kleinkinder-ungiftiger-natuerlicher-bambus-teller-fuer-babynahrung-der-kuehl-bleibt-fuer-baby-gefuehrte-entwoehnung\/","url":"https:\/\/marktxxl.de\/markt\/produkt\/bamboo-bamboo-bambus-babyteller-mit-saugnapf-saugnapf-teller-fuer-kinder-und-kleinkinder-ungiftiger-natuerlicher-bambus-teller-fuer-babynahrung-der-kuehl-bleibt-fuer-baby-gefuehrte-entwoehnung\/","name":"bamboo bamboo Bambus-Babyteller mit Saugnapf - Saugnapf-Teller f\u00fcr Kinder und Kleinkinder, ungiftiger, nat\u00fcrlicher Bambus-Teller f\u00fcr Babynahrung, der k\u00fchl bleibt, f\u00fcr Baby-gef\u00fchrte Entw\u00f6hnung (Fisch) - Markt-XXL","isPartOf":{"@id":"https:\/\/marktxxl.de\/markt\/#website"},"primaryImageOfPage":{"@id":"https:\/\/marktxxl.de\/markt\/produkt\/bamboo-bamboo-bambus-babyteller-mit-saugnapf-saugnapf-teller-fuer-kinder-und-kleinkinder-ungiftiger-natuerlicher-bambus-teller-fuer-babynahrung-der-kuehl-bleibt-fuer-baby-gefuehrte-entwoehnung\/#primaryimage"},"image":{"@id":"https:\/\/marktxxl.de\/markt\/produkt\/bamboo-bamboo-bambus-babyteller-mit-saugnapf-saugnapf-teller-fuer-kinder-und-kleinkinder-ungiftiger-natuerlicher-bambus-teller-fuer-babynahrung-der-kuehl-bleibt-fuer-baby-gefuehrte-entwoehnung\/#primaryimage"},"thumbnailUrl":"https:\/\/m.media-amazon.com\/images\/I\/41oP+o-udLL._SL500_.jpg","datePublished":"2023-04-09T21:25:10+00:00","description":"Markt-XXL bamboo bamboo Bambus-Babyteller mit Saugnapf - Saugnapf-Teller f\u00fcr Kinder und Kleinkinder, ungiftiger, nat\u00fcrlicher Bambus-Teller f\u00fcr Babynahrung, der k\u00fchl bleibt, f\u00fcr Baby-gef\u00fchrte Entw\u00f6hnung (Fisch)","breadcrumb":{"@id":"https:\/\/marktxxl.de\/markt\/produkt\/bamboo-bamboo-bambus-babyteller-mit-saugnapf-saugnapf-teller-fuer-kinder-und-kleinkinder-ungiftiger-natuerlicher-bambus-teller-fuer-babynahrung-der-kuehl-bleibt-fuer-baby-gefuehrte-entwoehnung\/#breadcrumb"},"inLanguage":"de","potentialAction":[{"@type":"ReadAction","target":["https:\/\/marktxxl.de\/markt\/produkt\/bamboo-bamboo-bambus-babyteller-mit-saugnapf-saugnapf-teller-fuer-kinder-und-kleinkinder-ungiftiger-natuerlicher-bambus-teller-fuer-babynahrung-der-kuehl-bleibt-fuer-baby-gefuehrte-entwoehnung\/"]}]},{"@type":"ImageObject","inLanguage":"de","@id":"https:\/\/marktxxl.de\/markt\/produkt\/bamboo-bamboo-bambus-babyteller-mit-saugnapf-saugnapf-teller-fuer-kinder-und-kleinkinder-ungiftiger-natuerlicher-bambus-teller-fuer-babynahrung-der-kuehl-bleibt-fuer-baby-gefuehrte-entwoehnung\/#primaryimage","url":"https:\/\/m.media-amazon.com\/images\/I\/41oP+o-udLL._SL500_.jpg","contentUrl":"https:\/\/m.media-amazon.com\/images\/I\/41oP+o-udLL._SL500_.jpg","width":500,"height":500},{"@type":"BreadcrumbList","@id":"https:\/\/marktxxl.de\/markt\/produkt\/bamboo-bamboo-bambus-babyteller-mit-saugnapf-saugnapf-teller-fuer-kinder-und-kleinkinder-ungiftiger-natuerlicher-bambus-teller-fuer-babynahrung-der-kuehl-bleibt-fuer-baby-gefuehrte-entwoehnung\/#breadcrumb","itemListElement":[{"@type":"ListItem","position":1,"name":"Startseite","item":"https:\/\/marktxxl.de\/markt\/"},{"@type":"ListItem","position":2,"name":"Markt","item":"https:\/\/marktxxl.de\/markt\/"},{"@type":"ListItem","position":3,"name":"bamboo bamboo Bambus-Babyteller mit Saugnapf &#8211; Saugnapf-Teller f\u00fcr Kinder und Kleinkinder, ungiftiger, nat\u00fcrlicher Bambus-Teller f\u00fcr Babynahrung, der k\u00fchl bleibt, f\u00fcr Baby-gef\u00fchrte Entw\u00f6hnung (Fisch)"}]},{"@type":"WebSite","@id":"https:\/\/marktxxl.de\/markt\/#website","url":"https:\/\/marktxxl.de\/markt\/","name":"Markt-XXL","description":"Ihr Markt Online","publisher":{"@id":"https:\/\/marktxxl.de\/markt\/#organization"},"potentialAction":[{"@type":"SearchAction","target":{"@type":"EntryPoint","urlTemplate":"https:\/\/marktxxl.de\/markt\/?s={search_term_string}"},"query-input":{"@type":"PropertyValueSpecification","valueRequired":true,"valueName":"search_term_string"}}],"inLanguage":"de"},{"@type":"Organization","@id":"https:\/\/marktxxl.de\/markt\/#organization","name":"Markt-XXL","url":"https:\/\/marktxxl.de\/markt\/","logo":{"@type":"ImageObject","inLanguage":"de","@id":"https:\/\/marktxxl.de\/markt\/#\/schema\/logo\/image\/","url":"https:\/\/marktxxl.de\/markt\/wp-content\/uploads\/sites\/3\/2020\/12\/logo.png","contentUrl":"https:\/\/marktxxl.de\/markt\/wp-content\/uploads\/sites\/3\/2020\/12\/logo.png","width":200,"height":70,"caption":"Markt-XXL"},"image":{"@id":"https:\/\/marktxxl.de\/markt\/#\/schema\/logo\/image\/"}}]}},"_links":{"self":[{"href":"https:\/\/marktxxl.de\/markt\/wp-json\/wp\/v2\/product\/197430","targetHints":{"allow":["GET"]}}],"collection":[{"href":"https:\/\/marktxxl.de\/markt\/wp-json\/wp\/v2\/product"}],"about":[{"href":"https:\/\/marktxxl.de\/markt\/wp-json\/wp\/v2\/types\/product"}],"replies":[{"embeddable":true,"href":"https:\/\/marktxxl.de\/markt\/wp-json\/wp\/v2\/comments?post=197430"}],"wp:featuredmedia":[{"embeddable":true,"href":"https:\/\/marktxxl.de\/markt\/wp-json\/wp\/v2\/media\/197431"}],"wp:attachment":[{"href":"https:\/\/marktxxl.de\/markt\/wp-json\/wp\/v2\/media?parent=197430"}],"wp:term":[{"taxonomy":"product_brand","embeddable":true,"href":"https:\/\/marktxxl.de\/markt\/wp-json\/wp\/v2\/product_brand?post=197430"},{"taxonomy":"product_cat","embeddable":true,"href":"https:\/\/marktxxl.de\/markt\/wp-json\/wp\/v2\/product_cat?post=197430"},{"taxonomy":"product_tag","embeddable":true,"href":"https:\/\/marktxxl.de\/markt\/wp-json\/wp\/v2\/product_tag?post=197430"}],"curies":[{"name":"wp","href":"https:\/\/api.w.org\/{rel}","templated":true}]}}