{"id":197388,"date":"2023-04-09T23:02:06","date_gmt":"2023-04-09T21:02:06","guid":{"rendered":"https:\/\/marktxxl.de\/markt\/produkt\/bumkins-laetzchen-disney-prinzessin-baby-laetzchen-fuer-maedchen-oder-jungen-superbib-baby-und-kleinkind-laetzchen-fuer-6-24-monate-baby-laetzchen-zum-essen-fuetterlaetzchen-wasserdichter-stoff\/"},"modified":"2023-04-09T23:02:06","modified_gmt":"2023-04-09T21:02:06","slug":"bumkins-laetzchen-disney-prinzessin-baby-laetzchen-fuer-maedchen-oder-jungen-superbib-baby-und-kleinkind-laetzchen-fuer-6-24-monate-baby-laetzchen-zum-essen-fuetterlaetzchen-wasserdichter-stoff","status":"publish","type":"product","link":"https:\/\/marktxxl.de\/markt\/produkt\/bumkins-laetzchen-disney-prinzessin-baby-laetzchen-fuer-maedchen-oder-jungen-superbib-baby-und-kleinkind-laetzchen-fuer-6-24-monate-baby-laetzchen-zum-essen-fuetterlaetzchen-wasserdichter-stoff\/","title":{"rendered":"Bumkins L\u00e4tzchen, Disney Prinzessin Baby L\u00e4tzchen f\u00fcr M\u00e4dchen oder Jungen, SuperBib Baby und Kleinkind L\u00e4tzchen f\u00fcr 6-24 Monate, Baby L\u00e4tzchen zum Essen, F\u00fctterl\u00e4tzchen, wasserdichter Stoff"},"content":{"rendered":"<p>Baby-L\u00e4tzchen f\u00fcr M\u00e4dchen und Jungen \u2013 f\u00fcr Babys und Kleinkinder 6-24 Monate \u2013 die Auffangtasche hilft Versch\u00fcttungen zu fangen, macht SuperBibs tolle Baby-L\u00e4tzchen zum Essen; L\u00e4tzchen wird \u00fcber der R\u00fcckseite der Schulter mit Haken und Schlaufe f\u00fcr eine schnelle, verstellbare und zugfeste Passform; ca. 25,4 cm quer und 22,9 cm vom Hals nach unten<br \/>\nSparen Sie sich vor Unordnung \u2013 perfekt f\u00fcr das Selbstf\u00fcttern, das SuperBib ist aus Bumkins original wasserdichtem Stoff hergestellt \u2013 100% Polyester mit TPU eingebettet; leicht abwischbar und maschinenwaschbar<br \/>\nWeich und doch stark \u2013 Bumkins Signature wasserdichter Stoff ist langlebig und h\u00e4lt Schmutz stand und ist dennoch leicht und bequem f\u00fcr Ihren kleinen Schatz. Waschen und Wiederverwenden<br \/>\nSicherheit getestet \u2013 bei Bumkins verwenden wir Laboren von Drittanbietern, um sicherzustellen, dass die von uns hergestellten Produkte den CPSC- und CPSIA-Standards f\u00fcr BPA, Blei und Phthalate entsprechen<br \/>\nLeicht zu reinigen \u2013 Wischen Sie kleine Unordnung auf; Handw\u00e4sche oder Maschinenw\u00e4sche; Drehen Sie die Tasche auf links um zu waschen; Um die Lebensdauer unserer L\u00e4tzchen zu verl\u00e4ngern, empfehlen wir Ihnen, unser schnell trocknendes Gewebe aufzuh\u00e4ngen; stellen Sie immer sicher, dass der Stoff vollst\u00e4ndig trocken ist, bevor Sie ihn aufbewahren<br \/>\n<div class=\"main-cross-sell\" data-asin=\"B09QCGR558\">\n\n\t<div class=\"WooZone-cross-sell-loader\">\n\t\t<div>\n\t\t\t<div id=\"floatingBarsG\">\n\t\t\t\t<div class=\"blockG\" id=\"rotateG_01\"><\/div>\n\t\t\t\t<div class=\"blockG\" id=\"rotateG_02\"><\/div>\n\t\t\t\t<div class=\"blockG\" id=\"rotateG_03\"><\/div>\n\t\t\t\t<div class=\"blockG\" id=\"rotateG_04\"><\/div>\n\t\t\t\t<div class=\"blockG\" id=\"rotateG_05\"><\/div>\n\t\t\t\t<div class=\"blockG\" id=\"rotateG_06\"><\/div>\n\t\t\t\t<div class=\"blockG\" id=\"rotateG_07\"><\/div>\n\t\t\t\t<div class=\"blockG\" id=\"rotateG_08\"><\/div>\n\t\t\t<\/div>\n\t\t\t<div class=\"WooZone-cross-sell-loader-text\"><\/div>\n\t\t<\/div>\n\t<\/div>\n\n\t\t\n<\/div>\n<div style=\"clear:both;\"><\/div><\/p>\n","protected":false},"excerpt":{"rendered":"<p>Baby-L\u00e4tzchen f\u00fcr M\u00e4dchen und Jungen \u2013 f\u00fcr Babys und Kleinkinder 6-24 Monate \u2013 die Auffangtasche hilft Versch\u00fcttungen zu fangen, macht SuperBibs tolle Baby-L\u00e4tzchen zum Essen; L\u00e4tzchen wird \u00fcber der R\u00fcckseite der Schulter mit Haken und Schlaufe f\u00fcr eine schnelle, verstellbare und zugfeste Passform; ca. 25,4 cm quer und 22,9 cm vom Hals nach unten<br \/>\nSparen Sie sich vor Unordnung \u2013 perfekt f\u00fcr das Selbstf\u00fcttern, das SuperBib ist aus Bumkins original wasserdichtem Stoff hergestellt \u2013 100% Polyester mit TPU eingebettet; leicht abwischbar und maschinenwaschbar<br \/>\nWeich und doch stark \u2013 Bumkins Signature wasserdichter Stoff ist langlebig und h\u00e4lt Schmutz stand und ist dennoch leicht und bequem f\u00fcr Ihren kleinen Schatz. Waschen und Wiederverwenden<\/p>\n","protected":false},"featured_media":197389,"comment_status":"open","ping_status":"closed","template":"","meta":[],"product_brand":[],"product_cat":[21,9216],"product_tag":[],"class_list":{"0":"post-197388","1":"product","2":"type-product","3":"status-publish","4":"has-post-thumbnail","6":"product_cat-baby","7":"product_cat-ernaehrung-stillen-baby","8":"pa_binding-textilien","9":"pa_brand-bumkins","10":"pa_color-ariel-jasmin-3-stueck","11":"pa_height-8-3-zoll","12":"pa_length-12-2-zoll","13":"pa_manufacturer-bumkins","14":"pa_model-s3-dpr80","15":"pa_size-sized-to-fit-ages-6-to-24-monate","16":"pa_width-0-2-zoll","18":"first","19":"instock","20":"shipping-taxable","21":"purchasable","22":"product-type-simple","23":"customify-col","24":"product-has-gallery"},"yoast_head":"<!-- This site is optimized with the Yoast SEO plugin v27.4 - https:\/\/yoast.com\/product\/yoast-seo-wordpress\/ -->\n<title>Bumkins L\u00e4tzchen, Disney Prinzessin Baby L\u00e4tzchen f\u00fcr M\u00e4dchen oder Jungen, SuperBib Baby und Kleinkind L\u00e4tzchen f\u00fcr 6-24 Monate, Baby L\u00e4tzchen zum Essen, F\u00fctterl\u00e4tzchen, wasserdichter Stoff - Markt-XXL<\/title>\n<meta name=\"description\" content=\"Markt-XXL Bumkins L\u00e4tzchen, Disney Prinzessin Baby L\u00e4tzchen f\u00fcr M\u00e4dchen oder Jungen, SuperBib Baby und Kleinkind L\u00e4tzchen f\u00fcr 6-24 Monate, Baby L\u00e4tzchen zum Essen, F\u00fctterl\u00e4tzchen, wasserdichter Stoff\" \/>\n<meta name=\"robots\" content=\"index, follow, max-snippet:-1, max-image-preview:large, max-video-preview:-1\" \/>\n<link rel=\"canonical\" href=\"https:\/\/marktxxl.de\/markt\/produkt\/bumkins-laetzchen-disney-prinzessin-baby-laetzchen-fuer-maedchen-oder-jungen-superbib-baby-und-kleinkind-laetzchen-fuer-6-24-monate-baby-laetzchen-zum-essen-fuetterlaetzchen-wasserdichter-stoff\/\" \/>\n<meta property=\"og:locale\" content=\"de_DE\" \/>\n<meta property=\"og:type\" content=\"article\" \/>\n<meta property=\"og:title\" content=\"Bumkins L\u00e4tzchen, Disney Prinzessin Baby L\u00e4tzchen f\u00fcr M\u00e4dchen oder Jungen, SuperBib Baby und Kleinkind L\u00e4tzchen f\u00fcr 6-24 Monate, Baby L\u00e4tzchen zum Essen, F\u00fctterl\u00e4tzchen, wasserdichter Stoff - Markt-XXL\" \/>\n<meta property=\"og:description\" content=\"Markt-XXL Bumkins L\u00e4tzchen, Disney Prinzessin Baby L\u00e4tzchen f\u00fcr M\u00e4dchen oder Jungen, SuperBib Baby und Kleinkind L\u00e4tzchen f\u00fcr 6-24 Monate, Baby L\u00e4tzchen zum Essen, F\u00fctterl\u00e4tzchen, wasserdichter Stoff\" \/>\n<meta property=\"og:url\" content=\"https:\/\/marktxxl.de\/markt\/produkt\/bumkins-laetzchen-disney-prinzessin-baby-laetzchen-fuer-maedchen-oder-jungen-superbib-baby-und-kleinkind-laetzchen-fuer-6-24-monate-baby-laetzchen-zum-essen-fuetterlaetzchen-wasserdichter-stoff\/\" \/>\n<meta property=\"og:site_name\" content=\"Markt-XXL\" \/>\n<meta name=\"twitter:card\" content=\"summary_large_image\" \/>\n<meta name=\"twitter:label1\" content=\"Gesch\u00e4tzte Lesezeit\" \/>\n\t<meta name=\"twitter:data1\" content=\"1\u00a0Minute\" \/>\n<script type=\"application\/ld+json\" class=\"yoast-schema-graph\">{\"@context\":\"https:\\\/\\\/schema.org\",\"@graph\":[{\"@type\":\"WebPage\",\"@id\":\"https:\\\/\\\/marktxxl.de\\\/markt\\\/produkt\\\/bumkins-laetzchen-disney-prinzessin-baby-laetzchen-fuer-maedchen-oder-jungen-superbib-baby-und-kleinkind-laetzchen-fuer-6-24-monate-baby-laetzchen-zum-essen-fuetterlaetzchen-wasserdichter-stoff\\\/\",\"url\":\"https:\\\/\\\/marktxxl.de\\\/markt\\\/produkt\\\/bumkins-laetzchen-disney-prinzessin-baby-laetzchen-fuer-maedchen-oder-jungen-superbib-baby-und-kleinkind-laetzchen-fuer-6-24-monate-baby-laetzchen-zum-essen-fuetterlaetzchen-wasserdichter-stoff\\\/\",\"name\":\"Bumkins L\u00e4tzchen, Disney Prinzessin Baby L\u00e4tzchen f\u00fcr M\u00e4dchen oder Jungen, SuperBib Baby und Kleinkind L\u00e4tzchen f\u00fcr 6-24 Monate, Baby L\u00e4tzchen zum Essen, F\u00fctterl\u00e4tzchen, wasserdichter Stoff - Markt-XXL\",\"isPartOf\":{\"@id\":\"https:\\\/\\\/marktxxl.de\\\/markt\\\/#website\"},\"primaryImageOfPage\":{\"@id\":\"https:\\\/\\\/marktxxl.de\\\/markt\\\/produkt\\\/bumkins-laetzchen-disney-prinzessin-baby-laetzchen-fuer-maedchen-oder-jungen-superbib-baby-und-kleinkind-laetzchen-fuer-6-24-monate-baby-laetzchen-zum-essen-fuetterlaetzchen-wasserdichter-stoff\\\/#primaryimage\"},\"image\":{\"@id\":\"https:\\\/\\\/marktxxl.de\\\/markt\\\/produkt\\\/bumkins-laetzchen-disney-prinzessin-baby-laetzchen-fuer-maedchen-oder-jungen-superbib-baby-und-kleinkind-laetzchen-fuer-6-24-monate-baby-laetzchen-zum-essen-fuetterlaetzchen-wasserdichter-stoff\\\/#primaryimage\"},\"thumbnailUrl\":\"https:\\\/\\\/m.media-amazon.com\\\/images\\\/I\\\/519yWbOXMyL._SL500_.jpg\",\"datePublished\":\"2023-04-09T21:02:06+00:00\",\"description\":\"Markt-XXL Bumkins L\u00e4tzchen, Disney Prinzessin Baby L\u00e4tzchen f\u00fcr M\u00e4dchen oder Jungen, SuperBib Baby und Kleinkind L\u00e4tzchen f\u00fcr 6-24 Monate, Baby L\u00e4tzchen zum Essen, F\u00fctterl\u00e4tzchen, wasserdichter Stoff\",\"breadcrumb\":{\"@id\":\"https:\\\/\\\/marktxxl.de\\\/markt\\\/produkt\\\/bumkins-laetzchen-disney-prinzessin-baby-laetzchen-fuer-maedchen-oder-jungen-superbib-baby-und-kleinkind-laetzchen-fuer-6-24-monate-baby-laetzchen-zum-essen-fuetterlaetzchen-wasserdichter-stoff\\\/#breadcrumb\"},\"inLanguage\":\"de\",\"potentialAction\":[{\"@type\":\"ReadAction\",\"target\":[\"https:\\\/\\\/marktxxl.de\\\/markt\\\/produkt\\\/bumkins-laetzchen-disney-prinzessin-baby-laetzchen-fuer-maedchen-oder-jungen-superbib-baby-und-kleinkind-laetzchen-fuer-6-24-monate-baby-laetzchen-zum-essen-fuetterlaetzchen-wasserdichter-stoff\\\/\"]}]},{\"@type\":\"ImageObject\",\"inLanguage\":\"de\",\"@id\":\"https:\\\/\\\/marktxxl.de\\\/markt\\\/produkt\\\/bumkins-laetzchen-disney-prinzessin-baby-laetzchen-fuer-maedchen-oder-jungen-superbib-baby-und-kleinkind-laetzchen-fuer-6-24-monate-baby-laetzchen-zum-essen-fuetterlaetzchen-wasserdichter-stoff\\\/#primaryimage\",\"url\":\"https:\\\/\\\/m.media-amazon.com\\\/images\\\/I\\\/519yWbOXMyL._SL500_.jpg\",\"contentUrl\":\"https:\\\/\\\/m.media-amazon.com\\\/images\\\/I\\\/519yWbOXMyL._SL500_.jpg\",\"width\":500,\"height\":500},{\"@type\":\"BreadcrumbList\",\"@id\":\"https:\\\/\\\/marktxxl.de\\\/markt\\\/produkt\\\/bumkins-laetzchen-disney-prinzessin-baby-laetzchen-fuer-maedchen-oder-jungen-superbib-baby-und-kleinkind-laetzchen-fuer-6-24-monate-baby-laetzchen-zum-essen-fuetterlaetzchen-wasserdichter-stoff\\\/#breadcrumb\",\"itemListElement\":[{\"@type\":\"ListItem\",\"position\":1,\"name\":\"Startseite\",\"item\":\"https:\\\/\\\/marktxxl.de\\\/markt\\\/\"},{\"@type\":\"ListItem\",\"position\":2,\"name\":\"Markt\",\"item\":\"https:\\\/\\\/marktxxl.de\\\/markt\\\/\"},{\"@type\":\"ListItem\",\"position\":3,\"name\":\"Bumkins L\u00e4tzchen, Disney Prinzessin Baby L\u00e4tzchen f\u00fcr M\u00e4dchen oder Jungen, SuperBib Baby und Kleinkind L\u00e4tzchen f\u00fcr 6-24 Monate, Baby L\u00e4tzchen zum Essen, F\u00fctterl\u00e4tzchen, wasserdichter Stoff\"}]},{\"@type\":\"WebSite\",\"@id\":\"https:\\\/\\\/marktxxl.de\\\/markt\\\/#website\",\"url\":\"https:\\\/\\\/marktxxl.de\\\/markt\\\/\",\"name\":\"Markt-XXL\",\"description\":\"Ihr Markt Online\",\"publisher\":{\"@id\":\"https:\\\/\\\/marktxxl.de\\\/markt\\\/#organization\"},\"potentialAction\":[{\"@type\":\"SearchAction\",\"target\":{\"@type\":\"EntryPoint\",\"urlTemplate\":\"https:\\\/\\\/marktxxl.de\\\/markt\\\/?s={search_term_string}\"},\"query-input\":{\"@type\":\"PropertyValueSpecification\",\"valueRequired\":true,\"valueName\":\"search_term_string\"}}],\"inLanguage\":\"de\"},{\"@type\":\"Organization\",\"@id\":\"https:\\\/\\\/marktxxl.de\\\/markt\\\/#organization\",\"name\":\"Markt-XXL\",\"url\":\"https:\\\/\\\/marktxxl.de\\\/markt\\\/\",\"logo\":{\"@type\":\"ImageObject\",\"inLanguage\":\"de\",\"@id\":\"https:\\\/\\\/marktxxl.de\\\/markt\\\/#\\\/schema\\\/logo\\\/image\\\/\",\"url\":\"https:\\\/\\\/marktxxl.de\\\/markt\\\/wp-content\\\/uploads\\\/sites\\\/3\\\/2020\\\/12\\\/logo.png\",\"contentUrl\":\"https:\\\/\\\/marktxxl.de\\\/markt\\\/wp-content\\\/uploads\\\/sites\\\/3\\\/2020\\\/12\\\/logo.png\",\"width\":200,\"height\":70,\"caption\":\"Markt-XXL\"},\"image\":{\"@id\":\"https:\\\/\\\/marktxxl.de\\\/markt\\\/#\\\/schema\\\/logo\\\/image\\\/\"}}]}<\/script>\n<!-- \/ Yoast SEO plugin. -->","yoast_head_json":{"title":"Bumkins L\u00e4tzchen, Disney Prinzessin Baby L\u00e4tzchen f\u00fcr M\u00e4dchen oder Jungen, SuperBib Baby und Kleinkind L\u00e4tzchen f\u00fcr 6-24 Monate, Baby L\u00e4tzchen zum Essen, F\u00fctterl\u00e4tzchen, wasserdichter Stoff - Markt-XXL","description":"Markt-XXL Bumkins L\u00e4tzchen, Disney Prinzessin Baby L\u00e4tzchen f\u00fcr M\u00e4dchen oder Jungen, SuperBib Baby und Kleinkind L\u00e4tzchen f\u00fcr 6-24 Monate, Baby L\u00e4tzchen zum Essen, F\u00fctterl\u00e4tzchen, wasserdichter Stoff","robots":{"index":"index","follow":"follow","max-snippet":"max-snippet:-1","max-image-preview":"max-image-preview:large","max-video-preview":"max-video-preview:-1"},"canonical":"https:\/\/marktxxl.de\/markt\/produkt\/bumkins-laetzchen-disney-prinzessin-baby-laetzchen-fuer-maedchen-oder-jungen-superbib-baby-und-kleinkind-laetzchen-fuer-6-24-monate-baby-laetzchen-zum-essen-fuetterlaetzchen-wasserdichter-stoff\/","og_locale":"de_DE","og_type":"article","og_title":"Bumkins L\u00e4tzchen, Disney Prinzessin Baby L\u00e4tzchen f\u00fcr M\u00e4dchen oder Jungen, SuperBib Baby und Kleinkind L\u00e4tzchen f\u00fcr 6-24 Monate, Baby L\u00e4tzchen zum Essen, F\u00fctterl\u00e4tzchen, wasserdichter Stoff - Markt-XXL","og_description":"Markt-XXL Bumkins L\u00e4tzchen, Disney Prinzessin Baby L\u00e4tzchen f\u00fcr M\u00e4dchen oder Jungen, SuperBib Baby und Kleinkind L\u00e4tzchen f\u00fcr 6-24 Monate, Baby L\u00e4tzchen zum Essen, F\u00fctterl\u00e4tzchen, wasserdichter Stoff","og_url":"https:\/\/marktxxl.de\/markt\/produkt\/bumkins-laetzchen-disney-prinzessin-baby-laetzchen-fuer-maedchen-oder-jungen-superbib-baby-und-kleinkind-laetzchen-fuer-6-24-monate-baby-laetzchen-zum-essen-fuetterlaetzchen-wasserdichter-stoff\/","og_site_name":"Markt-XXL","twitter_card":"summary_large_image","twitter_misc":{"Gesch\u00e4tzte Lesezeit":"1\u00a0Minute"},"schema":{"@context":"https:\/\/schema.org","@graph":[{"@type":"WebPage","@id":"https:\/\/marktxxl.de\/markt\/produkt\/bumkins-laetzchen-disney-prinzessin-baby-laetzchen-fuer-maedchen-oder-jungen-superbib-baby-und-kleinkind-laetzchen-fuer-6-24-monate-baby-laetzchen-zum-essen-fuetterlaetzchen-wasserdichter-stoff\/","url":"https:\/\/marktxxl.de\/markt\/produkt\/bumkins-laetzchen-disney-prinzessin-baby-laetzchen-fuer-maedchen-oder-jungen-superbib-baby-und-kleinkind-laetzchen-fuer-6-24-monate-baby-laetzchen-zum-essen-fuetterlaetzchen-wasserdichter-stoff\/","name":"Bumkins L\u00e4tzchen, Disney Prinzessin Baby L\u00e4tzchen f\u00fcr M\u00e4dchen oder Jungen, SuperBib Baby und Kleinkind L\u00e4tzchen f\u00fcr 6-24 Monate, Baby L\u00e4tzchen zum Essen, F\u00fctterl\u00e4tzchen, wasserdichter Stoff - Markt-XXL","isPartOf":{"@id":"https:\/\/marktxxl.de\/markt\/#website"},"primaryImageOfPage":{"@id":"https:\/\/marktxxl.de\/markt\/produkt\/bumkins-laetzchen-disney-prinzessin-baby-laetzchen-fuer-maedchen-oder-jungen-superbib-baby-und-kleinkind-laetzchen-fuer-6-24-monate-baby-laetzchen-zum-essen-fuetterlaetzchen-wasserdichter-stoff\/#primaryimage"},"image":{"@id":"https:\/\/marktxxl.de\/markt\/produkt\/bumkins-laetzchen-disney-prinzessin-baby-laetzchen-fuer-maedchen-oder-jungen-superbib-baby-und-kleinkind-laetzchen-fuer-6-24-monate-baby-laetzchen-zum-essen-fuetterlaetzchen-wasserdichter-stoff\/#primaryimage"},"thumbnailUrl":"https:\/\/m.media-amazon.com\/images\/I\/519yWbOXMyL._SL500_.jpg","datePublished":"2023-04-09T21:02:06+00:00","description":"Markt-XXL Bumkins L\u00e4tzchen, Disney Prinzessin Baby L\u00e4tzchen f\u00fcr M\u00e4dchen oder Jungen, SuperBib Baby und Kleinkind L\u00e4tzchen f\u00fcr 6-24 Monate, Baby L\u00e4tzchen zum Essen, F\u00fctterl\u00e4tzchen, wasserdichter Stoff","breadcrumb":{"@id":"https:\/\/marktxxl.de\/markt\/produkt\/bumkins-laetzchen-disney-prinzessin-baby-laetzchen-fuer-maedchen-oder-jungen-superbib-baby-und-kleinkind-laetzchen-fuer-6-24-monate-baby-laetzchen-zum-essen-fuetterlaetzchen-wasserdichter-stoff\/#breadcrumb"},"inLanguage":"de","potentialAction":[{"@type":"ReadAction","target":["https:\/\/marktxxl.de\/markt\/produkt\/bumkins-laetzchen-disney-prinzessin-baby-laetzchen-fuer-maedchen-oder-jungen-superbib-baby-und-kleinkind-laetzchen-fuer-6-24-monate-baby-laetzchen-zum-essen-fuetterlaetzchen-wasserdichter-stoff\/"]}]},{"@type":"ImageObject","inLanguage":"de","@id":"https:\/\/marktxxl.de\/markt\/produkt\/bumkins-laetzchen-disney-prinzessin-baby-laetzchen-fuer-maedchen-oder-jungen-superbib-baby-und-kleinkind-laetzchen-fuer-6-24-monate-baby-laetzchen-zum-essen-fuetterlaetzchen-wasserdichter-stoff\/#primaryimage","url":"https:\/\/m.media-amazon.com\/images\/I\/519yWbOXMyL._SL500_.jpg","contentUrl":"https:\/\/m.media-amazon.com\/images\/I\/519yWbOXMyL._SL500_.jpg","width":500,"height":500},{"@type":"BreadcrumbList","@id":"https:\/\/marktxxl.de\/markt\/produkt\/bumkins-laetzchen-disney-prinzessin-baby-laetzchen-fuer-maedchen-oder-jungen-superbib-baby-und-kleinkind-laetzchen-fuer-6-24-monate-baby-laetzchen-zum-essen-fuetterlaetzchen-wasserdichter-stoff\/#breadcrumb","itemListElement":[{"@type":"ListItem","position":1,"name":"Startseite","item":"https:\/\/marktxxl.de\/markt\/"},{"@type":"ListItem","position":2,"name":"Markt","item":"https:\/\/marktxxl.de\/markt\/"},{"@type":"ListItem","position":3,"name":"Bumkins L\u00e4tzchen, Disney Prinzessin Baby L\u00e4tzchen f\u00fcr M\u00e4dchen oder Jungen, SuperBib Baby und Kleinkind L\u00e4tzchen f\u00fcr 6-24 Monate, Baby L\u00e4tzchen zum Essen, F\u00fctterl\u00e4tzchen, wasserdichter Stoff"}]},{"@type":"WebSite","@id":"https:\/\/marktxxl.de\/markt\/#website","url":"https:\/\/marktxxl.de\/markt\/","name":"Markt-XXL","description":"Ihr Markt Online","publisher":{"@id":"https:\/\/marktxxl.de\/markt\/#organization"},"potentialAction":[{"@type":"SearchAction","target":{"@type":"EntryPoint","urlTemplate":"https:\/\/marktxxl.de\/markt\/?s={search_term_string}"},"query-input":{"@type":"PropertyValueSpecification","valueRequired":true,"valueName":"search_term_string"}}],"inLanguage":"de"},{"@type":"Organization","@id":"https:\/\/marktxxl.de\/markt\/#organization","name":"Markt-XXL","url":"https:\/\/marktxxl.de\/markt\/","logo":{"@type":"ImageObject","inLanguage":"de","@id":"https:\/\/marktxxl.de\/markt\/#\/schema\/logo\/image\/","url":"https:\/\/marktxxl.de\/markt\/wp-content\/uploads\/sites\/3\/2020\/12\/logo.png","contentUrl":"https:\/\/marktxxl.de\/markt\/wp-content\/uploads\/sites\/3\/2020\/12\/logo.png","width":200,"height":70,"caption":"Markt-XXL"},"image":{"@id":"https:\/\/marktxxl.de\/markt\/#\/schema\/logo\/image\/"}}]}},"_links":{"self":[{"href":"https:\/\/marktxxl.de\/markt\/wp-json\/wp\/v2\/product\/197388","targetHints":{"allow":["GET"]}}],"collection":[{"href":"https:\/\/marktxxl.de\/markt\/wp-json\/wp\/v2\/product"}],"about":[{"href":"https:\/\/marktxxl.de\/markt\/wp-json\/wp\/v2\/types\/product"}],"replies":[{"embeddable":true,"href":"https:\/\/marktxxl.de\/markt\/wp-json\/wp\/v2\/comments?post=197388"}],"wp:featuredmedia":[{"embeddable":true,"href":"https:\/\/marktxxl.de\/markt\/wp-json\/wp\/v2\/media\/197389"}],"wp:attachment":[{"href":"https:\/\/marktxxl.de\/markt\/wp-json\/wp\/v2\/media?parent=197388"}],"wp:term":[{"taxonomy":"product_brand","embeddable":true,"href":"https:\/\/marktxxl.de\/markt\/wp-json\/wp\/v2\/product_brand?post=197388"},{"taxonomy":"product_cat","embeddable":true,"href":"https:\/\/marktxxl.de\/markt\/wp-json\/wp\/v2\/product_cat?post=197388"},{"taxonomy":"product_tag","embeddable":true,"href":"https:\/\/marktxxl.de\/markt\/wp-json\/wp\/v2\/product_tag?post=197388"}],"curies":[{"name":"wp","href":"https:\/\/api.w.org\/{rel}","templated":true}]}}