{"id":197287,"date":"2023-04-09T21:37:54","date_gmt":"2023-04-09T19:37:54","guid":{"rendered":"https:\/\/marktxxl.de\/markt\/produkt\/flyhood-kopfstuetze-auto-kinder-360-rotation-verstellbarem-auto-kopfstuetze-nackenstuetze-fuer-kinder-erwachsene-nackenkissen-autokissen-aus-leder-mit-teleskopstange-und-schiebebaren-cli\/"},"modified":"2023-04-09T21:37:54","modified_gmt":"2023-04-09T19:37:54","slug":"flyhood-kopfstuetze-auto-kinder-360-rotation-verstellbarem-auto-kopfstuetze-nackenstuetze-fuer-kinder-erwachsene-nackenkissen-autokissen-aus-leder-mit-teleskopstange-und-schiebebaren-cli","status":"publish","type":"product","link":"https:\/\/marktxxl.de\/markt\/produkt\/flyhood-kopfstuetze-auto-kinder-360-rotation-verstellbarem-auto-kopfstuetze-nackenstuetze-fuer-kinder-erwachsene-nackenkissen-autokissen-aus-leder-mit-teleskopstange-und-schiebebaren-cli\/","title":{"rendered":"Flyhood Kopfst\u00fctze Auto Kinder, 360 \u00b0Rotation Verstellbarem Auto Kopfst\u00fctze Nackenst\u00fctze f\u00fcr Kinder &amp; Erwachsene, Nackenkissen Autokissen aus Leder mit Teleskopstange und Schiebebaren Clips"},"content":{"rendered":"<p>\u3010Kopf-Nacken-Schutz\u3011 Mit wissenschaftlichem ergonomischem Design wurde entwickelt, um Ihren Kopf und Nacken an der Seite bequemer zu st\u00fctzen und einen schwebenden Nacken zu verhindern, der durch l\u00e4ngeres Biegen, Erm\u00fcdung und Schmerzen verursacht wird. Die Kopfst\u00fctze auf beiden Seiten sch\u00fctzt unseren Kopf vor dem Schlagen auf das Autot\u00fcrfenster.<br \/>\n\u3010Robuste und sichere Materialien\u3011 Flyhood Kopfst\u00fctzenkissen f\u00fcr Autositze aus weichem und verdicktem Memory-Schaumstoff, ABS und Leder, sicherer, starker Halt. Das abnehmbare PU-Leder hat einen glatten Griff und exquisite N\u00e4hte, einen langsamen R\u00fcckprall, keinen Geruch, weicher, elastischer und leicht zu reinigen.<br \/>\n\u3010Einfache Installation und abnehmbares Design\u3011 Es sind keine zus\u00e4tzlichen Werkzeuge erforderlich. Installieren Sie einfach Gummistopfen, haken Sie die Stange an den Kopfst\u00fctzenstangen ein und installieren Sie die linken und rechten Fl\u00fcgel. Hinweis: Nicht f\u00fcr alle Autotypen geeignet und kann nur auf Autositzen mit Kopfst\u00fctzenhebeln montiert werden.<br \/>\n\u3010360 \u00b0 verstellbares Sitzkissen und teleskopisches Design\u3011 Das Flyhood Autositz-Kopfst\u00fctzenkissen kann um 360 Grad gedreht und je nach H\u00f6he angepasst werden, um sicherzustellen, dass es f\u00fcr Kinder und Erwachsene unterschiedlicher Gr\u00f6\u00dfe geeignet ist. Die Breite zwischen den beiden Kopfst\u00fctzenkissen kann von 7 cm bis 18 cm eingestellt werden, um eine bequeme Schlafposition zu erreichen.<br \/>\n\u3010Geeignet f\u00fcr die meisten Autos\u3011 Es wird mit 2 Arten von Gummistopfen mit Innendurchmesser geliefert. Es passt zu verschiedenen Auto-Kopfst\u00fctzenstangen. Es ist f\u00fcr die meisten Automodelle mit einem Stangenabstand zwischen 7-18 cm geeignet.<br \/>\n<div class=\"main-cross-sell\" data-asin=\"B09PTK7J4Q\">\n\n\t<div class=\"WooZone-cross-sell-loader\">\n\t\t<div>\n\t\t\t<div id=\"floatingBarsG\">\n\t\t\t\t<div class=\"blockG\" id=\"rotateG_01\"><\/div>\n\t\t\t\t<div class=\"blockG\" id=\"rotateG_02\"><\/div>\n\t\t\t\t<div class=\"blockG\" id=\"rotateG_03\"><\/div>\n\t\t\t\t<div class=\"blockG\" id=\"rotateG_04\"><\/div>\n\t\t\t\t<div class=\"blockG\" id=\"rotateG_05\"><\/div>\n\t\t\t\t<div class=\"blockG\" id=\"rotateG_06\"><\/div>\n\t\t\t\t<div class=\"blockG\" id=\"rotateG_07\"><\/div>\n\t\t\t\t<div class=\"blockG\" id=\"rotateG_08\"><\/div>\n\t\t\t<\/div>\n\t\t\t<div class=\"WooZone-cross-sell-loader-text\"><\/div>\n\t\t<\/div>\n\t<\/div>\n\n\t\t\n<\/div>\n<div style=\"clear:both;\"><\/div><\/p>\n","protected":false},"excerpt":{"rendered":"<p>\u3010Kopf-Nacken-Schutz\u3011 Mit wissenschaftlichem ergonomischem Design wurde entwickelt, um Ihren Kopf und Nacken an der Seite bequemer zu st\u00fctzen und einen schwebenden Nacken zu verhindern, der durch l\u00e4ngeres Biegen, Erm\u00fcdung und Schmerzen verursacht wird. Die Kopfst\u00fctze auf beiden Seiten sch\u00fctzt unseren Kopf vor dem Schlagen auf das Autot\u00fcrfenster.<br \/>\n\u3010Robuste und sichere Materialien\u3011 Flyhood Kopfst\u00fctzenkissen f\u00fcr Autositze aus weichem und verdicktem Memory-Schaumstoff, ABS und Leder, sicherer, starker Halt. Das abnehmbare PU-Leder hat einen glatten Griff und exquisite N\u00e4hte, einen langsamen R\u00fcckprall, keinen Geruch, weicher, elastischer und leicht zu reinigen.<br \/>\n\u3010Einfache Installation und abnehmbares Design\u3011 Es sind keine zus\u00e4tzlichen Werkzeuge erforderlich. Installieren Sie einfach Gummistopfen, haken Sie die Stange an den Kopfst\u00fctzenstangen ein und installieren Sie die linken und rechten Fl\u00fcgel. Hinweis: Nicht f\u00fcr alle Autotypen geeignet und kann nur auf Autositzen mit Kopfst\u00fctzenhebeln montiert werden.<\/p>\n","protected":false},"featured_media":197288,"comment_status":"open","ping_status":"closed","template":"","meta":[],"product_brand":[],"product_cat":[8765,21],"product_tag":[],"class_list":{"0":"post-197287","1":"product","2":"type-product","3":"status-publish","4":"has-post-thumbnail","6":"product_cat-autositze-zubehoer-baby","7":"product_cat-baby","8":"pa_binding-automotive","9":"pa_brand-flyhood","10":"pa_manufacturer-flyhood","11":"pa_model-fh-car-seat-headrest","13":"first","14":"instock","15":"shipping-taxable","16":"purchasable","17":"product-type-simple","18":"customify-col","19":"product-has-gallery"},"yoast_head":"<!-- This site is optimized with the Yoast SEO plugin v27.4 - https:\/\/yoast.com\/product\/yoast-seo-wordpress\/ -->\n<title>Flyhood Kopfst\u00fctze Auto Kinder, 360 \u00b0Rotation Verstellbarem Auto Kopfst\u00fctze Nackenst\u00fctze f\u00fcr Kinder &amp; Erwachsene, Nackenkissen Autokissen aus Leder mit Teleskopstange und Schiebebaren Clips - Markt-XXL<\/title>\n<meta name=\"description\" content=\"Markt-XXL Flyhood Kopfst\u00fctze Auto Kinder, 360 \u00b0Rotation Verstellbarem Auto Kopfst\u00fctze Nackenst\u00fctze f\u00fcr Kinder &amp; Erwachsene, Nackenkissen Autokissen aus Leder mit Teleskopstange und Schiebebaren Clips\" \/>\n<meta name=\"robots\" content=\"index, follow, max-snippet:-1, max-image-preview:large, max-video-preview:-1\" \/>\n<link rel=\"canonical\" href=\"https:\/\/marktxxl.de\/markt\/produkt\/flyhood-kopfstuetze-auto-kinder-360-rotation-verstellbarem-auto-kopfstuetze-nackenstuetze-fuer-kinder-erwachsene-nackenkissen-autokissen-aus-leder-mit-teleskopstange-und-schiebebaren-cli\/\" \/>\n<meta property=\"og:locale\" content=\"de_DE\" \/>\n<meta property=\"og:type\" content=\"article\" \/>\n<meta property=\"og:title\" content=\"Flyhood Kopfst\u00fctze Auto Kinder, 360 \u00b0Rotation Verstellbarem Auto Kopfst\u00fctze Nackenst\u00fctze f\u00fcr Kinder &amp; Erwachsene, Nackenkissen Autokissen aus Leder mit Teleskopstange und Schiebebaren Clips - Markt-XXL\" \/>\n<meta property=\"og:description\" content=\"Markt-XXL Flyhood Kopfst\u00fctze Auto Kinder, 360 \u00b0Rotation Verstellbarem Auto Kopfst\u00fctze Nackenst\u00fctze f\u00fcr Kinder &amp; Erwachsene, Nackenkissen Autokissen aus Leder mit Teleskopstange und Schiebebaren Clips\" \/>\n<meta property=\"og:url\" content=\"https:\/\/marktxxl.de\/markt\/produkt\/flyhood-kopfstuetze-auto-kinder-360-rotation-verstellbarem-auto-kopfstuetze-nackenstuetze-fuer-kinder-erwachsene-nackenkissen-autokissen-aus-leder-mit-teleskopstange-und-schiebebaren-cli\/\" \/>\n<meta property=\"og:site_name\" content=\"Markt-XXL\" \/>\n<meta name=\"twitter:card\" content=\"summary_large_image\" \/>\n<meta name=\"twitter:label1\" content=\"Gesch\u00e4tzte Lesezeit\" \/>\n\t<meta name=\"twitter:data1\" content=\"1\u00a0Minute\" \/>\n<script type=\"application\/ld+json\" class=\"yoast-schema-graph\">{\"@context\":\"https:\\\/\\\/schema.org\",\"@graph\":[{\"@type\":\"WebPage\",\"@id\":\"https:\\\/\\\/marktxxl.de\\\/markt\\\/produkt\\\/flyhood-kopfstuetze-auto-kinder-360-rotation-verstellbarem-auto-kopfstuetze-nackenstuetze-fuer-kinder-erwachsene-nackenkissen-autokissen-aus-leder-mit-teleskopstange-und-schiebebaren-cli\\\/\",\"url\":\"https:\\\/\\\/marktxxl.de\\\/markt\\\/produkt\\\/flyhood-kopfstuetze-auto-kinder-360-rotation-verstellbarem-auto-kopfstuetze-nackenstuetze-fuer-kinder-erwachsene-nackenkissen-autokissen-aus-leder-mit-teleskopstange-und-schiebebaren-cli\\\/\",\"name\":\"Flyhood Kopfst\u00fctze Auto Kinder, 360 \u00b0Rotation Verstellbarem Auto Kopfst\u00fctze Nackenst\u00fctze f\u00fcr Kinder &amp; Erwachsene, Nackenkissen Autokissen aus Leder mit Teleskopstange und Schiebebaren Clips - Markt-XXL\",\"isPartOf\":{\"@id\":\"https:\\\/\\\/marktxxl.de\\\/markt\\\/#website\"},\"primaryImageOfPage\":{\"@id\":\"https:\\\/\\\/marktxxl.de\\\/markt\\\/produkt\\\/flyhood-kopfstuetze-auto-kinder-360-rotation-verstellbarem-auto-kopfstuetze-nackenstuetze-fuer-kinder-erwachsene-nackenkissen-autokissen-aus-leder-mit-teleskopstange-und-schiebebaren-cli\\\/#primaryimage\"},\"image\":{\"@id\":\"https:\\\/\\\/marktxxl.de\\\/markt\\\/produkt\\\/flyhood-kopfstuetze-auto-kinder-360-rotation-verstellbarem-auto-kopfstuetze-nackenstuetze-fuer-kinder-erwachsene-nackenkissen-autokissen-aus-leder-mit-teleskopstange-und-schiebebaren-cli\\\/#primaryimage\"},\"thumbnailUrl\":\"https:\\\/\\\/m.media-amazon.com\\\/images\\\/I\\\/317v8WFa56L._SL500_.jpg\",\"datePublished\":\"2023-04-09T19:37:54+00:00\",\"description\":\"Markt-XXL Flyhood Kopfst\u00fctze Auto Kinder, 360 \u00b0Rotation Verstellbarem Auto Kopfst\u00fctze Nackenst\u00fctze f\u00fcr Kinder &amp; Erwachsene, Nackenkissen Autokissen aus Leder mit Teleskopstange und Schiebebaren Clips\",\"breadcrumb\":{\"@id\":\"https:\\\/\\\/marktxxl.de\\\/markt\\\/produkt\\\/flyhood-kopfstuetze-auto-kinder-360-rotation-verstellbarem-auto-kopfstuetze-nackenstuetze-fuer-kinder-erwachsene-nackenkissen-autokissen-aus-leder-mit-teleskopstange-und-schiebebaren-cli\\\/#breadcrumb\"},\"inLanguage\":\"de\",\"potentialAction\":[{\"@type\":\"ReadAction\",\"target\":[\"https:\\\/\\\/marktxxl.de\\\/markt\\\/produkt\\\/flyhood-kopfstuetze-auto-kinder-360-rotation-verstellbarem-auto-kopfstuetze-nackenstuetze-fuer-kinder-erwachsene-nackenkissen-autokissen-aus-leder-mit-teleskopstange-und-schiebebaren-cli\\\/\"]}]},{\"@type\":\"ImageObject\",\"inLanguage\":\"de\",\"@id\":\"https:\\\/\\\/marktxxl.de\\\/markt\\\/produkt\\\/flyhood-kopfstuetze-auto-kinder-360-rotation-verstellbarem-auto-kopfstuetze-nackenstuetze-fuer-kinder-erwachsene-nackenkissen-autokissen-aus-leder-mit-teleskopstange-und-schiebebaren-cli\\\/#primaryimage\",\"url\":\"https:\\\/\\\/m.media-amazon.com\\\/images\\\/I\\\/317v8WFa56L._SL500_.jpg\",\"contentUrl\":\"https:\\\/\\\/m.media-amazon.com\\\/images\\\/I\\\/317v8WFa56L._SL500_.jpg\",\"width\":400,\"height\":500},{\"@type\":\"BreadcrumbList\",\"@id\":\"https:\\\/\\\/marktxxl.de\\\/markt\\\/produkt\\\/flyhood-kopfstuetze-auto-kinder-360-rotation-verstellbarem-auto-kopfstuetze-nackenstuetze-fuer-kinder-erwachsene-nackenkissen-autokissen-aus-leder-mit-teleskopstange-und-schiebebaren-cli\\\/#breadcrumb\",\"itemListElement\":[{\"@type\":\"ListItem\",\"position\":1,\"name\":\"Startseite\",\"item\":\"https:\\\/\\\/marktxxl.de\\\/markt\\\/\"},{\"@type\":\"ListItem\",\"position\":2,\"name\":\"Markt\",\"item\":\"https:\\\/\\\/marktxxl.de\\\/markt\\\/\"},{\"@type\":\"ListItem\",\"position\":3,\"name\":\"Flyhood Kopfst\u00fctze Auto Kinder, 360 \u00b0Rotation Verstellbarem Auto Kopfst\u00fctze Nackenst\u00fctze f\u00fcr Kinder &amp; Erwachsene, Nackenkissen Autokissen aus Leder mit Teleskopstange und Schiebebaren Clips\"}]},{\"@type\":\"WebSite\",\"@id\":\"https:\\\/\\\/marktxxl.de\\\/markt\\\/#website\",\"url\":\"https:\\\/\\\/marktxxl.de\\\/markt\\\/\",\"name\":\"Markt-XXL\",\"description\":\"Ihr Markt Online\",\"publisher\":{\"@id\":\"https:\\\/\\\/marktxxl.de\\\/markt\\\/#organization\"},\"potentialAction\":[{\"@type\":\"SearchAction\",\"target\":{\"@type\":\"EntryPoint\",\"urlTemplate\":\"https:\\\/\\\/marktxxl.de\\\/markt\\\/?s={search_term_string}\"},\"query-input\":{\"@type\":\"PropertyValueSpecification\",\"valueRequired\":true,\"valueName\":\"search_term_string\"}}],\"inLanguage\":\"de\"},{\"@type\":\"Organization\",\"@id\":\"https:\\\/\\\/marktxxl.de\\\/markt\\\/#organization\",\"name\":\"Markt-XXL\",\"url\":\"https:\\\/\\\/marktxxl.de\\\/markt\\\/\",\"logo\":{\"@type\":\"ImageObject\",\"inLanguage\":\"de\",\"@id\":\"https:\\\/\\\/marktxxl.de\\\/markt\\\/#\\\/schema\\\/logo\\\/image\\\/\",\"url\":\"https:\\\/\\\/marktxxl.de\\\/markt\\\/wp-content\\\/uploads\\\/sites\\\/3\\\/2020\\\/12\\\/logo.png\",\"contentUrl\":\"https:\\\/\\\/marktxxl.de\\\/markt\\\/wp-content\\\/uploads\\\/sites\\\/3\\\/2020\\\/12\\\/logo.png\",\"width\":200,\"height\":70,\"caption\":\"Markt-XXL\"},\"image\":{\"@id\":\"https:\\\/\\\/marktxxl.de\\\/markt\\\/#\\\/schema\\\/logo\\\/image\\\/\"}}]}<\/script>\n<!-- \/ Yoast SEO plugin. -->","yoast_head_json":{"title":"Flyhood Kopfst\u00fctze Auto Kinder, 360 \u00b0Rotation Verstellbarem Auto Kopfst\u00fctze Nackenst\u00fctze f\u00fcr Kinder &amp; Erwachsene, Nackenkissen Autokissen aus Leder mit Teleskopstange und Schiebebaren Clips - Markt-XXL","description":"Markt-XXL Flyhood Kopfst\u00fctze Auto Kinder, 360 \u00b0Rotation Verstellbarem Auto Kopfst\u00fctze Nackenst\u00fctze f\u00fcr Kinder &amp; Erwachsene, Nackenkissen Autokissen aus Leder mit Teleskopstange und Schiebebaren Clips","robots":{"index":"index","follow":"follow","max-snippet":"max-snippet:-1","max-image-preview":"max-image-preview:large","max-video-preview":"max-video-preview:-1"},"canonical":"https:\/\/marktxxl.de\/markt\/produkt\/flyhood-kopfstuetze-auto-kinder-360-rotation-verstellbarem-auto-kopfstuetze-nackenstuetze-fuer-kinder-erwachsene-nackenkissen-autokissen-aus-leder-mit-teleskopstange-und-schiebebaren-cli\/","og_locale":"de_DE","og_type":"article","og_title":"Flyhood Kopfst\u00fctze Auto Kinder, 360 \u00b0Rotation Verstellbarem Auto Kopfst\u00fctze Nackenst\u00fctze f\u00fcr Kinder &amp; Erwachsene, Nackenkissen Autokissen aus Leder mit Teleskopstange und Schiebebaren Clips - Markt-XXL","og_description":"Markt-XXL Flyhood Kopfst\u00fctze Auto Kinder, 360 \u00b0Rotation Verstellbarem Auto Kopfst\u00fctze Nackenst\u00fctze f\u00fcr Kinder &amp; Erwachsene, Nackenkissen Autokissen aus Leder mit Teleskopstange und Schiebebaren Clips","og_url":"https:\/\/marktxxl.de\/markt\/produkt\/flyhood-kopfstuetze-auto-kinder-360-rotation-verstellbarem-auto-kopfstuetze-nackenstuetze-fuer-kinder-erwachsene-nackenkissen-autokissen-aus-leder-mit-teleskopstange-und-schiebebaren-cli\/","og_site_name":"Markt-XXL","twitter_card":"summary_large_image","twitter_misc":{"Gesch\u00e4tzte Lesezeit":"1\u00a0Minute"},"schema":{"@context":"https:\/\/schema.org","@graph":[{"@type":"WebPage","@id":"https:\/\/marktxxl.de\/markt\/produkt\/flyhood-kopfstuetze-auto-kinder-360-rotation-verstellbarem-auto-kopfstuetze-nackenstuetze-fuer-kinder-erwachsene-nackenkissen-autokissen-aus-leder-mit-teleskopstange-und-schiebebaren-cli\/","url":"https:\/\/marktxxl.de\/markt\/produkt\/flyhood-kopfstuetze-auto-kinder-360-rotation-verstellbarem-auto-kopfstuetze-nackenstuetze-fuer-kinder-erwachsene-nackenkissen-autokissen-aus-leder-mit-teleskopstange-und-schiebebaren-cli\/","name":"Flyhood Kopfst\u00fctze Auto Kinder, 360 \u00b0Rotation Verstellbarem Auto Kopfst\u00fctze Nackenst\u00fctze f\u00fcr Kinder &amp; Erwachsene, Nackenkissen Autokissen aus Leder mit Teleskopstange und Schiebebaren Clips - Markt-XXL","isPartOf":{"@id":"https:\/\/marktxxl.de\/markt\/#website"},"primaryImageOfPage":{"@id":"https:\/\/marktxxl.de\/markt\/produkt\/flyhood-kopfstuetze-auto-kinder-360-rotation-verstellbarem-auto-kopfstuetze-nackenstuetze-fuer-kinder-erwachsene-nackenkissen-autokissen-aus-leder-mit-teleskopstange-und-schiebebaren-cli\/#primaryimage"},"image":{"@id":"https:\/\/marktxxl.de\/markt\/produkt\/flyhood-kopfstuetze-auto-kinder-360-rotation-verstellbarem-auto-kopfstuetze-nackenstuetze-fuer-kinder-erwachsene-nackenkissen-autokissen-aus-leder-mit-teleskopstange-und-schiebebaren-cli\/#primaryimage"},"thumbnailUrl":"https:\/\/m.media-amazon.com\/images\/I\/317v8WFa56L._SL500_.jpg","datePublished":"2023-04-09T19:37:54+00:00","description":"Markt-XXL Flyhood Kopfst\u00fctze Auto Kinder, 360 \u00b0Rotation Verstellbarem Auto Kopfst\u00fctze Nackenst\u00fctze f\u00fcr Kinder &amp; Erwachsene, Nackenkissen Autokissen aus Leder mit Teleskopstange und Schiebebaren Clips","breadcrumb":{"@id":"https:\/\/marktxxl.de\/markt\/produkt\/flyhood-kopfstuetze-auto-kinder-360-rotation-verstellbarem-auto-kopfstuetze-nackenstuetze-fuer-kinder-erwachsene-nackenkissen-autokissen-aus-leder-mit-teleskopstange-und-schiebebaren-cli\/#breadcrumb"},"inLanguage":"de","potentialAction":[{"@type":"ReadAction","target":["https:\/\/marktxxl.de\/markt\/produkt\/flyhood-kopfstuetze-auto-kinder-360-rotation-verstellbarem-auto-kopfstuetze-nackenstuetze-fuer-kinder-erwachsene-nackenkissen-autokissen-aus-leder-mit-teleskopstange-und-schiebebaren-cli\/"]}]},{"@type":"ImageObject","inLanguage":"de","@id":"https:\/\/marktxxl.de\/markt\/produkt\/flyhood-kopfstuetze-auto-kinder-360-rotation-verstellbarem-auto-kopfstuetze-nackenstuetze-fuer-kinder-erwachsene-nackenkissen-autokissen-aus-leder-mit-teleskopstange-und-schiebebaren-cli\/#primaryimage","url":"https:\/\/m.media-amazon.com\/images\/I\/317v8WFa56L._SL500_.jpg","contentUrl":"https:\/\/m.media-amazon.com\/images\/I\/317v8WFa56L._SL500_.jpg","width":400,"height":500},{"@type":"BreadcrumbList","@id":"https:\/\/marktxxl.de\/markt\/produkt\/flyhood-kopfstuetze-auto-kinder-360-rotation-verstellbarem-auto-kopfstuetze-nackenstuetze-fuer-kinder-erwachsene-nackenkissen-autokissen-aus-leder-mit-teleskopstange-und-schiebebaren-cli\/#breadcrumb","itemListElement":[{"@type":"ListItem","position":1,"name":"Startseite","item":"https:\/\/marktxxl.de\/markt\/"},{"@type":"ListItem","position":2,"name":"Markt","item":"https:\/\/marktxxl.de\/markt\/"},{"@type":"ListItem","position":3,"name":"Flyhood Kopfst\u00fctze Auto Kinder, 360 \u00b0Rotation Verstellbarem Auto Kopfst\u00fctze Nackenst\u00fctze f\u00fcr Kinder &amp; Erwachsene, Nackenkissen Autokissen aus Leder mit Teleskopstange und Schiebebaren Clips"}]},{"@type":"WebSite","@id":"https:\/\/marktxxl.de\/markt\/#website","url":"https:\/\/marktxxl.de\/markt\/","name":"Markt-XXL","description":"Ihr Markt Online","publisher":{"@id":"https:\/\/marktxxl.de\/markt\/#organization"},"potentialAction":[{"@type":"SearchAction","target":{"@type":"EntryPoint","urlTemplate":"https:\/\/marktxxl.de\/markt\/?s={search_term_string}"},"query-input":{"@type":"PropertyValueSpecification","valueRequired":true,"valueName":"search_term_string"}}],"inLanguage":"de"},{"@type":"Organization","@id":"https:\/\/marktxxl.de\/markt\/#organization","name":"Markt-XXL","url":"https:\/\/marktxxl.de\/markt\/","logo":{"@type":"ImageObject","inLanguage":"de","@id":"https:\/\/marktxxl.de\/markt\/#\/schema\/logo\/image\/","url":"https:\/\/marktxxl.de\/markt\/wp-content\/uploads\/sites\/3\/2020\/12\/logo.png","contentUrl":"https:\/\/marktxxl.de\/markt\/wp-content\/uploads\/sites\/3\/2020\/12\/logo.png","width":200,"height":70,"caption":"Markt-XXL"},"image":{"@id":"https:\/\/marktxxl.de\/markt\/#\/schema\/logo\/image\/"}}]}},"_links":{"self":[{"href":"https:\/\/marktxxl.de\/markt\/wp-json\/wp\/v2\/product\/197287","targetHints":{"allow":["GET"]}}],"collection":[{"href":"https:\/\/marktxxl.de\/markt\/wp-json\/wp\/v2\/product"}],"about":[{"href":"https:\/\/marktxxl.de\/markt\/wp-json\/wp\/v2\/types\/product"}],"replies":[{"embeddable":true,"href":"https:\/\/marktxxl.de\/markt\/wp-json\/wp\/v2\/comments?post=197287"}],"wp:featuredmedia":[{"embeddable":true,"href":"https:\/\/marktxxl.de\/markt\/wp-json\/wp\/v2\/media\/197288"}],"wp:attachment":[{"href":"https:\/\/marktxxl.de\/markt\/wp-json\/wp\/v2\/media?parent=197287"}],"wp:term":[{"taxonomy":"product_brand","embeddable":true,"href":"https:\/\/marktxxl.de\/markt\/wp-json\/wp\/v2\/product_brand?post=197287"},{"taxonomy":"product_cat","embeddable":true,"href":"https:\/\/marktxxl.de\/markt\/wp-json\/wp\/v2\/product_cat?post=197287"},{"taxonomy":"product_tag","embeddable":true,"href":"https:\/\/marktxxl.de\/markt\/wp-json\/wp\/v2\/product_tag?post=197287"}],"curies":[{"name":"wp","href":"https:\/\/api.w.org\/{rel}","templated":true}]}}