{"id":197260,"date":"2023-04-09T21:36:01","date_gmt":"2023-04-09T19:36:01","guid":{"rendered":"https:\/\/marktxxl.de\/markt\/produkt\/finenic-baby-on-board-schild-fuer-autos-warnaufkleber-mit-reflektierendem-licht-2-stueck\/"},"modified":"2023-04-09T21:36:01","modified_gmt":"2023-04-09T19:36:01","slug":"finenic-baby-on-board-schild-fuer-autos-warnaufkleber-mit-reflektierendem-licht-2-stueck","status":"publish","type":"product","link":"https:\/\/marktxxl.de\/markt\/produkt\/finenic-baby-on-board-schild-fuer-autos-warnaufkleber-mit-reflektierendem-licht-2-stueck\/","title":{"rendered":"Finenic Baby on Board Schild f\u00fcr Autos, Warnaufkleber mit reflektierendem Licht, 2 St\u00fcck"},"content":{"rendered":"<p>1. [Warmes Fahren] \u2013 Die lustigen Aufkleber erm\u00f6glichen es anderen Fahrern, die Erinnerung auf einen Blick zu bemerken, um die Hupenger\u00e4usche zu verringern, keine Kollision und nur sanftes Fahren. Und Ihr Baby schl\u00e4ft immer noch weiter.<br \/>\n2 [klare und langlebig] \u2013 besser ist, dass es Ihre Sicht beim R\u00fcckw\u00e4rtsfahren nicht verdeckt. Baby on Board Auto-Aufkleber sind aus extrem strapazierf\u00e4higem Material, das hartem Wetter standh\u00e4lt und f\u00fcr eine lange Lebensdauer sorgt.<br \/>\n3. [kein Verblassen] \u2013 Wir verwenden hochwertiges, selbstklebendes Vinyl, um sicherzustellen, dass der Aufkleber f\u00fcr eine lange Zeit bei Ihnen bleibt. Gleichzeitig, ob Sie an einem hei\u00dfen Ort leben oder Ihr Auto unter der Sonne parken, das Sicherheitslogo wird nicht verzerrt oder verblassen, bis Sie ihn nicht brauchen.<br \/>\n4. Anwendung: Sie m\u00fcssen nur die Oberfl\u00e4che des Autos sauber und trocken machen, bevor Sie den reflektierenden Aufkleber verwenden. Einfach abziehen, ohne R\u00fcckst\u00e4nde auf Ihrem Fenster zu hinterlassen.<br \/>\n5 [Qualit\u00e4tssicherung] \u2013 Es ist unsere Mission, die Sicherheit von Kindern rundum zu sch\u00fctzen. Unsere Produkte verwenden die hochwertigsten Materialien, haben guten Komfort und Bequemlichkeit. F\u00fcr Produktdetails, kontaktieren Sie uns bitte.<br \/>\n<div class=\"main-cross-sell\" data-asin=\"B087BK11HZ\">\n\n\t<div class=\"WooZone-cross-sell-loader\">\n\t\t<div>\n\t\t\t<div id=\"floatingBarsG\">\n\t\t\t\t<div class=\"blockG\" id=\"rotateG_01\"><\/div>\n\t\t\t\t<div class=\"blockG\" id=\"rotateG_02\"><\/div>\n\t\t\t\t<div class=\"blockG\" id=\"rotateG_03\"><\/div>\n\t\t\t\t<div class=\"blockG\" id=\"rotateG_04\"><\/div>\n\t\t\t\t<div class=\"blockG\" id=\"rotateG_05\"><\/div>\n\t\t\t\t<div class=\"blockG\" id=\"rotateG_06\"><\/div>\n\t\t\t\t<div class=\"blockG\" id=\"rotateG_07\"><\/div>\n\t\t\t\t<div class=\"blockG\" id=\"rotateG_08\"><\/div>\n\t\t\t<\/div>\n\t\t\t<div class=\"WooZone-cross-sell-loader-text\"><\/div>\n\t\t<\/div>\n\t<\/div>\n\n\t\t\n<\/div>\n<div style=\"clear:both;\"><\/div><\/p>\n","protected":false},"excerpt":{"rendered":"<p>1. [Warmes Fahren] \u2013 Die lustigen Aufkleber erm\u00f6glichen es anderen Fahrern, die Erinnerung auf einen Blick zu bemerken, um die Hupenger\u00e4usche zu verringern, keine Kollision und nur sanftes Fahren. Und Ihr Baby schl\u00e4ft immer noch weiter.<br \/>\n2 [klare und langlebig] \u2013 besser ist, dass es Ihre Sicht beim R\u00fcckw\u00e4rtsfahren nicht verdeckt. Baby on Board Auto-Aufkleber sind aus extrem strapazierf\u00e4higem Material, das hartem Wetter standh\u00e4lt und f\u00fcr eine lange Lebensdauer sorgt.<br \/>\n3. [kein Verblassen] \u2013 Wir verwenden hochwertiges, selbstklebendes Vinyl, um sicherzustellen, dass der Aufkleber f\u00fcr eine lange Zeit bei Ihnen bleibt. Gleichzeitig, ob Sie an einem hei\u00dfen Ort leben oder Ihr Auto unter der Sonne parken, das Sicherheitslogo wird nicht verzerrt oder verblassen, bis Sie ihn nicht brauchen.<\/p>\n","protected":false},"featured_media":197261,"comment_status":"open","ping_status":"closed","template":"","meta":[],"product_brand":[],"product_cat":[8765,21],"product_tag":[],"class_list":{"0":"post-197260","1":"product","2":"type-product","3":"status-publish","4":"has-post-thumbnail","6":"product_cat-autositze-zubehoer-baby","7":"product_cat-baby","8":"pa_binding-haushaltswaren","9":"pa_brand-finenic","10":"pa_height-0-00019685-zoll","11":"pa_length-5-zoll","12":"pa_manufacturer-finenic","13":"pa_model-50491","14":"pa_width-5-zoll","16":"first","17":"instock","18":"shipping-taxable","19":"purchasable","20":"product-type-simple","21":"customify-col","22":"product-has-gallery"},"yoast_head":"<!-- This site is optimized with the Yoast SEO plugin v27.4 - https:\/\/yoast.com\/product\/yoast-seo-wordpress\/ -->\n<title>Finenic Baby on Board Schild f\u00fcr Autos, Warnaufkleber mit reflektierendem Licht, 2 St\u00fcck - Markt-XXL<\/title>\n<meta name=\"description\" content=\"Markt-XXL Finenic Baby on Board Schild f\u00fcr Autos, Warnaufkleber mit reflektierendem Licht, 2 St\u00fcck\" \/>\n<meta name=\"robots\" content=\"index, follow, max-snippet:-1, max-image-preview:large, max-video-preview:-1\" \/>\n<link rel=\"canonical\" href=\"https:\/\/marktxxl.de\/markt\/produkt\/finenic-baby-on-board-schild-fuer-autos-warnaufkleber-mit-reflektierendem-licht-2-stueck\/\" \/>\n<meta property=\"og:locale\" content=\"de_DE\" \/>\n<meta property=\"og:type\" content=\"article\" \/>\n<meta property=\"og:title\" content=\"Finenic Baby on Board Schild f\u00fcr Autos, Warnaufkleber mit reflektierendem Licht, 2 St\u00fcck - Markt-XXL\" \/>\n<meta property=\"og:description\" content=\"Markt-XXL Finenic Baby on Board Schild f\u00fcr Autos, Warnaufkleber mit reflektierendem Licht, 2 St\u00fcck\" \/>\n<meta property=\"og:url\" content=\"https:\/\/marktxxl.de\/markt\/produkt\/finenic-baby-on-board-schild-fuer-autos-warnaufkleber-mit-reflektierendem-licht-2-stueck\/\" \/>\n<meta property=\"og:site_name\" content=\"Markt-XXL\" \/>\n<meta name=\"twitter:card\" content=\"summary_large_image\" \/>\n<meta name=\"twitter:label1\" content=\"Gesch\u00e4tzte Lesezeit\" \/>\n\t<meta name=\"twitter:data1\" content=\"1\u00a0Minute\" \/>\n<script type=\"application\/ld+json\" class=\"yoast-schema-graph\">{\"@context\":\"https:\\\/\\\/schema.org\",\"@graph\":[{\"@type\":\"WebPage\",\"@id\":\"https:\\\/\\\/marktxxl.de\\\/markt\\\/produkt\\\/finenic-baby-on-board-schild-fuer-autos-warnaufkleber-mit-reflektierendem-licht-2-stueck\\\/\",\"url\":\"https:\\\/\\\/marktxxl.de\\\/markt\\\/produkt\\\/finenic-baby-on-board-schild-fuer-autos-warnaufkleber-mit-reflektierendem-licht-2-stueck\\\/\",\"name\":\"Finenic Baby on Board Schild f\u00fcr Autos, Warnaufkleber mit reflektierendem Licht, 2 St\u00fcck - Markt-XXL\",\"isPartOf\":{\"@id\":\"https:\\\/\\\/marktxxl.de\\\/markt\\\/#website\"},\"primaryImageOfPage\":{\"@id\":\"https:\\\/\\\/marktxxl.de\\\/markt\\\/produkt\\\/finenic-baby-on-board-schild-fuer-autos-warnaufkleber-mit-reflektierendem-licht-2-stueck\\\/#primaryimage\"},\"image\":{\"@id\":\"https:\\\/\\\/marktxxl.de\\\/markt\\\/produkt\\\/finenic-baby-on-board-schild-fuer-autos-warnaufkleber-mit-reflektierendem-licht-2-stueck\\\/#primaryimage\"},\"thumbnailUrl\":\"https:\\\/\\\/m.media-amazon.com\\\/images\\\/I\\\/5195t1uAUGL._SL500_.jpg\",\"datePublished\":\"2023-04-09T19:36:01+00:00\",\"description\":\"Markt-XXL Finenic Baby on Board Schild f\u00fcr Autos, Warnaufkleber mit reflektierendem Licht, 2 St\u00fcck\",\"breadcrumb\":{\"@id\":\"https:\\\/\\\/marktxxl.de\\\/markt\\\/produkt\\\/finenic-baby-on-board-schild-fuer-autos-warnaufkleber-mit-reflektierendem-licht-2-stueck\\\/#breadcrumb\"},\"inLanguage\":\"de\",\"potentialAction\":[{\"@type\":\"ReadAction\",\"target\":[\"https:\\\/\\\/marktxxl.de\\\/markt\\\/produkt\\\/finenic-baby-on-board-schild-fuer-autos-warnaufkleber-mit-reflektierendem-licht-2-stueck\\\/\"]}]},{\"@type\":\"ImageObject\",\"inLanguage\":\"de\",\"@id\":\"https:\\\/\\\/marktxxl.de\\\/markt\\\/produkt\\\/finenic-baby-on-board-schild-fuer-autos-warnaufkleber-mit-reflektierendem-licht-2-stueck\\\/#primaryimage\",\"url\":\"https:\\\/\\\/m.media-amazon.com\\\/images\\\/I\\\/5195t1uAUGL._SL500_.jpg\",\"contentUrl\":\"https:\\\/\\\/m.media-amazon.com\\\/images\\\/I\\\/5195t1uAUGL._SL500_.jpg\",\"width\":500,\"height\":500},{\"@type\":\"BreadcrumbList\",\"@id\":\"https:\\\/\\\/marktxxl.de\\\/markt\\\/produkt\\\/finenic-baby-on-board-schild-fuer-autos-warnaufkleber-mit-reflektierendem-licht-2-stueck\\\/#breadcrumb\",\"itemListElement\":[{\"@type\":\"ListItem\",\"position\":1,\"name\":\"Startseite\",\"item\":\"https:\\\/\\\/marktxxl.de\\\/markt\\\/\"},{\"@type\":\"ListItem\",\"position\":2,\"name\":\"Markt\",\"item\":\"https:\\\/\\\/marktxxl.de\\\/markt\\\/\"},{\"@type\":\"ListItem\",\"position\":3,\"name\":\"Finenic Baby on Board Schild f\u00fcr Autos, Warnaufkleber mit reflektierendem Licht, 2 St\u00fcck\"}]},{\"@type\":\"WebSite\",\"@id\":\"https:\\\/\\\/marktxxl.de\\\/markt\\\/#website\",\"url\":\"https:\\\/\\\/marktxxl.de\\\/markt\\\/\",\"name\":\"Markt-XXL\",\"description\":\"Ihr Markt Online\",\"publisher\":{\"@id\":\"https:\\\/\\\/marktxxl.de\\\/markt\\\/#organization\"},\"potentialAction\":[{\"@type\":\"SearchAction\",\"target\":{\"@type\":\"EntryPoint\",\"urlTemplate\":\"https:\\\/\\\/marktxxl.de\\\/markt\\\/?s={search_term_string}\"},\"query-input\":{\"@type\":\"PropertyValueSpecification\",\"valueRequired\":true,\"valueName\":\"search_term_string\"}}],\"inLanguage\":\"de\"},{\"@type\":\"Organization\",\"@id\":\"https:\\\/\\\/marktxxl.de\\\/markt\\\/#organization\",\"name\":\"Markt-XXL\",\"url\":\"https:\\\/\\\/marktxxl.de\\\/markt\\\/\",\"logo\":{\"@type\":\"ImageObject\",\"inLanguage\":\"de\",\"@id\":\"https:\\\/\\\/marktxxl.de\\\/markt\\\/#\\\/schema\\\/logo\\\/image\\\/\",\"url\":\"https:\\\/\\\/marktxxl.de\\\/markt\\\/wp-content\\\/uploads\\\/sites\\\/3\\\/2020\\\/12\\\/logo.png\",\"contentUrl\":\"https:\\\/\\\/marktxxl.de\\\/markt\\\/wp-content\\\/uploads\\\/sites\\\/3\\\/2020\\\/12\\\/logo.png\",\"width\":200,\"height\":70,\"caption\":\"Markt-XXL\"},\"image\":{\"@id\":\"https:\\\/\\\/marktxxl.de\\\/markt\\\/#\\\/schema\\\/logo\\\/image\\\/\"}}]}<\/script>\n<!-- \/ Yoast SEO plugin. -->","yoast_head_json":{"title":"Finenic Baby on Board Schild f\u00fcr Autos, Warnaufkleber mit reflektierendem Licht, 2 St\u00fcck - Markt-XXL","description":"Markt-XXL Finenic Baby on Board Schild f\u00fcr Autos, Warnaufkleber mit reflektierendem Licht, 2 St\u00fcck","robots":{"index":"index","follow":"follow","max-snippet":"max-snippet:-1","max-image-preview":"max-image-preview:large","max-video-preview":"max-video-preview:-1"},"canonical":"https:\/\/marktxxl.de\/markt\/produkt\/finenic-baby-on-board-schild-fuer-autos-warnaufkleber-mit-reflektierendem-licht-2-stueck\/","og_locale":"de_DE","og_type":"article","og_title":"Finenic Baby on Board Schild f\u00fcr Autos, Warnaufkleber mit reflektierendem Licht, 2 St\u00fcck - Markt-XXL","og_description":"Markt-XXL Finenic Baby on Board Schild f\u00fcr Autos, Warnaufkleber mit reflektierendem Licht, 2 St\u00fcck","og_url":"https:\/\/marktxxl.de\/markt\/produkt\/finenic-baby-on-board-schild-fuer-autos-warnaufkleber-mit-reflektierendem-licht-2-stueck\/","og_site_name":"Markt-XXL","twitter_card":"summary_large_image","twitter_misc":{"Gesch\u00e4tzte Lesezeit":"1\u00a0Minute"},"schema":{"@context":"https:\/\/schema.org","@graph":[{"@type":"WebPage","@id":"https:\/\/marktxxl.de\/markt\/produkt\/finenic-baby-on-board-schild-fuer-autos-warnaufkleber-mit-reflektierendem-licht-2-stueck\/","url":"https:\/\/marktxxl.de\/markt\/produkt\/finenic-baby-on-board-schild-fuer-autos-warnaufkleber-mit-reflektierendem-licht-2-stueck\/","name":"Finenic Baby on Board Schild f\u00fcr Autos, Warnaufkleber mit reflektierendem Licht, 2 St\u00fcck - Markt-XXL","isPartOf":{"@id":"https:\/\/marktxxl.de\/markt\/#website"},"primaryImageOfPage":{"@id":"https:\/\/marktxxl.de\/markt\/produkt\/finenic-baby-on-board-schild-fuer-autos-warnaufkleber-mit-reflektierendem-licht-2-stueck\/#primaryimage"},"image":{"@id":"https:\/\/marktxxl.de\/markt\/produkt\/finenic-baby-on-board-schild-fuer-autos-warnaufkleber-mit-reflektierendem-licht-2-stueck\/#primaryimage"},"thumbnailUrl":"https:\/\/m.media-amazon.com\/images\/I\/5195t1uAUGL._SL500_.jpg","datePublished":"2023-04-09T19:36:01+00:00","description":"Markt-XXL Finenic Baby on Board Schild f\u00fcr Autos, Warnaufkleber mit reflektierendem Licht, 2 St\u00fcck","breadcrumb":{"@id":"https:\/\/marktxxl.de\/markt\/produkt\/finenic-baby-on-board-schild-fuer-autos-warnaufkleber-mit-reflektierendem-licht-2-stueck\/#breadcrumb"},"inLanguage":"de","potentialAction":[{"@type":"ReadAction","target":["https:\/\/marktxxl.de\/markt\/produkt\/finenic-baby-on-board-schild-fuer-autos-warnaufkleber-mit-reflektierendem-licht-2-stueck\/"]}]},{"@type":"ImageObject","inLanguage":"de","@id":"https:\/\/marktxxl.de\/markt\/produkt\/finenic-baby-on-board-schild-fuer-autos-warnaufkleber-mit-reflektierendem-licht-2-stueck\/#primaryimage","url":"https:\/\/m.media-amazon.com\/images\/I\/5195t1uAUGL._SL500_.jpg","contentUrl":"https:\/\/m.media-amazon.com\/images\/I\/5195t1uAUGL._SL500_.jpg","width":500,"height":500},{"@type":"BreadcrumbList","@id":"https:\/\/marktxxl.de\/markt\/produkt\/finenic-baby-on-board-schild-fuer-autos-warnaufkleber-mit-reflektierendem-licht-2-stueck\/#breadcrumb","itemListElement":[{"@type":"ListItem","position":1,"name":"Startseite","item":"https:\/\/marktxxl.de\/markt\/"},{"@type":"ListItem","position":2,"name":"Markt","item":"https:\/\/marktxxl.de\/markt\/"},{"@type":"ListItem","position":3,"name":"Finenic Baby on Board Schild f\u00fcr Autos, Warnaufkleber mit reflektierendem Licht, 2 St\u00fcck"}]},{"@type":"WebSite","@id":"https:\/\/marktxxl.de\/markt\/#website","url":"https:\/\/marktxxl.de\/markt\/","name":"Markt-XXL","description":"Ihr Markt Online","publisher":{"@id":"https:\/\/marktxxl.de\/markt\/#organization"},"potentialAction":[{"@type":"SearchAction","target":{"@type":"EntryPoint","urlTemplate":"https:\/\/marktxxl.de\/markt\/?s={search_term_string}"},"query-input":{"@type":"PropertyValueSpecification","valueRequired":true,"valueName":"search_term_string"}}],"inLanguage":"de"},{"@type":"Organization","@id":"https:\/\/marktxxl.de\/markt\/#organization","name":"Markt-XXL","url":"https:\/\/marktxxl.de\/markt\/","logo":{"@type":"ImageObject","inLanguage":"de","@id":"https:\/\/marktxxl.de\/markt\/#\/schema\/logo\/image\/","url":"https:\/\/marktxxl.de\/markt\/wp-content\/uploads\/sites\/3\/2020\/12\/logo.png","contentUrl":"https:\/\/marktxxl.de\/markt\/wp-content\/uploads\/sites\/3\/2020\/12\/logo.png","width":200,"height":70,"caption":"Markt-XXL"},"image":{"@id":"https:\/\/marktxxl.de\/markt\/#\/schema\/logo\/image\/"}}]}},"_links":{"self":[{"href":"https:\/\/marktxxl.de\/markt\/wp-json\/wp\/v2\/product\/197260","targetHints":{"allow":["GET"]}}],"collection":[{"href":"https:\/\/marktxxl.de\/markt\/wp-json\/wp\/v2\/product"}],"about":[{"href":"https:\/\/marktxxl.de\/markt\/wp-json\/wp\/v2\/types\/product"}],"replies":[{"embeddable":true,"href":"https:\/\/marktxxl.de\/markt\/wp-json\/wp\/v2\/comments?post=197260"}],"wp:featuredmedia":[{"embeddable":true,"href":"https:\/\/marktxxl.de\/markt\/wp-json\/wp\/v2\/media\/197261"}],"wp:attachment":[{"href":"https:\/\/marktxxl.de\/markt\/wp-json\/wp\/v2\/media?parent=197260"}],"wp:term":[{"taxonomy":"product_brand","embeddable":true,"href":"https:\/\/marktxxl.de\/markt\/wp-json\/wp\/v2\/product_brand?post=197260"},{"taxonomy":"product_cat","embeddable":true,"href":"https:\/\/marktxxl.de\/markt\/wp-json\/wp\/v2\/product_cat?post=197260"},{"taxonomy":"product_tag","embeddable":true,"href":"https:\/\/marktxxl.de\/markt\/wp-json\/wp\/v2\/product_tag?post=197260"}],"curies":[{"name":"wp","href":"https:\/\/api.w.org\/{rel}","templated":true}]}}