{"id":197015,"date":"2023-03-11T12:46:49","date_gmt":"2023-03-11T11:46:49","guid":{"rendered":"https:\/\/marktxxl.de\/markt\/produkt\/ohrenschmalz-entferner-otoskop-vitcoco-wifi-ohrenreiniger-kamera-1920p-ultraduenne-hd-drahtlos-wasserdicht-ohrenspiegel-mit-3-0mm-linse-und-6-leds-fuer-iphone-ipad-und-android-smartphones\/"},"modified":"2023-04-08T05:03:51","modified_gmt":"2023-04-08T03:03:51","slug":"ohrenschmalz-entferner-otoskop-vitcoco-wifi-ohrenreiniger-kamera-1920p-ultraduenne-hd-drahtlos-wasserdicht-ohrenspiegel-mit-3-0mm-linse-und-6-leds-fuer-iphone-ipad-und-android-smartphones","status":"publish","type":"product","link":"https:\/\/marktxxl.de\/markt\/produkt\/ohrenschmalz-entferner-otoskop-vitcoco-wifi-ohrenreiniger-kamera-1920p-ultraduenne-hd-drahtlos-wasserdicht-ohrenspiegel-mit-3-0mm-linse-und-6-leds-fuer-iphone-ipad-und-android-smartphones\/","title":{"rendered":"Ohrenschmalz Entferner Otoskop, VITCOCO Wifi Ohrenreiniger Kamera, 1920P Ultrad\u00fcnne HD Drahtlos wasserdicht Ohrenspiegel\u2026"},"content":{"rendered":"<p>\u30101920P HD-Kamera\u3011 Das Ohrenschmalz Entfernungs Otoskop verwendet eine verbesserte 5-Millionen-Pixel-Kamera, die in eine hochwertige 1920P-FHD-Kameratechnologie integriert ist und Ihnen klare Bilder und Videos liefert. Die 360\u00b0-Weitwinkelansicht mit 6 Standard-LED-Leuchten, die Ihnen helfen, den Geh\u00f6rgang zu beleuchten und die Echtzeit-Beobachtung der Struktur des Geh\u00f6rgangs zu erm\u00f6glichen, k\u00f6nnen Sie Ihre Ohren einfacher und sicherer \u00fcberpr\u00fcfen und reinigen.<br \/>\n\u3010Ein Produkt f\u00fcr mehrere Zwecke\u3011 Dieses hochwertige Otoskop zum Entfernen von Ohrenschmalz kann von Kindern, Erwachsenen und Haustieren verwendet werden. Sie k\u00f6nnen dieses Werkzeug zum Entfernen von Ohrenschmalz verwenden, um Ihre Nasenwege, Z\u00e4hne, Rachen, Z\u00e4hne und \u00fcberall zu untersuchen. Eingebauter Temperaturkontrollchip, der bei der Verwendung immer 25-30 \u00b0 halten kann, was der menschlichen K\u00f6rpertemperatur entspricht und Ihnen ein angenehmes Erlebnis bietet.<br \/>\n\u3010USB wiederaufladbar und IP67 wasserdicht\u3011 Der eingebaute 230-mAh-Akku des Otoskops kann bei voller Aufladung 70 Minuten lang verwendet werden, und die Standby-Zeit kann bis zu 30 Tage betragen. IP67 wasserdichtes Otoskop, Silikon-Ohrbereich, ultrad\u00fcnne Linse kann nach Gebrauch mit Wasser bew\u00e4ssert oder mit Aluminiumwatte verdrahtet werden.<br \/>\n\u3010Breite Kompatibilit\u00e4t\u3011 Die f\u00fcr Android- und iOS-Ger\u00e4te verf\u00fcgbare Ohrkamera k\u00f6nnen Sie auch in Ihrem Tablet verwenden. Laden Sie die &#8220;Endscopetool&#8221;-App herunter, verbinden Sie sich mit dem Otoskop-WLAN und beginnen Sie mit der Verwendung mit einem Klick. Die vom Ger\u00e4t aufgenommenen Fotos und Videos werden im App-Album gespeichert.<br \/>\n\u3010ohrenreiniger\u3011 Kit zum Entfernen von Ohrenschmalz mit Licht: Silikon-Ohrst\u00f6psel-Abdeckung* 8, Ohrst\u00f6pse lab deckungs storage bottle* 1, traditionelles Ohrschaufel-Kit * 7, Ladekabel * 1, Bedienungsanleitung.<br \/>\n<div class=\"main-cross-sell\" data-asin=\"B0BP1Q4FYH\">\n\n\t<div class=\"WooZone-cross-sell-loader\">\n\t\t<div>\n\t\t\t<div id=\"floatingBarsG\">\n\t\t\t\t<div class=\"blockG\" id=\"rotateG_01\"><\/div>\n\t\t\t\t<div class=\"blockG\" id=\"rotateG_02\"><\/div>\n\t\t\t\t<div class=\"blockG\" id=\"rotateG_03\"><\/div>\n\t\t\t\t<div class=\"blockG\" id=\"rotateG_04\"><\/div>\n\t\t\t\t<div class=\"blockG\" id=\"rotateG_05\"><\/div>\n\t\t\t\t<div class=\"blockG\" id=\"rotateG_06\"><\/div>\n\t\t\t\t<div class=\"blockG\" id=\"rotateG_07\"><\/div>\n\t\t\t\t<div class=\"blockG\" id=\"rotateG_08\"><\/div>\n\t\t\t<\/div>\n\t\t\t<div class=\"WooZone-cross-sell-loader-text\"><\/div>\n\t\t<\/div>\n\t<\/div>\n\n\t\t\n<\/div>\n<div style=\"clear:both;\"><\/div><\/p>\n","protected":false},"excerpt":{"rendered":"<p>\u30101920P HD-Kamera\u3011 Das Ohrenschmalz Entfernungs Otoskop verwendet eine verbesserte 5-Millionen-Pixel-Kamera, die in eine hochwertige 1920P-FHD-Kameratechnologie integriert ist und Ihnen klare Bilder und Videos liefert. Die 360\u00b0-Weitwinkelansicht mit 6 Standard-LED-Leuchten, die Ihnen helfen, den Geh\u00f6rgang zu beleuchten und die Echtzeit-Beobachtung der Struktur des Geh\u00f6rgangs zu erm\u00f6glichen, k\u00f6nnen Sie Ihre Ohren einfacher und sicherer \u00fcberpr\u00fcfen und reinigen.<br \/>\n\u3010Ein Produkt f\u00fcr mehrere Zwecke\u3011 Dieses hochwertige Otoskop zum Entfernen von Ohrenschmalz kann von Kindern, Erwachsenen und Haustieren verwendet werden. Sie k\u00f6nnen dieses Werkzeug zum Entfernen von Ohrenschmalz verwenden, um Ihre Nasenwege, Z\u00e4hne, Rachen, Z\u00e4hne und \u00fcberall zu untersuchen. Eingebauter Temperaturkontrollchip, der bei der Verwendung immer 25-30 \u00b0 halten kann, was der menschlichen K\u00f6rpertemperatur entspricht und Ihnen ein angenehmes Erlebnis bietet.<br \/>\n\u3010USB wiederaufladbar und IP67 wasserdicht\u3011 Der eingebaute 230-mAh-Akku des Otoskops kann bei voller Aufladung 70 Minuten lang verwendet werden, und die Standby-Zeit kann bis zu 30 Tage betragen. IP67 wasserdichtes Otoskop, Silikon-Ohrbereich, ultrad\u00fcnne Linse kann nach Gebrauch mit Wasser bew\u00e4ssert oder mit Aluminiumwatte verdrahtet werden.<\/p>\n","protected":false},"featured_media":197016,"comment_status":"open","ping_status":"closed","template":"","meta":[],"product_brand":[],"product_cat":[566,5908],"product_tag":[],"class_list":{"0":"post-197015","1":"product","2":"type-product","3":"status-publish","4":"has-post-thumbnail","6":"product_cat-drogerie-koerperpflege","7":"product_cat-medizinische-geraete-verbrauchsmaterialien","8":"pa_brand-vitcoco","9":"pa_color-weiss","10":"pa_manufacturer-vitcoco","11":"pa_model-s3-white","13":"first","14":"instock","15":"shipping-taxable","16":"purchasable","17":"product-type-simple","18":"customify-col","19":"product-has-gallery"},"yoast_head":"<!-- This site is optimized with the Yoast SEO plugin v27.4 - https:\/\/yoast.com\/product\/yoast-seo-wordpress\/ -->\n<title>Ohrenschmalz Entferner Otoskop, VITCOCO Wifi Ohrenreiniger Kamera, 1920P Ultrad\u00fcnne HD Drahtlos wasserdicht Ohrenspiegel\u2026 - Markt-XXL<\/title>\n<meta name=\"description\" content=\"Markt-XXL Ohrenschmalz Entferner Otoskop, VITCOCO Wifi Ohrenreiniger Kamera, 1920P Ultrad\u00fcnne HD Drahtlos wasserdicht Ohrenspiegel\u2026\" \/>\n<meta name=\"robots\" content=\"index, follow, max-snippet:-1, max-image-preview:large, max-video-preview:-1\" \/>\n<link rel=\"canonical\" href=\"https:\/\/marktxxl.de\/markt\/produkt\/ohrenschmalz-entferner-otoskop-vitcoco-wifi-ohrenreiniger-kamera-1920p-ultraduenne-hd-drahtlos-wasserdicht-ohrenspiegel-mit-3-0mm-linse-und-6-leds-fuer-iphone-ipad-und-android-smartphones\/\" \/>\n<meta property=\"og:locale\" content=\"de_DE\" \/>\n<meta property=\"og:type\" content=\"article\" \/>\n<meta property=\"og:title\" content=\"Ohrenschmalz Entferner Otoskop, VITCOCO Wifi Ohrenreiniger Kamera, 1920P Ultrad\u00fcnne HD Drahtlos wasserdicht Ohrenspiegel\u2026 - Markt-XXL\" \/>\n<meta property=\"og:description\" content=\"Markt-XXL Ohrenschmalz Entferner Otoskop, VITCOCO Wifi Ohrenreiniger Kamera, 1920P Ultrad\u00fcnne HD Drahtlos wasserdicht Ohrenspiegel\u2026\" \/>\n<meta property=\"og:url\" content=\"https:\/\/marktxxl.de\/markt\/produkt\/ohrenschmalz-entferner-otoskop-vitcoco-wifi-ohrenreiniger-kamera-1920p-ultraduenne-hd-drahtlos-wasserdicht-ohrenspiegel-mit-3-0mm-linse-und-6-leds-fuer-iphone-ipad-und-android-smartphones\/\" \/>\n<meta property=\"og:site_name\" content=\"Markt-XXL\" \/>\n<meta property=\"article:modified_time\" content=\"2023-04-08T03:03:51+00:00\" \/>\n<meta property=\"og:image\" content=\"https:\/\/m.media-amazon.com\/images\/I\/41cjTqwt6oL._SL500_.jpg\" \/>\n\t<meta property=\"og:image:width\" content=\"500\" \/>\n\t<meta property=\"og:image:height\" content=\"500\" \/>\n\t<meta property=\"og:image:type\" content=\"image\/jpeg\" \/>\n<meta name=\"twitter:card\" content=\"summary_large_image\" \/>\n<meta name=\"twitter:label1\" content=\"Gesch\u00e4tzte Lesezeit\" \/>\n\t<meta name=\"twitter:data1\" content=\"1\u00a0Minute\" \/>\n<script type=\"application\/ld+json\" class=\"yoast-schema-graph\">{\"@context\":\"https:\\\/\\\/schema.org\",\"@graph\":[{\"@type\":\"WebPage\",\"@id\":\"https:\\\/\\\/marktxxl.de\\\/markt\\\/produkt\\\/ohrenschmalz-entferner-otoskop-vitcoco-wifi-ohrenreiniger-kamera-1920p-ultraduenne-hd-drahtlos-wasserdicht-ohrenspiegel-mit-3-0mm-linse-und-6-leds-fuer-iphone-ipad-und-android-smartphones\\\/\",\"url\":\"https:\\\/\\\/marktxxl.de\\\/markt\\\/produkt\\\/ohrenschmalz-entferner-otoskop-vitcoco-wifi-ohrenreiniger-kamera-1920p-ultraduenne-hd-drahtlos-wasserdicht-ohrenspiegel-mit-3-0mm-linse-und-6-leds-fuer-iphone-ipad-und-android-smartphones\\\/\",\"name\":\"Ohrenschmalz Entferner Otoskop, VITCOCO Wifi Ohrenreiniger Kamera, 1920P Ultrad\u00fcnne HD Drahtlos wasserdicht Ohrenspiegel\u2026 - Markt-XXL\",\"isPartOf\":{\"@id\":\"https:\\\/\\\/marktxxl.de\\\/markt\\\/#website\"},\"primaryImageOfPage\":{\"@id\":\"https:\\\/\\\/marktxxl.de\\\/markt\\\/produkt\\\/ohrenschmalz-entferner-otoskop-vitcoco-wifi-ohrenreiniger-kamera-1920p-ultraduenne-hd-drahtlos-wasserdicht-ohrenspiegel-mit-3-0mm-linse-und-6-leds-fuer-iphone-ipad-und-android-smartphones\\\/#primaryimage\"},\"image\":{\"@id\":\"https:\\\/\\\/marktxxl.de\\\/markt\\\/produkt\\\/ohrenschmalz-entferner-otoskop-vitcoco-wifi-ohrenreiniger-kamera-1920p-ultraduenne-hd-drahtlos-wasserdicht-ohrenspiegel-mit-3-0mm-linse-und-6-leds-fuer-iphone-ipad-und-android-smartphones\\\/#primaryimage\"},\"thumbnailUrl\":\"https:\\\/\\\/m.media-amazon.com\\\/images\\\/I\\\/41cjTqwt6oL._SL500_.jpg\",\"datePublished\":\"2023-03-11T11:46:49+00:00\",\"dateModified\":\"2023-04-08T03:03:51+00:00\",\"description\":\"Markt-XXL Ohrenschmalz Entferner Otoskop, VITCOCO Wifi Ohrenreiniger Kamera, 1920P Ultrad\u00fcnne HD Drahtlos wasserdicht Ohrenspiegel\u2026\",\"breadcrumb\":{\"@id\":\"https:\\\/\\\/marktxxl.de\\\/markt\\\/produkt\\\/ohrenschmalz-entferner-otoskop-vitcoco-wifi-ohrenreiniger-kamera-1920p-ultraduenne-hd-drahtlos-wasserdicht-ohrenspiegel-mit-3-0mm-linse-und-6-leds-fuer-iphone-ipad-und-android-smartphones\\\/#breadcrumb\"},\"inLanguage\":\"de\",\"potentialAction\":[{\"@type\":\"ReadAction\",\"target\":[\"https:\\\/\\\/marktxxl.de\\\/markt\\\/produkt\\\/ohrenschmalz-entferner-otoskop-vitcoco-wifi-ohrenreiniger-kamera-1920p-ultraduenne-hd-drahtlos-wasserdicht-ohrenspiegel-mit-3-0mm-linse-und-6-leds-fuer-iphone-ipad-und-android-smartphones\\\/\"]}]},{\"@type\":\"ImageObject\",\"inLanguage\":\"de\",\"@id\":\"https:\\\/\\\/marktxxl.de\\\/markt\\\/produkt\\\/ohrenschmalz-entferner-otoskop-vitcoco-wifi-ohrenreiniger-kamera-1920p-ultraduenne-hd-drahtlos-wasserdicht-ohrenspiegel-mit-3-0mm-linse-und-6-leds-fuer-iphone-ipad-und-android-smartphones\\\/#primaryimage\",\"url\":\"https:\\\/\\\/m.media-amazon.com\\\/images\\\/I\\\/41cjTqwt6oL._SL500_.jpg\",\"contentUrl\":\"https:\\\/\\\/m.media-amazon.com\\\/images\\\/I\\\/41cjTqwt6oL._SL500_.jpg\",\"width\":500,\"height\":500},{\"@type\":\"BreadcrumbList\",\"@id\":\"https:\\\/\\\/marktxxl.de\\\/markt\\\/produkt\\\/ohrenschmalz-entferner-otoskop-vitcoco-wifi-ohrenreiniger-kamera-1920p-ultraduenne-hd-drahtlos-wasserdicht-ohrenspiegel-mit-3-0mm-linse-und-6-leds-fuer-iphone-ipad-und-android-smartphones\\\/#breadcrumb\",\"itemListElement\":[{\"@type\":\"ListItem\",\"position\":1,\"name\":\"Startseite\",\"item\":\"https:\\\/\\\/marktxxl.de\\\/markt\\\/\"},{\"@type\":\"ListItem\",\"position\":2,\"name\":\"Markt\",\"item\":\"https:\\\/\\\/marktxxl.de\\\/markt\\\/\"},{\"@type\":\"ListItem\",\"position\":3,\"name\":\"Ohrenschmalz Entferner Otoskop, VITCOCO Wifi Ohrenreiniger Kamera, 1920P Ultrad\u00fcnne HD Drahtlos wasserdicht Ohrenspiegel\u2026\"}]},{\"@type\":\"WebSite\",\"@id\":\"https:\\\/\\\/marktxxl.de\\\/markt\\\/#website\",\"url\":\"https:\\\/\\\/marktxxl.de\\\/markt\\\/\",\"name\":\"Markt-XXL\",\"description\":\"Ihr Markt Online\",\"publisher\":{\"@id\":\"https:\\\/\\\/marktxxl.de\\\/markt\\\/#organization\"},\"potentialAction\":[{\"@type\":\"SearchAction\",\"target\":{\"@type\":\"EntryPoint\",\"urlTemplate\":\"https:\\\/\\\/marktxxl.de\\\/markt\\\/?s={search_term_string}\"},\"query-input\":{\"@type\":\"PropertyValueSpecification\",\"valueRequired\":true,\"valueName\":\"search_term_string\"}}],\"inLanguage\":\"de\"},{\"@type\":\"Organization\",\"@id\":\"https:\\\/\\\/marktxxl.de\\\/markt\\\/#organization\",\"name\":\"Markt-XXL\",\"url\":\"https:\\\/\\\/marktxxl.de\\\/markt\\\/\",\"logo\":{\"@type\":\"ImageObject\",\"inLanguage\":\"de\",\"@id\":\"https:\\\/\\\/marktxxl.de\\\/markt\\\/#\\\/schema\\\/logo\\\/image\\\/\",\"url\":\"https:\\\/\\\/marktxxl.de\\\/markt\\\/wp-content\\\/uploads\\\/sites\\\/3\\\/2020\\\/12\\\/logo.png\",\"contentUrl\":\"https:\\\/\\\/marktxxl.de\\\/markt\\\/wp-content\\\/uploads\\\/sites\\\/3\\\/2020\\\/12\\\/logo.png\",\"width\":200,\"height\":70,\"caption\":\"Markt-XXL\"},\"image\":{\"@id\":\"https:\\\/\\\/marktxxl.de\\\/markt\\\/#\\\/schema\\\/logo\\\/image\\\/\"}}]}<\/script>\n<!-- \/ Yoast SEO plugin. -->","yoast_head_json":{"title":"Ohrenschmalz Entferner Otoskop, VITCOCO Wifi Ohrenreiniger Kamera, 1920P Ultrad\u00fcnne HD Drahtlos wasserdicht Ohrenspiegel\u2026 - Markt-XXL","description":"Markt-XXL Ohrenschmalz Entferner Otoskop, VITCOCO Wifi Ohrenreiniger Kamera, 1920P Ultrad\u00fcnne HD Drahtlos wasserdicht Ohrenspiegel\u2026","robots":{"index":"index","follow":"follow","max-snippet":"max-snippet:-1","max-image-preview":"max-image-preview:large","max-video-preview":"max-video-preview:-1"},"canonical":"https:\/\/marktxxl.de\/markt\/produkt\/ohrenschmalz-entferner-otoskop-vitcoco-wifi-ohrenreiniger-kamera-1920p-ultraduenne-hd-drahtlos-wasserdicht-ohrenspiegel-mit-3-0mm-linse-und-6-leds-fuer-iphone-ipad-und-android-smartphones\/","og_locale":"de_DE","og_type":"article","og_title":"Ohrenschmalz Entferner Otoskop, VITCOCO Wifi Ohrenreiniger Kamera, 1920P Ultrad\u00fcnne HD Drahtlos wasserdicht Ohrenspiegel\u2026 - Markt-XXL","og_description":"Markt-XXL Ohrenschmalz Entferner Otoskop, VITCOCO Wifi Ohrenreiniger Kamera, 1920P Ultrad\u00fcnne HD Drahtlos wasserdicht Ohrenspiegel\u2026","og_url":"https:\/\/marktxxl.de\/markt\/produkt\/ohrenschmalz-entferner-otoskop-vitcoco-wifi-ohrenreiniger-kamera-1920p-ultraduenne-hd-drahtlos-wasserdicht-ohrenspiegel-mit-3-0mm-linse-und-6-leds-fuer-iphone-ipad-und-android-smartphones\/","og_site_name":"Markt-XXL","article_modified_time":"2023-04-08T03:03:51+00:00","og_image":[{"width":500,"height":500,"url":"https:\/\/m.media-amazon.com\/images\/I\/41cjTqwt6oL._SL500_.jpg","type":"image\/jpeg"}],"twitter_card":"summary_large_image","twitter_misc":{"Gesch\u00e4tzte Lesezeit":"1\u00a0Minute"},"schema":{"@context":"https:\/\/schema.org","@graph":[{"@type":"WebPage","@id":"https:\/\/marktxxl.de\/markt\/produkt\/ohrenschmalz-entferner-otoskop-vitcoco-wifi-ohrenreiniger-kamera-1920p-ultraduenne-hd-drahtlos-wasserdicht-ohrenspiegel-mit-3-0mm-linse-und-6-leds-fuer-iphone-ipad-und-android-smartphones\/","url":"https:\/\/marktxxl.de\/markt\/produkt\/ohrenschmalz-entferner-otoskop-vitcoco-wifi-ohrenreiniger-kamera-1920p-ultraduenne-hd-drahtlos-wasserdicht-ohrenspiegel-mit-3-0mm-linse-und-6-leds-fuer-iphone-ipad-und-android-smartphones\/","name":"Ohrenschmalz Entferner Otoskop, VITCOCO Wifi Ohrenreiniger Kamera, 1920P Ultrad\u00fcnne HD Drahtlos wasserdicht Ohrenspiegel\u2026 - Markt-XXL","isPartOf":{"@id":"https:\/\/marktxxl.de\/markt\/#website"},"primaryImageOfPage":{"@id":"https:\/\/marktxxl.de\/markt\/produkt\/ohrenschmalz-entferner-otoskop-vitcoco-wifi-ohrenreiniger-kamera-1920p-ultraduenne-hd-drahtlos-wasserdicht-ohrenspiegel-mit-3-0mm-linse-und-6-leds-fuer-iphone-ipad-und-android-smartphones\/#primaryimage"},"image":{"@id":"https:\/\/marktxxl.de\/markt\/produkt\/ohrenschmalz-entferner-otoskop-vitcoco-wifi-ohrenreiniger-kamera-1920p-ultraduenne-hd-drahtlos-wasserdicht-ohrenspiegel-mit-3-0mm-linse-und-6-leds-fuer-iphone-ipad-und-android-smartphones\/#primaryimage"},"thumbnailUrl":"https:\/\/m.media-amazon.com\/images\/I\/41cjTqwt6oL._SL500_.jpg","datePublished":"2023-03-11T11:46:49+00:00","dateModified":"2023-04-08T03:03:51+00:00","description":"Markt-XXL Ohrenschmalz Entferner Otoskop, VITCOCO Wifi Ohrenreiniger Kamera, 1920P Ultrad\u00fcnne HD Drahtlos wasserdicht Ohrenspiegel\u2026","breadcrumb":{"@id":"https:\/\/marktxxl.de\/markt\/produkt\/ohrenschmalz-entferner-otoskop-vitcoco-wifi-ohrenreiniger-kamera-1920p-ultraduenne-hd-drahtlos-wasserdicht-ohrenspiegel-mit-3-0mm-linse-und-6-leds-fuer-iphone-ipad-und-android-smartphones\/#breadcrumb"},"inLanguage":"de","potentialAction":[{"@type":"ReadAction","target":["https:\/\/marktxxl.de\/markt\/produkt\/ohrenschmalz-entferner-otoskop-vitcoco-wifi-ohrenreiniger-kamera-1920p-ultraduenne-hd-drahtlos-wasserdicht-ohrenspiegel-mit-3-0mm-linse-und-6-leds-fuer-iphone-ipad-und-android-smartphones\/"]}]},{"@type":"ImageObject","inLanguage":"de","@id":"https:\/\/marktxxl.de\/markt\/produkt\/ohrenschmalz-entferner-otoskop-vitcoco-wifi-ohrenreiniger-kamera-1920p-ultraduenne-hd-drahtlos-wasserdicht-ohrenspiegel-mit-3-0mm-linse-und-6-leds-fuer-iphone-ipad-und-android-smartphones\/#primaryimage","url":"https:\/\/m.media-amazon.com\/images\/I\/41cjTqwt6oL._SL500_.jpg","contentUrl":"https:\/\/m.media-amazon.com\/images\/I\/41cjTqwt6oL._SL500_.jpg","width":500,"height":500},{"@type":"BreadcrumbList","@id":"https:\/\/marktxxl.de\/markt\/produkt\/ohrenschmalz-entferner-otoskop-vitcoco-wifi-ohrenreiniger-kamera-1920p-ultraduenne-hd-drahtlos-wasserdicht-ohrenspiegel-mit-3-0mm-linse-und-6-leds-fuer-iphone-ipad-und-android-smartphones\/#breadcrumb","itemListElement":[{"@type":"ListItem","position":1,"name":"Startseite","item":"https:\/\/marktxxl.de\/markt\/"},{"@type":"ListItem","position":2,"name":"Markt","item":"https:\/\/marktxxl.de\/markt\/"},{"@type":"ListItem","position":3,"name":"Ohrenschmalz Entferner Otoskop, VITCOCO Wifi Ohrenreiniger Kamera, 1920P Ultrad\u00fcnne HD Drahtlos wasserdicht Ohrenspiegel\u2026"}]},{"@type":"WebSite","@id":"https:\/\/marktxxl.de\/markt\/#website","url":"https:\/\/marktxxl.de\/markt\/","name":"Markt-XXL","description":"Ihr Markt Online","publisher":{"@id":"https:\/\/marktxxl.de\/markt\/#organization"},"potentialAction":[{"@type":"SearchAction","target":{"@type":"EntryPoint","urlTemplate":"https:\/\/marktxxl.de\/markt\/?s={search_term_string}"},"query-input":{"@type":"PropertyValueSpecification","valueRequired":true,"valueName":"search_term_string"}}],"inLanguage":"de"},{"@type":"Organization","@id":"https:\/\/marktxxl.de\/markt\/#organization","name":"Markt-XXL","url":"https:\/\/marktxxl.de\/markt\/","logo":{"@type":"ImageObject","inLanguage":"de","@id":"https:\/\/marktxxl.de\/markt\/#\/schema\/logo\/image\/","url":"https:\/\/marktxxl.de\/markt\/wp-content\/uploads\/sites\/3\/2020\/12\/logo.png","contentUrl":"https:\/\/marktxxl.de\/markt\/wp-content\/uploads\/sites\/3\/2020\/12\/logo.png","width":200,"height":70,"caption":"Markt-XXL"},"image":{"@id":"https:\/\/marktxxl.de\/markt\/#\/schema\/logo\/image\/"}}]}},"_links":{"self":[{"href":"https:\/\/marktxxl.de\/markt\/wp-json\/wp\/v2\/product\/197015","targetHints":{"allow":["GET"]}}],"collection":[{"href":"https:\/\/marktxxl.de\/markt\/wp-json\/wp\/v2\/product"}],"about":[{"href":"https:\/\/marktxxl.de\/markt\/wp-json\/wp\/v2\/types\/product"}],"replies":[{"embeddable":true,"href":"https:\/\/marktxxl.de\/markt\/wp-json\/wp\/v2\/comments?post=197015"}],"wp:featuredmedia":[{"embeddable":true,"href":"https:\/\/marktxxl.de\/markt\/wp-json\/wp\/v2\/media\/197016"}],"wp:attachment":[{"href":"https:\/\/marktxxl.de\/markt\/wp-json\/wp\/v2\/media?parent=197015"}],"wp:term":[{"taxonomy":"product_brand","embeddable":true,"href":"https:\/\/marktxxl.de\/markt\/wp-json\/wp\/v2\/product_brand?post=197015"},{"taxonomy":"product_cat","embeddable":true,"href":"https:\/\/marktxxl.de\/markt\/wp-json\/wp\/v2\/product_cat?post=197015"},{"taxonomy":"product_tag","embeddable":true,"href":"https:\/\/marktxxl.de\/markt\/wp-json\/wp\/v2\/product_tag?post=197015"}],"curies":[{"name":"wp","href":"https:\/\/api.w.org\/{rel}","templated":true}]}}