{"id":196984,"date":"2023-03-11T12:46:10","date_gmt":"2023-03-11T11:46:10","guid":{"rendered":"https:\/\/marktxxl.de\/markt\/produkt\/klimmzugbaender-klimmzughilfsbaender-widerstandsbaender-set-uebungsbaender-workout-fuer-widerstandstraining-physiotherapie-home-workouts-bands\/"},"modified":"2023-04-08T05:03:50","modified_gmt":"2023-04-08T03:03:50","slug":"klimmzugbaender-klimmzughilfsbaender-widerstandsbaender-set-uebungsbaender-workout-fuer-widerstandstraining-physiotherapie-home-workouts-bands","status":"publish","type":"product","link":"https:\/\/marktxxl.de\/markt\/produkt\/klimmzugbaender-klimmzughilfsbaender-widerstandsbaender-set-uebungsbaender-workout-fuer-widerstandstraining-physiotherapie-home-workouts-bands\/","title":{"rendered":"Klimmzugb\u00e4nder, Klimmzughilfsb\u00e4nder, Widerstandsb\u00e4nder Set, \u00dcbungsb\u00e4nder, Workout f\u00fcr Widerstandstraining\u2026"},"content":{"rendered":"<p>Hochwertiges Material: Widerstandsb\u00e4nder aus 100 % hochwertigem, nat\u00fcrlichem Material, um ein Einrei\u00dfen der B\u00e4nder zu verhindern und eine l\u00e4ngere Haltbarkeit zu gew\u00e4hrleisten.<br \/>\nVerschiedene Farben und 4 Klimmzugb\u00e4nder-Stufen: Set mit 4 St\u00fcck Klimmzughilfen entsprechen verschiedenen Farben, gelb (2,3\u20134,5 kg), rot (6,8\u201313,6 kg), schwarz (13,6\u201327,2 kg), lila (27,2\u201345,4 kg), 205,7 cm in der L\u00e4nge und k\u00f6nnen allein oder kombiniert verwendet werden. Trainingsb\u00e4nder, um die Herausforderung.<br \/>\nGeeignet f\u00fcr eine Vielzahl von \u00dcbungen und multifunktional: Widerstandsb\u00e4nder bieten effektives Training, geeignet f\u00fcr eine Vielzahl von \u00dcbungen, um Kalorienverbrennung, Muskelaufbau und Fettzerkleinerungs-Workout-Programm, um Ihre Arme, Schultern, Brust, Ges\u00e4\u00df, Beine usw. zu trainieren.<br \/>\nLeicht und tragbar: Das Widerstandsb\u00e4nder-Set ist tragbar und kommt mit einer wasserdichten Tasche, damit Sie es \u00fcberall hin mitnehmen k\u00f6nnen. So k\u00f6nnen Sie dieses Widerstandsb\u00e4nder-Set zum Training verwenden, sei es zu Ihrem Zuhause, im Fitnessstudio oder sogar w\u00e4hrend Sie unterwegs sind, k\u00f6nnen Sie mit Ihrer Trainingsroutine fortfahren, wohin Sie gehen.<br \/>\nTolle Geschenkidee &#8211; Es kann Ihren Trainingsbedarf f\u00fcr alle, die ein Heim-Fitnessstudio erweitern wollen, ein Fitness-Regime erstellen wollen, trainieren Sie unterwegs oder Physiotherapie sind, egal ob Sie Anf\u00e4nger sind oder nicht.<br \/>\n<div class=\"main-cross-sell\" data-asin=\"B09SYWWRVB\">\n\n\t<div class=\"WooZone-cross-sell-loader\">\n\t\t<div>\n\t\t\t<div id=\"floatingBarsG\">\n\t\t\t\t<div class=\"blockG\" id=\"rotateG_01\"><\/div>\n\t\t\t\t<div class=\"blockG\" id=\"rotateG_02\"><\/div>\n\t\t\t\t<div class=\"blockG\" id=\"rotateG_03\"><\/div>\n\t\t\t\t<div class=\"blockG\" id=\"rotateG_04\"><\/div>\n\t\t\t\t<div class=\"blockG\" id=\"rotateG_05\"><\/div>\n\t\t\t\t<div class=\"blockG\" id=\"rotateG_06\"><\/div>\n\t\t\t\t<div class=\"blockG\" id=\"rotateG_07\"><\/div>\n\t\t\t\t<div class=\"blockG\" id=\"rotateG_08\"><\/div>\n\t\t\t<\/div>\n\t\t\t<div class=\"WooZone-cross-sell-loader-text\"><\/div>\n\t\t<\/div>\n\t<\/div>\n\n\t\t\n<\/div>\n<div style=\"clear:both;\"><\/div><\/p>\n","protected":false},"excerpt":{"rendered":"<p>Hochwertiges Material: Widerstandsb\u00e4nder aus 100 % hochwertigem, nat\u00fcrlichem Material, um ein Einrei\u00dfen der B\u00e4nder zu verhindern und eine l\u00e4ngere Haltbarkeit zu gew\u00e4hrleisten.<br \/>\nVerschiedene Farben und 4 Klimmzugb\u00e4nder-Stufen: Set mit 4 St\u00fcck Klimmzughilfen entsprechen verschiedenen Farben, gelb (2,3\u20134,5 kg), rot (6,8\u201313,6 kg), schwarz (13,6\u201327,2 kg), lila (27,2\u201345,4 kg), 205,7 cm in der L\u00e4nge und k\u00f6nnen allein oder kombiniert verwendet werden. Trainingsb\u00e4nder, um die Herausforderung.<br \/>\nGeeignet f\u00fcr eine Vielzahl von \u00dcbungen und multifunktional: Widerstandsb\u00e4nder bieten effektives Training, geeignet f\u00fcr eine Vielzahl von \u00dcbungen, um Kalorienverbrennung, Muskelaufbau und Fettzerkleinerungs-Workout-Programm, um Ihre Arme, Schultern, Brust, Ges\u00e4\u00df, Beine usw. zu trainieren.<\/p>\n","protected":false},"featured_media":196985,"comment_status":"open","ping_status":"closed","template":"","meta":[],"product_brand":[],"product_cat":[566,5908],"product_tag":[],"class_list":{"0":"post-196984","1":"product","2":"type-product","3":"status-publish","4":"has-post-thumbnail","6":"product_cat-drogerie-koerperpflege","7":"product_cat-medizinische-geraete-verbrauchsmaterialien","8":"pa_brand-wociud","9":"pa_height-5-1-zoll","10":"pa_length-5-1-zoll","11":"pa_manufacturer-alllvocles","12":"pa_width-3-9-zoll","14":"first","15":"instock","16":"shipping-taxable","17":"purchasable","18":"product-type-simple","19":"customify-col","20":"product-has-gallery"},"yoast_head":"<!-- This site is optimized with the Yoast SEO plugin v27.3 - https:\/\/yoast.com\/product\/yoast-seo-wordpress\/ -->\n<title>Klimmzugb\u00e4nder, Klimmzughilfsb\u00e4nder, Widerstandsb\u00e4nder Set, \u00dcbungsb\u00e4nder, Workout f\u00fcr Widerstandstraining\u2026 - Markt-XXL<\/title>\n<meta name=\"description\" content=\"Markt-XXL Klimmzugb\u00e4nder, Klimmzughilfsb\u00e4nder, Widerstandsb\u00e4nder Set, \u00dcbungsb\u00e4nder, Workout f\u00fcr Widerstandstraining\u2026\" \/>\n<meta name=\"robots\" content=\"index, follow, max-snippet:-1, max-image-preview:large, max-video-preview:-1\" \/>\n<link rel=\"canonical\" href=\"https:\/\/marktxxl.de\/markt\/produkt\/klimmzugbaender-klimmzughilfsbaender-widerstandsbaender-set-uebungsbaender-workout-fuer-widerstandstraining-physiotherapie-home-workouts-bands\/\" \/>\n<meta property=\"og:locale\" content=\"de_DE\" \/>\n<meta property=\"og:type\" content=\"article\" \/>\n<meta property=\"og:title\" content=\"Klimmzugb\u00e4nder, Klimmzughilfsb\u00e4nder, Widerstandsb\u00e4nder Set, \u00dcbungsb\u00e4nder, Workout f\u00fcr Widerstandstraining\u2026 - Markt-XXL\" \/>\n<meta property=\"og:description\" content=\"Markt-XXL Klimmzugb\u00e4nder, Klimmzughilfsb\u00e4nder, Widerstandsb\u00e4nder Set, \u00dcbungsb\u00e4nder, Workout f\u00fcr Widerstandstraining\u2026\" \/>\n<meta property=\"og:url\" content=\"https:\/\/marktxxl.de\/markt\/produkt\/klimmzugbaender-klimmzughilfsbaender-widerstandsbaender-set-uebungsbaender-workout-fuer-widerstandstraining-physiotherapie-home-workouts-bands\/\" \/>\n<meta property=\"og:site_name\" content=\"Markt-XXL\" \/>\n<meta property=\"article:modified_time\" content=\"2023-04-08T03:03:50+00:00\" \/>\n<meta property=\"og:image\" content=\"https:\/\/m.media-amazon.com\/images\/I\/51Tdec7GcSL._SL500_.jpg\" \/>\n\t<meta property=\"og:image:width\" content=\"500\" \/>\n\t<meta property=\"og:image:height\" content=\"500\" \/>\n\t<meta property=\"og:image:type\" content=\"image\/jpeg\" \/>\n<meta name=\"twitter:card\" content=\"summary_large_image\" \/>\n<meta name=\"twitter:label1\" content=\"Gesch\u00e4tzte Lesezeit\" \/>\n\t<meta name=\"twitter:data1\" content=\"1\u00a0Minute\" \/>\n<script type=\"application\/ld+json\" class=\"yoast-schema-graph\">{\"@context\":\"https:\\\/\\\/schema.org\",\"@graph\":[{\"@type\":\"WebPage\",\"@id\":\"https:\\\/\\\/marktxxl.de\\\/markt\\\/produkt\\\/klimmzugbaender-klimmzughilfsbaender-widerstandsbaender-set-uebungsbaender-workout-fuer-widerstandstraining-physiotherapie-home-workouts-bands\\\/\",\"url\":\"https:\\\/\\\/marktxxl.de\\\/markt\\\/produkt\\\/klimmzugbaender-klimmzughilfsbaender-widerstandsbaender-set-uebungsbaender-workout-fuer-widerstandstraining-physiotherapie-home-workouts-bands\\\/\",\"name\":\"Klimmzugb\u00e4nder, Klimmzughilfsb\u00e4nder, Widerstandsb\u00e4nder Set, \u00dcbungsb\u00e4nder, Workout f\u00fcr Widerstandstraining\u2026 - Markt-XXL\",\"isPartOf\":{\"@id\":\"https:\\\/\\\/marktxxl.de\\\/markt\\\/#website\"},\"primaryImageOfPage\":{\"@id\":\"https:\\\/\\\/marktxxl.de\\\/markt\\\/produkt\\\/klimmzugbaender-klimmzughilfsbaender-widerstandsbaender-set-uebungsbaender-workout-fuer-widerstandstraining-physiotherapie-home-workouts-bands\\\/#primaryimage\"},\"image\":{\"@id\":\"https:\\\/\\\/marktxxl.de\\\/markt\\\/produkt\\\/klimmzugbaender-klimmzughilfsbaender-widerstandsbaender-set-uebungsbaender-workout-fuer-widerstandstraining-physiotherapie-home-workouts-bands\\\/#primaryimage\"},\"thumbnailUrl\":\"https:\\\/\\\/m.media-amazon.com\\\/images\\\/I\\\/51Tdec7GcSL._SL500_.jpg\",\"datePublished\":\"2023-03-11T11:46:10+00:00\",\"dateModified\":\"2023-04-08T03:03:50+00:00\",\"description\":\"Markt-XXL Klimmzugb\u00e4nder, Klimmzughilfsb\u00e4nder, Widerstandsb\u00e4nder Set, \u00dcbungsb\u00e4nder, Workout f\u00fcr Widerstandstraining\u2026\",\"breadcrumb\":{\"@id\":\"https:\\\/\\\/marktxxl.de\\\/markt\\\/produkt\\\/klimmzugbaender-klimmzughilfsbaender-widerstandsbaender-set-uebungsbaender-workout-fuer-widerstandstraining-physiotherapie-home-workouts-bands\\\/#breadcrumb\"},\"inLanguage\":\"de\",\"potentialAction\":[{\"@type\":\"ReadAction\",\"target\":[\"https:\\\/\\\/marktxxl.de\\\/markt\\\/produkt\\\/klimmzugbaender-klimmzughilfsbaender-widerstandsbaender-set-uebungsbaender-workout-fuer-widerstandstraining-physiotherapie-home-workouts-bands\\\/\"]}]},{\"@type\":\"ImageObject\",\"inLanguage\":\"de\",\"@id\":\"https:\\\/\\\/marktxxl.de\\\/markt\\\/produkt\\\/klimmzugbaender-klimmzughilfsbaender-widerstandsbaender-set-uebungsbaender-workout-fuer-widerstandstraining-physiotherapie-home-workouts-bands\\\/#primaryimage\",\"url\":\"https:\\\/\\\/m.media-amazon.com\\\/images\\\/I\\\/51Tdec7GcSL._SL500_.jpg\",\"contentUrl\":\"https:\\\/\\\/m.media-amazon.com\\\/images\\\/I\\\/51Tdec7GcSL._SL500_.jpg\",\"width\":500,\"height\":500},{\"@type\":\"BreadcrumbList\",\"@id\":\"https:\\\/\\\/marktxxl.de\\\/markt\\\/produkt\\\/klimmzugbaender-klimmzughilfsbaender-widerstandsbaender-set-uebungsbaender-workout-fuer-widerstandstraining-physiotherapie-home-workouts-bands\\\/#breadcrumb\",\"itemListElement\":[{\"@type\":\"ListItem\",\"position\":1,\"name\":\"Startseite\",\"item\":\"https:\\\/\\\/marktxxl.de\\\/markt\\\/\"},{\"@type\":\"ListItem\",\"position\":2,\"name\":\"Markt\",\"item\":\"https:\\\/\\\/marktxxl.de\\\/markt\\\/\"},{\"@type\":\"ListItem\",\"position\":3,\"name\":\"Klimmzugb\u00e4nder, Klimmzughilfsb\u00e4nder, Widerstandsb\u00e4nder Set, \u00dcbungsb\u00e4nder, Workout f\u00fcr Widerstandstraining\u2026\"}]},{\"@type\":\"WebSite\",\"@id\":\"https:\\\/\\\/marktxxl.de\\\/markt\\\/#website\",\"url\":\"https:\\\/\\\/marktxxl.de\\\/markt\\\/\",\"name\":\"Markt-XXL\",\"description\":\"Ihr Markt Online\",\"publisher\":{\"@id\":\"https:\\\/\\\/marktxxl.de\\\/markt\\\/#organization\"},\"potentialAction\":[{\"@type\":\"SearchAction\",\"target\":{\"@type\":\"EntryPoint\",\"urlTemplate\":\"https:\\\/\\\/marktxxl.de\\\/markt\\\/?s={search_term_string}\"},\"query-input\":{\"@type\":\"PropertyValueSpecification\",\"valueRequired\":true,\"valueName\":\"search_term_string\"}}],\"inLanguage\":\"de\"},{\"@type\":\"Organization\",\"@id\":\"https:\\\/\\\/marktxxl.de\\\/markt\\\/#organization\",\"name\":\"Markt-XXL\",\"url\":\"https:\\\/\\\/marktxxl.de\\\/markt\\\/\",\"logo\":{\"@type\":\"ImageObject\",\"inLanguage\":\"de\",\"@id\":\"https:\\\/\\\/marktxxl.de\\\/markt\\\/#\\\/schema\\\/logo\\\/image\\\/\",\"url\":\"https:\\\/\\\/marktxxl.de\\\/markt\\\/wp-content\\\/uploads\\\/sites\\\/3\\\/2020\\\/12\\\/logo.png\",\"contentUrl\":\"https:\\\/\\\/marktxxl.de\\\/markt\\\/wp-content\\\/uploads\\\/sites\\\/3\\\/2020\\\/12\\\/logo.png\",\"width\":200,\"height\":70,\"caption\":\"Markt-XXL\"},\"image\":{\"@id\":\"https:\\\/\\\/marktxxl.de\\\/markt\\\/#\\\/schema\\\/logo\\\/image\\\/\"}}]}<\/script>\n<!-- \/ Yoast SEO plugin. -->","yoast_head_json":{"title":"Klimmzugb\u00e4nder, Klimmzughilfsb\u00e4nder, Widerstandsb\u00e4nder Set, \u00dcbungsb\u00e4nder, Workout f\u00fcr Widerstandstraining\u2026 - Markt-XXL","description":"Markt-XXL Klimmzugb\u00e4nder, Klimmzughilfsb\u00e4nder, Widerstandsb\u00e4nder Set, \u00dcbungsb\u00e4nder, Workout f\u00fcr Widerstandstraining\u2026","robots":{"index":"index","follow":"follow","max-snippet":"max-snippet:-1","max-image-preview":"max-image-preview:large","max-video-preview":"max-video-preview:-1"},"canonical":"https:\/\/marktxxl.de\/markt\/produkt\/klimmzugbaender-klimmzughilfsbaender-widerstandsbaender-set-uebungsbaender-workout-fuer-widerstandstraining-physiotherapie-home-workouts-bands\/","og_locale":"de_DE","og_type":"article","og_title":"Klimmzugb\u00e4nder, Klimmzughilfsb\u00e4nder, Widerstandsb\u00e4nder Set, \u00dcbungsb\u00e4nder, Workout f\u00fcr Widerstandstraining\u2026 - Markt-XXL","og_description":"Markt-XXL Klimmzugb\u00e4nder, Klimmzughilfsb\u00e4nder, Widerstandsb\u00e4nder Set, \u00dcbungsb\u00e4nder, Workout f\u00fcr Widerstandstraining\u2026","og_url":"https:\/\/marktxxl.de\/markt\/produkt\/klimmzugbaender-klimmzughilfsbaender-widerstandsbaender-set-uebungsbaender-workout-fuer-widerstandstraining-physiotherapie-home-workouts-bands\/","og_site_name":"Markt-XXL","article_modified_time":"2023-04-08T03:03:50+00:00","og_image":[{"width":500,"height":500,"url":"https:\/\/m.media-amazon.com\/images\/I\/51Tdec7GcSL._SL500_.jpg","type":"image\/jpeg"}],"twitter_card":"summary_large_image","twitter_misc":{"Gesch\u00e4tzte Lesezeit":"1\u00a0Minute"},"schema":{"@context":"https:\/\/schema.org","@graph":[{"@type":"WebPage","@id":"https:\/\/marktxxl.de\/markt\/produkt\/klimmzugbaender-klimmzughilfsbaender-widerstandsbaender-set-uebungsbaender-workout-fuer-widerstandstraining-physiotherapie-home-workouts-bands\/","url":"https:\/\/marktxxl.de\/markt\/produkt\/klimmzugbaender-klimmzughilfsbaender-widerstandsbaender-set-uebungsbaender-workout-fuer-widerstandstraining-physiotherapie-home-workouts-bands\/","name":"Klimmzugb\u00e4nder, Klimmzughilfsb\u00e4nder, Widerstandsb\u00e4nder Set, \u00dcbungsb\u00e4nder, Workout f\u00fcr Widerstandstraining\u2026 - Markt-XXL","isPartOf":{"@id":"https:\/\/marktxxl.de\/markt\/#website"},"primaryImageOfPage":{"@id":"https:\/\/marktxxl.de\/markt\/produkt\/klimmzugbaender-klimmzughilfsbaender-widerstandsbaender-set-uebungsbaender-workout-fuer-widerstandstraining-physiotherapie-home-workouts-bands\/#primaryimage"},"image":{"@id":"https:\/\/marktxxl.de\/markt\/produkt\/klimmzugbaender-klimmzughilfsbaender-widerstandsbaender-set-uebungsbaender-workout-fuer-widerstandstraining-physiotherapie-home-workouts-bands\/#primaryimage"},"thumbnailUrl":"https:\/\/m.media-amazon.com\/images\/I\/51Tdec7GcSL._SL500_.jpg","datePublished":"2023-03-11T11:46:10+00:00","dateModified":"2023-04-08T03:03:50+00:00","description":"Markt-XXL Klimmzugb\u00e4nder, Klimmzughilfsb\u00e4nder, Widerstandsb\u00e4nder Set, \u00dcbungsb\u00e4nder, Workout f\u00fcr Widerstandstraining\u2026","breadcrumb":{"@id":"https:\/\/marktxxl.de\/markt\/produkt\/klimmzugbaender-klimmzughilfsbaender-widerstandsbaender-set-uebungsbaender-workout-fuer-widerstandstraining-physiotherapie-home-workouts-bands\/#breadcrumb"},"inLanguage":"de","potentialAction":[{"@type":"ReadAction","target":["https:\/\/marktxxl.de\/markt\/produkt\/klimmzugbaender-klimmzughilfsbaender-widerstandsbaender-set-uebungsbaender-workout-fuer-widerstandstraining-physiotherapie-home-workouts-bands\/"]}]},{"@type":"ImageObject","inLanguage":"de","@id":"https:\/\/marktxxl.de\/markt\/produkt\/klimmzugbaender-klimmzughilfsbaender-widerstandsbaender-set-uebungsbaender-workout-fuer-widerstandstraining-physiotherapie-home-workouts-bands\/#primaryimage","url":"https:\/\/m.media-amazon.com\/images\/I\/51Tdec7GcSL._SL500_.jpg","contentUrl":"https:\/\/m.media-amazon.com\/images\/I\/51Tdec7GcSL._SL500_.jpg","width":500,"height":500},{"@type":"BreadcrumbList","@id":"https:\/\/marktxxl.de\/markt\/produkt\/klimmzugbaender-klimmzughilfsbaender-widerstandsbaender-set-uebungsbaender-workout-fuer-widerstandstraining-physiotherapie-home-workouts-bands\/#breadcrumb","itemListElement":[{"@type":"ListItem","position":1,"name":"Startseite","item":"https:\/\/marktxxl.de\/markt\/"},{"@type":"ListItem","position":2,"name":"Markt","item":"https:\/\/marktxxl.de\/markt\/"},{"@type":"ListItem","position":3,"name":"Klimmzugb\u00e4nder, Klimmzughilfsb\u00e4nder, Widerstandsb\u00e4nder Set, \u00dcbungsb\u00e4nder, Workout f\u00fcr Widerstandstraining\u2026"}]},{"@type":"WebSite","@id":"https:\/\/marktxxl.de\/markt\/#website","url":"https:\/\/marktxxl.de\/markt\/","name":"Markt-XXL","description":"Ihr Markt Online","publisher":{"@id":"https:\/\/marktxxl.de\/markt\/#organization"},"potentialAction":[{"@type":"SearchAction","target":{"@type":"EntryPoint","urlTemplate":"https:\/\/marktxxl.de\/markt\/?s={search_term_string}"},"query-input":{"@type":"PropertyValueSpecification","valueRequired":true,"valueName":"search_term_string"}}],"inLanguage":"de"},{"@type":"Organization","@id":"https:\/\/marktxxl.de\/markt\/#organization","name":"Markt-XXL","url":"https:\/\/marktxxl.de\/markt\/","logo":{"@type":"ImageObject","inLanguage":"de","@id":"https:\/\/marktxxl.de\/markt\/#\/schema\/logo\/image\/","url":"https:\/\/marktxxl.de\/markt\/wp-content\/uploads\/sites\/3\/2020\/12\/logo.png","contentUrl":"https:\/\/marktxxl.de\/markt\/wp-content\/uploads\/sites\/3\/2020\/12\/logo.png","width":200,"height":70,"caption":"Markt-XXL"},"image":{"@id":"https:\/\/marktxxl.de\/markt\/#\/schema\/logo\/image\/"}}]}},"_links":{"self":[{"href":"https:\/\/marktxxl.de\/markt\/wp-json\/wp\/v2\/product\/196984","targetHints":{"allow":["GET"]}}],"collection":[{"href":"https:\/\/marktxxl.de\/markt\/wp-json\/wp\/v2\/product"}],"about":[{"href":"https:\/\/marktxxl.de\/markt\/wp-json\/wp\/v2\/types\/product"}],"replies":[{"embeddable":true,"href":"https:\/\/marktxxl.de\/markt\/wp-json\/wp\/v2\/comments?post=196984"}],"wp:featuredmedia":[{"embeddable":true,"href":"https:\/\/marktxxl.de\/markt\/wp-json\/wp\/v2\/media\/196985"}],"wp:attachment":[{"href":"https:\/\/marktxxl.de\/markt\/wp-json\/wp\/v2\/media?parent=196984"}],"wp:term":[{"taxonomy":"product_brand","embeddable":true,"href":"https:\/\/marktxxl.de\/markt\/wp-json\/wp\/v2\/product_brand?post=196984"},{"taxonomy":"product_cat","embeddable":true,"href":"https:\/\/marktxxl.de\/markt\/wp-json\/wp\/v2\/product_cat?post=196984"},{"taxonomy":"product_tag","embeddable":true,"href":"https:\/\/marktxxl.de\/markt\/wp-json\/wp\/v2\/product_tag?post=196984"}],"curies":[{"name":"wp","href":"https:\/\/api.w.org\/{rel}","templated":true}]}}