{"id":196803,"date":"2023-03-11T12:07:52","date_gmt":"2023-03-11T11:07:52","guid":{"rendered":"https:\/\/marktxxl.de\/markt\/produkt\/3er-set-haslinger-rasierseife-salbei-sandelholz-ringelblume-je-60-gramm\/"},"modified":"2023-04-08T05:03:47","modified_gmt":"2023-04-08T03:03:47","slug":"3er-set-haslinger-rasierseife-salbei-sandelholz-ringelblume-je-60-gramm","status":"publish","type":"product","link":"https:\/\/marktxxl.de\/markt\/produkt\/3er-set-haslinger-rasierseife-salbei-sandelholz-ringelblume-je-60-gramm\/","title":{"rendered":"3er Set Haslinger Rasierseife (Salbei, Sandelholz, Ringelblume) je 60 Gramm"},"content":{"rendered":"<p>Salbei: Salbei ist von unvergleichlicher Wirkung auf die Sinne und die Haut. Wirkung auf die Haut: schwei\u00dfhemmend, wundheilend, durchblutungsf\u00f6rdernd, gegen fette und unreine Haut, Duft: anregend und ausgleichend, zugleich kr\u00e4ftigend. Die Seife produziert einen cremigen, reichhaltigen Schaum, das bringt eine angenehm zarte und saubere Nassrasur. Das Dufterlebnis wirkt anregend maskuline.<br \/>\nSandelholz wird als das heilige \u00d6l bezeichnet. Aus Indien stammender 8-10 m hoher Baum mit gelblichem Holz. Aus 100 kg Holz erh\u00e4lt man ca. 4 kg \u00e4therisches \u00d6l. Wirkung auf die Haut: antiseptisch, tonisierend, entz\u00fcndungdhemmend, Duft: aphrodisierend, harmonisierend, beruhigend. Die Seife produziert einen cremigen, reichhaltigen Schaum, das bringt eine angenehm zarte und saubere Nassrasur.<br \/>\nRingelblume: potassium stearate, sodium stearate, potassium cocoate, aqua (water), glycerin, sodium cocoate, sodium cocoyl glycinate, propylene glycol, calendula officinalis extract, parfum, arachis hypogaea (peanut) oil, myristic acid, lauric acid, coconut acid, lecithin, CI 77492, linalool, hexyl cinnamal, tetrasodium glutamate diacetate.<br \/>\n<div class=\"main-cross-sell\" data-asin=\"B07D5B3R5H\">\n\n\t<div class=\"WooZone-cross-sell-loader\">\n\t\t<div>\n\t\t\t<div id=\"floatingBarsG\">\n\t\t\t\t<div class=\"blockG\" id=\"rotateG_01\"><\/div>\n\t\t\t\t<div class=\"blockG\" id=\"rotateG_02\"><\/div>\n\t\t\t\t<div class=\"blockG\" id=\"rotateG_03\"><\/div>\n\t\t\t\t<div class=\"blockG\" id=\"rotateG_04\"><\/div>\n\t\t\t\t<div class=\"blockG\" id=\"rotateG_05\"><\/div>\n\t\t\t\t<div class=\"blockG\" id=\"rotateG_06\"><\/div>\n\t\t\t\t<div class=\"blockG\" id=\"rotateG_07\"><\/div>\n\t\t\t\t<div class=\"blockG\" id=\"rotateG_08\"><\/div>\n\t\t\t<\/div>\n\t\t\t<div class=\"WooZone-cross-sell-loader-text\"><\/div>\n\t\t<\/div>\n\t<\/div>\n\n\t\t\n<\/div>\n<div style=\"clear:both;\"><\/div><\/p>\n","protected":false},"excerpt":{"rendered":"<p>Salbei: Salbei ist von unvergleichlicher Wirkung auf die Sinne und die Haut. Wirkung auf die Haut: schwei\u00dfhemmend, wundheilend, durchblutungsf\u00f6rdernd, gegen fette und unreine Haut, Duft: anregend und ausgleichend, zugleich kr\u00e4ftigend. Die Seife produziert einen cremigen, reichhaltigen Schaum, das bringt eine angenehm zarte und saubere Nassrasur. Das Dufterlebnis wirkt anregend maskuline.<br \/>\nSandelholz wird als das heilige \u00d6l bezeichnet. Aus Indien stammender 8-10 m hoher Baum mit gelblichem Holz. Aus 100 kg Holz erh\u00e4lt man ca. 4 kg \u00e4therisches \u00d6l. Wirkung auf die Haut: antiseptisch, tonisierend, entz\u00fcndungdhemmend, Duft: aphrodisierend, harmonisierend, beruhigend. Die Seife produziert einen cremigen, reichhaltigen Schaum, das bringt eine angenehm zarte und saubere Nassrasur.<br \/>\nRingelblume: potassium stearate, sodium stearate, potassium cocoate, aqua (water), glycerin, sodium cocoate, sodium cocoyl glycinate, propylene glycol, calendula officinalis extract, parfum, arachis hypogaea (peanut) oil, myristic acid, lauric acid, coconut acid, lecithin, CI 77492, linalool, hexyl cinnamal, tetrasodium glutamate diacetate.<\/p>\n","protected":false},"featured_media":196804,"comment_status":"open","ping_status":"closed","template":"","meta":[],"product_brand":[],"product_cat":[566,6190],"product_tag":[],"class_list":{"0":"post-196803","1":"product","2":"type-product","3":"status-publish","4":"has-post-thumbnail","6":"product_cat-drogerie-koerperpflege","7":"product_cat-rasur-enthaarung","8":"pa_binding-badartikel","9":"pa_brand-haslinger","10":"pa_size-60-g-3er-pack","11":"pa_weight-0-3968320716-pfund","13":"first","14":"instock","15":"shipping-taxable","16":"purchasable","17":"product-type-simple","18":"customify-col","19":"product-has-gallery"},"yoast_head":"<!-- This site is optimized with the Yoast SEO plugin v27.3 - https:\/\/yoast.com\/product\/yoast-seo-wordpress\/ -->\n<title>3er Set Haslinger Rasierseife (Salbei, Sandelholz, Ringelblume) je 60 Gramm - Markt-XXL<\/title>\n<meta name=\"description\" content=\"Markt-XXL 3er Set Haslinger Rasierseife (Salbei, Sandelholz, Ringelblume) je 60 Gramm\" \/>\n<meta name=\"robots\" content=\"index, follow, max-snippet:-1, max-image-preview:large, max-video-preview:-1\" \/>\n<link rel=\"canonical\" href=\"https:\/\/marktxxl.de\/markt\/produkt\/3er-set-haslinger-rasierseife-salbei-sandelholz-ringelblume-je-60-gramm\/\" \/>\n<meta property=\"og:locale\" content=\"de_DE\" \/>\n<meta property=\"og:type\" content=\"article\" \/>\n<meta property=\"og:title\" content=\"3er Set Haslinger Rasierseife (Salbei, Sandelholz, Ringelblume) je 60 Gramm - Markt-XXL\" \/>\n<meta property=\"og:description\" content=\"Markt-XXL 3er Set Haslinger Rasierseife (Salbei, Sandelholz, Ringelblume) je 60 Gramm\" \/>\n<meta property=\"og:url\" content=\"https:\/\/marktxxl.de\/markt\/produkt\/3er-set-haslinger-rasierseife-salbei-sandelholz-ringelblume-je-60-gramm\/\" \/>\n<meta property=\"og:site_name\" content=\"Markt-XXL\" \/>\n<meta property=\"article:modified_time\" content=\"2023-04-08T03:03:47+00:00\" \/>\n<meta property=\"og:image\" content=\"https:\/\/m.media-amazon.com\/images\/I\/417vtKpkNgL._SL500_.jpg\" \/>\n\t<meta property=\"og:image:width\" content=\"500\" \/>\n\t<meta property=\"og:image:height\" content=\"346\" \/>\n\t<meta property=\"og:image:type\" content=\"image\/jpeg\" \/>\n<meta name=\"twitter:card\" content=\"summary_large_image\" \/>\n<meta name=\"twitter:label1\" content=\"Gesch\u00e4tzte Lesezeit\" \/>\n\t<meta name=\"twitter:data1\" content=\"1\u00a0Minute\" \/>\n<script type=\"application\/ld+json\" class=\"yoast-schema-graph\">{\"@context\":\"https:\\\/\\\/schema.org\",\"@graph\":[{\"@type\":\"WebPage\",\"@id\":\"https:\\\/\\\/marktxxl.de\\\/markt\\\/produkt\\\/3er-set-haslinger-rasierseife-salbei-sandelholz-ringelblume-je-60-gramm\\\/\",\"url\":\"https:\\\/\\\/marktxxl.de\\\/markt\\\/produkt\\\/3er-set-haslinger-rasierseife-salbei-sandelholz-ringelblume-je-60-gramm\\\/\",\"name\":\"3er Set Haslinger Rasierseife (Salbei, Sandelholz, Ringelblume) je 60 Gramm - Markt-XXL\",\"isPartOf\":{\"@id\":\"https:\\\/\\\/marktxxl.de\\\/markt\\\/#website\"},\"primaryImageOfPage\":{\"@id\":\"https:\\\/\\\/marktxxl.de\\\/markt\\\/produkt\\\/3er-set-haslinger-rasierseife-salbei-sandelholz-ringelblume-je-60-gramm\\\/#primaryimage\"},\"image\":{\"@id\":\"https:\\\/\\\/marktxxl.de\\\/markt\\\/produkt\\\/3er-set-haslinger-rasierseife-salbei-sandelholz-ringelblume-je-60-gramm\\\/#primaryimage\"},\"thumbnailUrl\":\"https:\\\/\\\/m.media-amazon.com\\\/images\\\/I\\\/417vtKpkNgL._SL500_.jpg\",\"datePublished\":\"2023-03-11T11:07:52+00:00\",\"dateModified\":\"2023-04-08T03:03:47+00:00\",\"description\":\"Markt-XXL 3er Set Haslinger Rasierseife (Salbei, Sandelholz, Ringelblume) je 60 Gramm\",\"breadcrumb\":{\"@id\":\"https:\\\/\\\/marktxxl.de\\\/markt\\\/produkt\\\/3er-set-haslinger-rasierseife-salbei-sandelholz-ringelblume-je-60-gramm\\\/#breadcrumb\"},\"inLanguage\":\"de\",\"potentialAction\":[{\"@type\":\"ReadAction\",\"target\":[\"https:\\\/\\\/marktxxl.de\\\/markt\\\/produkt\\\/3er-set-haslinger-rasierseife-salbei-sandelholz-ringelblume-je-60-gramm\\\/\"]}]},{\"@type\":\"ImageObject\",\"inLanguage\":\"de\",\"@id\":\"https:\\\/\\\/marktxxl.de\\\/markt\\\/produkt\\\/3er-set-haslinger-rasierseife-salbei-sandelholz-ringelblume-je-60-gramm\\\/#primaryimage\",\"url\":\"https:\\\/\\\/m.media-amazon.com\\\/images\\\/I\\\/417vtKpkNgL._SL500_.jpg\",\"contentUrl\":\"https:\\\/\\\/m.media-amazon.com\\\/images\\\/I\\\/417vtKpkNgL._SL500_.jpg\",\"width\":500,\"height\":346},{\"@type\":\"BreadcrumbList\",\"@id\":\"https:\\\/\\\/marktxxl.de\\\/markt\\\/produkt\\\/3er-set-haslinger-rasierseife-salbei-sandelholz-ringelblume-je-60-gramm\\\/#breadcrumb\",\"itemListElement\":[{\"@type\":\"ListItem\",\"position\":1,\"name\":\"Startseite\",\"item\":\"https:\\\/\\\/marktxxl.de\\\/markt\\\/\"},{\"@type\":\"ListItem\",\"position\":2,\"name\":\"Markt\",\"item\":\"https:\\\/\\\/marktxxl.de\\\/markt\\\/\"},{\"@type\":\"ListItem\",\"position\":3,\"name\":\"3er Set Haslinger Rasierseife (Salbei, Sandelholz, Ringelblume) je 60 Gramm\"}]},{\"@type\":\"WebSite\",\"@id\":\"https:\\\/\\\/marktxxl.de\\\/markt\\\/#website\",\"url\":\"https:\\\/\\\/marktxxl.de\\\/markt\\\/\",\"name\":\"Markt-XXL\",\"description\":\"Ihr Markt Online\",\"publisher\":{\"@id\":\"https:\\\/\\\/marktxxl.de\\\/markt\\\/#organization\"},\"potentialAction\":[{\"@type\":\"SearchAction\",\"target\":{\"@type\":\"EntryPoint\",\"urlTemplate\":\"https:\\\/\\\/marktxxl.de\\\/markt\\\/?s={search_term_string}\"},\"query-input\":{\"@type\":\"PropertyValueSpecification\",\"valueRequired\":true,\"valueName\":\"search_term_string\"}}],\"inLanguage\":\"de\"},{\"@type\":\"Organization\",\"@id\":\"https:\\\/\\\/marktxxl.de\\\/markt\\\/#organization\",\"name\":\"Markt-XXL\",\"url\":\"https:\\\/\\\/marktxxl.de\\\/markt\\\/\",\"logo\":{\"@type\":\"ImageObject\",\"inLanguage\":\"de\",\"@id\":\"https:\\\/\\\/marktxxl.de\\\/markt\\\/#\\\/schema\\\/logo\\\/image\\\/\",\"url\":\"https:\\\/\\\/marktxxl.de\\\/markt\\\/wp-content\\\/uploads\\\/sites\\\/3\\\/2020\\\/12\\\/logo.png\",\"contentUrl\":\"https:\\\/\\\/marktxxl.de\\\/markt\\\/wp-content\\\/uploads\\\/sites\\\/3\\\/2020\\\/12\\\/logo.png\",\"width\":200,\"height\":70,\"caption\":\"Markt-XXL\"},\"image\":{\"@id\":\"https:\\\/\\\/marktxxl.de\\\/markt\\\/#\\\/schema\\\/logo\\\/image\\\/\"}}]}<\/script>\n<!-- \/ Yoast SEO plugin. -->","yoast_head_json":{"title":"3er Set Haslinger Rasierseife (Salbei, Sandelholz, Ringelblume) je 60 Gramm - Markt-XXL","description":"Markt-XXL 3er Set Haslinger Rasierseife (Salbei, Sandelholz, Ringelblume) je 60 Gramm","robots":{"index":"index","follow":"follow","max-snippet":"max-snippet:-1","max-image-preview":"max-image-preview:large","max-video-preview":"max-video-preview:-1"},"canonical":"https:\/\/marktxxl.de\/markt\/produkt\/3er-set-haslinger-rasierseife-salbei-sandelholz-ringelblume-je-60-gramm\/","og_locale":"de_DE","og_type":"article","og_title":"3er Set Haslinger Rasierseife (Salbei, Sandelholz, Ringelblume) je 60 Gramm - Markt-XXL","og_description":"Markt-XXL 3er Set Haslinger Rasierseife (Salbei, Sandelholz, Ringelblume) je 60 Gramm","og_url":"https:\/\/marktxxl.de\/markt\/produkt\/3er-set-haslinger-rasierseife-salbei-sandelholz-ringelblume-je-60-gramm\/","og_site_name":"Markt-XXL","article_modified_time":"2023-04-08T03:03:47+00:00","og_image":[{"width":500,"height":346,"url":"https:\/\/m.media-amazon.com\/images\/I\/417vtKpkNgL._SL500_.jpg","type":"image\/jpeg"}],"twitter_card":"summary_large_image","twitter_misc":{"Gesch\u00e4tzte Lesezeit":"1\u00a0Minute"},"schema":{"@context":"https:\/\/schema.org","@graph":[{"@type":"WebPage","@id":"https:\/\/marktxxl.de\/markt\/produkt\/3er-set-haslinger-rasierseife-salbei-sandelholz-ringelblume-je-60-gramm\/","url":"https:\/\/marktxxl.de\/markt\/produkt\/3er-set-haslinger-rasierseife-salbei-sandelholz-ringelblume-je-60-gramm\/","name":"3er Set Haslinger Rasierseife (Salbei, Sandelholz, Ringelblume) je 60 Gramm - Markt-XXL","isPartOf":{"@id":"https:\/\/marktxxl.de\/markt\/#website"},"primaryImageOfPage":{"@id":"https:\/\/marktxxl.de\/markt\/produkt\/3er-set-haslinger-rasierseife-salbei-sandelholz-ringelblume-je-60-gramm\/#primaryimage"},"image":{"@id":"https:\/\/marktxxl.de\/markt\/produkt\/3er-set-haslinger-rasierseife-salbei-sandelholz-ringelblume-je-60-gramm\/#primaryimage"},"thumbnailUrl":"https:\/\/m.media-amazon.com\/images\/I\/417vtKpkNgL._SL500_.jpg","datePublished":"2023-03-11T11:07:52+00:00","dateModified":"2023-04-08T03:03:47+00:00","description":"Markt-XXL 3er Set Haslinger Rasierseife (Salbei, Sandelholz, Ringelblume) je 60 Gramm","breadcrumb":{"@id":"https:\/\/marktxxl.de\/markt\/produkt\/3er-set-haslinger-rasierseife-salbei-sandelholz-ringelblume-je-60-gramm\/#breadcrumb"},"inLanguage":"de","potentialAction":[{"@type":"ReadAction","target":["https:\/\/marktxxl.de\/markt\/produkt\/3er-set-haslinger-rasierseife-salbei-sandelholz-ringelblume-je-60-gramm\/"]}]},{"@type":"ImageObject","inLanguage":"de","@id":"https:\/\/marktxxl.de\/markt\/produkt\/3er-set-haslinger-rasierseife-salbei-sandelholz-ringelblume-je-60-gramm\/#primaryimage","url":"https:\/\/m.media-amazon.com\/images\/I\/417vtKpkNgL._SL500_.jpg","contentUrl":"https:\/\/m.media-amazon.com\/images\/I\/417vtKpkNgL._SL500_.jpg","width":500,"height":346},{"@type":"BreadcrumbList","@id":"https:\/\/marktxxl.de\/markt\/produkt\/3er-set-haslinger-rasierseife-salbei-sandelholz-ringelblume-je-60-gramm\/#breadcrumb","itemListElement":[{"@type":"ListItem","position":1,"name":"Startseite","item":"https:\/\/marktxxl.de\/markt\/"},{"@type":"ListItem","position":2,"name":"Markt","item":"https:\/\/marktxxl.de\/markt\/"},{"@type":"ListItem","position":3,"name":"3er Set Haslinger Rasierseife (Salbei, Sandelholz, Ringelblume) je 60 Gramm"}]},{"@type":"WebSite","@id":"https:\/\/marktxxl.de\/markt\/#website","url":"https:\/\/marktxxl.de\/markt\/","name":"Markt-XXL","description":"Ihr Markt Online","publisher":{"@id":"https:\/\/marktxxl.de\/markt\/#organization"},"potentialAction":[{"@type":"SearchAction","target":{"@type":"EntryPoint","urlTemplate":"https:\/\/marktxxl.de\/markt\/?s={search_term_string}"},"query-input":{"@type":"PropertyValueSpecification","valueRequired":true,"valueName":"search_term_string"}}],"inLanguage":"de"},{"@type":"Organization","@id":"https:\/\/marktxxl.de\/markt\/#organization","name":"Markt-XXL","url":"https:\/\/marktxxl.de\/markt\/","logo":{"@type":"ImageObject","inLanguage":"de","@id":"https:\/\/marktxxl.de\/markt\/#\/schema\/logo\/image\/","url":"https:\/\/marktxxl.de\/markt\/wp-content\/uploads\/sites\/3\/2020\/12\/logo.png","contentUrl":"https:\/\/marktxxl.de\/markt\/wp-content\/uploads\/sites\/3\/2020\/12\/logo.png","width":200,"height":70,"caption":"Markt-XXL"},"image":{"@id":"https:\/\/marktxxl.de\/markt\/#\/schema\/logo\/image\/"}}]}},"_links":{"self":[{"href":"https:\/\/marktxxl.de\/markt\/wp-json\/wp\/v2\/product\/196803","targetHints":{"allow":["GET"]}}],"collection":[{"href":"https:\/\/marktxxl.de\/markt\/wp-json\/wp\/v2\/product"}],"about":[{"href":"https:\/\/marktxxl.de\/markt\/wp-json\/wp\/v2\/types\/product"}],"replies":[{"embeddable":true,"href":"https:\/\/marktxxl.de\/markt\/wp-json\/wp\/v2\/comments?post=196803"}],"wp:featuredmedia":[{"embeddable":true,"href":"https:\/\/marktxxl.de\/markt\/wp-json\/wp\/v2\/media\/196804"}],"wp:attachment":[{"href":"https:\/\/marktxxl.de\/markt\/wp-json\/wp\/v2\/media?parent=196803"}],"wp:term":[{"taxonomy":"product_brand","embeddable":true,"href":"https:\/\/marktxxl.de\/markt\/wp-json\/wp\/v2\/product_brand?post=196803"},{"taxonomy":"product_cat","embeddable":true,"href":"https:\/\/marktxxl.de\/markt\/wp-json\/wp\/v2\/product_cat?post=196803"},{"taxonomy":"product_tag","embeddable":true,"href":"https:\/\/marktxxl.de\/markt\/wp-json\/wp\/v2\/product_tag?post=196803"}],"curies":[{"name":"wp","href":"https:\/\/api.w.org\/{rel}","templated":true}]}}