{"id":196790,"date":"2023-03-11T12:07:36","date_gmt":"2023-03-11T11:07:36","guid":{"rendered":"https:\/\/marktxxl.de\/markt\/produkt\/faude-spitzpinzette-fein-und-praezise-fuer-splitter-spreissel-dornen-und-eingewachsene-haare-edelstahl-10cm\/"},"modified":"2023-04-08T05:03:47","modified_gmt":"2023-04-08T03:03:47","slug":"faude-spitzpinzette-fein-und-praezise-fuer-splitter-spreissel-dornen-und-eingewachsene-haare-edelstahl-10cm","status":"publish","type":"product","link":"https:\/\/marktxxl.de\/markt\/produkt\/faude-spitzpinzette-fein-und-praezise-fuer-splitter-spreissel-dornen-und-eingewachsene-haare-edelstahl-10cm\/","title":{"rendered":"FAUDE Spitzpinzette fein und pr\u00e4zise f\u00fcr Splitter, Sprei\u00dfel, Dornen und eingewachsene Haare. Edelstahl 10cm (blau)"},"content":{"rendered":"<p>Perfekte Splitterpinzette &#8211; Zur Entfernung von Fremdk\u00f6rper jeder Art wie Splitter, Dornen, Metall- und Holzsprei\u00dfel, etc.<br \/>\nF\u00fcrs Haar \u2013 Auch einzelne, eingewachsene Haare die mit einer breiten Augenbrauenpinzette (schr\u00e4g oder gerade) nicht zu greifen sind, lassen sich problemlos mit dieser feinen Spitze zupfen.<br \/>\nFein und stabil \u2013 Die d\u00fcnne und dennoch kr\u00e4ftige Spitze erm\u00f6glicht das Entfernen auch tiefsitzender Splitter ohne anderen Hilfsmitteln wie z.B. einer Nadel und greift fest und sicher auch in z\u00e4he Hautgewebe wie z.B. im Daumen oder der Ferse.<br \/>\nPr\u00e4zise &#8211; Sauber verarbeitete und perfekt aufeinander ausgerichtete Spitzen sorgen f\u00fcr m\u00fcheloses Arbeiten auch im professionellen Bereich.<br \/>\nHochwertig \u2013 In Profi Qualit\u00e4t aus rostfreiem Edelstahl aufw\u00e4ndig gefertigt f\u00fcr eine lange Lebensdauer, zum desinfizieren und sterilisieren geeignet.<br \/>\n<div class=\"main-cross-sell\" data-asin=\"B09CNXLF4V\">\n\n\t<div class=\"WooZone-cross-sell-loader\">\n\t\t<div>\n\t\t\t<div id=\"floatingBarsG\">\n\t\t\t\t<div class=\"blockG\" id=\"rotateG_01\"><\/div>\n\t\t\t\t<div class=\"blockG\" id=\"rotateG_02\"><\/div>\n\t\t\t\t<div class=\"blockG\" id=\"rotateG_03\"><\/div>\n\t\t\t\t<div class=\"blockG\" id=\"rotateG_04\"><\/div>\n\t\t\t\t<div class=\"blockG\" id=\"rotateG_05\"><\/div>\n\t\t\t\t<div class=\"blockG\" id=\"rotateG_06\"><\/div>\n\t\t\t\t<div class=\"blockG\" id=\"rotateG_07\"><\/div>\n\t\t\t\t<div class=\"blockG\" id=\"rotateG_08\"><\/div>\n\t\t\t<\/div>\n\t\t\t<div class=\"WooZone-cross-sell-loader-text\"><\/div>\n\t\t<\/div>\n\t<\/div>\n\n\t\t\n<\/div>\n<div style=\"clear:both;\"><\/div><\/p>\n","protected":false},"excerpt":{"rendered":"<p>Perfekte Splitterpinzette &#8211; Zur Entfernung von Fremdk\u00f6rper jeder Art wie Splitter, Dornen, Metall- und Holzsprei\u00dfel, etc.<br \/>\nF\u00fcrs Haar \u2013 Auch einzelne, eingewachsene Haare die mit einer breiten Augenbrauenpinzette (schr\u00e4g oder gerade) nicht zu greifen sind, lassen sich problemlos mit dieser feinen Spitze zupfen.<br \/>\nFein und stabil \u2013 Die d\u00fcnne und dennoch kr\u00e4ftige Spitze erm\u00f6glicht das Entfernen auch tiefsitzender Splitter ohne anderen Hilfsmitteln wie z.B. einer Nadel und greift fest und sicher auch in z\u00e4he Hautgewebe wie z.B. im Daumen oder der Ferse.<\/p>\n","protected":false},"featured_media":196791,"comment_status":"open","ping_status":"closed","template":"","meta":[],"product_brand":[],"product_cat":[566,6190],"product_tag":[],"class_list":{"0":"post-196790","1":"product","2":"type-product","3":"status-publish","4":"has-post-thumbnail","6":"product_cat-drogerie-koerperpflege","7":"product_cat-rasur-enthaarung","8":"pa_brand-faude","9":"pa_manufacturer-faude","10":"pa_model-fe001r","12":"first","13":"instock","14":"shipping-taxable","15":"purchasable","16":"product-type-simple","17":"customify-col","18":"product-has-gallery"},"yoast_head":"<!-- This site is optimized with the Yoast SEO plugin v27.4 - https:\/\/yoast.com\/product\/yoast-seo-wordpress\/ -->\n<title>FAUDE Spitzpinzette fein und pr\u00e4zise f\u00fcr Splitter, Sprei\u00dfel, Dornen und eingewachsene Haare. Edelstahl 10cm (blau) - Markt-XXL<\/title>\n<meta name=\"description\" content=\"Markt-XXL FAUDE Spitzpinzette fein und pr\u00e4zise f\u00fcr Splitter, Sprei\u00dfel, Dornen und eingewachsene Haare. Edelstahl 10cm (blau)\" \/>\n<meta name=\"robots\" content=\"index, follow, max-snippet:-1, max-image-preview:large, max-video-preview:-1\" \/>\n<link rel=\"canonical\" href=\"https:\/\/marktxxl.de\/markt\/produkt\/faude-spitzpinzette-fein-und-praezise-fuer-splitter-spreissel-dornen-und-eingewachsene-haare-edelstahl-10cm\/\" \/>\n<meta property=\"og:locale\" content=\"de_DE\" \/>\n<meta property=\"og:type\" content=\"article\" \/>\n<meta property=\"og:title\" content=\"FAUDE Spitzpinzette fein und pr\u00e4zise f\u00fcr Splitter, Sprei\u00dfel, Dornen und eingewachsene Haare. Edelstahl 10cm (blau) - Markt-XXL\" \/>\n<meta property=\"og:description\" content=\"Markt-XXL FAUDE Spitzpinzette fein und pr\u00e4zise f\u00fcr Splitter, Sprei\u00dfel, Dornen und eingewachsene Haare. Edelstahl 10cm (blau)\" \/>\n<meta property=\"og:url\" content=\"https:\/\/marktxxl.de\/markt\/produkt\/faude-spitzpinzette-fein-und-praezise-fuer-splitter-spreissel-dornen-und-eingewachsene-haare-edelstahl-10cm\/\" \/>\n<meta property=\"og:site_name\" content=\"Markt-XXL\" \/>\n<meta property=\"article:modified_time\" content=\"2023-04-08T03:03:47+00:00\" \/>\n<meta property=\"og:image\" content=\"https:\/\/m.media-amazon.com\/images\/I\/31BCDx-iGyL._SL500_.jpg\" \/>\n\t<meta property=\"og:image:width\" content=\"500\" \/>\n\t<meta property=\"og:image:height\" content=\"334\" \/>\n\t<meta property=\"og:image:type\" content=\"image\/jpeg\" \/>\n<meta name=\"twitter:card\" content=\"summary_large_image\" \/>\n<meta name=\"twitter:label1\" content=\"Gesch\u00e4tzte Lesezeit\" \/>\n\t<meta name=\"twitter:data1\" content=\"1\u00a0Minute\" \/>\n<script type=\"application\/ld+json\" class=\"yoast-schema-graph\">{\"@context\":\"https:\\\/\\\/schema.org\",\"@graph\":[{\"@type\":\"WebPage\",\"@id\":\"https:\\\/\\\/marktxxl.de\\\/markt\\\/produkt\\\/faude-spitzpinzette-fein-und-praezise-fuer-splitter-spreissel-dornen-und-eingewachsene-haare-edelstahl-10cm\\\/\",\"url\":\"https:\\\/\\\/marktxxl.de\\\/markt\\\/produkt\\\/faude-spitzpinzette-fein-und-praezise-fuer-splitter-spreissel-dornen-und-eingewachsene-haare-edelstahl-10cm\\\/\",\"name\":\"FAUDE Spitzpinzette fein und pr\u00e4zise f\u00fcr Splitter, Sprei\u00dfel, Dornen und eingewachsene Haare. Edelstahl 10cm (blau) - Markt-XXL\",\"isPartOf\":{\"@id\":\"https:\\\/\\\/marktxxl.de\\\/markt\\\/#website\"},\"primaryImageOfPage\":{\"@id\":\"https:\\\/\\\/marktxxl.de\\\/markt\\\/produkt\\\/faude-spitzpinzette-fein-und-praezise-fuer-splitter-spreissel-dornen-und-eingewachsene-haare-edelstahl-10cm\\\/#primaryimage\"},\"image\":{\"@id\":\"https:\\\/\\\/marktxxl.de\\\/markt\\\/produkt\\\/faude-spitzpinzette-fein-und-praezise-fuer-splitter-spreissel-dornen-und-eingewachsene-haare-edelstahl-10cm\\\/#primaryimage\"},\"thumbnailUrl\":\"https:\\\/\\\/m.media-amazon.com\\\/images\\\/I\\\/31BCDx-iGyL._SL500_.jpg\",\"datePublished\":\"2023-03-11T11:07:36+00:00\",\"dateModified\":\"2023-04-08T03:03:47+00:00\",\"description\":\"Markt-XXL FAUDE Spitzpinzette fein und pr\u00e4zise f\u00fcr Splitter, Sprei\u00dfel, Dornen und eingewachsene Haare. Edelstahl 10cm (blau)\",\"breadcrumb\":{\"@id\":\"https:\\\/\\\/marktxxl.de\\\/markt\\\/produkt\\\/faude-spitzpinzette-fein-und-praezise-fuer-splitter-spreissel-dornen-und-eingewachsene-haare-edelstahl-10cm\\\/#breadcrumb\"},\"inLanguage\":\"de\",\"potentialAction\":[{\"@type\":\"ReadAction\",\"target\":[\"https:\\\/\\\/marktxxl.de\\\/markt\\\/produkt\\\/faude-spitzpinzette-fein-und-praezise-fuer-splitter-spreissel-dornen-und-eingewachsene-haare-edelstahl-10cm\\\/\"]}]},{\"@type\":\"ImageObject\",\"inLanguage\":\"de\",\"@id\":\"https:\\\/\\\/marktxxl.de\\\/markt\\\/produkt\\\/faude-spitzpinzette-fein-und-praezise-fuer-splitter-spreissel-dornen-und-eingewachsene-haare-edelstahl-10cm\\\/#primaryimage\",\"url\":\"https:\\\/\\\/m.media-amazon.com\\\/images\\\/I\\\/31BCDx-iGyL._SL500_.jpg\",\"contentUrl\":\"https:\\\/\\\/m.media-amazon.com\\\/images\\\/I\\\/31BCDx-iGyL._SL500_.jpg\",\"width\":500,\"height\":334},{\"@type\":\"BreadcrumbList\",\"@id\":\"https:\\\/\\\/marktxxl.de\\\/markt\\\/produkt\\\/faude-spitzpinzette-fein-und-praezise-fuer-splitter-spreissel-dornen-und-eingewachsene-haare-edelstahl-10cm\\\/#breadcrumb\",\"itemListElement\":[{\"@type\":\"ListItem\",\"position\":1,\"name\":\"Startseite\",\"item\":\"https:\\\/\\\/marktxxl.de\\\/markt\\\/\"},{\"@type\":\"ListItem\",\"position\":2,\"name\":\"Markt\",\"item\":\"https:\\\/\\\/marktxxl.de\\\/markt\\\/\"},{\"@type\":\"ListItem\",\"position\":3,\"name\":\"FAUDE Spitzpinzette fein und pr\u00e4zise f\u00fcr Splitter, Sprei\u00dfel, Dornen und eingewachsene Haare. Edelstahl 10cm (blau)\"}]},{\"@type\":\"WebSite\",\"@id\":\"https:\\\/\\\/marktxxl.de\\\/markt\\\/#website\",\"url\":\"https:\\\/\\\/marktxxl.de\\\/markt\\\/\",\"name\":\"Markt-XXL\",\"description\":\"Ihr Markt Online\",\"publisher\":{\"@id\":\"https:\\\/\\\/marktxxl.de\\\/markt\\\/#organization\"},\"potentialAction\":[{\"@type\":\"SearchAction\",\"target\":{\"@type\":\"EntryPoint\",\"urlTemplate\":\"https:\\\/\\\/marktxxl.de\\\/markt\\\/?s={search_term_string}\"},\"query-input\":{\"@type\":\"PropertyValueSpecification\",\"valueRequired\":true,\"valueName\":\"search_term_string\"}}],\"inLanguage\":\"de\"},{\"@type\":\"Organization\",\"@id\":\"https:\\\/\\\/marktxxl.de\\\/markt\\\/#organization\",\"name\":\"Markt-XXL\",\"url\":\"https:\\\/\\\/marktxxl.de\\\/markt\\\/\",\"logo\":{\"@type\":\"ImageObject\",\"inLanguage\":\"de\",\"@id\":\"https:\\\/\\\/marktxxl.de\\\/markt\\\/#\\\/schema\\\/logo\\\/image\\\/\",\"url\":\"https:\\\/\\\/marktxxl.de\\\/markt\\\/wp-content\\\/uploads\\\/sites\\\/3\\\/2020\\\/12\\\/logo.png\",\"contentUrl\":\"https:\\\/\\\/marktxxl.de\\\/markt\\\/wp-content\\\/uploads\\\/sites\\\/3\\\/2020\\\/12\\\/logo.png\",\"width\":200,\"height\":70,\"caption\":\"Markt-XXL\"},\"image\":{\"@id\":\"https:\\\/\\\/marktxxl.de\\\/markt\\\/#\\\/schema\\\/logo\\\/image\\\/\"}}]}<\/script>\n<!-- \/ Yoast SEO plugin. -->","yoast_head_json":{"title":"FAUDE Spitzpinzette fein und pr\u00e4zise f\u00fcr Splitter, Sprei\u00dfel, Dornen und eingewachsene Haare. Edelstahl 10cm (blau) - Markt-XXL","description":"Markt-XXL FAUDE Spitzpinzette fein und pr\u00e4zise f\u00fcr Splitter, Sprei\u00dfel, Dornen und eingewachsene Haare. Edelstahl 10cm (blau)","robots":{"index":"index","follow":"follow","max-snippet":"max-snippet:-1","max-image-preview":"max-image-preview:large","max-video-preview":"max-video-preview:-1"},"canonical":"https:\/\/marktxxl.de\/markt\/produkt\/faude-spitzpinzette-fein-und-praezise-fuer-splitter-spreissel-dornen-und-eingewachsene-haare-edelstahl-10cm\/","og_locale":"de_DE","og_type":"article","og_title":"FAUDE Spitzpinzette fein und pr\u00e4zise f\u00fcr Splitter, Sprei\u00dfel, Dornen und eingewachsene Haare. Edelstahl 10cm (blau) - Markt-XXL","og_description":"Markt-XXL FAUDE Spitzpinzette fein und pr\u00e4zise f\u00fcr Splitter, Sprei\u00dfel, Dornen und eingewachsene Haare. Edelstahl 10cm (blau)","og_url":"https:\/\/marktxxl.de\/markt\/produkt\/faude-spitzpinzette-fein-und-praezise-fuer-splitter-spreissel-dornen-und-eingewachsene-haare-edelstahl-10cm\/","og_site_name":"Markt-XXL","article_modified_time":"2023-04-08T03:03:47+00:00","og_image":[{"width":500,"height":334,"url":"https:\/\/m.media-amazon.com\/images\/I\/31BCDx-iGyL._SL500_.jpg","type":"image\/jpeg"}],"twitter_card":"summary_large_image","twitter_misc":{"Gesch\u00e4tzte Lesezeit":"1\u00a0Minute"},"schema":{"@context":"https:\/\/schema.org","@graph":[{"@type":"WebPage","@id":"https:\/\/marktxxl.de\/markt\/produkt\/faude-spitzpinzette-fein-und-praezise-fuer-splitter-spreissel-dornen-und-eingewachsene-haare-edelstahl-10cm\/","url":"https:\/\/marktxxl.de\/markt\/produkt\/faude-spitzpinzette-fein-und-praezise-fuer-splitter-spreissel-dornen-und-eingewachsene-haare-edelstahl-10cm\/","name":"FAUDE Spitzpinzette fein und pr\u00e4zise f\u00fcr Splitter, Sprei\u00dfel, Dornen und eingewachsene Haare. Edelstahl 10cm (blau) - Markt-XXL","isPartOf":{"@id":"https:\/\/marktxxl.de\/markt\/#website"},"primaryImageOfPage":{"@id":"https:\/\/marktxxl.de\/markt\/produkt\/faude-spitzpinzette-fein-und-praezise-fuer-splitter-spreissel-dornen-und-eingewachsene-haare-edelstahl-10cm\/#primaryimage"},"image":{"@id":"https:\/\/marktxxl.de\/markt\/produkt\/faude-spitzpinzette-fein-und-praezise-fuer-splitter-spreissel-dornen-und-eingewachsene-haare-edelstahl-10cm\/#primaryimage"},"thumbnailUrl":"https:\/\/m.media-amazon.com\/images\/I\/31BCDx-iGyL._SL500_.jpg","datePublished":"2023-03-11T11:07:36+00:00","dateModified":"2023-04-08T03:03:47+00:00","description":"Markt-XXL FAUDE Spitzpinzette fein und pr\u00e4zise f\u00fcr Splitter, Sprei\u00dfel, Dornen und eingewachsene Haare. Edelstahl 10cm (blau)","breadcrumb":{"@id":"https:\/\/marktxxl.de\/markt\/produkt\/faude-spitzpinzette-fein-und-praezise-fuer-splitter-spreissel-dornen-und-eingewachsene-haare-edelstahl-10cm\/#breadcrumb"},"inLanguage":"de","potentialAction":[{"@type":"ReadAction","target":["https:\/\/marktxxl.de\/markt\/produkt\/faude-spitzpinzette-fein-und-praezise-fuer-splitter-spreissel-dornen-und-eingewachsene-haare-edelstahl-10cm\/"]}]},{"@type":"ImageObject","inLanguage":"de","@id":"https:\/\/marktxxl.de\/markt\/produkt\/faude-spitzpinzette-fein-und-praezise-fuer-splitter-spreissel-dornen-und-eingewachsene-haare-edelstahl-10cm\/#primaryimage","url":"https:\/\/m.media-amazon.com\/images\/I\/31BCDx-iGyL._SL500_.jpg","contentUrl":"https:\/\/m.media-amazon.com\/images\/I\/31BCDx-iGyL._SL500_.jpg","width":500,"height":334},{"@type":"BreadcrumbList","@id":"https:\/\/marktxxl.de\/markt\/produkt\/faude-spitzpinzette-fein-und-praezise-fuer-splitter-spreissel-dornen-und-eingewachsene-haare-edelstahl-10cm\/#breadcrumb","itemListElement":[{"@type":"ListItem","position":1,"name":"Startseite","item":"https:\/\/marktxxl.de\/markt\/"},{"@type":"ListItem","position":2,"name":"Markt","item":"https:\/\/marktxxl.de\/markt\/"},{"@type":"ListItem","position":3,"name":"FAUDE Spitzpinzette fein und pr\u00e4zise f\u00fcr Splitter, Sprei\u00dfel, Dornen und eingewachsene Haare. Edelstahl 10cm (blau)"}]},{"@type":"WebSite","@id":"https:\/\/marktxxl.de\/markt\/#website","url":"https:\/\/marktxxl.de\/markt\/","name":"Markt-XXL","description":"Ihr Markt Online","publisher":{"@id":"https:\/\/marktxxl.de\/markt\/#organization"},"potentialAction":[{"@type":"SearchAction","target":{"@type":"EntryPoint","urlTemplate":"https:\/\/marktxxl.de\/markt\/?s={search_term_string}"},"query-input":{"@type":"PropertyValueSpecification","valueRequired":true,"valueName":"search_term_string"}}],"inLanguage":"de"},{"@type":"Organization","@id":"https:\/\/marktxxl.de\/markt\/#organization","name":"Markt-XXL","url":"https:\/\/marktxxl.de\/markt\/","logo":{"@type":"ImageObject","inLanguage":"de","@id":"https:\/\/marktxxl.de\/markt\/#\/schema\/logo\/image\/","url":"https:\/\/marktxxl.de\/markt\/wp-content\/uploads\/sites\/3\/2020\/12\/logo.png","contentUrl":"https:\/\/marktxxl.de\/markt\/wp-content\/uploads\/sites\/3\/2020\/12\/logo.png","width":200,"height":70,"caption":"Markt-XXL"},"image":{"@id":"https:\/\/marktxxl.de\/markt\/#\/schema\/logo\/image\/"}}]}},"_links":{"self":[{"href":"https:\/\/marktxxl.de\/markt\/wp-json\/wp\/v2\/product\/196790","targetHints":{"allow":["GET"]}}],"collection":[{"href":"https:\/\/marktxxl.de\/markt\/wp-json\/wp\/v2\/product"}],"about":[{"href":"https:\/\/marktxxl.de\/markt\/wp-json\/wp\/v2\/types\/product"}],"replies":[{"embeddable":true,"href":"https:\/\/marktxxl.de\/markt\/wp-json\/wp\/v2\/comments?post=196790"}],"wp:featuredmedia":[{"embeddable":true,"href":"https:\/\/marktxxl.de\/markt\/wp-json\/wp\/v2\/media\/196791"}],"wp:attachment":[{"href":"https:\/\/marktxxl.de\/markt\/wp-json\/wp\/v2\/media?parent=196790"}],"wp:term":[{"taxonomy":"product_brand","embeddable":true,"href":"https:\/\/marktxxl.de\/markt\/wp-json\/wp\/v2\/product_brand?post=196790"},{"taxonomy":"product_cat","embeddable":true,"href":"https:\/\/marktxxl.de\/markt\/wp-json\/wp\/v2\/product_cat?post=196790"},{"taxonomy":"product_tag","embeddable":true,"href":"https:\/\/marktxxl.de\/markt\/wp-json\/wp\/v2\/product_tag?post=196790"}],"curies":[{"name":"wp","href":"https:\/\/api.w.org\/{rel}","templated":true}]}}