{"id":196650,"date":"2023-03-11T11:49:32","date_gmt":"2023-03-11T10:49:32","guid":{"rendered":"https:\/\/marktxxl.de\/markt\/produkt\/airewsa-goldene-haarschneideschere-professionelle-edelstahl-premium-schere-fuer-haarschneiden-fuer-zuhause-175-cm-friseurschere-fuer-maenner-frauen-erwachsene-kinder\/"},"modified":"2023-04-11T05:32:18","modified_gmt":"2023-04-11T03:32:18","slug":"airewsa-goldene-haarschneideschere-professionelle-edelstahl-premium-schere-fuer-haarschneiden-fuer-zuhause-175-cm-friseurschere-fuer-maenner-frauen-erwachsene-kinder","status":"publish","type":"product","link":"https:\/\/marktxxl.de\/markt\/produkt\/airewsa-goldene-haarschneideschere-professionelle-edelstahl-premium-schere-fuer-haarschneiden-fuer-zuhause-175-cm-friseurschere-fuer-maenner-frauen-erwachsene-kinder\/","title":{"rendered":"Airewsa Goldene Haarschneideschere, professionelle Edelstahl-Premium-Schere f\u00fcr Haarschneiden f\u00fcr Zuhause, 17,5 cm\u2026"},"content":{"rendered":"<p>Hochwertige Haarschere: Die richtige Schere ist aus 4RC-Edelstahl. Der Stahl wird mit Metallkomponenten wie Kobalt,Molybd\u00e4n,Vanadium,Mangan usw. hinzugef\u00fcgt und hat 200 Grad Hochtemperatur-Vakuum Abschreckung und -195 Grad K\u00e4ltebehandlung unterzogen, was die H\u00e4rte und Z\u00e4higkeit des Stahls stark erh\u00f6ht und auf gew\u00e4hrleisten die beste Ausf\u00fchrung. und machen sie dauerhaft ausdauernd.<br \/>\nErgonomisches Design: Das Griffteil ist aus weichem Edelstahl, so dass es rund und exquisit ist, entspricht ergonomischem Design und angenehm zu halten ist. Die professionelle Rasierschere ist perfekt f\u00fcr Salonarbeiter, Friseure und den pers\u00f6nlichen Gebrauch. Die besonders handliche Griffkonfiguration erm\u00f6glicht es der Schere die Finger zu st\u00fctzen und unweigerlich eine bestimmte Frisur zu vermitteln<br \/>\nHervorragende Leistung: Der professionelle Rasierkanten-Haarschnitt ist 17,5 cm lang, gesch\u00fctzt und einfach zu bedienen, geeignet f\u00fcr M\u00e4nner, Frauen, \u00e4ltere Menschen, Jugendliche und Kinder. Unsere Scheren haben eine glatte Edelstahl-Oberfl\u00e4che, die unordentliche Haare reduzieren kann, da sich keine Haare in der Mitte des Trimmens befinden und allm\u00e4hliche Schneidkanten, die sich v\u00f6llig von anderen verf\u00fcgbaren Haarschnitten und Haarreduzierungsscheren unterscheiden. Muss f\u00fcr Friseure. Salons und Friseure.<br \/>\nScharf, glatt und effizient: Eine perfekte Haarschneideschere f\u00fcr alle Haartypen, eine scharfe Klinge kann Haare leicht und gleichm\u00e4\u00dfig schneiden. Wird die Enden des Haares nicht besch\u00e4digen oder spalten, die hohe H\u00e4rte der Schere ist f\u00fcr alle nassen und trockenen Haare geeignet. Ausgestattet mit einer Einstellschraube, k\u00f6nnen Sie diese scharfe Haarschneideschere m\u00fchelos auf Ihren Wunsch der Spannung einstellen.<br \/>\nEinfach zu sch\u00fctzen: Nach Gebrauch bitte die Schere abwischen. Am besten eine d\u00fcnne Schicht Schmier\u00f6l auftragen und in die Aufbewahrungsbox legen. Denken Sie daran, die Schere vor dem n\u00e4chsten Gebrauch sauber zu wischen.<br \/>\n<div class=\"main-cross-sell\" data-asin=\"B09B2G6Y9K\">\n\n\t<div class=\"WooZone-cross-sell-loader\">\n\t\t<div>\n\t\t\t<div id=\"floatingBarsG\">\n\t\t\t\t<div class=\"blockG\" id=\"rotateG_01\"><\/div>\n\t\t\t\t<div class=\"blockG\" id=\"rotateG_02\"><\/div>\n\t\t\t\t<div class=\"blockG\" id=\"rotateG_03\"><\/div>\n\t\t\t\t<div class=\"blockG\" id=\"rotateG_04\"><\/div>\n\t\t\t\t<div class=\"blockG\" id=\"rotateG_05\"><\/div>\n\t\t\t\t<div class=\"blockG\" id=\"rotateG_06\"><\/div>\n\t\t\t\t<div class=\"blockG\" id=\"rotateG_07\"><\/div>\n\t\t\t\t<div class=\"blockG\" id=\"rotateG_08\"><\/div>\n\t\t\t<\/div>\n\t\t\t<div class=\"WooZone-cross-sell-loader-text\"><\/div>\n\t\t<\/div>\n\t<\/div>\n\n\t\t\n<\/div>\n<div style=\"clear:both;\"><\/div><\/p>\n","protected":false},"excerpt":{"rendered":"<p>Hochwertige Haarschere: Die richtige Schere ist aus 4RC-Edelstahl. Der Stahl wird mit Metallkomponenten wie Kobalt,Molybd\u00e4n,Vanadium,Mangan usw. hinzugef\u00fcgt und hat 200 Grad Hochtemperatur-Vakuum Abschreckung und -195 Grad K\u00e4ltebehandlung unterzogen, was die H\u00e4rte und Z\u00e4higkeit des Stahls stark erh\u00f6ht und auf gew\u00e4hrleisten die beste Ausf\u00fchrung. und machen sie dauerhaft ausdauernd.<br \/>\nErgonomisches Design: Das Griffteil ist aus weichem Edelstahl, so dass es rund und exquisit ist, entspricht ergonomischem Design und angenehm zu halten ist. Die professionelle Rasierschere ist perfekt f\u00fcr Salonarbeiter, Friseure und den pers\u00f6nlichen Gebrauch. Die besonders handliche Griffkonfiguration erm\u00f6glicht es der Schere die Finger zu st\u00fctzen und unweigerlich eine bestimmte Frisur zu vermitteln<br \/>\nHervorragende Leistung: Der professionelle Rasierkanten-Haarschnitt ist 17,5 cm lang, gesch\u00fctzt und einfach zu bedienen, geeignet f\u00fcr M\u00e4nner, Frauen, \u00e4ltere Menschen, Jugendliche und Kinder. Unsere Scheren haben eine glatte Edelstahl-Oberfl\u00e4che, die unordentliche Haare reduzieren kann, da sich keine Haare in der Mitte des Trimmens befinden und allm\u00e4hliche Schneidkanten, die sich v\u00f6llig von anderen verf\u00fcgbaren Haarschnitten und Haarreduzierungsscheren unterscheiden. Muss f\u00fcr Friseure. Salons und Friseure.<\/p>\n","protected":false},"featured_media":196651,"comment_status":"open","ping_status":"closed","template":"","meta":[],"product_brand":[],"product_cat":[566,6190],"product_tag":[],"class_list":{"0":"post-196650","1":"product","2":"type-product","3":"status-publish","4":"has-post-thumbnail","6":"product_cat-drogerie-koerperpflege","7":"product_cat-rasur-enthaarung","8":"pa_binding-werkzeug","9":"pa_brand-airewsa","10":"pa_color-gold","11":"pa_manufacturer-airewsa","13":"first","14":"instock","15":"shipping-taxable","16":"purchasable","17":"product-type-simple","18":"customify-col","19":"product-has-gallery"},"yoast_head":"<!-- This site is optimized with the Yoast SEO plugin v27.3 - https:\/\/yoast.com\/product\/yoast-seo-wordpress\/ -->\n<title>Airewsa Goldene Haarschneideschere, professionelle Edelstahl-Premium-Schere f\u00fcr Haarschneiden f\u00fcr Zuhause, 17,5 cm\u2026 - Markt-XXL<\/title>\n<meta name=\"description\" content=\"Markt-XXL Airewsa Goldene Haarschneideschere, professionelle Edelstahl-Premium-Schere f\u00fcr Haarschneiden f\u00fcr Zuhause, 17,5 cm\u2026\" \/>\n<meta name=\"robots\" content=\"index, follow, max-snippet:-1, max-image-preview:large, max-video-preview:-1\" \/>\n<link rel=\"canonical\" href=\"https:\/\/marktxxl.de\/markt\/produkt\/airewsa-goldene-haarschneideschere-professionelle-edelstahl-premium-schere-fuer-haarschneiden-fuer-zuhause-175-cm-friseurschere-fuer-maenner-frauen-erwachsene-kinder\/\" \/>\n<meta property=\"og:locale\" content=\"de_DE\" \/>\n<meta property=\"og:type\" content=\"article\" \/>\n<meta property=\"og:title\" content=\"Airewsa Goldene Haarschneideschere, professionelle Edelstahl-Premium-Schere f\u00fcr Haarschneiden f\u00fcr Zuhause, 17,5 cm\u2026 - Markt-XXL\" \/>\n<meta property=\"og:description\" content=\"Markt-XXL Airewsa Goldene Haarschneideschere, professionelle Edelstahl-Premium-Schere f\u00fcr Haarschneiden f\u00fcr Zuhause, 17,5 cm\u2026\" \/>\n<meta property=\"og:url\" content=\"https:\/\/marktxxl.de\/markt\/produkt\/airewsa-goldene-haarschneideschere-professionelle-edelstahl-premium-schere-fuer-haarschneiden-fuer-zuhause-175-cm-friseurschere-fuer-maenner-frauen-erwachsene-kinder\/\" \/>\n<meta property=\"og:site_name\" content=\"Markt-XXL\" \/>\n<meta property=\"article:modified_time\" content=\"2023-04-11T03:32:18+00:00\" \/>\n<meta property=\"og:image\" content=\"https:\/\/m.media-amazon.com\/images\/I\/31xhD4M4xyL._SL500_.jpg\" \/>\n\t<meta property=\"og:image:width\" content=\"500\" \/>\n\t<meta property=\"og:image:height\" content=\"500\" \/>\n\t<meta property=\"og:image:type\" content=\"image\/jpeg\" \/>\n<meta name=\"twitter:card\" content=\"summary_large_image\" \/>\n<meta name=\"twitter:label1\" content=\"Gesch\u00e4tzte Lesezeit\" \/>\n\t<meta name=\"twitter:data1\" content=\"1\u00a0Minute\" \/>\n<script type=\"application\/ld+json\" class=\"yoast-schema-graph\">{\"@context\":\"https:\\\/\\\/schema.org\",\"@graph\":[{\"@type\":\"WebPage\",\"@id\":\"https:\\\/\\\/marktxxl.de\\\/markt\\\/produkt\\\/airewsa-goldene-haarschneideschere-professionelle-edelstahl-premium-schere-fuer-haarschneiden-fuer-zuhause-175-cm-friseurschere-fuer-maenner-frauen-erwachsene-kinder\\\/\",\"url\":\"https:\\\/\\\/marktxxl.de\\\/markt\\\/produkt\\\/airewsa-goldene-haarschneideschere-professionelle-edelstahl-premium-schere-fuer-haarschneiden-fuer-zuhause-175-cm-friseurschere-fuer-maenner-frauen-erwachsene-kinder\\\/\",\"name\":\"Airewsa Goldene Haarschneideschere, professionelle Edelstahl-Premium-Schere f\u00fcr Haarschneiden f\u00fcr Zuhause, 17,5 cm\u2026 - Markt-XXL\",\"isPartOf\":{\"@id\":\"https:\\\/\\\/marktxxl.de\\\/markt\\\/#website\"},\"primaryImageOfPage\":{\"@id\":\"https:\\\/\\\/marktxxl.de\\\/markt\\\/produkt\\\/airewsa-goldene-haarschneideschere-professionelle-edelstahl-premium-schere-fuer-haarschneiden-fuer-zuhause-175-cm-friseurschere-fuer-maenner-frauen-erwachsene-kinder\\\/#primaryimage\"},\"image\":{\"@id\":\"https:\\\/\\\/marktxxl.de\\\/markt\\\/produkt\\\/airewsa-goldene-haarschneideschere-professionelle-edelstahl-premium-schere-fuer-haarschneiden-fuer-zuhause-175-cm-friseurschere-fuer-maenner-frauen-erwachsene-kinder\\\/#primaryimage\"},\"thumbnailUrl\":\"https:\\\/\\\/m.media-amazon.com\\\/images\\\/I\\\/31xhD4M4xyL._SL500_.jpg\",\"datePublished\":\"2023-03-11T10:49:32+00:00\",\"dateModified\":\"2023-04-11T03:32:18+00:00\",\"description\":\"Markt-XXL Airewsa Goldene Haarschneideschere, professionelle Edelstahl-Premium-Schere f\u00fcr Haarschneiden f\u00fcr Zuhause, 17,5 cm\u2026\",\"breadcrumb\":{\"@id\":\"https:\\\/\\\/marktxxl.de\\\/markt\\\/produkt\\\/airewsa-goldene-haarschneideschere-professionelle-edelstahl-premium-schere-fuer-haarschneiden-fuer-zuhause-175-cm-friseurschere-fuer-maenner-frauen-erwachsene-kinder\\\/#breadcrumb\"},\"inLanguage\":\"de\",\"potentialAction\":[{\"@type\":\"ReadAction\",\"target\":[\"https:\\\/\\\/marktxxl.de\\\/markt\\\/produkt\\\/airewsa-goldene-haarschneideschere-professionelle-edelstahl-premium-schere-fuer-haarschneiden-fuer-zuhause-175-cm-friseurschere-fuer-maenner-frauen-erwachsene-kinder\\\/\"]}]},{\"@type\":\"ImageObject\",\"inLanguage\":\"de\",\"@id\":\"https:\\\/\\\/marktxxl.de\\\/markt\\\/produkt\\\/airewsa-goldene-haarschneideschere-professionelle-edelstahl-premium-schere-fuer-haarschneiden-fuer-zuhause-175-cm-friseurschere-fuer-maenner-frauen-erwachsene-kinder\\\/#primaryimage\",\"url\":\"https:\\\/\\\/m.media-amazon.com\\\/images\\\/I\\\/31xhD4M4xyL._SL500_.jpg\",\"contentUrl\":\"https:\\\/\\\/m.media-amazon.com\\\/images\\\/I\\\/31xhD4M4xyL._SL500_.jpg\",\"width\":500,\"height\":500},{\"@type\":\"BreadcrumbList\",\"@id\":\"https:\\\/\\\/marktxxl.de\\\/markt\\\/produkt\\\/airewsa-goldene-haarschneideschere-professionelle-edelstahl-premium-schere-fuer-haarschneiden-fuer-zuhause-175-cm-friseurschere-fuer-maenner-frauen-erwachsene-kinder\\\/#breadcrumb\",\"itemListElement\":[{\"@type\":\"ListItem\",\"position\":1,\"name\":\"Startseite\",\"item\":\"https:\\\/\\\/marktxxl.de\\\/markt\\\/\"},{\"@type\":\"ListItem\",\"position\":2,\"name\":\"Markt\",\"item\":\"https:\\\/\\\/marktxxl.de\\\/markt\\\/\"},{\"@type\":\"ListItem\",\"position\":3,\"name\":\"Airewsa Goldene Haarschneideschere, professionelle Edelstahl-Premium-Schere f\u00fcr Haarschneiden f\u00fcr Zuhause, 17,5 cm\u2026\"}]},{\"@type\":\"WebSite\",\"@id\":\"https:\\\/\\\/marktxxl.de\\\/markt\\\/#website\",\"url\":\"https:\\\/\\\/marktxxl.de\\\/markt\\\/\",\"name\":\"Markt-XXL\",\"description\":\"Ihr Markt Online\",\"publisher\":{\"@id\":\"https:\\\/\\\/marktxxl.de\\\/markt\\\/#organization\"},\"potentialAction\":[{\"@type\":\"SearchAction\",\"target\":{\"@type\":\"EntryPoint\",\"urlTemplate\":\"https:\\\/\\\/marktxxl.de\\\/markt\\\/?s={search_term_string}\"},\"query-input\":{\"@type\":\"PropertyValueSpecification\",\"valueRequired\":true,\"valueName\":\"search_term_string\"}}],\"inLanguage\":\"de\"},{\"@type\":\"Organization\",\"@id\":\"https:\\\/\\\/marktxxl.de\\\/markt\\\/#organization\",\"name\":\"Markt-XXL\",\"url\":\"https:\\\/\\\/marktxxl.de\\\/markt\\\/\",\"logo\":{\"@type\":\"ImageObject\",\"inLanguage\":\"de\",\"@id\":\"https:\\\/\\\/marktxxl.de\\\/markt\\\/#\\\/schema\\\/logo\\\/image\\\/\",\"url\":\"https:\\\/\\\/marktxxl.de\\\/markt\\\/wp-content\\\/uploads\\\/sites\\\/3\\\/2020\\\/12\\\/logo.png\",\"contentUrl\":\"https:\\\/\\\/marktxxl.de\\\/markt\\\/wp-content\\\/uploads\\\/sites\\\/3\\\/2020\\\/12\\\/logo.png\",\"width\":200,\"height\":70,\"caption\":\"Markt-XXL\"},\"image\":{\"@id\":\"https:\\\/\\\/marktxxl.de\\\/markt\\\/#\\\/schema\\\/logo\\\/image\\\/\"}}]}<\/script>\n<!-- \/ Yoast SEO plugin. -->","yoast_head_json":{"title":"Airewsa Goldene Haarschneideschere, professionelle Edelstahl-Premium-Schere f\u00fcr Haarschneiden f\u00fcr Zuhause, 17,5 cm\u2026 - Markt-XXL","description":"Markt-XXL Airewsa Goldene Haarschneideschere, professionelle Edelstahl-Premium-Schere f\u00fcr Haarschneiden f\u00fcr Zuhause, 17,5 cm\u2026","robots":{"index":"index","follow":"follow","max-snippet":"max-snippet:-1","max-image-preview":"max-image-preview:large","max-video-preview":"max-video-preview:-1"},"canonical":"https:\/\/marktxxl.de\/markt\/produkt\/airewsa-goldene-haarschneideschere-professionelle-edelstahl-premium-schere-fuer-haarschneiden-fuer-zuhause-175-cm-friseurschere-fuer-maenner-frauen-erwachsene-kinder\/","og_locale":"de_DE","og_type":"article","og_title":"Airewsa Goldene Haarschneideschere, professionelle Edelstahl-Premium-Schere f\u00fcr Haarschneiden f\u00fcr Zuhause, 17,5 cm\u2026 - Markt-XXL","og_description":"Markt-XXL Airewsa Goldene Haarschneideschere, professionelle Edelstahl-Premium-Schere f\u00fcr Haarschneiden f\u00fcr Zuhause, 17,5 cm\u2026","og_url":"https:\/\/marktxxl.de\/markt\/produkt\/airewsa-goldene-haarschneideschere-professionelle-edelstahl-premium-schere-fuer-haarschneiden-fuer-zuhause-175-cm-friseurschere-fuer-maenner-frauen-erwachsene-kinder\/","og_site_name":"Markt-XXL","article_modified_time":"2023-04-11T03:32:18+00:00","og_image":[{"width":500,"height":500,"url":"https:\/\/m.media-amazon.com\/images\/I\/31xhD4M4xyL._SL500_.jpg","type":"image\/jpeg"}],"twitter_card":"summary_large_image","twitter_misc":{"Gesch\u00e4tzte Lesezeit":"1\u00a0Minute"},"schema":{"@context":"https:\/\/schema.org","@graph":[{"@type":"WebPage","@id":"https:\/\/marktxxl.de\/markt\/produkt\/airewsa-goldene-haarschneideschere-professionelle-edelstahl-premium-schere-fuer-haarschneiden-fuer-zuhause-175-cm-friseurschere-fuer-maenner-frauen-erwachsene-kinder\/","url":"https:\/\/marktxxl.de\/markt\/produkt\/airewsa-goldene-haarschneideschere-professionelle-edelstahl-premium-schere-fuer-haarschneiden-fuer-zuhause-175-cm-friseurschere-fuer-maenner-frauen-erwachsene-kinder\/","name":"Airewsa Goldene Haarschneideschere, professionelle Edelstahl-Premium-Schere f\u00fcr Haarschneiden f\u00fcr Zuhause, 17,5 cm\u2026 - Markt-XXL","isPartOf":{"@id":"https:\/\/marktxxl.de\/markt\/#website"},"primaryImageOfPage":{"@id":"https:\/\/marktxxl.de\/markt\/produkt\/airewsa-goldene-haarschneideschere-professionelle-edelstahl-premium-schere-fuer-haarschneiden-fuer-zuhause-175-cm-friseurschere-fuer-maenner-frauen-erwachsene-kinder\/#primaryimage"},"image":{"@id":"https:\/\/marktxxl.de\/markt\/produkt\/airewsa-goldene-haarschneideschere-professionelle-edelstahl-premium-schere-fuer-haarschneiden-fuer-zuhause-175-cm-friseurschere-fuer-maenner-frauen-erwachsene-kinder\/#primaryimage"},"thumbnailUrl":"https:\/\/m.media-amazon.com\/images\/I\/31xhD4M4xyL._SL500_.jpg","datePublished":"2023-03-11T10:49:32+00:00","dateModified":"2023-04-11T03:32:18+00:00","description":"Markt-XXL Airewsa Goldene Haarschneideschere, professionelle Edelstahl-Premium-Schere f\u00fcr Haarschneiden f\u00fcr Zuhause, 17,5 cm\u2026","breadcrumb":{"@id":"https:\/\/marktxxl.de\/markt\/produkt\/airewsa-goldene-haarschneideschere-professionelle-edelstahl-premium-schere-fuer-haarschneiden-fuer-zuhause-175-cm-friseurschere-fuer-maenner-frauen-erwachsene-kinder\/#breadcrumb"},"inLanguage":"de","potentialAction":[{"@type":"ReadAction","target":["https:\/\/marktxxl.de\/markt\/produkt\/airewsa-goldene-haarschneideschere-professionelle-edelstahl-premium-schere-fuer-haarschneiden-fuer-zuhause-175-cm-friseurschere-fuer-maenner-frauen-erwachsene-kinder\/"]}]},{"@type":"ImageObject","inLanguage":"de","@id":"https:\/\/marktxxl.de\/markt\/produkt\/airewsa-goldene-haarschneideschere-professionelle-edelstahl-premium-schere-fuer-haarschneiden-fuer-zuhause-175-cm-friseurschere-fuer-maenner-frauen-erwachsene-kinder\/#primaryimage","url":"https:\/\/m.media-amazon.com\/images\/I\/31xhD4M4xyL._SL500_.jpg","contentUrl":"https:\/\/m.media-amazon.com\/images\/I\/31xhD4M4xyL._SL500_.jpg","width":500,"height":500},{"@type":"BreadcrumbList","@id":"https:\/\/marktxxl.de\/markt\/produkt\/airewsa-goldene-haarschneideschere-professionelle-edelstahl-premium-schere-fuer-haarschneiden-fuer-zuhause-175-cm-friseurschere-fuer-maenner-frauen-erwachsene-kinder\/#breadcrumb","itemListElement":[{"@type":"ListItem","position":1,"name":"Startseite","item":"https:\/\/marktxxl.de\/markt\/"},{"@type":"ListItem","position":2,"name":"Markt","item":"https:\/\/marktxxl.de\/markt\/"},{"@type":"ListItem","position":3,"name":"Airewsa Goldene Haarschneideschere, professionelle Edelstahl-Premium-Schere f\u00fcr Haarschneiden f\u00fcr Zuhause, 17,5 cm\u2026"}]},{"@type":"WebSite","@id":"https:\/\/marktxxl.de\/markt\/#website","url":"https:\/\/marktxxl.de\/markt\/","name":"Markt-XXL","description":"Ihr Markt Online","publisher":{"@id":"https:\/\/marktxxl.de\/markt\/#organization"},"potentialAction":[{"@type":"SearchAction","target":{"@type":"EntryPoint","urlTemplate":"https:\/\/marktxxl.de\/markt\/?s={search_term_string}"},"query-input":{"@type":"PropertyValueSpecification","valueRequired":true,"valueName":"search_term_string"}}],"inLanguage":"de"},{"@type":"Organization","@id":"https:\/\/marktxxl.de\/markt\/#organization","name":"Markt-XXL","url":"https:\/\/marktxxl.de\/markt\/","logo":{"@type":"ImageObject","inLanguage":"de","@id":"https:\/\/marktxxl.de\/markt\/#\/schema\/logo\/image\/","url":"https:\/\/marktxxl.de\/markt\/wp-content\/uploads\/sites\/3\/2020\/12\/logo.png","contentUrl":"https:\/\/marktxxl.de\/markt\/wp-content\/uploads\/sites\/3\/2020\/12\/logo.png","width":200,"height":70,"caption":"Markt-XXL"},"image":{"@id":"https:\/\/marktxxl.de\/markt\/#\/schema\/logo\/image\/"}}]}},"_links":{"self":[{"href":"https:\/\/marktxxl.de\/markt\/wp-json\/wp\/v2\/product\/196650","targetHints":{"allow":["GET"]}}],"collection":[{"href":"https:\/\/marktxxl.de\/markt\/wp-json\/wp\/v2\/product"}],"about":[{"href":"https:\/\/marktxxl.de\/markt\/wp-json\/wp\/v2\/types\/product"}],"replies":[{"embeddable":true,"href":"https:\/\/marktxxl.de\/markt\/wp-json\/wp\/v2\/comments?post=196650"}],"wp:featuredmedia":[{"embeddable":true,"href":"https:\/\/marktxxl.de\/markt\/wp-json\/wp\/v2\/media\/196651"}],"wp:attachment":[{"href":"https:\/\/marktxxl.de\/markt\/wp-json\/wp\/v2\/media?parent=196650"}],"wp:term":[{"taxonomy":"product_brand","embeddable":true,"href":"https:\/\/marktxxl.de\/markt\/wp-json\/wp\/v2\/product_brand?post=196650"},{"taxonomy":"product_cat","embeddable":true,"href":"https:\/\/marktxxl.de\/markt\/wp-json\/wp\/v2\/product_cat?post=196650"},{"taxonomy":"product_tag","embeddable":true,"href":"https:\/\/marktxxl.de\/markt\/wp-json\/wp\/v2\/product_tag?post=196650"}],"curies":[{"name":"wp","href":"https:\/\/api.w.org\/{rel}","templated":true}]}}