{"id":196562,"date":"2023-03-11T11:28:53","date_gmt":"2023-03-11T10:28:53","guid":{"rendered":"https:\/\/marktxxl.de\/markt\/produkt\/dreamegg-white-noise-machine-d11max-einschlafhilfe-babys-erwachsene-portable-white-noise-machine-baby-usb-weisses-rauschen-soundmaschine-mit-super-akku-21-beruhigende-klaenge-sound-machine-adult\/"},"modified":"2023-04-11T05:32:16","modified_gmt":"2023-04-11T03:32:16","slug":"dreamegg-white-noise-machine-d11max-einschlafhilfe-babys-erwachsene-portable-white-noise-machine-baby-usb-weisses-rauschen-soundmaschine-mit-super-akku-21-beruhigende-klaenge-sound-machine-adult","status":"publish","type":"product","link":"https:\/\/marktxxl.de\/markt\/produkt\/dreamegg-white-noise-machine-d11max-einschlafhilfe-babys-erwachsene-portable-white-noise-machine-baby-usb-weisses-rauschen-soundmaschine-mit-super-akku-21-beruhigende-klaenge-sound-machine-adult\/","title":{"rendered":"Dreamegg White Noise Machine &#8211; D11Max Einschlafhilfe Babys Erwachsene, Portable White Noise Machine Baby USB, Wei\u00dfes\u2026"},"content":{"rendered":"<p>\ud83d\udd0b\u3010USB aufladbar und Super Dauer\u3011Sind Sie besorgt, dass Ihnen die Batterien ausgehen, wenn Sie (mit Ihrem Baby) unterwegs sind, auf einer Reise oder beim Camping? Machen Sie sich dar\u00fcber keine Sorgen. Im Vergleich zu \u00e4hnlichen White Noise Machine auf dem Markt l\u00e4sst sich das verbesserte D11 Max sound machine in nur 3 Stunden \u00fcber den USB-C-Anschluss vollst\u00e4ndig aufladen und kann \u00fcber 60 Stunden lang ununterbrochen genutzt werden (mittlere und geringe Lautst\u00e4rke). Sch\u00f6ner Klang ohne Ende<br \/>\n\ud83d\udc5c\u3010Ihr tragbarer Klangversch\u00f6nerer\u3011Die D11 Max White Noise Machine ist klein und leicht genug, um problemlos in eine Tragetasche, einen Kinderwagen oder sogar eine Hosentasche zu passen, das zus\u00e4tzliche Trageband und die Schlaufe erleichtern das Tragen und k\u00f6nnen mit einem Finger eingehakt werden, solange sie dort sind ist eine Stange oder ein Loch. Kann h\u00e4ngen. Keine Sorge mehr, mit zu vielen Dingen zum Tragen auszugehen, Ihr schlaftrainer wird Ihnen \u00fcberallhin folgen<br \/>\n\ud83d\ude34\u3010Schlaf- und Konzentrationshelfer\u3011Wissenschafter haben bewiesen, dass wei\u00dfes Rauschen das allgemeine Erregungsniveau und den Bewusstseinszustand von Menschen ver\u00e4ndern und Rauschen reduzieren kann, wodurch mann besser schlafen und konzentieren kann. D11 Max White Noise Machine verf\u00fcgt \u00fcber insgesamt 21 Kl\u00e4nge(Spieluhr, wei\u00dfes rauschen, baby shusher, meeresrauschen, f\u00f6hnger\u00e4usch baby, schlummer, Wiegenlied usw.), die Ihnen helfen, besser zu lernen, zu arbeiten und einzuschlafen.<br \/>\n\u23f2\u3010Timer &amp; Memory Funktion\u3011Einfach zu bedienen, aber mega Erlebnis. Alles ist selbsterkl\u00e4rend. Der Ton kann f\u00fcr 30, 60 und 90 Minuten eingestellt werden und wird am Ende der Zeit automatisch leiser, anstatt pl\u00f6tzlich zu stoppen.Der Startvorgang wird automatisch im selben Modus wie beim letzten Ausschalten fortgesetzt, ein erneutes Einstellen ist nicht erforderlich, gleichzeitig gibt es eine Anti-Unfall-Taste, um pl\u00f6tzliche Unterbrechungen beim Fokussieren oder Schlaf.<br \/>\n\ud83c\udf81\u3010Hervorragende Geschenkidee und Klangterapie \u3011 Schlaf ist wichtig f\u00fcr das Wachstum von Babys und Kindern, f\u00fcr Erwachsene zu arbeiten und zu studieren, f\u00fcr die Ruhe und die Gesundheit der \u00e4lteren Menschen, wenn noch unter Ber\u00fccksichtigung Geschenke f\u00fcr Familie und Freunde, einen sch\u00f6nen Schlaf und gesunde Umgebung ist definitiv eine gute Wahl<br \/>\n<div class=\"main-cross-sell\" data-asin=\"B0B7JBC6XX\">\n\n\t<div class=\"WooZone-cross-sell-loader\">\n\t\t<div>\n\t\t\t<div id=\"floatingBarsG\">\n\t\t\t\t<div class=\"blockG\" id=\"rotateG_01\"><\/div>\n\t\t\t\t<div class=\"blockG\" id=\"rotateG_02\"><\/div>\n\t\t\t\t<div class=\"blockG\" id=\"rotateG_03\"><\/div>\n\t\t\t\t<div class=\"blockG\" id=\"rotateG_04\"><\/div>\n\t\t\t\t<div class=\"blockG\" id=\"rotateG_05\"><\/div>\n\t\t\t\t<div class=\"blockG\" id=\"rotateG_06\"><\/div>\n\t\t\t\t<div class=\"blockG\" id=\"rotateG_07\"><\/div>\n\t\t\t\t<div class=\"blockG\" id=\"rotateG_08\"><\/div>\n\t\t\t<\/div>\n\t\t\t<div class=\"WooZone-cross-sell-loader-text\"><\/div>\n\t\t<\/div>\n\t<\/div>\n\n\t\t\n<\/div>\n<div style=\"clear:both;\"><\/div><\/p>\n","protected":false},"excerpt":{"rendered":"<p>\ud83d\udd0b\u3010USB aufladbar und Super Dauer\u3011Sind Sie besorgt, dass Ihnen die Batterien ausgehen, wenn Sie (mit Ihrem Baby) unterwegs sind, auf einer Reise oder beim Camping? Machen Sie sich dar\u00fcber keine Sorgen. Im Vergleich zu \u00e4hnlichen White Noise Machine auf dem Markt l\u00e4sst sich das verbesserte D11 Max sound machine in nur 3 Stunden \u00fcber den USB-C-Anschluss vollst\u00e4ndig aufladen und kann \u00fcber 60 Stunden lang ununterbrochen genutzt werden (mittlere und geringe Lautst\u00e4rke). Sch\u00f6ner Klang ohne Ende<br \/>\n\ud83d\udc5c\u3010Ihr tragbarer Klangversch\u00f6nerer\u3011Die D11 Max White Noise Machine ist klein und leicht genug, um problemlos in eine Tragetasche, einen Kinderwagen oder sogar eine Hosentasche zu passen, das zus\u00e4tzliche Trageband und die Schlaufe erleichtern das Tragen und k\u00f6nnen mit einem Finger eingehakt werden, solange sie dort sind ist eine Stange oder ein Loch. Kann h\u00e4ngen. Keine Sorge mehr, mit zu vielen Dingen zum Tragen auszugehen, Ihr schlaftrainer wird Ihnen \u00fcberallhin folgen<br \/>\n\ud83d\ude34\u3010Schlaf- und Konzentrationshelfer\u3011Wissenschafter haben bewiesen, dass wei\u00dfes Rauschen das allgemeine Erregungsniveau und den Bewusstseinszustand von Menschen ver\u00e4ndern und Rauschen reduzieren kann, wodurch mann besser schlafen und konzentieren kann. D11 Max White Noise Machine verf\u00fcgt \u00fcber insgesamt 21 Kl\u00e4nge(Spieluhr, wei\u00dfes rauschen, baby shusher, meeresrauschen, f\u00f6hnger\u00e4usch baby, schlummer, Wiegenlied usw.), die Ihnen helfen, besser zu lernen, zu arbeiten und einzuschlafen.<\/p>\n","protected":false},"featured_media":196563,"comment_status":"open","ping_status":"closed","template":"","meta":[],"product_brand":[],"product_cat":[566,6496],"product_tag":[],"class_list":{"0":"post-196562","1":"product","2":"type-product","3":"status-publish","4":"has-post-thumbnail","6":"product_cat-drogerie-koerperpflege","7":"product_cat-wellness","8":"pa_brand-dreamegg","9":"pa_color-weiss","10":"pa_height-1-8503936989-zoll","11":"pa_length-4-0944881848-zoll","12":"pa_manufacturer-dreamegg","13":"pa_weight-0-4299014109-pfund","14":"pa_width-3-7007873978-zoll","16":"first","17":"instock","18":"shipping-taxable","19":"purchasable","20":"product-type-simple","21":"customify-col","22":"product-has-gallery"},"yoast_head":"<!-- This site is optimized with the Yoast SEO plugin v27.4 - https:\/\/yoast.com\/product\/yoast-seo-wordpress\/ -->\n<title>Dreamegg White Noise Machine - D11Max Einschlafhilfe Babys Erwachsene, Portable White Noise Machine Baby USB, Wei\u00dfes\u2026 - Markt-XXL<\/title>\n<meta name=\"description\" content=\"Markt-XXL Dreamegg White Noise Machine - D11Max Einschlafhilfe Babys Erwachsene, Portable White Noise Machine Baby USB, Wei\u00dfes\u2026\" \/>\n<meta name=\"robots\" content=\"index, follow, max-snippet:-1, max-image-preview:large, max-video-preview:-1\" \/>\n<link rel=\"canonical\" href=\"https:\/\/marktxxl.de\/markt\/produkt\/dreamegg-white-noise-machine-d11max-einschlafhilfe-babys-erwachsene-portable-white-noise-machine-baby-usb-weisses-rauschen-soundmaschine-mit-super-akku-21-beruhigende-klaenge-sound-machine-adult\/\" \/>\n<meta property=\"og:locale\" content=\"de_DE\" \/>\n<meta property=\"og:type\" content=\"article\" \/>\n<meta property=\"og:title\" content=\"Dreamegg White Noise Machine - D11Max Einschlafhilfe Babys Erwachsene, Portable White Noise Machine Baby USB, Wei\u00dfes\u2026 - Markt-XXL\" \/>\n<meta property=\"og:description\" content=\"Markt-XXL Dreamegg White Noise Machine - D11Max Einschlafhilfe Babys Erwachsene, Portable White Noise Machine Baby USB, Wei\u00dfes\u2026\" \/>\n<meta property=\"og:url\" content=\"https:\/\/marktxxl.de\/markt\/produkt\/dreamegg-white-noise-machine-d11max-einschlafhilfe-babys-erwachsene-portable-white-noise-machine-baby-usb-weisses-rauschen-soundmaschine-mit-super-akku-21-beruhigende-klaenge-sound-machine-adult\/\" \/>\n<meta property=\"og:site_name\" content=\"Markt-XXL\" \/>\n<meta property=\"article:modified_time\" content=\"2023-04-11T03:32:16+00:00\" \/>\n<meta property=\"og:image\" content=\"https:\/\/m.media-amazon.com\/images\/I\/51Ek3DpCc8L._SL500_.jpg\" \/>\n\t<meta property=\"og:image:width\" content=\"500\" \/>\n\t<meta property=\"og:image:height\" content=\"500\" \/>\n\t<meta property=\"og:image:type\" content=\"image\/jpeg\" \/>\n<meta name=\"twitter:card\" content=\"summary_large_image\" \/>\n<meta name=\"twitter:label1\" content=\"Gesch\u00e4tzte Lesezeit\" \/>\n\t<meta name=\"twitter:data1\" content=\"2\u00a0Minuten\" \/>\n<script type=\"application\/ld+json\" class=\"yoast-schema-graph\">{\"@context\":\"https:\\\/\\\/schema.org\",\"@graph\":[{\"@type\":\"WebPage\",\"@id\":\"https:\\\/\\\/marktxxl.de\\\/markt\\\/produkt\\\/dreamegg-white-noise-machine-d11max-einschlafhilfe-babys-erwachsene-portable-white-noise-machine-baby-usb-weisses-rauschen-soundmaschine-mit-super-akku-21-beruhigende-klaenge-sound-machine-adult\\\/\",\"url\":\"https:\\\/\\\/marktxxl.de\\\/markt\\\/produkt\\\/dreamegg-white-noise-machine-d11max-einschlafhilfe-babys-erwachsene-portable-white-noise-machine-baby-usb-weisses-rauschen-soundmaschine-mit-super-akku-21-beruhigende-klaenge-sound-machine-adult\\\/\",\"name\":\"Dreamegg White Noise Machine - D11Max Einschlafhilfe Babys Erwachsene, Portable White Noise Machine Baby USB, Wei\u00dfes\u2026 - Markt-XXL\",\"isPartOf\":{\"@id\":\"https:\\\/\\\/marktxxl.de\\\/markt\\\/#website\"},\"primaryImageOfPage\":{\"@id\":\"https:\\\/\\\/marktxxl.de\\\/markt\\\/produkt\\\/dreamegg-white-noise-machine-d11max-einschlafhilfe-babys-erwachsene-portable-white-noise-machine-baby-usb-weisses-rauschen-soundmaschine-mit-super-akku-21-beruhigende-klaenge-sound-machine-adult\\\/#primaryimage\"},\"image\":{\"@id\":\"https:\\\/\\\/marktxxl.de\\\/markt\\\/produkt\\\/dreamegg-white-noise-machine-d11max-einschlafhilfe-babys-erwachsene-portable-white-noise-machine-baby-usb-weisses-rauschen-soundmaschine-mit-super-akku-21-beruhigende-klaenge-sound-machine-adult\\\/#primaryimage\"},\"thumbnailUrl\":\"https:\\\/\\\/m.media-amazon.com\\\/images\\\/I\\\/51Ek3DpCc8L._SL500_.jpg\",\"datePublished\":\"2023-03-11T10:28:53+00:00\",\"dateModified\":\"2023-04-11T03:32:16+00:00\",\"description\":\"Markt-XXL Dreamegg White Noise Machine - D11Max Einschlafhilfe Babys Erwachsene, Portable White Noise Machine Baby USB, Wei\u00dfes\u2026\",\"breadcrumb\":{\"@id\":\"https:\\\/\\\/marktxxl.de\\\/markt\\\/produkt\\\/dreamegg-white-noise-machine-d11max-einschlafhilfe-babys-erwachsene-portable-white-noise-machine-baby-usb-weisses-rauschen-soundmaschine-mit-super-akku-21-beruhigende-klaenge-sound-machine-adult\\\/#breadcrumb\"},\"inLanguage\":\"de\",\"potentialAction\":[{\"@type\":\"ReadAction\",\"target\":[\"https:\\\/\\\/marktxxl.de\\\/markt\\\/produkt\\\/dreamegg-white-noise-machine-d11max-einschlafhilfe-babys-erwachsene-portable-white-noise-machine-baby-usb-weisses-rauschen-soundmaschine-mit-super-akku-21-beruhigende-klaenge-sound-machine-adult\\\/\"]}]},{\"@type\":\"ImageObject\",\"inLanguage\":\"de\",\"@id\":\"https:\\\/\\\/marktxxl.de\\\/markt\\\/produkt\\\/dreamegg-white-noise-machine-d11max-einschlafhilfe-babys-erwachsene-portable-white-noise-machine-baby-usb-weisses-rauschen-soundmaschine-mit-super-akku-21-beruhigende-klaenge-sound-machine-adult\\\/#primaryimage\",\"url\":\"https:\\\/\\\/m.media-amazon.com\\\/images\\\/I\\\/51Ek3DpCc8L._SL500_.jpg\",\"contentUrl\":\"https:\\\/\\\/m.media-amazon.com\\\/images\\\/I\\\/51Ek3DpCc8L._SL500_.jpg\",\"width\":500,\"height\":500},{\"@type\":\"BreadcrumbList\",\"@id\":\"https:\\\/\\\/marktxxl.de\\\/markt\\\/produkt\\\/dreamegg-white-noise-machine-d11max-einschlafhilfe-babys-erwachsene-portable-white-noise-machine-baby-usb-weisses-rauschen-soundmaschine-mit-super-akku-21-beruhigende-klaenge-sound-machine-adult\\\/#breadcrumb\",\"itemListElement\":[{\"@type\":\"ListItem\",\"position\":1,\"name\":\"Startseite\",\"item\":\"https:\\\/\\\/marktxxl.de\\\/markt\\\/\"},{\"@type\":\"ListItem\",\"position\":2,\"name\":\"Markt\",\"item\":\"https:\\\/\\\/marktxxl.de\\\/markt\\\/\"},{\"@type\":\"ListItem\",\"position\":3,\"name\":\"Dreamegg White Noise Machine &#8211; D11Max Einschlafhilfe Babys Erwachsene, Portable White Noise Machine Baby USB, Wei\u00dfes\u2026\"}]},{\"@type\":\"WebSite\",\"@id\":\"https:\\\/\\\/marktxxl.de\\\/markt\\\/#website\",\"url\":\"https:\\\/\\\/marktxxl.de\\\/markt\\\/\",\"name\":\"Markt-XXL\",\"description\":\"Ihr Markt Online\",\"publisher\":{\"@id\":\"https:\\\/\\\/marktxxl.de\\\/markt\\\/#organization\"},\"potentialAction\":[{\"@type\":\"SearchAction\",\"target\":{\"@type\":\"EntryPoint\",\"urlTemplate\":\"https:\\\/\\\/marktxxl.de\\\/markt\\\/?s={search_term_string}\"},\"query-input\":{\"@type\":\"PropertyValueSpecification\",\"valueRequired\":true,\"valueName\":\"search_term_string\"}}],\"inLanguage\":\"de\"},{\"@type\":\"Organization\",\"@id\":\"https:\\\/\\\/marktxxl.de\\\/markt\\\/#organization\",\"name\":\"Markt-XXL\",\"url\":\"https:\\\/\\\/marktxxl.de\\\/markt\\\/\",\"logo\":{\"@type\":\"ImageObject\",\"inLanguage\":\"de\",\"@id\":\"https:\\\/\\\/marktxxl.de\\\/markt\\\/#\\\/schema\\\/logo\\\/image\\\/\",\"url\":\"https:\\\/\\\/marktxxl.de\\\/markt\\\/wp-content\\\/uploads\\\/sites\\\/3\\\/2020\\\/12\\\/logo.png\",\"contentUrl\":\"https:\\\/\\\/marktxxl.de\\\/markt\\\/wp-content\\\/uploads\\\/sites\\\/3\\\/2020\\\/12\\\/logo.png\",\"width\":200,\"height\":70,\"caption\":\"Markt-XXL\"},\"image\":{\"@id\":\"https:\\\/\\\/marktxxl.de\\\/markt\\\/#\\\/schema\\\/logo\\\/image\\\/\"}}]}<\/script>\n<!-- \/ Yoast SEO plugin. -->","yoast_head_json":{"title":"Dreamegg White Noise Machine - D11Max Einschlafhilfe Babys Erwachsene, Portable White Noise Machine Baby USB, Wei\u00dfes\u2026 - Markt-XXL","description":"Markt-XXL Dreamegg White Noise Machine - D11Max Einschlafhilfe Babys Erwachsene, Portable White Noise Machine Baby USB, Wei\u00dfes\u2026","robots":{"index":"index","follow":"follow","max-snippet":"max-snippet:-1","max-image-preview":"max-image-preview:large","max-video-preview":"max-video-preview:-1"},"canonical":"https:\/\/marktxxl.de\/markt\/produkt\/dreamegg-white-noise-machine-d11max-einschlafhilfe-babys-erwachsene-portable-white-noise-machine-baby-usb-weisses-rauschen-soundmaschine-mit-super-akku-21-beruhigende-klaenge-sound-machine-adult\/","og_locale":"de_DE","og_type":"article","og_title":"Dreamegg White Noise Machine - D11Max Einschlafhilfe Babys Erwachsene, Portable White Noise Machine Baby USB, Wei\u00dfes\u2026 - Markt-XXL","og_description":"Markt-XXL Dreamegg White Noise Machine - D11Max Einschlafhilfe Babys Erwachsene, Portable White Noise Machine Baby USB, Wei\u00dfes\u2026","og_url":"https:\/\/marktxxl.de\/markt\/produkt\/dreamegg-white-noise-machine-d11max-einschlafhilfe-babys-erwachsene-portable-white-noise-machine-baby-usb-weisses-rauschen-soundmaschine-mit-super-akku-21-beruhigende-klaenge-sound-machine-adult\/","og_site_name":"Markt-XXL","article_modified_time":"2023-04-11T03:32:16+00:00","og_image":[{"width":500,"height":500,"url":"https:\/\/m.media-amazon.com\/images\/I\/51Ek3DpCc8L._SL500_.jpg","type":"image\/jpeg"}],"twitter_card":"summary_large_image","twitter_misc":{"Gesch\u00e4tzte Lesezeit":"2\u00a0Minuten"},"schema":{"@context":"https:\/\/schema.org","@graph":[{"@type":"WebPage","@id":"https:\/\/marktxxl.de\/markt\/produkt\/dreamegg-white-noise-machine-d11max-einschlafhilfe-babys-erwachsene-portable-white-noise-machine-baby-usb-weisses-rauschen-soundmaschine-mit-super-akku-21-beruhigende-klaenge-sound-machine-adult\/","url":"https:\/\/marktxxl.de\/markt\/produkt\/dreamegg-white-noise-machine-d11max-einschlafhilfe-babys-erwachsene-portable-white-noise-machine-baby-usb-weisses-rauschen-soundmaschine-mit-super-akku-21-beruhigende-klaenge-sound-machine-adult\/","name":"Dreamegg White Noise Machine - D11Max Einschlafhilfe Babys Erwachsene, Portable White Noise Machine Baby USB, Wei\u00dfes\u2026 - Markt-XXL","isPartOf":{"@id":"https:\/\/marktxxl.de\/markt\/#website"},"primaryImageOfPage":{"@id":"https:\/\/marktxxl.de\/markt\/produkt\/dreamegg-white-noise-machine-d11max-einschlafhilfe-babys-erwachsene-portable-white-noise-machine-baby-usb-weisses-rauschen-soundmaschine-mit-super-akku-21-beruhigende-klaenge-sound-machine-adult\/#primaryimage"},"image":{"@id":"https:\/\/marktxxl.de\/markt\/produkt\/dreamegg-white-noise-machine-d11max-einschlafhilfe-babys-erwachsene-portable-white-noise-machine-baby-usb-weisses-rauschen-soundmaschine-mit-super-akku-21-beruhigende-klaenge-sound-machine-adult\/#primaryimage"},"thumbnailUrl":"https:\/\/m.media-amazon.com\/images\/I\/51Ek3DpCc8L._SL500_.jpg","datePublished":"2023-03-11T10:28:53+00:00","dateModified":"2023-04-11T03:32:16+00:00","description":"Markt-XXL Dreamegg White Noise Machine - D11Max Einschlafhilfe Babys Erwachsene, Portable White Noise Machine Baby USB, Wei\u00dfes\u2026","breadcrumb":{"@id":"https:\/\/marktxxl.de\/markt\/produkt\/dreamegg-white-noise-machine-d11max-einschlafhilfe-babys-erwachsene-portable-white-noise-machine-baby-usb-weisses-rauschen-soundmaschine-mit-super-akku-21-beruhigende-klaenge-sound-machine-adult\/#breadcrumb"},"inLanguage":"de","potentialAction":[{"@type":"ReadAction","target":["https:\/\/marktxxl.de\/markt\/produkt\/dreamegg-white-noise-machine-d11max-einschlafhilfe-babys-erwachsene-portable-white-noise-machine-baby-usb-weisses-rauschen-soundmaschine-mit-super-akku-21-beruhigende-klaenge-sound-machine-adult\/"]}]},{"@type":"ImageObject","inLanguage":"de","@id":"https:\/\/marktxxl.de\/markt\/produkt\/dreamegg-white-noise-machine-d11max-einschlafhilfe-babys-erwachsene-portable-white-noise-machine-baby-usb-weisses-rauschen-soundmaschine-mit-super-akku-21-beruhigende-klaenge-sound-machine-adult\/#primaryimage","url":"https:\/\/m.media-amazon.com\/images\/I\/51Ek3DpCc8L._SL500_.jpg","contentUrl":"https:\/\/m.media-amazon.com\/images\/I\/51Ek3DpCc8L._SL500_.jpg","width":500,"height":500},{"@type":"BreadcrumbList","@id":"https:\/\/marktxxl.de\/markt\/produkt\/dreamegg-white-noise-machine-d11max-einschlafhilfe-babys-erwachsene-portable-white-noise-machine-baby-usb-weisses-rauschen-soundmaschine-mit-super-akku-21-beruhigende-klaenge-sound-machine-adult\/#breadcrumb","itemListElement":[{"@type":"ListItem","position":1,"name":"Startseite","item":"https:\/\/marktxxl.de\/markt\/"},{"@type":"ListItem","position":2,"name":"Markt","item":"https:\/\/marktxxl.de\/markt\/"},{"@type":"ListItem","position":3,"name":"Dreamegg White Noise Machine &#8211; D11Max Einschlafhilfe Babys Erwachsene, Portable White Noise Machine Baby USB, Wei\u00dfes\u2026"}]},{"@type":"WebSite","@id":"https:\/\/marktxxl.de\/markt\/#website","url":"https:\/\/marktxxl.de\/markt\/","name":"Markt-XXL","description":"Ihr Markt Online","publisher":{"@id":"https:\/\/marktxxl.de\/markt\/#organization"},"potentialAction":[{"@type":"SearchAction","target":{"@type":"EntryPoint","urlTemplate":"https:\/\/marktxxl.de\/markt\/?s={search_term_string}"},"query-input":{"@type":"PropertyValueSpecification","valueRequired":true,"valueName":"search_term_string"}}],"inLanguage":"de"},{"@type":"Organization","@id":"https:\/\/marktxxl.de\/markt\/#organization","name":"Markt-XXL","url":"https:\/\/marktxxl.de\/markt\/","logo":{"@type":"ImageObject","inLanguage":"de","@id":"https:\/\/marktxxl.de\/markt\/#\/schema\/logo\/image\/","url":"https:\/\/marktxxl.de\/markt\/wp-content\/uploads\/sites\/3\/2020\/12\/logo.png","contentUrl":"https:\/\/marktxxl.de\/markt\/wp-content\/uploads\/sites\/3\/2020\/12\/logo.png","width":200,"height":70,"caption":"Markt-XXL"},"image":{"@id":"https:\/\/marktxxl.de\/markt\/#\/schema\/logo\/image\/"}}]}},"_links":{"self":[{"href":"https:\/\/marktxxl.de\/markt\/wp-json\/wp\/v2\/product\/196562","targetHints":{"allow":["GET"]}}],"collection":[{"href":"https:\/\/marktxxl.de\/markt\/wp-json\/wp\/v2\/product"}],"about":[{"href":"https:\/\/marktxxl.de\/markt\/wp-json\/wp\/v2\/types\/product"}],"replies":[{"embeddable":true,"href":"https:\/\/marktxxl.de\/markt\/wp-json\/wp\/v2\/comments?post=196562"}],"wp:featuredmedia":[{"embeddable":true,"href":"https:\/\/marktxxl.de\/markt\/wp-json\/wp\/v2\/media\/196563"}],"wp:attachment":[{"href":"https:\/\/marktxxl.de\/markt\/wp-json\/wp\/v2\/media?parent=196562"}],"wp:term":[{"taxonomy":"product_brand","embeddable":true,"href":"https:\/\/marktxxl.de\/markt\/wp-json\/wp\/v2\/product_brand?post=196562"},{"taxonomy":"product_cat","embeddable":true,"href":"https:\/\/marktxxl.de\/markt\/wp-json\/wp\/v2\/product_cat?post=196562"},{"taxonomy":"product_tag","embeddable":true,"href":"https:\/\/marktxxl.de\/markt\/wp-json\/wp\/v2\/product_tag?post=196562"}],"curies":[{"name":"wp","href":"https:\/\/api.w.org\/{rel}","templated":true}]}}