{"id":196557,"date":"2023-03-11T11:28:46","date_gmt":"2023-03-11T10:28:46","guid":{"rendered":"https:\/\/marktxxl.de\/markt\/produkt\/primavera-aetherisches-oel-rosengeranie-bio-5-ml-aromaoel-duftoel-aromatherapie-ausgleichend-regenerierend-vegan\/"},"modified":"2023-04-11T05:32:16","modified_gmt":"2023-04-11T03:32:16","slug":"primavera-aetherisches-oel-rosengeranie-bio-5-ml-aromaoel-duftoel-aromatherapie-ausgleichend-regenerierend-vegan","status":"publish","type":"product","link":"https:\/\/marktxxl.de\/markt\/produkt\/primavera-aetherisches-oel-rosengeranie-bio-5-ml-aromaoel-duftoel-aromatherapie-ausgleichend-regenerierend-vegan\/","title":{"rendered":"PRIMAVERA \u00c4therisches \u00d6l Rosengeranie bio 5 ml &#8211; Aroma\u00f6l, Duft\u00f6l, Aromatherapie &#8211; ausgleichend, regenerierend &#8211; vegan"},"content":{"rendered":"<p>Das warm-rosig-blumig duftende \u00e4therische \u00d6l der Rosengeranie ist ein Rosengeranie bringt Balance und Ausgleich in &#8220;stressigen&#8221; Zeiten. Es wirkt harmonisierend und ist besonders hautfreundlich.<br \/>\nKosmetikum zur Aromapflege der Haut. Max. 15 Tropfen in 50 ml PRIMAVERA Mandel\u00f6l bio mischen.<br \/>\n100% NATUR: PRIMAVERA setzt bei seinen Rezepturen auf naturreine und biologische Inhaltsstoffe. F\u00fcr die Herstellung werden Lebensmittel-Emulgatoren und ausschlie\u00dflich nat\u00fcrliche Duft-, Farb- und Konservierungsstoffen verwendet. Natur Pur.<br \/>\nH\u00d6CHSTE QUALIT\u00c4T: Die hohen Qualit\u00e4tsanspr\u00fcche von PRIMAVERA stehen in jedem Produktionsschritt an erster Stelle. Dies beginnt bei der Reinheit aller Inhaltsstoffe, welche mit gro\u00dfer Sorgfalt direkt ausgew\u00e4hlt und verarbeitet werden.<br \/>\nGROSSE PRODUKTVIELFALT: PRIMAVERA bietet ein umfassendes Aromatherapie-Sortiment bestehend aus einer gro\u00dfe Auswahl an \u00e4therischen \u00d6len, Naturkosmetik, Duftlampen, Raumd\u00fcften und vielem mehr um auf jeden Bedarf der Kunden einzugehen.<br \/>\n<div class=\"main-cross-sell\" data-asin=\"B000244ADM\">\n\n\t<div class=\"WooZone-cross-sell-loader\">\n\t\t<div>\n\t\t\t<div id=\"floatingBarsG\">\n\t\t\t\t<div class=\"blockG\" id=\"rotateG_01\"><\/div>\n\t\t\t\t<div class=\"blockG\" id=\"rotateG_02\"><\/div>\n\t\t\t\t<div class=\"blockG\" id=\"rotateG_03\"><\/div>\n\t\t\t\t<div class=\"blockG\" id=\"rotateG_04\"><\/div>\n\t\t\t\t<div class=\"blockG\" id=\"rotateG_05\"><\/div>\n\t\t\t\t<div class=\"blockG\" id=\"rotateG_06\"><\/div>\n\t\t\t\t<div class=\"blockG\" id=\"rotateG_07\"><\/div>\n\t\t\t\t<div class=\"blockG\" id=\"rotateG_08\"><\/div>\n\t\t\t<\/div>\n\t\t\t<div class=\"WooZone-cross-sell-loader-text\"><\/div>\n\t\t<\/div>\n\t<\/div>\n\n\t\t\n<\/div>\n<div style=\"clear:both;\"><\/div><\/p>\n","protected":false},"excerpt":{"rendered":"<p>Das warm-rosig-blumig duftende \u00e4therische \u00d6l der Rosengeranie ist ein Rosengeranie bringt Balance und Ausgleich in &#8220;stressigen&#8221; Zeiten. Es wirkt harmonisierend und ist besonders hautfreundlich.<br \/>\nKosmetikum zur Aromapflege der Haut. Max. 15 Tropfen in 50 ml PRIMAVERA Mandel\u00f6l bio mischen.<br \/>\n100% NATUR: PRIMAVERA setzt bei seinen Rezepturen auf naturreine und biologische Inhaltsstoffe. F\u00fcr die Herstellung werden Lebensmittel-Emulgatoren und ausschlie\u00dflich nat\u00fcrliche Duft-, Farb- und Konservierungsstoffen verwendet. Natur Pur.<\/p>\n","protected":false},"featured_media":196558,"comment_status":"open","ping_status":"closed","template":"","meta":[],"product_brand":[],"product_cat":[566,6496],"product_tag":[],"class_list":{"0":"post-196557","1":"product","2":"type-product","3":"status-publish","4":"has-post-thumbnail","6":"product_cat-drogerie-koerperpflege","7":"product_cat-wellness","8":"pa_binding-haushaltswaren","9":"pa_brand-primavera","10":"pa_height-2-32283-zoll","11":"pa_languages-veroeffentlicht-deutsch","12":"pa_length-0-94488-zoll","13":"pa_manufacturer-primavera","14":"pa_model-50358","15":"pa_size-1-stueck-1er-pack","16":"pa_width-0-86614-zoll","18":"first","19":"instock","20":"shipping-taxable","21":"purchasable","22":"product-type-simple","23":"customify-col","24":"product-has-gallery"},"yoast_head":"<!-- This site is optimized with the Yoast SEO plugin v27.3 - https:\/\/yoast.com\/product\/yoast-seo-wordpress\/ -->\n<title>PRIMAVERA \u00c4therisches \u00d6l Rosengeranie bio 5 ml - Aroma\u00f6l, Duft\u00f6l, Aromatherapie - ausgleichend, regenerierend - vegan - Markt-XXL<\/title>\n<meta name=\"description\" content=\"Markt-XXL PRIMAVERA \u00c4therisches \u00d6l Rosengeranie bio 5 ml - Aroma\u00f6l, Duft\u00f6l, Aromatherapie - ausgleichend, regenerierend - vegan\" \/>\n<meta name=\"robots\" content=\"index, follow, max-snippet:-1, max-image-preview:large, max-video-preview:-1\" \/>\n<link rel=\"canonical\" href=\"https:\/\/marktxxl.de\/markt\/produkt\/primavera-aetherisches-oel-rosengeranie-bio-5-ml-aromaoel-duftoel-aromatherapie-ausgleichend-regenerierend-vegan\/\" \/>\n<meta property=\"og:locale\" content=\"de_DE\" \/>\n<meta property=\"og:type\" content=\"article\" \/>\n<meta property=\"og:title\" content=\"PRIMAVERA \u00c4therisches \u00d6l Rosengeranie bio 5 ml - Aroma\u00f6l, Duft\u00f6l, Aromatherapie - ausgleichend, regenerierend - vegan - Markt-XXL\" \/>\n<meta property=\"og:description\" content=\"Markt-XXL PRIMAVERA \u00c4therisches \u00d6l Rosengeranie bio 5 ml - Aroma\u00f6l, Duft\u00f6l, Aromatherapie - ausgleichend, regenerierend - vegan\" \/>\n<meta property=\"og:url\" content=\"https:\/\/marktxxl.de\/markt\/produkt\/primavera-aetherisches-oel-rosengeranie-bio-5-ml-aromaoel-duftoel-aromatherapie-ausgleichend-regenerierend-vegan\/\" \/>\n<meta property=\"og:site_name\" content=\"Markt-XXL\" \/>\n<meta property=\"article:modified_time\" content=\"2023-04-11T03:32:16+00:00\" \/>\n<meta property=\"og:image\" content=\"https:\/\/m.media-amazon.com\/images\/I\/31LYoM0PTgL._SL500_.jpg\" \/>\n\t<meta property=\"og:image:width\" content=\"500\" \/>\n\t<meta property=\"og:image:height\" content=\"500\" \/>\n\t<meta property=\"og:image:type\" content=\"image\/jpeg\" \/>\n<meta name=\"twitter:card\" content=\"summary_large_image\" \/>\n<meta name=\"twitter:label1\" content=\"Gesch\u00e4tzte Lesezeit\" \/>\n\t<meta name=\"twitter:data1\" content=\"1\u00a0Minute\" \/>\n<script type=\"application\/ld+json\" class=\"yoast-schema-graph\">{\"@context\":\"https:\\\/\\\/schema.org\",\"@graph\":[{\"@type\":\"WebPage\",\"@id\":\"https:\\\/\\\/marktxxl.de\\\/markt\\\/produkt\\\/primavera-aetherisches-oel-rosengeranie-bio-5-ml-aromaoel-duftoel-aromatherapie-ausgleichend-regenerierend-vegan\\\/\",\"url\":\"https:\\\/\\\/marktxxl.de\\\/markt\\\/produkt\\\/primavera-aetherisches-oel-rosengeranie-bio-5-ml-aromaoel-duftoel-aromatherapie-ausgleichend-regenerierend-vegan\\\/\",\"name\":\"PRIMAVERA \u00c4therisches \u00d6l Rosengeranie bio 5 ml - Aroma\u00f6l, Duft\u00f6l, Aromatherapie - ausgleichend, regenerierend - vegan - Markt-XXL\",\"isPartOf\":{\"@id\":\"https:\\\/\\\/marktxxl.de\\\/markt\\\/#website\"},\"primaryImageOfPage\":{\"@id\":\"https:\\\/\\\/marktxxl.de\\\/markt\\\/produkt\\\/primavera-aetherisches-oel-rosengeranie-bio-5-ml-aromaoel-duftoel-aromatherapie-ausgleichend-regenerierend-vegan\\\/#primaryimage\"},\"image\":{\"@id\":\"https:\\\/\\\/marktxxl.de\\\/markt\\\/produkt\\\/primavera-aetherisches-oel-rosengeranie-bio-5-ml-aromaoel-duftoel-aromatherapie-ausgleichend-regenerierend-vegan\\\/#primaryimage\"},\"thumbnailUrl\":\"https:\\\/\\\/m.media-amazon.com\\\/images\\\/I\\\/31LYoM0PTgL._SL500_.jpg\",\"datePublished\":\"2023-03-11T10:28:46+00:00\",\"dateModified\":\"2023-04-11T03:32:16+00:00\",\"description\":\"Markt-XXL PRIMAVERA \u00c4therisches \u00d6l Rosengeranie bio 5 ml - Aroma\u00f6l, Duft\u00f6l, Aromatherapie - ausgleichend, regenerierend - vegan\",\"breadcrumb\":{\"@id\":\"https:\\\/\\\/marktxxl.de\\\/markt\\\/produkt\\\/primavera-aetherisches-oel-rosengeranie-bio-5-ml-aromaoel-duftoel-aromatherapie-ausgleichend-regenerierend-vegan\\\/#breadcrumb\"},\"inLanguage\":\"de\",\"potentialAction\":[{\"@type\":\"ReadAction\",\"target\":[\"https:\\\/\\\/marktxxl.de\\\/markt\\\/produkt\\\/primavera-aetherisches-oel-rosengeranie-bio-5-ml-aromaoel-duftoel-aromatherapie-ausgleichend-regenerierend-vegan\\\/\"]}]},{\"@type\":\"ImageObject\",\"inLanguage\":\"de\",\"@id\":\"https:\\\/\\\/marktxxl.de\\\/markt\\\/produkt\\\/primavera-aetherisches-oel-rosengeranie-bio-5-ml-aromaoel-duftoel-aromatherapie-ausgleichend-regenerierend-vegan\\\/#primaryimage\",\"url\":\"https:\\\/\\\/m.media-amazon.com\\\/images\\\/I\\\/31LYoM0PTgL._SL500_.jpg\",\"contentUrl\":\"https:\\\/\\\/m.media-amazon.com\\\/images\\\/I\\\/31LYoM0PTgL._SL500_.jpg\",\"width\":500,\"height\":500},{\"@type\":\"BreadcrumbList\",\"@id\":\"https:\\\/\\\/marktxxl.de\\\/markt\\\/produkt\\\/primavera-aetherisches-oel-rosengeranie-bio-5-ml-aromaoel-duftoel-aromatherapie-ausgleichend-regenerierend-vegan\\\/#breadcrumb\",\"itemListElement\":[{\"@type\":\"ListItem\",\"position\":1,\"name\":\"Startseite\",\"item\":\"https:\\\/\\\/marktxxl.de\\\/markt\\\/\"},{\"@type\":\"ListItem\",\"position\":2,\"name\":\"Markt\",\"item\":\"https:\\\/\\\/marktxxl.de\\\/markt\\\/\"},{\"@type\":\"ListItem\",\"position\":3,\"name\":\"PRIMAVERA \u00c4therisches \u00d6l Rosengeranie bio 5 ml &#8211; Aroma\u00f6l, Duft\u00f6l, Aromatherapie &#8211; ausgleichend, regenerierend &#8211; vegan\"}]},{\"@type\":\"WebSite\",\"@id\":\"https:\\\/\\\/marktxxl.de\\\/markt\\\/#website\",\"url\":\"https:\\\/\\\/marktxxl.de\\\/markt\\\/\",\"name\":\"Markt-XXL\",\"description\":\"Ihr Markt Online\",\"publisher\":{\"@id\":\"https:\\\/\\\/marktxxl.de\\\/markt\\\/#organization\"},\"potentialAction\":[{\"@type\":\"SearchAction\",\"target\":{\"@type\":\"EntryPoint\",\"urlTemplate\":\"https:\\\/\\\/marktxxl.de\\\/markt\\\/?s={search_term_string}\"},\"query-input\":{\"@type\":\"PropertyValueSpecification\",\"valueRequired\":true,\"valueName\":\"search_term_string\"}}],\"inLanguage\":\"de\"},{\"@type\":\"Organization\",\"@id\":\"https:\\\/\\\/marktxxl.de\\\/markt\\\/#organization\",\"name\":\"Markt-XXL\",\"url\":\"https:\\\/\\\/marktxxl.de\\\/markt\\\/\",\"logo\":{\"@type\":\"ImageObject\",\"inLanguage\":\"de\",\"@id\":\"https:\\\/\\\/marktxxl.de\\\/markt\\\/#\\\/schema\\\/logo\\\/image\\\/\",\"url\":\"https:\\\/\\\/marktxxl.de\\\/markt\\\/wp-content\\\/uploads\\\/sites\\\/3\\\/2020\\\/12\\\/logo.png\",\"contentUrl\":\"https:\\\/\\\/marktxxl.de\\\/markt\\\/wp-content\\\/uploads\\\/sites\\\/3\\\/2020\\\/12\\\/logo.png\",\"width\":200,\"height\":70,\"caption\":\"Markt-XXL\"},\"image\":{\"@id\":\"https:\\\/\\\/marktxxl.de\\\/markt\\\/#\\\/schema\\\/logo\\\/image\\\/\"}}]}<\/script>\n<!-- \/ Yoast SEO plugin. -->","yoast_head_json":{"title":"PRIMAVERA \u00c4therisches \u00d6l Rosengeranie bio 5 ml - Aroma\u00f6l, Duft\u00f6l, Aromatherapie - ausgleichend, regenerierend - vegan - Markt-XXL","description":"Markt-XXL PRIMAVERA \u00c4therisches \u00d6l Rosengeranie bio 5 ml - Aroma\u00f6l, Duft\u00f6l, Aromatherapie - ausgleichend, regenerierend - vegan","robots":{"index":"index","follow":"follow","max-snippet":"max-snippet:-1","max-image-preview":"max-image-preview:large","max-video-preview":"max-video-preview:-1"},"canonical":"https:\/\/marktxxl.de\/markt\/produkt\/primavera-aetherisches-oel-rosengeranie-bio-5-ml-aromaoel-duftoel-aromatherapie-ausgleichend-regenerierend-vegan\/","og_locale":"de_DE","og_type":"article","og_title":"PRIMAVERA \u00c4therisches \u00d6l Rosengeranie bio 5 ml - Aroma\u00f6l, Duft\u00f6l, Aromatherapie - ausgleichend, regenerierend - vegan - Markt-XXL","og_description":"Markt-XXL PRIMAVERA \u00c4therisches \u00d6l Rosengeranie bio 5 ml - Aroma\u00f6l, Duft\u00f6l, Aromatherapie - ausgleichend, regenerierend - vegan","og_url":"https:\/\/marktxxl.de\/markt\/produkt\/primavera-aetherisches-oel-rosengeranie-bio-5-ml-aromaoel-duftoel-aromatherapie-ausgleichend-regenerierend-vegan\/","og_site_name":"Markt-XXL","article_modified_time":"2023-04-11T03:32:16+00:00","og_image":[{"width":500,"height":500,"url":"https:\/\/m.media-amazon.com\/images\/I\/31LYoM0PTgL._SL500_.jpg","type":"image\/jpeg"}],"twitter_card":"summary_large_image","twitter_misc":{"Gesch\u00e4tzte Lesezeit":"1\u00a0Minute"},"schema":{"@context":"https:\/\/schema.org","@graph":[{"@type":"WebPage","@id":"https:\/\/marktxxl.de\/markt\/produkt\/primavera-aetherisches-oel-rosengeranie-bio-5-ml-aromaoel-duftoel-aromatherapie-ausgleichend-regenerierend-vegan\/","url":"https:\/\/marktxxl.de\/markt\/produkt\/primavera-aetherisches-oel-rosengeranie-bio-5-ml-aromaoel-duftoel-aromatherapie-ausgleichend-regenerierend-vegan\/","name":"PRIMAVERA \u00c4therisches \u00d6l Rosengeranie bio 5 ml - Aroma\u00f6l, Duft\u00f6l, Aromatherapie - ausgleichend, regenerierend - vegan - Markt-XXL","isPartOf":{"@id":"https:\/\/marktxxl.de\/markt\/#website"},"primaryImageOfPage":{"@id":"https:\/\/marktxxl.de\/markt\/produkt\/primavera-aetherisches-oel-rosengeranie-bio-5-ml-aromaoel-duftoel-aromatherapie-ausgleichend-regenerierend-vegan\/#primaryimage"},"image":{"@id":"https:\/\/marktxxl.de\/markt\/produkt\/primavera-aetherisches-oel-rosengeranie-bio-5-ml-aromaoel-duftoel-aromatherapie-ausgleichend-regenerierend-vegan\/#primaryimage"},"thumbnailUrl":"https:\/\/m.media-amazon.com\/images\/I\/31LYoM0PTgL._SL500_.jpg","datePublished":"2023-03-11T10:28:46+00:00","dateModified":"2023-04-11T03:32:16+00:00","description":"Markt-XXL PRIMAVERA \u00c4therisches \u00d6l Rosengeranie bio 5 ml - Aroma\u00f6l, Duft\u00f6l, Aromatherapie - ausgleichend, regenerierend - vegan","breadcrumb":{"@id":"https:\/\/marktxxl.de\/markt\/produkt\/primavera-aetherisches-oel-rosengeranie-bio-5-ml-aromaoel-duftoel-aromatherapie-ausgleichend-regenerierend-vegan\/#breadcrumb"},"inLanguage":"de","potentialAction":[{"@type":"ReadAction","target":["https:\/\/marktxxl.de\/markt\/produkt\/primavera-aetherisches-oel-rosengeranie-bio-5-ml-aromaoel-duftoel-aromatherapie-ausgleichend-regenerierend-vegan\/"]}]},{"@type":"ImageObject","inLanguage":"de","@id":"https:\/\/marktxxl.de\/markt\/produkt\/primavera-aetherisches-oel-rosengeranie-bio-5-ml-aromaoel-duftoel-aromatherapie-ausgleichend-regenerierend-vegan\/#primaryimage","url":"https:\/\/m.media-amazon.com\/images\/I\/31LYoM0PTgL._SL500_.jpg","contentUrl":"https:\/\/m.media-amazon.com\/images\/I\/31LYoM0PTgL._SL500_.jpg","width":500,"height":500},{"@type":"BreadcrumbList","@id":"https:\/\/marktxxl.de\/markt\/produkt\/primavera-aetherisches-oel-rosengeranie-bio-5-ml-aromaoel-duftoel-aromatherapie-ausgleichend-regenerierend-vegan\/#breadcrumb","itemListElement":[{"@type":"ListItem","position":1,"name":"Startseite","item":"https:\/\/marktxxl.de\/markt\/"},{"@type":"ListItem","position":2,"name":"Markt","item":"https:\/\/marktxxl.de\/markt\/"},{"@type":"ListItem","position":3,"name":"PRIMAVERA \u00c4therisches \u00d6l Rosengeranie bio 5 ml &#8211; Aroma\u00f6l, Duft\u00f6l, Aromatherapie &#8211; ausgleichend, regenerierend &#8211; vegan"}]},{"@type":"WebSite","@id":"https:\/\/marktxxl.de\/markt\/#website","url":"https:\/\/marktxxl.de\/markt\/","name":"Markt-XXL","description":"Ihr Markt Online","publisher":{"@id":"https:\/\/marktxxl.de\/markt\/#organization"},"potentialAction":[{"@type":"SearchAction","target":{"@type":"EntryPoint","urlTemplate":"https:\/\/marktxxl.de\/markt\/?s={search_term_string}"},"query-input":{"@type":"PropertyValueSpecification","valueRequired":true,"valueName":"search_term_string"}}],"inLanguage":"de"},{"@type":"Organization","@id":"https:\/\/marktxxl.de\/markt\/#organization","name":"Markt-XXL","url":"https:\/\/marktxxl.de\/markt\/","logo":{"@type":"ImageObject","inLanguage":"de","@id":"https:\/\/marktxxl.de\/markt\/#\/schema\/logo\/image\/","url":"https:\/\/marktxxl.de\/markt\/wp-content\/uploads\/sites\/3\/2020\/12\/logo.png","contentUrl":"https:\/\/marktxxl.de\/markt\/wp-content\/uploads\/sites\/3\/2020\/12\/logo.png","width":200,"height":70,"caption":"Markt-XXL"},"image":{"@id":"https:\/\/marktxxl.de\/markt\/#\/schema\/logo\/image\/"}}]}},"_links":{"self":[{"href":"https:\/\/marktxxl.de\/markt\/wp-json\/wp\/v2\/product\/196557","targetHints":{"allow":["GET"]}}],"collection":[{"href":"https:\/\/marktxxl.de\/markt\/wp-json\/wp\/v2\/product"}],"about":[{"href":"https:\/\/marktxxl.de\/markt\/wp-json\/wp\/v2\/types\/product"}],"replies":[{"embeddable":true,"href":"https:\/\/marktxxl.de\/markt\/wp-json\/wp\/v2\/comments?post=196557"}],"wp:featuredmedia":[{"embeddable":true,"href":"https:\/\/marktxxl.de\/markt\/wp-json\/wp\/v2\/media\/196558"}],"wp:attachment":[{"href":"https:\/\/marktxxl.de\/markt\/wp-json\/wp\/v2\/media?parent=196557"}],"wp:term":[{"taxonomy":"product_brand","embeddable":true,"href":"https:\/\/marktxxl.de\/markt\/wp-json\/wp\/v2\/product_brand?post=196557"},{"taxonomy":"product_cat","embeddable":true,"href":"https:\/\/marktxxl.de\/markt\/wp-json\/wp\/v2\/product_cat?post=196557"},{"taxonomy":"product_tag","embeddable":true,"href":"https:\/\/marktxxl.de\/markt\/wp-json\/wp\/v2\/product_tag?post=196557"}],"curies":[{"name":"wp","href":"https:\/\/api.w.org\/{rel}","templated":true}]}}