{"id":196543,"date":"2023-03-11T11:28:30","date_gmt":"2023-03-11T10:28:30","guid":{"rendered":"https:\/\/marktxxl.de\/markt\/produkt\/bio-immortelle-aetherisches-oel-5ml-helichrysum-italicum-korsika-100-pure-und-naturreines-einzigartiger-duft-optimale-und-therapeutische-qualitaet-aus-kontrolliert-biologischem-anbau\/"},"modified":"2023-04-11T05:32:16","modified_gmt":"2023-04-11T03:32:16","slug":"bio-immortelle-aetherisches-oel-5ml-helichrysum-italicum-korsika-100-pure-und-naturreines-einzigartiger-duft-optimale-und-therapeutische-qualitaet-aus-kontrolliert-biologischem-anbau","status":"publish","type":"product","link":"https:\/\/marktxxl.de\/markt\/produkt\/bio-immortelle-aetherisches-oel-5ml-helichrysum-italicum-korsika-100-pure-und-naturreines-einzigartiger-duft-optimale-und-therapeutische-qualitaet-aus-kontrolliert-biologischem-anbau\/","title":{"rendered":"BIO Immortelle \u00c4therisches \u00d6l 5ml &#8211; Helichrysum Italicum &#8211; Korsika &#8211; 100% Pure und Naturreines &#8211; Einzigartiger duft\u2026"},"content":{"rendered":"<p>Bio-\u00e4therisches \u00d6l Immortelle 5ml. Helichrysum Italicum ssp Italicum, auch bekannt als Immortelle, Murza, Immortal, Immortella, Everlasting Flowers oder Curry Plant. 100% reines und 100% nat\u00fcrliches organisches \u00e4therisches \u00d6l. Die bekannteste und gefragteste Helichrysum-Art<br \/>\nImmortelle hat heilende, beruhigende und regenerierende Eigenschaften. Sein \u00e4therisches \u00d6l ist die wirksamste nat\u00fcrliche Behandlung gegen Bluterg\u00fcsse. Kann zur Behandlung von Muskelschmerzen, zur Entfernung von R\u00f6tungen und als entz\u00fcndungshemmendes Mittel verwendet werden. Es kann mit anderen Sch\u00f6nheitsprodukten wie einer Creme oder einem Pflanzen\u00f6l gemischt werden<br \/>\nDas \u00e4therische \u00d6l wird durch Wasserdampfdestillation mit Bergquellwasser aus Korsika gewonnen. Die Blumen werden direkt danach manuell aufgenommen und destilliert. Verleiht einen einzigartigen und starken Blumenduft wie die Blume von Helichrysum Italicum. Sein Geruch wird Sie nach Korsika f\u00fchren<br \/>\nHergestellt auf Korsika, wo das Immortelle dank des Bodens und der Sonneneinstrahlung in einem einzigartigen Zustand w\u00e4chst, was zu dem st\u00e4rksten Helichrysum\u00f6l und \u00e4therischen \u00d6l f\u00fchrt<br \/>\nMARDYS GARDEN in Korsika Produzent und Destillateur von Bio-Helichrysum Italicum. Alle unsere Produkte kommen direkt von uns, keine Vermittler<br \/>\n<div class=\"main-cross-sell\" data-asin=\"B07GS5YBL5\">\n\n\t<div class=\"WooZone-cross-sell-loader\">\n\t\t<div>\n\t\t\t<div id=\"floatingBarsG\">\n\t\t\t\t<div class=\"blockG\" id=\"rotateG_01\"><\/div>\n\t\t\t\t<div class=\"blockG\" id=\"rotateG_02\"><\/div>\n\t\t\t\t<div class=\"blockG\" id=\"rotateG_03\"><\/div>\n\t\t\t\t<div class=\"blockG\" id=\"rotateG_04\"><\/div>\n\t\t\t\t<div class=\"blockG\" id=\"rotateG_05\"><\/div>\n\t\t\t\t<div class=\"blockG\" id=\"rotateG_06\"><\/div>\n\t\t\t\t<div class=\"blockG\" id=\"rotateG_07\"><\/div>\n\t\t\t\t<div class=\"blockG\" id=\"rotateG_08\"><\/div>\n\t\t\t<\/div>\n\t\t\t<div class=\"WooZone-cross-sell-loader-text\"><\/div>\n\t\t<\/div>\n\t<\/div>\n\n\t\t\n<\/div>\n<div style=\"clear:both;\"><\/div><\/p>\n","protected":false},"excerpt":{"rendered":"<p>Bio-\u00e4therisches \u00d6l Immortelle 5ml. Helichrysum Italicum ssp Italicum, auch bekannt als Immortelle, Murza, Immortal, Immortella, Everlasting Flowers oder Curry Plant. 100% reines und 100% nat\u00fcrliches organisches \u00e4therisches \u00d6l. Die bekannteste und gefragteste Helichrysum-Art<br \/>\nImmortelle hat heilende, beruhigende und regenerierende Eigenschaften. Sein \u00e4therisches \u00d6l ist die wirksamste nat\u00fcrliche Behandlung gegen Bluterg\u00fcsse. Kann zur Behandlung von Muskelschmerzen, zur Entfernung von R\u00f6tungen und als entz\u00fcndungshemmendes Mittel verwendet werden. Es kann mit anderen Sch\u00f6nheitsprodukten wie einer Creme oder einem Pflanzen\u00f6l gemischt werden<br \/>\nDas \u00e4therische \u00d6l wird durch Wasserdampfdestillation mit Bergquellwasser aus Korsika gewonnen. Die Blumen werden direkt danach manuell aufgenommen und destilliert. Verleiht einen einzigartigen und starken Blumenduft wie die Blume von Helichrysum Italicum. Sein Geruch wird Sie nach Korsika f\u00fchren<\/p>\n","protected":false},"featured_media":196544,"comment_status":"open","ping_status":"closed","template":"","meta":[],"product_brand":[],"product_cat":[566,6496],"product_tag":[],"class_list":{"0":"post-196543","1":"product","2":"type-product","3":"status-publish","4":"has-post-thumbnail","6":"product_cat-drogerie-koerperpflege","7":"product_cat-wellness","8":"pa_brand-mardys-garden","9":"pa_manufacturer-mardys-garden-producteur-dimmortelle-distillateur-en-corse-a-calvi","10":"pa_model-lot-2018","11":"pa_weight-0-0771617917-pfund","13":"first","14":"instock","15":"shipping-taxable","16":"purchasable","17":"product-type-simple","18":"customify-col","19":"product-has-gallery"},"yoast_head":"<!-- This site is optimized with the Yoast SEO plugin v27.4 - https:\/\/yoast.com\/product\/yoast-seo-wordpress\/ -->\n<title>BIO Immortelle \u00c4therisches \u00d6l 5ml - Helichrysum Italicum - Korsika - 100% Pure und Naturreines - Einzigartiger duft\u2026 - Markt-XXL<\/title>\n<meta name=\"description\" content=\"Markt-XXL BIO Immortelle \u00c4therisches \u00d6l 5ml - Helichrysum Italicum - Korsika - 100% Pure und Naturreines - Einzigartiger duft\u2026\" \/>\n<meta name=\"robots\" content=\"index, follow, max-snippet:-1, max-image-preview:large, max-video-preview:-1\" \/>\n<link rel=\"canonical\" href=\"https:\/\/marktxxl.de\/markt\/produkt\/bio-immortelle-aetherisches-oel-5ml-helichrysum-italicum-korsika-100-pure-und-naturreines-einzigartiger-duft-optimale-und-therapeutische-qualitaet-aus-kontrolliert-biologischem-anbau\/\" \/>\n<meta property=\"og:locale\" content=\"de_DE\" \/>\n<meta property=\"og:type\" content=\"article\" \/>\n<meta property=\"og:title\" content=\"BIO Immortelle \u00c4therisches \u00d6l 5ml - Helichrysum Italicum - Korsika - 100% Pure und Naturreines - Einzigartiger duft\u2026 - Markt-XXL\" \/>\n<meta property=\"og:description\" content=\"Markt-XXL BIO Immortelle \u00c4therisches \u00d6l 5ml - Helichrysum Italicum - Korsika - 100% Pure und Naturreines - Einzigartiger duft\u2026\" \/>\n<meta property=\"og:url\" content=\"https:\/\/marktxxl.de\/markt\/produkt\/bio-immortelle-aetherisches-oel-5ml-helichrysum-italicum-korsika-100-pure-und-naturreines-einzigartiger-duft-optimale-und-therapeutische-qualitaet-aus-kontrolliert-biologischem-anbau\/\" \/>\n<meta property=\"og:site_name\" content=\"Markt-XXL\" \/>\n<meta property=\"article:modified_time\" content=\"2023-04-11T03:32:16+00:00\" \/>\n<meta property=\"og:image\" content=\"https:\/\/m.media-amazon.com\/images\/I\/31hakWORqHL._SL500_.jpg\" \/>\n\t<meta property=\"og:image:width\" content=\"333\" \/>\n\t<meta property=\"og:image:height\" content=\"500\" \/>\n\t<meta property=\"og:image:type\" content=\"image\/jpeg\" \/>\n<meta name=\"twitter:card\" content=\"summary_large_image\" \/>\n<meta name=\"twitter:label1\" content=\"Gesch\u00e4tzte Lesezeit\" \/>\n\t<meta name=\"twitter:data1\" content=\"1\u00a0Minute\" \/>\n<script type=\"application\/ld+json\" class=\"yoast-schema-graph\">{\"@context\":\"https:\\\/\\\/schema.org\",\"@graph\":[{\"@type\":\"WebPage\",\"@id\":\"https:\\\/\\\/marktxxl.de\\\/markt\\\/produkt\\\/bio-immortelle-aetherisches-oel-5ml-helichrysum-italicum-korsika-100-pure-und-naturreines-einzigartiger-duft-optimale-und-therapeutische-qualitaet-aus-kontrolliert-biologischem-anbau\\\/\",\"url\":\"https:\\\/\\\/marktxxl.de\\\/markt\\\/produkt\\\/bio-immortelle-aetherisches-oel-5ml-helichrysum-italicum-korsika-100-pure-und-naturreines-einzigartiger-duft-optimale-und-therapeutische-qualitaet-aus-kontrolliert-biologischem-anbau\\\/\",\"name\":\"BIO Immortelle \u00c4therisches \u00d6l 5ml - Helichrysum Italicum - Korsika - 100% Pure und Naturreines - Einzigartiger duft\u2026 - Markt-XXL\",\"isPartOf\":{\"@id\":\"https:\\\/\\\/marktxxl.de\\\/markt\\\/#website\"},\"primaryImageOfPage\":{\"@id\":\"https:\\\/\\\/marktxxl.de\\\/markt\\\/produkt\\\/bio-immortelle-aetherisches-oel-5ml-helichrysum-italicum-korsika-100-pure-und-naturreines-einzigartiger-duft-optimale-und-therapeutische-qualitaet-aus-kontrolliert-biologischem-anbau\\\/#primaryimage\"},\"image\":{\"@id\":\"https:\\\/\\\/marktxxl.de\\\/markt\\\/produkt\\\/bio-immortelle-aetherisches-oel-5ml-helichrysum-italicum-korsika-100-pure-und-naturreines-einzigartiger-duft-optimale-und-therapeutische-qualitaet-aus-kontrolliert-biologischem-anbau\\\/#primaryimage\"},\"thumbnailUrl\":\"https:\\\/\\\/m.media-amazon.com\\\/images\\\/I\\\/31hakWORqHL._SL500_.jpg\",\"datePublished\":\"2023-03-11T10:28:30+00:00\",\"dateModified\":\"2023-04-11T03:32:16+00:00\",\"description\":\"Markt-XXL BIO Immortelle \u00c4therisches \u00d6l 5ml - Helichrysum Italicum - Korsika - 100% Pure und Naturreines - Einzigartiger duft\u2026\",\"breadcrumb\":{\"@id\":\"https:\\\/\\\/marktxxl.de\\\/markt\\\/produkt\\\/bio-immortelle-aetherisches-oel-5ml-helichrysum-italicum-korsika-100-pure-und-naturreines-einzigartiger-duft-optimale-und-therapeutische-qualitaet-aus-kontrolliert-biologischem-anbau\\\/#breadcrumb\"},\"inLanguage\":\"de\",\"potentialAction\":[{\"@type\":\"ReadAction\",\"target\":[\"https:\\\/\\\/marktxxl.de\\\/markt\\\/produkt\\\/bio-immortelle-aetherisches-oel-5ml-helichrysum-italicum-korsika-100-pure-und-naturreines-einzigartiger-duft-optimale-und-therapeutische-qualitaet-aus-kontrolliert-biologischem-anbau\\\/\"]}]},{\"@type\":\"ImageObject\",\"inLanguage\":\"de\",\"@id\":\"https:\\\/\\\/marktxxl.de\\\/markt\\\/produkt\\\/bio-immortelle-aetherisches-oel-5ml-helichrysum-italicum-korsika-100-pure-und-naturreines-einzigartiger-duft-optimale-und-therapeutische-qualitaet-aus-kontrolliert-biologischem-anbau\\\/#primaryimage\",\"url\":\"https:\\\/\\\/m.media-amazon.com\\\/images\\\/I\\\/31hakWORqHL._SL500_.jpg\",\"contentUrl\":\"https:\\\/\\\/m.media-amazon.com\\\/images\\\/I\\\/31hakWORqHL._SL500_.jpg\",\"width\":333,\"height\":500},{\"@type\":\"BreadcrumbList\",\"@id\":\"https:\\\/\\\/marktxxl.de\\\/markt\\\/produkt\\\/bio-immortelle-aetherisches-oel-5ml-helichrysum-italicum-korsika-100-pure-und-naturreines-einzigartiger-duft-optimale-und-therapeutische-qualitaet-aus-kontrolliert-biologischem-anbau\\\/#breadcrumb\",\"itemListElement\":[{\"@type\":\"ListItem\",\"position\":1,\"name\":\"Startseite\",\"item\":\"https:\\\/\\\/marktxxl.de\\\/markt\\\/\"},{\"@type\":\"ListItem\",\"position\":2,\"name\":\"Markt\",\"item\":\"https:\\\/\\\/marktxxl.de\\\/markt\\\/\"},{\"@type\":\"ListItem\",\"position\":3,\"name\":\"BIO Immortelle \u00c4therisches \u00d6l 5ml &#8211; Helichrysum Italicum &#8211; Korsika &#8211; 100% Pure und Naturreines &#8211; Einzigartiger duft\u2026\"}]},{\"@type\":\"WebSite\",\"@id\":\"https:\\\/\\\/marktxxl.de\\\/markt\\\/#website\",\"url\":\"https:\\\/\\\/marktxxl.de\\\/markt\\\/\",\"name\":\"Markt-XXL\",\"description\":\"Ihr Markt Online\",\"publisher\":{\"@id\":\"https:\\\/\\\/marktxxl.de\\\/markt\\\/#organization\"},\"potentialAction\":[{\"@type\":\"SearchAction\",\"target\":{\"@type\":\"EntryPoint\",\"urlTemplate\":\"https:\\\/\\\/marktxxl.de\\\/markt\\\/?s={search_term_string}\"},\"query-input\":{\"@type\":\"PropertyValueSpecification\",\"valueRequired\":true,\"valueName\":\"search_term_string\"}}],\"inLanguage\":\"de\"},{\"@type\":\"Organization\",\"@id\":\"https:\\\/\\\/marktxxl.de\\\/markt\\\/#organization\",\"name\":\"Markt-XXL\",\"url\":\"https:\\\/\\\/marktxxl.de\\\/markt\\\/\",\"logo\":{\"@type\":\"ImageObject\",\"inLanguage\":\"de\",\"@id\":\"https:\\\/\\\/marktxxl.de\\\/markt\\\/#\\\/schema\\\/logo\\\/image\\\/\",\"url\":\"https:\\\/\\\/marktxxl.de\\\/markt\\\/wp-content\\\/uploads\\\/sites\\\/3\\\/2020\\\/12\\\/logo.png\",\"contentUrl\":\"https:\\\/\\\/marktxxl.de\\\/markt\\\/wp-content\\\/uploads\\\/sites\\\/3\\\/2020\\\/12\\\/logo.png\",\"width\":200,\"height\":70,\"caption\":\"Markt-XXL\"},\"image\":{\"@id\":\"https:\\\/\\\/marktxxl.de\\\/markt\\\/#\\\/schema\\\/logo\\\/image\\\/\"}}]}<\/script>\n<!-- \/ Yoast SEO plugin. -->","yoast_head_json":{"title":"BIO Immortelle \u00c4therisches \u00d6l 5ml - Helichrysum Italicum - Korsika - 100% Pure und Naturreines - Einzigartiger duft\u2026 - Markt-XXL","description":"Markt-XXL BIO Immortelle \u00c4therisches \u00d6l 5ml - Helichrysum Italicum - Korsika - 100% Pure und Naturreines - Einzigartiger duft\u2026","robots":{"index":"index","follow":"follow","max-snippet":"max-snippet:-1","max-image-preview":"max-image-preview:large","max-video-preview":"max-video-preview:-1"},"canonical":"https:\/\/marktxxl.de\/markt\/produkt\/bio-immortelle-aetherisches-oel-5ml-helichrysum-italicum-korsika-100-pure-und-naturreines-einzigartiger-duft-optimale-und-therapeutische-qualitaet-aus-kontrolliert-biologischem-anbau\/","og_locale":"de_DE","og_type":"article","og_title":"BIO Immortelle \u00c4therisches \u00d6l 5ml - Helichrysum Italicum - Korsika - 100% Pure und Naturreines - Einzigartiger duft\u2026 - Markt-XXL","og_description":"Markt-XXL BIO Immortelle \u00c4therisches \u00d6l 5ml - Helichrysum Italicum - Korsika - 100% Pure und Naturreines - Einzigartiger duft\u2026","og_url":"https:\/\/marktxxl.de\/markt\/produkt\/bio-immortelle-aetherisches-oel-5ml-helichrysum-italicum-korsika-100-pure-und-naturreines-einzigartiger-duft-optimale-und-therapeutische-qualitaet-aus-kontrolliert-biologischem-anbau\/","og_site_name":"Markt-XXL","article_modified_time":"2023-04-11T03:32:16+00:00","og_image":[{"width":333,"height":500,"url":"https:\/\/m.media-amazon.com\/images\/I\/31hakWORqHL._SL500_.jpg","type":"image\/jpeg"}],"twitter_card":"summary_large_image","twitter_misc":{"Gesch\u00e4tzte Lesezeit":"1\u00a0Minute"},"schema":{"@context":"https:\/\/schema.org","@graph":[{"@type":"WebPage","@id":"https:\/\/marktxxl.de\/markt\/produkt\/bio-immortelle-aetherisches-oel-5ml-helichrysum-italicum-korsika-100-pure-und-naturreines-einzigartiger-duft-optimale-und-therapeutische-qualitaet-aus-kontrolliert-biologischem-anbau\/","url":"https:\/\/marktxxl.de\/markt\/produkt\/bio-immortelle-aetherisches-oel-5ml-helichrysum-italicum-korsika-100-pure-und-naturreines-einzigartiger-duft-optimale-und-therapeutische-qualitaet-aus-kontrolliert-biologischem-anbau\/","name":"BIO Immortelle \u00c4therisches \u00d6l 5ml - Helichrysum Italicum - Korsika - 100% Pure und Naturreines - Einzigartiger duft\u2026 - Markt-XXL","isPartOf":{"@id":"https:\/\/marktxxl.de\/markt\/#website"},"primaryImageOfPage":{"@id":"https:\/\/marktxxl.de\/markt\/produkt\/bio-immortelle-aetherisches-oel-5ml-helichrysum-italicum-korsika-100-pure-und-naturreines-einzigartiger-duft-optimale-und-therapeutische-qualitaet-aus-kontrolliert-biologischem-anbau\/#primaryimage"},"image":{"@id":"https:\/\/marktxxl.de\/markt\/produkt\/bio-immortelle-aetherisches-oel-5ml-helichrysum-italicum-korsika-100-pure-und-naturreines-einzigartiger-duft-optimale-und-therapeutische-qualitaet-aus-kontrolliert-biologischem-anbau\/#primaryimage"},"thumbnailUrl":"https:\/\/m.media-amazon.com\/images\/I\/31hakWORqHL._SL500_.jpg","datePublished":"2023-03-11T10:28:30+00:00","dateModified":"2023-04-11T03:32:16+00:00","description":"Markt-XXL BIO Immortelle \u00c4therisches \u00d6l 5ml - Helichrysum Italicum - Korsika - 100% Pure und Naturreines - Einzigartiger duft\u2026","breadcrumb":{"@id":"https:\/\/marktxxl.de\/markt\/produkt\/bio-immortelle-aetherisches-oel-5ml-helichrysum-italicum-korsika-100-pure-und-naturreines-einzigartiger-duft-optimale-und-therapeutische-qualitaet-aus-kontrolliert-biologischem-anbau\/#breadcrumb"},"inLanguage":"de","potentialAction":[{"@type":"ReadAction","target":["https:\/\/marktxxl.de\/markt\/produkt\/bio-immortelle-aetherisches-oel-5ml-helichrysum-italicum-korsika-100-pure-und-naturreines-einzigartiger-duft-optimale-und-therapeutische-qualitaet-aus-kontrolliert-biologischem-anbau\/"]}]},{"@type":"ImageObject","inLanguage":"de","@id":"https:\/\/marktxxl.de\/markt\/produkt\/bio-immortelle-aetherisches-oel-5ml-helichrysum-italicum-korsika-100-pure-und-naturreines-einzigartiger-duft-optimale-und-therapeutische-qualitaet-aus-kontrolliert-biologischem-anbau\/#primaryimage","url":"https:\/\/m.media-amazon.com\/images\/I\/31hakWORqHL._SL500_.jpg","contentUrl":"https:\/\/m.media-amazon.com\/images\/I\/31hakWORqHL._SL500_.jpg","width":333,"height":500},{"@type":"BreadcrumbList","@id":"https:\/\/marktxxl.de\/markt\/produkt\/bio-immortelle-aetherisches-oel-5ml-helichrysum-italicum-korsika-100-pure-und-naturreines-einzigartiger-duft-optimale-und-therapeutische-qualitaet-aus-kontrolliert-biologischem-anbau\/#breadcrumb","itemListElement":[{"@type":"ListItem","position":1,"name":"Startseite","item":"https:\/\/marktxxl.de\/markt\/"},{"@type":"ListItem","position":2,"name":"Markt","item":"https:\/\/marktxxl.de\/markt\/"},{"@type":"ListItem","position":3,"name":"BIO Immortelle \u00c4therisches \u00d6l 5ml &#8211; Helichrysum Italicum &#8211; Korsika &#8211; 100% Pure und Naturreines &#8211; Einzigartiger duft\u2026"}]},{"@type":"WebSite","@id":"https:\/\/marktxxl.de\/markt\/#website","url":"https:\/\/marktxxl.de\/markt\/","name":"Markt-XXL","description":"Ihr Markt Online","publisher":{"@id":"https:\/\/marktxxl.de\/markt\/#organization"},"potentialAction":[{"@type":"SearchAction","target":{"@type":"EntryPoint","urlTemplate":"https:\/\/marktxxl.de\/markt\/?s={search_term_string}"},"query-input":{"@type":"PropertyValueSpecification","valueRequired":true,"valueName":"search_term_string"}}],"inLanguage":"de"},{"@type":"Organization","@id":"https:\/\/marktxxl.de\/markt\/#organization","name":"Markt-XXL","url":"https:\/\/marktxxl.de\/markt\/","logo":{"@type":"ImageObject","inLanguage":"de","@id":"https:\/\/marktxxl.de\/markt\/#\/schema\/logo\/image\/","url":"https:\/\/marktxxl.de\/markt\/wp-content\/uploads\/sites\/3\/2020\/12\/logo.png","contentUrl":"https:\/\/marktxxl.de\/markt\/wp-content\/uploads\/sites\/3\/2020\/12\/logo.png","width":200,"height":70,"caption":"Markt-XXL"},"image":{"@id":"https:\/\/marktxxl.de\/markt\/#\/schema\/logo\/image\/"}}]}},"_links":{"self":[{"href":"https:\/\/marktxxl.de\/markt\/wp-json\/wp\/v2\/product\/196543","targetHints":{"allow":["GET"]}}],"collection":[{"href":"https:\/\/marktxxl.de\/markt\/wp-json\/wp\/v2\/product"}],"about":[{"href":"https:\/\/marktxxl.de\/markt\/wp-json\/wp\/v2\/types\/product"}],"replies":[{"embeddable":true,"href":"https:\/\/marktxxl.de\/markt\/wp-json\/wp\/v2\/comments?post=196543"}],"wp:featuredmedia":[{"embeddable":true,"href":"https:\/\/marktxxl.de\/markt\/wp-json\/wp\/v2\/media\/196544"}],"wp:attachment":[{"href":"https:\/\/marktxxl.de\/markt\/wp-json\/wp\/v2\/media?parent=196543"}],"wp:term":[{"taxonomy":"product_brand","embeddable":true,"href":"https:\/\/marktxxl.de\/markt\/wp-json\/wp\/v2\/product_brand?post=196543"},{"taxonomy":"product_cat","embeddable":true,"href":"https:\/\/marktxxl.de\/markt\/wp-json\/wp\/v2\/product_cat?post=196543"},{"taxonomy":"product_tag","embeddable":true,"href":"https:\/\/marktxxl.de\/markt\/wp-json\/wp\/v2\/product_tag?post=196543"}],"curies":[{"name":"wp","href":"https:\/\/api.w.org\/{rel}","templated":true}]}}