{"id":196532,"date":"2023-03-11T11:28:07","date_gmt":"2023-03-11T10:28:07","guid":{"rendered":"https:\/\/marktxxl.de\/markt\/produkt\/lyapko-fakir-matte-nadelmassagematte-gross-plus-62-ag-massagematte-akupunktur-applikator\/"},"modified":"2023-04-11T05:32:15","modified_gmt":"2023-04-11T03:32:15","slug":"lyapko-fakir-matte-nadelmassagematte-gross-plus-62-ag-massagematte-akupunktur-applikator","status":"publish","type":"product","link":"https:\/\/marktxxl.de\/markt\/produkt\/lyapko-fakir-matte-nadelmassagematte-gross-plus-62-ag-massagematte-akupunktur-applikator\/","title":{"rendered":"Lyapko Fakir-Matte Nadelmassagematte gro\u00df Plus 6,2 Ag Massagematte Akupunktur Applikator"},"content":{"rendered":"<p>Gr\u00f6\u00dfe 560&#215;290 mm, Nadelsteigung 6,2 mm, Anzahl der Nadeln 4538.<br \/>\nEin charakteristisches Merkmal ist die Kombination aus einer gro\u00dfen Nadeloberfl\u00e4che und einem komfortablen Nadelabstand von 6,2 mm, die einen maximalen Aufprallbereich auf jeden K\u00f6rperteil sowie Vielseitigkeit und Komfort w\u00e4hrend des Gebrauchs bietet.<br \/>\nDeal der Woche: Sie kaufen ein Nadelmassagekissen und erhalten als Geschenk das Heft &#8220;Richtlinien f\u00fcr die Verwendung von Lyapko-Applikatoren&#8221; + Lyapko-Schl\u00fcsselanh\u00e4nger<br \/>\n<div class=\"main-cross-sell\" data-asin=\"B08F788K4N\">\n\n\t<div class=\"WooZone-cross-sell-loader\">\n\t\t<div>\n\t\t\t<div id=\"floatingBarsG\">\n\t\t\t\t<div class=\"blockG\" id=\"rotateG_01\"><\/div>\n\t\t\t\t<div class=\"blockG\" id=\"rotateG_02\"><\/div>\n\t\t\t\t<div class=\"blockG\" id=\"rotateG_03\"><\/div>\n\t\t\t\t<div class=\"blockG\" id=\"rotateG_04\"><\/div>\n\t\t\t\t<div class=\"blockG\" id=\"rotateG_05\"><\/div>\n\t\t\t\t<div class=\"blockG\" id=\"rotateG_06\"><\/div>\n\t\t\t\t<div class=\"blockG\" id=\"rotateG_07\"><\/div>\n\t\t\t\t<div class=\"blockG\" id=\"rotateG_08\"><\/div>\n\t\t\t<\/div>\n\t\t\t<div class=\"WooZone-cross-sell-loader-text\"><\/div>\n\t\t<\/div>\n\t<\/div>\n\n\t\t\n<\/div>\n<div style=\"clear:both;\"><\/div><\/p>\n","protected":false},"excerpt":{"rendered":"<p>Gr\u00f6\u00dfe 560&#215;290 mm, Nadelsteigung 6,2 mm, Anzahl der Nadeln 4538.<br \/>\nEin charakteristisches Merkmal ist die Kombination aus einer gro\u00dfen Nadeloberfl\u00e4che und einem komfortablen Nadelabstand von 6,2 mm, die einen maximalen Aufprallbereich auf jeden K\u00f6rperteil sowie Vielseitigkeit und Komfort w\u00e4hrend des Gebrauchs bietet.<br \/>\nDeal der Woche: Sie kaufen ein Nadelmassagekissen und erhalten als Geschenk das Heft &#8220;Richtlinien f\u00fcr die Verwendung von Lyapko-Applikatoren&#8221; + Lyapko-Schl\u00fcsselanh\u00e4nger<\/p>\n","protected":false},"featured_media":196533,"comment_status":"open","ping_status":"closed","template":"","meta":[],"product_brand":[],"product_cat":[566,6496],"product_tag":[],"class_list":{"0":"post-196532","1":"product","2":"type-product","3":"status-publish","4":"has-post-thumbnail","6":"product_cat-drogerie-koerperpflege","7":"product_cat-wellness","8":"pa_binding-misc","9":"pa_brand-lyapko","10":"pa_manufacturer-lyapko","12":"first","13":"instock","14":"shipping-taxable","15":"purchasable","16":"product-type-simple","17":"customify-col","18":"product-has-gallery"},"yoast_head":"<!-- This site is optimized with the Yoast SEO plugin v27.4 - https:\/\/yoast.com\/product\/yoast-seo-wordpress\/ -->\n<title>Lyapko Fakir-Matte Nadelmassagematte gro\u00df Plus 6,2 Ag Massagematte Akupunktur Applikator - Markt-XXL<\/title>\n<meta name=\"description\" content=\"Markt-XXL Lyapko Fakir-Matte Nadelmassagematte gro\u00df Plus 6,2 Ag Massagematte Akupunktur Applikator\" \/>\n<meta name=\"robots\" content=\"index, follow, max-snippet:-1, max-image-preview:large, max-video-preview:-1\" \/>\n<link rel=\"canonical\" href=\"https:\/\/marktxxl.de\/markt\/produkt\/lyapko-fakir-matte-nadelmassagematte-gross-plus-62-ag-massagematte-akupunktur-applikator\/\" \/>\n<meta property=\"og:locale\" content=\"de_DE\" \/>\n<meta property=\"og:type\" content=\"article\" \/>\n<meta property=\"og:title\" content=\"Lyapko Fakir-Matte Nadelmassagematte gro\u00df Plus 6,2 Ag Massagematte Akupunktur Applikator - Markt-XXL\" \/>\n<meta property=\"og:description\" content=\"Markt-XXL Lyapko Fakir-Matte Nadelmassagematte gro\u00df Plus 6,2 Ag Massagematte Akupunktur Applikator\" \/>\n<meta property=\"og:url\" content=\"https:\/\/marktxxl.de\/markt\/produkt\/lyapko-fakir-matte-nadelmassagematte-gross-plus-62-ag-massagematte-akupunktur-applikator\/\" \/>\n<meta property=\"og:site_name\" content=\"Markt-XXL\" \/>\n<meta property=\"article:modified_time\" content=\"2023-04-11T03:32:15+00:00\" \/>\n<meta property=\"og:image\" content=\"https:\/\/m.media-amazon.com\/images\/I\/41KcTunk5zL._SL500_.jpg\" \/>\n\t<meta property=\"og:image:width\" content=\"500\" \/>\n\t<meta property=\"og:image:height\" content=\"334\" \/>\n\t<meta property=\"og:image:type\" content=\"image\/jpeg\" \/>\n<meta name=\"twitter:card\" content=\"summary_large_image\" \/>\n<script type=\"application\/ld+json\" class=\"yoast-schema-graph\">{\"@context\":\"https:\\\/\\\/schema.org\",\"@graph\":[{\"@type\":\"WebPage\",\"@id\":\"https:\\\/\\\/marktxxl.de\\\/markt\\\/produkt\\\/lyapko-fakir-matte-nadelmassagematte-gross-plus-62-ag-massagematte-akupunktur-applikator\\\/\",\"url\":\"https:\\\/\\\/marktxxl.de\\\/markt\\\/produkt\\\/lyapko-fakir-matte-nadelmassagematte-gross-plus-62-ag-massagematte-akupunktur-applikator\\\/\",\"name\":\"Lyapko Fakir-Matte Nadelmassagematte gro\u00df Plus 6,2 Ag Massagematte Akupunktur Applikator - Markt-XXL\",\"isPartOf\":{\"@id\":\"https:\\\/\\\/marktxxl.de\\\/markt\\\/#website\"},\"primaryImageOfPage\":{\"@id\":\"https:\\\/\\\/marktxxl.de\\\/markt\\\/produkt\\\/lyapko-fakir-matte-nadelmassagematte-gross-plus-62-ag-massagematte-akupunktur-applikator\\\/#primaryimage\"},\"image\":{\"@id\":\"https:\\\/\\\/marktxxl.de\\\/markt\\\/produkt\\\/lyapko-fakir-matte-nadelmassagematte-gross-plus-62-ag-massagematte-akupunktur-applikator\\\/#primaryimage\"},\"thumbnailUrl\":\"https:\\\/\\\/m.media-amazon.com\\\/images\\\/I\\\/41KcTunk5zL._SL500_.jpg\",\"datePublished\":\"2023-03-11T10:28:07+00:00\",\"dateModified\":\"2023-04-11T03:32:15+00:00\",\"description\":\"Markt-XXL Lyapko Fakir-Matte Nadelmassagematte gro\u00df Plus 6,2 Ag Massagematte Akupunktur Applikator\",\"breadcrumb\":{\"@id\":\"https:\\\/\\\/marktxxl.de\\\/markt\\\/produkt\\\/lyapko-fakir-matte-nadelmassagematte-gross-plus-62-ag-massagematte-akupunktur-applikator\\\/#breadcrumb\"},\"inLanguage\":\"de\",\"potentialAction\":[{\"@type\":\"ReadAction\",\"target\":[\"https:\\\/\\\/marktxxl.de\\\/markt\\\/produkt\\\/lyapko-fakir-matte-nadelmassagematte-gross-plus-62-ag-massagematte-akupunktur-applikator\\\/\"]}]},{\"@type\":\"ImageObject\",\"inLanguage\":\"de\",\"@id\":\"https:\\\/\\\/marktxxl.de\\\/markt\\\/produkt\\\/lyapko-fakir-matte-nadelmassagematte-gross-plus-62-ag-massagematte-akupunktur-applikator\\\/#primaryimage\",\"url\":\"https:\\\/\\\/m.media-amazon.com\\\/images\\\/I\\\/41KcTunk5zL._SL500_.jpg\",\"contentUrl\":\"https:\\\/\\\/m.media-amazon.com\\\/images\\\/I\\\/41KcTunk5zL._SL500_.jpg\",\"width\":500,\"height\":334},{\"@type\":\"BreadcrumbList\",\"@id\":\"https:\\\/\\\/marktxxl.de\\\/markt\\\/produkt\\\/lyapko-fakir-matte-nadelmassagematte-gross-plus-62-ag-massagematte-akupunktur-applikator\\\/#breadcrumb\",\"itemListElement\":[{\"@type\":\"ListItem\",\"position\":1,\"name\":\"Startseite\",\"item\":\"https:\\\/\\\/marktxxl.de\\\/markt\\\/\"},{\"@type\":\"ListItem\",\"position\":2,\"name\":\"Markt\",\"item\":\"https:\\\/\\\/marktxxl.de\\\/markt\\\/\"},{\"@type\":\"ListItem\",\"position\":3,\"name\":\"Lyapko Fakir-Matte Nadelmassagematte gro\u00df Plus 6,2 Ag Massagematte Akupunktur Applikator\"}]},{\"@type\":\"WebSite\",\"@id\":\"https:\\\/\\\/marktxxl.de\\\/markt\\\/#website\",\"url\":\"https:\\\/\\\/marktxxl.de\\\/markt\\\/\",\"name\":\"Markt-XXL\",\"description\":\"Ihr Markt Online\",\"publisher\":{\"@id\":\"https:\\\/\\\/marktxxl.de\\\/markt\\\/#organization\"},\"potentialAction\":[{\"@type\":\"SearchAction\",\"target\":{\"@type\":\"EntryPoint\",\"urlTemplate\":\"https:\\\/\\\/marktxxl.de\\\/markt\\\/?s={search_term_string}\"},\"query-input\":{\"@type\":\"PropertyValueSpecification\",\"valueRequired\":true,\"valueName\":\"search_term_string\"}}],\"inLanguage\":\"de\"},{\"@type\":\"Organization\",\"@id\":\"https:\\\/\\\/marktxxl.de\\\/markt\\\/#organization\",\"name\":\"Markt-XXL\",\"url\":\"https:\\\/\\\/marktxxl.de\\\/markt\\\/\",\"logo\":{\"@type\":\"ImageObject\",\"inLanguage\":\"de\",\"@id\":\"https:\\\/\\\/marktxxl.de\\\/markt\\\/#\\\/schema\\\/logo\\\/image\\\/\",\"url\":\"https:\\\/\\\/marktxxl.de\\\/markt\\\/wp-content\\\/uploads\\\/sites\\\/3\\\/2020\\\/12\\\/logo.png\",\"contentUrl\":\"https:\\\/\\\/marktxxl.de\\\/markt\\\/wp-content\\\/uploads\\\/sites\\\/3\\\/2020\\\/12\\\/logo.png\",\"width\":200,\"height\":70,\"caption\":\"Markt-XXL\"},\"image\":{\"@id\":\"https:\\\/\\\/marktxxl.de\\\/markt\\\/#\\\/schema\\\/logo\\\/image\\\/\"}}]}<\/script>\n<!-- \/ Yoast SEO plugin. -->","yoast_head_json":{"title":"Lyapko Fakir-Matte Nadelmassagematte gro\u00df Plus 6,2 Ag Massagematte Akupunktur Applikator - Markt-XXL","description":"Markt-XXL Lyapko Fakir-Matte Nadelmassagematte gro\u00df Plus 6,2 Ag Massagematte Akupunktur Applikator","robots":{"index":"index","follow":"follow","max-snippet":"max-snippet:-1","max-image-preview":"max-image-preview:large","max-video-preview":"max-video-preview:-1"},"canonical":"https:\/\/marktxxl.de\/markt\/produkt\/lyapko-fakir-matte-nadelmassagematte-gross-plus-62-ag-massagematte-akupunktur-applikator\/","og_locale":"de_DE","og_type":"article","og_title":"Lyapko Fakir-Matte Nadelmassagematte gro\u00df Plus 6,2 Ag Massagematte Akupunktur Applikator - Markt-XXL","og_description":"Markt-XXL Lyapko Fakir-Matte Nadelmassagematte gro\u00df Plus 6,2 Ag Massagematte Akupunktur Applikator","og_url":"https:\/\/marktxxl.de\/markt\/produkt\/lyapko-fakir-matte-nadelmassagematte-gross-plus-62-ag-massagematte-akupunktur-applikator\/","og_site_name":"Markt-XXL","article_modified_time":"2023-04-11T03:32:15+00:00","og_image":[{"width":500,"height":334,"url":"https:\/\/m.media-amazon.com\/images\/I\/41KcTunk5zL._SL500_.jpg","type":"image\/jpeg"}],"twitter_card":"summary_large_image","schema":{"@context":"https:\/\/schema.org","@graph":[{"@type":"WebPage","@id":"https:\/\/marktxxl.de\/markt\/produkt\/lyapko-fakir-matte-nadelmassagematte-gross-plus-62-ag-massagematte-akupunktur-applikator\/","url":"https:\/\/marktxxl.de\/markt\/produkt\/lyapko-fakir-matte-nadelmassagematte-gross-plus-62-ag-massagematte-akupunktur-applikator\/","name":"Lyapko Fakir-Matte Nadelmassagematte gro\u00df Plus 6,2 Ag Massagematte Akupunktur Applikator - Markt-XXL","isPartOf":{"@id":"https:\/\/marktxxl.de\/markt\/#website"},"primaryImageOfPage":{"@id":"https:\/\/marktxxl.de\/markt\/produkt\/lyapko-fakir-matte-nadelmassagematte-gross-plus-62-ag-massagematte-akupunktur-applikator\/#primaryimage"},"image":{"@id":"https:\/\/marktxxl.de\/markt\/produkt\/lyapko-fakir-matte-nadelmassagematte-gross-plus-62-ag-massagematte-akupunktur-applikator\/#primaryimage"},"thumbnailUrl":"https:\/\/m.media-amazon.com\/images\/I\/41KcTunk5zL._SL500_.jpg","datePublished":"2023-03-11T10:28:07+00:00","dateModified":"2023-04-11T03:32:15+00:00","description":"Markt-XXL Lyapko Fakir-Matte Nadelmassagematte gro\u00df Plus 6,2 Ag Massagematte Akupunktur Applikator","breadcrumb":{"@id":"https:\/\/marktxxl.de\/markt\/produkt\/lyapko-fakir-matte-nadelmassagematte-gross-plus-62-ag-massagematte-akupunktur-applikator\/#breadcrumb"},"inLanguage":"de","potentialAction":[{"@type":"ReadAction","target":["https:\/\/marktxxl.de\/markt\/produkt\/lyapko-fakir-matte-nadelmassagematte-gross-plus-62-ag-massagematte-akupunktur-applikator\/"]}]},{"@type":"ImageObject","inLanguage":"de","@id":"https:\/\/marktxxl.de\/markt\/produkt\/lyapko-fakir-matte-nadelmassagematte-gross-plus-62-ag-massagematte-akupunktur-applikator\/#primaryimage","url":"https:\/\/m.media-amazon.com\/images\/I\/41KcTunk5zL._SL500_.jpg","contentUrl":"https:\/\/m.media-amazon.com\/images\/I\/41KcTunk5zL._SL500_.jpg","width":500,"height":334},{"@type":"BreadcrumbList","@id":"https:\/\/marktxxl.de\/markt\/produkt\/lyapko-fakir-matte-nadelmassagematte-gross-plus-62-ag-massagematte-akupunktur-applikator\/#breadcrumb","itemListElement":[{"@type":"ListItem","position":1,"name":"Startseite","item":"https:\/\/marktxxl.de\/markt\/"},{"@type":"ListItem","position":2,"name":"Markt","item":"https:\/\/marktxxl.de\/markt\/"},{"@type":"ListItem","position":3,"name":"Lyapko Fakir-Matte Nadelmassagematte gro\u00df Plus 6,2 Ag Massagematte Akupunktur Applikator"}]},{"@type":"WebSite","@id":"https:\/\/marktxxl.de\/markt\/#website","url":"https:\/\/marktxxl.de\/markt\/","name":"Markt-XXL","description":"Ihr Markt Online","publisher":{"@id":"https:\/\/marktxxl.de\/markt\/#organization"},"potentialAction":[{"@type":"SearchAction","target":{"@type":"EntryPoint","urlTemplate":"https:\/\/marktxxl.de\/markt\/?s={search_term_string}"},"query-input":{"@type":"PropertyValueSpecification","valueRequired":true,"valueName":"search_term_string"}}],"inLanguage":"de"},{"@type":"Organization","@id":"https:\/\/marktxxl.de\/markt\/#organization","name":"Markt-XXL","url":"https:\/\/marktxxl.de\/markt\/","logo":{"@type":"ImageObject","inLanguage":"de","@id":"https:\/\/marktxxl.de\/markt\/#\/schema\/logo\/image\/","url":"https:\/\/marktxxl.de\/markt\/wp-content\/uploads\/sites\/3\/2020\/12\/logo.png","contentUrl":"https:\/\/marktxxl.de\/markt\/wp-content\/uploads\/sites\/3\/2020\/12\/logo.png","width":200,"height":70,"caption":"Markt-XXL"},"image":{"@id":"https:\/\/marktxxl.de\/markt\/#\/schema\/logo\/image\/"}}]}},"_links":{"self":[{"href":"https:\/\/marktxxl.de\/markt\/wp-json\/wp\/v2\/product\/196532","targetHints":{"allow":["GET"]}}],"collection":[{"href":"https:\/\/marktxxl.de\/markt\/wp-json\/wp\/v2\/product"}],"about":[{"href":"https:\/\/marktxxl.de\/markt\/wp-json\/wp\/v2\/types\/product"}],"replies":[{"embeddable":true,"href":"https:\/\/marktxxl.de\/markt\/wp-json\/wp\/v2\/comments?post=196532"}],"wp:featuredmedia":[{"embeddable":true,"href":"https:\/\/marktxxl.de\/markt\/wp-json\/wp\/v2\/media\/196533"}],"wp:attachment":[{"href":"https:\/\/marktxxl.de\/markt\/wp-json\/wp\/v2\/media?parent=196532"}],"wp:term":[{"taxonomy":"product_brand","embeddable":true,"href":"https:\/\/marktxxl.de\/markt\/wp-json\/wp\/v2\/product_brand?post=196532"},{"taxonomy":"product_cat","embeddable":true,"href":"https:\/\/marktxxl.de\/markt\/wp-json\/wp\/v2\/product_cat?post=196532"},{"taxonomy":"product_tag","embeddable":true,"href":"https:\/\/marktxxl.de\/markt\/wp-json\/wp\/v2\/product_tag?post=196532"}],"curies":[{"name":"wp","href":"https:\/\/api.w.org\/{rel}","templated":true}]}}