{"id":196011,"date":"2023-03-11T10:19:24","date_gmt":"2023-03-11T09:19:24","guid":{"rendered":"https:\/\/marktxxl.de\/markt\/produkt\/10-sicherheits-versandtaschen-fensterloses-design-premium-sicherheitstoenung-muster-fuer-sicheres-versand-ultra-stark-schnellschliessender-verschluss-groesse-114-x-229-cm-weiss-09\/"},"modified":"2023-04-11T05:32:07","modified_gmt":"2023-04-11T03:32:07","slug":"10-sicherheits-versandtaschen-fensterloses-design-premium-sicherheitstoenung-muster-fuer-sicheres-versand-ultra-stark-schnellschliessender-verschluss-groesse-114-x-229-cm-weiss-09","status":"publish","type":"product","link":"https:\/\/marktxxl.de\/markt\/produkt\/10-sicherheits-versandtaschen-fensterloses-design-premium-sicherheitstoenung-muster-fuer-sicheres-versand-ultra-stark-schnellschliessender-verschluss-groesse-114-x-229-cm-weiss-09\/","title":{"rendered":"#10 Sicherheits-Versandtaschen, Fensterloses Design, Premium-Sicherheitst\u00f6nung Muster f\u00fcr sicheres Versand, Ultra stark\u2026"},"content":{"rendered":"<p># 10 get\u00f6nte, selbstklebende Umschl\u00e4ge. Vergessen Sie billige Umschl\u00e4ge, die leicht aufgeteilt werden und nicht f\u00fcr den sicheren Versand geeignet sind. Unsere #10 Umschl\u00e4ge sind mit einer Premium-Sicherheitst\u00f6nung zum Schutz empfindlicher Informationen und einem super starken selbstklebenden Streifen, perfekt f\u00fcr gr\u00f6\u00dfere Dokumente<br \/>\nGet\u00f6ntes Premium-Sicherheitsmuster: Unsere #10 Umschl\u00e4ge sind mit einem hochwertigen Sicherheitsdruck-Design entworfen, um den Inhalt und sensible Informationen zu sch\u00fctzen, perfekt f\u00fcr den sicheren gesch\u00e4ftlichen und rechtlichen Versand und zum Schutz empfindlicher Informationen<br \/>\nFensterloses Design: Die Umschl\u00e4ge sind ideal f\u00fcr normale gesch\u00e4ftliche und rechtliche Dokumente und sensible Korrespondenz, hergestellt mit einer fensterlosen Vorderseite f\u00fcr einfaches Drucken, Beschriften oder Adressieren, perfekt f\u00fcr schnelle, gesch\u00e4ftliche Mailings<br \/>\nSchnellverschluss: Unsere #10 Umschl\u00e4ge sind mit einem ultrastarken selbstklebenden Klebestreifen entworfen, um eine volle, super sichere Versiegelung \u00fcber die Breite jedes Umschlags zu schaffen, der sich nicht leicht \u00f6ffnen oder rei\u00dft, ideal f\u00fcr den Versand gr\u00f6\u00dferer Dokumente ohne zu splittern<br \/>\nLanglebig: gro\u00dfe Umschl\u00e4ge und 500 Umschl\u00e4ge in jeder Packung f\u00fcr eine lange Lebensdauer, perfekt f\u00fcr allt\u00e4gliche Gesch\u00e4ftskorrespondenz und gro\u00dfe Versandaufgaben<br \/>\n<div class=\"main-cross-sell\" data-asin=\"B016V06OYS\">\n\n\t<div class=\"WooZone-cross-sell-loader\">\n\t\t<div>\n\t\t\t<div id=\"floatingBarsG\">\n\t\t\t\t<div class=\"blockG\" id=\"rotateG_01\"><\/div>\n\t\t\t\t<div class=\"blockG\" id=\"rotateG_02\"><\/div>\n\t\t\t\t<div class=\"blockG\" id=\"rotateG_03\"><\/div>\n\t\t\t\t<div class=\"blockG\" id=\"rotateG_04\"><\/div>\n\t\t\t\t<div class=\"blockG\" id=\"rotateG_05\"><\/div>\n\t\t\t\t<div class=\"blockG\" id=\"rotateG_06\"><\/div>\n\t\t\t\t<div class=\"blockG\" id=\"rotateG_07\"><\/div>\n\t\t\t\t<div class=\"blockG\" id=\"rotateG_08\"><\/div>\n\t\t\t<\/div>\n\t\t\t<div class=\"WooZone-cross-sell-loader-text\"><\/div>\n\t\t<\/div>\n\t<\/div>\n\n\t\t\n<\/div>\n<div style=\"clear:both;\"><\/div><\/p>\n","protected":false},"excerpt":{"rendered":"<p># 10 get\u00f6nte, selbstklebende Umschl\u00e4ge. Vergessen Sie billige Umschl\u00e4ge, die leicht aufgeteilt werden und nicht f\u00fcr den sicheren Versand geeignet sind. Unsere #10 Umschl\u00e4ge sind mit einer Premium-Sicherheitst\u00f6nung zum Schutz empfindlicher Informationen und einem super starken selbstklebenden Streifen, perfekt f\u00fcr gr\u00f6\u00dfere Dokumente<br \/>\nGet\u00f6ntes Premium-Sicherheitsmuster: Unsere #10 Umschl\u00e4ge sind mit einem hochwertigen Sicherheitsdruck-Design entworfen, um den Inhalt und sensible Informationen zu sch\u00fctzen, perfekt f\u00fcr den sicheren gesch\u00e4ftlichen und rechtlichen Versand und zum Schutz empfindlicher Informationen<br \/>\nFensterloses Design: Die Umschl\u00e4ge sind ideal f\u00fcr normale gesch\u00e4ftliche und rechtliche Dokumente und sensible Korrespondenz, hergestellt mit einer fensterlosen Vorderseite f\u00fcr einfaches Drucken, Beschriften oder Adressieren, perfekt f\u00fcr schnelle, gesch\u00e4ftliche Mailings<\/p>\n","protected":false},"featured_media":196012,"comment_status":"open","ping_status":"closed","template":"","meta":[],"product_brand":[],"product_cat":[504,8703],"product_tag":[],"class_list":{"0":"post-196011","1":"product","2":"type-product","3":"status-publish","4":"has-post-thumbnail","6":"product_cat-buerobedarf-schreibwaren","7":"product_cat-umschlaege-versandzubehoer","8":"pa_binding-buerobedarf-schreibwaren","9":"pa_brand-aimoh","10":"pa_color-selbstklebend","11":"pa_height-4-25-zoll","12":"pa_length-11-5-zoll","13":"pa_manufacturer-aimoh","14":"pa_model-34010-500","15":"pa_size-500-count","16":"pa_width-10-zoll","18":"first","19":"instock","20":"shipping-taxable","21":"purchasable","22":"product-type-simple","23":"customify-col","24":"product-has-gallery"},"yoast_head":"<!-- This site is optimized with the Yoast SEO plugin v27.4 - https:\/\/yoast.com\/product\/yoast-seo-wordpress\/ -->\n<title>#10 Sicherheits-Versandtaschen, Fensterloses Design, Premium-Sicherheitst\u00f6nung Muster f\u00fcr sicheres Versand, Ultra stark\u2026 - Markt-XXL<\/title>\n<meta name=\"description\" content=\"Markt-XXL #10 Sicherheits-Versandtaschen, Fensterloses Design, Premium-Sicherheitst\u00f6nung Muster f\u00fcr sicheres Versand, Ultra stark\u2026\" \/>\n<meta name=\"robots\" content=\"index, follow, max-snippet:-1, max-image-preview:large, max-video-preview:-1\" \/>\n<link rel=\"canonical\" href=\"https:\/\/marktxxl.de\/markt\/produkt\/10-sicherheits-versandtaschen-fensterloses-design-premium-sicherheitstoenung-muster-fuer-sicheres-versand-ultra-stark-schnellschliessender-verschluss-groesse-114-x-229-cm-weiss-09\/\" \/>\n<meta property=\"og:locale\" content=\"de_DE\" \/>\n<meta property=\"og:type\" content=\"article\" \/>\n<meta property=\"og:title\" content=\"#10 Sicherheits-Versandtaschen, Fensterloses Design, Premium-Sicherheitst\u00f6nung Muster f\u00fcr sicheres Versand, Ultra stark\u2026 - Markt-XXL\" \/>\n<meta property=\"og:description\" content=\"Markt-XXL #10 Sicherheits-Versandtaschen, Fensterloses Design, Premium-Sicherheitst\u00f6nung Muster f\u00fcr sicheres Versand, Ultra stark\u2026\" \/>\n<meta property=\"og:url\" content=\"https:\/\/marktxxl.de\/markt\/produkt\/10-sicherheits-versandtaschen-fensterloses-design-premium-sicherheitstoenung-muster-fuer-sicheres-versand-ultra-stark-schnellschliessender-verschluss-groesse-114-x-229-cm-weiss-09\/\" \/>\n<meta property=\"og:site_name\" content=\"Markt-XXL\" \/>\n<meta property=\"article:modified_time\" content=\"2023-04-11T03:32:07+00:00\" \/>\n<meta property=\"og:image\" content=\"https:\/\/m.media-amazon.com\/images\/I\/41IhS3BtZ7L._SL500_.jpg\" \/>\n\t<meta property=\"og:image:width\" content=\"500\" \/>\n\t<meta property=\"og:image:height\" content=\"459\" \/>\n\t<meta property=\"og:image:type\" content=\"image\/jpeg\" \/>\n<meta name=\"twitter:card\" content=\"summary_large_image\" \/>\n<meta name=\"twitter:label1\" content=\"Gesch\u00e4tzte Lesezeit\" \/>\n\t<meta name=\"twitter:data1\" content=\"1\u00a0Minute\" \/>\n<script type=\"application\/ld+json\" class=\"yoast-schema-graph\">{\"@context\":\"https:\\\/\\\/schema.org\",\"@graph\":[{\"@type\":\"WebPage\",\"@id\":\"https:\\\/\\\/marktxxl.de\\\/markt\\\/produkt\\\/10-sicherheits-versandtaschen-fensterloses-design-premium-sicherheitstoenung-muster-fuer-sicheres-versand-ultra-stark-schnellschliessender-verschluss-groesse-114-x-229-cm-weiss-09\\\/\",\"url\":\"https:\\\/\\\/marktxxl.de\\\/markt\\\/produkt\\\/10-sicherheits-versandtaschen-fensterloses-design-premium-sicherheitstoenung-muster-fuer-sicheres-versand-ultra-stark-schnellschliessender-verschluss-groesse-114-x-229-cm-weiss-09\\\/\",\"name\":\"#10 Sicherheits-Versandtaschen, Fensterloses Design, Premium-Sicherheitst\u00f6nung Muster f\u00fcr sicheres Versand, Ultra stark\u2026 - Markt-XXL\",\"isPartOf\":{\"@id\":\"https:\\\/\\\/marktxxl.de\\\/markt\\\/#website\"},\"primaryImageOfPage\":{\"@id\":\"https:\\\/\\\/marktxxl.de\\\/markt\\\/produkt\\\/10-sicherheits-versandtaschen-fensterloses-design-premium-sicherheitstoenung-muster-fuer-sicheres-versand-ultra-stark-schnellschliessender-verschluss-groesse-114-x-229-cm-weiss-09\\\/#primaryimage\"},\"image\":{\"@id\":\"https:\\\/\\\/marktxxl.de\\\/markt\\\/produkt\\\/10-sicherheits-versandtaschen-fensterloses-design-premium-sicherheitstoenung-muster-fuer-sicheres-versand-ultra-stark-schnellschliessender-verschluss-groesse-114-x-229-cm-weiss-09\\\/#primaryimage\"},\"thumbnailUrl\":\"https:\\\/\\\/m.media-amazon.com\\\/images\\\/I\\\/41IhS3BtZ7L._SL500_.jpg\",\"datePublished\":\"2023-03-11T09:19:24+00:00\",\"dateModified\":\"2023-04-11T03:32:07+00:00\",\"description\":\"Markt-XXL #10 Sicherheits-Versandtaschen, Fensterloses Design, Premium-Sicherheitst\u00f6nung Muster f\u00fcr sicheres Versand, Ultra stark\u2026\",\"breadcrumb\":{\"@id\":\"https:\\\/\\\/marktxxl.de\\\/markt\\\/produkt\\\/10-sicherheits-versandtaschen-fensterloses-design-premium-sicherheitstoenung-muster-fuer-sicheres-versand-ultra-stark-schnellschliessender-verschluss-groesse-114-x-229-cm-weiss-09\\\/#breadcrumb\"},\"inLanguage\":\"de\",\"potentialAction\":[{\"@type\":\"ReadAction\",\"target\":[\"https:\\\/\\\/marktxxl.de\\\/markt\\\/produkt\\\/10-sicherheits-versandtaschen-fensterloses-design-premium-sicherheitstoenung-muster-fuer-sicheres-versand-ultra-stark-schnellschliessender-verschluss-groesse-114-x-229-cm-weiss-09\\\/\"]}]},{\"@type\":\"ImageObject\",\"inLanguage\":\"de\",\"@id\":\"https:\\\/\\\/marktxxl.de\\\/markt\\\/produkt\\\/10-sicherheits-versandtaschen-fensterloses-design-premium-sicherheitstoenung-muster-fuer-sicheres-versand-ultra-stark-schnellschliessender-verschluss-groesse-114-x-229-cm-weiss-09\\\/#primaryimage\",\"url\":\"https:\\\/\\\/m.media-amazon.com\\\/images\\\/I\\\/41IhS3BtZ7L._SL500_.jpg\",\"contentUrl\":\"https:\\\/\\\/m.media-amazon.com\\\/images\\\/I\\\/41IhS3BtZ7L._SL500_.jpg\",\"width\":500,\"height\":459},{\"@type\":\"BreadcrumbList\",\"@id\":\"https:\\\/\\\/marktxxl.de\\\/markt\\\/produkt\\\/10-sicherheits-versandtaschen-fensterloses-design-premium-sicherheitstoenung-muster-fuer-sicheres-versand-ultra-stark-schnellschliessender-verschluss-groesse-114-x-229-cm-weiss-09\\\/#breadcrumb\",\"itemListElement\":[{\"@type\":\"ListItem\",\"position\":1,\"name\":\"Startseite\",\"item\":\"https:\\\/\\\/marktxxl.de\\\/markt\\\/\"},{\"@type\":\"ListItem\",\"position\":2,\"name\":\"Markt\",\"item\":\"https:\\\/\\\/marktxxl.de\\\/markt\\\/\"},{\"@type\":\"ListItem\",\"position\":3,\"name\":\"#10 Sicherheits-Versandtaschen, Fensterloses Design, Premium-Sicherheitst\u00f6nung Muster f\u00fcr sicheres Versand, Ultra stark\u2026\"}]},{\"@type\":\"WebSite\",\"@id\":\"https:\\\/\\\/marktxxl.de\\\/markt\\\/#website\",\"url\":\"https:\\\/\\\/marktxxl.de\\\/markt\\\/\",\"name\":\"Markt-XXL\",\"description\":\"Ihr Markt Online\",\"publisher\":{\"@id\":\"https:\\\/\\\/marktxxl.de\\\/markt\\\/#organization\"},\"potentialAction\":[{\"@type\":\"SearchAction\",\"target\":{\"@type\":\"EntryPoint\",\"urlTemplate\":\"https:\\\/\\\/marktxxl.de\\\/markt\\\/?s={search_term_string}\"},\"query-input\":{\"@type\":\"PropertyValueSpecification\",\"valueRequired\":true,\"valueName\":\"search_term_string\"}}],\"inLanguage\":\"de\"},{\"@type\":\"Organization\",\"@id\":\"https:\\\/\\\/marktxxl.de\\\/markt\\\/#organization\",\"name\":\"Markt-XXL\",\"url\":\"https:\\\/\\\/marktxxl.de\\\/markt\\\/\",\"logo\":{\"@type\":\"ImageObject\",\"inLanguage\":\"de\",\"@id\":\"https:\\\/\\\/marktxxl.de\\\/markt\\\/#\\\/schema\\\/logo\\\/image\\\/\",\"url\":\"https:\\\/\\\/marktxxl.de\\\/markt\\\/wp-content\\\/uploads\\\/sites\\\/3\\\/2020\\\/12\\\/logo.png\",\"contentUrl\":\"https:\\\/\\\/marktxxl.de\\\/markt\\\/wp-content\\\/uploads\\\/sites\\\/3\\\/2020\\\/12\\\/logo.png\",\"width\":200,\"height\":70,\"caption\":\"Markt-XXL\"},\"image\":{\"@id\":\"https:\\\/\\\/marktxxl.de\\\/markt\\\/#\\\/schema\\\/logo\\\/image\\\/\"}}]}<\/script>\n<!-- \/ Yoast SEO plugin. -->","yoast_head_json":{"title":"#10 Sicherheits-Versandtaschen, Fensterloses Design, Premium-Sicherheitst\u00f6nung Muster f\u00fcr sicheres Versand, Ultra stark\u2026 - Markt-XXL","description":"Markt-XXL #10 Sicherheits-Versandtaschen, Fensterloses Design, Premium-Sicherheitst\u00f6nung Muster f\u00fcr sicheres Versand, Ultra stark\u2026","robots":{"index":"index","follow":"follow","max-snippet":"max-snippet:-1","max-image-preview":"max-image-preview:large","max-video-preview":"max-video-preview:-1"},"canonical":"https:\/\/marktxxl.de\/markt\/produkt\/10-sicherheits-versandtaschen-fensterloses-design-premium-sicherheitstoenung-muster-fuer-sicheres-versand-ultra-stark-schnellschliessender-verschluss-groesse-114-x-229-cm-weiss-09\/","og_locale":"de_DE","og_type":"article","og_title":"#10 Sicherheits-Versandtaschen, Fensterloses Design, Premium-Sicherheitst\u00f6nung Muster f\u00fcr sicheres Versand, Ultra stark\u2026 - Markt-XXL","og_description":"Markt-XXL #10 Sicherheits-Versandtaschen, Fensterloses Design, Premium-Sicherheitst\u00f6nung Muster f\u00fcr sicheres Versand, Ultra stark\u2026","og_url":"https:\/\/marktxxl.de\/markt\/produkt\/10-sicherheits-versandtaschen-fensterloses-design-premium-sicherheitstoenung-muster-fuer-sicheres-versand-ultra-stark-schnellschliessender-verschluss-groesse-114-x-229-cm-weiss-09\/","og_site_name":"Markt-XXL","article_modified_time":"2023-04-11T03:32:07+00:00","og_image":[{"width":500,"height":459,"url":"https:\/\/m.media-amazon.com\/images\/I\/41IhS3BtZ7L._SL500_.jpg","type":"image\/jpeg"}],"twitter_card":"summary_large_image","twitter_misc":{"Gesch\u00e4tzte Lesezeit":"1\u00a0Minute"},"schema":{"@context":"https:\/\/schema.org","@graph":[{"@type":"WebPage","@id":"https:\/\/marktxxl.de\/markt\/produkt\/10-sicherheits-versandtaschen-fensterloses-design-premium-sicherheitstoenung-muster-fuer-sicheres-versand-ultra-stark-schnellschliessender-verschluss-groesse-114-x-229-cm-weiss-09\/","url":"https:\/\/marktxxl.de\/markt\/produkt\/10-sicherheits-versandtaschen-fensterloses-design-premium-sicherheitstoenung-muster-fuer-sicheres-versand-ultra-stark-schnellschliessender-verschluss-groesse-114-x-229-cm-weiss-09\/","name":"#10 Sicherheits-Versandtaschen, Fensterloses Design, Premium-Sicherheitst\u00f6nung Muster f\u00fcr sicheres Versand, Ultra stark\u2026 - Markt-XXL","isPartOf":{"@id":"https:\/\/marktxxl.de\/markt\/#website"},"primaryImageOfPage":{"@id":"https:\/\/marktxxl.de\/markt\/produkt\/10-sicherheits-versandtaschen-fensterloses-design-premium-sicherheitstoenung-muster-fuer-sicheres-versand-ultra-stark-schnellschliessender-verschluss-groesse-114-x-229-cm-weiss-09\/#primaryimage"},"image":{"@id":"https:\/\/marktxxl.de\/markt\/produkt\/10-sicherheits-versandtaschen-fensterloses-design-premium-sicherheitstoenung-muster-fuer-sicheres-versand-ultra-stark-schnellschliessender-verschluss-groesse-114-x-229-cm-weiss-09\/#primaryimage"},"thumbnailUrl":"https:\/\/m.media-amazon.com\/images\/I\/41IhS3BtZ7L._SL500_.jpg","datePublished":"2023-03-11T09:19:24+00:00","dateModified":"2023-04-11T03:32:07+00:00","description":"Markt-XXL #10 Sicherheits-Versandtaschen, Fensterloses Design, Premium-Sicherheitst\u00f6nung Muster f\u00fcr sicheres Versand, Ultra stark\u2026","breadcrumb":{"@id":"https:\/\/marktxxl.de\/markt\/produkt\/10-sicherheits-versandtaschen-fensterloses-design-premium-sicherheitstoenung-muster-fuer-sicheres-versand-ultra-stark-schnellschliessender-verschluss-groesse-114-x-229-cm-weiss-09\/#breadcrumb"},"inLanguage":"de","potentialAction":[{"@type":"ReadAction","target":["https:\/\/marktxxl.de\/markt\/produkt\/10-sicherheits-versandtaschen-fensterloses-design-premium-sicherheitstoenung-muster-fuer-sicheres-versand-ultra-stark-schnellschliessender-verschluss-groesse-114-x-229-cm-weiss-09\/"]}]},{"@type":"ImageObject","inLanguage":"de","@id":"https:\/\/marktxxl.de\/markt\/produkt\/10-sicherheits-versandtaschen-fensterloses-design-premium-sicherheitstoenung-muster-fuer-sicheres-versand-ultra-stark-schnellschliessender-verschluss-groesse-114-x-229-cm-weiss-09\/#primaryimage","url":"https:\/\/m.media-amazon.com\/images\/I\/41IhS3BtZ7L._SL500_.jpg","contentUrl":"https:\/\/m.media-amazon.com\/images\/I\/41IhS3BtZ7L._SL500_.jpg","width":500,"height":459},{"@type":"BreadcrumbList","@id":"https:\/\/marktxxl.de\/markt\/produkt\/10-sicherheits-versandtaschen-fensterloses-design-premium-sicherheitstoenung-muster-fuer-sicheres-versand-ultra-stark-schnellschliessender-verschluss-groesse-114-x-229-cm-weiss-09\/#breadcrumb","itemListElement":[{"@type":"ListItem","position":1,"name":"Startseite","item":"https:\/\/marktxxl.de\/markt\/"},{"@type":"ListItem","position":2,"name":"Markt","item":"https:\/\/marktxxl.de\/markt\/"},{"@type":"ListItem","position":3,"name":"#10 Sicherheits-Versandtaschen, Fensterloses Design, Premium-Sicherheitst\u00f6nung Muster f\u00fcr sicheres Versand, Ultra stark\u2026"}]},{"@type":"WebSite","@id":"https:\/\/marktxxl.de\/markt\/#website","url":"https:\/\/marktxxl.de\/markt\/","name":"Markt-XXL","description":"Ihr Markt Online","publisher":{"@id":"https:\/\/marktxxl.de\/markt\/#organization"},"potentialAction":[{"@type":"SearchAction","target":{"@type":"EntryPoint","urlTemplate":"https:\/\/marktxxl.de\/markt\/?s={search_term_string}"},"query-input":{"@type":"PropertyValueSpecification","valueRequired":true,"valueName":"search_term_string"}}],"inLanguage":"de"},{"@type":"Organization","@id":"https:\/\/marktxxl.de\/markt\/#organization","name":"Markt-XXL","url":"https:\/\/marktxxl.de\/markt\/","logo":{"@type":"ImageObject","inLanguage":"de","@id":"https:\/\/marktxxl.de\/markt\/#\/schema\/logo\/image\/","url":"https:\/\/marktxxl.de\/markt\/wp-content\/uploads\/sites\/3\/2020\/12\/logo.png","contentUrl":"https:\/\/marktxxl.de\/markt\/wp-content\/uploads\/sites\/3\/2020\/12\/logo.png","width":200,"height":70,"caption":"Markt-XXL"},"image":{"@id":"https:\/\/marktxxl.de\/markt\/#\/schema\/logo\/image\/"}}]}},"_links":{"self":[{"href":"https:\/\/marktxxl.de\/markt\/wp-json\/wp\/v2\/product\/196011","targetHints":{"allow":["GET"]}}],"collection":[{"href":"https:\/\/marktxxl.de\/markt\/wp-json\/wp\/v2\/product"}],"about":[{"href":"https:\/\/marktxxl.de\/markt\/wp-json\/wp\/v2\/types\/product"}],"replies":[{"embeddable":true,"href":"https:\/\/marktxxl.de\/markt\/wp-json\/wp\/v2\/comments?post=196011"}],"wp:featuredmedia":[{"embeddable":true,"href":"https:\/\/marktxxl.de\/markt\/wp-json\/wp\/v2\/media\/196012"}],"wp:attachment":[{"href":"https:\/\/marktxxl.de\/markt\/wp-json\/wp\/v2\/media?parent=196011"}],"wp:term":[{"taxonomy":"product_brand","embeddable":true,"href":"https:\/\/marktxxl.de\/markt\/wp-json\/wp\/v2\/product_brand?post=196011"},{"taxonomy":"product_cat","embeddable":true,"href":"https:\/\/marktxxl.de\/markt\/wp-json\/wp\/v2\/product_cat?post=196011"},{"taxonomy":"product_tag","embeddable":true,"href":"https:\/\/marktxxl.de\/markt\/wp-json\/wp\/v2\/product_tag?post=196011"}],"curies":[{"name":"wp","href":"https:\/\/api.w.org\/{rel}","templated":true}]}}