{"id":195604,"date":"2023-03-11T09:25:53","date_gmt":"2023-03-11T08:25:53","guid":{"rendered":"https:\/\/marktxxl.de\/markt\/produkt\/red-ember-world-of-horses-2023-wandkalender-zum-aufhaengen-305-x-61-cm-geoeffnet-dickes-stabiles-papier-geschenk-ein-muss-fuer-pferdeliebhaber\/"},"modified":"2023-04-09T05:16:20","modified_gmt":"2023-04-09T03:16:20","slug":"red-ember-world-of-horses-2023-wandkalender-zum-aufhaengen-305-x-61-cm-geoeffnet-dickes-stabiles-papier-geschenk-ein-muss-fuer-pferdeliebhaber","status":"publish","type":"product","link":"https:\/\/marktxxl.de\/markt\/produkt\/red-ember-world-of-horses-2023-wandkalender-zum-aufhaengen-305-x-61-cm-geoeffnet-dickes-stabiles-papier-geschenk-ein-muss-fuer-pferdeliebhaber\/","title":{"rendered":"RED EMBER World of Horses 2023 Wandkalender zum Aufh\u00e4ngen | 30,5 x 61 cm ge\u00f6ffnet | dickes &amp; stabiles Papier | Geschenk\u2026"},"content":{"rendered":"<p>Ein Muss f\u00fcr Pferdeliebhaber \u2013 nehmen Sie das ganze Jahr \u00fcber die majest\u00e4tische Sch\u00f6nheit der Pferde mit diesem Wandkalender 2023 ein. 12 faszinierende Fotos fangen diese geliebten Kreaturen in einer Vielzahl von Umgebungen ein. Jeder Monat zeigt Pferde, die \u00fcber bunte Wiesen prachten, an Str\u00e4nden galoppieren, durch den Schnee strecken und vieles mehr. Ein t\u00e4glicher Genuss f\u00fcr Pferdeliebhaber jeden Alters.<br \/>\nLeben, sch\u00f6n organisiert \u2013 bessere Fotos, bessere Organisation. Wir haben unsere atemberaubenden Bilder von nur den besten Fotografen der Welt handverlesen. Roter Glut Kalender sehen einfach sch\u00f6n an jeder Wand aus. Robust und langlebig \u2013 Sie wissen, dass es ein roter Glutkalender ist, weil er h\u00e4lt. Im Gegensatz zu anderen billigen, d\u00fcnnen Kalendern, rollen sich Red Ember Kalender nicht auf, rei\u00dfen und fallen von Ihrer Wand ab. Pr\u00e4sentieren Sie es wundersch\u00f6n in Ihrem Zuhause oder B\u00fcro, das ganze Jahr \u00fcber. Gr\u00f6\u00dfe geschlossen: 30,5 x 30,5 cm. Gr\u00f6\u00dfe ge\u00f6ffnet: 30,5 x 61 cm.<br \/>\nUnordnung &#8211; Sie haben mehr Platz zum Schreiben, weil wir nur eine Sprache, Englisch verwenden. Wir schlie\u00dfen keine verdeckten Ferien ein, die noch mehr Platz schaffen. \u00dcbergro\u00dfe t\u00e4gliche Bl\u00f6cke (3,8 x 4,7 cm) geben Ihnen zus\u00e4tzlichen Platz zum Aufzeichnen von Aufgaben und Terminen. Enth\u00e4lt alle gro\u00dfen US- und kanadischen Feiertage und Mondphasen. Vorgestanzte L\u00f6cher machen es einfach, Ihren Kalender stabil an jeden Haken, Nagel oder Rei\u00dfn\u00e4gel aufzuh\u00e4ngen. Und weil wir schweres Papier verwenden, rei\u00dft es nicht heraus<br \/>\nBONUS 14-MONTH LAYOUT &#8211; Enth\u00e4lt ein 2-seitiges komplettes Kalenderlayout f\u00fcr November &amp; Dezember 2022 (keine Bilder), zus\u00e4tzlich zu 12 Monaten des 2023. Umweltfreundlich \u2013 Wir verwenden verantwortungsvoll angebautes Papier, das ohne die hochgef\u00e4hrlichen Chemikalien hergestellt wird, die von anderen Kalenderdruckereien verwendet werden. Au\u00dferdem ernten wir keine seltenen alten W\u00e4lder, die f\u00fcr den Erhalt der nat\u00fcrlichen Waldbedeckung entscheidend sind.<br \/>\nPerfektes Geschenk \u2013 ein tolles Geschenk f\u00fcr Weihnachten, Geburtstage, Jubil\u00e4en oder einfach so. Ein Kalender ist ideal f\u00fcr eine schwer zu kaufende Person, ein tolles Last-Minute-Geschenk oder \u00dcberraschungsgeschenk. Sie werden das ganze Jahr \u00fcber f\u00fcr dieses aufmerksames Geschenk danken. Riesige Auswahl &#8211; Wir haben \u00fcber 370 einzigartige Kalender zur Auswahl. Natur, Reisen, Weltraum, Katzen, Hunde, s\u00fc\u00dfe Tiere, Spiritualit\u00e4t, Organisation und Kunst sind nur einige der vielen Kategorien in unserem Amazon-Shop.<br \/>\n<div class=\"main-cross-sell\" data-asin=\"B09ZX1WNZ3\">\n\n\t<div class=\"WooZone-cross-sell-loader\">\n\t\t<div>\n\t\t\t<div id=\"floatingBarsG\">\n\t\t\t\t<div class=\"blockG\" id=\"rotateG_01\"><\/div>\n\t\t\t\t<div class=\"blockG\" id=\"rotateG_02\"><\/div>\n\t\t\t\t<div class=\"blockG\" id=\"rotateG_03\"><\/div>\n\t\t\t\t<div class=\"blockG\" id=\"rotateG_04\"><\/div>\n\t\t\t\t<div class=\"blockG\" id=\"rotateG_05\"><\/div>\n\t\t\t\t<div class=\"blockG\" id=\"rotateG_06\"><\/div>\n\t\t\t\t<div class=\"blockG\" id=\"rotateG_07\"><\/div>\n\t\t\t\t<div class=\"blockG\" id=\"rotateG_08\"><\/div>\n\t\t\t<\/div>\n\t\t\t<div class=\"WooZone-cross-sell-loader-text\"><\/div>\n\t\t<\/div>\n\t<\/div>\n\n\t\t\n<\/div>\n<div style=\"clear:both;\"><\/div><\/p>\n","protected":false},"excerpt":{"rendered":"<p>Ein Muss f\u00fcr Pferdeliebhaber \u2013 nehmen Sie das ganze Jahr \u00fcber die majest\u00e4tische Sch\u00f6nheit der Pferde mit diesem Wandkalender 2023 ein. 12 faszinierende Fotos fangen diese geliebten Kreaturen in einer Vielzahl von Umgebungen ein. Jeder Monat zeigt Pferde, die \u00fcber bunte Wiesen prachten, an Str\u00e4nden galoppieren, durch den Schnee strecken und vieles mehr. Ein t\u00e4glicher Genuss f\u00fcr Pferdeliebhaber jeden Alters.<br \/>\nLeben, sch\u00f6n organisiert \u2013 bessere Fotos, bessere Organisation. Wir haben unsere atemberaubenden Bilder von nur den besten Fotografen der Welt handverlesen. Roter Glut Kalender sehen einfach sch\u00f6n an jeder Wand aus. Robust und langlebig \u2013 Sie wissen, dass es ein roter Glutkalender ist, weil er h\u00e4lt. Im Gegensatz zu anderen billigen, d\u00fcnnen Kalendern, rollen sich Red Ember Kalender nicht auf, rei\u00dfen und fallen von Ihrer Wand ab. Pr\u00e4sentieren Sie es wundersch\u00f6n in Ihrem Zuhause oder B\u00fcro, das ganze Jahr \u00fcber. Gr\u00f6\u00dfe geschlossen: 30,5 x 30,5 cm. Gr\u00f6\u00dfe ge\u00f6ffnet: 30,5 x 61 cm.<br \/>\nUnordnung &#8211; Sie haben mehr Platz zum Schreiben, weil wir nur eine Sprache, Englisch verwenden. Wir schlie\u00dfen keine verdeckten Ferien ein, die noch mehr Platz schaffen. \u00dcbergro\u00dfe t\u00e4gliche Bl\u00f6cke (3,8 x 4,7 cm) geben Ihnen zus\u00e4tzlichen Platz zum Aufzeichnen von Aufgaben und Terminen. Enth\u00e4lt alle gro\u00dfen US- und kanadischen Feiertage und Mondphasen. Vorgestanzte L\u00f6cher machen es einfach, Ihren Kalender stabil an jeden Haken, Nagel oder Rei\u00dfn\u00e4gel aufzuh\u00e4ngen. Und weil wir schweres Papier verwenden, rei\u00dft es nicht heraus<\/p>\n","protected":false},"featured_media":195605,"comment_status":"open","ping_status":"closed","template":"","meta":[],"product_brand":[],"product_cat":[504,8381],"product_tag":[],"class_list":{"0":"post-195604","1":"product","2":"type-product","3":"status-publish","4":"has-post-thumbnail","6":"product_cat-buerobedarf-schreibwaren","7":"product_cat-kalender-planer-und-organizer","8":"pa_binding-unbekannter-einband","9":"pa_brand-red-ember","10":"pa_height-0-12-zoll","11":"pa_length-12-zoll","12":"pa_manufacturer-arch-internet-superstore","13":"pa_model-re-23061-worldhorses","14":"pa_width-12-zoll","16":"first","17":"instock","18":"shipping-taxable","19":"purchasable","20":"product-type-simple","21":"customify-col","22":"product-has-gallery"},"yoast_head":"<!-- This site is optimized with the Yoast SEO plugin v27.4 - https:\/\/yoast.com\/product\/yoast-seo-wordpress\/ -->\n<title>RED EMBER World of Horses 2023 Wandkalender zum Aufh\u00e4ngen | 30,5 x 61 cm ge\u00f6ffnet | dickes &amp; stabiles Papier | Geschenk\u2026 - Markt-XXL<\/title>\n<meta name=\"description\" content=\"Markt-XXL RED EMBER World of Horses 2023 Wandkalender zum Aufh\u00e4ngen | 30,5 x 61 cm ge\u00f6ffnet | dickes &amp; stabiles Papier | Geschenk\u2026\" \/>\n<meta name=\"robots\" content=\"index, follow, max-snippet:-1, max-image-preview:large, max-video-preview:-1\" \/>\n<link rel=\"canonical\" href=\"https:\/\/marktxxl.de\/markt\/produkt\/red-ember-world-of-horses-2023-wandkalender-zum-aufhaengen-305-x-61-cm-geoeffnet-dickes-stabiles-papier-geschenk-ein-muss-fuer-pferdeliebhaber\/\" \/>\n<meta property=\"og:locale\" content=\"de_DE\" \/>\n<meta property=\"og:type\" content=\"article\" \/>\n<meta property=\"og:title\" content=\"RED EMBER World of Horses 2023 Wandkalender zum Aufh\u00e4ngen | 30,5 x 61 cm ge\u00f6ffnet | dickes &amp; stabiles Papier | Geschenk\u2026 - Markt-XXL\" \/>\n<meta property=\"og:description\" content=\"Markt-XXL RED EMBER World of Horses 2023 Wandkalender zum Aufh\u00e4ngen | 30,5 x 61 cm ge\u00f6ffnet | dickes &amp; stabiles Papier | Geschenk\u2026\" \/>\n<meta property=\"og:url\" content=\"https:\/\/marktxxl.de\/markt\/produkt\/red-ember-world-of-horses-2023-wandkalender-zum-aufhaengen-305-x-61-cm-geoeffnet-dickes-stabiles-papier-geschenk-ein-muss-fuer-pferdeliebhaber\/\" \/>\n<meta property=\"og:site_name\" content=\"Markt-XXL\" \/>\n<meta property=\"article:modified_time\" content=\"2023-04-09T03:16:20+00:00\" \/>\n<meta property=\"og:image\" content=\"https:\/\/m.media-amazon.com\/images\/I\/51YgMEGBbuL._SL500_.jpg\" \/>\n\t<meta property=\"og:image:width\" content=\"500\" \/>\n\t<meta property=\"og:image:height\" content=\"497\" \/>\n\t<meta property=\"og:image:type\" content=\"image\/jpeg\" \/>\n<meta name=\"twitter:card\" content=\"summary_large_image\" \/>\n<meta name=\"twitter:label1\" content=\"Gesch\u00e4tzte Lesezeit\" \/>\n\t<meta name=\"twitter:data1\" content=\"2\u00a0Minuten\" \/>\n<script type=\"application\/ld+json\" class=\"yoast-schema-graph\">{\"@context\":\"https:\\\/\\\/schema.org\",\"@graph\":[{\"@type\":\"WebPage\",\"@id\":\"https:\\\/\\\/marktxxl.de\\\/markt\\\/produkt\\\/red-ember-world-of-horses-2023-wandkalender-zum-aufhaengen-305-x-61-cm-geoeffnet-dickes-stabiles-papier-geschenk-ein-muss-fuer-pferdeliebhaber\\\/\",\"url\":\"https:\\\/\\\/marktxxl.de\\\/markt\\\/produkt\\\/red-ember-world-of-horses-2023-wandkalender-zum-aufhaengen-305-x-61-cm-geoeffnet-dickes-stabiles-papier-geschenk-ein-muss-fuer-pferdeliebhaber\\\/\",\"name\":\"RED EMBER World of Horses 2023 Wandkalender zum Aufh\u00e4ngen | 30,5 x 61 cm ge\u00f6ffnet | dickes &amp; stabiles Papier | Geschenk\u2026 - Markt-XXL\",\"isPartOf\":{\"@id\":\"https:\\\/\\\/marktxxl.de\\\/markt\\\/#website\"},\"primaryImageOfPage\":{\"@id\":\"https:\\\/\\\/marktxxl.de\\\/markt\\\/produkt\\\/red-ember-world-of-horses-2023-wandkalender-zum-aufhaengen-305-x-61-cm-geoeffnet-dickes-stabiles-papier-geschenk-ein-muss-fuer-pferdeliebhaber\\\/#primaryimage\"},\"image\":{\"@id\":\"https:\\\/\\\/marktxxl.de\\\/markt\\\/produkt\\\/red-ember-world-of-horses-2023-wandkalender-zum-aufhaengen-305-x-61-cm-geoeffnet-dickes-stabiles-papier-geschenk-ein-muss-fuer-pferdeliebhaber\\\/#primaryimage\"},\"thumbnailUrl\":\"https:\\\/\\\/m.media-amazon.com\\\/images\\\/I\\\/51YgMEGBbuL._SL500_.jpg\",\"datePublished\":\"2023-03-11T08:25:53+00:00\",\"dateModified\":\"2023-04-09T03:16:20+00:00\",\"description\":\"Markt-XXL RED EMBER World of Horses 2023 Wandkalender zum Aufh\u00e4ngen | 30,5 x 61 cm ge\u00f6ffnet | dickes &amp; stabiles Papier | Geschenk\u2026\",\"breadcrumb\":{\"@id\":\"https:\\\/\\\/marktxxl.de\\\/markt\\\/produkt\\\/red-ember-world-of-horses-2023-wandkalender-zum-aufhaengen-305-x-61-cm-geoeffnet-dickes-stabiles-papier-geschenk-ein-muss-fuer-pferdeliebhaber\\\/#breadcrumb\"},\"inLanguage\":\"de\",\"potentialAction\":[{\"@type\":\"ReadAction\",\"target\":[\"https:\\\/\\\/marktxxl.de\\\/markt\\\/produkt\\\/red-ember-world-of-horses-2023-wandkalender-zum-aufhaengen-305-x-61-cm-geoeffnet-dickes-stabiles-papier-geschenk-ein-muss-fuer-pferdeliebhaber\\\/\"]}]},{\"@type\":\"ImageObject\",\"inLanguage\":\"de\",\"@id\":\"https:\\\/\\\/marktxxl.de\\\/markt\\\/produkt\\\/red-ember-world-of-horses-2023-wandkalender-zum-aufhaengen-305-x-61-cm-geoeffnet-dickes-stabiles-papier-geschenk-ein-muss-fuer-pferdeliebhaber\\\/#primaryimage\",\"url\":\"https:\\\/\\\/m.media-amazon.com\\\/images\\\/I\\\/51YgMEGBbuL._SL500_.jpg\",\"contentUrl\":\"https:\\\/\\\/m.media-amazon.com\\\/images\\\/I\\\/51YgMEGBbuL._SL500_.jpg\",\"width\":500,\"height\":497},{\"@type\":\"BreadcrumbList\",\"@id\":\"https:\\\/\\\/marktxxl.de\\\/markt\\\/produkt\\\/red-ember-world-of-horses-2023-wandkalender-zum-aufhaengen-305-x-61-cm-geoeffnet-dickes-stabiles-papier-geschenk-ein-muss-fuer-pferdeliebhaber\\\/#breadcrumb\",\"itemListElement\":[{\"@type\":\"ListItem\",\"position\":1,\"name\":\"Startseite\",\"item\":\"https:\\\/\\\/marktxxl.de\\\/markt\\\/\"},{\"@type\":\"ListItem\",\"position\":2,\"name\":\"Markt\",\"item\":\"https:\\\/\\\/marktxxl.de\\\/markt\\\/\"},{\"@type\":\"ListItem\",\"position\":3,\"name\":\"RED EMBER World of Horses 2023 Wandkalender zum Aufh\u00e4ngen | 30,5 x 61 cm ge\u00f6ffnet | dickes &amp; stabiles Papier | Geschenk\u2026\"}]},{\"@type\":\"WebSite\",\"@id\":\"https:\\\/\\\/marktxxl.de\\\/markt\\\/#website\",\"url\":\"https:\\\/\\\/marktxxl.de\\\/markt\\\/\",\"name\":\"Markt-XXL\",\"description\":\"Ihr Markt Online\",\"publisher\":{\"@id\":\"https:\\\/\\\/marktxxl.de\\\/markt\\\/#organization\"},\"potentialAction\":[{\"@type\":\"SearchAction\",\"target\":{\"@type\":\"EntryPoint\",\"urlTemplate\":\"https:\\\/\\\/marktxxl.de\\\/markt\\\/?s={search_term_string}\"},\"query-input\":{\"@type\":\"PropertyValueSpecification\",\"valueRequired\":true,\"valueName\":\"search_term_string\"}}],\"inLanguage\":\"de\"},{\"@type\":\"Organization\",\"@id\":\"https:\\\/\\\/marktxxl.de\\\/markt\\\/#organization\",\"name\":\"Markt-XXL\",\"url\":\"https:\\\/\\\/marktxxl.de\\\/markt\\\/\",\"logo\":{\"@type\":\"ImageObject\",\"inLanguage\":\"de\",\"@id\":\"https:\\\/\\\/marktxxl.de\\\/markt\\\/#\\\/schema\\\/logo\\\/image\\\/\",\"url\":\"https:\\\/\\\/marktxxl.de\\\/markt\\\/wp-content\\\/uploads\\\/sites\\\/3\\\/2020\\\/12\\\/logo.png\",\"contentUrl\":\"https:\\\/\\\/marktxxl.de\\\/markt\\\/wp-content\\\/uploads\\\/sites\\\/3\\\/2020\\\/12\\\/logo.png\",\"width\":200,\"height\":70,\"caption\":\"Markt-XXL\"},\"image\":{\"@id\":\"https:\\\/\\\/marktxxl.de\\\/markt\\\/#\\\/schema\\\/logo\\\/image\\\/\"}}]}<\/script>\n<!-- \/ Yoast SEO plugin. -->","yoast_head_json":{"title":"RED EMBER World of Horses 2023 Wandkalender zum Aufh\u00e4ngen | 30,5 x 61 cm ge\u00f6ffnet | dickes &amp; stabiles Papier | Geschenk\u2026 - Markt-XXL","description":"Markt-XXL RED EMBER World of Horses 2023 Wandkalender zum Aufh\u00e4ngen | 30,5 x 61 cm ge\u00f6ffnet | dickes &amp; stabiles Papier | Geschenk\u2026","robots":{"index":"index","follow":"follow","max-snippet":"max-snippet:-1","max-image-preview":"max-image-preview:large","max-video-preview":"max-video-preview:-1"},"canonical":"https:\/\/marktxxl.de\/markt\/produkt\/red-ember-world-of-horses-2023-wandkalender-zum-aufhaengen-305-x-61-cm-geoeffnet-dickes-stabiles-papier-geschenk-ein-muss-fuer-pferdeliebhaber\/","og_locale":"de_DE","og_type":"article","og_title":"RED EMBER World of Horses 2023 Wandkalender zum Aufh\u00e4ngen | 30,5 x 61 cm ge\u00f6ffnet | dickes &amp; stabiles Papier | Geschenk\u2026 - Markt-XXL","og_description":"Markt-XXL RED EMBER World of Horses 2023 Wandkalender zum Aufh\u00e4ngen | 30,5 x 61 cm ge\u00f6ffnet | dickes &amp; stabiles Papier | Geschenk\u2026","og_url":"https:\/\/marktxxl.de\/markt\/produkt\/red-ember-world-of-horses-2023-wandkalender-zum-aufhaengen-305-x-61-cm-geoeffnet-dickes-stabiles-papier-geschenk-ein-muss-fuer-pferdeliebhaber\/","og_site_name":"Markt-XXL","article_modified_time":"2023-04-09T03:16:20+00:00","og_image":[{"width":500,"height":497,"url":"https:\/\/m.media-amazon.com\/images\/I\/51YgMEGBbuL._SL500_.jpg","type":"image\/jpeg"}],"twitter_card":"summary_large_image","twitter_misc":{"Gesch\u00e4tzte Lesezeit":"2\u00a0Minuten"},"schema":{"@context":"https:\/\/schema.org","@graph":[{"@type":"WebPage","@id":"https:\/\/marktxxl.de\/markt\/produkt\/red-ember-world-of-horses-2023-wandkalender-zum-aufhaengen-305-x-61-cm-geoeffnet-dickes-stabiles-papier-geschenk-ein-muss-fuer-pferdeliebhaber\/","url":"https:\/\/marktxxl.de\/markt\/produkt\/red-ember-world-of-horses-2023-wandkalender-zum-aufhaengen-305-x-61-cm-geoeffnet-dickes-stabiles-papier-geschenk-ein-muss-fuer-pferdeliebhaber\/","name":"RED EMBER World of Horses 2023 Wandkalender zum Aufh\u00e4ngen | 30,5 x 61 cm ge\u00f6ffnet | dickes &amp; stabiles Papier | Geschenk\u2026 - Markt-XXL","isPartOf":{"@id":"https:\/\/marktxxl.de\/markt\/#website"},"primaryImageOfPage":{"@id":"https:\/\/marktxxl.de\/markt\/produkt\/red-ember-world-of-horses-2023-wandkalender-zum-aufhaengen-305-x-61-cm-geoeffnet-dickes-stabiles-papier-geschenk-ein-muss-fuer-pferdeliebhaber\/#primaryimage"},"image":{"@id":"https:\/\/marktxxl.de\/markt\/produkt\/red-ember-world-of-horses-2023-wandkalender-zum-aufhaengen-305-x-61-cm-geoeffnet-dickes-stabiles-papier-geschenk-ein-muss-fuer-pferdeliebhaber\/#primaryimage"},"thumbnailUrl":"https:\/\/m.media-amazon.com\/images\/I\/51YgMEGBbuL._SL500_.jpg","datePublished":"2023-03-11T08:25:53+00:00","dateModified":"2023-04-09T03:16:20+00:00","description":"Markt-XXL RED EMBER World of Horses 2023 Wandkalender zum Aufh\u00e4ngen | 30,5 x 61 cm ge\u00f6ffnet | dickes &amp; stabiles Papier | Geschenk\u2026","breadcrumb":{"@id":"https:\/\/marktxxl.de\/markt\/produkt\/red-ember-world-of-horses-2023-wandkalender-zum-aufhaengen-305-x-61-cm-geoeffnet-dickes-stabiles-papier-geschenk-ein-muss-fuer-pferdeliebhaber\/#breadcrumb"},"inLanguage":"de","potentialAction":[{"@type":"ReadAction","target":["https:\/\/marktxxl.de\/markt\/produkt\/red-ember-world-of-horses-2023-wandkalender-zum-aufhaengen-305-x-61-cm-geoeffnet-dickes-stabiles-papier-geschenk-ein-muss-fuer-pferdeliebhaber\/"]}]},{"@type":"ImageObject","inLanguage":"de","@id":"https:\/\/marktxxl.de\/markt\/produkt\/red-ember-world-of-horses-2023-wandkalender-zum-aufhaengen-305-x-61-cm-geoeffnet-dickes-stabiles-papier-geschenk-ein-muss-fuer-pferdeliebhaber\/#primaryimage","url":"https:\/\/m.media-amazon.com\/images\/I\/51YgMEGBbuL._SL500_.jpg","contentUrl":"https:\/\/m.media-amazon.com\/images\/I\/51YgMEGBbuL._SL500_.jpg","width":500,"height":497},{"@type":"BreadcrumbList","@id":"https:\/\/marktxxl.de\/markt\/produkt\/red-ember-world-of-horses-2023-wandkalender-zum-aufhaengen-305-x-61-cm-geoeffnet-dickes-stabiles-papier-geschenk-ein-muss-fuer-pferdeliebhaber\/#breadcrumb","itemListElement":[{"@type":"ListItem","position":1,"name":"Startseite","item":"https:\/\/marktxxl.de\/markt\/"},{"@type":"ListItem","position":2,"name":"Markt","item":"https:\/\/marktxxl.de\/markt\/"},{"@type":"ListItem","position":3,"name":"RED EMBER World of Horses 2023 Wandkalender zum Aufh\u00e4ngen | 30,5 x 61 cm ge\u00f6ffnet | dickes &amp; stabiles Papier | Geschenk\u2026"}]},{"@type":"WebSite","@id":"https:\/\/marktxxl.de\/markt\/#website","url":"https:\/\/marktxxl.de\/markt\/","name":"Markt-XXL","description":"Ihr Markt Online","publisher":{"@id":"https:\/\/marktxxl.de\/markt\/#organization"},"potentialAction":[{"@type":"SearchAction","target":{"@type":"EntryPoint","urlTemplate":"https:\/\/marktxxl.de\/markt\/?s={search_term_string}"},"query-input":{"@type":"PropertyValueSpecification","valueRequired":true,"valueName":"search_term_string"}}],"inLanguage":"de"},{"@type":"Organization","@id":"https:\/\/marktxxl.de\/markt\/#organization","name":"Markt-XXL","url":"https:\/\/marktxxl.de\/markt\/","logo":{"@type":"ImageObject","inLanguage":"de","@id":"https:\/\/marktxxl.de\/markt\/#\/schema\/logo\/image\/","url":"https:\/\/marktxxl.de\/markt\/wp-content\/uploads\/sites\/3\/2020\/12\/logo.png","contentUrl":"https:\/\/marktxxl.de\/markt\/wp-content\/uploads\/sites\/3\/2020\/12\/logo.png","width":200,"height":70,"caption":"Markt-XXL"},"image":{"@id":"https:\/\/marktxxl.de\/markt\/#\/schema\/logo\/image\/"}}]}},"_links":{"self":[{"href":"https:\/\/marktxxl.de\/markt\/wp-json\/wp\/v2\/product\/195604","targetHints":{"allow":["GET"]}}],"collection":[{"href":"https:\/\/marktxxl.de\/markt\/wp-json\/wp\/v2\/product"}],"about":[{"href":"https:\/\/marktxxl.de\/markt\/wp-json\/wp\/v2\/types\/product"}],"replies":[{"embeddable":true,"href":"https:\/\/marktxxl.de\/markt\/wp-json\/wp\/v2\/comments?post=195604"}],"wp:featuredmedia":[{"embeddable":true,"href":"https:\/\/marktxxl.de\/markt\/wp-json\/wp\/v2\/media\/195605"}],"wp:attachment":[{"href":"https:\/\/marktxxl.de\/markt\/wp-json\/wp\/v2\/media?parent=195604"}],"wp:term":[{"taxonomy":"product_brand","embeddable":true,"href":"https:\/\/marktxxl.de\/markt\/wp-json\/wp\/v2\/product_brand?post=195604"},{"taxonomy":"product_cat","embeddable":true,"href":"https:\/\/marktxxl.de\/markt\/wp-json\/wp\/v2\/product_cat?post=195604"},{"taxonomy":"product_tag","embeddable":true,"href":"https:\/\/marktxxl.de\/markt\/wp-json\/wp\/v2\/product_tag?post=195604"}],"curies":[{"name":"wp","href":"https:\/\/api.w.org\/{rel}","templated":true}]}}