{"id":195522,"date":"2023-03-11T09:23:01","date_gmt":"2023-03-11T08:23:01","guid":{"rendered":"https:\/\/marktxxl.de\/markt\/produkt\/milk-snob-originaler-5-in-1-luxe-bezug-zusaetzliche-privatsphaere-fuer-das-stillen-babyautositz-babytrage-kinderwagen-hochstuhl-einkaufswagen-liegendach-neugeborenen-essentials-stilltop\/"},"modified":"2023-04-09T05:16:19","modified_gmt":"2023-04-09T03:16:19","slug":"milk-snob-originaler-5-in-1-luxe-bezug-zusaetzliche-privatsphaere-fuer-das-stillen-babyautositz-babytrage-kinderwagen-hochstuhl-einkaufswagen-liegendach-neugeborenen-essentials-stilltop","status":"publish","type":"product","link":"https:\/\/marktxxl.de\/markt\/produkt\/milk-snob-originaler-5-in-1-luxe-bezug-zusaetzliche-privatsphaere-fuer-das-stillen-babyautositz-babytrage-kinderwagen-hochstuhl-einkaufswagen-liegendach-neugeborenen-essentials-stilltop\/","title":{"rendered":"Milk Snob Originaler 5-in-1-Luxe-Bezug in Oliv \u2013 Zus\u00e4tzliche Privatsph\u00e4re f\u00fcr Stillen, Babyschale, Babytrage\u2026"},"content":{"rendered":"<p>Der Milk Snob Bezug wird luxuri\u00f6s: Es ist derselbe Milk Snob Bezug, den Sie kennen und lieben, in einem luxuri\u00f6s weichen Stoff, den Sie f\u00fchlen m\u00fcssen, um es zu glauben. \u00dcberraschen Sie jede praktische Mutter und jeden Vater mit diesem entz\u00fcckenden Babyparty- und Geburtstagsgeschenk.<br \/>\nHolen Sie sich 360-Grad-Abdeckung beim Stillen in der \u00d6ffentlichkeit: Unser einzigartiges Design wurde sorgf\u00e4ltig entwickelt, um Ihnen und Ihrem Baby beim F\u00fcttern einen gem\u00fctlichen und privaten Raum zu bieten. Sie k\u00f6nnen es auch als Schal tragen oder zusammenfalten und in Ihrer Wickeltasche verstauen, wenn es nicht verwendet wird.<br \/>\nBequem und multifunktional: Unser Stillbezug aus seidig weichem, hochwertigem Viskose-Mischgewebe dient auch als Abdeckung f\u00fcr Babyautositze, Einkaufswagen, Hochst\u00fchle und Babyschaukeln. So k\u00f6nnen Sie Ihr Baby vor grellem Sonnenlicht, Wind und unerw\u00fcnschten Zuschauern sch\u00fctzen.<br \/>\nW\u00e4hlen Sie Ihren Stil: Egal, ob Sie ein Babym\u00e4dchen oder einen Babyjungen kaufen oder nach geschlechtsneutralen Babyprodukten suchen, wir haben eine bunte Sammlung niedlicher, hochwertiger Designs, aus denen Sie w\u00e4hlen k\u00f6nnen! Sie k\u00f6nnen sogar passende Muster aus unseren Babydeckenkollektionen erhalten!<br \/>\nWenn Sie Bedenken bez\u00fcglich Ihrer Bestellung haben, lassen Sie es uns wissen, damit wir die Dinge f\u00fcr Sie richtig machen k\u00f6nnen!<br \/>\n<div class=\"main-cross-sell\" data-asin=\"B0BJVC2122\">\n\n\t<div class=\"WooZone-cross-sell-loader\">\n\t\t<div>\n\t\t\t<div id=\"floatingBarsG\">\n\t\t\t\t<div class=\"blockG\" id=\"rotateG_01\"><\/div>\n\t\t\t\t<div class=\"blockG\" id=\"rotateG_02\"><\/div>\n\t\t\t\t<div class=\"blockG\" id=\"rotateG_03\"><\/div>\n\t\t\t\t<div class=\"blockG\" id=\"rotateG_04\"><\/div>\n\t\t\t\t<div class=\"blockG\" id=\"rotateG_05\"><\/div>\n\t\t\t\t<div class=\"blockG\" id=\"rotateG_06\"><\/div>\n\t\t\t\t<div class=\"blockG\" id=\"rotateG_07\"><\/div>\n\t\t\t\t<div class=\"blockG\" id=\"rotateG_08\"><\/div>\n\t\t\t<\/div>\n\t\t\t<div class=\"WooZone-cross-sell-loader-text\"><\/div>\n\t\t<\/div>\n\t<\/div>\n\n\t\t\n<\/div>\n<div style=\"clear:both;\"><\/div><\/p>\n","protected":false},"excerpt":{"rendered":"<p>Der Milk Snob Bezug wird luxuri\u00f6s: Es ist derselbe Milk Snob Bezug, den Sie kennen und lieben, in einem luxuri\u00f6s weichen Stoff, den Sie f\u00fchlen m\u00fcssen, um es zu glauben. \u00dcberraschen Sie jede praktische Mutter und jeden Vater mit diesem entz\u00fcckenden Babyparty- und Geburtstagsgeschenk.<br \/>\nHolen Sie sich 360-Grad-Abdeckung beim Stillen in der \u00d6ffentlichkeit: Unser einzigartiges Design wurde sorgf\u00e4ltig entwickelt, um Ihnen und Ihrem Baby beim F\u00fcttern einen gem\u00fctlichen und privaten Raum zu bieten. Sie k\u00f6nnen es auch als Schal tragen oder zusammenfalten und in Ihrer Wickeltasche verstauen, wenn es nicht verwendet wird.<br \/>\nBequem und multifunktional: Unser Stillbezug aus seidig weichem, hochwertigem Viskose-Mischgewebe dient auch als Abdeckung f\u00fcr Babyautositze, Einkaufswagen, Hochst\u00fchle und Babyschaukeln. So k\u00f6nnen Sie Ihr Baby vor grellem Sonnenlicht, Wind und unerw\u00fcnschten Zuschauern sch\u00fctzen.<\/p>\n","protected":false},"featured_media":195523,"comment_status":"open","ping_status":"closed","template":"","meta":[],"product_brand":[],"product_cat":[21,9074],"product_tag":[],"class_list":{"0":"post-195522","1":"product","2":"type-product","3":"status-publish","4":"has-post-thumbnail","6":"product_cat-baby","7":"product_cat-babytragen-baby","8":"pa_binding-babyartikel","9":"pa_brand-milk-snob","10":"pa_manufacturer-milk-snob","12":"first","13":"instock","14":"shipping-taxable","15":"purchasable","16":"product-type-simple","17":"customify-col","18":"product-has-gallery"},"yoast_head":"<!-- This site is optimized with the Yoast SEO plugin v27.4 - https:\/\/yoast.com\/product\/yoast-seo-wordpress\/ -->\n<title>Milk Snob Originaler 5-in-1-Luxe-Bezug in Oliv \u2013 Zus\u00e4tzliche Privatsph\u00e4re f\u00fcr Stillen, Babyschale, Babytrage\u2026 - Markt-XXL<\/title>\n<meta name=\"description\" content=\"Markt-XXL Milk Snob Originaler 5-in-1-Luxe-Bezug in Oliv \u2013 Zus\u00e4tzliche Privatsph\u00e4re f\u00fcr Stillen, Babyschale, Babytrage\u2026\" \/>\n<meta name=\"robots\" content=\"index, follow, max-snippet:-1, max-image-preview:large, max-video-preview:-1\" \/>\n<link rel=\"canonical\" href=\"https:\/\/marktxxl.de\/markt\/produkt\/milk-snob-originaler-5-in-1-luxe-bezug-zusaetzliche-privatsphaere-fuer-das-stillen-babyautositz-babytrage-kinderwagen-hochstuhl-einkaufswagen-liegendach-neugeborenen-essentials-stilltop\/\" \/>\n<meta property=\"og:locale\" content=\"de_DE\" \/>\n<meta property=\"og:type\" content=\"article\" \/>\n<meta property=\"og:title\" content=\"Milk Snob Originaler 5-in-1-Luxe-Bezug in Oliv \u2013 Zus\u00e4tzliche Privatsph\u00e4re f\u00fcr Stillen, Babyschale, Babytrage\u2026 - Markt-XXL\" \/>\n<meta property=\"og:description\" content=\"Markt-XXL Milk Snob Originaler 5-in-1-Luxe-Bezug in Oliv \u2013 Zus\u00e4tzliche Privatsph\u00e4re f\u00fcr Stillen, Babyschale, Babytrage\u2026\" \/>\n<meta property=\"og:url\" content=\"https:\/\/marktxxl.de\/markt\/produkt\/milk-snob-originaler-5-in-1-luxe-bezug-zusaetzliche-privatsphaere-fuer-das-stillen-babyautositz-babytrage-kinderwagen-hochstuhl-einkaufswagen-liegendach-neugeborenen-essentials-stilltop\/\" \/>\n<meta property=\"og:site_name\" content=\"Markt-XXL\" \/>\n<meta property=\"article:modified_time\" content=\"2023-04-09T03:16:19+00:00\" \/>\n<meta property=\"og:image\" content=\"https:\/\/m.media-amazon.com\/images\/I\/31D+XWQyiSL._SL500_.jpg\" \/>\n\t<meta property=\"og:image:width\" content=\"418\" \/>\n\t<meta property=\"og:image:height\" content=\"500\" \/>\n\t<meta property=\"og:image:type\" content=\"image\/jpeg\" \/>\n<meta name=\"twitter:card\" content=\"summary_large_image\" \/>\n<meta name=\"twitter:label1\" content=\"Gesch\u00e4tzte Lesezeit\" \/>\n\t<meta name=\"twitter:data1\" content=\"1\u00a0Minute\" \/>\n<script type=\"application\/ld+json\" class=\"yoast-schema-graph\">{\"@context\":\"https:\\\/\\\/schema.org\",\"@graph\":[{\"@type\":\"WebPage\",\"@id\":\"https:\\\/\\\/marktxxl.de\\\/markt\\\/produkt\\\/milk-snob-originaler-5-in-1-luxe-bezug-zusaetzliche-privatsphaere-fuer-das-stillen-babyautositz-babytrage-kinderwagen-hochstuhl-einkaufswagen-liegendach-neugeborenen-essentials-stilltop\\\/\",\"url\":\"https:\\\/\\\/marktxxl.de\\\/markt\\\/produkt\\\/milk-snob-originaler-5-in-1-luxe-bezug-zusaetzliche-privatsphaere-fuer-das-stillen-babyautositz-babytrage-kinderwagen-hochstuhl-einkaufswagen-liegendach-neugeborenen-essentials-stilltop\\\/\",\"name\":\"Milk Snob Originaler 5-in-1-Luxe-Bezug in Oliv \u2013 Zus\u00e4tzliche Privatsph\u00e4re f\u00fcr Stillen, Babyschale, Babytrage\u2026 - Markt-XXL\",\"isPartOf\":{\"@id\":\"https:\\\/\\\/marktxxl.de\\\/markt\\\/#website\"},\"primaryImageOfPage\":{\"@id\":\"https:\\\/\\\/marktxxl.de\\\/markt\\\/produkt\\\/milk-snob-originaler-5-in-1-luxe-bezug-zusaetzliche-privatsphaere-fuer-das-stillen-babyautositz-babytrage-kinderwagen-hochstuhl-einkaufswagen-liegendach-neugeborenen-essentials-stilltop\\\/#primaryimage\"},\"image\":{\"@id\":\"https:\\\/\\\/marktxxl.de\\\/markt\\\/produkt\\\/milk-snob-originaler-5-in-1-luxe-bezug-zusaetzliche-privatsphaere-fuer-das-stillen-babyautositz-babytrage-kinderwagen-hochstuhl-einkaufswagen-liegendach-neugeborenen-essentials-stilltop\\\/#primaryimage\"},\"thumbnailUrl\":\"https:\\\/\\\/m.media-amazon.com\\\/images\\\/I\\\/31D+XWQyiSL._SL500_.jpg\",\"datePublished\":\"2023-03-11T08:23:01+00:00\",\"dateModified\":\"2023-04-09T03:16:19+00:00\",\"description\":\"Markt-XXL Milk Snob Originaler 5-in-1-Luxe-Bezug in Oliv \u2013 Zus\u00e4tzliche Privatsph\u00e4re f\u00fcr Stillen, Babyschale, Babytrage\u2026\",\"breadcrumb\":{\"@id\":\"https:\\\/\\\/marktxxl.de\\\/markt\\\/produkt\\\/milk-snob-originaler-5-in-1-luxe-bezug-zusaetzliche-privatsphaere-fuer-das-stillen-babyautositz-babytrage-kinderwagen-hochstuhl-einkaufswagen-liegendach-neugeborenen-essentials-stilltop\\\/#breadcrumb\"},\"inLanguage\":\"de\",\"potentialAction\":[{\"@type\":\"ReadAction\",\"target\":[\"https:\\\/\\\/marktxxl.de\\\/markt\\\/produkt\\\/milk-snob-originaler-5-in-1-luxe-bezug-zusaetzliche-privatsphaere-fuer-das-stillen-babyautositz-babytrage-kinderwagen-hochstuhl-einkaufswagen-liegendach-neugeborenen-essentials-stilltop\\\/\"]}]},{\"@type\":\"ImageObject\",\"inLanguage\":\"de\",\"@id\":\"https:\\\/\\\/marktxxl.de\\\/markt\\\/produkt\\\/milk-snob-originaler-5-in-1-luxe-bezug-zusaetzliche-privatsphaere-fuer-das-stillen-babyautositz-babytrage-kinderwagen-hochstuhl-einkaufswagen-liegendach-neugeborenen-essentials-stilltop\\\/#primaryimage\",\"url\":\"https:\\\/\\\/m.media-amazon.com\\\/images\\\/I\\\/31D+XWQyiSL._SL500_.jpg\",\"contentUrl\":\"https:\\\/\\\/m.media-amazon.com\\\/images\\\/I\\\/31D+XWQyiSL._SL500_.jpg\",\"width\":418,\"height\":500},{\"@type\":\"BreadcrumbList\",\"@id\":\"https:\\\/\\\/marktxxl.de\\\/markt\\\/produkt\\\/milk-snob-originaler-5-in-1-luxe-bezug-zusaetzliche-privatsphaere-fuer-das-stillen-babyautositz-babytrage-kinderwagen-hochstuhl-einkaufswagen-liegendach-neugeborenen-essentials-stilltop\\\/#breadcrumb\",\"itemListElement\":[{\"@type\":\"ListItem\",\"position\":1,\"name\":\"Startseite\",\"item\":\"https:\\\/\\\/marktxxl.de\\\/markt\\\/\"},{\"@type\":\"ListItem\",\"position\":2,\"name\":\"Markt\",\"item\":\"https:\\\/\\\/marktxxl.de\\\/markt\\\/\"},{\"@type\":\"ListItem\",\"position\":3,\"name\":\"Milk Snob Originaler 5-in-1-Luxe-Bezug in Oliv \u2013 Zus\u00e4tzliche Privatsph\u00e4re f\u00fcr Stillen, Babyschale, Babytrage\u2026\"}]},{\"@type\":\"WebSite\",\"@id\":\"https:\\\/\\\/marktxxl.de\\\/markt\\\/#website\",\"url\":\"https:\\\/\\\/marktxxl.de\\\/markt\\\/\",\"name\":\"Markt-XXL\",\"description\":\"Ihr Markt Online\",\"publisher\":{\"@id\":\"https:\\\/\\\/marktxxl.de\\\/markt\\\/#organization\"},\"potentialAction\":[{\"@type\":\"SearchAction\",\"target\":{\"@type\":\"EntryPoint\",\"urlTemplate\":\"https:\\\/\\\/marktxxl.de\\\/markt\\\/?s={search_term_string}\"},\"query-input\":{\"@type\":\"PropertyValueSpecification\",\"valueRequired\":true,\"valueName\":\"search_term_string\"}}],\"inLanguage\":\"de\"},{\"@type\":\"Organization\",\"@id\":\"https:\\\/\\\/marktxxl.de\\\/markt\\\/#organization\",\"name\":\"Markt-XXL\",\"url\":\"https:\\\/\\\/marktxxl.de\\\/markt\\\/\",\"logo\":{\"@type\":\"ImageObject\",\"inLanguage\":\"de\",\"@id\":\"https:\\\/\\\/marktxxl.de\\\/markt\\\/#\\\/schema\\\/logo\\\/image\\\/\",\"url\":\"https:\\\/\\\/marktxxl.de\\\/markt\\\/wp-content\\\/uploads\\\/sites\\\/3\\\/2020\\\/12\\\/logo.png\",\"contentUrl\":\"https:\\\/\\\/marktxxl.de\\\/markt\\\/wp-content\\\/uploads\\\/sites\\\/3\\\/2020\\\/12\\\/logo.png\",\"width\":200,\"height\":70,\"caption\":\"Markt-XXL\"},\"image\":{\"@id\":\"https:\\\/\\\/marktxxl.de\\\/markt\\\/#\\\/schema\\\/logo\\\/image\\\/\"}}]}<\/script>\n<!-- \/ Yoast SEO plugin. -->","yoast_head_json":{"title":"Milk Snob Originaler 5-in-1-Luxe-Bezug in Oliv \u2013 Zus\u00e4tzliche Privatsph\u00e4re f\u00fcr Stillen, Babyschale, Babytrage\u2026 - Markt-XXL","description":"Markt-XXL Milk Snob Originaler 5-in-1-Luxe-Bezug in Oliv \u2013 Zus\u00e4tzliche Privatsph\u00e4re f\u00fcr Stillen, Babyschale, Babytrage\u2026","robots":{"index":"index","follow":"follow","max-snippet":"max-snippet:-1","max-image-preview":"max-image-preview:large","max-video-preview":"max-video-preview:-1"},"canonical":"https:\/\/marktxxl.de\/markt\/produkt\/milk-snob-originaler-5-in-1-luxe-bezug-zusaetzliche-privatsphaere-fuer-das-stillen-babyautositz-babytrage-kinderwagen-hochstuhl-einkaufswagen-liegendach-neugeborenen-essentials-stilltop\/","og_locale":"de_DE","og_type":"article","og_title":"Milk Snob Originaler 5-in-1-Luxe-Bezug in Oliv \u2013 Zus\u00e4tzliche Privatsph\u00e4re f\u00fcr Stillen, Babyschale, Babytrage\u2026 - Markt-XXL","og_description":"Markt-XXL Milk Snob Originaler 5-in-1-Luxe-Bezug in Oliv \u2013 Zus\u00e4tzliche Privatsph\u00e4re f\u00fcr Stillen, Babyschale, Babytrage\u2026","og_url":"https:\/\/marktxxl.de\/markt\/produkt\/milk-snob-originaler-5-in-1-luxe-bezug-zusaetzliche-privatsphaere-fuer-das-stillen-babyautositz-babytrage-kinderwagen-hochstuhl-einkaufswagen-liegendach-neugeborenen-essentials-stilltop\/","og_site_name":"Markt-XXL","article_modified_time":"2023-04-09T03:16:19+00:00","og_image":[{"width":418,"height":500,"url":"https:\/\/m.media-amazon.com\/images\/I\/31D+XWQyiSL._SL500_.jpg","type":"image\/jpeg"}],"twitter_card":"summary_large_image","twitter_misc":{"Gesch\u00e4tzte Lesezeit":"1\u00a0Minute"},"schema":{"@context":"https:\/\/schema.org","@graph":[{"@type":"WebPage","@id":"https:\/\/marktxxl.de\/markt\/produkt\/milk-snob-originaler-5-in-1-luxe-bezug-zusaetzliche-privatsphaere-fuer-das-stillen-babyautositz-babytrage-kinderwagen-hochstuhl-einkaufswagen-liegendach-neugeborenen-essentials-stilltop\/","url":"https:\/\/marktxxl.de\/markt\/produkt\/milk-snob-originaler-5-in-1-luxe-bezug-zusaetzliche-privatsphaere-fuer-das-stillen-babyautositz-babytrage-kinderwagen-hochstuhl-einkaufswagen-liegendach-neugeborenen-essentials-stilltop\/","name":"Milk Snob Originaler 5-in-1-Luxe-Bezug in Oliv \u2013 Zus\u00e4tzliche Privatsph\u00e4re f\u00fcr Stillen, Babyschale, Babytrage\u2026 - Markt-XXL","isPartOf":{"@id":"https:\/\/marktxxl.de\/markt\/#website"},"primaryImageOfPage":{"@id":"https:\/\/marktxxl.de\/markt\/produkt\/milk-snob-originaler-5-in-1-luxe-bezug-zusaetzliche-privatsphaere-fuer-das-stillen-babyautositz-babytrage-kinderwagen-hochstuhl-einkaufswagen-liegendach-neugeborenen-essentials-stilltop\/#primaryimage"},"image":{"@id":"https:\/\/marktxxl.de\/markt\/produkt\/milk-snob-originaler-5-in-1-luxe-bezug-zusaetzliche-privatsphaere-fuer-das-stillen-babyautositz-babytrage-kinderwagen-hochstuhl-einkaufswagen-liegendach-neugeborenen-essentials-stilltop\/#primaryimage"},"thumbnailUrl":"https:\/\/m.media-amazon.com\/images\/I\/31D+XWQyiSL._SL500_.jpg","datePublished":"2023-03-11T08:23:01+00:00","dateModified":"2023-04-09T03:16:19+00:00","description":"Markt-XXL Milk Snob Originaler 5-in-1-Luxe-Bezug in Oliv \u2013 Zus\u00e4tzliche Privatsph\u00e4re f\u00fcr Stillen, Babyschale, Babytrage\u2026","breadcrumb":{"@id":"https:\/\/marktxxl.de\/markt\/produkt\/milk-snob-originaler-5-in-1-luxe-bezug-zusaetzliche-privatsphaere-fuer-das-stillen-babyautositz-babytrage-kinderwagen-hochstuhl-einkaufswagen-liegendach-neugeborenen-essentials-stilltop\/#breadcrumb"},"inLanguage":"de","potentialAction":[{"@type":"ReadAction","target":["https:\/\/marktxxl.de\/markt\/produkt\/milk-snob-originaler-5-in-1-luxe-bezug-zusaetzliche-privatsphaere-fuer-das-stillen-babyautositz-babytrage-kinderwagen-hochstuhl-einkaufswagen-liegendach-neugeborenen-essentials-stilltop\/"]}]},{"@type":"ImageObject","inLanguage":"de","@id":"https:\/\/marktxxl.de\/markt\/produkt\/milk-snob-originaler-5-in-1-luxe-bezug-zusaetzliche-privatsphaere-fuer-das-stillen-babyautositz-babytrage-kinderwagen-hochstuhl-einkaufswagen-liegendach-neugeborenen-essentials-stilltop\/#primaryimage","url":"https:\/\/m.media-amazon.com\/images\/I\/31D+XWQyiSL._SL500_.jpg","contentUrl":"https:\/\/m.media-amazon.com\/images\/I\/31D+XWQyiSL._SL500_.jpg","width":418,"height":500},{"@type":"BreadcrumbList","@id":"https:\/\/marktxxl.de\/markt\/produkt\/milk-snob-originaler-5-in-1-luxe-bezug-zusaetzliche-privatsphaere-fuer-das-stillen-babyautositz-babytrage-kinderwagen-hochstuhl-einkaufswagen-liegendach-neugeborenen-essentials-stilltop\/#breadcrumb","itemListElement":[{"@type":"ListItem","position":1,"name":"Startseite","item":"https:\/\/marktxxl.de\/markt\/"},{"@type":"ListItem","position":2,"name":"Markt","item":"https:\/\/marktxxl.de\/markt\/"},{"@type":"ListItem","position":3,"name":"Milk Snob Originaler 5-in-1-Luxe-Bezug in Oliv \u2013 Zus\u00e4tzliche Privatsph\u00e4re f\u00fcr Stillen, Babyschale, Babytrage\u2026"}]},{"@type":"WebSite","@id":"https:\/\/marktxxl.de\/markt\/#website","url":"https:\/\/marktxxl.de\/markt\/","name":"Markt-XXL","description":"Ihr Markt Online","publisher":{"@id":"https:\/\/marktxxl.de\/markt\/#organization"},"potentialAction":[{"@type":"SearchAction","target":{"@type":"EntryPoint","urlTemplate":"https:\/\/marktxxl.de\/markt\/?s={search_term_string}"},"query-input":{"@type":"PropertyValueSpecification","valueRequired":true,"valueName":"search_term_string"}}],"inLanguage":"de"},{"@type":"Organization","@id":"https:\/\/marktxxl.de\/markt\/#organization","name":"Markt-XXL","url":"https:\/\/marktxxl.de\/markt\/","logo":{"@type":"ImageObject","inLanguage":"de","@id":"https:\/\/marktxxl.de\/markt\/#\/schema\/logo\/image\/","url":"https:\/\/marktxxl.de\/markt\/wp-content\/uploads\/sites\/3\/2020\/12\/logo.png","contentUrl":"https:\/\/marktxxl.de\/markt\/wp-content\/uploads\/sites\/3\/2020\/12\/logo.png","width":200,"height":70,"caption":"Markt-XXL"},"image":{"@id":"https:\/\/marktxxl.de\/markt\/#\/schema\/logo\/image\/"}}]}},"_links":{"self":[{"href":"https:\/\/marktxxl.de\/markt\/wp-json\/wp\/v2\/product\/195522","targetHints":{"allow":["GET"]}}],"collection":[{"href":"https:\/\/marktxxl.de\/markt\/wp-json\/wp\/v2\/product"}],"about":[{"href":"https:\/\/marktxxl.de\/markt\/wp-json\/wp\/v2\/types\/product"}],"replies":[{"embeddable":true,"href":"https:\/\/marktxxl.de\/markt\/wp-json\/wp\/v2\/comments?post=195522"}],"wp:featuredmedia":[{"embeddable":true,"href":"https:\/\/marktxxl.de\/markt\/wp-json\/wp\/v2\/media\/195523"}],"wp:attachment":[{"href":"https:\/\/marktxxl.de\/markt\/wp-json\/wp\/v2\/media?parent=195522"}],"wp:term":[{"taxonomy":"product_brand","embeddable":true,"href":"https:\/\/marktxxl.de\/markt\/wp-json\/wp\/v2\/product_brand?post=195522"},{"taxonomy":"product_cat","embeddable":true,"href":"https:\/\/marktxxl.de\/markt\/wp-json\/wp\/v2\/product_cat?post=195522"},{"taxonomy":"product_tag","embeddable":true,"href":"https:\/\/marktxxl.de\/markt\/wp-json\/wp\/v2\/product_tag?post=195522"}],"curies":[{"name":"wp","href":"https:\/\/api.w.org\/{rel}","templated":true}]}}