{"id":195500,"date":"2023-03-11T09:22:38","date_gmt":"2023-03-11T08:22:38","guid":{"rendered":"https:\/\/marktxxl.de\/markt\/produkt\/xl-zeichen-set-skizzen-graphit-und-kohlestifte-enthaelt-100-seiten-zeichenblock-mit-geknetetem-radiergummi-und-mischstumpf-art-kit-und-zubehoer-fuer-kinder-jugendliche-und-erwachsene\/"},"modified":"2023-04-09T05:16:19","modified_gmt":"2023-04-09T03:16:19","slug":"xl-zeichen-set-skizzen-graphit-und-kohlestifte-enthaelt-100-seiten-zeichenblock-mit-geknetetem-radiergummi-und-mischstumpf-art-kit-und-zubehoer-fuer-kinder-jugendliche-und-erwachsene","status":"publish","type":"product","link":"https:\/\/marktxxl.de\/markt\/produkt\/xl-zeichen-set-skizzen-graphit-und-kohlestifte-enthaelt-100-seiten-zeichenblock-mit-geknetetem-radiergummi-und-mischstumpf-art-kit-und-zubehoer-fuer-kinder-jugendliche-und-erwachsene\/","title":{"rendered":"XL Zeichen-Set | Skizzen-, Graphit- und Kohlestifte | Enth\u00e4lt 100-Seiten-Zeichenblock, mit Geknetetem Radiergummi und\u2026"},"content":{"rendered":"<p>VOM ANF\u00c4NGER ZUM PROFI: Beginnen Sie mit dem Skizzieren, sobald Sie das Zeichen-Kit \u00f6ffnen! Komplettes Zeichenzubeh\u00f6r mit Skizzenblock, K\u00fcnstlerstiften, geknetetem Radiergummi, Anspitzern und vielem mehr.<br \/>\nBLEISTIFTE, RADIERGUMMI, 100-PG-SKIZZENPAD: R\u00fcsten Sie sich mit Skizzierstiften aus, deren Gr\u00f6\u00dfe von der St\u00e4rke 8B bis zum feinen 5H f\u00fcr exakte Zeichenlinien reicht. Mit K\u00fcnstlerstiften zum Zeichnen und Schattieren k\u00f6nnen Sie technische F\u00e4higkeiten entwickeln. Wird sowohl f\u00fcr Kinder als auch f\u00fcr Erwachsene verwendet.<br \/>\nKOMPLETTER ZEICHENSATZ: 12 Premium-Graphitstifte (8B, 6B, 5B, 4B, 3B, 2B, B, HB, 2H, 3H, 4H, 5H), 100-Blatt-Zeichenblock, 1 ultraweicher Holzlos-Spezialstift aus Graphit, 2 Spitzer f\u00fcr Graphit- und Kohlestifte, 3 Kohlestifte in weich, mittel und hart, 3 Graphit-, und 3 Kohlestifte in weich, mittel und hart, 1 gekneteter Radiergummi, ein Kunststoff- \/ Vinyl-Radiergummi, 1 Sandpapierblock, 3x Papiermischstumpf, 1 Bleistiftverl\u00e4ngerer &amp; 1 Kunstmesser.<br \/>\nREISEGR\u00d6SSE: Mit einem Federm\u00e4ppchen mit Rei\u00dfverschluss, indem Sie alle Gebrauchsmaterialien unterteilen k\u00f6nnen. Dieses K\u00fcnstlerset wird Ihnen sicher gefallen! Werden Sie mit Ihren Liebsten kreativ und statten Sie sie mit ihrem ersten vollst\u00e4ndigen Skizzen-Set aus.<br \/>\nQUALIT\u00c4TSGARANTIE: Norberg &amp; Linden zeichnet sich durch h\u00f6chste Qualit\u00e4t, bestem Kundenservice mit h\u00f6chster Zufriedenheit und Geld-zur\u00fcck-Garantie aus. Wir sind zuversichtlich, dass Sie mit dieses K\u00fcnstlerset viel Spa\u00df haben werden!<br \/>\n<div class=\"main-cross-sell\" data-asin=\"B07813KBTY\">\n\n\t<div class=\"WooZone-cross-sell-loader\">\n\t\t<div>\n\t\t\t<div id=\"floatingBarsG\">\n\t\t\t\t<div class=\"blockG\" id=\"rotateG_01\"><\/div>\n\t\t\t\t<div class=\"blockG\" id=\"rotateG_02\"><\/div>\n\t\t\t\t<div class=\"blockG\" id=\"rotateG_03\"><\/div>\n\t\t\t\t<div class=\"blockG\" id=\"rotateG_04\"><\/div>\n\t\t\t\t<div class=\"blockG\" id=\"rotateG_05\"><\/div>\n\t\t\t\t<div class=\"blockG\" id=\"rotateG_06\"><\/div>\n\t\t\t\t<div class=\"blockG\" id=\"rotateG_07\"><\/div>\n\t\t\t\t<div class=\"blockG\" id=\"rotateG_08\"><\/div>\n\t\t\t<\/div>\n\t\t\t<div class=\"WooZone-cross-sell-loader-text\"><\/div>\n\t\t<\/div>\n\t<\/div>\n\n\t\t\n<\/div>\n<div style=\"clear:both;\"><\/div><\/p>\n","protected":false},"excerpt":{"rendered":"<p>VOM ANF\u00c4NGER ZUM PROFI: Beginnen Sie mit dem Skizzieren, sobald Sie das Zeichen-Kit \u00f6ffnen! Komplettes Zeichenzubeh\u00f6r mit Skizzenblock, K\u00fcnstlerstiften, geknetetem Radiergummi, Anspitzern und vielem mehr.<br \/>\nBLEISTIFTE, RADIERGUMMI, 100-PG-SKIZZENPAD: R\u00fcsten Sie sich mit Skizzierstiften aus, deren Gr\u00f6\u00dfe von der St\u00e4rke 8B bis zum feinen 5H f\u00fcr exakte Zeichenlinien reicht. Mit K\u00fcnstlerstiften zum Zeichnen und Schattieren k\u00f6nnen Sie technische F\u00e4higkeiten entwickeln. Wird sowohl f\u00fcr Kinder als auch f\u00fcr Erwachsene verwendet.<br \/>\nKOMPLETTER ZEICHENSATZ: 12 Premium-Graphitstifte (8B, 6B, 5B, 4B, 3B, 2B, B, HB, 2H, 3H, 4H, 5H), 100-Blatt-Zeichenblock, 1 ultraweicher Holzlos-Spezialstift aus Graphit, 2 Spitzer f\u00fcr Graphit- und Kohlestifte, 3 Kohlestifte in weich, mittel und hart, 3 Graphit-, und 3 Kohlestifte in weich, mittel und hart, 1 gekneteter Radiergummi, ein Kunststoff- \/ Vinyl-Radiergummi, 1 Sandpapierblock, 3x Papiermischstumpf, 1 Bleistiftverl\u00e4ngerer &amp; 1 Kunstmesser.<\/p>\n","protected":false},"featured_media":195501,"comment_status":"open","ping_status":"closed","template":"","meta":[],"product_brand":[],"product_cat":[504,8482],"product_tag":[],"class_list":{"0":"post-195500","1":"product","2":"type-product","3":"status-publish","4":"has-post-thumbnail","6":"product_cat-buerobedarf-schreibwaren","7":"product_cat-kuenstler-bastelbedarf","8":"pa_binding-home","9":"pa_brand-norberg-linden","10":"pa_color-blau","11":"pa_height-2-4-zoll","12":"pa_length-9-88-zoll","13":"pa_manufacturer-norberg-linden","14":"pa_model-50169","15":"pa_size-33-teiliges-set","16":"pa_weight-1-8-pfund","17":"pa_width-8-39-zoll","19":"first","20":"instock","21":"shipping-taxable","22":"purchasable","23":"product-type-simple","24":"customify-col","25":"product-has-gallery"},"yoast_head":"<!-- This site is optimized with the Yoast SEO plugin v27.4 - https:\/\/yoast.com\/product\/yoast-seo-wordpress\/ -->\n<title>XL Zeichen-Set | Skizzen-, Graphit- und Kohlestifte | Enth\u00e4lt 100-Seiten-Zeichenblock, mit Geknetetem Radiergummi und\u2026 - Markt-XXL<\/title>\n<meta name=\"description\" content=\"Markt-XXL XL Zeichen-Set | Skizzen-, Graphit- und Kohlestifte | Enth\u00e4lt 100-Seiten-Zeichenblock, mit Geknetetem Radiergummi und\u2026\" \/>\n<meta name=\"robots\" content=\"index, follow, max-snippet:-1, max-image-preview:large, max-video-preview:-1\" \/>\n<link rel=\"canonical\" href=\"https:\/\/marktxxl.de\/markt\/produkt\/xl-zeichen-set-skizzen-graphit-und-kohlestifte-enthaelt-100-seiten-zeichenblock-mit-geknetetem-radiergummi-und-mischstumpf-art-kit-und-zubehoer-fuer-kinder-jugendliche-und-erwachsene\/\" \/>\n<meta property=\"og:locale\" content=\"de_DE\" \/>\n<meta property=\"og:type\" content=\"article\" \/>\n<meta property=\"og:title\" content=\"XL Zeichen-Set | Skizzen-, Graphit- und Kohlestifte | Enth\u00e4lt 100-Seiten-Zeichenblock, mit Geknetetem Radiergummi und\u2026 - Markt-XXL\" \/>\n<meta property=\"og:description\" content=\"Markt-XXL XL Zeichen-Set | Skizzen-, Graphit- und Kohlestifte | Enth\u00e4lt 100-Seiten-Zeichenblock, mit Geknetetem Radiergummi und\u2026\" \/>\n<meta property=\"og:url\" content=\"https:\/\/marktxxl.de\/markt\/produkt\/xl-zeichen-set-skizzen-graphit-und-kohlestifte-enthaelt-100-seiten-zeichenblock-mit-geknetetem-radiergummi-und-mischstumpf-art-kit-und-zubehoer-fuer-kinder-jugendliche-und-erwachsene\/\" \/>\n<meta property=\"og:site_name\" content=\"Markt-XXL\" \/>\n<meta property=\"article:modified_time\" content=\"2023-04-09T03:16:19+00:00\" \/>\n<meta property=\"og:image\" content=\"https:\/\/m.media-amazon.com\/images\/I\/51Nq0mBFpjL._SL500_.jpg\" \/>\n\t<meta property=\"og:image:width\" content=\"500\" \/>\n\t<meta property=\"og:image:height\" content=\"500\" \/>\n\t<meta property=\"og:image:type\" content=\"image\/jpeg\" \/>\n<meta name=\"twitter:card\" content=\"summary_large_image\" \/>\n<meta name=\"twitter:label1\" content=\"Gesch\u00e4tzte Lesezeit\" \/>\n\t<meta name=\"twitter:data1\" content=\"1\u00a0Minute\" \/>\n<script type=\"application\/ld+json\" class=\"yoast-schema-graph\">{\"@context\":\"https:\\\/\\\/schema.org\",\"@graph\":[{\"@type\":\"WebPage\",\"@id\":\"https:\\\/\\\/marktxxl.de\\\/markt\\\/produkt\\\/xl-zeichen-set-skizzen-graphit-und-kohlestifte-enthaelt-100-seiten-zeichenblock-mit-geknetetem-radiergummi-und-mischstumpf-art-kit-und-zubehoer-fuer-kinder-jugendliche-und-erwachsene\\\/\",\"url\":\"https:\\\/\\\/marktxxl.de\\\/markt\\\/produkt\\\/xl-zeichen-set-skizzen-graphit-und-kohlestifte-enthaelt-100-seiten-zeichenblock-mit-geknetetem-radiergummi-und-mischstumpf-art-kit-und-zubehoer-fuer-kinder-jugendliche-und-erwachsene\\\/\",\"name\":\"XL Zeichen-Set | Skizzen-, Graphit- und Kohlestifte | Enth\u00e4lt 100-Seiten-Zeichenblock, mit Geknetetem Radiergummi und\u2026 - Markt-XXL\",\"isPartOf\":{\"@id\":\"https:\\\/\\\/marktxxl.de\\\/markt\\\/#website\"},\"primaryImageOfPage\":{\"@id\":\"https:\\\/\\\/marktxxl.de\\\/markt\\\/produkt\\\/xl-zeichen-set-skizzen-graphit-und-kohlestifte-enthaelt-100-seiten-zeichenblock-mit-geknetetem-radiergummi-und-mischstumpf-art-kit-und-zubehoer-fuer-kinder-jugendliche-und-erwachsene\\\/#primaryimage\"},\"image\":{\"@id\":\"https:\\\/\\\/marktxxl.de\\\/markt\\\/produkt\\\/xl-zeichen-set-skizzen-graphit-und-kohlestifte-enthaelt-100-seiten-zeichenblock-mit-geknetetem-radiergummi-und-mischstumpf-art-kit-und-zubehoer-fuer-kinder-jugendliche-und-erwachsene\\\/#primaryimage\"},\"thumbnailUrl\":\"https:\\\/\\\/m.media-amazon.com\\\/images\\\/I\\\/51Nq0mBFpjL._SL500_.jpg\",\"datePublished\":\"2023-03-11T08:22:38+00:00\",\"dateModified\":\"2023-04-09T03:16:19+00:00\",\"description\":\"Markt-XXL XL Zeichen-Set | Skizzen-, Graphit- und Kohlestifte | Enth\u00e4lt 100-Seiten-Zeichenblock, mit Geknetetem Radiergummi und\u2026\",\"breadcrumb\":{\"@id\":\"https:\\\/\\\/marktxxl.de\\\/markt\\\/produkt\\\/xl-zeichen-set-skizzen-graphit-und-kohlestifte-enthaelt-100-seiten-zeichenblock-mit-geknetetem-radiergummi-und-mischstumpf-art-kit-und-zubehoer-fuer-kinder-jugendliche-und-erwachsene\\\/#breadcrumb\"},\"inLanguage\":\"de\",\"potentialAction\":[{\"@type\":\"ReadAction\",\"target\":[\"https:\\\/\\\/marktxxl.de\\\/markt\\\/produkt\\\/xl-zeichen-set-skizzen-graphit-und-kohlestifte-enthaelt-100-seiten-zeichenblock-mit-geknetetem-radiergummi-und-mischstumpf-art-kit-und-zubehoer-fuer-kinder-jugendliche-und-erwachsene\\\/\"]}]},{\"@type\":\"ImageObject\",\"inLanguage\":\"de\",\"@id\":\"https:\\\/\\\/marktxxl.de\\\/markt\\\/produkt\\\/xl-zeichen-set-skizzen-graphit-und-kohlestifte-enthaelt-100-seiten-zeichenblock-mit-geknetetem-radiergummi-und-mischstumpf-art-kit-und-zubehoer-fuer-kinder-jugendliche-und-erwachsene\\\/#primaryimage\",\"url\":\"https:\\\/\\\/m.media-amazon.com\\\/images\\\/I\\\/51Nq0mBFpjL._SL500_.jpg\",\"contentUrl\":\"https:\\\/\\\/m.media-amazon.com\\\/images\\\/I\\\/51Nq0mBFpjL._SL500_.jpg\",\"width\":500,\"height\":500},{\"@type\":\"BreadcrumbList\",\"@id\":\"https:\\\/\\\/marktxxl.de\\\/markt\\\/produkt\\\/xl-zeichen-set-skizzen-graphit-und-kohlestifte-enthaelt-100-seiten-zeichenblock-mit-geknetetem-radiergummi-und-mischstumpf-art-kit-und-zubehoer-fuer-kinder-jugendliche-und-erwachsene\\\/#breadcrumb\",\"itemListElement\":[{\"@type\":\"ListItem\",\"position\":1,\"name\":\"Startseite\",\"item\":\"https:\\\/\\\/marktxxl.de\\\/markt\\\/\"},{\"@type\":\"ListItem\",\"position\":2,\"name\":\"Markt\",\"item\":\"https:\\\/\\\/marktxxl.de\\\/markt\\\/\"},{\"@type\":\"ListItem\",\"position\":3,\"name\":\"XL Zeichen-Set | Skizzen-, Graphit- und Kohlestifte | Enth\u00e4lt 100-Seiten-Zeichenblock, mit Geknetetem Radiergummi und\u2026\"}]},{\"@type\":\"WebSite\",\"@id\":\"https:\\\/\\\/marktxxl.de\\\/markt\\\/#website\",\"url\":\"https:\\\/\\\/marktxxl.de\\\/markt\\\/\",\"name\":\"Markt-XXL\",\"description\":\"Ihr Markt Online\",\"publisher\":{\"@id\":\"https:\\\/\\\/marktxxl.de\\\/markt\\\/#organization\"},\"potentialAction\":[{\"@type\":\"SearchAction\",\"target\":{\"@type\":\"EntryPoint\",\"urlTemplate\":\"https:\\\/\\\/marktxxl.de\\\/markt\\\/?s={search_term_string}\"},\"query-input\":{\"@type\":\"PropertyValueSpecification\",\"valueRequired\":true,\"valueName\":\"search_term_string\"}}],\"inLanguage\":\"de\"},{\"@type\":\"Organization\",\"@id\":\"https:\\\/\\\/marktxxl.de\\\/markt\\\/#organization\",\"name\":\"Markt-XXL\",\"url\":\"https:\\\/\\\/marktxxl.de\\\/markt\\\/\",\"logo\":{\"@type\":\"ImageObject\",\"inLanguage\":\"de\",\"@id\":\"https:\\\/\\\/marktxxl.de\\\/markt\\\/#\\\/schema\\\/logo\\\/image\\\/\",\"url\":\"https:\\\/\\\/marktxxl.de\\\/markt\\\/wp-content\\\/uploads\\\/sites\\\/3\\\/2020\\\/12\\\/logo.png\",\"contentUrl\":\"https:\\\/\\\/marktxxl.de\\\/markt\\\/wp-content\\\/uploads\\\/sites\\\/3\\\/2020\\\/12\\\/logo.png\",\"width\":200,\"height\":70,\"caption\":\"Markt-XXL\"},\"image\":{\"@id\":\"https:\\\/\\\/marktxxl.de\\\/markt\\\/#\\\/schema\\\/logo\\\/image\\\/\"}}]}<\/script>\n<!-- \/ Yoast SEO plugin. -->","yoast_head_json":{"title":"XL Zeichen-Set | Skizzen-, Graphit- und Kohlestifte | Enth\u00e4lt 100-Seiten-Zeichenblock, mit Geknetetem Radiergummi und\u2026 - Markt-XXL","description":"Markt-XXL XL Zeichen-Set | Skizzen-, Graphit- und Kohlestifte | Enth\u00e4lt 100-Seiten-Zeichenblock, mit Geknetetem Radiergummi und\u2026","robots":{"index":"index","follow":"follow","max-snippet":"max-snippet:-1","max-image-preview":"max-image-preview:large","max-video-preview":"max-video-preview:-1"},"canonical":"https:\/\/marktxxl.de\/markt\/produkt\/xl-zeichen-set-skizzen-graphit-und-kohlestifte-enthaelt-100-seiten-zeichenblock-mit-geknetetem-radiergummi-und-mischstumpf-art-kit-und-zubehoer-fuer-kinder-jugendliche-und-erwachsene\/","og_locale":"de_DE","og_type":"article","og_title":"XL Zeichen-Set | Skizzen-, Graphit- und Kohlestifte | Enth\u00e4lt 100-Seiten-Zeichenblock, mit Geknetetem Radiergummi und\u2026 - Markt-XXL","og_description":"Markt-XXL XL Zeichen-Set | Skizzen-, Graphit- und Kohlestifte | Enth\u00e4lt 100-Seiten-Zeichenblock, mit Geknetetem Radiergummi und\u2026","og_url":"https:\/\/marktxxl.de\/markt\/produkt\/xl-zeichen-set-skizzen-graphit-und-kohlestifte-enthaelt-100-seiten-zeichenblock-mit-geknetetem-radiergummi-und-mischstumpf-art-kit-und-zubehoer-fuer-kinder-jugendliche-und-erwachsene\/","og_site_name":"Markt-XXL","article_modified_time":"2023-04-09T03:16:19+00:00","og_image":[{"width":500,"height":500,"url":"https:\/\/m.media-amazon.com\/images\/I\/51Nq0mBFpjL._SL500_.jpg","type":"image\/jpeg"}],"twitter_card":"summary_large_image","twitter_misc":{"Gesch\u00e4tzte Lesezeit":"1\u00a0Minute"},"schema":{"@context":"https:\/\/schema.org","@graph":[{"@type":"WebPage","@id":"https:\/\/marktxxl.de\/markt\/produkt\/xl-zeichen-set-skizzen-graphit-und-kohlestifte-enthaelt-100-seiten-zeichenblock-mit-geknetetem-radiergummi-und-mischstumpf-art-kit-und-zubehoer-fuer-kinder-jugendliche-und-erwachsene\/","url":"https:\/\/marktxxl.de\/markt\/produkt\/xl-zeichen-set-skizzen-graphit-und-kohlestifte-enthaelt-100-seiten-zeichenblock-mit-geknetetem-radiergummi-und-mischstumpf-art-kit-und-zubehoer-fuer-kinder-jugendliche-und-erwachsene\/","name":"XL Zeichen-Set | Skizzen-, Graphit- und Kohlestifte | Enth\u00e4lt 100-Seiten-Zeichenblock, mit Geknetetem Radiergummi und\u2026 - Markt-XXL","isPartOf":{"@id":"https:\/\/marktxxl.de\/markt\/#website"},"primaryImageOfPage":{"@id":"https:\/\/marktxxl.de\/markt\/produkt\/xl-zeichen-set-skizzen-graphit-und-kohlestifte-enthaelt-100-seiten-zeichenblock-mit-geknetetem-radiergummi-und-mischstumpf-art-kit-und-zubehoer-fuer-kinder-jugendliche-und-erwachsene\/#primaryimage"},"image":{"@id":"https:\/\/marktxxl.de\/markt\/produkt\/xl-zeichen-set-skizzen-graphit-und-kohlestifte-enthaelt-100-seiten-zeichenblock-mit-geknetetem-radiergummi-und-mischstumpf-art-kit-und-zubehoer-fuer-kinder-jugendliche-und-erwachsene\/#primaryimage"},"thumbnailUrl":"https:\/\/m.media-amazon.com\/images\/I\/51Nq0mBFpjL._SL500_.jpg","datePublished":"2023-03-11T08:22:38+00:00","dateModified":"2023-04-09T03:16:19+00:00","description":"Markt-XXL XL Zeichen-Set | Skizzen-, Graphit- und Kohlestifte | Enth\u00e4lt 100-Seiten-Zeichenblock, mit Geknetetem Radiergummi und\u2026","breadcrumb":{"@id":"https:\/\/marktxxl.de\/markt\/produkt\/xl-zeichen-set-skizzen-graphit-und-kohlestifte-enthaelt-100-seiten-zeichenblock-mit-geknetetem-radiergummi-und-mischstumpf-art-kit-und-zubehoer-fuer-kinder-jugendliche-und-erwachsene\/#breadcrumb"},"inLanguage":"de","potentialAction":[{"@type":"ReadAction","target":["https:\/\/marktxxl.de\/markt\/produkt\/xl-zeichen-set-skizzen-graphit-und-kohlestifte-enthaelt-100-seiten-zeichenblock-mit-geknetetem-radiergummi-und-mischstumpf-art-kit-und-zubehoer-fuer-kinder-jugendliche-und-erwachsene\/"]}]},{"@type":"ImageObject","inLanguage":"de","@id":"https:\/\/marktxxl.de\/markt\/produkt\/xl-zeichen-set-skizzen-graphit-und-kohlestifte-enthaelt-100-seiten-zeichenblock-mit-geknetetem-radiergummi-und-mischstumpf-art-kit-und-zubehoer-fuer-kinder-jugendliche-und-erwachsene\/#primaryimage","url":"https:\/\/m.media-amazon.com\/images\/I\/51Nq0mBFpjL._SL500_.jpg","contentUrl":"https:\/\/m.media-amazon.com\/images\/I\/51Nq0mBFpjL._SL500_.jpg","width":500,"height":500},{"@type":"BreadcrumbList","@id":"https:\/\/marktxxl.de\/markt\/produkt\/xl-zeichen-set-skizzen-graphit-und-kohlestifte-enthaelt-100-seiten-zeichenblock-mit-geknetetem-radiergummi-und-mischstumpf-art-kit-und-zubehoer-fuer-kinder-jugendliche-und-erwachsene\/#breadcrumb","itemListElement":[{"@type":"ListItem","position":1,"name":"Startseite","item":"https:\/\/marktxxl.de\/markt\/"},{"@type":"ListItem","position":2,"name":"Markt","item":"https:\/\/marktxxl.de\/markt\/"},{"@type":"ListItem","position":3,"name":"XL Zeichen-Set | Skizzen-, Graphit- und Kohlestifte | Enth\u00e4lt 100-Seiten-Zeichenblock, mit Geknetetem Radiergummi und\u2026"}]},{"@type":"WebSite","@id":"https:\/\/marktxxl.de\/markt\/#website","url":"https:\/\/marktxxl.de\/markt\/","name":"Markt-XXL","description":"Ihr Markt Online","publisher":{"@id":"https:\/\/marktxxl.de\/markt\/#organization"},"potentialAction":[{"@type":"SearchAction","target":{"@type":"EntryPoint","urlTemplate":"https:\/\/marktxxl.de\/markt\/?s={search_term_string}"},"query-input":{"@type":"PropertyValueSpecification","valueRequired":true,"valueName":"search_term_string"}}],"inLanguage":"de"},{"@type":"Organization","@id":"https:\/\/marktxxl.de\/markt\/#organization","name":"Markt-XXL","url":"https:\/\/marktxxl.de\/markt\/","logo":{"@type":"ImageObject","inLanguage":"de","@id":"https:\/\/marktxxl.de\/markt\/#\/schema\/logo\/image\/","url":"https:\/\/marktxxl.de\/markt\/wp-content\/uploads\/sites\/3\/2020\/12\/logo.png","contentUrl":"https:\/\/marktxxl.de\/markt\/wp-content\/uploads\/sites\/3\/2020\/12\/logo.png","width":200,"height":70,"caption":"Markt-XXL"},"image":{"@id":"https:\/\/marktxxl.de\/markt\/#\/schema\/logo\/image\/"}}]}},"_links":{"self":[{"href":"https:\/\/marktxxl.de\/markt\/wp-json\/wp\/v2\/product\/195500","targetHints":{"allow":["GET"]}}],"collection":[{"href":"https:\/\/marktxxl.de\/markt\/wp-json\/wp\/v2\/product"}],"about":[{"href":"https:\/\/marktxxl.de\/markt\/wp-json\/wp\/v2\/types\/product"}],"replies":[{"embeddable":true,"href":"https:\/\/marktxxl.de\/markt\/wp-json\/wp\/v2\/comments?post=195500"}],"wp:featuredmedia":[{"embeddable":true,"href":"https:\/\/marktxxl.de\/markt\/wp-json\/wp\/v2\/media\/195501"}],"wp:attachment":[{"href":"https:\/\/marktxxl.de\/markt\/wp-json\/wp\/v2\/media?parent=195500"}],"wp:term":[{"taxonomy":"product_brand","embeddable":true,"href":"https:\/\/marktxxl.de\/markt\/wp-json\/wp\/v2\/product_brand?post=195500"},{"taxonomy":"product_cat","embeddable":true,"href":"https:\/\/marktxxl.de\/markt\/wp-json\/wp\/v2\/product_cat?post=195500"},{"taxonomy":"product_tag","embeddable":true,"href":"https:\/\/marktxxl.de\/markt\/wp-json\/wp\/v2\/product_tag?post=195500"}],"curies":[{"name":"wp","href":"https:\/\/api.w.org\/{rel}","templated":true}]}}