{"id":195302,"date":"2023-03-11T08:59:09","date_gmt":"2023-03-11T07:59:09","guid":{"rendered":"https:\/\/marktxxl.de\/markt\/produkt\/homgen-fenstersicherung-professionelle-fensterverriegelung-baby-sicherheits-fensterschloesser-fuer-kinder-baby-sicherheitsfenster-schloss-mit-schrauben-schluesseln-perfekt-fuer-die-sicherheit-v\/"},"modified":"2023-04-09T05:16:15","modified_gmt":"2023-04-09T03:16:15","slug":"homgen-fenstersicherung-professionelle-fensterverriegelung-baby-sicherheits-fensterschloesser-fuer-kinder-baby-sicherheitsfenster-schloss-mit-schrauben-schluesseln-perfekt-fuer-die-sicherheit-v","status":"publish","type":"product","link":"https:\/\/marktxxl.de\/markt\/produkt\/homgen-fenstersicherung-professionelle-fensterverriegelung-baby-sicherheits-fensterschloesser-fuer-kinder-baby-sicherheitsfenster-schloss-mit-schrauben-schluesseln-perfekt-fuer-die-sicherheit-v\/","title":{"rendered":"Homgen Professionelle Fensterschl\u00f6sser, 2 St\u00fcck, Fensterschl\u00f6sser, Baby-Sicherheits-Fensterschl\u00f6sser f\u00fcr Kinder, Baby\u2026"},"content":{"rendered":"<p>*HOMEN Fenstersicherungsschl\u00f6sser*&#8212;&#8212;: Diese HOMGEN 4 Fensterbegrenzer f\u00fcr UPVC begrenzen den Abstand des ge\u00f6ffneten Fensters. Sie k\u00f6nnen von einem Ende entfernt werden und das Fenster kann vollst\u00e4ndig mit Schl\u00fcsseln ge\u00f6ffnet werden. Perfekt f\u00fcr die Sicherheit von Kindern und Diebstahlschutz.<br \/>\n*100% brandneu und hochwertig*&#8212;&#8211;: Das HOMGEN-Fenstersicherungsschloss ist aus hochwertigem Aluminium hergestellt, das gr\u00f6\u00dferen Druck standh\u00e4lt, bietet zus\u00e4tzliche Sicherheit, Gesundheit und Sicherheit zu Hause und Baby-\/Kindersicherheit.<br \/>\n*Smart designed*&#8212;-: Die HOMGEN Fensterschl\u00f6sser mit speziellem 19 cm Sicherheitskabel bieten eine Einschr\u00e4nkung von 11 bis 16 cm und lassen frische Luft hinein und das Fenster kann vollst\u00e4ndig ge\u00f6ffnet werden, nachdem das Kabel f\u00fcr ein Ende mit dem Schl\u00fcssel entfernt wurde<br \/>\n* Einfach zu installieren und viele Anwendungsm\u00f6glichkeiten*&#8212;&#8212;: Diese HOMGEN Fensterbegrenzer f\u00fcr UPVC-Artikel werden mit Schrauben und Schl\u00fcsseln und nur einem Schraubendreher oder Bohrer zur Installation geliefert. Und dieser Fensterbegrenzer ist f\u00fcr die meisten Arten von Fenstern und kleinen T\u00fcren geeignet, geeignet f\u00fcr viele Arten von Materialien wie PVC, Holz, Aluminium und Metall.<br \/>\n* Lieferumfang: 4 x Fenstersicherheitsschl\u00f6sser von Homgen werden mit 4 x Fenstersicherungen, 4 x Entriegelungsschl\u00fcssel und 16 x Schrauben geliefert.<br \/>\n<div class=\"main-cross-sell\" data-asin=\"B0B7QG88MW\">\n\n\t<div class=\"WooZone-cross-sell-loader\">\n\t\t<div>\n\t\t\t<div id=\"floatingBarsG\">\n\t\t\t\t<div class=\"blockG\" id=\"rotateG_01\"><\/div>\n\t\t\t\t<div class=\"blockG\" id=\"rotateG_02\"><\/div>\n\t\t\t\t<div class=\"blockG\" id=\"rotateG_03\"><\/div>\n\t\t\t\t<div class=\"blockG\" id=\"rotateG_04\"><\/div>\n\t\t\t\t<div class=\"blockG\" id=\"rotateG_05\"><\/div>\n\t\t\t\t<div class=\"blockG\" id=\"rotateG_06\"><\/div>\n\t\t\t\t<div class=\"blockG\" id=\"rotateG_07\"><\/div>\n\t\t\t\t<div class=\"blockG\" id=\"rotateG_08\"><\/div>\n\t\t\t<\/div>\n\t\t\t<div class=\"WooZone-cross-sell-loader-text\"><\/div>\n\t\t<\/div>\n\t<\/div>\n\n\t\t\n<\/div>\n<div style=\"clear:both;\"><\/div><\/p>\n","protected":false},"excerpt":{"rendered":"<p>*HOMEN Fenstersicherungsschl\u00f6sser*&#8212;&#8212;: Diese HOMGEN 4 Fensterbegrenzer f\u00fcr UPVC begrenzen den Abstand des ge\u00f6ffneten Fensters. Sie k\u00f6nnen von einem Ende entfernt werden und das Fenster kann vollst\u00e4ndig mit Schl\u00fcsseln ge\u00f6ffnet werden. Perfekt f\u00fcr die Sicherheit von Kindern und Diebstahlschutz.<br \/>\n*100% brandneu und hochwertig*&#8212;&#8211;: Das HOMGEN-Fenstersicherungsschloss ist aus hochwertigem Aluminium hergestellt, das gr\u00f6\u00dferen Druck standh\u00e4lt, bietet zus\u00e4tzliche Sicherheit, Gesundheit und Sicherheit zu Hause und Baby-\/Kindersicherheit.<br \/>\n*Smart designed*&#8212;-: Die HOMGEN Fensterschl\u00f6sser mit speziellem 19 cm Sicherheitskabel bieten eine Einschr\u00e4nkung von 11 bis 16 cm und lassen frische Luft hinein und das Fenster kann vollst\u00e4ndig ge\u00f6ffnet werden, nachdem das Kabel f\u00fcr ein Ende mit dem Schl\u00fcssel entfernt wurde<\/p>\n","protected":false},"featured_media":195303,"comment_status":"open","ping_status":"closed","template":"","meta":[],"product_brand":[],"product_cat":[21,9378],"product_tag":[],"class_list":{"0":"post-195302","1":"product","2":"type-product","3":"status-publish","4":"has-post-thumbnail","6":"product_cat-baby","7":"product_cat-sicherheit-baby","8":"pa_binding-babyartikel","9":"pa_brand-homgen","10":"pa_manufacturer-homgen","12":"first","13":"instock","14":"shipping-taxable","15":"purchasable","16":"product-type-simple","17":"customify-col","18":"product-has-gallery"},"yoast_head":"<!-- This site is optimized with the Yoast SEO plugin v27.4 - https:\/\/yoast.com\/product\/yoast-seo-wordpress\/ -->\n<title>Homgen Professionelle Fensterschl\u00f6sser, 2 St\u00fcck, Fensterschl\u00f6sser, Baby-Sicherheits-Fensterschl\u00f6sser f\u00fcr Kinder, Baby\u2026 - Markt-XXL<\/title>\n<meta name=\"description\" content=\"Markt-XXL Homgen Professionelle Fensterschl\u00f6sser, 2 St\u00fcck, Fensterschl\u00f6sser, Baby-Sicherheits-Fensterschl\u00f6sser f\u00fcr Kinder, Baby\u2026\" \/>\n<meta name=\"robots\" content=\"index, follow, max-snippet:-1, max-image-preview:large, max-video-preview:-1\" \/>\n<link rel=\"canonical\" href=\"https:\/\/marktxxl.de\/markt\/produkt\/homgen-fenstersicherung-professionelle-fensterverriegelung-baby-sicherheits-fensterschloesser-fuer-kinder-baby-sicherheitsfenster-schloss-mit-schrauben-schluesseln-perfekt-fuer-die-sicherheit-v\/\" \/>\n<meta property=\"og:locale\" content=\"de_DE\" \/>\n<meta property=\"og:type\" content=\"article\" \/>\n<meta property=\"og:title\" content=\"Homgen Professionelle Fensterschl\u00f6sser, 2 St\u00fcck, Fensterschl\u00f6sser, Baby-Sicherheits-Fensterschl\u00f6sser f\u00fcr Kinder, Baby\u2026 - Markt-XXL\" \/>\n<meta property=\"og:description\" content=\"Markt-XXL Homgen Professionelle Fensterschl\u00f6sser, 2 St\u00fcck, Fensterschl\u00f6sser, Baby-Sicherheits-Fensterschl\u00f6sser f\u00fcr Kinder, Baby\u2026\" \/>\n<meta property=\"og:url\" content=\"https:\/\/marktxxl.de\/markt\/produkt\/homgen-fenstersicherung-professionelle-fensterverriegelung-baby-sicherheits-fensterschloesser-fuer-kinder-baby-sicherheitsfenster-schloss-mit-schrauben-schluesseln-perfekt-fuer-die-sicherheit-v\/\" \/>\n<meta property=\"og:site_name\" content=\"Markt-XXL\" \/>\n<meta property=\"article:modified_time\" content=\"2023-04-09T03:16:15+00:00\" \/>\n<meta property=\"og:image\" content=\"https:\/\/m.media-amazon.com\/images\/I\/31nL6-SXZ7L._SL500_.jpg\" \/>\n\t<meta property=\"og:image:width\" content=\"500\" \/>\n\t<meta property=\"og:image:height\" content=\"500\" \/>\n\t<meta property=\"og:image:type\" content=\"image\/jpeg\" \/>\n<meta name=\"twitter:card\" content=\"summary_large_image\" \/>\n<meta name=\"twitter:label1\" content=\"Gesch\u00e4tzte Lesezeit\" \/>\n\t<meta name=\"twitter:data1\" content=\"1\u00a0Minute\" \/>\n<script type=\"application\/ld+json\" class=\"yoast-schema-graph\">{\"@context\":\"https:\\\/\\\/schema.org\",\"@graph\":[{\"@type\":\"WebPage\",\"@id\":\"https:\\\/\\\/marktxxl.de\\\/markt\\\/produkt\\\/homgen-fenstersicherung-professionelle-fensterverriegelung-baby-sicherheits-fensterschloesser-fuer-kinder-baby-sicherheitsfenster-schloss-mit-schrauben-schluesseln-perfekt-fuer-die-sicherheit-v\\\/\",\"url\":\"https:\\\/\\\/marktxxl.de\\\/markt\\\/produkt\\\/homgen-fenstersicherung-professionelle-fensterverriegelung-baby-sicherheits-fensterschloesser-fuer-kinder-baby-sicherheitsfenster-schloss-mit-schrauben-schluesseln-perfekt-fuer-die-sicherheit-v\\\/\",\"name\":\"Homgen Professionelle Fensterschl\u00f6sser, 2 St\u00fcck, Fensterschl\u00f6sser, Baby-Sicherheits-Fensterschl\u00f6sser f\u00fcr Kinder, Baby\u2026 - Markt-XXL\",\"isPartOf\":{\"@id\":\"https:\\\/\\\/marktxxl.de\\\/markt\\\/#website\"},\"primaryImageOfPage\":{\"@id\":\"https:\\\/\\\/marktxxl.de\\\/markt\\\/produkt\\\/homgen-fenstersicherung-professionelle-fensterverriegelung-baby-sicherheits-fensterschloesser-fuer-kinder-baby-sicherheitsfenster-schloss-mit-schrauben-schluesseln-perfekt-fuer-die-sicherheit-v\\\/#primaryimage\"},\"image\":{\"@id\":\"https:\\\/\\\/marktxxl.de\\\/markt\\\/produkt\\\/homgen-fenstersicherung-professionelle-fensterverriegelung-baby-sicherheits-fensterschloesser-fuer-kinder-baby-sicherheitsfenster-schloss-mit-schrauben-schluesseln-perfekt-fuer-die-sicherheit-v\\\/#primaryimage\"},\"thumbnailUrl\":\"https:\\\/\\\/m.media-amazon.com\\\/images\\\/I\\\/31nL6-SXZ7L._SL500_.jpg\",\"datePublished\":\"2023-03-11T07:59:09+00:00\",\"dateModified\":\"2023-04-09T03:16:15+00:00\",\"description\":\"Markt-XXL Homgen Professionelle Fensterschl\u00f6sser, 2 St\u00fcck, Fensterschl\u00f6sser, Baby-Sicherheits-Fensterschl\u00f6sser f\u00fcr Kinder, Baby\u2026\",\"breadcrumb\":{\"@id\":\"https:\\\/\\\/marktxxl.de\\\/markt\\\/produkt\\\/homgen-fenstersicherung-professionelle-fensterverriegelung-baby-sicherheits-fensterschloesser-fuer-kinder-baby-sicherheitsfenster-schloss-mit-schrauben-schluesseln-perfekt-fuer-die-sicherheit-v\\\/#breadcrumb\"},\"inLanguage\":\"de\",\"potentialAction\":[{\"@type\":\"ReadAction\",\"target\":[\"https:\\\/\\\/marktxxl.de\\\/markt\\\/produkt\\\/homgen-fenstersicherung-professionelle-fensterverriegelung-baby-sicherheits-fensterschloesser-fuer-kinder-baby-sicherheitsfenster-schloss-mit-schrauben-schluesseln-perfekt-fuer-die-sicherheit-v\\\/\"]}]},{\"@type\":\"ImageObject\",\"inLanguage\":\"de\",\"@id\":\"https:\\\/\\\/marktxxl.de\\\/markt\\\/produkt\\\/homgen-fenstersicherung-professionelle-fensterverriegelung-baby-sicherheits-fensterschloesser-fuer-kinder-baby-sicherheitsfenster-schloss-mit-schrauben-schluesseln-perfekt-fuer-die-sicherheit-v\\\/#primaryimage\",\"url\":\"https:\\\/\\\/m.media-amazon.com\\\/images\\\/I\\\/31nL6-SXZ7L._SL500_.jpg\",\"contentUrl\":\"https:\\\/\\\/m.media-amazon.com\\\/images\\\/I\\\/31nL6-SXZ7L._SL500_.jpg\",\"width\":500,\"height\":500},{\"@type\":\"BreadcrumbList\",\"@id\":\"https:\\\/\\\/marktxxl.de\\\/markt\\\/produkt\\\/homgen-fenstersicherung-professionelle-fensterverriegelung-baby-sicherheits-fensterschloesser-fuer-kinder-baby-sicherheitsfenster-schloss-mit-schrauben-schluesseln-perfekt-fuer-die-sicherheit-v\\\/#breadcrumb\",\"itemListElement\":[{\"@type\":\"ListItem\",\"position\":1,\"name\":\"Startseite\",\"item\":\"https:\\\/\\\/marktxxl.de\\\/markt\\\/\"},{\"@type\":\"ListItem\",\"position\":2,\"name\":\"Markt\",\"item\":\"https:\\\/\\\/marktxxl.de\\\/markt\\\/\"},{\"@type\":\"ListItem\",\"position\":3,\"name\":\"Homgen Professionelle Fensterschl\u00f6sser, 2 St\u00fcck, Fensterschl\u00f6sser, Baby-Sicherheits-Fensterschl\u00f6sser f\u00fcr Kinder, Baby\u2026\"}]},{\"@type\":\"WebSite\",\"@id\":\"https:\\\/\\\/marktxxl.de\\\/markt\\\/#website\",\"url\":\"https:\\\/\\\/marktxxl.de\\\/markt\\\/\",\"name\":\"Markt-XXL\",\"description\":\"Ihr Markt Online\",\"publisher\":{\"@id\":\"https:\\\/\\\/marktxxl.de\\\/markt\\\/#organization\"},\"potentialAction\":[{\"@type\":\"SearchAction\",\"target\":{\"@type\":\"EntryPoint\",\"urlTemplate\":\"https:\\\/\\\/marktxxl.de\\\/markt\\\/?s={search_term_string}\"},\"query-input\":{\"@type\":\"PropertyValueSpecification\",\"valueRequired\":true,\"valueName\":\"search_term_string\"}}],\"inLanguage\":\"de\"},{\"@type\":\"Organization\",\"@id\":\"https:\\\/\\\/marktxxl.de\\\/markt\\\/#organization\",\"name\":\"Markt-XXL\",\"url\":\"https:\\\/\\\/marktxxl.de\\\/markt\\\/\",\"logo\":{\"@type\":\"ImageObject\",\"inLanguage\":\"de\",\"@id\":\"https:\\\/\\\/marktxxl.de\\\/markt\\\/#\\\/schema\\\/logo\\\/image\\\/\",\"url\":\"https:\\\/\\\/marktxxl.de\\\/markt\\\/wp-content\\\/uploads\\\/sites\\\/3\\\/2020\\\/12\\\/logo.png\",\"contentUrl\":\"https:\\\/\\\/marktxxl.de\\\/markt\\\/wp-content\\\/uploads\\\/sites\\\/3\\\/2020\\\/12\\\/logo.png\",\"width\":200,\"height\":70,\"caption\":\"Markt-XXL\"},\"image\":{\"@id\":\"https:\\\/\\\/marktxxl.de\\\/markt\\\/#\\\/schema\\\/logo\\\/image\\\/\"}}]}<\/script>\n<!-- \/ Yoast SEO plugin. -->","yoast_head_json":{"title":"Homgen Professionelle Fensterschl\u00f6sser, 2 St\u00fcck, Fensterschl\u00f6sser, Baby-Sicherheits-Fensterschl\u00f6sser f\u00fcr Kinder, Baby\u2026 - Markt-XXL","description":"Markt-XXL Homgen Professionelle Fensterschl\u00f6sser, 2 St\u00fcck, Fensterschl\u00f6sser, Baby-Sicherheits-Fensterschl\u00f6sser f\u00fcr Kinder, Baby\u2026","robots":{"index":"index","follow":"follow","max-snippet":"max-snippet:-1","max-image-preview":"max-image-preview:large","max-video-preview":"max-video-preview:-1"},"canonical":"https:\/\/marktxxl.de\/markt\/produkt\/homgen-fenstersicherung-professionelle-fensterverriegelung-baby-sicherheits-fensterschloesser-fuer-kinder-baby-sicherheitsfenster-schloss-mit-schrauben-schluesseln-perfekt-fuer-die-sicherheit-v\/","og_locale":"de_DE","og_type":"article","og_title":"Homgen Professionelle Fensterschl\u00f6sser, 2 St\u00fcck, Fensterschl\u00f6sser, Baby-Sicherheits-Fensterschl\u00f6sser f\u00fcr Kinder, Baby\u2026 - Markt-XXL","og_description":"Markt-XXL Homgen Professionelle Fensterschl\u00f6sser, 2 St\u00fcck, Fensterschl\u00f6sser, Baby-Sicherheits-Fensterschl\u00f6sser f\u00fcr Kinder, Baby\u2026","og_url":"https:\/\/marktxxl.de\/markt\/produkt\/homgen-fenstersicherung-professionelle-fensterverriegelung-baby-sicherheits-fensterschloesser-fuer-kinder-baby-sicherheitsfenster-schloss-mit-schrauben-schluesseln-perfekt-fuer-die-sicherheit-v\/","og_site_name":"Markt-XXL","article_modified_time":"2023-04-09T03:16:15+00:00","og_image":[{"width":500,"height":500,"url":"https:\/\/m.media-amazon.com\/images\/I\/31nL6-SXZ7L._SL500_.jpg","type":"image\/jpeg"}],"twitter_card":"summary_large_image","twitter_misc":{"Gesch\u00e4tzte Lesezeit":"1\u00a0Minute"},"schema":{"@context":"https:\/\/schema.org","@graph":[{"@type":"WebPage","@id":"https:\/\/marktxxl.de\/markt\/produkt\/homgen-fenstersicherung-professionelle-fensterverriegelung-baby-sicherheits-fensterschloesser-fuer-kinder-baby-sicherheitsfenster-schloss-mit-schrauben-schluesseln-perfekt-fuer-die-sicherheit-v\/","url":"https:\/\/marktxxl.de\/markt\/produkt\/homgen-fenstersicherung-professionelle-fensterverriegelung-baby-sicherheits-fensterschloesser-fuer-kinder-baby-sicherheitsfenster-schloss-mit-schrauben-schluesseln-perfekt-fuer-die-sicherheit-v\/","name":"Homgen Professionelle Fensterschl\u00f6sser, 2 St\u00fcck, Fensterschl\u00f6sser, Baby-Sicherheits-Fensterschl\u00f6sser f\u00fcr Kinder, Baby\u2026 - Markt-XXL","isPartOf":{"@id":"https:\/\/marktxxl.de\/markt\/#website"},"primaryImageOfPage":{"@id":"https:\/\/marktxxl.de\/markt\/produkt\/homgen-fenstersicherung-professionelle-fensterverriegelung-baby-sicherheits-fensterschloesser-fuer-kinder-baby-sicherheitsfenster-schloss-mit-schrauben-schluesseln-perfekt-fuer-die-sicherheit-v\/#primaryimage"},"image":{"@id":"https:\/\/marktxxl.de\/markt\/produkt\/homgen-fenstersicherung-professionelle-fensterverriegelung-baby-sicherheits-fensterschloesser-fuer-kinder-baby-sicherheitsfenster-schloss-mit-schrauben-schluesseln-perfekt-fuer-die-sicherheit-v\/#primaryimage"},"thumbnailUrl":"https:\/\/m.media-amazon.com\/images\/I\/31nL6-SXZ7L._SL500_.jpg","datePublished":"2023-03-11T07:59:09+00:00","dateModified":"2023-04-09T03:16:15+00:00","description":"Markt-XXL Homgen Professionelle Fensterschl\u00f6sser, 2 St\u00fcck, Fensterschl\u00f6sser, Baby-Sicherheits-Fensterschl\u00f6sser f\u00fcr Kinder, Baby\u2026","breadcrumb":{"@id":"https:\/\/marktxxl.de\/markt\/produkt\/homgen-fenstersicherung-professionelle-fensterverriegelung-baby-sicherheits-fensterschloesser-fuer-kinder-baby-sicherheitsfenster-schloss-mit-schrauben-schluesseln-perfekt-fuer-die-sicherheit-v\/#breadcrumb"},"inLanguage":"de","potentialAction":[{"@type":"ReadAction","target":["https:\/\/marktxxl.de\/markt\/produkt\/homgen-fenstersicherung-professionelle-fensterverriegelung-baby-sicherheits-fensterschloesser-fuer-kinder-baby-sicherheitsfenster-schloss-mit-schrauben-schluesseln-perfekt-fuer-die-sicherheit-v\/"]}]},{"@type":"ImageObject","inLanguage":"de","@id":"https:\/\/marktxxl.de\/markt\/produkt\/homgen-fenstersicherung-professionelle-fensterverriegelung-baby-sicherheits-fensterschloesser-fuer-kinder-baby-sicherheitsfenster-schloss-mit-schrauben-schluesseln-perfekt-fuer-die-sicherheit-v\/#primaryimage","url":"https:\/\/m.media-amazon.com\/images\/I\/31nL6-SXZ7L._SL500_.jpg","contentUrl":"https:\/\/m.media-amazon.com\/images\/I\/31nL6-SXZ7L._SL500_.jpg","width":500,"height":500},{"@type":"BreadcrumbList","@id":"https:\/\/marktxxl.de\/markt\/produkt\/homgen-fenstersicherung-professionelle-fensterverriegelung-baby-sicherheits-fensterschloesser-fuer-kinder-baby-sicherheitsfenster-schloss-mit-schrauben-schluesseln-perfekt-fuer-die-sicherheit-v\/#breadcrumb","itemListElement":[{"@type":"ListItem","position":1,"name":"Startseite","item":"https:\/\/marktxxl.de\/markt\/"},{"@type":"ListItem","position":2,"name":"Markt","item":"https:\/\/marktxxl.de\/markt\/"},{"@type":"ListItem","position":3,"name":"Homgen Professionelle Fensterschl\u00f6sser, 2 St\u00fcck, Fensterschl\u00f6sser, Baby-Sicherheits-Fensterschl\u00f6sser f\u00fcr Kinder, Baby\u2026"}]},{"@type":"WebSite","@id":"https:\/\/marktxxl.de\/markt\/#website","url":"https:\/\/marktxxl.de\/markt\/","name":"Markt-XXL","description":"Ihr Markt Online","publisher":{"@id":"https:\/\/marktxxl.de\/markt\/#organization"},"potentialAction":[{"@type":"SearchAction","target":{"@type":"EntryPoint","urlTemplate":"https:\/\/marktxxl.de\/markt\/?s={search_term_string}"},"query-input":{"@type":"PropertyValueSpecification","valueRequired":true,"valueName":"search_term_string"}}],"inLanguage":"de"},{"@type":"Organization","@id":"https:\/\/marktxxl.de\/markt\/#organization","name":"Markt-XXL","url":"https:\/\/marktxxl.de\/markt\/","logo":{"@type":"ImageObject","inLanguage":"de","@id":"https:\/\/marktxxl.de\/markt\/#\/schema\/logo\/image\/","url":"https:\/\/marktxxl.de\/markt\/wp-content\/uploads\/sites\/3\/2020\/12\/logo.png","contentUrl":"https:\/\/marktxxl.de\/markt\/wp-content\/uploads\/sites\/3\/2020\/12\/logo.png","width":200,"height":70,"caption":"Markt-XXL"},"image":{"@id":"https:\/\/marktxxl.de\/markt\/#\/schema\/logo\/image\/"}}]}},"_links":{"self":[{"href":"https:\/\/marktxxl.de\/markt\/wp-json\/wp\/v2\/product\/195302","targetHints":{"allow":["GET"]}}],"collection":[{"href":"https:\/\/marktxxl.de\/markt\/wp-json\/wp\/v2\/product"}],"about":[{"href":"https:\/\/marktxxl.de\/markt\/wp-json\/wp\/v2\/types\/product"}],"replies":[{"embeddable":true,"href":"https:\/\/marktxxl.de\/markt\/wp-json\/wp\/v2\/comments?post=195302"}],"wp:featuredmedia":[{"embeddable":true,"href":"https:\/\/marktxxl.de\/markt\/wp-json\/wp\/v2\/media\/195303"}],"wp:attachment":[{"href":"https:\/\/marktxxl.de\/markt\/wp-json\/wp\/v2\/media?parent=195302"}],"wp:term":[{"taxonomy":"product_brand","embeddable":true,"href":"https:\/\/marktxxl.de\/markt\/wp-json\/wp\/v2\/product_brand?post=195302"},{"taxonomy":"product_cat","embeddable":true,"href":"https:\/\/marktxxl.de\/markt\/wp-json\/wp\/v2\/product_cat?post=195302"},{"taxonomy":"product_tag","embeddable":true,"href":"https:\/\/marktxxl.de\/markt\/wp-json\/wp\/v2\/product_tag?post=195302"}],"curies":[{"name":"wp","href":"https:\/\/api.w.org\/{rel}","templated":true}]}}