{"id":195278,"date":"2023-03-11T08:58:46","date_gmt":"2023-03-11T07:58:46","guid":{"rendered":"https:\/\/marktxxl.de\/markt\/produkt\/hyadiertech-bettgitter-fuer-kinder-bettschutzgitter-kinderbettgitter-fuer-kinder-rausfallschutz-bett-babybettgitter-klappbar-kinderbett-kinderbettschutzgitter-rausfallschutz\/"},"modified":"2023-04-09T05:16:15","modified_gmt":"2023-04-09T03:16:15","slug":"hyadiertech-bettgitter-fuer-kinder-bettschutzgitter-kinderbettgitter-fuer-kinder-rausfallschutz-bett-babybettgitter-klappbar-kinderbett-kinderbettschutzgitter-rausfallschutz","status":"publish","type":"product","link":"https:\/\/marktxxl.de\/markt\/produkt\/hyadiertech-bettgitter-fuer-kinder-bettschutzgitter-kinderbettgitter-fuer-kinder-rausfallschutz-bett-babybettgitter-klappbar-kinderbett-kinderbettschutzgitter-rausfallschutz\/","title":{"rendered":"HyAdierTech Bettgitter f\u00fcr Kinder, Bettschutzgitter Kinderbettgitter f\u00fcr Kinder, Rausfallschutz Bett, Babybettgitter\u2026"},"content":{"rendered":"<p>\ud835\udc05\ud835\udc0b\ud835\udc04\ud835\udc17\ud835\udc08\ud835\udc01\ud835\udc04\ud835\udc0b \ud835\udc14\ud835\udc0d\ud835\udc03 \ud835\udc15\ud835\udc00\ud835\udc11\ud835\udc08\ud835\udc00\ud835\udc01\ud835\udc04\ud835\udc0b: Mit unserem sicheren und innovativen Doppelknopfschalter k\u00f6nnen Sie die H\u00f6he in 20 unterschiedlichen Positionen verstellen. Dadurch verhindern Sie, dass Ihr Kind das Bettgitter selbstst\u00e4ndig hoch- oder runterf\u00e4hrt. Dank der nahtlosen Passform steht das Bettgitter l\u00fcckenlos und im 90\u00b0 Winkel zu der Matratze. Unsere Schlafgitter sind flexibel und dadurch auch f\u00fcr unterwegs geeignet, da Sie weniger Platz ben\u00f6tigen als ein herk\u00f6mmliches Reisebett.<br \/>\n<div class=\"main-cross-sell\" data-asin=\"B0BD8F5T9M\">\n\n\t<div class=\"WooZone-cross-sell-loader\">\n\t\t<div>\n\t\t\t<div id=\"floatingBarsG\">\n\t\t\t\t<div class=\"blockG\" id=\"rotateG_01\"><\/div>\n\t\t\t\t<div class=\"blockG\" id=\"rotateG_02\"><\/div>\n\t\t\t\t<div class=\"blockG\" id=\"rotateG_03\"><\/div>\n\t\t\t\t<div class=\"blockG\" id=\"rotateG_04\"><\/div>\n\t\t\t\t<div class=\"blockG\" id=\"rotateG_05\"><\/div>\n\t\t\t\t<div class=\"blockG\" id=\"rotateG_06\"><\/div>\n\t\t\t\t<div class=\"blockG\" id=\"rotateG_07\"><\/div>\n\t\t\t\t<div class=\"blockG\" id=\"rotateG_08\"><\/div>\n\t\t\t<\/div>\n\t\t\t<div class=\"WooZone-cross-sell-loader-text\"><\/div>\n\t\t<\/div>\n\t<\/div>\n\n\t\t\n<\/div>\n<div style=\"clear:both;\"><\/div><\/p>\n","protected":false},"excerpt":{"rendered":"<p>\ud835\udc05\ud835\udc0b\ud835\udc04\ud835\udc17\ud835\udc08\ud835\udc01\ud835\udc04\ud835\udc0b \ud835\udc14\ud835\udc0d\ud835\udc03 \ud835\udc15\ud835\udc00\ud835\udc11\ud835\udc08\ud835\udc00\ud835\udc01\ud835\udc04\ud835\udc0b: Mit unserem sicheren und innovativen Doppelknopfschalter k\u00f6nnen Sie die H\u00f6he in 20 unterschiedlichen Positionen verstellen. Dadurch verhindern Sie, dass Ihr Kind das Bettgitter selbstst\u00e4ndig hoch- oder runterf\u00e4hrt. Dank der nahtlosen Passform steht das Bettgitter l\u00fcckenlos und im 90\u00b0 Winkel zu der Matratze. Unsere Schlafgitter sind flexibel und dadurch auch f\u00fcr unterwegs geeignet, da Sie weniger Platz ben\u00f6tigen als ein herk\u00f6mmliches Reisebett.<\/p>\n","protected":false},"featured_media":195279,"comment_status":"open","ping_status":"closed","template":"","meta":[],"product_brand":[],"product_cat":[21,9378],"product_tag":[],"class_list":{"0":"post-195278","1":"product","2":"type-product","3":"status-publish","4":"has-post-thumbnail","6":"product_cat-baby","7":"product_cat-sicherheit-baby","8":"pa_brand-hyadiertech","9":"pa_height-41-338582635-zoll","10":"pa_length-1-9899999979702-zoll","11":"pa_manufacturer-chengdulidaokejiyouxiangongsi","12":"pa_model-xn-0906","13":"pa_weight-2-20462262-pfund","14":"pa_width-25-590551155-zoll","16":"first","17":"instock","18":"shipping-taxable","19":"purchasable","20":"product-type-simple","21":"customify-col","22":"product-has-gallery"},"yoast_head":"<!-- This site is optimized with the Yoast SEO plugin v27.3 - https:\/\/yoast.com\/product\/yoast-seo-wordpress\/ -->\n<title>HyAdierTech Bettgitter f\u00fcr Kinder, Bettschutzgitter Kinderbettgitter f\u00fcr Kinder, Rausfallschutz Bett, Babybettgitter\u2026 - Markt-XXL<\/title>\n<meta name=\"description\" content=\"Markt-XXL HyAdierTech Bettgitter f\u00fcr Kinder, Bettschutzgitter Kinderbettgitter f\u00fcr Kinder, Rausfallschutz Bett, Babybettgitter\u2026\" \/>\n<meta name=\"robots\" content=\"index, follow, max-snippet:-1, max-image-preview:large, max-video-preview:-1\" \/>\n<link rel=\"canonical\" href=\"https:\/\/marktxxl.de\/markt\/produkt\/hyadiertech-bettgitter-fuer-kinder-bettschutzgitter-kinderbettgitter-fuer-kinder-rausfallschutz-bett-babybettgitter-klappbar-kinderbett-kinderbettschutzgitter-rausfallschutz\/\" \/>\n<meta property=\"og:locale\" content=\"de_DE\" \/>\n<meta property=\"og:type\" content=\"article\" \/>\n<meta property=\"og:title\" content=\"HyAdierTech Bettgitter f\u00fcr Kinder, Bettschutzgitter Kinderbettgitter f\u00fcr Kinder, Rausfallschutz Bett, Babybettgitter\u2026 - Markt-XXL\" \/>\n<meta property=\"og:description\" content=\"Markt-XXL HyAdierTech Bettgitter f\u00fcr Kinder, Bettschutzgitter Kinderbettgitter f\u00fcr Kinder, Rausfallschutz Bett, Babybettgitter\u2026\" \/>\n<meta property=\"og:url\" content=\"https:\/\/marktxxl.de\/markt\/produkt\/hyadiertech-bettgitter-fuer-kinder-bettschutzgitter-kinderbettgitter-fuer-kinder-rausfallschutz-bett-babybettgitter-klappbar-kinderbett-kinderbettschutzgitter-rausfallschutz\/\" \/>\n<meta property=\"og:site_name\" content=\"Markt-XXL\" \/>\n<meta property=\"article:modified_time\" content=\"2023-04-09T03:16:15+00:00\" \/>\n<meta property=\"og:image\" content=\"https:\/\/m.media-amazon.com\/images\/I\/41tcuSbkb9L._SL500_.jpg\" \/>\n\t<meta property=\"og:image:width\" content=\"500\" \/>\n\t<meta property=\"og:image:height\" content=\"500\" \/>\n\t<meta property=\"og:image:type\" content=\"image\/jpeg\" \/>\n<meta name=\"twitter:card\" content=\"summary_large_image\" \/>\n<script type=\"application\/ld+json\" class=\"yoast-schema-graph\">{\"@context\":\"https:\\\/\\\/schema.org\",\"@graph\":[{\"@type\":\"WebPage\",\"@id\":\"https:\\\/\\\/marktxxl.de\\\/markt\\\/produkt\\\/hyadiertech-bettgitter-fuer-kinder-bettschutzgitter-kinderbettgitter-fuer-kinder-rausfallschutz-bett-babybettgitter-klappbar-kinderbett-kinderbettschutzgitter-rausfallschutz\\\/\",\"url\":\"https:\\\/\\\/marktxxl.de\\\/markt\\\/produkt\\\/hyadiertech-bettgitter-fuer-kinder-bettschutzgitter-kinderbettgitter-fuer-kinder-rausfallschutz-bett-babybettgitter-klappbar-kinderbett-kinderbettschutzgitter-rausfallschutz\\\/\",\"name\":\"HyAdierTech Bettgitter f\u00fcr Kinder, Bettschutzgitter Kinderbettgitter f\u00fcr Kinder, Rausfallschutz Bett, Babybettgitter\u2026 - Markt-XXL\",\"isPartOf\":{\"@id\":\"https:\\\/\\\/marktxxl.de\\\/markt\\\/#website\"},\"primaryImageOfPage\":{\"@id\":\"https:\\\/\\\/marktxxl.de\\\/markt\\\/produkt\\\/hyadiertech-bettgitter-fuer-kinder-bettschutzgitter-kinderbettgitter-fuer-kinder-rausfallschutz-bett-babybettgitter-klappbar-kinderbett-kinderbettschutzgitter-rausfallschutz\\\/#primaryimage\"},\"image\":{\"@id\":\"https:\\\/\\\/marktxxl.de\\\/markt\\\/produkt\\\/hyadiertech-bettgitter-fuer-kinder-bettschutzgitter-kinderbettgitter-fuer-kinder-rausfallschutz-bett-babybettgitter-klappbar-kinderbett-kinderbettschutzgitter-rausfallschutz\\\/#primaryimage\"},\"thumbnailUrl\":\"https:\\\/\\\/m.media-amazon.com\\\/images\\\/I\\\/41tcuSbkb9L._SL500_.jpg\",\"datePublished\":\"2023-03-11T07:58:46+00:00\",\"dateModified\":\"2023-04-09T03:16:15+00:00\",\"description\":\"Markt-XXL HyAdierTech Bettgitter f\u00fcr Kinder, Bettschutzgitter Kinderbettgitter f\u00fcr Kinder, Rausfallschutz Bett, Babybettgitter\u2026\",\"breadcrumb\":{\"@id\":\"https:\\\/\\\/marktxxl.de\\\/markt\\\/produkt\\\/hyadiertech-bettgitter-fuer-kinder-bettschutzgitter-kinderbettgitter-fuer-kinder-rausfallschutz-bett-babybettgitter-klappbar-kinderbett-kinderbettschutzgitter-rausfallschutz\\\/#breadcrumb\"},\"inLanguage\":\"de\",\"potentialAction\":[{\"@type\":\"ReadAction\",\"target\":[\"https:\\\/\\\/marktxxl.de\\\/markt\\\/produkt\\\/hyadiertech-bettgitter-fuer-kinder-bettschutzgitter-kinderbettgitter-fuer-kinder-rausfallschutz-bett-babybettgitter-klappbar-kinderbett-kinderbettschutzgitter-rausfallschutz\\\/\"]}]},{\"@type\":\"ImageObject\",\"inLanguage\":\"de\",\"@id\":\"https:\\\/\\\/marktxxl.de\\\/markt\\\/produkt\\\/hyadiertech-bettgitter-fuer-kinder-bettschutzgitter-kinderbettgitter-fuer-kinder-rausfallschutz-bett-babybettgitter-klappbar-kinderbett-kinderbettschutzgitter-rausfallschutz\\\/#primaryimage\",\"url\":\"https:\\\/\\\/m.media-amazon.com\\\/images\\\/I\\\/41tcuSbkb9L._SL500_.jpg\",\"contentUrl\":\"https:\\\/\\\/m.media-amazon.com\\\/images\\\/I\\\/41tcuSbkb9L._SL500_.jpg\",\"width\":500,\"height\":500},{\"@type\":\"BreadcrumbList\",\"@id\":\"https:\\\/\\\/marktxxl.de\\\/markt\\\/produkt\\\/hyadiertech-bettgitter-fuer-kinder-bettschutzgitter-kinderbettgitter-fuer-kinder-rausfallschutz-bett-babybettgitter-klappbar-kinderbett-kinderbettschutzgitter-rausfallschutz\\\/#breadcrumb\",\"itemListElement\":[{\"@type\":\"ListItem\",\"position\":1,\"name\":\"Startseite\",\"item\":\"https:\\\/\\\/marktxxl.de\\\/markt\\\/\"},{\"@type\":\"ListItem\",\"position\":2,\"name\":\"Markt\",\"item\":\"https:\\\/\\\/marktxxl.de\\\/markt\\\/\"},{\"@type\":\"ListItem\",\"position\":3,\"name\":\"HyAdierTech Bettgitter f\u00fcr Kinder, Bettschutzgitter Kinderbettgitter f\u00fcr Kinder, Rausfallschutz Bett, Babybettgitter\u2026\"}]},{\"@type\":\"WebSite\",\"@id\":\"https:\\\/\\\/marktxxl.de\\\/markt\\\/#website\",\"url\":\"https:\\\/\\\/marktxxl.de\\\/markt\\\/\",\"name\":\"Markt-XXL\",\"description\":\"Ihr Markt Online\",\"publisher\":{\"@id\":\"https:\\\/\\\/marktxxl.de\\\/markt\\\/#organization\"},\"potentialAction\":[{\"@type\":\"SearchAction\",\"target\":{\"@type\":\"EntryPoint\",\"urlTemplate\":\"https:\\\/\\\/marktxxl.de\\\/markt\\\/?s={search_term_string}\"},\"query-input\":{\"@type\":\"PropertyValueSpecification\",\"valueRequired\":true,\"valueName\":\"search_term_string\"}}],\"inLanguage\":\"de\"},{\"@type\":\"Organization\",\"@id\":\"https:\\\/\\\/marktxxl.de\\\/markt\\\/#organization\",\"name\":\"Markt-XXL\",\"url\":\"https:\\\/\\\/marktxxl.de\\\/markt\\\/\",\"logo\":{\"@type\":\"ImageObject\",\"inLanguage\":\"de\",\"@id\":\"https:\\\/\\\/marktxxl.de\\\/markt\\\/#\\\/schema\\\/logo\\\/image\\\/\",\"url\":\"https:\\\/\\\/marktxxl.de\\\/markt\\\/wp-content\\\/uploads\\\/sites\\\/3\\\/2020\\\/12\\\/logo.png\",\"contentUrl\":\"https:\\\/\\\/marktxxl.de\\\/markt\\\/wp-content\\\/uploads\\\/sites\\\/3\\\/2020\\\/12\\\/logo.png\",\"width\":200,\"height\":70,\"caption\":\"Markt-XXL\"},\"image\":{\"@id\":\"https:\\\/\\\/marktxxl.de\\\/markt\\\/#\\\/schema\\\/logo\\\/image\\\/\"}}]}<\/script>\n<!-- \/ Yoast SEO plugin. -->","yoast_head_json":{"title":"HyAdierTech Bettgitter f\u00fcr Kinder, Bettschutzgitter Kinderbettgitter f\u00fcr Kinder, Rausfallschutz Bett, Babybettgitter\u2026 - Markt-XXL","description":"Markt-XXL HyAdierTech Bettgitter f\u00fcr Kinder, Bettschutzgitter Kinderbettgitter f\u00fcr Kinder, Rausfallschutz Bett, Babybettgitter\u2026","robots":{"index":"index","follow":"follow","max-snippet":"max-snippet:-1","max-image-preview":"max-image-preview:large","max-video-preview":"max-video-preview:-1"},"canonical":"https:\/\/marktxxl.de\/markt\/produkt\/hyadiertech-bettgitter-fuer-kinder-bettschutzgitter-kinderbettgitter-fuer-kinder-rausfallschutz-bett-babybettgitter-klappbar-kinderbett-kinderbettschutzgitter-rausfallschutz\/","og_locale":"de_DE","og_type":"article","og_title":"HyAdierTech Bettgitter f\u00fcr Kinder, Bettschutzgitter Kinderbettgitter f\u00fcr Kinder, Rausfallschutz Bett, Babybettgitter\u2026 - Markt-XXL","og_description":"Markt-XXL HyAdierTech Bettgitter f\u00fcr Kinder, Bettschutzgitter Kinderbettgitter f\u00fcr Kinder, Rausfallschutz Bett, Babybettgitter\u2026","og_url":"https:\/\/marktxxl.de\/markt\/produkt\/hyadiertech-bettgitter-fuer-kinder-bettschutzgitter-kinderbettgitter-fuer-kinder-rausfallschutz-bett-babybettgitter-klappbar-kinderbett-kinderbettschutzgitter-rausfallschutz\/","og_site_name":"Markt-XXL","article_modified_time":"2023-04-09T03:16:15+00:00","og_image":[{"width":500,"height":500,"url":"https:\/\/m.media-amazon.com\/images\/I\/41tcuSbkb9L._SL500_.jpg","type":"image\/jpeg"}],"twitter_card":"summary_large_image","schema":{"@context":"https:\/\/schema.org","@graph":[{"@type":"WebPage","@id":"https:\/\/marktxxl.de\/markt\/produkt\/hyadiertech-bettgitter-fuer-kinder-bettschutzgitter-kinderbettgitter-fuer-kinder-rausfallschutz-bett-babybettgitter-klappbar-kinderbett-kinderbettschutzgitter-rausfallschutz\/","url":"https:\/\/marktxxl.de\/markt\/produkt\/hyadiertech-bettgitter-fuer-kinder-bettschutzgitter-kinderbettgitter-fuer-kinder-rausfallschutz-bett-babybettgitter-klappbar-kinderbett-kinderbettschutzgitter-rausfallschutz\/","name":"HyAdierTech Bettgitter f\u00fcr Kinder, Bettschutzgitter Kinderbettgitter f\u00fcr Kinder, Rausfallschutz Bett, Babybettgitter\u2026 - Markt-XXL","isPartOf":{"@id":"https:\/\/marktxxl.de\/markt\/#website"},"primaryImageOfPage":{"@id":"https:\/\/marktxxl.de\/markt\/produkt\/hyadiertech-bettgitter-fuer-kinder-bettschutzgitter-kinderbettgitter-fuer-kinder-rausfallschutz-bett-babybettgitter-klappbar-kinderbett-kinderbettschutzgitter-rausfallschutz\/#primaryimage"},"image":{"@id":"https:\/\/marktxxl.de\/markt\/produkt\/hyadiertech-bettgitter-fuer-kinder-bettschutzgitter-kinderbettgitter-fuer-kinder-rausfallschutz-bett-babybettgitter-klappbar-kinderbett-kinderbettschutzgitter-rausfallschutz\/#primaryimage"},"thumbnailUrl":"https:\/\/m.media-amazon.com\/images\/I\/41tcuSbkb9L._SL500_.jpg","datePublished":"2023-03-11T07:58:46+00:00","dateModified":"2023-04-09T03:16:15+00:00","description":"Markt-XXL HyAdierTech Bettgitter f\u00fcr Kinder, Bettschutzgitter Kinderbettgitter f\u00fcr Kinder, Rausfallschutz Bett, Babybettgitter\u2026","breadcrumb":{"@id":"https:\/\/marktxxl.de\/markt\/produkt\/hyadiertech-bettgitter-fuer-kinder-bettschutzgitter-kinderbettgitter-fuer-kinder-rausfallschutz-bett-babybettgitter-klappbar-kinderbett-kinderbettschutzgitter-rausfallschutz\/#breadcrumb"},"inLanguage":"de","potentialAction":[{"@type":"ReadAction","target":["https:\/\/marktxxl.de\/markt\/produkt\/hyadiertech-bettgitter-fuer-kinder-bettschutzgitter-kinderbettgitter-fuer-kinder-rausfallschutz-bett-babybettgitter-klappbar-kinderbett-kinderbettschutzgitter-rausfallschutz\/"]}]},{"@type":"ImageObject","inLanguage":"de","@id":"https:\/\/marktxxl.de\/markt\/produkt\/hyadiertech-bettgitter-fuer-kinder-bettschutzgitter-kinderbettgitter-fuer-kinder-rausfallschutz-bett-babybettgitter-klappbar-kinderbett-kinderbettschutzgitter-rausfallschutz\/#primaryimage","url":"https:\/\/m.media-amazon.com\/images\/I\/41tcuSbkb9L._SL500_.jpg","contentUrl":"https:\/\/m.media-amazon.com\/images\/I\/41tcuSbkb9L._SL500_.jpg","width":500,"height":500},{"@type":"BreadcrumbList","@id":"https:\/\/marktxxl.de\/markt\/produkt\/hyadiertech-bettgitter-fuer-kinder-bettschutzgitter-kinderbettgitter-fuer-kinder-rausfallschutz-bett-babybettgitter-klappbar-kinderbett-kinderbettschutzgitter-rausfallschutz\/#breadcrumb","itemListElement":[{"@type":"ListItem","position":1,"name":"Startseite","item":"https:\/\/marktxxl.de\/markt\/"},{"@type":"ListItem","position":2,"name":"Markt","item":"https:\/\/marktxxl.de\/markt\/"},{"@type":"ListItem","position":3,"name":"HyAdierTech Bettgitter f\u00fcr Kinder, Bettschutzgitter Kinderbettgitter f\u00fcr Kinder, Rausfallschutz Bett, Babybettgitter\u2026"}]},{"@type":"WebSite","@id":"https:\/\/marktxxl.de\/markt\/#website","url":"https:\/\/marktxxl.de\/markt\/","name":"Markt-XXL","description":"Ihr Markt Online","publisher":{"@id":"https:\/\/marktxxl.de\/markt\/#organization"},"potentialAction":[{"@type":"SearchAction","target":{"@type":"EntryPoint","urlTemplate":"https:\/\/marktxxl.de\/markt\/?s={search_term_string}"},"query-input":{"@type":"PropertyValueSpecification","valueRequired":true,"valueName":"search_term_string"}}],"inLanguage":"de"},{"@type":"Organization","@id":"https:\/\/marktxxl.de\/markt\/#organization","name":"Markt-XXL","url":"https:\/\/marktxxl.de\/markt\/","logo":{"@type":"ImageObject","inLanguage":"de","@id":"https:\/\/marktxxl.de\/markt\/#\/schema\/logo\/image\/","url":"https:\/\/marktxxl.de\/markt\/wp-content\/uploads\/sites\/3\/2020\/12\/logo.png","contentUrl":"https:\/\/marktxxl.de\/markt\/wp-content\/uploads\/sites\/3\/2020\/12\/logo.png","width":200,"height":70,"caption":"Markt-XXL"},"image":{"@id":"https:\/\/marktxxl.de\/markt\/#\/schema\/logo\/image\/"}}]}},"_links":{"self":[{"href":"https:\/\/marktxxl.de\/markt\/wp-json\/wp\/v2\/product\/195278","targetHints":{"allow":["GET"]}}],"collection":[{"href":"https:\/\/marktxxl.de\/markt\/wp-json\/wp\/v2\/product"}],"about":[{"href":"https:\/\/marktxxl.de\/markt\/wp-json\/wp\/v2\/types\/product"}],"replies":[{"embeddable":true,"href":"https:\/\/marktxxl.de\/markt\/wp-json\/wp\/v2\/comments?post=195278"}],"wp:featuredmedia":[{"embeddable":true,"href":"https:\/\/marktxxl.de\/markt\/wp-json\/wp\/v2\/media\/195279"}],"wp:attachment":[{"href":"https:\/\/marktxxl.de\/markt\/wp-json\/wp\/v2\/media?parent=195278"}],"wp:term":[{"taxonomy":"product_brand","embeddable":true,"href":"https:\/\/marktxxl.de\/markt\/wp-json\/wp\/v2\/product_brand?post=195278"},{"taxonomy":"product_cat","embeddable":true,"href":"https:\/\/marktxxl.de\/markt\/wp-json\/wp\/v2\/product_cat?post=195278"},{"taxonomy":"product_tag","embeddable":true,"href":"https:\/\/marktxxl.de\/markt\/wp-json\/wp\/v2\/product_tag?post=195278"}],"curies":[{"name":"wp","href":"https:\/\/api.w.org\/{rel}","templated":true}]}}