{"id":195222,"date":"2023-03-11T08:58:01","date_gmt":"2023-03-11T07:58:01","guid":{"rendered":"https:\/\/marktxxl.de\/markt\/produkt\/ersatz-buerostuhl-rollen%ef%bc%881000kg%ef%bc%89-11x22mm-rollen-fuer-buerostuehle-leichtgaengige-und-leise-hartbodenrollen-schreibtischstuhl-rollen-fuer-gaming-stuehle%ef%bc%8cgeeignet-fuer\/"},"modified":"2023-04-09T05:16:14","modified_gmt":"2023-04-09T03:16:14","slug":"ersatz-buerostuhl-rollen%ef%bc%881000kg%ef%bc%89-11x22mm-rollen-fuer-buerostuehle-leichtgaengige-und-leise-hartbodenrollen-schreibtischstuhl-rollen-fuer-gaming-stuehle%ef%bc%8cgeeignet-fuer","status":"publish","type":"product","link":"https:\/\/marktxxl.de\/markt\/produkt\/ersatz-buerostuhl-rollen%ef%bc%881000kg%ef%bc%89-11x22mm-rollen-fuer-buerostuehle-leichtgaengige-und-leise-hartbodenrollen-schreibtischstuhl-rollen-fuer-gaming-stuehle%ef%bc%8cgeeignet-fuer\/","title":{"rendered":"Ersatz-b\u00fcrostuhl rollen\uff081000KG\uff09\u201311x22MM rollen f\u00fcr b\u00fcrost\u00fchle, Leichtg\u00e4ngige und leise hartbodenrollen\u2026"},"content":{"rendered":"<p>\ud83c\udf1f Qualit\u00e4ts-gummirollen f\u00fcr die meisten St\u00fchle: Diese 11MM-stuhlrollen sind f\u00fcr die meisten St\u00fchle (Gaming-St\u00fchle, B\u00fcrost\u00fchle, Chefsessel) geeignet und haben eine Standardgr\u00f6\u00dfe von 11MM (7\/16&#8243;) x 22MM (7\/8&#8243;). Ein Satz von 5 b\u00fcrostuhlrollen, um Ihren Stuhl in einem tadellosen Zustand zu halten, eine kosteng\u00fcnstige Option, die nicht den Kauf eines neuen Stuhls erfordert.<br \/>\n\ud83c\udf1fDoppelreihiges Raddesign mit 5,1CM breiten hartbodenrollen f\u00fcr b\u00fcrostuhl. Diese hochwertigen gaming stuhl rollen sind mit extra dickem Polyurethan beschichtet (reduziert die Belastung beim Rollen des Stuhls), um Ihren Fu\u00dfboden vor Kratzern und Sch\u00e4den zu sch\u00fctzen. Das Innere der ersatzrollen f\u00fcr b\u00fcrostuhl ist aus hochwertigem Stahl gefertigt und garantiert eine lange Lebensdauer. Die Heavy Duty Version tr\u00e4gt bis zu 2200LBS und ist perfekt f\u00fcr schwerere Menschen<br \/>\n\ud83c\udf1fLeise und ger\u00e4uschlos: Sind Sie besorgt \u00fcber das Ger\u00e4usch, das Ihr Stuhl bei Ihrer Familie oder Ihren Kollegen verursacht, wenn er rutscht? Unsere drehstuhl rollen sind neu konzipiert und auf die Bed\u00fcrfnisse unserer Kunden abgestimmt. Ihre b\u00fcrostuhl rollen f\u00fcr harte b\u00f6den gleiten sanft und sicher \u00fcber Holz-, Hartholz-, Laminat-, Vinyl-, Fliesen- und Teppichb\u00f6den, ohne scharfe Ger\u00e4usche oder Kl\u00e4nge<br \/>\n\ud83c\udf1f Werkzeuglose Installation: schnell und einfach zu installieren. Die hartbodenrollen 11mm k\u00f6nnen als Ersatzr\u00e4der f\u00fcr die meisten Arbeitsst\u00fchle und Hocker verwendet werden. Ziehen Sie einfach das alte Stuhlrad heraus und setzen Sie es ein. Schieben Sie dann die Schiene des neuen Stuhlrads in den Schlitz, bis es sicher befestigt ist. Kann in weniger als 5 Minuten ohne Werkzeug entfernt und installiert werden<br \/>\n\ud83c\udf1fSie gehen kein Risiko ein, unser Ziel ist es, Ihnen das hochwertigste B\u00fcrostuhlzubeh\u00f6r und einen ausgezeichneten Service zu bieten (gummirollen b\u00fcrostuhl). Sollten diese b\u00fcrostuhl gummirollen nicht Ihren Erwartungen entsprechen oder kaputt gehen, bieten wir Ihnen einen 30-t\u00e4gigen kostenlosen R\u00fcckgabe- bzw. Umtauschservice. Wenn Sie also irgendwelche Probleme haben, lassen Sie es uns wissen! Z\u00f6gern Sie nicht<br \/>\n<div class=\"main-cross-sell\" data-asin=\"B09V5JDK63\">\n\n\t<div class=\"WooZone-cross-sell-loader\">\n\t\t<div>\n\t\t\t<div id=\"floatingBarsG\">\n\t\t\t\t<div class=\"blockG\" id=\"rotateG_01\"><\/div>\n\t\t\t\t<div class=\"blockG\" id=\"rotateG_02\"><\/div>\n\t\t\t\t<div class=\"blockG\" id=\"rotateG_03\"><\/div>\n\t\t\t\t<div class=\"blockG\" id=\"rotateG_04\"><\/div>\n\t\t\t\t<div class=\"blockG\" id=\"rotateG_05\"><\/div>\n\t\t\t\t<div class=\"blockG\" id=\"rotateG_06\"><\/div>\n\t\t\t\t<div class=\"blockG\" id=\"rotateG_07\"><\/div>\n\t\t\t\t<div class=\"blockG\" id=\"rotateG_08\"><\/div>\n\t\t\t<\/div>\n\t\t\t<div class=\"WooZone-cross-sell-loader-text\"><\/div>\n\t\t<\/div>\n\t<\/div>\n\n\t\t\n<\/div>\n<div style=\"clear:both;\"><\/div><\/p>\n","protected":false},"excerpt":{"rendered":"<p>\ud83c\udf1f Qualit\u00e4ts-gummirollen f\u00fcr die meisten St\u00fchle: Diese 11MM-stuhlrollen sind f\u00fcr die meisten St\u00fchle (Gaming-St\u00fchle, B\u00fcrost\u00fchle, Chefsessel) geeignet und haben eine Standardgr\u00f6\u00dfe von 11MM (7\/16&#8243;) x 22MM (7\/8&#8243;). Ein Satz von 5 b\u00fcrostuhlrollen, um Ihren Stuhl in einem tadellosen Zustand zu halten, eine kosteng\u00fcnstige Option, die nicht den Kauf eines neuen Stuhls erfordert.<br \/>\n\ud83c\udf1fDoppelreihiges Raddesign mit 5,1CM breiten hartbodenrollen f\u00fcr b\u00fcrostuhl. Diese hochwertigen gaming stuhl rollen sind mit extra dickem Polyurethan beschichtet (reduziert die Belastung beim Rollen des Stuhls), um Ihren Fu\u00dfboden vor Kratzern und Sch\u00e4den zu sch\u00fctzen. Das Innere der ersatzrollen f\u00fcr b\u00fcrostuhl ist aus hochwertigem Stahl gefertigt und garantiert eine lange Lebensdauer. Die Heavy Duty Version tr\u00e4gt bis zu 2200LBS und ist perfekt f\u00fcr schwerere Menschen<br \/>\n\ud83c\udf1fLeise und ger\u00e4uschlos: Sind Sie besorgt \u00fcber das Ger\u00e4usch, das Ihr Stuhl bei Ihrer Familie oder Ihren Kollegen verursacht, wenn er rutscht? Unsere drehstuhl rollen sind neu konzipiert und auf die Bed\u00fcrfnisse unserer Kunden abgestimmt. Ihre b\u00fcrostuhl rollen f\u00fcr harte b\u00f6den gleiten sanft und sicher \u00fcber Holz-, Hartholz-, Laminat-, Vinyl-, Fliesen- und Teppichb\u00f6den, ohne scharfe Ger\u00e4usche oder Kl\u00e4nge<\/p>\n","protected":false},"featured_media":195223,"comment_status":"open","ping_status":"closed","template":"","meta":[],"product_brand":[],"product_cat":[504,8312],"product_tag":[],"class_list":{"0":"post-195222","1":"product","2":"type-product","3":"status-publish","4":"has-post-thumbnail","6":"product_cat-buerobedarf-schreibwaren","7":"product_cat-bueromoebel-beleuchtung","8":"pa_brand-baasha","9":"pa_color-klar","10":"pa_manufacturer-baasha","12":"first","13":"instock","14":"shipping-taxable","15":"purchasable","16":"product-type-simple","17":"customify-col","18":"product-has-gallery"},"yoast_head":"<!-- This site is optimized with the Yoast SEO plugin v27.4 - https:\/\/yoast.com\/product\/yoast-seo-wordpress\/ -->\n<title>Ersatz-b\u00fcrostuhl rollen\uff081000KG\uff09\u201311x22MM rollen f\u00fcr b\u00fcrost\u00fchle, Leichtg\u00e4ngige und leise hartbodenrollen\u2026 - Markt-XXL<\/title>\n<meta name=\"description\" content=\"Markt-XXL Ersatz-b\u00fcrostuhl rollen\uff081000KG\uff09\u201311x22MM rollen f\u00fcr b\u00fcrost\u00fchle, Leichtg\u00e4ngige und leise hartbodenrollen\u2026\" \/>\n<meta name=\"robots\" content=\"index, follow, max-snippet:-1, max-image-preview:large, max-video-preview:-1\" \/>\n<link rel=\"canonical\" href=\"https:\/\/marktxxl.de\/markt\/produkt\/ersatz-buerostuhl-rollen\uff081000kg\uff09-11x22mm-rollen-fuer-buerostuehle-leichtgaengige-und-leise-hartbodenrollen-schreibtischstuhl-rollen-fuer-gaming-stuehle\uff0cgeeignet-fuer\/\" \/>\n<meta property=\"og:locale\" content=\"de_DE\" \/>\n<meta property=\"og:type\" content=\"article\" \/>\n<meta property=\"og:title\" content=\"Ersatz-b\u00fcrostuhl rollen\uff081000KG\uff09\u201311x22MM rollen f\u00fcr b\u00fcrost\u00fchle, Leichtg\u00e4ngige und leise hartbodenrollen\u2026 - Markt-XXL\" \/>\n<meta property=\"og:description\" content=\"Markt-XXL Ersatz-b\u00fcrostuhl rollen\uff081000KG\uff09\u201311x22MM rollen f\u00fcr b\u00fcrost\u00fchle, Leichtg\u00e4ngige und leise hartbodenrollen\u2026\" \/>\n<meta property=\"og:url\" content=\"https:\/\/marktxxl.de\/markt\/produkt\/ersatz-buerostuhl-rollen\uff081000kg\uff09-11x22mm-rollen-fuer-buerostuehle-leichtgaengige-und-leise-hartbodenrollen-schreibtischstuhl-rollen-fuer-gaming-stuehle\uff0cgeeignet-fuer\/\" \/>\n<meta property=\"og:site_name\" content=\"Markt-XXL\" \/>\n<meta property=\"article:modified_time\" content=\"2023-04-09T03:16:14+00:00\" \/>\n<meta property=\"og:image\" content=\"https:\/\/m.media-amazon.com\/images\/I\/41PXWHAXqfL._SL500_.jpg\" \/>\n\t<meta property=\"og:image:width\" content=\"500\" \/>\n\t<meta property=\"og:image:height\" content=\"500\" \/>\n\t<meta property=\"og:image:type\" content=\"image\/jpeg\" \/>\n<meta name=\"twitter:card\" content=\"summary_large_image\" \/>\n<meta name=\"twitter:label1\" content=\"Gesch\u00e4tzte Lesezeit\" \/>\n\t<meta name=\"twitter:data1\" content=\"2\u00a0Minuten\" \/>\n<script type=\"application\/ld+json\" class=\"yoast-schema-graph\">{\"@context\":\"https:\\\/\\\/schema.org\",\"@graph\":[{\"@type\":\"WebPage\",\"@id\":\"https:\\\/\\\/marktxxl.de\\\/markt\\\/produkt\\\/ersatz-buerostuhl-rollen%ef%bc%881000kg%ef%bc%89-11x22mm-rollen-fuer-buerostuehle-leichtgaengige-und-leise-hartbodenrollen-schreibtischstuhl-rollen-fuer-gaming-stuehle%ef%bc%8cgeeignet-fuer\\\/\",\"url\":\"https:\\\/\\\/marktxxl.de\\\/markt\\\/produkt\\\/ersatz-buerostuhl-rollen%ef%bc%881000kg%ef%bc%89-11x22mm-rollen-fuer-buerostuehle-leichtgaengige-und-leise-hartbodenrollen-schreibtischstuhl-rollen-fuer-gaming-stuehle%ef%bc%8cgeeignet-fuer\\\/\",\"name\":\"Ersatz-b\u00fcrostuhl rollen\uff081000KG\uff09\u201311x22MM rollen f\u00fcr b\u00fcrost\u00fchle, Leichtg\u00e4ngige und leise hartbodenrollen\u2026 - Markt-XXL\",\"isPartOf\":{\"@id\":\"https:\\\/\\\/marktxxl.de\\\/markt\\\/#website\"},\"primaryImageOfPage\":{\"@id\":\"https:\\\/\\\/marktxxl.de\\\/markt\\\/produkt\\\/ersatz-buerostuhl-rollen%ef%bc%881000kg%ef%bc%89-11x22mm-rollen-fuer-buerostuehle-leichtgaengige-und-leise-hartbodenrollen-schreibtischstuhl-rollen-fuer-gaming-stuehle%ef%bc%8cgeeignet-fuer\\\/#primaryimage\"},\"image\":{\"@id\":\"https:\\\/\\\/marktxxl.de\\\/markt\\\/produkt\\\/ersatz-buerostuhl-rollen%ef%bc%881000kg%ef%bc%89-11x22mm-rollen-fuer-buerostuehle-leichtgaengige-und-leise-hartbodenrollen-schreibtischstuhl-rollen-fuer-gaming-stuehle%ef%bc%8cgeeignet-fuer\\\/#primaryimage\"},\"thumbnailUrl\":\"https:\\\/\\\/m.media-amazon.com\\\/images\\\/I\\\/41PXWHAXqfL._SL500_.jpg\",\"datePublished\":\"2023-03-11T07:58:01+00:00\",\"dateModified\":\"2023-04-09T03:16:14+00:00\",\"description\":\"Markt-XXL Ersatz-b\u00fcrostuhl rollen\uff081000KG\uff09\u201311x22MM rollen f\u00fcr b\u00fcrost\u00fchle, Leichtg\u00e4ngige und leise hartbodenrollen\u2026\",\"breadcrumb\":{\"@id\":\"https:\\\/\\\/marktxxl.de\\\/markt\\\/produkt\\\/ersatz-buerostuhl-rollen%ef%bc%881000kg%ef%bc%89-11x22mm-rollen-fuer-buerostuehle-leichtgaengige-und-leise-hartbodenrollen-schreibtischstuhl-rollen-fuer-gaming-stuehle%ef%bc%8cgeeignet-fuer\\\/#breadcrumb\"},\"inLanguage\":\"de\",\"potentialAction\":[{\"@type\":\"ReadAction\",\"target\":[\"https:\\\/\\\/marktxxl.de\\\/markt\\\/produkt\\\/ersatz-buerostuhl-rollen%ef%bc%881000kg%ef%bc%89-11x22mm-rollen-fuer-buerostuehle-leichtgaengige-und-leise-hartbodenrollen-schreibtischstuhl-rollen-fuer-gaming-stuehle%ef%bc%8cgeeignet-fuer\\\/\"]}]},{\"@type\":\"ImageObject\",\"inLanguage\":\"de\",\"@id\":\"https:\\\/\\\/marktxxl.de\\\/markt\\\/produkt\\\/ersatz-buerostuhl-rollen%ef%bc%881000kg%ef%bc%89-11x22mm-rollen-fuer-buerostuehle-leichtgaengige-und-leise-hartbodenrollen-schreibtischstuhl-rollen-fuer-gaming-stuehle%ef%bc%8cgeeignet-fuer\\\/#primaryimage\",\"url\":\"https:\\\/\\\/m.media-amazon.com\\\/images\\\/I\\\/41PXWHAXqfL._SL500_.jpg\",\"contentUrl\":\"https:\\\/\\\/m.media-amazon.com\\\/images\\\/I\\\/41PXWHAXqfL._SL500_.jpg\",\"width\":500,\"height\":500},{\"@type\":\"BreadcrumbList\",\"@id\":\"https:\\\/\\\/marktxxl.de\\\/markt\\\/produkt\\\/ersatz-buerostuhl-rollen%ef%bc%881000kg%ef%bc%89-11x22mm-rollen-fuer-buerostuehle-leichtgaengige-und-leise-hartbodenrollen-schreibtischstuhl-rollen-fuer-gaming-stuehle%ef%bc%8cgeeignet-fuer\\\/#breadcrumb\",\"itemListElement\":[{\"@type\":\"ListItem\",\"position\":1,\"name\":\"Startseite\",\"item\":\"https:\\\/\\\/marktxxl.de\\\/markt\\\/\"},{\"@type\":\"ListItem\",\"position\":2,\"name\":\"Markt\",\"item\":\"https:\\\/\\\/marktxxl.de\\\/markt\\\/\"},{\"@type\":\"ListItem\",\"position\":3,\"name\":\"Ersatz-b\u00fcrostuhl rollen\uff081000KG\uff09\u201311x22MM rollen f\u00fcr b\u00fcrost\u00fchle, Leichtg\u00e4ngige und leise hartbodenrollen\u2026\"}]},{\"@type\":\"WebSite\",\"@id\":\"https:\\\/\\\/marktxxl.de\\\/markt\\\/#website\",\"url\":\"https:\\\/\\\/marktxxl.de\\\/markt\\\/\",\"name\":\"Markt-XXL\",\"description\":\"Ihr Markt Online\",\"publisher\":{\"@id\":\"https:\\\/\\\/marktxxl.de\\\/markt\\\/#organization\"},\"potentialAction\":[{\"@type\":\"SearchAction\",\"target\":{\"@type\":\"EntryPoint\",\"urlTemplate\":\"https:\\\/\\\/marktxxl.de\\\/markt\\\/?s={search_term_string}\"},\"query-input\":{\"@type\":\"PropertyValueSpecification\",\"valueRequired\":true,\"valueName\":\"search_term_string\"}}],\"inLanguage\":\"de\"},{\"@type\":\"Organization\",\"@id\":\"https:\\\/\\\/marktxxl.de\\\/markt\\\/#organization\",\"name\":\"Markt-XXL\",\"url\":\"https:\\\/\\\/marktxxl.de\\\/markt\\\/\",\"logo\":{\"@type\":\"ImageObject\",\"inLanguage\":\"de\",\"@id\":\"https:\\\/\\\/marktxxl.de\\\/markt\\\/#\\\/schema\\\/logo\\\/image\\\/\",\"url\":\"https:\\\/\\\/marktxxl.de\\\/markt\\\/wp-content\\\/uploads\\\/sites\\\/3\\\/2020\\\/12\\\/logo.png\",\"contentUrl\":\"https:\\\/\\\/marktxxl.de\\\/markt\\\/wp-content\\\/uploads\\\/sites\\\/3\\\/2020\\\/12\\\/logo.png\",\"width\":200,\"height\":70,\"caption\":\"Markt-XXL\"},\"image\":{\"@id\":\"https:\\\/\\\/marktxxl.de\\\/markt\\\/#\\\/schema\\\/logo\\\/image\\\/\"}}]}<\/script>\n<!-- \/ Yoast SEO plugin. -->","yoast_head_json":{"title":"Ersatz-b\u00fcrostuhl rollen\uff081000KG\uff09\u201311x22MM rollen f\u00fcr b\u00fcrost\u00fchle, Leichtg\u00e4ngige und leise hartbodenrollen\u2026 - Markt-XXL","description":"Markt-XXL Ersatz-b\u00fcrostuhl rollen\uff081000KG\uff09\u201311x22MM rollen f\u00fcr b\u00fcrost\u00fchle, Leichtg\u00e4ngige und leise hartbodenrollen\u2026","robots":{"index":"index","follow":"follow","max-snippet":"max-snippet:-1","max-image-preview":"max-image-preview:large","max-video-preview":"max-video-preview:-1"},"canonical":"https:\/\/marktxxl.de\/markt\/produkt\/ersatz-buerostuhl-rollen\uff081000kg\uff09-11x22mm-rollen-fuer-buerostuehle-leichtgaengige-und-leise-hartbodenrollen-schreibtischstuhl-rollen-fuer-gaming-stuehle\uff0cgeeignet-fuer\/","og_locale":"de_DE","og_type":"article","og_title":"Ersatz-b\u00fcrostuhl rollen\uff081000KG\uff09\u201311x22MM rollen f\u00fcr b\u00fcrost\u00fchle, Leichtg\u00e4ngige und leise hartbodenrollen\u2026 - Markt-XXL","og_description":"Markt-XXL Ersatz-b\u00fcrostuhl rollen\uff081000KG\uff09\u201311x22MM rollen f\u00fcr b\u00fcrost\u00fchle, Leichtg\u00e4ngige und leise hartbodenrollen\u2026","og_url":"https:\/\/marktxxl.de\/markt\/produkt\/ersatz-buerostuhl-rollen\uff081000kg\uff09-11x22mm-rollen-fuer-buerostuehle-leichtgaengige-und-leise-hartbodenrollen-schreibtischstuhl-rollen-fuer-gaming-stuehle\uff0cgeeignet-fuer\/","og_site_name":"Markt-XXL","article_modified_time":"2023-04-09T03:16:14+00:00","og_image":[{"width":500,"height":500,"url":"https:\/\/m.media-amazon.com\/images\/I\/41PXWHAXqfL._SL500_.jpg","type":"image\/jpeg"}],"twitter_card":"summary_large_image","twitter_misc":{"Gesch\u00e4tzte Lesezeit":"2\u00a0Minuten"},"schema":{"@context":"https:\/\/schema.org","@graph":[{"@type":"WebPage","@id":"https:\/\/marktxxl.de\/markt\/produkt\/ersatz-buerostuhl-rollen%ef%bc%881000kg%ef%bc%89-11x22mm-rollen-fuer-buerostuehle-leichtgaengige-und-leise-hartbodenrollen-schreibtischstuhl-rollen-fuer-gaming-stuehle%ef%bc%8cgeeignet-fuer\/","url":"https:\/\/marktxxl.de\/markt\/produkt\/ersatz-buerostuhl-rollen%ef%bc%881000kg%ef%bc%89-11x22mm-rollen-fuer-buerostuehle-leichtgaengige-und-leise-hartbodenrollen-schreibtischstuhl-rollen-fuer-gaming-stuehle%ef%bc%8cgeeignet-fuer\/","name":"Ersatz-b\u00fcrostuhl rollen\uff081000KG\uff09\u201311x22MM rollen f\u00fcr b\u00fcrost\u00fchle, Leichtg\u00e4ngige und leise hartbodenrollen\u2026 - Markt-XXL","isPartOf":{"@id":"https:\/\/marktxxl.de\/markt\/#website"},"primaryImageOfPage":{"@id":"https:\/\/marktxxl.de\/markt\/produkt\/ersatz-buerostuhl-rollen%ef%bc%881000kg%ef%bc%89-11x22mm-rollen-fuer-buerostuehle-leichtgaengige-und-leise-hartbodenrollen-schreibtischstuhl-rollen-fuer-gaming-stuehle%ef%bc%8cgeeignet-fuer\/#primaryimage"},"image":{"@id":"https:\/\/marktxxl.de\/markt\/produkt\/ersatz-buerostuhl-rollen%ef%bc%881000kg%ef%bc%89-11x22mm-rollen-fuer-buerostuehle-leichtgaengige-und-leise-hartbodenrollen-schreibtischstuhl-rollen-fuer-gaming-stuehle%ef%bc%8cgeeignet-fuer\/#primaryimage"},"thumbnailUrl":"https:\/\/m.media-amazon.com\/images\/I\/41PXWHAXqfL._SL500_.jpg","datePublished":"2023-03-11T07:58:01+00:00","dateModified":"2023-04-09T03:16:14+00:00","description":"Markt-XXL Ersatz-b\u00fcrostuhl rollen\uff081000KG\uff09\u201311x22MM rollen f\u00fcr b\u00fcrost\u00fchle, Leichtg\u00e4ngige und leise hartbodenrollen\u2026","breadcrumb":{"@id":"https:\/\/marktxxl.de\/markt\/produkt\/ersatz-buerostuhl-rollen%ef%bc%881000kg%ef%bc%89-11x22mm-rollen-fuer-buerostuehle-leichtgaengige-und-leise-hartbodenrollen-schreibtischstuhl-rollen-fuer-gaming-stuehle%ef%bc%8cgeeignet-fuer\/#breadcrumb"},"inLanguage":"de","potentialAction":[{"@type":"ReadAction","target":["https:\/\/marktxxl.de\/markt\/produkt\/ersatz-buerostuhl-rollen%ef%bc%881000kg%ef%bc%89-11x22mm-rollen-fuer-buerostuehle-leichtgaengige-und-leise-hartbodenrollen-schreibtischstuhl-rollen-fuer-gaming-stuehle%ef%bc%8cgeeignet-fuer\/"]}]},{"@type":"ImageObject","inLanguage":"de","@id":"https:\/\/marktxxl.de\/markt\/produkt\/ersatz-buerostuhl-rollen%ef%bc%881000kg%ef%bc%89-11x22mm-rollen-fuer-buerostuehle-leichtgaengige-und-leise-hartbodenrollen-schreibtischstuhl-rollen-fuer-gaming-stuehle%ef%bc%8cgeeignet-fuer\/#primaryimage","url":"https:\/\/m.media-amazon.com\/images\/I\/41PXWHAXqfL._SL500_.jpg","contentUrl":"https:\/\/m.media-amazon.com\/images\/I\/41PXWHAXqfL._SL500_.jpg","width":500,"height":500},{"@type":"BreadcrumbList","@id":"https:\/\/marktxxl.de\/markt\/produkt\/ersatz-buerostuhl-rollen%ef%bc%881000kg%ef%bc%89-11x22mm-rollen-fuer-buerostuehle-leichtgaengige-und-leise-hartbodenrollen-schreibtischstuhl-rollen-fuer-gaming-stuehle%ef%bc%8cgeeignet-fuer\/#breadcrumb","itemListElement":[{"@type":"ListItem","position":1,"name":"Startseite","item":"https:\/\/marktxxl.de\/markt\/"},{"@type":"ListItem","position":2,"name":"Markt","item":"https:\/\/marktxxl.de\/markt\/"},{"@type":"ListItem","position":3,"name":"Ersatz-b\u00fcrostuhl rollen\uff081000KG\uff09\u201311x22MM rollen f\u00fcr b\u00fcrost\u00fchle, Leichtg\u00e4ngige und leise hartbodenrollen\u2026"}]},{"@type":"WebSite","@id":"https:\/\/marktxxl.de\/markt\/#website","url":"https:\/\/marktxxl.de\/markt\/","name":"Markt-XXL","description":"Ihr Markt Online","publisher":{"@id":"https:\/\/marktxxl.de\/markt\/#organization"},"potentialAction":[{"@type":"SearchAction","target":{"@type":"EntryPoint","urlTemplate":"https:\/\/marktxxl.de\/markt\/?s={search_term_string}"},"query-input":{"@type":"PropertyValueSpecification","valueRequired":true,"valueName":"search_term_string"}}],"inLanguage":"de"},{"@type":"Organization","@id":"https:\/\/marktxxl.de\/markt\/#organization","name":"Markt-XXL","url":"https:\/\/marktxxl.de\/markt\/","logo":{"@type":"ImageObject","inLanguage":"de","@id":"https:\/\/marktxxl.de\/markt\/#\/schema\/logo\/image\/","url":"https:\/\/marktxxl.de\/markt\/wp-content\/uploads\/sites\/3\/2020\/12\/logo.png","contentUrl":"https:\/\/marktxxl.de\/markt\/wp-content\/uploads\/sites\/3\/2020\/12\/logo.png","width":200,"height":70,"caption":"Markt-XXL"},"image":{"@id":"https:\/\/marktxxl.de\/markt\/#\/schema\/logo\/image\/"}}]}},"_links":{"self":[{"href":"https:\/\/marktxxl.de\/markt\/wp-json\/wp\/v2\/product\/195222","targetHints":{"allow":["GET"]}}],"collection":[{"href":"https:\/\/marktxxl.de\/markt\/wp-json\/wp\/v2\/product"}],"about":[{"href":"https:\/\/marktxxl.de\/markt\/wp-json\/wp\/v2\/types\/product"}],"replies":[{"embeddable":true,"href":"https:\/\/marktxxl.de\/markt\/wp-json\/wp\/v2\/comments?post=195222"}],"wp:featuredmedia":[{"embeddable":true,"href":"https:\/\/marktxxl.de\/markt\/wp-json\/wp\/v2\/media\/195223"}],"wp:attachment":[{"href":"https:\/\/marktxxl.de\/markt\/wp-json\/wp\/v2\/media?parent=195222"}],"wp:term":[{"taxonomy":"product_brand","embeddable":true,"href":"https:\/\/marktxxl.de\/markt\/wp-json\/wp\/v2\/product_brand?post=195222"},{"taxonomy":"product_cat","embeddable":true,"href":"https:\/\/marktxxl.de\/markt\/wp-json\/wp\/v2\/product_cat?post=195222"},{"taxonomy":"product_tag","embeddable":true,"href":"https:\/\/marktxxl.de\/markt\/wp-json\/wp\/v2\/product_tag?post=195222"}],"curies":[{"name":"wp","href":"https:\/\/api.w.org\/{rel}","templated":true}]}}