{"id":195206,"date":"2023-03-11T08:56:08","date_gmt":"2023-03-11T07:56:08","guid":{"rendered":"https:\/\/marktxxl.de\/markt\/produkt\/hivexagon-vertikaler-laptopstaender-mit-2-steckplaetzen-verstellbare-docking-groesse-von-16-mm-bis-40-mm-aluminiumlegierung-platzsparend-passend-fuer-die-meisten-laptops\/"},"modified":"2023-04-09T05:16:13","modified_gmt":"2023-04-09T03:16:13","slug":"hivexagon-vertikaler-laptopstaender-mit-2-steckplaetzen-verstellbare-docking-groesse-von-16-mm-bis-40-mm-aluminiumlegierung-platzsparend-passend-fuer-die-meisten-laptops","status":"publish","type":"product","link":"https:\/\/marktxxl.de\/markt\/produkt\/hivexagon-vertikaler-laptopstaender-mit-2-steckplaetzen-verstellbare-docking-groesse-von-16-mm-bis-40-mm-aluminiumlegierung-platzsparend-passend-fuer-die-meisten-laptops\/","title":{"rendered":"2 Slot Laptop St\u00e4nder Vertikal, Verstellbarer Vertikalen Laptopst\u00e4nder Platzsparender St\u00e4nderTischst\u00e4nder gr\u00f6\u00dfe 16mm bis\u2026"},"content":{"rendered":"<p>Organisieren Sie Ihren Arbeitsplatz: Verwenden Sie den vertikalen St\u00e4nder von Hivexagon f\u00fcr Ihren Schreibtisch, Tisch und ob Sie von zu Hause oder zur\u00fcck im B\u00fcro arbeiten.<br \/>\nZus\u00e4tzlicher Platz: Mit 2 verstellbaren Schlitzen von 16 mm bis 40 mm Breite k\u00f6nnen Sie diese mit einem Schraubendreher einstellen. Der St\u00e4nder kann nun alle B\u00fccher, Tablets, Laptops, Notebooks, Zeitschriften oder andere Gegenst\u00e4nde vertikal halten, um Platz w\u00e4hrend der Arbeit zu schaffen.<br \/>\nAu\u00dfergew\u00f6hnliches, platzsparendes Design: Wenn Sie diese unn\u00f6tigen Gegenst\u00e4nde bewegen, die Platz wegnehmen, k\u00f6nnen Sie einen klareren Arbeitsbereich haben, der sich nicht aufstapelt und Sie k\u00f6nnen effizienter arbeiten.<br \/>\nLeicht und langlebig: Der K\u00f6rper ist aus hochwertigem Aluminium mit sandgestrahltem Finish auf der Oberfl\u00e4che, kratzfest und zart geschwungene Kanten, passend f\u00fcr die meisten Ger\u00e4te.<br \/>\nSilikon-Schutz f\u00fcr Ihren Schreibtisch: Silikonstreifen zwischen den einzelnen Schlitzen werden so keine Sorgen mehr machen, dass Ihre Ger\u00e4te zerkratzen. Auf der Unterseite des Produkts haben wir extra Silikon hinzugef\u00fcgt, Ma\u00dfe: 15 cm x 12 cm, um sicherzustellen, dass Ihr St\u00e4nder stabil auf jeder glatten Oberfl\u00e4che platziert wird.<br \/>\n<div class=\"main-cross-sell\" data-asin=\"B0BRVZYZXJ\">\n\n\t<div class=\"WooZone-cross-sell-loader\">\n\t\t<div>\n\t\t\t<div id=\"floatingBarsG\">\n\t\t\t\t<div class=\"blockG\" id=\"rotateG_01\"><\/div>\n\t\t\t\t<div class=\"blockG\" id=\"rotateG_02\"><\/div>\n\t\t\t\t<div class=\"blockG\" id=\"rotateG_03\"><\/div>\n\t\t\t\t<div class=\"blockG\" id=\"rotateG_04\"><\/div>\n\t\t\t\t<div class=\"blockG\" id=\"rotateG_05\"><\/div>\n\t\t\t\t<div class=\"blockG\" id=\"rotateG_06\"><\/div>\n\t\t\t\t<div class=\"blockG\" id=\"rotateG_07\"><\/div>\n\t\t\t\t<div class=\"blockG\" id=\"rotateG_08\"><\/div>\n\t\t\t<\/div>\n\t\t\t<div class=\"WooZone-cross-sell-loader-text\"><\/div>\n\t\t<\/div>\n\t<\/div>\n\n\t\t\n<\/div>\n<div style=\"clear:both;\"><\/div><\/p>\n","protected":false},"excerpt":{"rendered":"<p>Organisieren Sie Ihren Arbeitsplatz: Verwenden Sie den vertikalen St\u00e4nder von Hivexagon f\u00fcr Ihren Schreibtisch, Tisch und ob Sie von zu Hause oder zur\u00fcck im B\u00fcro arbeiten.<br \/>\nZus\u00e4tzlicher Platz: Mit 2 verstellbaren Schlitzen von 16 mm bis 40 mm Breite k\u00f6nnen Sie diese mit einem Schraubendreher einstellen. Der St\u00e4nder kann nun alle B\u00fccher, Tablets, Laptops, Notebooks, Zeitschriften oder andere Gegenst\u00e4nde vertikal halten, um Platz w\u00e4hrend der Arbeit zu schaffen.<br \/>\nAu\u00dfergew\u00f6hnliches, platzsparendes Design: Wenn Sie diese unn\u00f6tigen Gegenst\u00e4nde bewegen, die Platz wegnehmen, k\u00f6nnen Sie einen klareren Arbeitsbereich haben, der sich nicht aufstapelt und Sie k\u00f6nnen effizienter arbeiten.<\/p>\n","protected":false},"featured_media":195207,"comment_status":"open","ping_status":"closed","template":"","meta":[],"product_brand":[],"product_cat":[504,8312],"product_tag":[],"class_list":{"0":"post-195206","1":"product","2":"type-product","3":"status-publish","4":"has-post-thumbnail","6":"product_cat-buerobedarf-schreibwaren","7":"product_cat-bueromoebel-beleuchtung","8":"pa_brand-hivexagon","9":"pa_manufacturer-hivexagon","11":"first","12":"instock","13":"shipping-taxable","14":"purchasable","15":"product-type-simple","16":"customify-col","17":"product-has-gallery"},"yoast_head":"<!-- This site is optimized with the Yoast SEO plugin v27.4 - https:\/\/yoast.com\/product\/yoast-seo-wordpress\/ -->\n<title>2 Slot Laptop St\u00e4nder Vertikal, Verstellbarer Vertikalen Laptopst\u00e4nder Platzsparender St\u00e4nderTischst\u00e4nder gr\u00f6\u00dfe 16mm bis\u2026 - Markt-XXL<\/title>\n<meta name=\"description\" content=\"Markt-XXL 2 Slot Laptop St\u00e4nder Vertikal, Verstellbarer Vertikalen Laptopst\u00e4nder Platzsparender St\u00e4nderTischst\u00e4nder gr\u00f6\u00dfe 16mm bis\u2026\" \/>\n<meta name=\"robots\" content=\"index, follow, max-snippet:-1, max-image-preview:large, max-video-preview:-1\" \/>\n<link rel=\"canonical\" href=\"https:\/\/marktxxl.de\/markt\/produkt\/hivexagon-vertikaler-laptopstaender-mit-2-steckplaetzen-verstellbare-docking-groesse-von-16-mm-bis-40-mm-aluminiumlegierung-platzsparend-passend-fuer-die-meisten-laptops\/\" \/>\n<meta property=\"og:locale\" content=\"de_DE\" \/>\n<meta property=\"og:type\" content=\"article\" \/>\n<meta property=\"og:title\" content=\"2 Slot Laptop St\u00e4nder Vertikal, Verstellbarer Vertikalen Laptopst\u00e4nder Platzsparender St\u00e4nderTischst\u00e4nder gr\u00f6\u00dfe 16mm bis\u2026 - Markt-XXL\" \/>\n<meta property=\"og:description\" content=\"Markt-XXL 2 Slot Laptop St\u00e4nder Vertikal, Verstellbarer Vertikalen Laptopst\u00e4nder Platzsparender St\u00e4nderTischst\u00e4nder gr\u00f6\u00dfe 16mm bis\u2026\" \/>\n<meta property=\"og:url\" content=\"https:\/\/marktxxl.de\/markt\/produkt\/hivexagon-vertikaler-laptopstaender-mit-2-steckplaetzen-verstellbare-docking-groesse-von-16-mm-bis-40-mm-aluminiumlegierung-platzsparend-passend-fuer-die-meisten-laptops\/\" \/>\n<meta property=\"og:site_name\" content=\"Markt-XXL\" \/>\n<meta property=\"article:modified_time\" content=\"2023-04-09T03:16:13+00:00\" \/>\n<meta property=\"og:image\" content=\"https:\/\/m.media-amazon.com\/images\/I\/41gGLlGGkHL._SL500_.jpg\" \/>\n\t<meta property=\"og:image:width\" content=\"500\" \/>\n\t<meta property=\"og:image:height\" content=\"500\" \/>\n\t<meta property=\"og:image:type\" content=\"image\/jpeg\" \/>\n<meta name=\"twitter:card\" content=\"summary_large_image\" \/>\n<meta name=\"twitter:label1\" content=\"Gesch\u00e4tzte Lesezeit\" \/>\n\t<meta name=\"twitter:data1\" content=\"1\u00a0Minute\" \/>\n<script type=\"application\/ld+json\" class=\"yoast-schema-graph\">{\"@context\":\"https:\\\/\\\/schema.org\",\"@graph\":[{\"@type\":\"WebPage\",\"@id\":\"https:\\\/\\\/marktxxl.de\\\/markt\\\/produkt\\\/hivexagon-vertikaler-laptopstaender-mit-2-steckplaetzen-verstellbare-docking-groesse-von-16-mm-bis-40-mm-aluminiumlegierung-platzsparend-passend-fuer-die-meisten-laptops\\\/\",\"url\":\"https:\\\/\\\/marktxxl.de\\\/markt\\\/produkt\\\/hivexagon-vertikaler-laptopstaender-mit-2-steckplaetzen-verstellbare-docking-groesse-von-16-mm-bis-40-mm-aluminiumlegierung-platzsparend-passend-fuer-die-meisten-laptops\\\/\",\"name\":\"2 Slot Laptop St\u00e4nder Vertikal, Verstellbarer Vertikalen Laptopst\u00e4nder Platzsparender St\u00e4nderTischst\u00e4nder gr\u00f6\u00dfe 16mm bis\u2026 - Markt-XXL\",\"isPartOf\":{\"@id\":\"https:\\\/\\\/marktxxl.de\\\/markt\\\/#website\"},\"primaryImageOfPage\":{\"@id\":\"https:\\\/\\\/marktxxl.de\\\/markt\\\/produkt\\\/hivexagon-vertikaler-laptopstaender-mit-2-steckplaetzen-verstellbare-docking-groesse-von-16-mm-bis-40-mm-aluminiumlegierung-platzsparend-passend-fuer-die-meisten-laptops\\\/#primaryimage\"},\"image\":{\"@id\":\"https:\\\/\\\/marktxxl.de\\\/markt\\\/produkt\\\/hivexagon-vertikaler-laptopstaender-mit-2-steckplaetzen-verstellbare-docking-groesse-von-16-mm-bis-40-mm-aluminiumlegierung-platzsparend-passend-fuer-die-meisten-laptops\\\/#primaryimage\"},\"thumbnailUrl\":\"https:\\\/\\\/m.media-amazon.com\\\/images\\\/I\\\/41gGLlGGkHL._SL500_.jpg\",\"datePublished\":\"2023-03-11T07:56:08+00:00\",\"dateModified\":\"2023-04-09T03:16:13+00:00\",\"description\":\"Markt-XXL 2 Slot Laptop St\u00e4nder Vertikal, Verstellbarer Vertikalen Laptopst\u00e4nder Platzsparender St\u00e4nderTischst\u00e4nder gr\u00f6\u00dfe 16mm bis\u2026\",\"breadcrumb\":{\"@id\":\"https:\\\/\\\/marktxxl.de\\\/markt\\\/produkt\\\/hivexagon-vertikaler-laptopstaender-mit-2-steckplaetzen-verstellbare-docking-groesse-von-16-mm-bis-40-mm-aluminiumlegierung-platzsparend-passend-fuer-die-meisten-laptops\\\/#breadcrumb\"},\"inLanguage\":\"de\",\"potentialAction\":[{\"@type\":\"ReadAction\",\"target\":[\"https:\\\/\\\/marktxxl.de\\\/markt\\\/produkt\\\/hivexagon-vertikaler-laptopstaender-mit-2-steckplaetzen-verstellbare-docking-groesse-von-16-mm-bis-40-mm-aluminiumlegierung-platzsparend-passend-fuer-die-meisten-laptops\\\/\"]}]},{\"@type\":\"ImageObject\",\"inLanguage\":\"de\",\"@id\":\"https:\\\/\\\/marktxxl.de\\\/markt\\\/produkt\\\/hivexagon-vertikaler-laptopstaender-mit-2-steckplaetzen-verstellbare-docking-groesse-von-16-mm-bis-40-mm-aluminiumlegierung-platzsparend-passend-fuer-die-meisten-laptops\\\/#primaryimage\",\"url\":\"https:\\\/\\\/m.media-amazon.com\\\/images\\\/I\\\/41gGLlGGkHL._SL500_.jpg\",\"contentUrl\":\"https:\\\/\\\/m.media-amazon.com\\\/images\\\/I\\\/41gGLlGGkHL._SL500_.jpg\",\"width\":500,\"height\":500},{\"@type\":\"BreadcrumbList\",\"@id\":\"https:\\\/\\\/marktxxl.de\\\/markt\\\/produkt\\\/hivexagon-vertikaler-laptopstaender-mit-2-steckplaetzen-verstellbare-docking-groesse-von-16-mm-bis-40-mm-aluminiumlegierung-platzsparend-passend-fuer-die-meisten-laptops\\\/#breadcrumb\",\"itemListElement\":[{\"@type\":\"ListItem\",\"position\":1,\"name\":\"Startseite\",\"item\":\"https:\\\/\\\/marktxxl.de\\\/markt\\\/\"},{\"@type\":\"ListItem\",\"position\":2,\"name\":\"Markt\",\"item\":\"https:\\\/\\\/marktxxl.de\\\/markt\\\/\"},{\"@type\":\"ListItem\",\"position\":3,\"name\":\"2 Slot Laptop St\u00e4nder Vertikal, Verstellbarer Vertikalen Laptopst\u00e4nder Platzsparender St\u00e4nderTischst\u00e4nder gr\u00f6\u00dfe 16mm bis\u2026\"}]},{\"@type\":\"WebSite\",\"@id\":\"https:\\\/\\\/marktxxl.de\\\/markt\\\/#website\",\"url\":\"https:\\\/\\\/marktxxl.de\\\/markt\\\/\",\"name\":\"Markt-XXL\",\"description\":\"Ihr Markt Online\",\"publisher\":{\"@id\":\"https:\\\/\\\/marktxxl.de\\\/markt\\\/#organization\"},\"potentialAction\":[{\"@type\":\"SearchAction\",\"target\":{\"@type\":\"EntryPoint\",\"urlTemplate\":\"https:\\\/\\\/marktxxl.de\\\/markt\\\/?s={search_term_string}\"},\"query-input\":{\"@type\":\"PropertyValueSpecification\",\"valueRequired\":true,\"valueName\":\"search_term_string\"}}],\"inLanguage\":\"de\"},{\"@type\":\"Organization\",\"@id\":\"https:\\\/\\\/marktxxl.de\\\/markt\\\/#organization\",\"name\":\"Markt-XXL\",\"url\":\"https:\\\/\\\/marktxxl.de\\\/markt\\\/\",\"logo\":{\"@type\":\"ImageObject\",\"inLanguage\":\"de\",\"@id\":\"https:\\\/\\\/marktxxl.de\\\/markt\\\/#\\\/schema\\\/logo\\\/image\\\/\",\"url\":\"https:\\\/\\\/marktxxl.de\\\/markt\\\/wp-content\\\/uploads\\\/sites\\\/3\\\/2020\\\/12\\\/logo.png\",\"contentUrl\":\"https:\\\/\\\/marktxxl.de\\\/markt\\\/wp-content\\\/uploads\\\/sites\\\/3\\\/2020\\\/12\\\/logo.png\",\"width\":200,\"height\":70,\"caption\":\"Markt-XXL\"},\"image\":{\"@id\":\"https:\\\/\\\/marktxxl.de\\\/markt\\\/#\\\/schema\\\/logo\\\/image\\\/\"}}]}<\/script>\n<!-- \/ Yoast SEO plugin. -->","yoast_head_json":{"title":"2 Slot Laptop St\u00e4nder Vertikal, Verstellbarer Vertikalen Laptopst\u00e4nder Platzsparender St\u00e4nderTischst\u00e4nder gr\u00f6\u00dfe 16mm bis\u2026 - Markt-XXL","description":"Markt-XXL 2 Slot Laptop St\u00e4nder Vertikal, Verstellbarer Vertikalen Laptopst\u00e4nder Platzsparender St\u00e4nderTischst\u00e4nder gr\u00f6\u00dfe 16mm bis\u2026","robots":{"index":"index","follow":"follow","max-snippet":"max-snippet:-1","max-image-preview":"max-image-preview:large","max-video-preview":"max-video-preview:-1"},"canonical":"https:\/\/marktxxl.de\/markt\/produkt\/hivexagon-vertikaler-laptopstaender-mit-2-steckplaetzen-verstellbare-docking-groesse-von-16-mm-bis-40-mm-aluminiumlegierung-platzsparend-passend-fuer-die-meisten-laptops\/","og_locale":"de_DE","og_type":"article","og_title":"2 Slot Laptop St\u00e4nder Vertikal, Verstellbarer Vertikalen Laptopst\u00e4nder Platzsparender St\u00e4nderTischst\u00e4nder gr\u00f6\u00dfe 16mm bis\u2026 - Markt-XXL","og_description":"Markt-XXL 2 Slot Laptop St\u00e4nder Vertikal, Verstellbarer Vertikalen Laptopst\u00e4nder Platzsparender St\u00e4nderTischst\u00e4nder gr\u00f6\u00dfe 16mm bis\u2026","og_url":"https:\/\/marktxxl.de\/markt\/produkt\/hivexagon-vertikaler-laptopstaender-mit-2-steckplaetzen-verstellbare-docking-groesse-von-16-mm-bis-40-mm-aluminiumlegierung-platzsparend-passend-fuer-die-meisten-laptops\/","og_site_name":"Markt-XXL","article_modified_time":"2023-04-09T03:16:13+00:00","og_image":[{"width":500,"height":500,"url":"https:\/\/m.media-amazon.com\/images\/I\/41gGLlGGkHL._SL500_.jpg","type":"image\/jpeg"}],"twitter_card":"summary_large_image","twitter_misc":{"Gesch\u00e4tzte Lesezeit":"1\u00a0Minute"},"schema":{"@context":"https:\/\/schema.org","@graph":[{"@type":"WebPage","@id":"https:\/\/marktxxl.de\/markt\/produkt\/hivexagon-vertikaler-laptopstaender-mit-2-steckplaetzen-verstellbare-docking-groesse-von-16-mm-bis-40-mm-aluminiumlegierung-platzsparend-passend-fuer-die-meisten-laptops\/","url":"https:\/\/marktxxl.de\/markt\/produkt\/hivexagon-vertikaler-laptopstaender-mit-2-steckplaetzen-verstellbare-docking-groesse-von-16-mm-bis-40-mm-aluminiumlegierung-platzsparend-passend-fuer-die-meisten-laptops\/","name":"2 Slot Laptop St\u00e4nder Vertikal, Verstellbarer Vertikalen Laptopst\u00e4nder Platzsparender St\u00e4nderTischst\u00e4nder gr\u00f6\u00dfe 16mm bis\u2026 - Markt-XXL","isPartOf":{"@id":"https:\/\/marktxxl.de\/markt\/#website"},"primaryImageOfPage":{"@id":"https:\/\/marktxxl.de\/markt\/produkt\/hivexagon-vertikaler-laptopstaender-mit-2-steckplaetzen-verstellbare-docking-groesse-von-16-mm-bis-40-mm-aluminiumlegierung-platzsparend-passend-fuer-die-meisten-laptops\/#primaryimage"},"image":{"@id":"https:\/\/marktxxl.de\/markt\/produkt\/hivexagon-vertikaler-laptopstaender-mit-2-steckplaetzen-verstellbare-docking-groesse-von-16-mm-bis-40-mm-aluminiumlegierung-platzsparend-passend-fuer-die-meisten-laptops\/#primaryimage"},"thumbnailUrl":"https:\/\/m.media-amazon.com\/images\/I\/41gGLlGGkHL._SL500_.jpg","datePublished":"2023-03-11T07:56:08+00:00","dateModified":"2023-04-09T03:16:13+00:00","description":"Markt-XXL 2 Slot Laptop St\u00e4nder Vertikal, Verstellbarer Vertikalen Laptopst\u00e4nder Platzsparender St\u00e4nderTischst\u00e4nder gr\u00f6\u00dfe 16mm bis\u2026","breadcrumb":{"@id":"https:\/\/marktxxl.de\/markt\/produkt\/hivexagon-vertikaler-laptopstaender-mit-2-steckplaetzen-verstellbare-docking-groesse-von-16-mm-bis-40-mm-aluminiumlegierung-platzsparend-passend-fuer-die-meisten-laptops\/#breadcrumb"},"inLanguage":"de","potentialAction":[{"@type":"ReadAction","target":["https:\/\/marktxxl.de\/markt\/produkt\/hivexagon-vertikaler-laptopstaender-mit-2-steckplaetzen-verstellbare-docking-groesse-von-16-mm-bis-40-mm-aluminiumlegierung-platzsparend-passend-fuer-die-meisten-laptops\/"]}]},{"@type":"ImageObject","inLanguage":"de","@id":"https:\/\/marktxxl.de\/markt\/produkt\/hivexagon-vertikaler-laptopstaender-mit-2-steckplaetzen-verstellbare-docking-groesse-von-16-mm-bis-40-mm-aluminiumlegierung-platzsparend-passend-fuer-die-meisten-laptops\/#primaryimage","url":"https:\/\/m.media-amazon.com\/images\/I\/41gGLlGGkHL._SL500_.jpg","contentUrl":"https:\/\/m.media-amazon.com\/images\/I\/41gGLlGGkHL._SL500_.jpg","width":500,"height":500},{"@type":"BreadcrumbList","@id":"https:\/\/marktxxl.de\/markt\/produkt\/hivexagon-vertikaler-laptopstaender-mit-2-steckplaetzen-verstellbare-docking-groesse-von-16-mm-bis-40-mm-aluminiumlegierung-platzsparend-passend-fuer-die-meisten-laptops\/#breadcrumb","itemListElement":[{"@type":"ListItem","position":1,"name":"Startseite","item":"https:\/\/marktxxl.de\/markt\/"},{"@type":"ListItem","position":2,"name":"Markt","item":"https:\/\/marktxxl.de\/markt\/"},{"@type":"ListItem","position":3,"name":"2 Slot Laptop St\u00e4nder Vertikal, Verstellbarer Vertikalen Laptopst\u00e4nder Platzsparender St\u00e4nderTischst\u00e4nder gr\u00f6\u00dfe 16mm bis\u2026"}]},{"@type":"WebSite","@id":"https:\/\/marktxxl.de\/markt\/#website","url":"https:\/\/marktxxl.de\/markt\/","name":"Markt-XXL","description":"Ihr Markt Online","publisher":{"@id":"https:\/\/marktxxl.de\/markt\/#organization"},"potentialAction":[{"@type":"SearchAction","target":{"@type":"EntryPoint","urlTemplate":"https:\/\/marktxxl.de\/markt\/?s={search_term_string}"},"query-input":{"@type":"PropertyValueSpecification","valueRequired":true,"valueName":"search_term_string"}}],"inLanguage":"de"},{"@type":"Organization","@id":"https:\/\/marktxxl.de\/markt\/#organization","name":"Markt-XXL","url":"https:\/\/marktxxl.de\/markt\/","logo":{"@type":"ImageObject","inLanguage":"de","@id":"https:\/\/marktxxl.de\/markt\/#\/schema\/logo\/image\/","url":"https:\/\/marktxxl.de\/markt\/wp-content\/uploads\/sites\/3\/2020\/12\/logo.png","contentUrl":"https:\/\/marktxxl.de\/markt\/wp-content\/uploads\/sites\/3\/2020\/12\/logo.png","width":200,"height":70,"caption":"Markt-XXL"},"image":{"@id":"https:\/\/marktxxl.de\/markt\/#\/schema\/logo\/image\/"}}]}},"_links":{"self":[{"href":"https:\/\/marktxxl.de\/markt\/wp-json\/wp\/v2\/product\/195206","targetHints":{"allow":["GET"]}}],"collection":[{"href":"https:\/\/marktxxl.de\/markt\/wp-json\/wp\/v2\/product"}],"about":[{"href":"https:\/\/marktxxl.de\/markt\/wp-json\/wp\/v2\/types\/product"}],"replies":[{"embeddable":true,"href":"https:\/\/marktxxl.de\/markt\/wp-json\/wp\/v2\/comments?post=195206"}],"wp:featuredmedia":[{"embeddable":true,"href":"https:\/\/marktxxl.de\/markt\/wp-json\/wp\/v2\/media\/195207"}],"wp:attachment":[{"href":"https:\/\/marktxxl.de\/markt\/wp-json\/wp\/v2\/media?parent=195206"}],"wp:term":[{"taxonomy":"product_brand","embeddable":true,"href":"https:\/\/marktxxl.de\/markt\/wp-json\/wp\/v2\/product_brand?post=195206"},{"taxonomy":"product_cat","embeddable":true,"href":"https:\/\/marktxxl.de\/markt\/wp-json\/wp\/v2\/product_cat?post=195206"},{"taxonomy":"product_tag","embeddable":true,"href":"https:\/\/marktxxl.de\/markt\/wp-json\/wp\/v2\/product_tag?post=195206"}],"curies":[{"name":"wp","href":"https:\/\/api.w.org\/{rel}","templated":true}]}}