{"id":195051,"date":"2023-03-11T08:34:42","date_gmt":"2023-03-11T07:34:42","guid":{"rendered":"https:\/\/marktxxl.de\/markt\/produkt\/pille-tasche-zaehlen-groesse-3-x-2-3-mil-kunststoff-pille-veranstalter-taschen-travel-pill-pouch-taeglich-am-pm-medizin-lagerung-beutel-locking-pill-carrier-container-100-pack\/"},"modified":"2023-04-10T05:44:52","modified_gmt":"2023-04-10T03:44:52","slug":"pille-tasche-zaehlen-groesse-3-x-2-3-mil-kunststoff-pille-veranstalter-taschen-travel-pill-pouch-taeglich-am-pm-medizin-lagerung-beutel-locking-pill-carrier-container-100-pack","status":"publish","type":"product","link":"https:\/\/marktxxl.de\/markt\/produkt\/pille-tasche-zaehlen-groesse-3-x-2-3-mil-kunststoff-pille-veranstalter-taschen-travel-pill-pouch-taeglich-am-pm-medizin-lagerung-beutel-locking-pill-carrier-container-100-pack\/","title":{"rendered":"Pille Tasche z\u00e4hlen &#8211; Gr\u00f6\u00dfe 3 &#8220;X 2&#8221; 3 Mil &#8211; Kunststoff Pille Veranstalter Taschen &#8211; Travel Pill Pouch- T\u00e4glich AM PM Medizin Lagerung Beutel &#8211; Locking Pill Carrier Container (100-Pack)"},"content":{"rendered":"<p>Starker Rei\u00dfverschluss &#8211; Die Beutel sind mit einem verschlie\u00dfbaren Rei\u00dfverschluss ausgestattet, der in Kombination mit dem strapazierf\u00e4higen Kunststoff eine luftdichte Abdichtung schafft und Ihre Vitamine oder verschreibungspflichtigen Medikamente vor Luft und Feuchtigkeit sch\u00fctzt.<br \/>\nBeschriftung mit einem Stift &#8211; Jeder kleine verschlie\u00dfbare Medikamenten-Organizer ist mit einem AM, NOON, PM-Etikett versehen, das speziell so gestaltet ist, dass Sie es mit einem Stift beschriften k\u00f6nnen.<br \/>\nJeder Beutel fasst 50+ Pillen &#8211; Dieser medizinische Aufbewahrungsbeh\u00e4lter ist klein genug, um in Ihre Tasche zupassen, aber dennoch gro\u00df genug, um ihn anstelle einer sperrigen Pillenschachtel oder -flasche zu verwenden und als Halter f\u00fcr einzelne Pillen oder Pulver aus Ihrem Pillenbrecher zu nutzen.<br \/>\nPill Mill Pill Bag 3 &#8220;X 2&#8221; 100 Pack (Bulk) &#8211; Unsere Medizin Beutel sind aus klarem hochwertigem Kunststoff, die haltbar ist, aber dennoch leicht, so dass die Pill Baggies perfekt f\u00fcr Ihre t\u00e4gliche, w\u00f6chentliche Gesundheitsmanagement oder Reisen.<br \/>\nKein Risiko &#8211; Diese Pill Mill Pill Bags werden mit einer 30-t\u00e4gigen Herstellergarantie geliefert, so dass Sie sich keine Sorgen machen m\u00fcssen.<br \/>\n<div class=\"main-cross-sell\" data-asin=\"B07CMD6VJ2\">\n\n\t<div class=\"WooZone-cross-sell-loader\">\n\t\t<div>\n\t\t\t<div id=\"floatingBarsG\">\n\t\t\t\t<div class=\"blockG\" id=\"rotateG_01\"><\/div>\n\t\t\t\t<div class=\"blockG\" id=\"rotateG_02\"><\/div>\n\t\t\t\t<div class=\"blockG\" id=\"rotateG_03\"><\/div>\n\t\t\t\t<div class=\"blockG\" id=\"rotateG_04\"><\/div>\n\t\t\t\t<div class=\"blockG\" id=\"rotateG_05\"><\/div>\n\t\t\t\t<div class=\"blockG\" id=\"rotateG_06\"><\/div>\n\t\t\t\t<div class=\"blockG\" id=\"rotateG_07\"><\/div>\n\t\t\t\t<div class=\"blockG\" id=\"rotateG_08\"><\/div>\n\t\t\t<\/div>\n\t\t\t<div class=\"WooZone-cross-sell-loader-text\"><\/div>\n\t\t<\/div>\n\t<\/div>\n\n\t\t\n<\/div>\n<div style=\"clear:both;\"><\/div><\/p>\n","protected":false},"excerpt":{"rendered":"<p>Starker Rei\u00dfverschluss &#8211; Die Beutel sind mit einem verschlie\u00dfbaren Rei\u00dfverschluss ausgestattet, der in Kombination mit dem strapazierf\u00e4higen Kunststoff eine luftdichte Abdichtung schafft und Ihre Vitamine oder verschreibungspflichtigen Medikamente vor Luft und Feuchtigkeit sch\u00fctzt.<br \/>\nBeschriftung mit einem Stift &#8211; Jeder kleine verschlie\u00dfbare Medikamenten-Organizer ist mit einem AM, NOON, PM-Etikett versehen, das speziell so gestaltet ist, dass Sie es mit einem Stift beschriften k\u00f6nnen.<br \/>\nJeder Beutel fasst 50+ Pillen &#8211; Dieser medizinische Aufbewahrungsbeh\u00e4lter ist klein genug, um in Ihre Tasche zupassen, aber dennoch gro\u00df genug, um ihn anstelle einer sperrigen Pillenschachtel oder -flasche zu verwenden und als Halter f\u00fcr einzelne Pillen oder Pulver aus Ihrem Pillenbrecher zu nutzen.<\/p>\n","protected":false},"featured_media":195052,"comment_status":"open","ping_status":"closed","template":"","meta":[],"product_brand":[],"product_cat":[566,5932],"product_tag":[],"class_list":{"0":"post-195051","1":"product","2":"type-product","3":"status-publish","4":"has-post-thumbnail","6":"product_cat-drogerie-koerperpflege","7":"product_cat-mobilitaetshilfen-zubehoer","8":"pa_binding-badartikel","9":"pa_brand-pill-mill","10":"pa_color-clear","11":"pa_height-1-77-zoll","12":"pa_length-4-33-zoll","13":"pa_manufacturer-pill-mill","14":"pa_model-antiyl","15":"pa_width-5-91-zoll","17":"first","18":"instock","19":"shipping-taxable","20":"purchasable","21":"product-type-simple","22":"customify-col","23":"product-has-gallery"},"yoast_head":"<!-- This site is optimized with the Yoast SEO plugin v27.3 - https:\/\/yoast.com\/product\/yoast-seo-wordpress\/ -->\n<title>Pille Tasche z\u00e4hlen - Gr\u00f6\u00dfe 3 &quot;X 2&quot; 3 Mil - Kunststoff Pille Veranstalter Taschen - Travel Pill Pouch- T\u00e4glich AM PM Medizin Lagerung Beutel - Locking Pill Carrier Container (100-Pack) - Markt-XXL<\/title>\n<meta name=\"description\" content=\"Markt-XXL Pille Tasche z\u00e4hlen - Gr\u00f6\u00dfe 3 &quot;X 2&quot; 3 Mil - Kunststoff Pille Veranstalter Taschen - Travel Pill Pouch- T\u00e4glich AM PM Medizin Lagerung Beutel - Locking Pill Carrier Container (100-Pack)\" \/>\n<meta name=\"robots\" content=\"index, follow, max-snippet:-1, max-image-preview:large, max-video-preview:-1\" \/>\n<link rel=\"canonical\" href=\"https:\/\/marktxxl.de\/markt\/produkt\/pille-tasche-zaehlen-groesse-3-x-2-3-mil-kunststoff-pille-veranstalter-taschen-travel-pill-pouch-taeglich-am-pm-medizin-lagerung-beutel-locking-pill-carrier-container-100-pack\/\" \/>\n<meta property=\"og:locale\" content=\"de_DE\" \/>\n<meta property=\"og:type\" content=\"article\" \/>\n<meta property=\"og:title\" content=\"Pille Tasche z\u00e4hlen - Gr\u00f6\u00dfe 3 &quot;X 2&quot; 3 Mil - Kunststoff Pille Veranstalter Taschen - Travel Pill Pouch- T\u00e4glich AM PM Medizin Lagerung Beutel - Locking Pill Carrier Container (100-Pack) - Markt-XXL\" \/>\n<meta property=\"og:description\" content=\"Markt-XXL Pille Tasche z\u00e4hlen - Gr\u00f6\u00dfe 3 &quot;X 2&quot; 3 Mil - Kunststoff Pille Veranstalter Taschen - Travel Pill Pouch- T\u00e4glich AM PM Medizin Lagerung Beutel - Locking Pill Carrier Container (100-Pack)\" \/>\n<meta property=\"og:url\" content=\"https:\/\/marktxxl.de\/markt\/produkt\/pille-tasche-zaehlen-groesse-3-x-2-3-mil-kunststoff-pille-veranstalter-taschen-travel-pill-pouch-taeglich-am-pm-medizin-lagerung-beutel-locking-pill-carrier-container-100-pack\/\" \/>\n<meta property=\"og:site_name\" content=\"Markt-XXL\" \/>\n<meta property=\"article:modified_time\" content=\"2023-04-10T03:44:52+00:00\" \/>\n<meta property=\"og:image\" content=\"https:\/\/m.media-amazon.com\/images\/I\/31l5GhAkATL._SL500_.jpg\" \/>\n\t<meta property=\"og:image:width\" content=\"500\" \/>\n\t<meta property=\"og:image:height\" content=\"333\" \/>\n\t<meta property=\"og:image:type\" content=\"image\/jpeg\" \/>\n<meta name=\"twitter:card\" content=\"summary_large_image\" \/>\n<meta name=\"twitter:label1\" content=\"Gesch\u00e4tzte Lesezeit\" \/>\n\t<meta name=\"twitter:data1\" content=\"1\u00a0Minute\" \/>\n<script type=\"application\/ld+json\" class=\"yoast-schema-graph\">{\"@context\":\"https:\\\/\\\/schema.org\",\"@graph\":[{\"@type\":\"WebPage\",\"@id\":\"https:\\\/\\\/marktxxl.de\\\/markt\\\/produkt\\\/pille-tasche-zaehlen-groesse-3-x-2-3-mil-kunststoff-pille-veranstalter-taschen-travel-pill-pouch-taeglich-am-pm-medizin-lagerung-beutel-locking-pill-carrier-container-100-pack\\\/\",\"url\":\"https:\\\/\\\/marktxxl.de\\\/markt\\\/produkt\\\/pille-tasche-zaehlen-groesse-3-x-2-3-mil-kunststoff-pille-veranstalter-taschen-travel-pill-pouch-taeglich-am-pm-medizin-lagerung-beutel-locking-pill-carrier-container-100-pack\\\/\",\"name\":\"Pille Tasche z\u00e4hlen - Gr\u00f6\u00dfe 3 \\\"X 2\\\" 3 Mil - Kunststoff Pille Veranstalter Taschen - Travel Pill Pouch- T\u00e4glich AM PM Medizin Lagerung Beutel - Locking Pill Carrier Container (100-Pack) - Markt-XXL\",\"isPartOf\":{\"@id\":\"https:\\\/\\\/marktxxl.de\\\/markt\\\/#website\"},\"primaryImageOfPage\":{\"@id\":\"https:\\\/\\\/marktxxl.de\\\/markt\\\/produkt\\\/pille-tasche-zaehlen-groesse-3-x-2-3-mil-kunststoff-pille-veranstalter-taschen-travel-pill-pouch-taeglich-am-pm-medizin-lagerung-beutel-locking-pill-carrier-container-100-pack\\\/#primaryimage\"},\"image\":{\"@id\":\"https:\\\/\\\/marktxxl.de\\\/markt\\\/produkt\\\/pille-tasche-zaehlen-groesse-3-x-2-3-mil-kunststoff-pille-veranstalter-taschen-travel-pill-pouch-taeglich-am-pm-medizin-lagerung-beutel-locking-pill-carrier-container-100-pack\\\/#primaryimage\"},\"thumbnailUrl\":\"https:\\\/\\\/m.media-amazon.com\\\/images\\\/I\\\/31l5GhAkATL._SL500_.jpg\",\"datePublished\":\"2023-03-11T07:34:42+00:00\",\"dateModified\":\"2023-04-10T03:44:52+00:00\",\"description\":\"Markt-XXL Pille Tasche z\u00e4hlen - Gr\u00f6\u00dfe 3 \\\"X 2\\\" 3 Mil - Kunststoff Pille Veranstalter Taschen - Travel Pill Pouch- T\u00e4glich AM PM Medizin Lagerung Beutel - Locking Pill Carrier Container (100-Pack)\",\"breadcrumb\":{\"@id\":\"https:\\\/\\\/marktxxl.de\\\/markt\\\/produkt\\\/pille-tasche-zaehlen-groesse-3-x-2-3-mil-kunststoff-pille-veranstalter-taschen-travel-pill-pouch-taeglich-am-pm-medizin-lagerung-beutel-locking-pill-carrier-container-100-pack\\\/#breadcrumb\"},\"inLanguage\":\"de\",\"potentialAction\":[{\"@type\":\"ReadAction\",\"target\":[\"https:\\\/\\\/marktxxl.de\\\/markt\\\/produkt\\\/pille-tasche-zaehlen-groesse-3-x-2-3-mil-kunststoff-pille-veranstalter-taschen-travel-pill-pouch-taeglich-am-pm-medizin-lagerung-beutel-locking-pill-carrier-container-100-pack\\\/\"]}]},{\"@type\":\"ImageObject\",\"inLanguage\":\"de\",\"@id\":\"https:\\\/\\\/marktxxl.de\\\/markt\\\/produkt\\\/pille-tasche-zaehlen-groesse-3-x-2-3-mil-kunststoff-pille-veranstalter-taschen-travel-pill-pouch-taeglich-am-pm-medizin-lagerung-beutel-locking-pill-carrier-container-100-pack\\\/#primaryimage\",\"url\":\"https:\\\/\\\/m.media-amazon.com\\\/images\\\/I\\\/31l5GhAkATL._SL500_.jpg\",\"contentUrl\":\"https:\\\/\\\/m.media-amazon.com\\\/images\\\/I\\\/31l5GhAkATL._SL500_.jpg\",\"width\":500,\"height\":333},{\"@type\":\"BreadcrumbList\",\"@id\":\"https:\\\/\\\/marktxxl.de\\\/markt\\\/produkt\\\/pille-tasche-zaehlen-groesse-3-x-2-3-mil-kunststoff-pille-veranstalter-taschen-travel-pill-pouch-taeglich-am-pm-medizin-lagerung-beutel-locking-pill-carrier-container-100-pack\\\/#breadcrumb\",\"itemListElement\":[{\"@type\":\"ListItem\",\"position\":1,\"name\":\"Startseite\",\"item\":\"https:\\\/\\\/marktxxl.de\\\/markt\\\/\"},{\"@type\":\"ListItem\",\"position\":2,\"name\":\"Markt\",\"item\":\"https:\\\/\\\/marktxxl.de\\\/markt\\\/\"},{\"@type\":\"ListItem\",\"position\":3,\"name\":\"Pille Tasche z\u00e4hlen &#8211; Gr\u00f6\u00dfe 3 &#8220;X 2&#8221; 3 Mil &#8211; Kunststoff Pille Veranstalter Taschen &#8211; Travel Pill Pouch- T\u00e4glich AM PM Medizin Lagerung Beutel &#8211; Locking Pill Carrier Container (100-Pack)\"}]},{\"@type\":\"WebSite\",\"@id\":\"https:\\\/\\\/marktxxl.de\\\/markt\\\/#website\",\"url\":\"https:\\\/\\\/marktxxl.de\\\/markt\\\/\",\"name\":\"Markt-XXL\",\"description\":\"Ihr Markt Online\",\"publisher\":{\"@id\":\"https:\\\/\\\/marktxxl.de\\\/markt\\\/#organization\"},\"potentialAction\":[{\"@type\":\"SearchAction\",\"target\":{\"@type\":\"EntryPoint\",\"urlTemplate\":\"https:\\\/\\\/marktxxl.de\\\/markt\\\/?s={search_term_string}\"},\"query-input\":{\"@type\":\"PropertyValueSpecification\",\"valueRequired\":true,\"valueName\":\"search_term_string\"}}],\"inLanguage\":\"de\"},{\"@type\":\"Organization\",\"@id\":\"https:\\\/\\\/marktxxl.de\\\/markt\\\/#organization\",\"name\":\"Markt-XXL\",\"url\":\"https:\\\/\\\/marktxxl.de\\\/markt\\\/\",\"logo\":{\"@type\":\"ImageObject\",\"inLanguage\":\"de\",\"@id\":\"https:\\\/\\\/marktxxl.de\\\/markt\\\/#\\\/schema\\\/logo\\\/image\\\/\",\"url\":\"https:\\\/\\\/marktxxl.de\\\/markt\\\/wp-content\\\/uploads\\\/sites\\\/3\\\/2020\\\/12\\\/logo.png\",\"contentUrl\":\"https:\\\/\\\/marktxxl.de\\\/markt\\\/wp-content\\\/uploads\\\/sites\\\/3\\\/2020\\\/12\\\/logo.png\",\"width\":200,\"height\":70,\"caption\":\"Markt-XXL\"},\"image\":{\"@id\":\"https:\\\/\\\/marktxxl.de\\\/markt\\\/#\\\/schema\\\/logo\\\/image\\\/\"}}]}<\/script>\n<!-- \/ Yoast SEO plugin. -->","yoast_head_json":{"title":"Pille Tasche z\u00e4hlen - Gr\u00f6\u00dfe 3 \"X 2\" 3 Mil - Kunststoff Pille Veranstalter Taschen - Travel Pill Pouch- T\u00e4glich AM PM Medizin Lagerung Beutel - Locking Pill Carrier Container (100-Pack) - Markt-XXL","description":"Markt-XXL Pille Tasche z\u00e4hlen - Gr\u00f6\u00dfe 3 \"X 2\" 3 Mil - Kunststoff Pille Veranstalter Taschen - Travel Pill Pouch- T\u00e4glich AM PM Medizin Lagerung Beutel - Locking Pill Carrier Container (100-Pack)","robots":{"index":"index","follow":"follow","max-snippet":"max-snippet:-1","max-image-preview":"max-image-preview:large","max-video-preview":"max-video-preview:-1"},"canonical":"https:\/\/marktxxl.de\/markt\/produkt\/pille-tasche-zaehlen-groesse-3-x-2-3-mil-kunststoff-pille-veranstalter-taschen-travel-pill-pouch-taeglich-am-pm-medizin-lagerung-beutel-locking-pill-carrier-container-100-pack\/","og_locale":"de_DE","og_type":"article","og_title":"Pille Tasche z\u00e4hlen - Gr\u00f6\u00dfe 3 \"X 2\" 3 Mil - Kunststoff Pille Veranstalter Taschen - Travel Pill Pouch- T\u00e4glich AM PM Medizin Lagerung Beutel - Locking Pill Carrier Container (100-Pack) - Markt-XXL","og_description":"Markt-XXL Pille Tasche z\u00e4hlen - Gr\u00f6\u00dfe 3 \"X 2\" 3 Mil - Kunststoff Pille Veranstalter Taschen - Travel Pill Pouch- T\u00e4glich AM PM Medizin Lagerung Beutel - Locking Pill Carrier Container (100-Pack)","og_url":"https:\/\/marktxxl.de\/markt\/produkt\/pille-tasche-zaehlen-groesse-3-x-2-3-mil-kunststoff-pille-veranstalter-taschen-travel-pill-pouch-taeglich-am-pm-medizin-lagerung-beutel-locking-pill-carrier-container-100-pack\/","og_site_name":"Markt-XXL","article_modified_time":"2023-04-10T03:44:52+00:00","og_image":[{"width":500,"height":333,"url":"https:\/\/m.media-amazon.com\/images\/I\/31l5GhAkATL._SL500_.jpg","type":"image\/jpeg"}],"twitter_card":"summary_large_image","twitter_misc":{"Gesch\u00e4tzte Lesezeit":"1\u00a0Minute"},"schema":{"@context":"https:\/\/schema.org","@graph":[{"@type":"WebPage","@id":"https:\/\/marktxxl.de\/markt\/produkt\/pille-tasche-zaehlen-groesse-3-x-2-3-mil-kunststoff-pille-veranstalter-taschen-travel-pill-pouch-taeglich-am-pm-medizin-lagerung-beutel-locking-pill-carrier-container-100-pack\/","url":"https:\/\/marktxxl.de\/markt\/produkt\/pille-tasche-zaehlen-groesse-3-x-2-3-mil-kunststoff-pille-veranstalter-taschen-travel-pill-pouch-taeglich-am-pm-medizin-lagerung-beutel-locking-pill-carrier-container-100-pack\/","name":"Pille Tasche z\u00e4hlen - Gr\u00f6\u00dfe 3 \"X 2\" 3 Mil - Kunststoff Pille Veranstalter Taschen - Travel Pill Pouch- T\u00e4glich AM PM Medizin Lagerung Beutel - Locking Pill Carrier Container (100-Pack) - Markt-XXL","isPartOf":{"@id":"https:\/\/marktxxl.de\/markt\/#website"},"primaryImageOfPage":{"@id":"https:\/\/marktxxl.de\/markt\/produkt\/pille-tasche-zaehlen-groesse-3-x-2-3-mil-kunststoff-pille-veranstalter-taschen-travel-pill-pouch-taeglich-am-pm-medizin-lagerung-beutel-locking-pill-carrier-container-100-pack\/#primaryimage"},"image":{"@id":"https:\/\/marktxxl.de\/markt\/produkt\/pille-tasche-zaehlen-groesse-3-x-2-3-mil-kunststoff-pille-veranstalter-taschen-travel-pill-pouch-taeglich-am-pm-medizin-lagerung-beutel-locking-pill-carrier-container-100-pack\/#primaryimage"},"thumbnailUrl":"https:\/\/m.media-amazon.com\/images\/I\/31l5GhAkATL._SL500_.jpg","datePublished":"2023-03-11T07:34:42+00:00","dateModified":"2023-04-10T03:44:52+00:00","description":"Markt-XXL Pille Tasche z\u00e4hlen - Gr\u00f6\u00dfe 3 \"X 2\" 3 Mil - Kunststoff Pille Veranstalter Taschen - Travel Pill Pouch- T\u00e4glich AM PM Medizin Lagerung Beutel - Locking Pill Carrier Container (100-Pack)","breadcrumb":{"@id":"https:\/\/marktxxl.de\/markt\/produkt\/pille-tasche-zaehlen-groesse-3-x-2-3-mil-kunststoff-pille-veranstalter-taschen-travel-pill-pouch-taeglich-am-pm-medizin-lagerung-beutel-locking-pill-carrier-container-100-pack\/#breadcrumb"},"inLanguage":"de","potentialAction":[{"@type":"ReadAction","target":["https:\/\/marktxxl.de\/markt\/produkt\/pille-tasche-zaehlen-groesse-3-x-2-3-mil-kunststoff-pille-veranstalter-taschen-travel-pill-pouch-taeglich-am-pm-medizin-lagerung-beutel-locking-pill-carrier-container-100-pack\/"]}]},{"@type":"ImageObject","inLanguage":"de","@id":"https:\/\/marktxxl.de\/markt\/produkt\/pille-tasche-zaehlen-groesse-3-x-2-3-mil-kunststoff-pille-veranstalter-taschen-travel-pill-pouch-taeglich-am-pm-medizin-lagerung-beutel-locking-pill-carrier-container-100-pack\/#primaryimage","url":"https:\/\/m.media-amazon.com\/images\/I\/31l5GhAkATL._SL500_.jpg","contentUrl":"https:\/\/m.media-amazon.com\/images\/I\/31l5GhAkATL._SL500_.jpg","width":500,"height":333},{"@type":"BreadcrumbList","@id":"https:\/\/marktxxl.de\/markt\/produkt\/pille-tasche-zaehlen-groesse-3-x-2-3-mil-kunststoff-pille-veranstalter-taschen-travel-pill-pouch-taeglich-am-pm-medizin-lagerung-beutel-locking-pill-carrier-container-100-pack\/#breadcrumb","itemListElement":[{"@type":"ListItem","position":1,"name":"Startseite","item":"https:\/\/marktxxl.de\/markt\/"},{"@type":"ListItem","position":2,"name":"Markt","item":"https:\/\/marktxxl.de\/markt\/"},{"@type":"ListItem","position":3,"name":"Pille Tasche z\u00e4hlen &#8211; Gr\u00f6\u00dfe 3 &#8220;X 2&#8221; 3 Mil &#8211; Kunststoff Pille Veranstalter Taschen &#8211; Travel Pill Pouch- T\u00e4glich AM PM Medizin Lagerung Beutel &#8211; Locking Pill Carrier Container (100-Pack)"}]},{"@type":"WebSite","@id":"https:\/\/marktxxl.de\/markt\/#website","url":"https:\/\/marktxxl.de\/markt\/","name":"Markt-XXL","description":"Ihr Markt Online","publisher":{"@id":"https:\/\/marktxxl.de\/markt\/#organization"},"potentialAction":[{"@type":"SearchAction","target":{"@type":"EntryPoint","urlTemplate":"https:\/\/marktxxl.de\/markt\/?s={search_term_string}"},"query-input":{"@type":"PropertyValueSpecification","valueRequired":true,"valueName":"search_term_string"}}],"inLanguage":"de"},{"@type":"Organization","@id":"https:\/\/marktxxl.de\/markt\/#organization","name":"Markt-XXL","url":"https:\/\/marktxxl.de\/markt\/","logo":{"@type":"ImageObject","inLanguage":"de","@id":"https:\/\/marktxxl.de\/markt\/#\/schema\/logo\/image\/","url":"https:\/\/marktxxl.de\/markt\/wp-content\/uploads\/sites\/3\/2020\/12\/logo.png","contentUrl":"https:\/\/marktxxl.de\/markt\/wp-content\/uploads\/sites\/3\/2020\/12\/logo.png","width":200,"height":70,"caption":"Markt-XXL"},"image":{"@id":"https:\/\/marktxxl.de\/markt\/#\/schema\/logo\/image\/"}}]}},"_links":{"self":[{"href":"https:\/\/marktxxl.de\/markt\/wp-json\/wp\/v2\/product\/195051","targetHints":{"allow":["GET"]}}],"collection":[{"href":"https:\/\/marktxxl.de\/markt\/wp-json\/wp\/v2\/product"}],"about":[{"href":"https:\/\/marktxxl.de\/markt\/wp-json\/wp\/v2\/types\/product"}],"replies":[{"embeddable":true,"href":"https:\/\/marktxxl.de\/markt\/wp-json\/wp\/v2\/comments?post=195051"}],"wp:featuredmedia":[{"embeddable":true,"href":"https:\/\/marktxxl.de\/markt\/wp-json\/wp\/v2\/media\/195052"}],"wp:attachment":[{"href":"https:\/\/marktxxl.de\/markt\/wp-json\/wp\/v2\/media?parent=195051"}],"wp:term":[{"taxonomy":"product_brand","embeddable":true,"href":"https:\/\/marktxxl.de\/markt\/wp-json\/wp\/v2\/product_brand?post=195051"},{"taxonomy":"product_cat","embeddable":true,"href":"https:\/\/marktxxl.de\/markt\/wp-json\/wp\/v2\/product_cat?post=195051"},{"taxonomy":"product_tag","embeddable":true,"href":"https:\/\/marktxxl.de\/markt\/wp-json\/wp\/v2\/product_tag?post=195051"}],"curies":[{"name":"wp","href":"https:\/\/api.w.org\/{rel}","templated":true}]}}